{"id":1016,"date":"2024-06-28T15:51:12","date_gmt":"2024-06-28T13:51:12","guid":{"rendered":"https:\/\/orthopara.store\/?post_type=product&#038;p=1016"},"modified":"2024-06-28T15:51:16","modified_gmt":"2024-06-28T13:51:16","slug":"gelee-moussante-physiopure-svr-200ml","status":"publish","type":"product","link":"https:\/\/orthopara.store\/?product=gelee-moussante-physiopure-svr-200ml","title":{"rendered":"Gel\u00e9e moussante physiopure &#8211; SVR &#8211; 200ml"},"content":{"rendered":"<p>Le d\u00e9maquillage, premier geste de beaut\u00e9, est trop souvent consid\u00e9r\u00e9 comme une contrainte. Pour que cette \u00e9tape devienne un v\u00e9ritable moment de plaisir, le Laboratoire SVR a cr\u00e9\u00e9 Physiopure, la 1\u00e8re gamme de soins nettoyants et d\u00e9maquillants au magn\u00e9sium oxyg\u00e9nant. Cet actif star de Physiopure, oligo-\u00e9l\u00e9ment pr\u00e9cieux, joue un r\u00f4le fondamental dans le processus de respiration cellulaire et dans la production d\u2019\u00e9nergie. Parfaitement oxyg\u00e9n\u00e9e, la peau se lib\u00e8re, elle respire !\u00a0<br \/>\nPhysiopure c\u2019est 4 formules z\u00e9ro compromis alliant efficacit\u00e9, tol\u00e9rance et sensorialit\u00e9 :<br \/>\nEnrichies en magn\u00e9sium oxyg\u00e9nant, les formules Physiopure, bien plus que des nettoyants, sont de v\u00e9ritables soins actifs.Chaque ingr\u00e9dient est scrupuleusement s\u00e9lectionn\u00e9 et minutieusement dos\u00e9 pour garantir une tol\u00e9rance optimale \u00e0 toutes les peaux, m\u00eame les plus sensibles.Extra fra\u00eeches et confortables, les formules Physiopure sont d\u00e9licatement parfum\u00e9es de notes fleuries et marines.\u00a0<br \/>\nPeaux mixtes \u00e0 grasses<br \/>\nGel\u00e9e purifiante et rafraichissante, ne dess\u00e8che pas la peau<br \/>\nConseils d&rsquo;utilisation :<br \/>\nAppliquer matin et\/ou soir sur visage humide. Rincer abondamment. S\u00e9cher en tapotant sans frotter.<br \/>\nComposition :<br \/>\nUne charte de formulation stricte, adapt\u00e9e aux peaux sensibles. Sans savon. pH physiologique<br \/>\nAssociation de tensioactifs doux<br \/>\nNettoie sans agresser la peau. Sans savon.<br \/>\nMagn\u00e9sium oxyg\u00e9nant<br \/>\nEnergise et r\u00e9oxyg\u00e8ne les cellules tout en d\u00e9toxifiant la peau.<br \/>\nIngr\u00e9dients :<br \/>\nAqua\/Water\/Eau, Glycerin, Disodium Cocoyl Glutamate, Decyl Glucoside, Xanthan Gum, Coco-Betaine, Magnesium Pca, Citric Acid, Potassium Sorbate, Sodium Benzoate, Parfum \/Fragrance<br \/>\nContenance :<br \/>\n200 ml<\/p>\n","protected":false},"excerpt":{"rendered":"<p>Physiopure Gel\u00e9e moussante s\u2019adresse aux femmes en qu\u00eate de puret\u00e9 qui pr\u00e9f\u00e8rent le nettoyage \u00e0 l\u2019eau. Extra l\u00e9g\u00e8re, cette d\u00e9licieuse gel\u00e9e se transforme en une mousse onctueuse et abondante pour un nettoyage haute sensorialit\u00e9, au rin\u00e7age facile.<\/p>\n","protected":false},"featured_media":1043,"comment_status":"open","ping_status":"closed","template":"","meta":[],"pwb-brand":[43],"product_cat":[114,115],"product_tag":[],"class_list":{"0":"post-1016","1":"product","2":"type-product","3":"status-publish","4":"has-post-thumbnail","6":"pwb-brand-svr","7":"product_cat-demaquillants","8":"product_cat-nettoyants-visage","9":"post","10":"ws-product--style-1","12":"first","13":"instock","14":"shipping-taxable","15":"purchasable","16":"product-type-simple"},"yoast_head":"<!-- This site is optimized with the Yoast SEO plugin v23.0 - https:\/\/yoast.com\/wordpress\/plugins\/seo\/ -->\n<title>Gel\u00e9e moussante physiopure - SVR - 200ml - OrthoPara<\/title>\n<meta name=\"robots\" content=\"index, follow, max-snippet:-1, max-image-preview:large, max-video-preview:-1\" \/>\n<link rel=\"canonical\" href=\"https:\/\/orthopara.store\/index.php\/produit\/gelee-moussante-physiopure-svr-200ml\/\" \/>\n<meta property=\"og:locale\" content=\"fr_FR\" \/>\n<meta property=\"og:type\" content=\"article\" \/>\n<meta property=\"og:title\" content=\"Gel\u00e9e moussante physiopure - SVR - 200ml - OrthoPara\" \/>\n<meta property=\"og:description\" content=\"Physiopure Gel\u00e9e moussante s\u2019adresse aux femmes en qu\u00eate de puret\u00e9 qui pr\u00e9f\u00e8rent le nettoyage \u00e0 l\u2019eau. Extra l\u00e9g\u00e8re, cette d\u00e9licieuse gel\u00e9e se transforme en une mousse onctueuse et abondante pour un nettoyage haute sensorialit\u00e9, au rin\u00e7age facile.\" \/>\n<meta property=\"og:url\" content=\"https:\/\/orthopara.store\/index.php\/produit\/gelee-moussante-physiopure-svr-200ml\/\" \/>\n<meta property=\"og:site_name\" content=\"OrthoPara\" \/>\n<meta property=\"article:publisher\" content=\"https:\/\/www.facebook.com\/profile.php?id=61561194315651\" \/>\n<meta property=\"article:modified_time\" content=\"2024-06-28T13:51:16+00:00\" \/>\n<meta property=\"og:image\" content=\"https:\/\/orthopara.store\/wp-content\/uploads\/2024\/06\/gelee-moussante-physiopure-svr-200ml.jpg\" \/>\n\t<meta property=\"og:image:width\" content=\"800\" \/>\n\t<meta property=\"og:image:height\" content=\"800\" \/>\n\t<meta property=\"og:image:type\" content=\"image\/jpeg\" \/>\n<meta name=\"twitter:card\" content=\"summary_large_image\" \/>\n<meta name=\"twitter:label1\" content=\"Dur\u00e9e de lecture estim\u00e9e\" \/>\n\t<meta name=\"twitter:data1\" content=\"1 minute\" \/>\n<script type=\"application\/ld+json\" class=\"yoast-schema-graph\">{\"@context\":\"https:\/\/schema.org\",\"@graph\":[{\"@type\":\"WebPage\",\"@id\":\"https:\/\/orthopara.store\/index.php\/produit\/gelee-moussante-physiopure-svr-200ml\/\",\"url\":\"https:\/\/orthopara.store\/index.php\/produit\/gelee-moussante-physiopure-svr-200ml\/\",\"name\":\"Gel\u00e9e moussante physiopure - SVR - 200ml - OrthoPara\",\"isPartOf\":{\"@id\":\"https:\/\/orthopara.store\/#website\"},\"primaryImageOfPage\":{\"@id\":\"https:\/\/orthopara.store\/index.php\/produit\/gelee-moussante-physiopure-svr-200ml\/#primaryimage\"},\"image\":{\"@id\":\"https:\/\/orthopara.store\/index.php\/produit\/gelee-moussante-physiopure-svr-200ml\/#primaryimage\"},\"thumbnailUrl\":\"https:\/\/orthopara.store\/wp-content\/uploads\/2024\/06\/gelee-moussante-physiopure-svr-200ml.jpg\",\"datePublished\":\"2024-06-28T13:51:12+00:00\",\"dateModified\":\"2024-06-28T13:51:16+00:00\",\"breadcrumb\":{\"@id\":\"https:\/\/orthopara.store\/index.php\/produit\/gelee-moussante-physiopure-svr-200ml\/#breadcrumb\"},\"inLanguage\":\"fr-FR\",\"potentialAction\":[{\"@type\":\"ReadAction\",\"target\":[\"https:\/\/orthopara.store\/index.php\/produit\/gelee-moussante-physiopure-svr-200ml\/\"]}]},{\"@type\":\"ImageObject\",\"inLanguage\":\"fr-FR\",\"@id\":\"https:\/\/orthopara.store\/index.php\/produit\/gelee-moussante-physiopure-svr-200ml\/#primaryimage\",\"url\":\"https:\/\/orthopara.store\/wp-content\/uploads\/2024\/06\/gelee-moussante-physiopure-svr-200ml.jpg\",\"contentUrl\":\"https:\/\/orthopara.store\/wp-content\/uploads\/2024\/06\/gelee-moussante-physiopure-svr-200ml.jpg\",\"width\":800,\"height\":800},{\"@type\":\"BreadcrumbList\",\"@id\":\"https:\/\/orthopara.store\/index.php\/produit\/gelee-moussante-physiopure-svr-200ml\/#breadcrumb\",\"itemListElement\":[{\"@type\":\"ListItem\",\"position\":1,\"name\":\"Accueil\",\"item\":\"https:\/\/orthopara.store\/\"},{\"@type\":\"ListItem\",\"position\":2,\"name\":\"Shop\",\"item\":\"https:\/\/orthopara.store\/?page_id=622\"},{\"@type\":\"ListItem\",\"position\":3,\"name\":\"Gel\u00e9e moussante physiopure &#8211; SVR &#8211; 200ml\"}]},{\"@type\":\"WebSite\",\"@id\":\"https:\/\/orthopara.store\/#website\",\"url\":\"https:\/\/orthopara.store\/\",\"name\":\"OrthoPara\",\"description\":\"Parapharmacie\",\"publisher\":{\"@id\":\"https:\/\/orthopara.store\/#organization\"},\"potentialAction\":[{\"@type\":\"SearchAction\",\"target\":{\"@type\":\"EntryPoint\",\"urlTemplate\":\"https:\/\/orthopara.store\/?s={search_term_string}\"},\"query-input\":\"required name=search_term_string\"}],\"inLanguage\":\"fr-FR\"},{\"@type\":\"Organization\",\"@id\":\"https:\/\/orthopara.store\/#organization\",\"name\":\"OrthoPara\",\"url\":\"https:\/\/orthopara.store\/\",\"logo\":{\"@type\":\"ImageObject\",\"inLanguage\":\"fr-FR\",\"@id\":\"https:\/\/orthopara.store\/#\/schema\/logo\/image\/\",\"url\":\"https:\/\/orthopara.store\/wp-content\/uploads\/2024\/06\/cropped-9ABA8BAD-6256-4719-9315-15C66E64E882.png\",\"contentUrl\":\"https:\/\/orthopara.store\/wp-content\/uploads\/2024\/06\/cropped-9ABA8BAD-6256-4719-9315-15C66E64E882.png\",\"width\":240,\"height\":72,\"caption\":\"OrthoPara\"},\"image\":{\"@id\":\"https:\/\/orthopara.store\/#\/schema\/logo\/image\/\"},\"sameAs\":[\"https:\/\/www.facebook.com\/profile.php?id=61561194315651\",\"https:\/\/www.instagram.com\/orthopara_tunisie\/\"]}]}<\/script>\n<!-- \/ Yoast SEO plugin. -->","yoast_head_json":{"title":"Gel\u00e9e moussante physiopure - SVR - 200ml - OrthoPara","robots":{"index":"index","follow":"follow","max-snippet":"max-snippet:-1","max-image-preview":"max-image-preview:large","max-video-preview":"max-video-preview:-1"},"canonical":"https:\/\/orthopara.store\/index.php\/produit\/gelee-moussante-physiopure-svr-200ml\/","og_locale":"fr_FR","og_type":"article","og_title":"Gel\u00e9e moussante physiopure - SVR - 200ml - OrthoPara","og_description":"Physiopure Gel\u00e9e moussante s\u2019adresse aux femmes en qu\u00eate de puret\u00e9 qui pr\u00e9f\u00e8rent le nettoyage \u00e0 l\u2019eau. Extra l\u00e9g\u00e8re, cette d\u00e9licieuse gel\u00e9e se transforme en une mousse onctueuse et abondante pour un nettoyage haute sensorialit\u00e9, au rin\u00e7age facile.","og_url":"https:\/\/orthopara.store\/index.php\/produit\/gelee-moussante-physiopure-svr-200ml\/","og_site_name":"OrthoPara","article_publisher":"https:\/\/www.facebook.com\/profile.php?id=61561194315651","article_modified_time":"2024-06-28T13:51:16+00:00","og_image":[{"width":800,"height":800,"url":"https:\/\/orthopara.store\/wp-content\/uploads\/2024\/06\/gelee-moussante-physiopure-svr-200ml.jpg","type":"image\/jpeg"}],"twitter_card":"summary_large_image","twitter_misc":{"Dur\u00e9e de lecture estim\u00e9e":"1 minute"},"schema":{"@context":"https:\/\/schema.org","@graph":[{"@type":"WebPage","@id":"https:\/\/orthopara.store\/index.php\/produit\/gelee-moussante-physiopure-svr-200ml\/","url":"https:\/\/orthopara.store\/index.php\/produit\/gelee-moussante-physiopure-svr-200ml\/","name":"Gel\u00e9e moussante physiopure - SVR - 200ml - OrthoPara","isPartOf":{"@id":"https:\/\/orthopara.store\/#website"},"primaryImageOfPage":{"@id":"https:\/\/orthopara.store\/index.php\/produit\/gelee-moussante-physiopure-svr-200ml\/#primaryimage"},"image":{"@id":"https:\/\/orthopara.store\/index.php\/produit\/gelee-moussante-physiopure-svr-200ml\/#primaryimage"},"thumbnailUrl":"https:\/\/orthopara.store\/wp-content\/uploads\/2024\/06\/gelee-moussante-physiopure-svr-200ml.jpg","datePublished":"2024-06-28T13:51:12+00:00","dateModified":"2024-06-28T13:51:16+00:00","breadcrumb":{"@id":"https:\/\/orthopara.store\/index.php\/produit\/gelee-moussante-physiopure-svr-200ml\/#breadcrumb"},"inLanguage":"fr-FR","potentialAction":[{"@type":"ReadAction","target":["https:\/\/orthopara.store\/index.php\/produit\/gelee-moussante-physiopure-svr-200ml\/"]}]},{"@type":"ImageObject","inLanguage":"fr-FR","@id":"https:\/\/orthopara.store\/index.php\/produit\/gelee-moussante-physiopure-svr-200ml\/#primaryimage","url":"https:\/\/orthopara.store\/wp-content\/uploads\/2024\/06\/gelee-moussante-physiopure-svr-200ml.jpg","contentUrl":"https:\/\/orthopara.store\/wp-content\/uploads\/2024\/06\/gelee-moussante-physiopure-svr-200ml.jpg","width":800,"height":800},{"@type":"BreadcrumbList","@id":"https:\/\/orthopara.store\/index.php\/produit\/gelee-moussante-physiopure-svr-200ml\/#breadcrumb","itemListElement":[{"@type":"ListItem","position":1,"name":"Accueil","item":"https:\/\/orthopara.store\/"},{"@type":"ListItem","position":2,"name":"Shop","item":"https:\/\/orthopara.store\/?page_id=622"},{"@type":"ListItem","position":3,"name":"Gel\u00e9e moussante physiopure &#8211; SVR &#8211; 200ml"}]},{"@type":"WebSite","@id":"https:\/\/orthopara.store\/#website","url":"https:\/\/orthopara.store\/","name":"OrthoPara","description":"Parapharmacie","publisher":{"@id":"https:\/\/orthopara.store\/#organization"},"potentialAction":[{"@type":"SearchAction","target":{"@type":"EntryPoint","urlTemplate":"https:\/\/orthopara.store\/?s={search_term_string}"},"query-input":"required name=search_term_string"}],"inLanguage":"fr-FR"},{"@type":"Organization","@id":"https:\/\/orthopara.store\/#organization","name":"OrthoPara","url":"https:\/\/orthopara.store\/","logo":{"@type":"ImageObject","inLanguage":"fr-FR","@id":"https:\/\/orthopara.store\/#\/schema\/logo\/image\/","url":"https:\/\/orthopara.store\/wp-content\/uploads\/2024\/06\/cropped-9ABA8BAD-6256-4719-9315-15C66E64E882.png","contentUrl":"https:\/\/orthopara.store\/wp-content\/uploads\/2024\/06\/cropped-9ABA8BAD-6256-4719-9315-15C66E64E882.png","width":240,"height":72,"caption":"OrthoPara"},"image":{"@id":"https:\/\/orthopara.store\/#\/schema\/logo\/image\/"},"sameAs":["https:\/\/www.facebook.com\/profile.php?id=61561194315651","https:\/\/www.instagram.com\/orthopara_tunisie\/"]}]}},"jetpack_sharing_enabled":true,"brands":[{"id":43,"name":"SVR","slug":"svr"}],"_links":{"self":[{"href":"https:\/\/orthopara.store\/index.php?rest_route=\/wp\/v2\/product\/1016","targetHints":{"allow":["GET"]}}],"collection":[{"href":"https:\/\/orthopara.store\/index.php?rest_route=\/wp\/v2\/product"}],"about":[{"href":"https:\/\/orthopara.store\/index.php?rest_route=\/wp\/v2\/types\/product"}],"replies":[{"embeddable":true,"href":"https:\/\/orthopara.store\/index.php?rest_route=%2Fwp%2Fv2%2Fcomments&post=1016"}],"wp:featuredmedia":[{"embeddable":true,"href":"https:\/\/orthopara.store\/index.php?rest_route=\/wp\/v2\/media\/1043"}],"wp:attachment":[{"href":"https:\/\/orthopara.store\/index.php?rest_route=%2Fwp%2Fv2%2Fmedia&parent=1016"}],"wp:term":[{"taxonomy":"pwb-brand","embeddable":true,"href":"https:\/\/orthopara.store\/index.php?rest_route=%2Fwp%2Fv2%2Fpwb-brand&post=1016"},{"taxonomy":"product_cat","embeddable":true,"href":"https:\/\/orthopara.store\/index.php?rest_route=%2Fwp%2Fv2%2Fproduct_cat&post=1016"},{"taxonomy":"product_tag","embeddable":true,"href":"https:\/\/orthopara.store\/index.php?rest_route=%2Fwp%2Fv2%2Fproduct_tag&post=1016"}],"curies":[{"name":"wp","href":"https:\/\/api.w.org\/{rel}","templated":true}]}}