{"id":1020,"date":"2024-06-28T15:51:13","date_gmt":"2024-06-28T13:51:13","guid":{"rendered":"https:\/\/orthopara.store\/?post_type=product&#038;p=1020"},"modified":"2024-06-28T15:51:19","modified_gmt":"2024-06-28T13:51:19","slug":"masque-super-perfecteur-express-filorga-oxygen-glow-75ml","status":"publish","type":"product","link":"https:\/\/orthopara.store\/?product=masque-super-perfecteur-express-filorga-oxygen-glow-75ml","title":{"rendered":"Masque super-perfecteur express &#8211; Filorga Oxygen-Glow &#8211; 75ml"},"content":{"rendered":"<p>Masque super-perfecteur express &#8211; Filorga Oxygen-Glow &#8211; 75ml<br \/>\nCe masque express de Filorga a pour objectif de lisser, unifier, repulper et d\u00e9toxifie la peau.\u00a0Il va traiter en profondeur les peaux dont le teint est tr\u00e8s terne, les peaux d\u00e9shydrat\u00e9es, les grains irr\u00e9guliers et les peaux en manque d&rsquo;uniformit\u00e9.\u00a0Mais il peut aussi traiter tous les types de peaux afin de leur apporter\u00a0l&rsquo;hydratation\u00a0dont elles ont besoin.\u00a0Oxygen-Glow Masque,\u00a0 gomme les d\u00e9fauts et booste l&rsquo;\u00e9clat instantan\u00e9\u00a0de la peau.\u00a0<\/p>\n<p>Le complexe Super-Skin Boosting Factors, regroupe tous les \u00e9l\u00e9ments dont les\u00a0peaux d\u00e9shydrat\u00e9es\u00a0ont besoin : de l&rsquo;acide hyaluronique repulpant et lissant, un booster d&rsquo;oxyg\u00e9nation et de la L-enzyme.\u00a0Ce complexe permet \u00e0 la peau d&rsquo;\u00eatre plus\u00a0lisse\u00a0et se retrouve sans d\u00e9faut jour apr\u00e8s jour.\u00a0Son effet\u00a0peeling\u00a0permet d&rsquo;avoir une action renforc\u00e9e, unifiante et optimale sur l&rsquo;ensemble du visage.\u00a0L&rsquo;\u00e9clat du teint est imm\u00e9diat et visible \u00e0 l&rsquo;\u0153il nu \u00e0 l&rsquo;aide de la technologie Photoperfector HD, pour un effet sublim\u00e9 de la peau.\u00a0<\/p>\n<p>Le masque convient \u00e0 tous types de peaux.\u00a0<\/p>\n<p>Conseils d&rsquo;utilisation :<\/p>\n<p>Comment utiliser le masque Filorga ?\u00a0<\/p>\n<p>Oxygen-Glow Mask est un masque qui peut s&rsquo;utiliser de deux fa\u00e7ons.\u00a0<\/p>\n<p>Quotidiennement :\u00a0<\/p>\n<p>A faire une \u00e0 trois fois par semaine.\u00a0<\/p>\n<p>Sur une peau nettoy\u00e9e et s\u00e9ch\u00e9e, appliquer le masque en couche assez \u00e9paisse sur tout le visage, le cou et le d\u00e9collet\u00e9.\u00a0Laisser poser pendant 10 minutes.\u00a0Pour l&rsquo;enlever, rien de plus simple que de retirer le masque d\u00e9licatement avec un coton humide.\u00a0<\/p>\n<p>En cure :\u00a0<\/p>\n<p>En cure de 7 jours, utiliser au quotidien pour un effet perperfeteur intense.\u00a0<\/p>\n","protected":false},"excerpt":{"rendered":"<p>Filorga Oxygen-Glow\u00a0<br \/>\nMasque super-perfecteur express\u00a0<br \/>\nIndications : Teint terne &#8211; grain de peau irr\u00e9gulier &#8211; peau d\u00e9shydrat\u00e9e &#8211; ridules &#8211; manque d&rsquo;uniformit\u00e9\u00a0<br \/>\nD\u00e9couvrez le nouveau masque de la marque Filorga : un masque express qui gomme les d\u00e9fauts en temps r\u00e9el et booste l&rsquo;\u00e9clat instantan\u00e9ment pour une belle peau au naturel en 10 minutes Chrono!<br \/>\nObjectif : peau z\u00e9ro d\u00e9faut\u00a0\u00a0<\/p>\n<p>Contenance : 75ml<br \/>\nDLC : 12 mois apr\u00e8s l&rsquo;ouverture\u00a0<\/p>\n","protected":false},"featured_media":1047,"comment_status":"open","ping_status":"closed","template":"","meta":[],"pwb-brand":[73],"product_cat":[116],"product_tag":[],"class_list":{"0":"post-1020","1":"product","2":"type-product","3":"status-publish","4":"has-post-thumbnail","6":"pwb-brand-filorga","7":"product_cat-masques-visage-et-gommage","8":"post","9":"ws-product--style-1","11":"first","12":"instock","13":"shipping-taxable","14":"purchasable","15":"product-type-simple"},"yoast_head":"<!-- This site is optimized with the Yoast SEO plugin v23.0 - https:\/\/yoast.com\/wordpress\/plugins\/seo\/ -->\n<title>Masque super-perfecteur express - Filorga Oxygen-Glow - 75ml - OrthoPara<\/title>\n<meta name=\"robots\" content=\"index, follow, max-snippet:-1, max-image-preview:large, max-video-preview:-1\" \/>\n<link rel=\"canonical\" href=\"https:\/\/orthopara.store\/index.php\/produit\/masque-super-perfecteur-express-filorga-oxygen-glow-75ml\/\" \/>\n<meta property=\"og:locale\" content=\"fr_FR\" \/>\n<meta property=\"og:type\" content=\"article\" \/>\n<meta property=\"og:title\" content=\"Masque super-perfecteur express - Filorga Oxygen-Glow - 75ml - OrthoPara\" \/>\n<meta property=\"og:description\" content=\"Filorga Oxygen-Glow\u00a0 Masque super-perfecteur express\u00a0 Indications : Teint terne - grain de peau irr\u00e9gulier - peau d\u00e9shydrat\u00e9e - ridules - manque d&#039;uniformit\u00e9\u00a0 D\u00e9couvrez le nouveau masque de la marque Filorga : un masque express qui gomme les d\u00e9fauts en temps r\u00e9el et booste l&#039;\u00e9clat instantan\u00e9ment pour une belle peau au naturel en 10 minutes Chrono! Objectif : peau z\u00e9ro d\u00e9faut\u00a0\u00a0 Contenance : 75ml DLC : 12 mois apr\u00e8s l&#039;ouverture\u00a0\" \/>\n<meta property=\"og:url\" content=\"https:\/\/orthopara.store\/index.php\/produit\/masque-super-perfecteur-express-filorga-oxygen-glow-75ml\/\" \/>\n<meta property=\"og:site_name\" content=\"OrthoPara\" \/>\n<meta property=\"article:publisher\" content=\"https:\/\/www.facebook.com\/profile.php?id=61561194315651\" \/>\n<meta property=\"article:modified_time\" content=\"2024-06-28T13:51:19+00:00\" \/>\n<meta property=\"og:image\" content=\"https:\/\/orthopara.store\/wp-content\/uploads\/2024\/06\/masque-super-perfecteur-express-filorga-oxygen-glow-75ml.jpg\" \/>\n\t<meta property=\"og:image:width\" content=\"800\" \/>\n\t<meta property=\"og:image:height\" content=\"800\" \/>\n\t<meta property=\"og:image:type\" content=\"image\/jpeg\" \/>\n<meta name=\"twitter:card\" content=\"summary_large_image\" \/>\n<meta name=\"twitter:label1\" content=\"Dur\u00e9e de lecture estim\u00e9e\" \/>\n\t<meta name=\"twitter:data1\" content=\"1 minute\" \/>\n<script type=\"application\/ld+json\" class=\"yoast-schema-graph\">{\"@context\":\"https:\/\/schema.org\",\"@graph\":[{\"@type\":\"WebPage\",\"@id\":\"https:\/\/orthopara.store\/index.php\/produit\/masque-super-perfecteur-express-filorga-oxygen-glow-75ml\/\",\"url\":\"https:\/\/orthopara.store\/index.php\/produit\/masque-super-perfecteur-express-filorga-oxygen-glow-75ml\/\",\"name\":\"Masque super-perfecteur express - Filorga Oxygen-Glow - 75ml - OrthoPara\",\"isPartOf\":{\"@id\":\"https:\/\/orthopara.store\/#website\"},\"primaryImageOfPage\":{\"@id\":\"https:\/\/orthopara.store\/index.php\/produit\/masque-super-perfecteur-express-filorga-oxygen-glow-75ml\/#primaryimage\"},\"image\":{\"@id\":\"https:\/\/orthopara.store\/index.php\/produit\/masque-super-perfecteur-express-filorga-oxygen-glow-75ml\/#primaryimage\"},\"thumbnailUrl\":\"https:\/\/orthopara.store\/wp-content\/uploads\/2024\/06\/masque-super-perfecteur-express-filorga-oxygen-glow-75ml.jpg\",\"datePublished\":\"2024-06-28T13:51:13+00:00\",\"dateModified\":\"2024-06-28T13:51:19+00:00\",\"breadcrumb\":{\"@id\":\"https:\/\/orthopara.store\/index.php\/produit\/masque-super-perfecteur-express-filorga-oxygen-glow-75ml\/#breadcrumb\"},\"inLanguage\":\"fr-FR\",\"potentialAction\":[{\"@type\":\"ReadAction\",\"target\":[\"https:\/\/orthopara.store\/index.php\/produit\/masque-super-perfecteur-express-filorga-oxygen-glow-75ml\/\"]}]},{\"@type\":\"ImageObject\",\"inLanguage\":\"fr-FR\",\"@id\":\"https:\/\/orthopara.store\/index.php\/produit\/masque-super-perfecteur-express-filorga-oxygen-glow-75ml\/#primaryimage\",\"url\":\"https:\/\/orthopara.store\/wp-content\/uploads\/2024\/06\/masque-super-perfecteur-express-filorga-oxygen-glow-75ml.jpg\",\"contentUrl\":\"https:\/\/orthopara.store\/wp-content\/uploads\/2024\/06\/masque-super-perfecteur-express-filorga-oxygen-glow-75ml.jpg\",\"width\":800,\"height\":800},{\"@type\":\"BreadcrumbList\",\"@id\":\"https:\/\/orthopara.store\/index.php\/produit\/masque-super-perfecteur-express-filorga-oxygen-glow-75ml\/#breadcrumb\",\"itemListElement\":[{\"@type\":\"ListItem\",\"position\":1,\"name\":\"Accueil\",\"item\":\"https:\/\/orthopara.store\/\"},{\"@type\":\"ListItem\",\"position\":2,\"name\":\"Shop\",\"item\":\"https:\/\/orthopara.store\/?page_id=622\"},{\"@type\":\"ListItem\",\"position\":3,\"name\":\"Masque super-perfecteur express &#8211; Filorga Oxygen-Glow &#8211; 75ml\"}]},{\"@type\":\"WebSite\",\"@id\":\"https:\/\/orthopara.store\/#website\",\"url\":\"https:\/\/orthopara.store\/\",\"name\":\"OrthoPara\",\"description\":\"Parapharmacie\",\"publisher\":{\"@id\":\"https:\/\/orthopara.store\/#organization\"},\"potentialAction\":[{\"@type\":\"SearchAction\",\"target\":{\"@type\":\"EntryPoint\",\"urlTemplate\":\"https:\/\/orthopara.store\/?s={search_term_string}\"},\"query-input\":\"required name=search_term_string\"}],\"inLanguage\":\"fr-FR\"},{\"@type\":\"Organization\",\"@id\":\"https:\/\/orthopara.store\/#organization\",\"name\":\"OrthoPara\",\"url\":\"https:\/\/orthopara.store\/\",\"logo\":{\"@type\":\"ImageObject\",\"inLanguage\":\"fr-FR\",\"@id\":\"https:\/\/orthopara.store\/#\/schema\/logo\/image\/\",\"url\":\"https:\/\/orthopara.store\/wp-content\/uploads\/2024\/06\/cropped-9ABA8BAD-6256-4719-9315-15C66E64E882.png\",\"contentUrl\":\"https:\/\/orthopara.store\/wp-content\/uploads\/2024\/06\/cropped-9ABA8BAD-6256-4719-9315-15C66E64E882.png\",\"width\":240,\"height\":72,\"caption\":\"OrthoPara\"},\"image\":{\"@id\":\"https:\/\/orthopara.store\/#\/schema\/logo\/image\/\"},\"sameAs\":[\"https:\/\/www.facebook.com\/profile.php?id=61561194315651\",\"https:\/\/www.instagram.com\/orthopara_tunisie\/\"]}]}<\/script>\n<!-- \/ Yoast SEO plugin. -->","yoast_head_json":{"title":"Masque super-perfecteur express - Filorga Oxygen-Glow - 75ml - OrthoPara","robots":{"index":"index","follow":"follow","max-snippet":"max-snippet:-1","max-image-preview":"max-image-preview:large","max-video-preview":"max-video-preview:-1"},"canonical":"https:\/\/orthopara.store\/index.php\/produit\/masque-super-perfecteur-express-filorga-oxygen-glow-75ml\/","og_locale":"fr_FR","og_type":"article","og_title":"Masque super-perfecteur express - Filorga Oxygen-Glow - 75ml - OrthoPara","og_description":"Filorga Oxygen-Glow\u00a0 Masque super-perfecteur express\u00a0 Indications : Teint terne - grain de peau irr\u00e9gulier - peau d\u00e9shydrat\u00e9e - ridules - manque d'uniformit\u00e9\u00a0 D\u00e9couvrez le nouveau masque de la marque Filorga : un masque express qui gomme les d\u00e9fauts en temps r\u00e9el et booste l'\u00e9clat instantan\u00e9ment pour une belle peau au naturel en 10 minutes Chrono! Objectif : peau z\u00e9ro d\u00e9faut\u00a0\u00a0 Contenance : 75ml DLC : 12 mois apr\u00e8s l'ouverture\u00a0","og_url":"https:\/\/orthopara.store\/index.php\/produit\/masque-super-perfecteur-express-filorga-oxygen-glow-75ml\/","og_site_name":"OrthoPara","article_publisher":"https:\/\/www.facebook.com\/profile.php?id=61561194315651","article_modified_time":"2024-06-28T13:51:19+00:00","og_image":[{"width":800,"height":800,"url":"https:\/\/orthopara.store\/wp-content\/uploads\/2024\/06\/masque-super-perfecteur-express-filorga-oxygen-glow-75ml.jpg","type":"image\/jpeg"}],"twitter_card":"summary_large_image","twitter_misc":{"Dur\u00e9e de lecture estim\u00e9e":"1 minute"},"schema":{"@context":"https:\/\/schema.org","@graph":[{"@type":"WebPage","@id":"https:\/\/orthopara.store\/index.php\/produit\/masque-super-perfecteur-express-filorga-oxygen-glow-75ml\/","url":"https:\/\/orthopara.store\/index.php\/produit\/masque-super-perfecteur-express-filorga-oxygen-glow-75ml\/","name":"Masque super-perfecteur express - Filorga Oxygen-Glow - 75ml - OrthoPara","isPartOf":{"@id":"https:\/\/orthopara.store\/#website"},"primaryImageOfPage":{"@id":"https:\/\/orthopara.store\/index.php\/produit\/masque-super-perfecteur-express-filorga-oxygen-glow-75ml\/#primaryimage"},"image":{"@id":"https:\/\/orthopara.store\/index.php\/produit\/masque-super-perfecteur-express-filorga-oxygen-glow-75ml\/#primaryimage"},"thumbnailUrl":"https:\/\/orthopara.store\/wp-content\/uploads\/2024\/06\/masque-super-perfecteur-express-filorga-oxygen-glow-75ml.jpg","datePublished":"2024-06-28T13:51:13+00:00","dateModified":"2024-06-28T13:51:19+00:00","breadcrumb":{"@id":"https:\/\/orthopara.store\/index.php\/produit\/masque-super-perfecteur-express-filorga-oxygen-glow-75ml\/#breadcrumb"},"inLanguage":"fr-FR","potentialAction":[{"@type":"ReadAction","target":["https:\/\/orthopara.store\/index.php\/produit\/masque-super-perfecteur-express-filorga-oxygen-glow-75ml\/"]}]},{"@type":"ImageObject","inLanguage":"fr-FR","@id":"https:\/\/orthopara.store\/index.php\/produit\/masque-super-perfecteur-express-filorga-oxygen-glow-75ml\/#primaryimage","url":"https:\/\/orthopara.store\/wp-content\/uploads\/2024\/06\/masque-super-perfecteur-express-filorga-oxygen-glow-75ml.jpg","contentUrl":"https:\/\/orthopara.store\/wp-content\/uploads\/2024\/06\/masque-super-perfecteur-express-filorga-oxygen-glow-75ml.jpg","width":800,"height":800},{"@type":"BreadcrumbList","@id":"https:\/\/orthopara.store\/index.php\/produit\/masque-super-perfecteur-express-filorga-oxygen-glow-75ml\/#breadcrumb","itemListElement":[{"@type":"ListItem","position":1,"name":"Accueil","item":"https:\/\/orthopara.store\/"},{"@type":"ListItem","position":2,"name":"Shop","item":"https:\/\/orthopara.store\/?page_id=622"},{"@type":"ListItem","position":3,"name":"Masque super-perfecteur express &#8211; Filorga Oxygen-Glow &#8211; 75ml"}]},{"@type":"WebSite","@id":"https:\/\/orthopara.store\/#website","url":"https:\/\/orthopara.store\/","name":"OrthoPara","description":"Parapharmacie","publisher":{"@id":"https:\/\/orthopara.store\/#organization"},"potentialAction":[{"@type":"SearchAction","target":{"@type":"EntryPoint","urlTemplate":"https:\/\/orthopara.store\/?s={search_term_string}"},"query-input":"required name=search_term_string"}],"inLanguage":"fr-FR"},{"@type":"Organization","@id":"https:\/\/orthopara.store\/#organization","name":"OrthoPara","url":"https:\/\/orthopara.store\/","logo":{"@type":"ImageObject","inLanguage":"fr-FR","@id":"https:\/\/orthopara.store\/#\/schema\/logo\/image\/","url":"https:\/\/orthopara.store\/wp-content\/uploads\/2024\/06\/cropped-9ABA8BAD-6256-4719-9315-15C66E64E882.png","contentUrl":"https:\/\/orthopara.store\/wp-content\/uploads\/2024\/06\/cropped-9ABA8BAD-6256-4719-9315-15C66E64E882.png","width":240,"height":72,"caption":"OrthoPara"},"image":{"@id":"https:\/\/orthopara.store\/#\/schema\/logo\/image\/"},"sameAs":["https:\/\/www.facebook.com\/profile.php?id=61561194315651","https:\/\/www.instagram.com\/orthopara_tunisie\/"]}]}},"jetpack_sharing_enabled":true,"brands":[{"id":73,"name":"Filorga","slug":"filorga"}],"_links":{"self":[{"href":"https:\/\/orthopara.store\/index.php?rest_route=\/wp\/v2\/product\/1020","targetHints":{"allow":["GET"]}}],"collection":[{"href":"https:\/\/orthopara.store\/index.php?rest_route=\/wp\/v2\/product"}],"about":[{"href":"https:\/\/orthopara.store\/index.php?rest_route=\/wp\/v2\/types\/product"}],"replies":[{"embeddable":true,"href":"https:\/\/orthopara.store\/index.php?rest_route=%2Fwp%2Fv2%2Fcomments&post=1020"}],"wp:featuredmedia":[{"embeddable":true,"href":"https:\/\/orthopara.store\/index.php?rest_route=\/wp\/v2\/media\/1047"}],"wp:attachment":[{"href":"https:\/\/orthopara.store\/index.php?rest_route=%2Fwp%2Fv2%2Fmedia&parent=1020"}],"wp:term":[{"taxonomy":"pwb-brand","embeddable":true,"href":"https:\/\/orthopara.store\/index.php?rest_route=%2Fwp%2Fv2%2Fpwb-brand&post=1020"},{"taxonomy":"product_cat","embeddable":true,"href":"https:\/\/orthopara.store\/index.php?rest_route=%2Fwp%2Fv2%2Fproduct_cat&post=1020"},{"taxonomy":"product_tag","embeddable":true,"href":"https:\/\/orthopara.store\/index.php?rest_route=%2Fwp%2Fv2%2Fproduct_tag&post=1020"}],"curies":[{"name":"wp","href":"https:\/\/api.w.org\/{rel}","templated":true}]}}