{"id":1021,"date":"2024-06-28T15:51:13","date_gmt":"2024-06-28T13:51:13","guid":{"rendered":"https:\/\/orthopara.store\/?post_type=product&#038;p=1021"},"modified":"2024-08-24T12:58:10","modified_gmt":"2024-08-24T11:58:10","slug":"gommage-eclaircissant-visage-roncey-clairskin-150ml","status":"publish","type":"product","link":"https:\/\/orthopara.store\/?product=gommage-eclaircissant-visage-roncey-clairskin-150ml","title":{"rendered":"Gommage \u00e9claircissant visage &#8211; Roncey Clairskin &#8211; 150ml"},"content":{"rendered":"<p>Traitement de l\u2019hyperpigmentation<br \/>\nUniformise le teint<br \/>\ncorrige et pr\u00e9vient l\u2019apparition des t\u00e2ches pigmentaires<br \/>\nFonction du produit :\u00a0 \u00a0 \u00a0 \u00a0 \u00a0 \u00a0 \u00a0 \u00a0\u00a0<br \/>\nCr\u00e8me exfoliante resurfa\u00e7ante<br \/>\nR\u00e9g\u00e9n\u00e8re la peau<br \/>\nCorrige et pr\u00e9vient l\u2019apparition des t\u00e2ches pigmentaires<br \/>\nInnovation :<br \/>\nC\u2019est un gommage double exfoliation pour lisser, renouveler et hydrater la peau en un seul geste. Il poss\u00e8de une double action : Une exfoliantion par action m\u00e9canique des micro-sph\u00e8res de cellulose naturel effectuent une exfoliation douce pour une efficacit\u00e9 lissante imm\u00e9diate tandis que le complexe peeling (Acide Glycolique AHA\u00a0 + Acide Salicylique BHA)\u00a0 stimule la desquamation cutan\u00e9e pour un effet peau neuve int\u00e9gral. Cette cr\u00e8me exfoliante est enrichie par des actifs qui participe activement \u00e0 la formation et \u00e0 la r\u00e9g\u00e9n\u00e9ration de la peau tel que le Panthenol (Provitamine B5) qui poss\u00e9de des propri\u00e8t\u00e9s cicatrisantes, r\u00e9paratrices, apaisantes, hydratantes et anti-inflammatoires.<br \/>\nUtilisation :<br \/>\n\u00c9tape 1 : Double exfoliation. Appliquer sur peau s\u00e8che ou humide et masser : des micro-sph\u00e8res de cellulose naturel effectuent une exfoliation douce pour une efficacit\u00e9 lissante imm\u00e9diate tandis que le complexe peeling AHA + BHA stimule la desquamation cutan\u00e9e pour un effet peau neuve int\u00e9gral.<br \/>\n\u00c9tape 2 : Rin\u00e7age nutritif. Rincer abondamment. Sa texture se transforme en lait hydratant \u00e0 effet instantan\u00e9 pour laisser la peau confortable et velout\u00e9e imm\u00e9diatement et tout au long de la journ\u00e9e.<br \/>\nUtiliser 1 \u00e0 2 fois par semaine.<br \/>\nIngr\u00e9dients :<br \/>\nAQUA\/ WATER, GLYCERIN, CELLULOSE, STEARIC ACID, PROPYLENE GLYCOL, CETEARYL ALCOHOL, GLYCOLIC ACID AHA , SALICYLIC ACID BHA, CITRIC ACID, BUTYROSPERMUM PARKII (SHEA) BUTTER, PRUNUS AMYGDALUS DULCIS OIL, ISOPROYL MYRISTATE, PANTHENOL (VITAMIN B5), PHENOXYETHANOL AND ETHYLHEXYL GLYCERINE, CETEARETH 25, SODIUM BENZOATE, POLYSORBATE 20, DISODIUM EDTA, ACRYLATE\/ACRYLAMIDE COPOLYMER, POLYSORBATE 85, MINERAL OIL, FRAGRANCE.<br \/>\nContenance :<br \/>\n150ml<\/p>\n","protected":false},"excerpt":{"rendered":"<p>Le gommage \u00e9claircissant pour le visage, avec une formule d&rsquo;acide glycolique et d&rsquo;acide salicylique, exfolie en douceur la peau et aide \u00e0 \u00e9liminer les cellules mortes de la peau, \u00e9claircit les taches brunes et \u00e9limine la salet\u00e9 et les impuret\u00e9s, vous donnant une peau fra\u00eeche et \u00e9clatante.<\/p>\n","protected":false},"featured_media":1048,"comment_status":"open","ping_status":"closed","template":"","meta":[],"pwb-brand":[53],"product_cat":[116],"product_tag":[],"class_list":{"0":"post-1021","1":"product","2":"type-product","3":"status-publish","4":"has-post-thumbnail","6":"pwb-brand-roncey-pharma","7":"product_cat-masques-visage-et-gommage","8":"post","9":"ws-product--style-1","11":"first","12":"instock","13":"shipping-taxable","14":"purchasable","15":"product-type-simple"},"yoast_head":"<!-- This site is optimized with the Yoast SEO plugin v23.0 - https:\/\/yoast.com\/wordpress\/plugins\/seo\/ -->\n<title>Gommage \u00e9claircissant visage - Roncey Clairskin - 150ml - OrthoPara<\/title>\n<meta name=\"robots\" content=\"index, follow, max-snippet:-1, max-image-preview:large, max-video-preview:-1\" \/>\n<link rel=\"canonical\" href=\"https:\/\/orthopara.store\/index.php\/produit\/gommage-eclaircissant-visage-roncey-clairskin-150ml\/\" \/>\n<meta property=\"og:locale\" content=\"fr_FR\" \/>\n<meta property=\"og:type\" content=\"article\" \/>\n<meta property=\"og:title\" content=\"Gommage \u00e9claircissant visage - Roncey Clairskin - 150ml - OrthoPara\" \/>\n<meta property=\"og:description\" content=\"Le gommage \u00e9claircissant pour le visage, avec une formule d&#039;acide glycolique et d&#039;acide salicylique, exfolie en douceur la peau et aide \u00e0 \u00e9liminer les cellules mortes de la peau, \u00e9claircit les taches brunes et \u00e9limine la salet\u00e9 et les impuret\u00e9s, vous donnant une peau fra\u00eeche et \u00e9clatante.\" \/>\n<meta property=\"og:url\" content=\"https:\/\/orthopara.store\/index.php\/produit\/gommage-eclaircissant-visage-roncey-clairskin-150ml\/\" \/>\n<meta property=\"og:site_name\" content=\"OrthoPara\" \/>\n<meta property=\"article:publisher\" content=\"https:\/\/www.facebook.com\/profile.php?id=61561194315651\" \/>\n<meta property=\"article:modified_time\" content=\"2024-08-24T11:58:10+00:00\" \/>\n<meta property=\"og:image\" content=\"https:\/\/orthopara.store\/wp-content\/uploads\/2024\/06\/gommage-eclaircissant-visage-roncey-clairskin-150ml.jpg\" \/>\n\t<meta property=\"og:image:width\" content=\"800\" \/>\n\t<meta property=\"og:image:height\" content=\"800\" \/>\n\t<meta property=\"og:image:type\" content=\"image\/jpeg\" \/>\n<meta name=\"twitter:card\" content=\"summary_large_image\" \/>\n<meta name=\"twitter:label1\" content=\"Dur\u00e9e de lecture estim\u00e9e\" \/>\n\t<meta name=\"twitter:data1\" content=\"1 minute\" \/>\n<script type=\"application\/ld+json\" class=\"yoast-schema-graph\">{\"@context\":\"https:\/\/schema.org\",\"@graph\":[{\"@type\":\"WebPage\",\"@id\":\"https:\/\/orthopara.store\/index.php\/produit\/gommage-eclaircissant-visage-roncey-clairskin-150ml\/\",\"url\":\"https:\/\/orthopara.store\/index.php\/produit\/gommage-eclaircissant-visage-roncey-clairskin-150ml\/\",\"name\":\"Gommage \u00e9claircissant visage - Roncey Clairskin - 150ml - OrthoPara\",\"isPartOf\":{\"@id\":\"https:\/\/orthopara.store\/#website\"},\"primaryImageOfPage\":{\"@id\":\"https:\/\/orthopara.store\/index.php\/produit\/gommage-eclaircissant-visage-roncey-clairskin-150ml\/#primaryimage\"},\"image\":{\"@id\":\"https:\/\/orthopara.store\/index.php\/produit\/gommage-eclaircissant-visage-roncey-clairskin-150ml\/#primaryimage\"},\"thumbnailUrl\":\"https:\/\/orthopara.store\/wp-content\/uploads\/2024\/06\/gommage-eclaircissant-visage-roncey-clairskin-150ml.jpg\",\"datePublished\":\"2024-06-28T13:51:13+00:00\",\"dateModified\":\"2024-08-24T11:58:10+00:00\",\"breadcrumb\":{\"@id\":\"https:\/\/orthopara.store\/index.php\/produit\/gommage-eclaircissant-visage-roncey-clairskin-150ml\/#breadcrumb\"},\"inLanguage\":\"fr-FR\",\"potentialAction\":[{\"@type\":\"ReadAction\",\"target\":[\"https:\/\/orthopara.store\/index.php\/produit\/gommage-eclaircissant-visage-roncey-clairskin-150ml\/\"]}]},{\"@type\":\"ImageObject\",\"inLanguage\":\"fr-FR\",\"@id\":\"https:\/\/orthopara.store\/index.php\/produit\/gommage-eclaircissant-visage-roncey-clairskin-150ml\/#primaryimage\",\"url\":\"https:\/\/orthopara.store\/wp-content\/uploads\/2024\/06\/gommage-eclaircissant-visage-roncey-clairskin-150ml.jpg\",\"contentUrl\":\"https:\/\/orthopara.store\/wp-content\/uploads\/2024\/06\/gommage-eclaircissant-visage-roncey-clairskin-150ml.jpg\",\"width\":800,\"height\":800},{\"@type\":\"BreadcrumbList\",\"@id\":\"https:\/\/orthopara.store\/index.php\/produit\/gommage-eclaircissant-visage-roncey-clairskin-150ml\/#breadcrumb\",\"itemListElement\":[{\"@type\":\"ListItem\",\"position\":1,\"name\":\"Accueil\",\"item\":\"https:\/\/orthopara.store\/\"},{\"@type\":\"ListItem\",\"position\":2,\"name\":\"Shop\",\"item\":\"https:\/\/orthopara.store\/?page_id=622\"},{\"@type\":\"ListItem\",\"position\":3,\"name\":\"Gommage \u00e9claircissant visage &#8211; Roncey Clairskin &#8211; 150ml\"}]},{\"@type\":\"WebSite\",\"@id\":\"https:\/\/orthopara.store\/#website\",\"url\":\"https:\/\/orthopara.store\/\",\"name\":\"OrthoPara\",\"description\":\"Parapharmacie\",\"publisher\":{\"@id\":\"https:\/\/orthopara.store\/#organization\"},\"potentialAction\":[{\"@type\":\"SearchAction\",\"target\":{\"@type\":\"EntryPoint\",\"urlTemplate\":\"https:\/\/orthopara.store\/?s={search_term_string}\"},\"query-input\":\"required name=search_term_string\"}],\"inLanguage\":\"fr-FR\"},{\"@type\":\"Organization\",\"@id\":\"https:\/\/orthopara.store\/#organization\",\"name\":\"OrthoPara\",\"url\":\"https:\/\/orthopara.store\/\",\"logo\":{\"@type\":\"ImageObject\",\"inLanguage\":\"fr-FR\",\"@id\":\"https:\/\/orthopara.store\/#\/schema\/logo\/image\/\",\"url\":\"https:\/\/orthopara.store\/wp-content\/uploads\/2024\/06\/cropped-9ABA8BAD-6256-4719-9315-15C66E64E882.png\",\"contentUrl\":\"https:\/\/orthopara.store\/wp-content\/uploads\/2024\/06\/cropped-9ABA8BAD-6256-4719-9315-15C66E64E882.png\",\"width\":240,\"height\":72,\"caption\":\"OrthoPara\"},\"image\":{\"@id\":\"https:\/\/orthopara.store\/#\/schema\/logo\/image\/\"},\"sameAs\":[\"https:\/\/www.facebook.com\/profile.php?id=61561194315651\",\"https:\/\/www.instagram.com\/orthopara_tunisie\/\"]}]}<\/script>\n<!-- \/ Yoast SEO plugin. -->","yoast_head_json":{"title":"Gommage \u00e9claircissant visage - Roncey Clairskin - 150ml - OrthoPara","robots":{"index":"index","follow":"follow","max-snippet":"max-snippet:-1","max-image-preview":"max-image-preview:large","max-video-preview":"max-video-preview:-1"},"canonical":"https:\/\/orthopara.store\/index.php\/produit\/gommage-eclaircissant-visage-roncey-clairskin-150ml\/","og_locale":"fr_FR","og_type":"article","og_title":"Gommage \u00e9claircissant visage - Roncey Clairskin - 150ml - OrthoPara","og_description":"Le gommage \u00e9claircissant pour le visage, avec une formule d'acide glycolique et d'acide salicylique, exfolie en douceur la peau et aide \u00e0 \u00e9liminer les cellules mortes de la peau, \u00e9claircit les taches brunes et \u00e9limine la salet\u00e9 et les impuret\u00e9s, vous donnant une peau fra\u00eeche et \u00e9clatante.","og_url":"https:\/\/orthopara.store\/index.php\/produit\/gommage-eclaircissant-visage-roncey-clairskin-150ml\/","og_site_name":"OrthoPara","article_publisher":"https:\/\/www.facebook.com\/profile.php?id=61561194315651","article_modified_time":"2024-08-24T11:58:10+00:00","og_image":[{"width":800,"height":800,"url":"https:\/\/orthopara.store\/wp-content\/uploads\/2024\/06\/gommage-eclaircissant-visage-roncey-clairskin-150ml.jpg","type":"image\/jpeg"}],"twitter_card":"summary_large_image","twitter_misc":{"Dur\u00e9e de lecture estim\u00e9e":"1 minute"},"schema":{"@context":"https:\/\/schema.org","@graph":[{"@type":"WebPage","@id":"https:\/\/orthopara.store\/index.php\/produit\/gommage-eclaircissant-visage-roncey-clairskin-150ml\/","url":"https:\/\/orthopara.store\/index.php\/produit\/gommage-eclaircissant-visage-roncey-clairskin-150ml\/","name":"Gommage \u00e9claircissant visage - Roncey Clairskin - 150ml - OrthoPara","isPartOf":{"@id":"https:\/\/orthopara.store\/#website"},"primaryImageOfPage":{"@id":"https:\/\/orthopara.store\/index.php\/produit\/gommage-eclaircissant-visage-roncey-clairskin-150ml\/#primaryimage"},"image":{"@id":"https:\/\/orthopara.store\/index.php\/produit\/gommage-eclaircissant-visage-roncey-clairskin-150ml\/#primaryimage"},"thumbnailUrl":"https:\/\/orthopara.store\/wp-content\/uploads\/2024\/06\/gommage-eclaircissant-visage-roncey-clairskin-150ml.jpg","datePublished":"2024-06-28T13:51:13+00:00","dateModified":"2024-08-24T11:58:10+00:00","breadcrumb":{"@id":"https:\/\/orthopara.store\/index.php\/produit\/gommage-eclaircissant-visage-roncey-clairskin-150ml\/#breadcrumb"},"inLanguage":"fr-FR","potentialAction":[{"@type":"ReadAction","target":["https:\/\/orthopara.store\/index.php\/produit\/gommage-eclaircissant-visage-roncey-clairskin-150ml\/"]}]},{"@type":"ImageObject","inLanguage":"fr-FR","@id":"https:\/\/orthopara.store\/index.php\/produit\/gommage-eclaircissant-visage-roncey-clairskin-150ml\/#primaryimage","url":"https:\/\/orthopara.store\/wp-content\/uploads\/2024\/06\/gommage-eclaircissant-visage-roncey-clairskin-150ml.jpg","contentUrl":"https:\/\/orthopara.store\/wp-content\/uploads\/2024\/06\/gommage-eclaircissant-visage-roncey-clairskin-150ml.jpg","width":800,"height":800},{"@type":"BreadcrumbList","@id":"https:\/\/orthopara.store\/index.php\/produit\/gommage-eclaircissant-visage-roncey-clairskin-150ml\/#breadcrumb","itemListElement":[{"@type":"ListItem","position":1,"name":"Accueil","item":"https:\/\/orthopara.store\/"},{"@type":"ListItem","position":2,"name":"Shop","item":"https:\/\/orthopara.store\/?page_id=622"},{"@type":"ListItem","position":3,"name":"Gommage \u00e9claircissant visage &#8211; Roncey Clairskin &#8211; 150ml"}]},{"@type":"WebSite","@id":"https:\/\/orthopara.store\/#website","url":"https:\/\/orthopara.store\/","name":"OrthoPara","description":"Parapharmacie","publisher":{"@id":"https:\/\/orthopara.store\/#organization"},"potentialAction":[{"@type":"SearchAction","target":{"@type":"EntryPoint","urlTemplate":"https:\/\/orthopara.store\/?s={search_term_string}"},"query-input":"required name=search_term_string"}],"inLanguage":"fr-FR"},{"@type":"Organization","@id":"https:\/\/orthopara.store\/#organization","name":"OrthoPara","url":"https:\/\/orthopara.store\/","logo":{"@type":"ImageObject","inLanguage":"fr-FR","@id":"https:\/\/orthopara.store\/#\/schema\/logo\/image\/","url":"https:\/\/orthopara.store\/wp-content\/uploads\/2024\/06\/cropped-9ABA8BAD-6256-4719-9315-15C66E64E882.png","contentUrl":"https:\/\/orthopara.store\/wp-content\/uploads\/2024\/06\/cropped-9ABA8BAD-6256-4719-9315-15C66E64E882.png","width":240,"height":72,"caption":"OrthoPara"},"image":{"@id":"https:\/\/orthopara.store\/#\/schema\/logo\/image\/"},"sameAs":["https:\/\/www.facebook.com\/profile.php?id=61561194315651","https:\/\/www.instagram.com\/orthopara_tunisie\/"]}]}},"jetpack_sharing_enabled":true,"brands":[{"id":53,"name":"Roncey Pharma","slug":"roncey-pharma"}],"_links":{"self":[{"href":"https:\/\/orthopara.store\/index.php?rest_route=\/wp\/v2\/product\/1021","targetHints":{"allow":["GET"]}}],"collection":[{"href":"https:\/\/orthopara.store\/index.php?rest_route=\/wp\/v2\/product"}],"about":[{"href":"https:\/\/orthopara.store\/index.php?rest_route=\/wp\/v2\/types\/product"}],"replies":[{"embeddable":true,"href":"https:\/\/orthopara.store\/index.php?rest_route=%2Fwp%2Fv2%2Fcomments&post=1021"}],"wp:featuredmedia":[{"embeddable":true,"href":"https:\/\/orthopara.store\/index.php?rest_route=\/wp\/v2\/media\/1048"}],"wp:attachment":[{"href":"https:\/\/orthopara.store\/index.php?rest_route=%2Fwp%2Fv2%2Fmedia&parent=1021"}],"wp:term":[{"taxonomy":"pwb-brand","embeddable":true,"href":"https:\/\/orthopara.store\/index.php?rest_route=%2Fwp%2Fv2%2Fpwb-brand&post=1021"},{"taxonomy":"product_cat","embeddable":true,"href":"https:\/\/orthopara.store\/index.php?rest_route=%2Fwp%2Fv2%2Fproduct_cat&post=1021"},{"taxonomy":"product_tag","embeddable":true,"href":"https:\/\/orthopara.store\/index.php?rest_route=%2Fwp%2Fv2%2Fproduct_tag&post=1021"}],"curies":[{"name":"wp","href":"https:\/\/api.w.org\/{rel}","templated":true}]}}