{"id":1024,"date":"2024-06-28T15:51:13","date_gmt":"2024-06-28T13:51:13","guid":{"rendered":"https:\/\/orthopara.store\/?post_type=product&#038;p=1024"},"modified":"2024-06-28T15:51:20","modified_gmt":"2024-06-28T13:51:20","slug":"gel-gommant-purifiant-bioderma-sebium-100ml","status":"publish","type":"product","link":"https:\/\/orthopara.store\/?product=gel-gommant-purifiant-bioderma-sebium-100ml","title":{"rendered":"Gel gommant purifiant &#8211; Bioderma S\u00e9bium &#8211; 100ml"},"content":{"rendered":"<p>Gel gommant purifiant &#8211; Bioderma S\u00e9bium &#8211; 100ml<br \/>\nBioderma S\u00e9bium gel gommant est un gel moussant exfoliant qui nettoie et purifie les peaux jeunes, les peaux grasses et les peaux grasses \u00e0 probl\u00e8mes.<br \/>\nGr\u00e2ce \u00e0 l&rsquo;action gommante et exfoliante de micro-billes renforc\u00e9e par les propri\u00e9t\u00e9s d&rsquo;actifs k\u00e9rator\u00e9gulateurs, S\u00e9bium gommant \u00e9limine les cellules mortes et les impuret\u00e9s et favorise le renouvellement cellulaire.<br \/>\nLe complexe brevet\u00e9 Fluidactiv normalise la qualit\u00e9 du s\u00e9bum. Le grain de la peau s&rsquo;affine, les pores se resserrent, le teint s&rsquo;\u00e9claircit.<br \/>\nConseils d&rsquo;utilisation<br \/>\nAppliquez S\u00e9bium gommant par mouvement circulaire sur votre visage l\u00e9g\u00e8rement humidifi\u00e9, puis faites mousser en massant d\u00e9licatement 1 \u00e0 2 minutes.Rincez abondamment votre visage.Tamponnez votre visage avec une serviette en coton propre.S\u00e9bium gommant s&rsquo;utilise 2 \u00e0 3 fois par semaine en alternance avec S\u00e9bium moussant ou S\u00e9bium H2O.<br \/>\nComposition<br \/>\nFormule INCI :\u00a0Micrograins sph\u00e9riques exfoliants &#8211; Acide Glycolique pur &#8211; Ester d&rsquo;acide salicylique &#8211; Douce base lavante facile \u00e0 rincer &#8211; Ph\u00e9noxy\u00e9thanol &#8211; Acide Benzo\u00efque &#8211; Acide D\u00e9hydroac\u00e9tate, Parfum.Aqua, sodium laureth sulfate, lauryl glucoside, polyethylene, tridecyl salicylate, glycolic acid, xanthan gum, sodium hydroxide, benzoic acid, dehydroacetic acid, phenoxyethanol, fragance.<\/p>\n<p>\u00a0<\/p>\n","protected":false},"excerpt":{"rendered":"<p>Bioderma S\u00e9bium<br \/>\nGel gommant purifiant\u00a0<\/p>\n<p>Hygi\u00e8ne des peaux grasses, peaux mixtes, peaux grasses \u00e0 probl\u00e8mes.<br \/>\nImperfections cutan\u00e9es, peaux irrit\u00e9es sous traitement dermatologique, folliculites.<\/p>\n<p>contenance : 100 mL<br \/>\nDLC : 03\/2026<\/p>\n","protected":false},"featured_media":1051,"comment_status":"open","ping_status":"closed","template":"","meta":[],"pwb-brand":[64],"product_cat":[116],"product_tag":[],"class_list":{"0":"post-1024","1":"product","2":"type-product","3":"status-publish","4":"has-post-thumbnail","6":"pwb-brand-bioderma","7":"product_cat-masques-visage-et-gommage","8":"post","9":"ws-product--style-1","11":"first","12":"instock","13":"shipping-taxable","14":"purchasable","15":"product-type-simple"},"yoast_head":"<!-- This site is optimized with the Yoast SEO plugin v23.0 - https:\/\/yoast.com\/wordpress\/plugins\/seo\/ -->\n<title>Gel gommant purifiant - Bioderma S\u00e9bium - 100ml - OrthoPara<\/title>\n<meta name=\"robots\" content=\"index, follow, max-snippet:-1, max-image-preview:large, max-video-preview:-1\" \/>\n<link rel=\"canonical\" href=\"https:\/\/orthopara.store\/index.php\/produit\/gel-gommant-purifiant-bioderma-sebium-100ml\/\" \/>\n<meta property=\"og:locale\" content=\"fr_FR\" \/>\n<meta property=\"og:type\" content=\"article\" \/>\n<meta property=\"og:title\" content=\"Gel gommant purifiant - Bioderma S\u00e9bium - 100ml - OrthoPara\" \/>\n<meta property=\"og:description\" content=\"Bioderma S\u00e9bium Gel gommant purifiant\u00a0 Hygi\u00e8ne des peaux grasses, peaux mixtes, peaux grasses \u00e0 probl\u00e8mes. Imperfections cutan\u00e9es, peaux irrit\u00e9es sous traitement dermatologique, folliculites. contenance : 100 mL DLC : 03\/2026\" \/>\n<meta property=\"og:url\" content=\"https:\/\/orthopara.store\/index.php\/produit\/gel-gommant-purifiant-bioderma-sebium-100ml\/\" \/>\n<meta property=\"og:site_name\" content=\"OrthoPara\" \/>\n<meta property=\"article:publisher\" content=\"https:\/\/www.facebook.com\/profile.php?id=61561194315651\" \/>\n<meta property=\"article:modified_time\" content=\"2024-06-28T13:51:20+00:00\" \/>\n<meta property=\"og:image\" content=\"https:\/\/orthopara.store\/wp-content\/uploads\/2024\/06\/gel-gommant-purifiant-bioderma-sebium-100ml.jpg\" \/>\n\t<meta property=\"og:image:width\" content=\"800\" \/>\n\t<meta property=\"og:image:height\" content=\"800\" \/>\n\t<meta property=\"og:image:type\" content=\"image\/jpeg\" \/>\n<meta name=\"twitter:card\" content=\"summary_large_image\" \/>\n<meta name=\"twitter:label1\" content=\"Dur\u00e9e de lecture estim\u00e9e\" \/>\n\t<meta name=\"twitter:data1\" content=\"1 minute\" \/>\n<script type=\"application\/ld+json\" class=\"yoast-schema-graph\">{\"@context\":\"https:\/\/schema.org\",\"@graph\":[{\"@type\":\"WebPage\",\"@id\":\"https:\/\/orthopara.store\/index.php\/produit\/gel-gommant-purifiant-bioderma-sebium-100ml\/\",\"url\":\"https:\/\/orthopara.store\/index.php\/produit\/gel-gommant-purifiant-bioderma-sebium-100ml\/\",\"name\":\"Gel gommant purifiant - Bioderma S\u00e9bium - 100ml - OrthoPara\",\"isPartOf\":{\"@id\":\"https:\/\/orthopara.store\/#website\"},\"primaryImageOfPage\":{\"@id\":\"https:\/\/orthopara.store\/index.php\/produit\/gel-gommant-purifiant-bioderma-sebium-100ml\/#primaryimage\"},\"image\":{\"@id\":\"https:\/\/orthopara.store\/index.php\/produit\/gel-gommant-purifiant-bioderma-sebium-100ml\/#primaryimage\"},\"thumbnailUrl\":\"https:\/\/orthopara.store\/wp-content\/uploads\/2024\/06\/gel-gommant-purifiant-bioderma-sebium-100ml.jpg\",\"datePublished\":\"2024-06-28T13:51:13+00:00\",\"dateModified\":\"2024-06-28T13:51:20+00:00\",\"breadcrumb\":{\"@id\":\"https:\/\/orthopara.store\/index.php\/produit\/gel-gommant-purifiant-bioderma-sebium-100ml\/#breadcrumb\"},\"inLanguage\":\"fr-FR\",\"potentialAction\":[{\"@type\":\"ReadAction\",\"target\":[\"https:\/\/orthopara.store\/index.php\/produit\/gel-gommant-purifiant-bioderma-sebium-100ml\/\"]}]},{\"@type\":\"ImageObject\",\"inLanguage\":\"fr-FR\",\"@id\":\"https:\/\/orthopara.store\/index.php\/produit\/gel-gommant-purifiant-bioderma-sebium-100ml\/#primaryimage\",\"url\":\"https:\/\/orthopara.store\/wp-content\/uploads\/2024\/06\/gel-gommant-purifiant-bioderma-sebium-100ml.jpg\",\"contentUrl\":\"https:\/\/orthopara.store\/wp-content\/uploads\/2024\/06\/gel-gommant-purifiant-bioderma-sebium-100ml.jpg\",\"width\":800,\"height\":800},{\"@type\":\"BreadcrumbList\",\"@id\":\"https:\/\/orthopara.store\/index.php\/produit\/gel-gommant-purifiant-bioderma-sebium-100ml\/#breadcrumb\",\"itemListElement\":[{\"@type\":\"ListItem\",\"position\":1,\"name\":\"Accueil\",\"item\":\"https:\/\/orthopara.store\/\"},{\"@type\":\"ListItem\",\"position\":2,\"name\":\"Shop\",\"item\":\"https:\/\/orthopara.store\/?page_id=622\"},{\"@type\":\"ListItem\",\"position\":3,\"name\":\"Gel gommant purifiant &#8211; Bioderma S\u00e9bium &#8211; 100ml\"}]},{\"@type\":\"WebSite\",\"@id\":\"https:\/\/orthopara.store\/#website\",\"url\":\"https:\/\/orthopara.store\/\",\"name\":\"OrthoPara\",\"description\":\"Parapharmacie\",\"publisher\":{\"@id\":\"https:\/\/orthopara.store\/#organization\"},\"potentialAction\":[{\"@type\":\"SearchAction\",\"target\":{\"@type\":\"EntryPoint\",\"urlTemplate\":\"https:\/\/orthopara.store\/?s={search_term_string}\"},\"query-input\":\"required name=search_term_string\"}],\"inLanguage\":\"fr-FR\"},{\"@type\":\"Organization\",\"@id\":\"https:\/\/orthopara.store\/#organization\",\"name\":\"OrthoPara\",\"url\":\"https:\/\/orthopara.store\/\",\"logo\":{\"@type\":\"ImageObject\",\"inLanguage\":\"fr-FR\",\"@id\":\"https:\/\/orthopara.store\/#\/schema\/logo\/image\/\",\"url\":\"https:\/\/orthopara.store\/wp-content\/uploads\/2024\/06\/cropped-9ABA8BAD-6256-4719-9315-15C66E64E882.png\",\"contentUrl\":\"https:\/\/orthopara.store\/wp-content\/uploads\/2024\/06\/cropped-9ABA8BAD-6256-4719-9315-15C66E64E882.png\",\"width\":240,\"height\":72,\"caption\":\"OrthoPara\"},\"image\":{\"@id\":\"https:\/\/orthopara.store\/#\/schema\/logo\/image\/\"},\"sameAs\":[\"https:\/\/www.facebook.com\/profile.php?id=61561194315651\",\"https:\/\/www.instagram.com\/orthopara_tunisie\/\"]}]}<\/script>\n<!-- \/ Yoast SEO plugin. -->","yoast_head_json":{"title":"Gel gommant purifiant - Bioderma S\u00e9bium - 100ml - OrthoPara","robots":{"index":"index","follow":"follow","max-snippet":"max-snippet:-1","max-image-preview":"max-image-preview:large","max-video-preview":"max-video-preview:-1"},"canonical":"https:\/\/orthopara.store\/index.php\/produit\/gel-gommant-purifiant-bioderma-sebium-100ml\/","og_locale":"fr_FR","og_type":"article","og_title":"Gel gommant purifiant - Bioderma S\u00e9bium - 100ml - OrthoPara","og_description":"Bioderma S\u00e9bium Gel gommant purifiant\u00a0 Hygi\u00e8ne des peaux grasses, peaux mixtes, peaux grasses \u00e0 probl\u00e8mes. Imperfections cutan\u00e9es, peaux irrit\u00e9es sous traitement dermatologique, folliculites. contenance : 100 mL DLC : 03\/2026","og_url":"https:\/\/orthopara.store\/index.php\/produit\/gel-gommant-purifiant-bioderma-sebium-100ml\/","og_site_name":"OrthoPara","article_publisher":"https:\/\/www.facebook.com\/profile.php?id=61561194315651","article_modified_time":"2024-06-28T13:51:20+00:00","og_image":[{"width":800,"height":800,"url":"https:\/\/orthopara.store\/wp-content\/uploads\/2024\/06\/gel-gommant-purifiant-bioderma-sebium-100ml.jpg","type":"image\/jpeg"}],"twitter_card":"summary_large_image","twitter_misc":{"Dur\u00e9e de lecture estim\u00e9e":"1 minute"},"schema":{"@context":"https:\/\/schema.org","@graph":[{"@type":"WebPage","@id":"https:\/\/orthopara.store\/index.php\/produit\/gel-gommant-purifiant-bioderma-sebium-100ml\/","url":"https:\/\/orthopara.store\/index.php\/produit\/gel-gommant-purifiant-bioderma-sebium-100ml\/","name":"Gel gommant purifiant - Bioderma S\u00e9bium - 100ml - OrthoPara","isPartOf":{"@id":"https:\/\/orthopara.store\/#website"},"primaryImageOfPage":{"@id":"https:\/\/orthopara.store\/index.php\/produit\/gel-gommant-purifiant-bioderma-sebium-100ml\/#primaryimage"},"image":{"@id":"https:\/\/orthopara.store\/index.php\/produit\/gel-gommant-purifiant-bioderma-sebium-100ml\/#primaryimage"},"thumbnailUrl":"https:\/\/orthopara.store\/wp-content\/uploads\/2024\/06\/gel-gommant-purifiant-bioderma-sebium-100ml.jpg","datePublished":"2024-06-28T13:51:13+00:00","dateModified":"2024-06-28T13:51:20+00:00","breadcrumb":{"@id":"https:\/\/orthopara.store\/index.php\/produit\/gel-gommant-purifiant-bioderma-sebium-100ml\/#breadcrumb"},"inLanguage":"fr-FR","potentialAction":[{"@type":"ReadAction","target":["https:\/\/orthopara.store\/index.php\/produit\/gel-gommant-purifiant-bioderma-sebium-100ml\/"]}]},{"@type":"ImageObject","inLanguage":"fr-FR","@id":"https:\/\/orthopara.store\/index.php\/produit\/gel-gommant-purifiant-bioderma-sebium-100ml\/#primaryimage","url":"https:\/\/orthopara.store\/wp-content\/uploads\/2024\/06\/gel-gommant-purifiant-bioderma-sebium-100ml.jpg","contentUrl":"https:\/\/orthopara.store\/wp-content\/uploads\/2024\/06\/gel-gommant-purifiant-bioderma-sebium-100ml.jpg","width":800,"height":800},{"@type":"BreadcrumbList","@id":"https:\/\/orthopara.store\/index.php\/produit\/gel-gommant-purifiant-bioderma-sebium-100ml\/#breadcrumb","itemListElement":[{"@type":"ListItem","position":1,"name":"Accueil","item":"https:\/\/orthopara.store\/"},{"@type":"ListItem","position":2,"name":"Shop","item":"https:\/\/orthopara.store\/?page_id=622"},{"@type":"ListItem","position":3,"name":"Gel gommant purifiant &#8211; Bioderma S\u00e9bium &#8211; 100ml"}]},{"@type":"WebSite","@id":"https:\/\/orthopara.store\/#website","url":"https:\/\/orthopara.store\/","name":"OrthoPara","description":"Parapharmacie","publisher":{"@id":"https:\/\/orthopara.store\/#organization"},"potentialAction":[{"@type":"SearchAction","target":{"@type":"EntryPoint","urlTemplate":"https:\/\/orthopara.store\/?s={search_term_string}"},"query-input":"required name=search_term_string"}],"inLanguage":"fr-FR"},{"@type":"Organization","@id":"https:\/\/orthopara.store\/#organization","name":"OrthoPara","url":"https:\/\/orthopara.store\/","logo":{"@type":"ImageObject","inLanguage":"fr-FR","@id":"https:\/\/orthopara.store\/#\/schema\/logo\/image\/","url":"https:\/\/orthopara.store\/wp-content\/uploads\/2024\/06\/cropped-9ABA8BAD-6256-4719-9315-15C66E64E882.png","contentUrl":"https:\/\/orthopara.store\/wp-content\/uploads\/2024\/06\/cropped-9ABA8BAD-6256-4719-9315-15C66E64E882.png","width":240,"height":72,"caption":"OrthoPara"},"image":{"@id":"https:\/\/orthopara.store\/#\/schema\/logo\/image\/"},"sameAs":["https:\/\/www.facebook.com\/profile.php?id=61561194315651","https:\/\/www.instagram.com\/orthopara_tunisie\/"]}]}},"jetpack_sharing_enabled":true,"brands":[{"id":64,"name":"BIODERMA","slug":"bioderma"}],"_links":{"self":[{"href":"https:\/\/orthopara.store\/index.php?rest_route=\/wp\/v2\/product\/1024","targetHints":{"allow":["GET"]}}],"collection":[{"href":"https:\/\/orthopara.store\/index.php?rest_route=\/wp\/v2\/product"}],"about":[{"href":"https:\/\/orthopara.store\/index.php?rest_route=\/wp\/v2\/types\/product"}],"replies":[{"embeddable":true,"href":"https:\/\/orthopara.store\/index.php?rest_route=%2Fwp%2Fv2%2Fcomments&post=1024"}],"wp:featuredmedia":[{"embeddable":true,"href":"https:\/\/orthopara.store\/index.php?rest_route=\/wp\/v2\/media\/1051"}],"wp:attachment":[{"href":"https:\/\/orthopara.store\/index.php?rest_route=%2Fwp%2Fv2%2Fmedia&parent=1024"}],"wp:term":[{"taxonomy":"pwb-brand","embeddable":true,"href":"https:\/\/orthopara.store\/index.php?rest_route=%2Fwp%2Fv2%2Fpwb-brand&post=1024"},{"taxonomy":"product_cat","embeddable":true,"href":"https:\/\/orthopara.store\/index.php?rest_route=%2Fwp%2Fv2%2Fproduct_cat&post=1024"},{"taxonomy":"product_tag","embeddable":true,"href":"https:\/\/orthopara.store\/index.php?rest_route=%2Fwp%2Fv2%2Fproduct_tag&post=1024"}],"curies":[{"name":"wp","href":"https:\/\/api.w.org\/{rel}","templated":true}]}}