{"id":1025,"date":"2024-06-28T15:51:14","date_gmt":"2024-06-28T13:51:14","guid":{"rendered":"https:\/\/orthopara.store\/?post_type=product&#038;p=1025"},"modified":"2024-06-28T15:51:21","modified_gmt":"2024-06-28T13:51:21","slug":"masque-soin-purifiant-laino-16gr","status":"publish","type":"product","link":"https:\/\/orthopara.store\/?product=masque-soin-purifiant-laino-16gr","title":{"rendered":"Masque soin purifiant &#8211; Laino &#8211; 16gr"},"content":{"rendered":"<p>Masque soin purifiant &#8211; Laino &#8211; 16gr\u00a0<br \/>\nLaino a s\u00e9lectionn\u00e9 le meilleur des actifs pour formuler le Masque Soin Purifiant \u00e0 destination des peaux mixtes \u00e0 grasses. Gr\u00e2ce \u00e0 l\u2019argile verte, la glyc\u00e9rine, le karit\u00e9 et l\u2019hamam\u00e9lis BIO associ\u00e9s \u00e0 un extrait de bambou, ce soin du visage r\u00e9\u00e9quilibre et resserre les pores.<br \/>\nCaract\u00e9ristiques :<br \/>\nPurifie \u2013 R\u00e9\u00e9quilibre<br \/>\nPr\u00eat \u00e0 l\u2019emploi<br \/>\nRiche en oligo-\u00e9l\u00e9ments<br \/>\n97% d\u2019ingr\u00e9dients d\u2019origine naturelle<br \/>\nConseils d&rsquo;utilisation :<br \/>\nAvant toute premi\u00e8re utilisation, il est recommand\u00e9 de faire un essai sur votre avant-bras 24h avant.<br \/>\n\u00c0 appliquer 1 \u00e0 2 fois par semaine sur le visage pr\u00e9alablement nettoy\u00e9 en \u00e9vitant le contour des yeux. Laisser poser entre 5 et 10 minutes sans jamais laisser s\u00e9cher le masque \u00e0 l\u2019argile, puis rincer.<br \/>\nComposition :\u00a0<br \/>\nHamamelis Virginiana (Witch Hazel) Leaf Water, Aqua (Water) \/ Eau, Montmorillonite, Corylus Avellana (Hazel) Seed Oil, Illite, Glycerin, Sucrose Stearate, Butyrospermum Parkii (Shea) Butter, Caprylic\/Capric Triglyceride, Cetyl Palmitate, Glyceryl Stearate Se, Stearic Acid, Phyllostachys Bambusoides Extract, Parfum (Fragrance), Helianthus Annuus (Sunflower) Seed Oil, Cydonia Oblonga Leaf Extract, Palmitic Acid, Benzyl Alcohol, Tocopherol, Xanthan Gum, Citric Acid, Potassium Sorbate, Dehydroacetic Acid, Sodium Benzoate, Limonene, Linalool, Geraniol, Citral.<\/p>\n","protected":false},"excerpt":{"rendered":"<p>Laino\u00a0<br \/>\nMasque soin apaisant<br \/>\nformul\u00e9 sp\u00e9cialement pour peaux mixtes \u00e0 grasses. Le masque soin purifiant r\u00e9\u00e9quilibre et resserre les pores, gr\u00e2ce \u00e0 l\u2019argile verte, la glyc\u00e9rine, le karit\u00e9 et l\u2019hamam\u00e9lis BIO associ\u00e9s \u00e0 un extrait de bambou,\u00a0<br \/>\npoids net : 16gr<\/p>\n","protected":false},"featured_media":1052,"comment_status":"open","ping_status":"closed","template":"","meta":[],"pwb-brand":[51],"product_cat":[116],"product_tag":[],"class_list":{"0":"post-1025","1":"product","2":"type-product","3":"status-publish","4":"has-post-thumbnail","6":"pwb-brand-laino","7":"product_cat-masques-visage-et-gommage","8":"post","9":"ws-product--style-1","11":"first","12":"instock","13":"shipping-taxable","14":"purchasable","15":"product-type-simple"},"yoast_head":"<!-- This site is optimized with the Yoast SEO plugin v23.0 - https:\/\/yoast.com\/wordpress\/plugins\/seo\/ -->\n<title>Masque soin purifiant - Laino - 16gr - OrthoPara<\/title>\n<meta name=\"robots\" content=\"index, follow, max-snippet:-1, max-image-preview:large, max-video-preview:-1\" \/>\n<link rel=\"canonical\" href=\"https:\/\/orthopara.store\/index.php\/produit\/masque-soin-purifiant-laino-16gr\/\" \/>\n<meta property=\"og:locale\" content=\"fr_FR\" \/>\n<meta property=\"og:type\" content=\"article\" \/>\n<meta property=\"og:title\" content=\"Masque soin purifiant - Laino - 16gr - OrthoPara\" \/>\n<meta property=\"og:description\" content=\"Laino\u00a0 Masque soin apaisant formul\u00e9 sp\u00e9cialement pour peaux mixtes \u00e0 grasses. Le masque soin purifiant r\u00e9\u00e9quilibre et resserre les pores, gr\u00e2ce \u00e0 l\u2019argile verte, la glyc\u00e9rine, le karit\u00e9 et l\u2019hamam\u00e9lis BIO associ\u00e9s \u00e0 un extrait de bambou,\u00a0 poids net : 16gr\" \/>\n<meta property=\"og:url\" content=\"https:\/\/orthopara.store\/index.php\/produit\/masque-soin-purifiant-laino-16gr\/\" \/>\n<meta property=\"og:site_name\" content=\"OrthoPara\" \/>\n<meta property=\"article:publisher\" content=\"https:\/\/www.facebook.com\/profile.php?id=61561194315651\" \/>\n<meta property=\"article:modified_time\" content=\"2024-06-28T13:51:21+00:00\" \/>\n<meta property=\"og:image\" content=\"https:\/\/orthopara.store\/wp-content\/uploads\/2024\/06\/masque-soin-purifiant-laino-16gr-.jpg\" \/>\n\t<meta property=\"og:image:width\" content=\"800\" \/>\n\t<meta property=\"og:image:height\" content=\"800\" \/>\n\t<meta property=\"og:image:type\" content=\"image\/jpeg\" \/>\n<meta name=\"twitter:card\" content=\"summary_large_image\" \/>\n<meta name=\"twitter:label1\" content=\"Dur\u00e9e de lecture estim\u00e9e\" \/>\n\t<meta name=\"twitter:data1\" content=\"1 minute\" \/>\n<script type=\"application\/ld+json\" class=\"yoast-schema-graph\">{\"@context\":\"https:\/\/schema.org\",\"@graph\":[{\"@type\":\"WebPage\",\"@id\":\"https:\/\/orthopara.store\/index.php\/produit\/masque-soin-purifiant-laino-16gr\/\",\"url\":\"https:\/\/orthopara.store\/index.php\/produit\/masque-soin-purifiant-laino-16gr\/\",\"name\":\"Masque soin purifiant - Laino - 16gr - OrthoPara\",\"isPartOf\":{\"@id\":\"https:\/\/orthopara.store\/#website\"},\"primaryImageOfPage\":{\"@id\":\"https:\/\/orthopara.store\/index.php\/produit\/masque-soin-purifiant-laino-16gr\/#primaryimage\"},\"image\":{\"@id\":\"https:\/\/orthopara.store\/index.php\/produit\/masque-soin-purifiant-laino-16gr\/#primaryimage\"},\"thumbnailUrl\":\"https:\/\/orthopara.store\/wp-content\/uploads\/2024\/06\/masque-soin-purifiant-laino-16gr-.jpg\",\"datePublished\":\"2024-06-28T13:51:14+00:00\",\"dateModified\":\"2024-06-28T13:51:21+00:00\",\"breadcrumb\":{\"@id\":\"https:\/\/orthopara.store\/index.php\/produit\/masque-soin-purifiant-laino-16gr\/#breadcrumb\"},\"inLanguage\":\"fr-FR\",\"potentialAction\":[{\"@type\":\"ReadAction\",\"target\":[\"https:\/\/orthopara.store\/index.php\/produit\/masque-soin-purifiant-laino-16gr\/\"]}]},{\"@type\":\"ImageObject\",\"inLanguage\":\"fr-FR\",\"@id\":\"https:\/\/orthopara.store\/index.php\/produit\/masque-soin-purifiant-laino-16gr\/#primaryimage\",\"url\":\"https:\/\/orthopara.store\/wp-content\/uploads\/2024\/06\/masque-soin-purifiant-laino-16gr-.jpg\",\"contentUrl\":\"https:\/\/orthopara.store\/wp-content\/uploads\/2024\/06\/masque-soin-purifiant-laino-16gr-.jpg\",\"width\":800,\"height\":800},{\"@type\":\"BreadcrumbList\",\"@id\":\"https:\/\/orthopara.store\/index.php\/produit\/masque-soin-purifiant-laino-16gr\/#breadcrumb\",\"itemListElement\":[{\"@type\":\"ListItem\",\"position\":1,\"name\":\"Accueil\",\"item\":\"https:\/\/orthopara.store\/\"},{\"@type\":\"ListItem\",\"position\":2,\"name\":\"Shop\",\"item\":\"https:\/\/orthopara.store\/?page_id=622\"},{\"@type\":\"ListItem\",\"position\":3,\"name\":\"Masque soin purifiant &#8211; Laino &#8211; 16gr\"}]},{\"@type\":\"WebSite\",\"@id\":\"https:\/\/orthopara.store\/#website\",\"url\":\"https:\/\/orthopara.store\/\",\"name\":\"OrthoPara\",\"description\":\"Parapharmacie\",\"publisher\":{\"@id\":\"https:\/\/orthopara.store\/#organization\"},\"potentialAction\":[{\"@type\":\"SearchAction\",\"target\":{\"@type\":\"EntryPoint\",\"urlTemplate\":\"https:\/\/orthopara.store\/?s={search_term_string}\"},\"query-input\":\"required name=search_term_string\"}],\"inLanguage\":\"fr-FR\"},{\"@type\":\"Organization\",\"@id\":\"https:\/\/orthopara.store\/#organization\",\"name\":\"OrthoPara\",\"url\":\"https:\/\/orthopara.store\/\",\"logo\":{\"@type\":\"ImageObject\",\"inLanguage\":\"fr-FR\",\"@id\":\"https:\/\/orthopara.store\/#\/schema\/logo\/image\/\",\"url\":\"https:\/\/orthopara.store\/wp-content\/uploads\/2024\/06\/cropped-9ABA8BAD-6256-4719-9315-15C66E64E882.png\",\"contentUrl\":\"https:\/\/orthopara.store\/wp-content\/uploads\/2024\/06\/cropped-9ABA8BAD-6256-4719-9315-15C66E64E882.png\",\"width\":240,\"height\":72,\"caption\":\"OrthoPara\"},\"image\":{\"@id\":\"https:\/\/orthopara.store\/#\/schema\/logo\/image\/\"},\"sameAs\":[\"https:\/\/www.facebook.com\/profile.php?id=61561194315651\",\"https:\/\/www.instagram.com\/orthopara_tunisie\/\"]}]}<\/script>\n<!-- \/ Yoast SEO plugin. -->","yoast_head_json":{"title":"Masque soin purifiant - Laino - 16gr - OrthoPara","robots":{"index":"index","follow":"follow","max-snippet":"max-snippet:-1","max-image-preview":"max-image-preview:large","max-video-preview":"max-video-preview:-1"},"canonical":"https:\/\/orthopara.store\/index.php\/produit\/masque-soin-purifiant-laino-16gr\/","og_locale":"fr_FR","og_type":"article","og_title":"Masque soin purifiant - Laino - 16gr - OrthoPara","og_description":"Laino\u00a0 Masque soin apaisant formul\u00e9 sp\u00e9cialement pour peaux mixtes \u00e0 grasses. Le masque soin purifiant r\u00e9\u00e9quilibre et resserre les pores, gr\u00e2ce \u00e0 l\u2019argile verte, la glyc\u00e9rine, le karit\u00e9 et l\u2019hamam\u00e9lis BIO associ\u00e9s \u00e0 un extrait de bambou,\u00a0 poids net : 16gr","og_url":"https:\/\/orthopara.store\/index.php\/produit\/masque-soin-purifiant-laino-16gr\/","og_site_name":"OrthoPara","article_publisher":"https:\/\/www.facebook.com\/profile.php?id=61561194315651","article_modified_time":"2024-06-28T13:51:21+00:00","og_image":[{"width":800,"height":800,"url":"https:\/\/orthopara.store\/wp-content\/uploads\/2024\/06\/masque-soin-purifiant-laino-16gr-.jpg","type":"image\/jpeg"}],"twitter_card":"summary_large_image","twitter_misc":{"Dur\u00e9e de lecture estim\u00e9e":"1 minute"},"schema":{"@context":"https:\/\/schema.org","@graph":[{"@type":"WebPage","@id":"https:\/\/orthopara.store\/index.php\/produit\/masque-soin-purifiant-laino-16gr\/","url":"https:\/\/orthopara.store\/index.php\/produit\/masque-soin-purifiant-laino-16gr\/","name":"Masque soin purifiant - Laino - 16gr - OrthoPara","isPartOf":{"@id":"https:\/\/orthopara.store\/#website"},"primaryImageOfPage":{"@id":"https:\/\/orthopara.store\/index.php\/produit\/masque-soin-purifiant-laino-16gr\/#primaryimage"},"image":{"@id":"https:\/\/orthopara.store\/index.php\/produit\/masque-soin-purifiant-laino-16gr\/#primaryimage"},"thumbnailUrl":"https:\/\/orthopara.store\/wp-content\/uploads\/2024\/06\/masque-soin-purifiant-laino-16gr-.jpg","datePublished":"2024-06-28T13:51:14+00:00","dateModified":"2024-06-28T13:51:21+00:00","breadcrumb":{"@id":"https:\/\/orthopara.store\/index.php\/produit\/masque-soin-purifiant-laino-16gr\/#breadcrumb"},"inLanguage":"fr-FR","potentialAction":[{"@type":"ReadAction","target":["https:\/\/orthopara.store\/index.php\/produit\/masque-soin-purifiant-laino-16gr\/"]}]},{"@type":"ImageObject","inLanguage":"fr-FR","@id":"https:\/\/orthopara.store\/index.php\/produit\/masque-soin-purifiant-laino-16gr\/#primaryimage","url":"https:\/\/orthopara.store\/wp-content\/uploads\/2024\/06\/masque-soin-purifiant-laino-16gr-.jpg","contentUrl":"https:\/\/orthopara.store\/wp-content\/uploads\/2024\/06\/masque-soin-purifiant-laino-16gr-.jpg","width":800,"height":800},{"@type":"BreadcrumbList","@id":"https:\/\/orthopara.store\/index.php\/produit\/masque-soin-purifiant-laino-16gr\/#breadcrumb","itemListElement":[{"@type":"ListItem","position":1,"name":"Accueil","item":"https:\/\/orthopara.store\/"},{"@type":"ListItem","position":2,"name":"Shop","item":"https:\/\/orthopara.store\/?page_id=622"},{"@type":"ListItem","position":3,"name":"Masque soin purifiant &#8211; Laino &#8211; 16gr"}]},{"@type":"WebSite","@id":"https:\/\/orthopara.store\/#website","url":"https:\/\/orthopara.store\/","name":"OrthoPara","description":"Parapharmacie","publisher":{"@id":"https:\/\/orthopara.store\/#organization"},"potentialAction":[{"@type":"SearchAction","target":{"@type":"EntryPoint","urlTemplate":"https:\/\/orthopara.store\/?s={search_term_string}"},"query-input":"required name=search_term_string"}],"inLanguage":"fr-FR"},{"@type":"Organization","@id":"https:\/\/orthopara.store\/#organization","name":"OrthoPara","url":"https:\/\/orthopara.store\/","logo":{"@type":"ImageObject","inLanguage":"fr-FR","@id":"https:\/\/orthopara.store\/#\/schema\/logo\/image\/","url":"https:\/\/orthopara.store\/wp-content\/uploads\/2024\/06\/cropped-9ABA8BAD-6256-4719-9315-15C66E64E882.png","contentUrl":"https:\/\/orthopara.store\/wp-content\/uploads\/2024\/06\/cropped-9ABA8BAD-6256-4719-9315-15C66E64E882.png","width":240,"height":72,"caption":"OrthoPara"},"image":{"@id":"https:\/\/orthopara.store\/#\/schema\/logo\/image\/"},"sameAs":["https:\/\/www.facebook.com\/profile.php?id=61561194315651","https:\/\/www.instagram.com\/orthopara_tunisie\/"]}]}},"jetpack_sharing_enabled":true,"brands":[{"id":51,"name":"LAINO","slug":"laino"}],"_links":{"self":[{"href":"https:\/\/orthopara.store\/index.php?rest_route=\/wp\/v2\/product\/1025","targetHints":{"allow":["GET"]}}],"collection":[{"href":"https:\/\/orthopara.store\/index.php?rest_route=\/wp\/v2\/product"}],"about":[{"href":"https:\/\/orthopara.store\/index.php?rest_route=\/wp\/v2\/types\/product"}],"replies":[{"embeddable":true,"href":"https:\/\/orthopara.store\/index.php?rest_route=%2Fwp%2Fv2%2Fcomments&post=1025"}],"wp:featuredmedia":[{"embeddable":true,"href":"https:\/\/orthopara.store\/index.php?rest_route=\/wp\/v2\/media\/1052"}],"wp:attachment":[{"href":"https:\/\/orthopara.store\/index.php?rest_route=%2Fwp%2Fv2%2Fmedia&parent=1025"}],"wp:term":[{"taxonomy":"pwb-brand","embeddable":true,"href":"https:\/\/orthopara.store\/index.php?rest_route=%2Fwp%2Fv2%2Fpwb-brand&post=1025"},{"taxonomy":"product_cat","embeddable":true,"href":"https:\/\/orthopara.store\/index.php?rest_route=%2Fwp%2Fv2%2Fproduct_cat&post=1025"},{"taxonomy":"product_tag","embeddable":true,"href":"https:\/\/orthopara.store\/index.php?rest_route=%2Fwp%2Fv2%2Fproduct_tag&post=1025"}],"curies":[{"name":"wp","href":"https:\/\/api.w.org\/{rel}","templated":true}]}}