{"id":1026,"date":"2024-06-28T15:51:14","date_gmt":"2024-06-28T13:51:14","guid":{"rendered":"https:\/\/orthopara.store\/?post_type=product&#038;p=1026"},"modified":"2024-06-28T15:51:21","modified_gmt":"2024-06-28T13:51:21","slug":"gelee-gommante-douceur-visage-puralia-150ml","status":"publish","type":"product","link":"https:\/\/orthopara.store\/?product=gelee-gommante-douceur-visage-puralia-150ml","title":{"rendered":"Gel\u00e9e gommante douceur &#8211; visage &#8211; Puralia &#8211; 150ml"},"content":{"rendered":"<p>Gel\u00e9e gommante douceur &#8211; visage &#8211; Puralia &#8211; 150ml<br \/>\nGr\u00e2ce \u00e0 sa formule sans savon et ultra douce, la Gel\u00e9e gommante Puralia exfolie la peau en profondeur tout en respectant son \u00e9quilibre naturel. Ce masque exfoliant associe le pouvoir tonifiant de l\u2019hydrolat de romarin et les vertus revitalisantes du miel pour une peau nette, douce et lumineuse.<br \/>\nConseil d\u2019application :<br \/>\nUtilisation : 1 \u00e0 2 fois par semaine, appliquer une fine couche sur l\u2019ensemble du visage propre et humide. en \u00e9vitant le contour des yeux. Massez d\u00e9licatement pendant deux minutes par petits mouvements circulaires. Rincer \u00e0 l\u2019eau ti\u00e8de. Eviter le contact avec les yeux.<br \/>\nTest\u00e9 sous contr\u00f4le dermatologique.<br \/>\nComposition INCI :<br \/>\nAqua (Water), Citrus Aurantium Dulcis (Orange) Flower Water*, Rosmarinus Officinalis Water*, Glycerin, Opuntia Ficus Indica Powder*, Aloe Barbadensis Leaf Juice*, Coco Glucoside, Xanthan Gum, Citric Acid, Benzyl Alcohol, Dehydroacetic Acid, Parfum, Geraniol.<br \/>\n*Ingr\u00e9dients issus de l\u2019Agriculture Biologique.<br \/>\n**transform\u00e9s \u00e0 partir d\u2019ingr\u00e9dients biologiques.<br \/>\n99.1 % du total est d\u2019origine naturelle.<br \/>\n18.9 % du total des ingr\u00e9dients sont issus de l\u2019Agriculture Biologique.<\/p>\n","protected":false},"excerpt":{"rendered":"<p>Puralia\u00a0<br \/>\nExfolie la peau en douceur<br \/>\nTous types de peaux m\u00eame sensibles<br \/>\nContenance : tube 150 ml<\/p>\n","protected":false},"featured_media":1053,"comment_status":"open","ping_status":"closed","template":"","meta":[],"pwb-brand":[72],"product_cat":[116],"product_tag":[],"class_list":{"0":"post-1026","1":"product","2":"type-product","3":"status-publish","4":"has-post-thumbnail","6":"pwb-brand-puralia","7":"product_cat-masques-visage-et-gommage","8":"post","9":"ws-product--style-1","11":"first","12":"instock","13":"shipping-taxable","14":"purchasable","15":"product-type-simple"},"yoast_head":"<!-- This site is optimized with the Yoast SEO plugin v23.0 - https:\/\/yoast.com\/wordpress\/plugins\/seo\/ -->\n<title>Gel\u00e9e gommante douceur - visage - Puralia - 150ml - OrthoPara<\/title>\n<meta name=\"robots\" content=\"index, follow, max-snippet:-1, max-image-preview:large, max-video-preview:-1\" \/>\n<link rel=\"canonical\" href=\"https:\/\/orthopara.store\/index.php\/produit\/gelee-gommante-douceur-visage-puralia-150ml\/\" \/>\n<meta property=\"og:locale\" content=\"fr_FR\" \/>\n<meta property=\"og:type\" content=\"article\" \/>\n<meta property=\"og:title\" content=\"Gel\u00e9e gommante douceur - visage - Puralia - 150ml - OrthoPara\" \/>\n<meta property=\"og:description\" content=\"Puralia\u00a0 Exfolie la peau en douceur Tous types de peaux m\u00eame sensibles Contenance : tube 150 ml\" \/>\n<meta property=\"og:url\" content=\"https:\/\/orthopara.store\/index.php\/produit\/gelee-gommante-douceur-visage-puralia-150ml\/\" \/>\n<meta property=\"og:site_name\" content=\"OrthoPara\" \/>\n<meta property=\"article:publisher\" content=\"https:\/\/www.facebook.com\/profile.php?id=61561194315651\" \/>\n<meta property=\"article:modified_time\" content=\"2024-06-28T13:51:21+00:00\" \/>\n<meta property=\"og:image\" content=\"https:\/\/orthopara.store\/wp-content\/uploads\/2024\/06\/gelee-gommante-douceur-visage-puralia-150ml.jpg\" \/>\n\t<meta property=\"og:image:width\" content=\"800\" \/>\n\t<meta property=\"og:image:height\" content=\"800\" \/>\n\t<meta property=\"og:image:type\" content=\"image\/jpeg\" \/>\n<meta name=\"twitter:card\" content=\"summary_large_image\" \/>\n<meta name=\"twitter:label1\" content=\"Dur\u00e9e de lecture estim\u00e9e\" \/>\n\t<meta name=\"twitter:data1\" content=\"1 minute\" \/>\n<script type=\"application\/ld+json\" class=\"yoast-schema-graph\">{\"@context\":\"https:\/\/schema.org\",\"@graph\":[{\"@type\":\"WebPage\",\"@id\":\"https:\/\/orthopara.store\/index.php\/produit\/gelee-gommante-douceur-visage-puralia-150ml\/\",\"url\":\"https:\/\/orthopara.store\/index.php\/produit\/gelee-gommante-douceur-visage-puralia-150ml\/\",\"name\":\"Gel\u00e9e gommante douceur - visage - Puralia - 150ml - OrthoPara\",\"isPartOf\":{\"@id\":\"https:\/\/orthopara.store\/#website\"},\"primaryImageOfPage\":{\"@id\":\"https:\/\/orthopara.store\/index.php\/produit\/gelee-gommante-douceur-visage-puralia-150ml\/#primaryimage\"},\"image\":{\"@id\":\"https:\/\/orthopara.store\/index.php\/produit\/gelee-gommante-douceur-visage-puralia-150ml\/#primaryimage\"},\"thumbnailUrl\":\"https:\/\/orthopara.store\/wp-content\/uploads\/2024\/06\/gelee-gommante-douceur-visage-puralia-150ml.jpg\",\"datePublished\":\"2024-06-28T13:51:14+00:00\",\"dateModified\":\"2024-06-28T13:51:21+00:00\",\"breadcrumb\":{\"@id\":\"https:\/\/orthopara.store\/index.php\/produit\/gelee-gommante-douceur-visage-puralia-150ml\/#breadcrumb\"},\"inLanguage\":\"fr-FR\",\"potentialAction\":[{\"@type\":\"ReadAction\",\"target\":[\"https:\/\/orthopara.store\/index.php\/produit\/gelee-gommante-douceur-visage-puralia-150ml\/\"]}]},{\"@type\":\"ImageObject\",\"inLanguage\":\"fr-FR\",\"@id\":\"https:\/\/orthopara.store\/index.php\/produit\/gelee-gommante-douceur-visage-puralia-150ml\/#primaryimage\",\"url\":\"https:\/\/orthopara.store\/wp-content\/uploads\/2024\/06\/gelee-gommante-douceur-visage-puralia-150ml.jpg\",\"contentUrl\":\"https:\/\/orthopara.store\/wp-content\/uploads\/2024\/06\/gelee-gommante-douceur-visage-puralia-150ml.jpg\",\"width\":800,\"height\":800},{\"@type\":\"BreadcrumbList\",\"@id\":\"https:\/\/orthopara.store\/index.php\/produit\/gelee-gommante-douceur-visage-puralia-150ml\/#breadcrumb\",\"itemListElement\":[{\"@type\":\"ListItem\",\"position\":1,\"name\":\"Accueil\",\"item\":\"https:\/\/orthopara.store\/\"},{\"@type\":\"ListItem\",\"position\":2,\"name\":\"Shop\",\"item\":\"https:\/\/orthopara.store\/?page_id=622\"},{\"@type\":\"ListItem\",\"position\":3,\"name\":\"Gel\u00e9e gommante douceur &#8211; visage &#8211; Puralia &#8211; 150ml\"}]},{\"@type\":\"WebSite\",\"@id\":\"https:\/\/orthopara.store\/#website\",\"url\":\"https:\/\/orthopara.store\/\",\"name\":\"OrthoPara\",\"description\":\"Parapharmacie\",\"publisher\":{\"@id\":\"https:\/\/orthopara.store\/#organization\"},\"potentialAction\":[{\"@type\":\"SearchAction\",\"target\":{\"@type\":\"EntryPoint\",\"urlTemplate\":\"https:\/\/orthopara.store\/?s={search_term_string}\"},\"query-input\":\"required name=search_term_string\"}],\"inLanguage\":\"fr-FR\"},{\"@type\":\"Organization\",\"@id\":\"https:\/\/orthopara.store\/#organization\",\"name\":\"OrthoPara\",\"url\":\"https:\/\/orthopara.store\/\",\"logo\":{\"@type\":\"ImageObject\",\"inLanguage\":\"fr-FR\",\"@id\":\"https:\/\/orthopara.store\/#\/schema\/logo\/image\/\",\"url\":\"https:\/\/orthopara.store\/wp-content\/uploads\/2024\/06\/cropped-9ABA8BAD-6256-4719-9315-15C66E64E882.png\",\"contentUrl\":\"https:\/\/orthopara.store\/wp-content\/uploads\/2024\/06\/cropped-9ABA8BAD-6256-4719-9315-15C66E64E882.png\",\"width\":240,\"height\":72,\"caption\":\"OrthoPara\"},\"image\":{\"@id\":\"https:\/\/orthopara.store\/#\/schema\/logo\/image\/\"},\"sameAs\":[\"https:\/\/www.facebook.com\/profile.php?id=61561194315651\",\"https:\/\/www.instagram.com\/orthopara_tunisie\/\"]}]}<\/script>\n<!-- \/ Yoast SEO plugin. -->","yoast_head_json":{"title":"Gel\u00e9e gommante douceur - visage - Puralia - 150ml - OrthoPara","robots":{"index":"index","follow":"follow","max-snippet":"max-snippet:-1","max-image-preview":"max-image-preview:large","max-video-preview":"max-video-preview:-1"},"canonical":"https:\/\/orthopara.store\/index.php\/produit\/gelee-gommante-douceur-visage-puralia-150ml\/","og_locale":"fr_FR","og_type":"article","og_title":"Gel\u00e9e gommante douceur - visage - Puralia - 150ml - OrthoPara","og_description":"Puralia\u00a0 Exfolie la peau en douceur Tous types de peaux m\u00eame sensibles Contenance : tube 150 ml","og_url":"https:\/\/orthopara.store\/index.php\/produit\/gelee-gommante-douceur-visage-puralia-150ml\/","og_site_name":"OrthoPara","article_publisher":"https:\/\/www.facebook.com\/profile.php?id=61561194315651","article_modified_time":"2024-06-28T13:51:21+00:00","og_image":[{"width":800,"height":800,"url":"https:\/\/orthopara.store\/wp-content\/uploads\/2024\/06\/gelee-gommante-douceur-visage-puralia-150ml.jpg","type":"image\/jpeg"}],"twitter_card":"summary_large_image","twitter_misc":{"Dur\u00e9e de lecture estim\u00e9e":"1 minute"},"schema":{"@context":"https:\/\/schema.org","@graph":[{"@type":"WebPage","@id":"https:\/\/orthopara.store\/index.php\/produit\/gelee-gommante-douceur-visage-puralia-150ml\/","url":"https:\/\/orthopara.store\/index.php\/produit\/gelee-gommante-douceur-visage-puralia-150ml\/","name":"Gel\u00e9e gommante douceur - visage - Puralia - 150ml - OrthoPara","isPartOf":{"@id":"https:\/\/orthopara.store\/#website"},"primaryImageOfPage":{"@id":"https:\/\/orthopara.store\/index.php\/produit\/gelee-gommante-douceur-visage-puralia-150ml\/#primaryimage"},"image":{"@id":"https:\/\/orthopara.store\/index.php\/produit\/gelee-gommante-douceur-visage-puralia-150ml\/#primaryimage"},"thumbnailUrl":"https:\/\/orthopara.store\/wp-content\/uploads\/2024\/06\/gelee-gommante-douceur-visage-puralia-150ml.jpg","datePublished":"2024-06-28T13:51:14+00:00","dateModified":"2024-06-28T13:51:21+00:00","breadcrumb":{"@id":"https:\/\/orthopara.store\/index.php\/produit\/gelee-gommante-douceur-visage-puralia-150ml\/#breadcrumb"},"inLanguage":"fr-FR","potentialAction":[{"@type":"ReadAction","target":["https:\/\/orthopara.store\/index.php\/produit\/gelee-gommante-douceur-visage-puralia-150ml\/"]}]},{"@type":"ImageObject","inLanguage":"fr-FR","@id":"https:\/\/orthopara.store\/index.php\/produit\/gelee-gommante-douceur-visage-puralia-150ml\/#primaryimage","url":"https:\/\/orthopara.store\/wp-content\/uploads\/2024\/06\/gelee-gommante-douceur-visage-puralia-150ml.jpg","contentUrl":"https:\/\/orthopara.store\/wp-content\/uploads\/2024\/06\/gelee-gommante-douceur-visage-puralia-150ml.jpg","width":800,"height":800},{"@type":"BreadcrumbList","@id":"https:\/\/orthopara.store\/index.php\/produit\/gelee-gommante-douceur-visage-puralia-150ml\/#breadcrumb","itemListElement":[{"@type":"ListItem","position":1,"name":"Accueil","item":"https:\/\/orthopara.store\/"},{"@type":"ListItem","position":2,"name":"Shop","item":"https:\/\/orthopara.store\/?page_id=622"},{"@type":"ListItem","position":3,"name":"Gel\u00e9e gommante douceur &#8211; visage &#8211; Puralia &#8211; 150ml"}]},{"@type":"WebSite","@id":"https:\/\/orthopara.store\/#website","url":"https:\/\/orthopara.store\/","name":"OrthoPara","description":"Parapharmacie","publisher":{"@id":"https:\/\/orthopara.store\/#organization"},"potentialAction":[{"@type":"SearchAction","target":{"@type":"EntryPoint","urlTemplate":"https:\/\/orthopara.store\/?s={search_term_string}"},"query-input":"required name=search_term_string"}],"inLanguage":"fr-FR"},{"@type":"Organization","@id":"https:\/\/orthopara.store\/#organization","name":"OrthoPara","url":"https:\/\/orthopara.store\/","logo":{"@type":"ImageObject","inLanguage":"fr-FR","@id":"https:\/\/orthopara.store\/#\/schema\/logo\/image\/","url":"https:\/\/orthopara.store\/wp-content\/uploads\/2024\/06\/cropped-9ABA8BAD-6256-4719-9315-15C66E64E882.png","contentUrl":"https:\/\/orthopara.store\/wp-content\/uploads\/2024\/06\/cropped-9ABA8BAD-6256-4719-9315-15C66E64E882.png","width":240,"height":72,"caption":"OrthoPara"},"image":{"@id":"https:\/\/orthopara.store\/#\/schema\/logo\/image\/"},"sameAs":["https:\/\/www.facebook.com\/profile.php?id=61561194315651","https:\/\/www.instagram.com\/orthopara_tunisie\/"]}]}},"jetpack_sharing_enabled":true,"brands":[{"id":72,"name":"Puralia","slug":"puralia"}],"_links":{"self":[{"href":"https:\/\/orthopara.store\/index.php?rest_route=\/wp\/v2\/product\/1026","targetHints":{"allow":["GET"]}}],"collection":[{"href":"https:\/\/orthopara.store\/index.php?rest_route=\/wp\/v2\/product"}],"about":[{"href":"https:\/\/orthopara.store\/index.php?rest_route=\/wp\/v2\/types\/product"}],"replies":[{"embeddable":true,"href":"https:\/\/orthopara.store\/index.php?rest_route=%2Fwp%2Fv2%2Fcomments&post=1026"}],"wp:featuredmedia":[{"embeddable":true,"href":"https:\/\/orthopara.store\/index.php?rest_route=\/wp\/v2\/media\/1053"}],"wp:attachment":[{"href":"https:\/\/orthopara.store\/index.php?rest_route=%2Fwp%2Fv2%2Fmedia&parent=1026"}],"wp:term":[{"taxonomy":"pwb-brand","embeddable":true,"href":"https:\/\/orthopara.store\/index.php?rest_route=%2Fwp%2Fv2%2Fpwb-brand&post=1026"},{"taxonomy":"product_cat","embeddable":true,"href":"https:\/\/orthopara.store\/index.php?rest_route=%2Fwp%2Fv2%2Fproduct_cat&post=1026"},{"taxonomy":"product_tag","embeddable":true,"href":"https:\/\/orthopara.store\/index.php?rest_route=%2Fwp%2Fv2%2Fproduct_tag&post=1026"}],"curies":[{"name":"wp","href":"https:\/\/api.w.org\/{rel}","templated":true}]}}