{"id":1028,"date":"2024-06-28T15:51:14","date_gmt":"2024-06-28T13:51:14","guid":{"rendered":"https:\/\/orthopara.store\/?post_type=product&#038;p=1028"},"modified":"2024-06-28T15:51:22","modified_gmt":"2024-06-28T13:51:22","slug":"floxia-sativa-savon-exfoliant-nourrissant-125gr","status":"publish","type":"product","link":"https:\/\/orthopara.store\/?product=floxia-sativa-savon-exfoliant-nourrissant-125gr","title":{"rendered":"Floxia sativa &#8211; Savon exfoliant nourrissant &#8211; 125gr"},"content":{"rendered":"<p>Le savon nourissant pour peau s\u00e8che et sensible Sative nettoie, nourrit et hydrate l\u2019\u00e9piderme en douceur. Il \u00e9limine les impuret\u00e9s du corps, des mains et du visage. Ce savon enrichi glyc\u00e9rine et graine d\u2019avoine adoucit la peau sans l\u2019ass\u00e9cher.<br \/>\n&#8211; nourrit l\u2019\u00e9piderme en profondeur.<br \/>\n&#8211; hydrate et maintient l\u2019\u00e9lasticit\u00e9 de la peau.<br \/>\n&#8211; nettoie sans agresser.<br \/>\n&#8211; adoucit et redonne de la souplesse \u00e0 la peau du corps et du visage.<br \/>\nLes graines d\u2019avoine ont des vertus exceptionnelles pour la peau. Elles sont antioxydantes et \u00e9mollientes. Leur effet anti-\u00e2ge ralentit le vieillissement cutan\u00e9 et r\u00e9duit l\u2019apparition de rides et ridules.<br \/>\nEn cas de peau s\u00e8che et d\u00e9shydrat\u00e9e, le savon visage et corps Sativa emp\u00eache l\u2019apparition des rides caus\u00e9es par le manque d\u2019hydratation.<br \/>\nConseils d&rsquo;utilisation :<br \/>\nAppliquer sur une peau pr\u00e9alablement humidifi\u00e9e. Faire mousser puis rincer.<br \/>\nContenance :<br \/>\n125gr<\/p>\n","protected":false},"excerpt":{"rendered":"<p>Savon exfoliant nourrissant<br \/>\nsavon pour peau s\u00e8che et sensible Sative nettoie, nourrit et hydrate<br \/>\nDLC 11\/2024<\/p>\n","protected":false},"featured_media":1055,"comment_status":"open","ping_status":"closed","template":"","meta":[],"pwb-brand":[120],"product_cat":[116],"product_tag":[],"class_list":{"0":"post-1028","1":"product","2":"type-product","3":"status-publish","4":"has-post-thumbnail","6":"pwb-brand-floxia","7":"product_cat-masques-visage-et-gommage","8":"post","9":"ws-product--style-1","11":"first","12":"instock","13":"shipping-taxable","14":"purchasable","15":"product-type-simple"},"yoast_head":"<!-- This site is optimized with the Yoast SEO plugin v23.0 - https:\/\/yoast.com\/wordpress\/plugins\/seo\/ -->\n<title>Floxia sativa - Savon exfoliant nourrissant - 125gr - OrthoPara<\/title>\n<meta name=\"robots\" content=\"index, follow, max-snippet:-1, max-image-preview:large, max-video-preview:-1\" \/>\n<link rel=\"canonical\" href=\"https:\/\/orthopara.store\/index.php\/produit\/floxia-sativa-savon-exfoliant-nourrissant-125gr\/\" \/>\n<meta property=\"og:locale\" content=\"fr_FR\" \/>\n<meta property=\"og:type\" content=\"article\" \/>\n<meta property=\"og:title\" content=\"Floxia sativa - Savon exfoliant nourrissant - 125gr - OrthoPara\" \/>\n<meta property=\"og:description\" content=\"Savon exfoliant nourrissant savon pour peau s\u00e8che et sensible Sative nettoie, nourrit et hydrate DLC 11\/2024\" \/>\n<meta property=\"og:url\" content=\"https:\/\/orthopara.store\/index.php\/produit\/floxia-sativa-savon-exfoliant-nourrissant-125gr\/\" \/>\n<meta property=\"og:site_name\" content=\"OrthoPara\" \/>\n<meta property=\"article:publisher\" content=\"https:\/\/www.facebook.com\/profile.php?id=61561194315651\" \/>\n<meta property=\"article:modified_time\" content=\"2024-06-28T13:51:22+00:00\" \/>\n<meta property=\"og:image\" content=\"https:\/\/orthopara.store\/wp-content\/uploads\/2024\/06\/savon-exfoliant-nourrissant-floxia-sativa-125gr.jpg\" \/>\n\t<meta property=\"og:image:width\" content=\"800\" \/>\n\t<meta property=\"og:image:height\" content=\"800\" \/>\n\t<meta property=\"og:image:type\" content=\"image\/jpeg\" \/>\n<meta name=\"twitter:card\" content=\"summary_large_image\" \/>\n<meta name=\"twitter:label1\" content=\"Dur\u00e9e de lecture estim\u00e9e\" \/>\n\t<meta name=\"twitter:data1\" content=\"1 minute\" \/>\n<script type=\"application\/ld+json\" class=\"yoast-schema-graph\">{\"@context\":\"https:\/\/schema.org\",\"@graph\":[{\"@type\":\"WebPage\",\"@id\":\"https:\/\/orthopara.store\/index.php\/produit\/floxia-sativa-savon-exfoliant-nourrissant-125gr\/\",\"url\":\"https:\/\/orthopara.store\/index.php\/produit\/floxia-sativa-savon-exfoliant-nourrissant-125gr\/\",\"name\":\"Floxia sativa - Savon exfoliant nourrissant - 125gr - OrthoPara\",\"isPartOf\":{\"@id\":\"https:\/\/orthopara.store\/#website\"},\"primaryImageOfPage\":{\"@id\":\"https:\/\/orthopara.store\/index.php\/produit\/floxia-sativa-savon-exfoliant-nourrissant-125gr\/#primaryimage\"},\"image\":{\"@id\":\"https:\/\/orthopara.store\/index.php\/produit\/floxia-sativa-savon-exfoliant-nourrissant-125gr\/#primaryimage\"},\"thumbnailUrl\":\"https:\/\/orthopara.store\/wp-content\/uploads\/2024\/06\/savon-exfoliant-nourrissant-floxia-sativa-125gr.jpg\",\"datePublished\":\"2024-06-28T13:51:14+00:00\",\"dateModified\":\"2024-06-28T13:51:22+00:00\",\"breadcrumb\":{\"@id\":\"https:\/\/orthopara.store\/index.php\/produit\/floxia-sativa-savon-exfoliant-nourrissant-125gr\/#breadcrumb\"},\"inLanguage\":\"fr-FR\",\"potentialAction\":[{\"@type\":\"ReadAction\",\"target\":[\"https:\/\/orthopara.store\/index.php\/produit\/floxia-sativa-savon-exfoliant-nourrissant-125gr\/\"]}]},{\"@type\":\"ImageObject\",\"inLanguage\":\"fr-FR\",\"@id\":\"https:\/\/orthopara.store\/index.php\/produit\/floxia-sativa-savon-exfoliant-nourrissant-125gr\/#primaryimage\",\"url\":\"https:\/\/orthopara.store\/wp-content\/uploads\/2024\/06\/savon-exfoliant-nourrissant-floxia-sativa-125gr.jpg\",\"contentUrl\":\"https:\/\/orthopara.store\/wp-content\/uploads\/2024\/06\/savon-exfoliant-nourrissant-floxia-sativa-125gr.jpg\",\"width\":800,\"height\":800},{\"@type\":\"BreadcrumbList\",\"@id\":\"https:\/\/orthopara.store\/index.php\/produit\/floxia-sativa-savon-exfoliant-nourrissant-125gr\/#breadcrumb\",\"itemListElement\":[{\"@type\":\"ListItem\",\"position\":1,\"name\":\"Accueil\",\"item\":\"https:\/\/orthopara.store\/\"},{\"@type\":\"ListItem\",\"position\":2,\"name\":\"Shop\",\"item\":\"https:\/\/orthopara.store\/?page_id=622\"},{\"@type\":\"ListItem\",\"position\":3,\"name\":\"Floxia sativa &#8211; Savon exfoliant nourrissant &#8211; 125gr\"}]},{\"@type\":\"WebSite\",\"@id\":\"https:\/\/orthopara.store\/#website\",\"url\":\"https:\/\/orthopara.store\/\",\"name\":\"OrthoPara\",\"description\":\"Parapharmacie\",\"publisher\":{\"@id\":\"https:\/\/orthopara.store\/#organization\"},\"potentialAction\":[{\"@type\":\"SearchAction\",\"target\":{\"@type\":\"EntryPoint\",\"urlTemplate\":\"https:\/\/orthopara.store\/?s={search_term_string}\"},\"query-input\":\"required name=search_term_string\"}],\"inLanguage\":\"fr-FR\"},{\"@type\":\"Organization\",\"@id\":\"https:\/\/orthopara.store\/#organization\",\"name\":\"OrthoPara\",\"url\":\"https:\/\/orthopara.store\/\",\"logo\":{\"@type\":\"ImageObject\",\"inLanguage\":\"fr-FR\",\"@id\":\"https:\/\/orthopara.store\/#\/schema\/logo\/image\/\",\"url\":\"https:\/\/orthopara.store\/wp-content\/uploads\/2024\/06\/cropped-9ABA8BAD-6256-4719-9315-15C66E64E882.png\",\"contentUrl\":\"https:\/\/orthopara.store\/wp-content\/uploads\/2024\/06\/cropped-9ABA8BAD-6256-4719-9315-15C66E64E882.png\",\"width\":240,\"height\":72,\"caption\":\"OrthoPara\"},\"image\":{\"@id\":\"https:\/\/orthopara.store\/#\/schema\/logo\/image\/\"},\"sameAs\":[\"https:\/\/www.facebook.com\/profile.php?id=61561194315651\",\"https:\/\/www.instagram.com\/orthopara_tunisie\/\"]}]}<\/script>\n<!-- \/ Yoast SEO plugin. -->","yoast_head_json":{"title":"Floxia sativa - Savon exfoliant nourrissant - 125gr - OrthoPara","robots":{"index":"index","follow":"follow","max-snippet":"max-snippet:-1","max-image-preview":"max-image-preview:large","max-video-preview":"max-video-preview:-1"},"canonical":"https:\/\/orthopara.store\/index.php\/produit\/floxia-sativa-savon-exfoliant-nourrissant-125gr\/","og_locale":"fr_FR","og_type":"article","og_title":"Floxia sativa - Savon exfoliant nourrissant - 125gr - OrthoPara","og_description":"Savon exfoliant nourrissant savon pour peau s\u00e8che et sensible Sative nettoie, nourrit et hydrate DLC 11\/2024","og_url":"https:\/\/orthopara.store\/index.php\/produit\/floxia-sativa-savon-exfoliant-nourrissant-125gr\/","og_site_name":"OrthoPara","article_publisher":"https:\/\/www.facebook.com\/profile.php?id=61561194315651","article_modified_time":"2024-06-28T13:51:22+00:00","og_image":[{"width":800,"height":800,"url":"https:\/\/orthopara.store\/wp-content\/uploads\/2024\/06\/savon-exfoliant-nourrissant-floxia-sativa-125gr.jpg","type":"image\/jpeg"}],"twitter_card":"summary_large_image","twitter_misc":{"Dur\u00e9e de lecture estim\u00e9e":"1 minute"},"schema":{"@context":"https:\/\/schema.org","@graph":[{"@type":"WebPage","@id":"https:\/\/orthopara.store\/index.php\/produit\/floxia-sativa-savon-exfoliant-nourrissant-125gr\/","url":"https:\/\/orthopara.store\/index.php\/produit\/floxia-sativa-savon-exfoliant-nourrissant-125gr\/","name":"Floxia sativa - Savon exfoliant nourrissant - 125gr - OrthoPara","isPartOf":{"@id":"https:\/\/orthopara.store\/#website"},"primaryImageOfPage":{"@id":"https:\/\/orthopara.store\/index.php\/produit\/floxia-sativa-savon-exfoliant-nourrissant-125gr\/#primaryimage"},"image":{"@id":"https:\/\/orthopara.store\/index.php\/produit\/floxia-sativa-savon-exfoliant-nourrissant-125gr\/#primaryimage"},"thumbnailUrl":"https:\/\/orthopara.store\/wp-content\/uploads\/2024\/06\/savon-exfoliant-nourrissant-floxia-sativa-125gr.jpg","datePublished":"2024-06-28T13:51:14+00:00","dateModified":"2024-06-28T13:51:22+00:00","breadcrumb":{"@id":"https:\/\/orthopara.store\/index.php\/produit\/floxia-sativa-savon-exfoliant-nourrissant-125gr\/#breadcrumb"},"inLanguage":"fr-FR","potentialAction":[{"@type":"ReadAction","target":["https:\/\/orthopara.store\/index.php\/produit\/floxia-sativa-savon-exfoliant-nourrissant-125gr\/"]}]},{"@type":"ImageObject","inLanguage":"fr-FR","@id":"https:\/\/orthopara.store\/index.php\/produit\/floxia-sativa-savon-exfoliant-nourrissant-125gr\/#primaryimage","url":"https:\/\/orthopara.store\/wp-content\/uploads\/2024\/06\/savon-exfoliant-nourrissant-floxia-sativa-125gr.jpg","contentUrl":"https:\/\/orthopara.store\/wp-content\/uploads\/2024\/06\/savon-exfoliant-nourrissant-floxia-sativa-125gr.jpg","width":800,"height":800},{"@type":"BreadcrumbList","@id":"https:\/\/orthopara.store\/index.php\/produit\/floxia-sativa-savon-exfoliant-nourrissant-125gr\/#breadcrumb","itemListElement":[{"@type":"ListItem","position":1,"name":"Accueil","item":"https:\/\/orthopara.store\/"},{"@type":"ListItem","position":2,"name":"Shop","item":"https:\/\/orthopara.store\/?page_id=622"},{"@type":"ListItem","position":3,"name":"Floxia sativa &#8211; Savon exfoliant nourrissant &#8211; 125gr"}]},{"@type":"WebSite","@id":"https:\/\/orthopara.store\/#website","url":"https:\/\/orthopara.store\/","name":"OrthoPara","description":"Parapharmacie","publisher":{"@id":"https:\/\/orthopara.store\/#organization"},"potentialAction":[{"@type":"SearchAction","target":{"@type":"EntryPoint","urlTemplate":"https:\/\/orthopara.store\/?s={search_term_string}"},"query-input":"required name=search_term_string"}],"inLanguage":"fr-FR"},{"@type":"Organization","@id":"https:\/\/orthopara.store\/#organization","name":"OrthoPara","url":"https:\/\/orthopara.store\/","logo":{"@type":"ImageObject","inLanguage":"fr-FR","@id":"https:\/\/orthopara.store\/#\/schema\/logo\/image\/","url":"https:\/\/orthopara.store\/wp-content\/uploads\/2024\/06\/cropped-9ABA8BAD-6256-4719-9315-15C66E64E882.png","contentUrl":"https:\/\/orthopara.store\/wp-content\/uploads\/2024\/06\/cropped-9ABA8BAD-6256-4719-9315-15C66E64E882.png","width":240,"height":72,"caption":"OrthoPara"},"image":{"@id":"https:\/\/orthopara.store\/#\/schema\/logo\/image\/"},"sameAs":["https:\/\/www.facebook.com\/profile.php?id=61561194315651","https:\/\/www.instagram.com\/orthopara_tunisie\/"]}]}},"jetpack_sharing_enabled":true,"brands":[{"id":120,"name":"FLOXIA","slug":"floxia"}],"_links":{"self":[{"href":"https:\/\/orthopara.store\/index.php?rest_route=\/wp\/v2\/product\/1028","targetHints":{"allow":["GET"]}}],"collection":[{"href":"https:\/\/orthopara.store\/index.php?rest_route=\/wp\/v2\/product"}],"about":[{"href":"https:\/\/orthopara.store\/index.php?rest_route=\/wp\/v2\/types\/product"}],"replies":[{"embeddable":true,"href":"https:\/\/orthopara.store\/index.php?rest_route=%2Fwp%2Fv2%2Fcomments&post=1028"}],"wp:featuredmedia":[{"embeddable":true,"href":"https:\/\/orthopara.store\/index.php?rest_route=\/wp\/v2\/media\/1055"}],"wp:attachment":[{"href":"https:\/\/orthopara.store\/index.php?rest_route=%2Fwp%2Fv2%2Fmedia&parent=1028"}],"wp:term":[{"taxonomy":"pwb-brand","embeddable":true,"href":"https:\/\/orthopara.store\/index.php?rest_route=%2Fwp%2Fv2%2Fpwb-brand&post=1028"},{"taxonomy":"product_cat","embeddable":true,"href":"https:\/\/orthopara.store\/index.php?rest_route=%2Fwp%2Fv2%2Fproduct_cat&post=1028"},{"taxonomy":"product_tag","embeddable":true,"href":"https:\/\/orthopara.store\/index.php?rest_route=%2Fwp%2Fv2%2Fproduct_tag&post=1028"}],"curies":[{"name":"wp","href":"https:\/\/api.w.org\/{rel}","templated":true}]}}