{"id":1030,"date":"2024-06-28T15:51:14","date_gmt":"2024-06-28T13:51:14","guid":{"rendered":"https:\/\/orthopara.store\/?post_type=product&#038;p=1030"},"modified":"2024-06-28T15:51:23","modified_gmt":"2024-06-28T13:51:23","slug":"masque-pelliculable-depigmentant-bio-taches-100ml","status":"publish","type":"product","link":"https:\/\/orthopara.store\/?product=masque-pelliculable-depigmentant-bio-taches-100ml","title":{"rendered":"Masque pelliculable d\u00e9pigmentant &#8211; Bio Taches &#8211; 100ml"},"content":{"rendered":"<p>Masque pelliculable d\u00e9pigmentant &#8211; Bio Taches &#8211; 100ml<br \/>\nPr\u00e9parer votre peau \u00e0 mieux recevoir les soins gr\u00e2ce \u00e0 une exfoliation en douceur.<br \/>\nBio-Taches\u00ae Masque est un soin apportant une solution pour la prise en charge des t\u00e2ches brunes et de l&rsquo;hyperpigmentation cutan\u00e9e, notamment dans les cas suivants : M\u00e9lasma (masque de grossesse), dyschromie (taches de vieillesse), lentigo solaire, marques cicatricielles post-inflammatoires (acn\u00e9,\u2026).<br \/>\nBio-Taches\u00ae Masque diminue les taches brunes existantes tout en pr\u00e9venant l\u2019apparition de nouvelles taches. Il \u00e9claircit la peau tout en la purifiant et laisse une sensation de douceur gr\u00e2ce \u00e0 une exfoliation d\u00e9licate.<br \/>\nIngr\u00e9dients actifs :<br \/>\nBioWhite\u2122 : une combinaison d&rsquo;extraits de plantes aux effets d\u00e9pigmentants et antiradicalaires, qui stimule la production de collag\u00e8ne.<br \/>\nKaolin : une argile douce et poreuse qui absorbe les impuret\u00e9s de la peau.<br \/>\nVitamine E : ingr\u00e9dient d\u00e9pigmentant aux effets hydratants et antiradicalaires pour prot\u00e9ger la peau du photo-vieillissement.<br \/>\nAgents hydratants.<br \/>\nBio-Taches\u00ae Masque permet d&rsquo;effectuer une exfoliation douce de la peau et d&rsquo;\u00e9liminer les cellules mortes. En \u00e9claircissant la carnation cutan\u00e9e, la peau appara\u00eet plus fra\u00eeche et naturellement propre.<br \/>\nIndications :<br \/>\nPour le traitement des taches brunes et de l&rsquo;hyperpigmentation cutan\u00e9.<br \/>\nMade in France<br \/>\nConseils d&rsquo;utilisation :<br \/>\nAppliquer Bio-Taches\u00ae Masque Appliquer uniform\u00e9ment, deux fois par semaine, sur le visage et le cou. Laisser s\u00e9cher 20 minutes puis retirer le masque en tirant d\u00e9licatement de bas en haut.<br \/>\nL&rsquo;action d\u00e9pigmentante peut \u00eatre compl\u00e9t\u00e9e en appliquant quotidiennement Bio-Taches\u00ae Emulsion (en soin de jour), Bio-Taches\u00ae Serum (en soin de nuit) et Bio-Taches\u00ae Solaire Invisible ou Bio-Taches\u00ae Solaire Teint\u00e9e \u00e0 chaque exposition au soleil.<br \/>\nTenir hors de port\u00e9e des enfants.\u00a0<br \/>\nUsage externe<br \/>\nComposition :<br \/>\nFomrule INCI : Aqua, Alcohol Denat, Polyvinyl Alcohol, Glycerin, Kaolin, Laureth-4, PVP, CI 77891, Aluminum Starch Octenylsuccinate, Polyacrylamide, Phenoxyethanol, C13-14 Isoparaffin, Saxifraga Sarmentosa Extract, Vitis Vinifera Fruit Extract, Methylparaben, Butylene Glycol, Bisabolol, Tetrasodium EDTA, Laureth-7, Citrus Reticulata Peel Oil, Sodium Metabisulfite, Sodium Sulfite, Triethanolamine, Morus Bombycis Root Extract, Scutellaria Baicalensis Root Extract, Disodium EDTA<\/p>\n","protected":false},"excerpt":{"rendered":"<p>Masque Pelliculable D\u00e9pigmentant\u00a0<br \/>\nPr\u00e9parer votre peau \u00e0 mieux recevoir les soins gr\u00e2ce \u00e0 une exfoliation en douceur!<br \/>\nBio-Taches\u00ae Masque permet d&rsquo;effectuer une exfoliation douce de la peau et d&rsquo;\u00e9liminer les cellules mortes. En \u00e9claircissant la carnation cutan\u00e9e, la peau appara\u00eet plus fra\u00eeche et naturellement propre.<br \/>\nConditionnement : Tube de 100ml<\/p>\n","protected":false},"featured_media":1057,"comment_status":"open","ping_status":"closed","template":"","meta":[],"pwb-brand":[121],"product_cat":[116],"product_tag":[],"class_list":{"0":"post-1030","1":"product","2":"type-product","3":"status-publish","4":"has-post-thumbnail","6":"pwb-brand-bio-tache","7":"product_cat-masques-visage-et-gommage","8":"post","9":"ws-product--style-1","11":"first","12":"instock","13":"shipping-taxable","14":"purchasable","15":"product-type-simple"},"yoast_head":"<!-- This site is optimized with the Yoast SEO plugin v23.0 - https:\/\/yoast.com\/wordpress\/plugins\/seo\/ -->\n<title>Masque pelliculable d\u00e9pigmentant - Bio Taches - 100ml - OrthoPara<\/title>\n<meta name=\"robots\" content=\"index, follow, max-snippet:-1, max-image-preview:large, max-video-preview:-1\" \/>\n<link rel=\"canonical\" href=\"https:\/\/orthopara.store\/index.php\/produit\/masque-pelliculable-depigmentant-bio-taches-100ml\/\" \/>\n<meta property=\"og:locale\" content=\"fr_FR\" \/>\n<meta property=\"og:type\" content=\"article\" \/>\n<meta property=\"og:title\" content=\"Masque pelliculable d\u00e9pigmentant - Bio Taches - 100ml - OrthoPara\" \/>\n<meta property=\"og:description\" content=\"Masque Pelliculable D\u00e9pigmentant\u00a0 Pr\u00e9parer votre peau \u00e0 mieux recevoir les soins gr\u00e2ce \u00e0 une exfoliation en douceur! Bio-Taches\u00ae Masque permet d&#039;effectuer une exfoliation douce de la peau et d&#039;\u00e9liminer les cellules mortes. En \u00e9claircissant la carnation cutan\u00e9e, la peau appara\u00eet plus fra\u00eeche et naturellement propre. Conditionnement : Tube de 100ml\" \/>\n<meta property=\"og:url\" content=\"https:\/\/orthopara.store\/index.php\/produit\/masque-pelliculable-depigmentant-bio-taches-100ml\/\" \/>\n<meta property=\"og:site_name\" content=\"OrthoPara\" \/>\n<meta property=\"article:publisher\" content=\"https:\/\/www.facebook.com\/profile.php?id=61561194315651\" \/>\n<meta property=\"article:modified_time\" content=\"2024-06-28T13:51:23+00:00\" \/>\n<meta property=\"og:image\" content=\"https:\/\/orthopara.store\/wp-content\/uploads\/2024\/06\/masque-bio-tache-depigmentant-de-visage-100ml.jpg\" \/>\n\t<meta property=\"og:image:width\" content=\"800\" \/>\n\t<meta property=\"og:image:height\" content=\"800\" \/>\n\t<meta property=\"og:image:type\" content=\"image\/jpeg\" \/>\n<meta name=\"twitter:card\" content=\"summary_large_image\" \/>\n<meta name=\"twitter:label1\" content=\"Dur\u00e9e de lecture estim\u00e9e\" \/>\n\t<meta name=\"twitter:data1\" content=\"2 minutes\" \/>\n<script type=\"application\/ld+json\" class=\"yoast-schema-graph\">{\"@context\":\"https:\/\/schema.org\",\"@graph\":[{\"@type\":\"WebPage\",\"@id\":\"https:\/\/orthopara.store\/index.php\/produit\/masque-pelliculable-depigmentant-bio-taches-100ml\/\",\"url\":\"https:\/\/orthopara.store\/index.php\/produit\/masque-pelliculable-depigmentant-bio-taches-100ml\/\",\"name\":\"Masque pelliculable d\u00e9pigmentant - Bio Taches - 100ml - OrthoPara\",\"isPartOf\":{\"@id\":\"https:\/\/orthopara.store\/#website\"},\"primaryImageOfPage\":{\"@id\":\"https:\/\/orthopara.store\/index.php\/produit\/masque-pelliculable-depigmentant-bio-taches-100ml\/#primaryimage\"},\"image\":{\"@id\":\"https:\/\/orthopara.store\/index.php\/produit\/masque-pelliculable-depigmentant-bio-taches-100ml\/#primaryimage\"},\"thumbnailUrl\":\"https:\/\/orthopara.store\/wp-content\/uploads\/2024\/06\/masque-bio-tache-depigmentant-de-visage-100ml.jpg\",\"datePublished\":\"2024-06-28T13:51:14+00:00\",\"dateModified\":\"2024-06-28T13:51:23+00:00\",\"breadcrumb\":{\"@id\":\"https:\/\/orthopara.store\/index.php\/produit\/masque-pelliculable-depigmentant-bio-taches-100ml\/#breadcrumb\"},\"inLanguage\":\"fr-FR\",\"potentialAction\":[{\"@type\":\"ReadAction\",\"target\":[\"https:\/\/orthopara.store\/index.php\/produit\/masque-pelliculable-depigmentant-bio-taches-100ml\/\"]}]},{\"@type\":\"ImageObject\",\"inLanguage\":\"fr-FR\",\"@id\":\"https:\/\/orthopara.store\/index.php\/produit\/masque-pelliculable-depigmentant-bio-taches-100ml\/#primaryimage\",\"url\":\"https:\/\/orthopara.store\/wp-content\/uploads\/2024\/06\/masque-bio-tache-depigmentant-de-visage-100ml.jpg\",\"contentUrl\":\"https:\/\/orthopara.store\/wp-content\/uploads\/2024\/06\/masque-bio-tache-depigmentant-de-visage-100ml.jpg\",\"width\":800,\"height\":800},{\"@type\":\"BreadcrumbList\",\"@id\":\"https:\/\/orthopara.store\/index.php\/produit\/masque-pelliculable-depigmentant-bio-taches-100ml\/#breadcrumb\",\"itemListElement\":[{\"@type\":\"ListItem\",\"position\":1,\"name\":\"Accueil\",\"item\":\"https:\/\/orthopara.store\/\"},{\"@type\":\"ListItem\",\"position\":2,\"name\":\"Shop\",\"item\":\"https:\/\/orthopara.store\/?page_id=622\"},{\"@type\":\"ListItem\",\"position\":3,\"name\":\"Masque pelliculable d\u00e9pigmentant &#8211; Bio Taches &#8211; 100ml\"}]},{\"@type\":\"WebSite\",\"@id\":\"https:\/\/orthopara.store\/#website\",\"url\":\"https:\/\/orthopara.store\/\",\"name\":\"OrthoPara\",\"description\":\"Parapharmacie\",\"publisher\":{\"@id\":\"https:\/\/orthopara.store\/#organization\"},\"potentialAction\":[{\"@type\":\"SearchAction\",\"target\":{\"@type\":\"EntryPoint\",\"urlTemplate\":\"https:\/\/orthopara.store\/?s={search_term_string}\"},\"query-input\":\"required name=search_term_string\"}],\"inLanguage\":\"fr-FR\"},{\"@type\":\"Organization\",\"@id\":\"https:\/\/orthopara.store\/#organization\",\"name\":\"OrthoPara\",\"url\":\"https:\/\/orthopara.store\/\",\"logo\":{\"@type\":\"ImageObject\",\"inLanguage\":\"fr-FR\",\"@id\":\"https:\/\/orthopara.store\/#\/schema\/logo\/image\/\",\"url\":\"https:\/\/orthopara.store\/wp-content\/uploads\/2024\/06\/cropped-9ABA8BAD-6256-4719-9315-15C66E64E882.png\",\"contentUrl\":\"https:\/\/orthopara.store\/wp-content\/uploads\/2024\/06\/cropped-9ABA8BAD-6256-4719-9315-15C66E64E882.png\",\"width\":240,\"height\":72,\"caption\":\"OrthoPara\"},\"image\":{\"@id\":\"https:\/\/orthopara.store\/#\/schema\/logo\/image\/\"},\"sameAs\":[\"https:\/\/www.facebook.com\/profile.php?id=61561194315651\",\"https:\/\/www.instagram.com\/orthopara_tunisie\/\"]}]}<\/script>\n<!-- \/ Yoast SEO plugin. -->","yoast_head_json":{"title":"Masque pelliculable d\u00e9pigmentant - Bio Taches - 100ml - OrthoPara","robots":{"index":"index","follow":"follow","max-snippet":"max-snippet:-1","max-image-preview":"max-image-preview:large","max-video-preview":"max-video-preview:-1"},"canonical":"https:\/\/orthopara.store\/index.php\/produit\/masque-pelliculable-depigmentant-bio-taches-100ml\/","og_locale":"fr_FR","og_type":"article","og_title":"Masque pelliculable d\u00e9pigmentant - Bio Taches - 100ml - OrthoPara","og_description":"Masque Pelliculable D\u00e9pigmentant\u00a0 Pr\u00e9parer votre peau \u00e0 mieux recevoir les soins gr\u00e2ce \u00e0 une exfoliation en douceur! Bio-Taches\u00ae Masque permet d'effectuer une exfoliation douce de la peau et d'\u00e9liminer les cellules mortes. En \u00e9claircissant la carnation cutan\u00e9e, la peau appara\u00eet plus fra\u00eeche et naturellement propre. Conditionnement : Tube de 100ml","og_url":"https:\/\/orthopara.store\/index.php\/produit\/masque-pelliculable-depigmentant-bio-taches-100ml\/","og_site_name":"OrthoPara","article_publisher":"https:\/\/www.facebook.com\/profile.php?id=61561194315651","article_modified_time":"2024-06-28T13:51:23+00:00","og_image":[{"width":800,"height":800,"url":"https:\/\/orthopara.store\/wp-content\/uploads\/2024\/06\/masque-bio-tache-depigmentant-de-visage-100ml.jpg","type":"image\/jpeg"}],"twitter_card":"summary_large_image","twitter_misc":{"Dur\u00e9e de lecture estim\u00e9e":"2 minutes"},"schema":{"@context":"https:\/\/schema.org","@graph":[{"@type":"WebPage","@id":"https:\/\/orthopara.store\/index.php\/produit\/masque-pelliculable-depigmentant-bio-taches-100ml\/","url":"https:\/\/orthopara.store\/index.php\/produit\/masque-pelliculable-depigmentant-bio-taches-100ml\/","name":"Masque pelliculable d\u00e9pigmentant - Bio Taches - 100ml - OrthoPara","isPartOf":{"@id":"https:\/\/orthopara.store\/#website"},"primaryImageOfPage":{"@id":"https:\/\/orthopara.store\/index.php\/produit\/masque-pelliculable-depigmentant-bio-taches-100ml\/#primaryimage"},"image":{"@id":"https:\/\/orthopara.store\/index.php\/produit\/masque-pelliculable-depigmentant-bio-taches-100ml\/#primaryimage"},"thumbnailUrl":"https:\/\/orthopara.store\/wp-content\/uploads\/2024\/06\/masque-bio-tache-depigmentant-de-visage-100ml.jpg","datePublished":"2024-06-28T13:51:14+00:00","dateModified":"2024-06-28T13:51:23+00:00","breadcrumb":{"@id":"https:\/\/orthopara.store\/index.php\/produit\/masque-pelliculable-depigmentant-bio-taches-100ml\/#breadcrumb"},"inLanguage":"fr-FR","potentialAction":[{"@type":"ReadAction","target":["https:\/\/orthopara.store\/index.php\/produit\/masque-pelliculable-depigmentant-bio-taches-100ml\/"]}]},{"@type":"ImageObject","inLanguage":"fr-FR","@id":"https:\/\/orthopara.store\/index.php\/produit\/masque-pelliculable-depigmentant-bio-taches-100ml\/#primaryimage","url":"https:\/\/orthopara.store\/wp-content\/uploads\/2024\/06\/masque-bio-tache-depigmentant-de-visage-100ml.jpg","contentUrl":"https:\/\/orthopara.store\/wp-content\/uploads\/2024\/06\/masque-bio-tache-depigmentant-de-visage-100ml.jpg","width":800,"height":800},{"@type":"BreadcrumbList","@id":"https:\/\/orthopara.store\/index.php\/produit\/masque-pelliculable-depigmentant-bio-taches-100ml\/#breadcrumb","itemListElement":[{"@type":"ListItem","position":1,"name":"Accueil","item":"https:\/\/orthopara.store\/"},{"@type":"ListItem","position":2,"name":"Shop","item":"https:\/\/orthopara.store\/?page_id=622"},{"@type":"ListItem","position":3,"name":"Masque pelliculable d\u00e9pigmentant &#8211; Bio Taches &#8211; 100ml"}]},{"@type":"WebSite","@id":"https:\/\/orthopara.store\/#website","url":"https:\/\/orthopara.store\/","name":"OrthoPara","description":"Parapharmacie","publisher":{"@id":"https:\/\/orthopara.store\/#organization"},"potentialAction":[{"@type":"SearchAction","target":{"@type":"EntryPoint","urlTemplate":"https:\/\/orthopara.store\/?s={search_term_string}"},"query-input":"required name=search_term_string"}],"inLanguage":"fr-FR"},{"@type":"Organization","@id":"https:\/\/orthopara.store\/#organization","name":"OrthoPara","url":"https:\/\/orthopara.store\/","logo":{"@type":"ImageObject","inLanguage":"fr-FR","@id":"https:\/\/orthopara.store\/#\/schema\/logo\/image\/","url":"https:\/\/orthopara.store\/wp-content\/uploads\/2024\/06\/cropped-9ABA8BAD-6256-4719-9315-15C66E64E882.png","contentUrl":"https:\/\/orthopara.store\/wp-content\/uploads\/2024\/06\/cropped-9ABA8BAD-6256-4719-9315-15C66E64E882.png","width":240,"height":72,"caption":"OrthoPara"},"image":{"@id":"https:\/\/orthopara.store\/#\/schema\/logo\/image\/"},"sameAs":["https:\/\/www.facebook.com\/profile.php?id=61561194315651","https:\/\/www.instagram.com\/orthopara_tunisie\/"]}]}},"jetpack_sharing_enabled":true,"brands":[{"id":121,"name":"BIO-TACHE","slug":"bio-tache"}],"_links":{"self":[{"href":"https:\/\/orthopara.store\/index.php?rest_route=\/wp\/v2\/product\/1030","targetHints":{"allow":["GET"]}}],"collection":[{"href":"https:\/\/orthopara.store\/index.php?rest_route=\/wp\/v2\/product"}],"about":[{"href":"https:\/\/orthopara.store\/index.php?rest_route=\/wp\/v2\/types\/product"}],"replies":[{"embeddable":true,"href":"https:\/\/orthopara.store\/index.php?rest_route=%2Fwp%2Fv2%2Fcomments&post=1030"}],"wp:featuredmedia":[{"embeddable":true,"href":"https:\/\/orthopara.store\/index.php?rest_route=\/wp\/v2\/media\/1057"}],"wp:attachment":[{"href":"https:\/\/orthopara.store\/index.php?rest_route=%2Fwp%2Fv2%2Fmedia&parent=1030"}],"wp:term":[{"taxonomy":"pwb-brand","embeddable":true,"href":"https:\/\/orthopara.store\/index.php?rest_route=%2Fwp%2Fv2%2Fpwb-brand&post=1030"},{"taxonomy":"product_cat","embeddable":true,"href":"https:\/\/orthopara.store\/index.php?rest_route=%2Fwp%2Fv2%2Fproduct_cat&post=1030"},{"taxonomy":"product_tag","embeddable":true,"href":"https:\/\/orthopara.store\/index.php?rest_route=%2Fwp%2Fv2%2Fproduct_tag&post=1030"}],"curies":[{"name":"wp","href":"https:\/\/api.w.org\/{rel}","templated":true}]}}