{"id":1031,"date":"2024-06-28T15:51:14","date_gmt":"2024-06-28T13:51:14","guid":{"rendered":"https:\/\/orthopara.store\/?post_type=product&#038;p=1031"},"modified":"2024-06-28T15:51:23","modified_gmt":"2024-06-28T13:51:23","slug":"gamarde-hygiene-douceur-gommage-douceur-visage-40ml","status":"publish","type":"product","link":"https:\/\/orthopara.store\/?product=gamarde-hygiene-douceur-gommage-douceur-visage-40ml","title":{"rendered":"Gamarde Hygi\u00e8ne Douceur &#8211; Gommage douceur visage &#8211; 40ml"},"content":{"rendered":"<p>Actifs cl\u00e9s :<br \/>\nCellulose d&rsquo;origine v\u00e9g\u00e9tale : absorbante, exfoliant doux<br \/>\nHuile d&rsquo;Argan : rentre donc dans la pr\u00e9vention du vieillissement cutan\u00e9 acc\u00e9l\u00e9r\u00e9. Elle aide notamment \u00e0 lisser les ridules et \u00e0 revitaliser l\u2019apparence des peaux matures ou rel\u00e2ch\u00e9es. En plus de son activit\u00e9 nourrissante, tonifiante et assouplissante<br \/>\nHuile essentielle de Citron : r\u00e9gule la production de s\u00e9bum et resserre les pores de la peau<br \/>\nHuile essentielle de Clou de Girofle : Aide \u00e0 r\u00e9guler la s\u00e9cr\u00e9tion de s\u00e9bum, contribuant ainsi \u00e0 r\u00e9duire l&rsquo;exc\u00e8s de brillance et \u00e0 minimiser l&rsquo;apparition de boutons, \u00e0 \u00e9liminer les bact\u00e9ries responsables de l&rsquo;acn\u00e9 et des \u00e9ruptions cutan\u00e9es<br \/>\nHuile essentielle de Lavandin : apaisante, riche en antioxydants<br \/>\nConseils d&rsquo;utilisation :<br \/>\nAppliquer une fine couche de Gommage Douceur sur l\u2019ensemble du visage, des paupi\u00e8res, des l\u00e8vres et du cou, laisser poser 5 minutes. Gommer avec la pulpe des doigts de l\u2019int\u00e9rieur vers l\u2019ext\u00e9rieur du visage, rincer. Pour un confort maximum, appliquer une serviette humide et ti\u00e8de sur le visage et le cou.<br \/>\nContenance :<br \/>\n40ml<\/p>\n","protected":false},"excerpt":{"rendered":"<p>Exfoliant visage sans grains<br \/>\nCe gommage \u00e0 base de cellulose v\u00e9g\u00e9tale, enrichi en l\u2019Huile d\u2019Argan Bio et en Eau Thermale de Gamarde-les-Bains dermo-protectrice, exfolie en douceur sans agresser. Votre teint est lumineux, votre peau est fraiche et douce.<\/p>\n","protected":false},"featured_media":1058,"comment_status":"open","ping_status":"closed","template":"","meta":[],"pwb-brand":[41],"product_cat":[116],"product_tag":[],"class_list":{"0":"post-1031","1":"product","2":"type-product","3":"status-publish","4":"has-post-thumbnail","6":"pwb-brand-gamarde","7":"product_cat-masques-visage-et-gommage","8":"post","9":"ws-product--style-1","11":"first","12":"instock","13":"shipping-taxable","14":"purchasable","15":"product-type-simple"},"yoast_head":"<!-- This site is optimized with the Yoast SEO plugin v23.0 - https:\/\/yoast.com\/wordpress\/plugins\/seo\/ -->\n<title>Gamarde Hygi\u00e8ne Douceur - Gommage douceur visage - 40ml - OrthoPara<\/title>\n<meta name=\"robots\" content=\"index, follow, max-snippet:-1, max-image-preview:large, max-video-preview:-1\" \/>\n<link rel=\"canonical\" href=\"https:\/\/orthopara.store\/index.php\/produit\/gamarde-hygiene-douceur-gommage-douceur-visage-40ml\/\" \/>\n<meta property=\"og:locale\" content=\"fr_FR\" \/>\n<meta property=\"og:type\" content=\"article\" \/>\n<meta property=\"og:title\" content=\"Gamarde Hygi\u00e8ne Douceur - Gommage douceur visage - 40ml - OrthoPara\" \/>\n<meta property=\"og:description\" content=\"Exfoliant visage sans grains Ce gommage \u00e0 base de cellulose v\u00e9g\u00e9tale, enrichi en l\u2019Huile d\u2019Argan Bio et en Eau Thermale de Gamarde-les-Bains dermo-protectrice, exfolie en douceur sans agresser. Votre teint est lumineux, votre peau est fraiche et douce.\" \/>\n<meta property=\"og:url\" content=\"https:\/\/orthopara.store\/index.php\/produit\/gamarde-hygiene-douceur-gommage-douceur-visage-40ml\/\" \/>\n<meta property=\"og:site_name\" content=\"OrthoPara\" \/>\n<meta property=\"article:publisher\" content=\"https:\/\/www.facebook.com\/profile.php?id=61561194315651\" \/>\n<meta property=\"article:modified_time\" content=\"2024-06-28T13:51:23+00:00\" \/>\n<meta property=\"og:image\" content=\"https:\/\/orthopara.store\/wp-content\/uploads\/2024\/06\/gamarde-hygiene-douceur-gommage-douceur-visage-40ml.jpg\" \/>\n\t<meta property=\"og:image:width\" content=\"800\" \/>\n\t<meta property=\"og:image:height\" content=\"800\" \/>\n\t<meta property=\"og:image:type\" content=\"image\/jpeg\" \/>\n<meta name=\"twitter:card\" content=\"summary_large_image\" \/>\n<meta name=\"twitter:label1\" content=\"Dur\u00e9e de lecture estim\u00e9e\" \/>\n\t<meta name=\"twitter:data1\" content=\"1 minute\" \/>\n<script type=\"application\/ld+json\" class=\"yoast-schema-graph\">{\"@context\":\"https:\/\/schema.org\",\"@graph\":[{\"@type\":\"WebPage\",\"@id\":\"https:\/\/orthopara.store\/index.php\/produit\/gamarde-hygiene-douceur-gommage-douceur-visage-40ml\/\",\"url\":\"https:\/\/orthopara.store\/index.php\/produit\/gamarde-hygiene-douceur-gommage-douceur-visage-40ml\/\",\"name\":\"Gamarde Hygi\u00e8ne Douceur - Gommage douceur visage - 40ml - OrthoPara\",\"isPartOf\":{\"@id\":\"https:\/\/orthopara.store\/#website\"},\"primaryImageOfPage\":{\"@id\":\"https:\/\/orthopara.store\/index.php\/produit\/gamarde-hygiene-douceur-gommage-douceur-visage-40ml\/#primaryimage\"},\"image\":{\"@id\":\"https:\/\/orthopara.store\/index.php\/produit\/gamarde-hygiene-douceur-gommage-douceur-visage-40ml\/#primaryimage\"},\"thumbnailUrl\":\"https:\/\/orthopara.store\/wp-content\/uploads\/2024\/06\/gamarde-hygiene-douceur-gommage-douceur-visage-40ml.jpg\",\"datePublished\":\"2024-06-28T13:51:14+00:00\",\"dateModified\":\"2024-06-28T13:51:23+00:00\",\"breadcrumb\":{\"@id\":\"https:\/\/orthopara.store\/index.php\/produit\/gamarde-hygiene-douceur-gommage-douceur-visage-40ml\/#breadcrumb\"},\"inLanguage\":\"fr-FR\",\"potentialAction\":[{\"@type\":\"ReadAction\",\"target\":[\"https:\/\/orthopara.store\/index.php\/produit\/gamarde-hygiene-douceur-gommage-douceur-visage-40ml\/\"]}]},{\"@type\":\"ImageObject\",\"inLanguage\":\"fr-FR\",\"@id\":\"https:\/\/orthopara.store\/index.php\/produit\/gamarde-hygiene-douceur-gommage-douceur-visage-40ml\/#primaryimage\",\"url\":\"https:\/\/orthopara.store\/wp-content\/uploads\/2024\/06\/gamarde-hygiene-douceur-gommage-douceur-visage-40ml.jpg\",\"contentUrl\":\"https:\/\/orthopara.store\/wp-content\/uploads\/2024\/06\/gamarde-hygiene-douceur-gommage-douceur-visage-40ml.jpg\",\"width\":800,\"height\":800},{\"@type\":\"BreadcrumbList\",\"@id\":\"https:\/\/orthopara.store\/index.php\/produit\/gamarde-hygiene-douceur-gommage-douceur-visage-40ml\/#breadcrumb\",\"itemListElement\":[{\"@type\":\"ListItem\",\"position\":1,\"name\":\"Accueil\",\"item\":\"https:\/\/orthopara.store\/\"},{\"@type\":\"ListItem\",\"position\":2,\"name\":\"Shop\",\"item\":\"https:\/\/orthopara.store\/?page_id=622\"},{\"@type\":\"ListItem\",\"position\":3,\"name\":\"Gamarde Hygi\u00e8ne Douceur &#8211; Gommage douceur visage &#8211; 40ml\"}]},{\"@type\":\"WebSite\",\"@id\":\"https:\/\/orthopara.store\/#website\",\"url\":\"https:\/\/orthopara.store\/\",\"name\":\"OrthoPara\",\"description\":\"Parapharmacie\",\"publisher\":{\"@id\":\"https:\/\/orthopara.store\/#organization\"},\"potentialAction\":[{\"@type\":\"SearchAction\",\"target\":{\"@type\":\"EntryPoint\",\"urlTemplate\":\"https:\/\/orthopara.store\/?s={search_term_string}\"},\"query-input\":\"required name=search_term_string\"}],\"inLanguage\":\"fr-FR\"},{\"@type\":\"Organization\",\"@id\":\"https:\/\/orthopara.store\/#organization\",\"name\":\"OrthoPara\",\"url\":\"https:\/\/orthopara.store\/\",\"logo\":{\"@type\":\"ImageObject\",\"inLanguage\":\"fr-FR\",\"@id\":\"https:\/\/orthopara.store\/#\/schema\/logo\/image\/\",\"url\":\"https:\/\/orthopara.store\/wp-content\/uploads\/2024\/06\/cropped-9ABA8BAD-6256-4719-9315-15C66E64E882.png\",\"contentUrl\":\"https:\/\/orthopara.store\/wp-content\/uploads\/2024\/06\/cropped-9ABA8BAD-6256-4719-9315-15C66E64E882.png\",\"width\":240,\"height\":72,\"caption\":\"OrthoPara\"},\"image\":{\"@id\":\"https:\/\/orthopara.store\/#\/schema\/logo\/image\/\"},\"sameAs\":[\"https:\/\/www.facebook.com\/profile.php?id=61561194315651\",\"https:\/\/www.instagram.com\/orthopara_tunisie\/\"]}]}<\/script>\n<!-- \/ Yoast SEO plugin. -->","yoast_head_json":{"title":"Gamarde Hygi\u00e8ne Douceur - Gommage douceur visage - 40ml - OrthoPara","robots":{"index":"index","follow":"follow","max-snippet":"max-snippet:-1","max-image-preview":"max-image-preview:large","max-video-preview":"max-video-preview:-1"},"canonical":"https:\/\/orthopara.store\/index.php\/produit\/gamarde-hygiene-douceur-gommage-douceur-visage-40ml\/","og_locale":"fr_FR","og_type":"article","og_title":"Gamarde Hygi\u00e8ne Douceur - Gommage douceur visage - 40ml - OrthoPara","og_description":"Exfoliant visage sans grains Ce gommage \u00e0 base de cellulose v\u00e9g\u00e9tale, enrichi en l\u2019Huile d\u2019Argan Bio et en Eau Thermale de Gamarde-les-Bains dermo-protectrice, exfolie en douceur sans agresser. Votre teint est lumineux, votre peau est fraiche et douce.","og_url":"https:\/\/orthopara.store\/index.php\/produit\/gamarde-hygiene-douceur-gommage-douceur-visage-40ml\/","og_site_name":"OrthoPara","article_publisher":"https:\/\/www.facebook.com\/profile.php?id=61561194315651","article_modified_time":"2024-06-28T13:51:23+00:00","og_image":[{"width":800,"height":800,"url":"https:\/\/orthopara.store\/wp-content\/uploads\/2024\/06\/gamarde-hygiene-douceur-gommage-douceur-visage-40ml.jpg","type":"image\/jpeg"}],"twitter_card":"summary_large_image","twitter_misc":{"Dur\u00e9e de lecture estim\u00e9e":"1 minute"},"schema":{"@context":"https:\/\/schema.org","@graph":[{"@type":"WebPage","@id":"https:\/\/orthopara.store\/index.php\/produit\/gamarde-hygiene-douceur-gommage-douceur-visage-40ml\/","url":"https:\/\/orthopara.store\/index.php\/produit\/gamarde-hygiene-douceur-gommage-douceur-visage-40ml\/","name":"Gamarde Hygi\u00e8ne Douceur - Gommage douceur visage - 40ml - OrthoPara","isPartOf":{"@id":"https:\/\/orthopara.store\/#website"},"primaryImageOfPage":{"@id":"https:\/\/orthopara.store\/index.php\/produit\/gamarde-hygiene-douceur-gommage-douceur-visage-40ml\/#primaryimage"},"image":{"@id":"https:\/\/orthopara.store\/index.php\/produit\/gamarde-hygiene-douceur-gommage-douceur-visage-40ml\/#primaryimage"},"thumbnailUrl":"https:\/\/orthopara.store\/wp-content\/uploads\/2024\/06\/gamarde-hygiene-douceur-gommage-douceur-visage-40ml.jpg","datePublished":"2024-06-28T13:51:14+00:00","dateModified":"2024-06-28T13:51:23+00:00","breadcrumb":{"@id":"https:\/\/orthopara.store\/index.php\/produit\/gamarde-hygiene-douceur-gommage-douceur-visage-40ml\/#breadcrumb"},"inLanguage":"fr-FR","potentialAction":[{"@type":"ReadAction","target":["https:\/\/orthopara.store\/index.php\/produit\/gamarde-hygiene-douceur-gommage-douceur-visage-40ml\/"]}]},{"@type":"ImageObject","inLanguage":"fr-FR","@id":"https:\/\/orthopara.store\/index.php\/produit\/gamarde-hygiene-douceur-gommage-douceur-visage-40ml\/#primaryimage","url":"https:\/\/orthopara.store\/wp-content\/uploads\/2024\/06\/gamarde-hygiene-douceur-gommage-douceur-visage-40ml.jpg","contentUrl":"https:\/\/orthopara.store\/wp-content\/uploads\/2024\/06\/gamarde-hygiene-douceur-gommage-douceur-visage-40ml.jpg","width":800,"height":800},{"@type":"BreadcrumbList","@id":"https:\/\/orthopara.store\/index.php\/produit\/gamarde-hygiene-douceur-gommage-douceur-visage-40ml\/#breadcrumb","itemListElement":[{"@type":"ListItem","position":1,"name":"Accueil","item":"https:\/\/orthopara.store\/"},{"@type":"ListItem","position":2,"name":"Shop","item":"https:\/\/orthopara.store\/?page_id=622"},{"@type":"ListItem","position":3,"name":"Gamarde Hygi\u00e8ne Douceur &#8211; Gommage douceur visage &#8211; 40ml"}]},{"@type":"WebSite","@id":"https:\/\/orthopara.store\/#website","url":"https:\/\/orthopara.store\/","name":"OrthoPara","description":"Parapharmacie","publisher":{"@id":"https:\/\/orthopara.store\/#organization"},"potentialAction":[{"@type":"SearchAction","target":{"@type":"EntryPoint","urlTemplate":"https:\/\/orthopara.store\/?s={search_term_string}"},"query-input":"required name=search_term_string"}],"inLanguage":"fr-FR"},{"@type":"Organization","@id":"https:\/\/orthopara.store\/#organization","name":"OrthoPara","url":"https:\/\/orthopara.store\/","logo":{"@type":"ImageObject","inLanguage":"fr-FR","@id":"https:\/\/orthopara.store\/#\/schema\/logo\/image\/","url":"https:\/\/orthopara.store\/wp-content\/uploads\/2024\/06\/cropped-9ABA8BAD-6256-4719-9315-15C66E64E882.png","contentUrl":"https:\/\/orthopara.store\/wp-content\/uploads\/2024\/06\/cropped-9ABA8BAD-6256-4719-9315-15C66E64E882.png","width":240,"height":72,"caption":"OrthoPara"},"image":{"@id":"https:\/\/orthopara.store\/#\/schema\/logo\/image\/"},"sameAs":["https:\/\/www.facebook.com\/profile.php?id=61561194315651","https:\/\/www.instagram.com\/orthopara_tunisie\/"]}]}},"jetpack_sharing_enabled":true,"brands":[{"id":41,"name":"Gamarde","slug":"gamarde"}],"_links":{"self":[{"href":"https:\/\/orthopara.store\/index.php?rest_route=\/wp\/v2\/product\/1031","targetHints":{"allow":["GET"]}}],"collection":[{"href":"https:\/\/orthopara.store\/index.php?rest_route=\/wp\/v2\/product"}],"about":[{"href":"https:\/\/orthopara.store\/index.php?rest_route=\/wp\/v2\/types\/product"}],"replies":[{"embeddable":true,"href":"https:\/\/orthopara.store\/index.php?rest_route=%2Fwp%2Fv2%2Fcomments&post=1031"}],"wp:featuredmedia":[{"embeddable":true,"href":"https:\/\/orthopara.store\/index.php?rest_route=\/wp\/v2\/media\/1058"}],"wp:attachment":[{"href":"https:\/\/orthopara.store\/index.php?rest_route=%2Fwp%2Fv2%2Fmedia&parent=1031"}],"wp:term":[{"taxonomy":"pwb-brand","embeddable":true,"href":"https:\/\/orthopara.store\/index.php?rest_route=%2Fwp%2Fv2%2Fpwb-brand&post=1031"},{"taxonomy":"product_cat","embeddable":true,"href":"https:\/\/orthopara.store\/index.php?rest_route=%2Fwp%2Fv2%2Fproduct_cat&post=1031"},{"taxonomy":"product_tag","embeddable":true,"href":"https:\/\/orthopara.store\/index.php?rest_route=%2Fwp%2Fv2%2Fproduct_tag&post=1031"}],"curies":[{"name":"wp","href":"https:\/\/api.w.org\/{rel}","templated":true}]}}