{"id":1032,"date":"2024-06-28T15:51:14","date_gmt":"2024-06-28T13:51:14","guid":{"rendered":"https:\/\/orthopara.store\/?post_type=product&#038;p=1032"},"modified":"2024-06-28T15:51:24","modified_gmt":"2024-06-28T13:51:24","slug":"hyfac-women-masque-peel-off-15-saches-de-5ml","status":"publish","type":"product","link":"https:\/\/orthopara.store\/?product=hyfac-women-masque-peel-off-15-saches-de-5ml","title":{"rendered":"Hyfac Women &#8211; Masque peel-off &#8211; 15 saches de 5ml"},"content":{"rendered":"<p>Hyfac Woman Active Mask est un traitement innovant de l&rsquo;acn\u00e9 de la femme adulte. Il s&rsquo;agit d&rsquo;un dispositif m\u00e9dical agissant localement e directement \u00e0 l&rsquo;origine de l&rsquo;apparition des boutons, com\u00e9dons et microkystes Ses actifs agissent au sein de la glande s\u00e9bac\u00e9e en diminuant pr\u00e9sence des hormones m\u00e5les et en favorisant le m\u00e9canisme d&rsquo;auto-\u00e9limination des d\u00e9chets au sein des cellules de la peau Une \u00e9tude cliniqu r\u00e9alis\u00e9e sur 40 femmes d\u00e9montre l&rsquo;efficacit\u00e9 du masque contre l&rsquo;acn\u00e9 ainsi que sa haute tol\u00e9rance<br \/>\nConseils d&rsquo;utilisation\u00a0<br \/>\nLe soir, apr\u00e8s avoir bien nettoy\u00e9 et s\u00e9ch\u00e9 la peau, appliquer le contenu d&rsquo;un sachet de gel sur le visage, en particulier sur les zones les plus concern\u00e9es. \u00c9viter le contact avec les yeux et la bouche. Laisser agir toute la nuit et d\u00e9coller le masque le lendemain matin.<br \/>\nLe gel s\u00e8che en 1h et se transforme en masque peel-off (d\u00e9collable). Le masque peel-off permet la p\u00eb n\u00e9tration des actifs en profondeur par occlusion. Une pose de 4 heures minimum est requise<br \/>\nAppliquer le masque 3 fois par semaine pendant 2 mois. A la fin du traitement, il est conseill\u00e9 de faire un masque par semaine en traitement d&rsquo;entretien<br \/>\nUne bo\u00eete d&rsquo;Active Mask contient 15 sachets de 5ml (un mois de traitement) Un sachet est \u00e0 usage unique et correspond \u00e0 une application.<\/p>\n<p>Composition :\u00a0<\/p>\n<p>Actifs cl\u00e9s :<\/p>\n<p>Myo-Inositol 1%<br \/>\nDiminue la concentration d&rsquo;hormones m\u00e5les (responsables de l&rsquo;apparition de l&rsquo;acn\u00e9 de la femme) au sein de la glande s\u00ebbac\u00e9e. Diminue la s\u00e9cr\u00e9 tion de s\u00e9bum.<br \/>\nExtremosio\u00ae 4%\u00a0<br \/>\nFavorise le m\u00e9canisme d&rsquo;autophagie au niveau des k\u00e9ratinocytes Les cellules dig\u00e8rent leurs propres d\u00e9chets, les pores sont donc moins obstru\u00e9s. Diminue les l\u00e9sions r\u00e9tentionnelles.<\/p>\n<p>Ingr\u00e9dients :<br \/>\nPolyvinyl Alcohol (Pva), Propanediol Rhamnose, Glucose Glucuronic Acid Liposomes With Trehalose, Myo- Inositol, Ethylic Alcohol, Vegetal Glycerin, Xanthan Gum, Citric Acid, Silver, Dehydroacetate Bochum, Chlorphe Nesin, Water<\/p>\n<p>Contenance : 15 saches de 5ml<\/p>\n","protected":false},"excerpt":{"rendered":"<p>L&rsquo;acn\u00e9 touche une femme adulte sur deux. Que ce soit des petits boutons disgracieux ou une v\u00e9ntable acn\u00e9, cette pathologie est souvent tr\u00e8s difficile \u00e0 vivre pour ces femmes actives<br \/>\nHyfac Woman Active Mask est recommand\u00e9 pour le traitement de l&rsquo;acn\u00e9, en particulier pour les formes d&rsquo;acn\u00e9 papulo-postuleuses tardives en des processus de r\u00e9gularisation et de r\u00e9paration de la peau.<br \/>\nDLC 12 mois apr\u00e8s l&rsquo;ouverture<\/p>\n","protected":false},"featured_media":1059,"comment_status":"open","ping_status":"closed","template":"","meta":[],"pwb-brand":[122],"product_cat":[116],"product_tag":[],"class_list":{"0":"post-1032","1":"product","2":"type-product","3":"status-publish","4":"has-post-thumbnail","6":"pwb-brand-hyfac","7":"product_cat-masques-visage-et-gommage","8":"post","9":"ws-product--style-1","11":"first","12":"instock","13":"shipping-taxable","14":"purchasable","15":"product-type-simple"},"yoast_head":"<!-- This site is optimized with the Yoast SEO plugin v23.0 - https:\/\/yoast.com\/wordpress\/plugins\/seo\/ -->\n<title>Hyfac Women - Masque peel-off - 15 saches de 5ml - OrthoPara<\/title>\n<meta name=\"robots\" content=\"index, follow, max-snippet:-1, max-image-preview:large, max-video-preview:-1\" \/>\n<link rel=\"canonical\" href=\"https:\/\/orthopara.store\/index.php\/produit\/hyfac-women-masque-peel-off-15-saches-de-5ml\/\" \/>\n<meta property=\"og:locale\" content=\"fr_FR\" \/>\n<meta property=\"og:type\" content=\"article\" \/>\n<meta property=\"og:title\" content=\"Hyfac Women - Masque peel-off - 15 saches de 5ml - OrthoPara\" \/>\n<meta property=\"og:description\" content=\"L&#039;acn\u00e9 touche une femme adulte sur deux. Que ce soit des petits boutons disgracieux ou une v\u00e9ntable acn\u00e9, cette pathologie est souvent tr\u00e8s difficile \u00e0 vivre pour ces femmes actives Hyfac Woman Active Mask est recommand\u00e9 pour le traitement de l&#039;acn\u00e9, en particulier pour les formes d&#039;acn\u00e9 papulo-postuleuses tardives en des processus de r\u00e9gularisation et de r\u00e9paration de la peau. DLC 12 mois apr\u00e8s l&#039;ouverture\" \/>\n<meta property=\"og:url\" content=\"https:\/\/orthopara.store\/index.php\/produit\/hyfac-women-masque-peel-off-15-saches-de-5ml\/\" \/>\n<meta property=\"og:site_name\" content=\"OrthoPara\" \/>\n<meta property=\"article:publisher\" content=\"https:\/\/www.facebook.com\/profile.php?id=61561194315651\" \/>\n<meta property=\"article:modified_time\" content=\"2024-06-28T13:51:24+00:00\" \/>\n<meta property=\"og:image\" content=\"https:\/\/orthopara.store\/wp-content\/uploads\/2024\/06\/masque-peel-off-hyfac-women-15-saches-de-5ml.jpg\" \/>\n\t<meta property=\"og:image:width\" content=\"800\" \/>\n\t<meta property=\"og:image:height\" content=\"800\" \/>\n\t<meta property=\"og:image:type\" content=\"image\/jpeg\" \/>\n<meta name=\"twitter:card\" content=\"summary_large_image\" \/>\n<meta name=\"twitter:label1\" content=\"Dur\u00e9e de lecture estim\u00e9e\" \/>\n\t<meta name=\"twitter:data1\" content=\"2 minutes\" \/>\n<script type=\"application\/ld+json\" class=\"yoast-schema-graph\">{\"@context\":\"https:\/\/schema.org\",\"@graph\":[{\"@type\":\"WebPage\",\"@id\":\"https:\/\/orthopara.store\/index.php\/produit\/hyfac-women-masque-peel-off-15-saches-de-5ml\/\",\"url\":\"https:\/\/orthopara.store\/index.php\/produit\/hyfac-women-masque-peel-off-15-saches-de-5ml\/\",\"name\":\"Hyfac Women - Masque peel-off - 15 saches de 5ml - OrthoPara\",\"isPartOf\":{\"@id\":\"https:\/\/orthopara.store\/#website\"},\"primaryImageOfPage\":{\"@id\":\"https:\/\/orthopara.store\/index.php\/produit\/hyfac-women-masque-peel-off-15-saches-de-5ml\/#primaryimage\"},\"image\":{\"@id\":\"https:\/\/orthopara.store\/index.php\/produit\/hyfac-women-masque-peel-off-15-saches-de-5ml\/#primaryimage\"},\"thumbnailUrl\":\"https:\/\/orthopara.store\/wp-content\/uploads\/2024\/06\/masque-peel-off-hyfac-women-15-saches-de-5ml.jpg\",\"datePublished\":\"2024-06-28T13:51:14+00:00\",\"dateModified\":\"2024-06-28T13:51:24+00:00\",\"breadcrumb\":{\"@id\":\"https:\/\/orthopara.store\/index.php\/produit\/hyfac-women-masque-peel-off-15-saches-de-5ml\/#breadcrumb\"},\"inLanguage\":\"fr-FR\",\"potentialAction\":[{\"@type\":\"ReadAction\",\"target\":[\"https:\/\/orthopara.store\/index.php\/produit\/hyfac-women-masque-peel-off-15-saches-de-5ml\/\"]}]},{\"@type\":\"ImageObject\",\"inLanguage\":\"fr-FR\",\"@id\":\"https:\/\/orthopara.store\/index.php\/produit\/hyfac-women-masque-peel-off-15-saches-de-5ml\/#primaryimage\",\"url\":\"https:\/\/orthopara.store\/wp-content\/uploads\/2024\/06\/masque-peel-off-hyfac-women-15-saches-de-5ml.jpg\",\"contentUrl\":\"https:\/\/orthopara.store\/wp-content\/uploads\/2024\/06\/masque-peel-off-hyfac-women-15-saches-de-5ml.jpg\",\"width\":800,\"height\":800},{\"@type\":\"BreadcrumbList\",\"@id\":\"https:\/\/orthopara.store\/index.php\/produit\/hyfac-women-masque-peel-off-15-saches-de-5ml\/#breadcrumb\",\"itemListElement\":[{\"@type\":\"ListItem\",\"position\":1,\"name\":\"Accueil\",\"item\":\"https:\/\/orthopara.store\/\"},{\"@type\":\"ListItem\",\"position\":2,\"name\":\"Shop\",\"item\":\"https:\/\/orthopara.store\/?page_id=622\"},{\"@type\":\"ListItem\",\"position\":3,\"name\":\"Hyfac Women &#8211; Masque peel-off &#8211; 15 saches de 5ml\"}]},{\"@type\":\"WebSite\",\"@id\":\"https:\/\/orthopara.store\/#website\",\"url\":\"https:\/\/orthopara.store\/\",\"name\":\"OrthoPara\",\"description\":\"Parapharmacie\",\"publisher\":{\"@id\":\"https:\/\/orthopara.store\/#organization\"},\"potentialAction\":[{\"@type\":\"SearchAction\",\"target\":{\"@type\":\"EntryPoint\",\"urlTemplate\":\"https:\/\/orthopara.store\/?s={search_term_string}\"},\"query-input\":\"required name=search_term_string\"}],\"inLanguage\":\"fr-FR\"},{\"@type\":\"Organization\",\"@id\":\"https:\/\/orthopara.store\/#organization\",\"name\":\"OrthoPara\",\"url\":\"https:\/\/orthopara.store\/\",\"logo\":{\"@type\":\"ImageObject\",\"inLanguage\":\"fr-FR\",\"@id\":\"https:\/\/orthopara.store\/#\/schema\/logo\/image\/\",\"url\":\"https:\/\/orthopara.store\/wp-content\/uploads\/2024\/06\/cropped-9ABA8BAD-6256-4719-9315-15C66E64E882.png\",\"contentUrl\":\"https:\/\/orthopara.store\/wp-content\/uploads\/2024\/06\/cropped-9ABA8BAD-6256-4719-9315-15C66E64E882.png\",\"width\":240,\"height\":72,\"caption\":\"OrthoPara\"},\"image\":{\"@id\":\"https:\/\/orthopara.store\/#\/schema\/logo\/image\/\"},\"sameAs\":[\"https:\/\/www.facebook.com\/profile.php?id=61561194315651\",\"https:\/\/www.instagram.com\/orthopara_tunisie\/\"]}]}<\/script>\n<!-- \/ Yoast SEO plugin. -->","yoast_head_json":{"title":"Hyfac Women - Masque peel-off - 15 saches de 5ml - OrthoPara","robots":{"index":"index","follow":"follow","max-snippet":"max-snippet:-1","max-image-preview":"max-image-preview:large","max-video-preview":"max-video-preview:-1"},"canonical":"https:\/\/orthopara.store\/index.php\/produit\/hyfac-women-masque-peel-off-15-saches-de-5ml\/","og_locale":"fr_FR","og_type":"article","og_title":"Hyfac Women - Masque peel-off - 15 saches de 5ml - OrthoPara","og_description":"L'acn\u00e9 touche une femme adulte sur deux. Que ce soit des petits boutons disgracieux ou une v\u00e9ntable acn\u00e9, cette pathologie est souvent tr\u00e8s difficile \u00e0 vivre pour ces femmes actives Hyfac Woman Active Mask est recommand\u00e9 pour le traitement de l'acn\u00e9, en particulier pour les formes d'acn\u00e9 papulo-postuleuses tardives en des processus de r\u00e9gularisation et de r\u00e9paration de la peau. DLC 12 mois apr\u00e8s l'ouverture","og_url":"https:\/\/orthopara.store\/index.php\/produit\/hyfac-women-masque-peel-off-15-saches-de-5ml\/","og_site_name":"OrthoPara","article_publisher":"https:\/\/www.facebook.com\/profile.php?id=61561194315651","article_modified_time":"2024-06-28T13:51:24+00:00","og_image":[{"width":800,"height":800,"url":"https:\/\/orthopara.store\/wp-content\/uploads\/2024\/06\/masque-peel-off-hyfac-women-15-saches-de-5ml.jpg","type":"image\/jpeg"}],"twitter_card":"summary_large_image","twitter_misc":{"Dur\u00e9e de lecture estim\u00e9e":"2 minutes"},"schema":{"@context":"https:\/\/schema.org","@graph":[{"@type":"WebPage","@id":"https:\/\/orthopara.store\/index.php\/produit\/hyfac-women-masque-peel-off-15-saches-de-5ml\/","url":"https:\/\/orthopara.store\/index.php\/produit\/hyfac-women-masque-peel-off-15-saches-de-5ml\/","name":"Hyfac Women - Masque peel-off - 15 saches de 5ml - OrthoPara","isPartOf":{"@id":"https:\/\/orthopara.store\/#website"},"primaryImageOfPage":{"@id":"https:\/\/orthopara.store\/index.php\/produit\/hyfac-women-masque-peel-off-15-saches-de-5ml\/#primaryimage"},"image":{"@id":"https:\/\/orthopara.store\/index.php\/produit\/hyfac-women-masque-peel-off-15-saches-de-5ml\/#primaryimage"},"thumbnailUrl":"https:\/\/orthopara.store\/wp-content\/uploads\/2024\/06\/masque-peel-off-hyfac-women-15-saches-de-5ml.jpg","datePublished":"2024-06-28T13:51:14+00:00","dateModified":"2024-06-28T13:51:24+00:00","breadcrumb":{"@id":"https:\/\/orthopara.store\/index.php\/produit\/hyfac-women-masque-peel-off-15-saches-de-5ml\/#breadcrumb"},"inLanguage":"fr-FR","potentialAction":[{"@type":"ReadAction","target":["https:\/\/orthopara.store\/index.php\/produit\/hyfac-women-masque-peel-off-15-saches-de-5ml\/"]}]},{"@type":"ImageObject","inLanguage":"fr-FR","@id":"https:\/\/orthopara.store\/index.php\/produit\/hyfac-women-masque-peel-off-15-saches-de-5ml\/#primaryimage","url":"https:\/\/orthopara.store\/wp-content\/uploads\/2024\/06\/masque-peel-off-hyfac-women-15-saches-de-5ml.jpg","contentUrl":"https:\/\/orthopara.store\/wp-content\/uploads\/2024\/06\/masque-peel-off-hyfac-women-15-saches-de-5ml.jpg","width":800,"height":800},{"@type":"BreadcrumbList","@id":"https:\/\/orthopara.store\/index.php\/produit\/hyfac-women-masque-peel-off-15-saches-de-5ml\/#breadcrumb","itemListElement":[{"@type":"ListItem","position":1,"name":"Accueil","item":"https:\/\/orthopara.store\/"},{"@type":"ListItem","position":2,"name":"Shop","item":"https:\/\/orthopara.store\/?page_id=622"},{"@type":"ListItem","position":3,"name":"Hyfac Women &#8211; Masque peel-off &#8211; 15 saches de 5ml"}]},{"@type":"WebSite","@id":"https:\/\/orthopara.store\/#website","url":"https:\/\/orthopara.store\/","name":"OrthoPara","description":"Parapharmacie","publisher":{"@id":"https:\/\/orthopara.store\/#organization"},"potentialAction":[{"@type":"SearchAction","target":{"@type":"EntryPoint","urlTemplate":"https:\/\/orthopara.store\/?s={search_term_string}"},"query-input":"required name=search_term_string"}],"inLanguage":"fr-FR"},{"@type":"Organization","@id":"https:\/\/orthopara.store\/#organization","name":"OrthoPara","url":"https:\/\/orthopara.store\/","logo":{"@type":"ImageObject","inLanguage":"fr-FR","@id":"https:\/\/orthopara.store\/#\/schema\/logo\/image\/","url":"https:\/\/orthopara.store\/wp-content\/uploads\/2024\/06\/cropped-9ABA8BAD-6256-4719-9315-15C66E64E882.png","contentUrl":"https:\/\/orthopara.store\/wp-content\/uploads\/2024\/06\/cropped-9ABA8BAD-6256-4719-9315-15C66E64E882.png","width":240,"height":72,"caption":"OrthoPara"},"image":{"@id":"https:\/\/orthopara.store\/#\/schema\/logo\/image\/"},"sameAs":["https:\/\/www.facebook.com\/profile.php?id=61561194315651","https:\/\/www.instagram.com\/orthopara_tunisie\/"]}]}},"jetpack_sharing_enabled":true,"brands":[{"id":122,"name":"Hyfac","slug":"hyfac"}],"_links":{"self":[{"href":"https:\/\/orthopara.store\/index.php?rest_route=\/wp\/v2\/product\/1032","targetHints":{"allow":["GET"]}}],"collection":[{"href":"https:\/\/orthopara.store\/index.php?rest_route=\/wp\/v2\/product"}],"about":[{"href":"https:\/\/orthopara.store\/index.php?rest_route=\/wp\/v2\/types\/product"}],"replies":[{"embeddable":true,"href":"https:\/\/orthopara.store\/index.php?rest_route=%2Fwp%2Fv2%2Fcomments&post=1032"}],"wp:featuredmedia":[{"embeddable":true,"href":"https:\/\/orthopara.store\/index.php?rest_route=\/wp\/v2\/media\/1059"}],"wp:attachment":[{"href":"https:\/\/orthopara.store\/index.php?rest_route=%2Fwp%2Fv2%2Fmedia&parent=1032"}],"wp:term":[{"taxonomy":"pwb-brand","embeddable":true,"href":"https:\/\/orthopara.store\/index.php?rest_route=%2Fwp%2Fv2%2Fpwb-brand&post=1032"},{"taxonomy":"product_cat","embeddable":true,"href":"https:\/\/orthopara.store\/index.php?rest_route=%2Fwp%2Fv2%2Fproduct_cat&post=1032"},{"taxonomy":"product_tag","embeddable":true,"href":"https:\/\/orthopara.store\/index.php?rest_route=%2Fwp%2Fv2%2Fproduct_tag&post=1032"}],"curies":[{"name":"wp","href":"https:\/\/api.w.org\/{rel}","templated":true}]}}