{"id":1033,"date":"2024-06-28T15:51:14","date_gmt":"2024-06-28T13:51:14","guid":{"rendered":"https:\/\/orthopara.store\/?post_type=product&#038;p=1033"},"modified":"2024-06-28T15:51:24","modified_gmt":"2024-06-28T13:51:24","slug":"floxia-peel-off-masque-detox-exfoliant-40ml","status":"publish","type":"product","link":"https:\/\/orthopara.store\/?product=floxia-peel-off-masque-detox-exfoliant-40ml","title":{"rendered":"Floxia Peel Off &#8211; Masque d\u00e9tox exfoliant &#8211; 40ml"},"content":{"rendered":"<p>Une peau douce et r\u00e9g\u00e9n\u00e9r\u00e9e en un clin d\u2019\u0153il, c\u2019est possible ! Le Masque D\u00e9tox Exfoliant PEEL OFF nettoie, purifie et d\u00e9toxifie la peau de ses impuret\u00e9s. Ses actifs exfoliants \u00e9liminent les cellules mortes de l\u2019\u00e9piderme et acc\u00e9l\u00e8rent le renouvellement cutan\u00e9. La peau du visage se r\u00e9g\u00e9n\u00e8re. Elle est d\u00e9barrass\u00e9e des imperfections et de l\u2019exc\u00e8s de s\u00e9bum.<br \/>\nEn application 1 \u00e0 2 fois par semaine pendant 20 minutes :<br \/>\nIl \u00e9limine les impuret\u00e9s et les toxines accumul\u00e9es (pollution, agressions ext\u00e9rieures, etc.) ;<br \/>\nIl favorise la r\u00e9g\u00e9n\u00e9ration cellulaire (\u00e9limination des peaux mortes) ;<br \/>\nIl lisse la peau et illumine le teint.<br \/>\nDites adieu au teint terne, aux rides et aux ridules, aux boutons, aux points noirs et aux pores dilat\u00e9s. Avec le Masque D\u00e9tox Exfoliant PEEL OFF, donnez un nouvel \u00e9clat \u00e0 votre peau. Sa texture gel d\u00e9pose un film l\u00e9ger sur le visage. Les pouvoirs antioxydants, purifiants et hydratants de ses actifs se r\u00e9v\u00e8lent et subliment votre peau.<br \/>\nRetrouvez ou conservez une belle peau et essayez-le d\u00e8s maintenant !<br \/>\nActifs :<br \/>\nExtrait de Moringa, Acide salicylique (BHA), Glyc\u00e9rine<br \/>\nConseils d&rsquo;utilisation :<br \/>\nSoin d\u00e9tox : comment appliquer le masque PEEL OFF ?<br \/>\nAppliquez le Masque PEEL OFF 1 \u00e0 2 fois par semaine au maximum. Sur une peau d\u00e9maquill\u00e9e et propre, \u00e9talez le masque en couche fine et uniforme sur l\u2019ensemble du visage. \u00c9vitez le contour des yeux o\u00f9 la peau est plus fragile, les l\u00e8vres, ainsi que la racine des cheveux.<br \/>\nLaissez poser 20 minutes. Le masque s\u00e8che et forme une sorte de pellicule sur le visage. C\u2019est normal. Une fois sec, retirez-le en douceur du menton vers le front. Rincez l\u2019exc\u00e9dent \u00e0 l\u2019eau ti\u00e8de.<br \/>\nUn masque exfoliant pour quel type de peau ?<br \/>\nTous les types de peau peuvent utiliser le Masque D\u00e9tox Exfoliant PEEL OFF. Des peaux s\u00e8ches, aux peaux grasses \u00e0 imperfection, en passant par les peaux normales et mixtes, tout le monde peut donner un coup d\u2019\u00e9clat \u00e0 son teint ! Son effet peeling est l\u00e9ger et non agressif. M\u00eame les peaux r\u00e9actives peuvent b\u00e9n\u00e9ficier de ses actifs !<br \/>\nLe Masque PEEL Off est id\u00e9al pour les peaux :<br \/>\nstress\u00e9es,<br \/>\nsoumises \u00e0 la pollution,<br \/>\nacn\u00e9iques ou \u00e0 imperfections,<br \/>\nternes.<br \/>\nLes peaux citadines vont adorer ajouter ce produit de beaut\u00e9 dans leur routine de soin quotidienne !<br \/>\nTexture :<br \/>\nLe Masque PEEL OFF a une texture gel l\u00e9g\u00e8re qui p\u00e9n\u00e8tre rapidement la peau. Lorsqu\u2019il s\u00e8che, il forme un film fin qui lib\u00e8re les actifs, absorbe les toxines, d\u00e9sincruste les pores et active la r\u00e9g\u00e9n\u00e9ration de l\u2019\u00e9piderme.<br \/>\nContenance :<br \/>\n40ml\u00a0<\/p>\n","protected":false},"excerpt":{"rendered":"<p>Masque visage Peel Off: d\u00e9toxifiant, exfoliant, purifiant<br \/>\nUne peau douce et r\u00e9g\u00e9n\u00e9r\u00e9e en un clin d\u2019\u0153il, c\u2019est possible ! Le Masque D\u00e9tox Exfoliant PEEL OFF nettoie, purifie et d\u00e9toxifie la peau de ses impuret\u00e9s. Ses actifs exfoliants \u00e9liminent les cellules mortes de l\u2019\u00e9piderme et acc\u00e9l\u00e8rent le renouvellement cutan\u00e9. La peau du visage se r\u00e9g\u00e9n\u00e8re. Elle est d\u00e9barrass\u00e9e des imperfections et de l\u2019exc\u00e8s de s\u00e9bum.<br \/>\nPrescrit par les dermatologues<br \/>\nDLC 04\/2026<\/p>\n","protected":false},"featured_media":1060,"comment_status":"open","ping_status":"closed","template":"","meta":[],"pwb-brand":[120],"product_cat":[116],"product_tag":[],"class_list":{"0":"post-1033","1":"product","2":"type-product","3":"status-publish","4":"has-post-thumbnail","6":"pwb-brand-floxia","7":"product_cat-masques-visage-et-gommage","8":"post","9":"ws-product--style-1","11":"first","12":"instock","13":"shipping-taxable","14":"purchasable","15":"product-type-simple"},"yoast_head":"<!-- This site is optimized with the Yoast SEO plugin v23.0 - https:\/\/yoast.com\/wordpress\/plugins\/seo\/ -->\n<title>Floxia Peel Off - Masque d\u00e9tox exfoliant - 40ml - OrthoPara<\/title>\n<meta name=\"robots\" content=\"index, follow, max-snippet:-1, max-image-preview:large, max-video-preview:-1\" \/>\n<link rel=\"canonical\" href=\"https:\/\/orthopara.store\/index.php\/produit\/floxia-peel-off-masque-detox-exfoliant-40ml\/\" \/>\n<meta property=\"og:locale\" content=\"fr_FR\" \/>\n<meta property=\"og:type\" content=\"article\" \/>\n<meta property=\"og:title\" content=\"Floxia Peel Off - Masque d\u00e9tox exfoliant - 40ml - OrthoPara\" \/>\n<meta property=\"og:description\" content=\"Masque visage Peel Off: d\u00e9toxifiant, exfoliant, purifiant Une peau douce et r\u00e9g\u00e9n\u00e9r\u00e9e en un clin d\u2019\u0153il, c\u2019est possible ! Le Masque D\u00e9tox Exfoliant PEEL OFF nettoie, purifie et d\u00e9toxifie la peau de ses impuret\u00e9s. Ses actifs exfoliants \u00e9liminent les cellules mortes de l\u2019\u00e9piderme et acc\u00e9l\u00e8rent le renouvellement cutan\u00e9. La peau du visage se r\u00e9g\u00e9n\u00e8re. Elle est d\u00e9barrass\u00e9e des imperfections et de l\u2019exc\u00e8s de s\u00e9bum. Prescrit par les dermatologues DLC 04\/2026\" \/>\n<meta property=\"og:url\" content=\"https:\/\/orthopara.store\/index.php\/produit\/floxia-peel-off-masque-detox-exfoliant-40ml\/\" \/>\n<meta property=\"og:site_name\" content=\"OrthoPara\" \/>\n<meta property=\"article:publisher\" content=\"https:\/\/www.facebook.com\/profile.php?id=61561194315651\" \/>\n<meta property=\"article:modified_time\" content=\"2024-06-28T13:51:24+00:00\" \/>\n<meta property=\"og:image\" content=\"https:\/\/orthopara.store\/wp-content\/uploads\/2024\/06\/masque-detox-exfoliant-floxia-peel-off-40ml.jpg\" \/>\n\t<meta property=\"og:image:width\" content=\"800\" \/>\n\t<meta property=\"og:image:height\" content=\"800\" \/>\n\t<meta property=\"og:image:type\" content=\"image\/jpeg\" \/>\n<meta name=\"twitter:card\" content=\"summary_large_image\" \/>\n<meta name=\"twitter:label1\" content=\"Dur\u00e9e de lecture estim\u00e9e\" \/>\n\t<meta name=\"twitter:data1\" content=\"2 minutes\" \/>\n<script type=\"application\/ld+json\" class=\"yoast-schema-graph\">{\"@context\":\"https:\/\/schema.org\",\"@graph\":[{\"@type\":\"WebPage\",\"@id\":\"https:\/\/orthopara.store\/index.php\/produit\/floxia-peel-off-masque-detox-exfoliant-40ml\/\",\"url\":\"https:\/\/orthopara.store\/index.php\/produit\/floxia-peel-off-masque-detox-exfoliant-40ml\/\",\"name\":\"Floxia Peel Off - Masque d\u00e9tox exfoliant - 40ml - OrthoPara\",\"isPartOf\":{\"@id\":\"https:\/\/orthopara.store\/#website\"},\"primaryImageOfPage\":{\"@id\":\"https:\/\/orthopara.store\/index.php\/produit\/floxia-peel-off-masque-detox-exfoliant-40ml\/#primaryimage\"},\"image\":{\"@id\":\"https:\/\/orthopara.store\/index.php\/produit\/floxia-peel-off-masque-detox-exfoliant-40ml\/#primaryimage\"},\"thumbnailUrl\":\"https:\/\/orthopara.store\/wp-content\/uploads\/2024\/06\/masque-detox-exfoliant-floxia-peel-off-40ml.jpg\",\"datePublished\":\"2024-06-28T13:51:14+00:00\",\"dateModified\":\"2024-06-28T13:51:24+00:00\",\"breadcrumb\":{\"@id\":\"https:\/\/orthopara.store\/index.php\/produit\/floxia-peel-off-masque-detox-exfoliant-40ml\/#breadcrumb\"},\"inLanguage\":\"fr-FR\",\"potentialAction\":[{\"@type\":\"ReadAction\",\"target\":[\"https:\/\/orthopara.store\/index.php\/produit\/floxia-peel-off-masque-detox-exfoliant-40ml\/\"]}]},{\"@type\":\"ImageObject\",\"inLanguage\":\"fr-FR\",\"@id\":\"https:\/\/orthopara.store\/index.php\/produit\/floxia-peel-off-masque-detox-exfoliant-40ml\/#primaryimage\",\"url\":\"https:\/\/orthopara.store\/wp-content\/uploads\/2024\/06\/masque-detox-exfoliant-floxia-peel-off-40ml.jpg\",\"contentUrl\":\"https:\/\/orthopara.store\/wp-content\/uploads\/2024\/06\/masque-detox-exfoliant-floxia-peel-off-40ml.jpg\",\"width\":800,\"height\":800},{\"@type\":\"BreadcrumbList\",\"@id\":\"https:\/\/orthopara.store\/index.php\/produit\/floxia-peel-off-masque-detox-exfoliant-40ml\/#breadcrumb\",\"itemListElement\":[{\"@type\":\"ListItem\",\"position\":1,\"name\":\"Accueil\",\"item\":\"https:\/\/orthopara.store\/\"},{\"@type\":\"ListItem\",\"position\":2,\"name\":\"Shop\",\"item\":\"https:\/\/orthopara.store\/?page_id=622\"},{\"@type\":\"ListItem\",\"position\":3,\"name\":\"Floxia Peel Off &#8211; Masque d\u00e9tox exfoliant &#8211; 40ml\"}]},{\"@type\":\"WebSite\",\"@id\":\"https:\/\/orthopara.store\/#website\",\"url\":\"https:\/\/orthopara.store\/\",\"name\":\"OrthoPara\",\"description\":\"Parapharmacie\",\"publisher\":{\"@id\":\"https:\/\/orthopara.store\/#organization\"},\"potentialAction\":[{\"@type\":\"SearchAction\",\"target\":{\"@type\":\"EntryPoint\",\"urlTemplate\":\"https:\/\/orthopara.store\/?s={search_term_string}\"},\"query-input\":\"required name=search_term_string\"}],\"inLanguage\":\"fr-FR\"},{\"@type\":\"Organization\",\"@id\":\"https:\/\/orthopara.store\/#organization\",\"name\":\"OrthoPara\",\"url\":\"https:\/\/orthopara.store\/\",\"logo\":{\"@type\":\"ImageObject\",\"inLanguage\":\"fr-FR\",\"@id\":\"https:\/\/orthopara.store\/#\/schema\/logo\/image\/\",\"url\":\"https:\/\/orthopara.store\/wp-content\/uploads\/2024\/06\/cropped-9ABA8BAD-6256-4719-9315-15C66E64E882.png\",\"contentUrl\":\"https:\/\/orthopara.store\/wp-content\/uploads\/2024\/06\/cropped-9ABA8BAD-6256-4719-9315-15C66E64E882.png\",\"width\":240,\"height\":72,\"caption\":\"OrthoPara\"},\"image\":{\"@id\":\"https:\/\/orthopara.store\/#\/schema\/logo\/image\/\"},\"sameAs\":[\"https:\/\/www.facebook.com\/profile.php?id=61561194315651\",\"https:\/\/www.instagram.com\/orthopara_tunisie\/\"]}]}<\/script>\n<!-- \/ Yoast SEO plugin. -->","yoast_head_json":{"title":"Floxia Peel Off - Masque d\u00e9tox exfoliant - 40ml - OrthoPara","robots":{"index":"index","follow":"follow","max-snippet":"max-snippet:-1","max-image-preview":"max-image-preview:large","max-video-preview":"max-video-preview:-1"},"canonical":"https:\/\/orthopara.store\/index.php\/produit\/floxia-peel-off-masque-detox-exfoliant-40ml\/","og_locale":"fr_FR","og_type":"article","og_title":"Floxia Peel Off - Masque d\u00e9tox exfoliant - 40ml - OrthoPara","og_description":"Masque visage Peel Off: d\u00e9toxifiant, exfoliant, purifiant Une peau douce et r\u00e9g\u00e9n\u00e9r\u00e9e en un clin d\u2019\u0153il, c\u2019est possible ! Le Masque D\u00e9tox Exfoliant PEEL OFF nettoie, purifie et d\u00e9toxifie la peau de ses impuret\u00e9s. Ses actifs exfoliants \u00e9liminent les cellules mortes de l\u2019\u00e9piderme et acc\u00e9l\u00e8rent le renouvellement cutan\u00e9. La peau du visage se r\u00e9g\u00e9n\u00e8re. Elle est d\u00e9barrass\u00e9e des imperfections et de l\u2019exc\u00e8s de s\u00e9bum. Prescrit par les dermatologues DLC 04\/2026","og_url":"https:\/\/orthopara.store\/index.php\/produit\/floxia-peel-off-masque-detox-exfoliant-40ml\/","og_site_name":"OrthoPara","article_publisher":"https:\/\/www.facebook.com\/profile.php?id=61561194315651","article_modified_time":"2024-06-28T13:51:24+00:00","og_image":[{"width":800,"height":800,"url":"https:\/\/orthopara.store\/wp-content\/uploads\/2024\/06\/masque-detox-exfoliant-floxia-peel-off-40ml.jpg","type":"image\/jpeg"}],"twitter_card":"summary_large_image","twitter_misc":{"Dur\u00e9e de lecture estim\u00e9e":"2 minutes"},"schema":{"@context":"https:\/\/schema.org","@graph":[{"@type":"WebPage","@id":"https:\/\/orthopara.store\/index.php\/produit\/floxia-peel-off-masque-detox-exfoliant-40ml\/","url":"https:\/\/orthopara.store\/index.php\/produit\/floxia-peel-off-masque-detox-exfoliant-40ml\/","name":"Floxia Peel Off - Masque d\u00e9tox exfoliant - 40ml - OrthoPara","isPartOf":{"@id":"https:\/\/orthopara.store\/#website"},"primaryImageOfPage":{"@id":"https:\/\/orthopara.store\/index.php\/produit\/floxia-peel-off-masque-detox-exfoliant-40ml\/#primaryimage"},"image":{"@id":"https:\/\/orthopara.store\/index.php\/produit\/floxia-peel-off-masque-detox-exfoliant-40ml\/#primaryimage"},"thumbnailUrl":"https:\/\/orthopara.store\/wp-content\/uploads\/2024\/06\/masque-detox-exfoliant-floxia-peel-off-40ml.jpg","datePublished":"2024-06-28T13:51:14+00:00","dateModified":"2024-06-28T13:51:24+00:00","breadcrumb":{"@id":"https:\/\/orthopara.store\/index.php\/produit\/floxia-peel-off-masque-detox-exfoliant-40ml\/#breadcrumb"},"inLanguage":"fr-FR","potentialAction":[{"@type":"ReadAction","target":["https:\/\/orthopara.store\/index.php\/produit\/floxia-peel-off-masque-detox-exfoliant-40ml\/"]}]},{"@type":"ImageObject","inLanguage":"fr-FR","@id":"https:\/\/orthopara.store\/index.php\/produit\/floxia-peel-off-masque-detox-exfoliant-40ml\/#primaryimage","url":"https:\/\/orthopara.store\/wp-content\/uploads\/2024\/06\/masque-detox-exfoliant-floxia-peel-off-40ml.jpg","contentUrl":"https:\/\/orthopara.store\/wp-content\/uploads\/2024\/06\/masque-detox-exfoliant-floxia-peel-off-40ml.jpg","width":800,"height":800},{"@type":"BreadcrumbList","@id":"https:\/\/orthopara.store\/index.php\/produit\/floxia-peel-off-masque-detox-exfoliant-40ml\/#breadcrumb","itemListElement":[{"@type":"ListItem","position":1,"name":"Accueil","item":"https:\/\/orthopara.store\/"},{"@type":"ListItem","position":2,"name":"Shop","item":"https:\/\/orthopara.store\/?page_id=622"},{"@type":"ListItem","position":3,"name":"Floxia Peel Off &#8211; Masque d\u00e9tox exfoliant &#8211; 40ml"}]},{"@type":"WebSite","@id":"https:\/\/orthopara.store\/#website","url":"https:\/\/orthopara.store\/","name":"OrthoPara","description":"Parapharmacie","publisher":{"@id":"https:\/\/orthopara.store\/#organization"},"potentialAction":[{"@type":"SearchAction","target":{"@type":"EntryPoint","urlTemplate":"https:\/\/orthopara.store\/?s={search_term_string}"},"query-input":"required name=search_term_string"}],"inLanguage":"fr-FR"},{"@type":"Organization","@id":"https:\/\/orthopara.store\/#organization","name":"OrthoPara","url":"https:\/\/orthopara.store\/","logo":{"@type":"ImageObject","inLanguage":"fr-FR","@id":"https:\/\/orthopara.store\/#\/schema\/logo\/image\/","url":"https:\/\/orthopara.store\/wp-content\/uploads\/2024\/06\/cropped-9ABA8BAD-6256-4719-9315-15C66E64E882.png","contentUrl":"https:\/\/orthopara.store\/wp-content\/uploads\/2024\/06\/cropped-9ABA8BAD-6256-4719-9315-15C66E64E882.png","width":240,"height":72,"caption":"OrthoPara"},"image":{"@id":"https:\/\/orthopara.store\/#\/schema\/logo\/image\/"},"sameAs":["https:\/\/www.facebook.com\/profile.php?id=61561194315651","https:\/\/www.instagram.com\/orthopara_tunisie\/"]}]}},"jetpack_sharing_enabled":true,"brands":[{"id":120,"name":"FLOXIA","slug":"floxia"}],"_links":{"self":[{"href":"https:\/\/orthopara.store\/index.php?rest_route=\/wp\/v2\/product\/1033","targetHints":{"allow":["GET"]}}],"collection":[{"href":"https:\/\/orthopara.store\/index.php?rest_route=\/wp\/v2\/product"}],"about":[{"href":"https:\/\/orthopara.store\/index.php?rest_route=\/wp\/v2\/types\/product"}],"replies":[{"embeddable":true,"href":"https:\/\/orthopara.store\/index.php?rest_route=%2Fwp%2Fv2%2Fcomments&post=1033"}],"wp:featuredmedia":[{"embeddable":true,"href":"https:\/\/orthopara.store\/index.php?rest_route=\/wp\/v2\/media\/1060"}],"wp:attachment":[{"href":"https:\/\/orthopara.store\/index.php?rest_route=%2Fwp%2Fv2%2Fmedia&parent=1033"}],"wp:term":[{"taxonomy":"pwb-brand","embeddable":true,"href":"https:\/\/orthopara.store\/index.php?rest_route=%2Fwp%2Fv2%2Fpwb-brand&post=1033"},{"taxonomy":"product_cat","embeddable":true,"href":"https:\/\/orthopara.store\/index.php?rest_route=%2Fwp%2Fv2%2Fproduct_cat&post=1033"},{"taxonomy":"product_tag","embeddable":true,"href":"https:\/\/orthopara.store\/index.php?rest_route=%2Fwp%2Fv2%2Fproduct_tag&post=1033"}],"curies":[{"name":"wp","href":"https:\/\/api.w.org\/{rel}","templated":true}]}}