{"id":1034,"date":"2024-06-28T15:51:15","date_gmt":"2024-06-28T13:51:15","guid":{"rendered":"https:\/\/orthopara.store\/?post_type=product&#038;p=1034"},"modified":"2024-06-28T15:51:25","modified_gmt":"2024-06-28T13:51:25","slug":"masque-soin-fermete-laino-16gr","status":"publish","type":"product","link":"https:\/\/orthopara.store\/?product=masque-soin-fermete-laino-16gr","title":{"rendered":"Masque soin fermet\u00e9 &#8211; Laino &#8211; 16gr"},"content":{"rendered":"<p>Masque soin fermet\u00e9 &#8211; Laino &#8211; 16gr<br \/>\nLaino a s\u00e9lectionn\u00e9 le meilleur des actifs pour formuler le Masque Soin Fermet\u00e9 \u00e0 destination de tous les types de peaux. Gr\u00e2ce \u00e0 la glyc\u00e9rine, l\u2019huile d\u2019argan BIO et l\u2019extrait de Rose associ\u00e9s \u00e0 un complexe fermet\u00e9, ce soin du visage tonifie et lisse l\u2019\u00e9piderme.<br \/>\nCaract\u00e9ristiques :<br \/>\nRaffermit \u2013 Assouplit<br \/>\nPr\u00eat \u00e0 l\u2019emploi<br \/>\nRiche en oligo-\u00e9l\u00e9ments<br \/>\n99% d\u2019ingr\u00e9dients d\u2019origine naturelle<br \/>\nConseils d&rsquo;utilisation :<br \/>\nAvant toute premi\u00e8re utilisation, il est recommand\u00e9 de faire un essai sur votre avant-bras 24h avant. \u00c0 appliquer 1 \u00e0 2 fois par semaine sur le visage pr\u00e9alablement nettoy\u00e9 en \u00e9vitant le contour des yeux. Laisser poser entre 5 et 10 minutes sans jamais laisser s\u00e9cher le masque \u00e0 l\u2019argile, puis rincer.<br \/>\nComposition :\u00a0<br \/>\nAqua (Water) \/ Eau, Rosa Damascena Flower Water, Montmorillonite, Argania Spinosa Kernel Oil, Glycerin, Sucrose Stearate, Butyrospermum Parkii (Shea) Butter, Caprylic\/Capric Triglyceride, Cetyl Palmitate, Glyceryl Stearate Se, Stearic Acid, Prunus Cerasus (Bitter Cherry) Fruit Water, Parfum (Fragrance), Helianthus Annuus (Sunflower) Seed Oil, Jania Rubens Extract, Palmitic Acid, Benzyl Alcohol, Tocopherol, Xanthan Gum, Dehydroacetic Acid.<\/p>\n","protected":false},"excerpt":{"rendered":"<p>Laino\u00a0<br \/>\nMasque soin fermet\u00e9<br \/>\nle masque soin fermet\u00e9 \u00e0 destination de tous types de peaux. Gr\u00e2ce \u00e0 la glyc\u00e9rine, l\u2019huile d\u2019argan BIO et l\u2019extrait de Rose associ\u00e9s \u00e0 un complexe fermet\u00e9, ce soin du visage tonifie et lisse l\u2019\u00e9piderme.<br \/>\npoids net : 16gr<\/p>\n","protected":false},"featured_media":1061,"comment_status":"open","ping_status":"closed","template":"","meta":[],"pwb-brand":[51],"product_cat":[116],"product_tag":[],"class_list":{"0":"post-1034","1":"product","2":"type-product","3":"status-publish","4":"has-post-thumbnail","6":"pwb-brand-laino","7":"product_cat-masques-visage-et-gommage","8":"post","9":"ws-product--style-1","11":"first","12":"instock","13":"shipping-taxable","14":"purchasable","15":"product-type-simple"},"yoast_head":"<!-- This site is optimized with the Yoast SEO plugin v23.0 - https:\/\/yoast.com\/wordpress\/plugins\/seo\/ -->\n<title>Masque soin fermet\u00e9 - Laino - 16gr - OrthoPara<\/title>\n<meta name=\"robots\" content=\"index, follow, max-snippet:-1, max-image-preview:large, max-video-preview:-1\" \/>\n<link rel=\"canonical\" href=\"https:\/\/orthopara.store\/index.php\/produit\/masque-soin-fermete-laino-16gr\/\" \/>\n<meta property=\"og:locale\" content=\"fr_FR\" \/>\n<meta property=\"og:type\" content=\"article\" \/>\n<meta property=\"og:title\" content=\"Masque soin fermet\u00e9 - Laino - 16gr - OrthoPara\" \/>\n<meta property=\"og:description\" content=\"Laino\u00a0 Masque soin fermet\u00e9 le masque soin fermet\u00e9 \u00e0 destination de tous types de peaux. Gr\u00e2ce \u00e0 la glyc\u00e9rine, l\u2019huile d\u2019argan BIO et l\u2019extrait de Rose associ\u00e9s \u00e0 un complexe fermet\u00e9, ce soin du visage tonifie et lisse l\u2019\u00e9piderme. poids net : 16gr\" \/>\n<meta property=\"og:url\" content=\"https:\/\/orthopara.store\/index.php\/produit\/masque-soin-fermete-laino-16gr\/\" \/>\n<meta property=\"og:site_name\" content=\"OrthoPara\" \/>\n<meta property=\"article:publisher\" content=\"https:\/\/www.facebook.com\/profile.php?id=61561194315651\" \/>\n<meta property=\"article:modified_time\" content=\"2024-06-28T13:51:25+00:00\" \/>\n<meta property=\"og:image\" content=\"https:\/\/orthopara.store\/wp-content\/uploads\/2024\/06\/masque-soin-fermete-laino-16gr.jpg\" \/>\n\t<meta property=\"og:image:width\" content=\"800\" \/>\n\t<meta property=\"og:image:height\" content=\"800\" \/>\n\t<meta property=\"og:image:type\" content=\"image\/jpeg\" \/>\n<meta name=\"twitter:card\" content=\"summary_large_image\" \/>\n<meta name=\"twitter:label1\" content=\"Dur\u00e9e de lecture estim\u00e9e\" \/>\n\t<meta name=\"twitter:data1\" content=\"1 minute\" \/>\n<script type=\"application\/ld+json\" class=\"yoast-schema-graph\">{\"@context\":\"https:\/\/schema.org\",\"@graph\":[{\"@type\":\"WebPage\",\"@id\":\"https:\/\/orthopara.store\/index.php\/produit\/masque-soin-fermete-laino-16gr\/\",\"url\":\"https:\/\/orthopara.store\/index.php\/produit\/masque-soin-fermete-laino-16gr\/\",\"name\":\"Masque soin fermet\u00e9 - Laino - 16gr - OrthoPara\",\"isPartOf\":{\"@id\":\"https:\/\/orthopara.store\/#website\"},\"primaryImageOfPage\":{\"@id\":\"https:\/\/orthopara.store\/index.php\/produit\/masque-soin-fermete-laino-16gr\/#primaryimage\"},\"image\":{\"@id\":\"https:\/\/orthopara.store\/index.php\/produit\/masque-soin-fermete-laino-16gr\/#primaryimage\"},\"thumbnailUrl\":\"https:\/\/orthopara.store\/wp-content\/uploads\/2024\/06\/masque-soin-fermete-laino-16gr.jpg\",\"datePublished\":\"2024-06-28T13:51:15+00:00\",\"dateModified\":\"2024-06-28T13:51:25+00:00\",\"breadcrumb\":{\"@id\":\"https:\/\/orthopara.store\/index.php\/produit\/masque-soin-fermete-laino-16gr\/#breadcrumb\"},\"inLanguage\":\"fr-FR\",\"potentialAction\":[{\"@type\":\"ReadAction\",\"target\":[\"https:\/\/orthopara.store\/index.php\/produit\/masque-soin-fermete-laino-16gr\/\"]}]},{\"@type\":\"ImageObject\",\"inLanguage\":\"fr-FR\",\"@id\":\"https:\/\/orthopara.store\/index.php\/produit\/masque-soin-fermete-laino-16gr\/#primaryimage\",\"url\":\"https:\/\/orthopara.store\/wp-content\/uploads\/2024\/06\/masque-soin-fermete-laino-16gr.jpg\",\"contentUrl\":\"https:\/\/orthopara.store\/wp-content\/uploads\/2024\/06\/masque-soin-fermete-laino-16gr.jpg\",\"width\":800,\"height\":800},{\"@type\":\"BreadcrumbList\",\"@id\":\"https:\/\/orthopara.store\/index.php\/produit\/masque-soin-fermete-laino-16gr\/#breadcrumb\",\"itemListElement\":[{\"@type\":\"ListItem\",\"position\":1,\"name\":\"Accueil\",\"item\":\"https:\/\/orthopara.store\/\"},{\"@type\":\"ListItem\",\"position\":2,\"name\":\"Shop\",\"item\":\"https:\/\/orthopara.store\/?page_id=622\"},{\"@type\":\"ListItem\",\"position\":3,\"name\":\"Masque soin fermet\u00e9 &#8211; Laino &#8211; 16gr\"}]},{\"@type\":\"WebSite\",\"@id\":\"https:\/\/orthopara.store\/#website\",\"url\":\"https:\/\/orthopara.store\/\",\"name\":\"OrthoPara\",\"description\":\"Parapharmacie\",\"publisher\":{\"@id\":\"https:\/\/orthopara.store\/#organization\"},\"potentialAction\":[{\"@type\":\"SearchAction\",\"target\":{\"@type\":\"EntryPoint\",\"urlTemplate\":\"https:\/\/orthopara.store\/?s={search_term_string}\"},\"query-input\":\"required name=search_term_string\"}],\"inLanguage\":\"fr-FR\"},{\"@type\":\"Organization\",\"@id\":\"https:\/\/orthopara.store\/#organization\",\"name\":\"OrthoPara\",\"url\":\"https:\/\/orthopara.store\/\",\"logo\":{\"@type\":\"ImageObject\",\"inLanguage\":\"fr-FR\",\"@id\":\"https:\/\/orthopara.store\/#\/schema\/logo\/image\/\",\"url\":\"https:\/\/orthopara.store\/wp-content\/uploads\/2024\/06\/cropped-9ABA8BAD-6256-4719-9315-15C66E64E882.png\",\"contentUrl\":\"https:\/\/orthopara.store\/wp-content\/uploads\/2024\/06\/cropped-9ABA8BAD-6256-4719-9315-15C66E64E882.png\",\"width\":240,\"height\":72,\"caption\":\"OrthoPara\"},\"image\":{\"@id\":\"https:\/\/orthopara.store\/#\/schema\/logo\/image\/\"},\"sameAs\":[\"https:\/\/www.facebook.com\/profile.php?id=61561194315651\",\"https:\/\/www.instagram.com\/orthopara_tunisie\/\"]}]}<\/script>\n<!-- \/ Yoast SEO plugin. -->","yoast_head_json":{"title":"Masque soin fermet\u00e9 - Laino - 16gr - OrthoPara","robots":{"index":"index","follow":"follow","max-snippet":"max-snippet:-1","max-image-preview":"max-image-preview:large","max-video-preview":"max-video-preview:-1"},"canonical":"https:\/\/orthopara.store\/index.php\/produit\/masque-soin-fermete-laino-16gr\/","og_locale":"fr_FR","og_type":"article","og_title":"Masque soin fermet\u00e9 - Laino - 16gr - OrthoPara","og_description":"Laino\u00a0 Masque soin fermet\u00e9 le masque soin fermet\u00e9 \u00e0 destination de tous types de peaux. Gr\u00e2ce \u00e0 la glyc\u00e9rine, l\u2019huile d\u2019argan BIO et l\u2019extrait de Rose associ\u00e9s \u00e0 un complexe fermet\u00e9, ce soin du visage tonifie et lisse l\u2019\u00e9piderme. poids net : 16gr","og_url":"https:\/\/orthopara.store\/index.php\/produit\/masque-soin-fermete-laino-16gr\/","og_site_name":"OrthoPara","article_publisher":"https:\/\/www.facebook.com\/profile.php?id=61561194315651","article_modified_time":"2024-06-28T13:51:25+00:00","og_image":[{"width":800,"height":800,"url":"https:\/\/orthopara.store\/wp-content\/uploads\/2024\/06\/masque-soin-fermete-laino-16gr.jpg","type":"image\/jpeg"}],"twitter_card":"summary_large_image","twitter_misc":{"Dur\u00e9e de lecture estim\u00e9e":"1 minute"},"schema":{"@context":"https:\/\/schema.org","@graph":[{"@type":"WebPage","@id":"https:\/\/orthopara.store\/index.php\/produit\/masque-soin-fermete-laino-16gr\/","url":"https:\/\/orthopara.store\/index.php\/produit\/masque-soin-fermete-laino-16gr\/","name":"Masque soin fermet\u00e9 - Laino - 16gr - OrthoPara","isPartOf":{"@id":"https:\/\/orthopara.store\/#website"},"primaryImageOfPage":{"@id":"https:\/\/orthopara.store\/index.php\/produit\/masque-soin-fermete-laino-16gr\/#primaryimage"},"image":{"@id":"https:\/\/orthopara.store\/index.php\/produit\/masque-soin-fermete-laino-16gr\/#primaryimage"},"thumbnailUrl":"https:\/\/orthopara.store\/wp-content\/uploads\/2024\/06\/masque-soin-fermete-laino-16gr.jpg","datePublished":"2024-06-28T13:51:15+00:00","dateModified":"2024-06-28T13:51:25+00:00","breadcrumb":{"@id":"https:\/\/orthopara.store\/index.php\/produit\/masque-soin-fermete-laino-16gr\/#breadcrumb"},"inLanguage":"fr-FR","potentialAction":[{"@type":"ReadAction","target":["https:\/\/orthopara.store\/index.php\/produit\/masque-soin-fermete-laino-16gr\/"]}]},{"@type":"ImageObject","inLanguage":"fr-FR","@id":"https:\/\/orthopara.store\/index.php\/produit\/masque-soin-fermete-laino-16gr\/#primaryimage","url":"https:\/\/orthopara.store\/wp-content\/uploads\/2024\/06\/masque-soin-fermete-laino-16gr.jpg","contentUrl":"https:\/\/orthopara.store\/wp-content\/uploads\/2024\/06\/masque-soin-fermete-laino-16gr.jpg","width":800,"height":800},{"@type":"BreadcrumbList","@id":"https:\/\/orthopara.store\/index.php\/produit\/masque-soin-fermete-laino-16gr\/#breadcrumb","itemListElement":[{"@type":"ListItem","position":1,"name":"Accueil","item":"https:\/\/orthopara.store\/"},{"@type":"ListItem","position":2,"name":"Shop","item":"https:\/\/orthopara.store\/?page_id=622"},{"@type":"ListItem","position":3,"name":"Masque soin fermet\u00e9 &#8211; Laino &#8211; 16gr"}]},{"@type":"WebSite","@id":"https:\/\/orthopara.store\/#website","url":"https:\/\/orthopara.store\/","name":"OrthoPara","description":"Parapharmacie","publisher":{"@id":"https:\/\/orthopara.store\/#organization"},"potentialAction":[{"@type":"SearchAction","target":{"@type":"EntryPoint","urlTemplate":"https:\/\/orthopara.store\/?s={search_term_string}"},"query-input":"required name=search_term_string"}],"inLanguage":"fr-FR"},{"@type":"Organization","@id":"https:\/\/orthopara.store\/#organization","name":"OrthoPara","url":"https:\/\/orthopara.store\/","logo":{"@type":"ImageObject","inLanguage":"fr-FR","@id":"https:\/\/orthopara.store\/#\/schema\/logo\/image\/","url":"https:\/\/orthopara.store\/wp-content\/uploads\/2024\/06\/cropped-9ABA8BAD-6256-4719-9315-15C66E64E882.png","contentUrl":"https:\/\/orthopara.store\/wp-content\/uploads\/2024\/06\/cropped-9ABA8BAD-6256-4719-9315-15C66E64E882.png","width":240,"height":72,"caption":"OrthoPara"},"image":{"@id":"https:\/\/orthopara.store\/#\/schema\/logo\/image\/"},"sameAs":["https:\/\/www.facebook.com\/profile.php?id=61561194315651","https:\/\/www.instagram.com\/orthopara_tunisie\/"]}]}},"jetpack_sharing_enabled":true,"brands":[{"id":51,"name":"LAINO","slug":"laino"}],"_links":{"self":[{"href":"https:\/\/orthopara.store\/index.php?rest_route=\/wp\/v2\/product\/1034","targetHints":{"allow":["GET"]}}],"collection":[{"href":"https:\/\/orthopara.store\/index.php?rest_route=\/wp\/v2\/product"}],"about":[{"href":"https:\/\/orthopara.store\/index.php?rest_route=\/wp\/v2\/types\/product"}],"replies":[{"embeddable":true,"href":"https:\/\/orthopara.store\/index.php?rest_route=%2Fwp%2Fv2%2Fcomments&post=1034"}],"wp:featuredmedia":[{"embeddable":true,"href":"https:\/\/orthopara.store\/index.php?rest_route=\/wp\/v2\/media\/1061"}],"wp:attachment":[{"href":"https:\/\/orthopara.store\/index.php?rest_route=%2Fwp%2Fv2%2Fmedia&parent=1034"}],"wp:term":[{"taxonomy":"pwb-brand","embeddable":true,"href":"https:\/\/orthopara.store\/index.php?rest_route=%2Fwp%2Fv2%2Fpwb-brand&post=1034"},{"taxonomy":"product_cat","embeddable":true,"href":"https:\/\/orthopara.store\/index.php?rest_route=%2Fwp%2Fv2%2Fproduct_cat&post=1034"},{"taxonomy":"product_tag","embeddable":true,"href":"https:\/\/orthopara.store\/index.php?rest_route=%2Fwp%2Fv2%2Fproduct_tag&post=1034"}],"curies":[{"name":"wp","href":"https:\/\/api.w.org\/{rel}","templated":true}]}}