{"id":1038,"date":"2024-06-28T15:51:15","date_gmt":"2024-06-28T13:51:15","guid":{"rendered":"https:\/\/orthopara.store\/?post_type=product&#038;p=1038"},"modified":"2024-06-28T15:51:26","modified_gmt":"2024-06-28T13:51:26","slug":"masque-nuit-multi-correcteur-supreme-filorga-ncef-50ml","status":"publish","type":"product","link":"https:\/\/orthopara.store\/?product=masque-nuit-multi-correcteur-supreme-filorga-ncef-50ml","title":{"rendered":"Masque nuit multi-correcteur supr\u00eame &#8211; Filorga NCEF &#8211; 50ml"},"content":{"rendered":"<p>Masque nuit multi-correcteur supr\u00eame &#8211; Filorga NCEF &#8211; 50ml<br \/>\nLe masque nuit visage anti-\u00e2ge et anti-rides pour r\u00e9duction visible des rides et une peau ferme et \u00e9clatante.<br \/>\nCe masque visage de nuit concentr\u00e9 en NCEF est sp\u00e9cialement con\u00e7u pour les nuits courtes et peaux fatigu\u00e9es, stress\u00e9es.<br \/>\nR\u00e9novation intensive de la qualit\u00e9 de peau [r\u00e9g\u00e9n\u00e9ration activ\u00e9e]<br \/>\nUne formule au NCEF, complexe polyrevitalisant unique mis au point par les Laboratoires FILORGA dans lequel 50 ingr\u00e9dients sont int\u00e9gr\u00e9s pour la premi\u00e8re fois dans des concentrations comparables \u00e0 celles utilis\u00e9es en m\u00e9so-injection.<br \/>\n R\u00e9cup\u00e9ration cutan\u00e9e nocturne [rides + fermet\u00e9 + \u00e9clat]<br \/>\nLe Melatonin\u2019CX\u00ae, puissant d\u00e9fatiguant cutan\u00e9, agit pendant la nuit pour des traits repos\u00e9s tandis que des peptides repulpent la peau.<br \/>\nEn parall\u00e8le, un d\u00e9toxifiant naturel pour r\u00e9v\u00e9ler un teint rayonnant au r\u00e9veil.<\/p>\n<p>Masque \u00e0 p\u00e9n\u00e9tration rapide qui s\u2019utilise comme une cr\u00e8me de nuit \u2013 Pot 50ml<br \/>\nEfficacit\u00e9 d\u2019un soin cosm\u00e9tique dont la formule est compos\u00e9e de 50 ingr\u00e9dients int\u00e9gr\u00e9s \u00e0 des concentrations comparables \u00e0 celles utilis\u00e9es pour une m\u00e9so-injection. M\u00e9so-injection mise au point \u00e0 l\u2019origine par FILORGA.<\/p>\n<p>Conseils d&rsquo;utilisation :<br \/>\nAppliquer le soir en fine couche sur le visage, le contour des yeux et le cou parfaitement d\u00e9maquill\u00e9s. Le produit est absorb\u00e9 en quelques minutes. Laisser agir toute la nuit pour obtenir tous ses b\u00e9n\u00e9fices. S\u2019utilise en alternance, un jour sur deux, ou en continu selon les besoins de votre peau.<\/p>\n","protected":false},"excerpt":{"rendered":"<p>Filorga NCEF<br \/>\nMasque nuit multi-correcteur supr\u00eame\u00a0<br \/>\nRides &#8211; fermet\u00e9 &#8211; \u00e9clat\u00a0<br \/>\nun masque de nuit multi-correcteur concentr\u00e9 en NCEF pour une peau visiblement plus jeune au r\u00e9veil<br \/>\nIndications : Sp\u00e9cial nuit\u00a0courtes &#8211; peaux fatigu\u00e9es &#8211; stress\u00e9es\u00a0<\/p>\n<p>Contenance : 50ml<br \/>\nDLC : 6 mois apr\u00e8s l&rsquo;ouverture\u00a0<\/p>\n","protected":false},"featured_media":1065,"comment_status":"open","ping_status":"closed","template":"","meta":[],"pwb-brand":[73],"product_cat":[116],"product_tag":[],"class_list":{"0":"post-1038","1":"product","2":"type-product","3":"status-publish","4":"has-post-thumbnail","6":"pwb-brand-filorga","7":"product_cat-masques-visage-et-gommage","8":"post","9":"ws-product--style-1","11":"first","12":"instock","13":"shipping-taxable","14":"purchasable","15":"product-type-simple"},"yoast_head":"<!-- This site is optimized with the Yoast SEO plugin v23.0 - https:\/\/yoast.com\/wordpress\/plugins\/seo\/ -->\n<title>Masque nuit multi-correcteur supr\u00eame - Filorga NCEF - 50ml - OrthoPara<\/title>\n<meta name=\"robots\" content=\"index, follow, max-snippet:-1, max-image-preview:large, max-video-preview:-1\" \/>\n<link rel=\"canonical\" href=\"https:\/\/orthopara.store\/index.php\/produit\/masque-nuit-multi-correcteur-supreme-filorga-ncef-50ml\/\" \/>\n<meta property=\"og:locale\" content=\"fr_FR\" \/>\n<meta property=\"og:type\" content=\"article\" \/>\n<meta property=\"og:title\" content=\"Masque nuit multi-correcteur supr\u00eame - Filorga NCEF - 50ml - OrthoPara\" \/>\n<meta property=\"og:description\" content=\"Filorga NCEF Masque nuit multi-correcteur supr\u00eame\u00a0 Rides - fermet\u00e9 - \u00e9clat\u00a0 un masque de nuit multi-correcteur concentr\u00e9 en NCEF pour une peau visiblement plus jeune au r\u00e9veil Indications : Sp\u00e9cial nuit\u00a0courtes - peaux fatigu\u00e9es - stress\u00e9es\u00a0 Contenance : 50ml DLC : 6 mois apr\u00e8s l&#039;ouverture\u00a0\" \/>\n<meta property=\"og:url\" content=\"https:\/\/orthopara.store\/index.php\/produit\/masque-nuit-multi-correcteur-supreme-filorga-ncef-50ml\/\" \/>\n<meta property=\"og:site_name\" content=\"OrthoPara\" \/>\n<meta property=\"article:publisher\" content=\"https:\/\/www.facebook.com\/profile.php?id=61561194315651\" \/>\n<meta property=\"article:modified_time\" content=\"2024-06-28T13:51:26+00:00\" \/>\n<meta property=\"og:image\" content=\"https:\/\/orthopara.store\/wp-content\/uploads\/2024\/06\/masque-nuit-multi-correcteur-supreme-filorga-ncef-50ml.jpg\" \/>\n\t<meta property=\"og:image:width\" content=\"800\" \/>\n\t<meta property=\"og:image:height\" content=\"800\" \/>\n\t<meta property=\"og:image:type\" content=\"image\/jpeg\" \/>\n<meta name=\"twitter:card\" content=\"summary_large_image\" \/>\n<meta name=\"twitter:label1\" content=\"Dur\u00e9e de lecture estim\u00e9e\" \/>\n\t<meta name=\"twitter:data1\" content=\"1 minute\" \/>\n<script type=\"application\/ld+json\" class=\"yoast-schema-graph\">{\"@context\":\"https:\/\/schema.org\",\"@graph\":[{\"@type\":\"WebPage\",\"@id\":\"https:\/\/orthopara.store\/index.php\/produit\/masque-nuit-multi-correcteur-supreme-filorga-ncef-50ml\/\",\"url\":\"https:\/\/orthopara.store\/index.php\/produit\/masque-nuit-multi-correcteur-supreme-filorga-ncef-50ml\/\",\"name\":\"Masque nuit multi-correcteur supr\u00eame - Filorga NCEF - 50ml - OrthoPara\",\"isPartOf\":{\"@id\":\"https:\/\/orthopara.store\/#website\"},\"primaryImageOfPage\":{\"@id\":\"https:\/\/orthopara.store\/index.php\/produit\/masque-nuit-multi-correcteur-supreme-filorga-ncef-50ml\/#primaryimage\"},\"image\":{\"@id\":\"https:\/\/orthopara.store\/index.php\/produit\/masque-nuit-multi-correcteur-supreme-filorga-ncef-50ml\/#primaryimage\"},\"thumbnailUrl\":\"https:\/\/orthopara.store\/wp-content\/uploads\/2024\/06\/masque-nuit-multi-correcteur-supreme-filorga-ncef-50ml.jpg\",\"datePublished\":\"2024-06-28T13:51:15+00:00\",\"dateModified\":\"2024-06-28T13:51:26+00:00\",\"breadcrumb\":{\"@id\":\"https:\/\/orthopara.store\/index.php\/produit\/masque-nuit-multi-correcteur-supreme-filorga-ncef-50ml\/#breadcrumb\"},\"inLanguage\":\"fr-FR\",\"potentialAction\":[{\"@type\":\"ReadAction\",\"target\":[\"https:\/\/orthopara.store\/index.php\/produit\/masque-nuit-multi-correcteur-supreme-filorga-ncef-50ml\/\"]}]},{\"@type\":\"ImageObject\",\"inLanguage\":\"fr-FR\",\"@id\":\"https:\/\/orthopara.store\/index.php\/produit\/masque-nuit-multi-correcteur-supreme-filorga-ncef-50ml\/#primaryimage\",\"url\":\"https:\/\/orthopara.store\/wp-content\/uploads\/2024\/06\/masque-nuit-multi-correcteur-supreme-filorga-ncef-50ml.jpg\",\"contentUrl\":\"https:\/\/orthopara.store\/wp-content\/uploads\/2024\/06\/masque-nuit-multi-correcteur-supreme-filorga-ncef-50ml.jpg\",\"width\":800,\"height\":800},{\"@type\":\"BreadcrumbList\",\"@id\":\"https:\/\/orthopara.store\/index.php\/produit\/masque-nuit-multi-correcteur-supreme-filorga-ncef-50ml\/#breadcrumb\",\"itemListElement\":[{\"@type\":\"ListItem\",\"position\":1,\"name\":\"Accueil\",\"item\":\"https:\/\/orthopara.store\/\"},{\"@type\":\"ListItem\",\"position\":2,\"name\":\"Shop\",\"item\":\"https:\/\/orthopara.store\/?page_id=622\"},{\"@type\":\"ListItem\",\"position\":3,\"name\":\"Masque nuit multi-correcteur supr\u00eame &#8211; Filorga NCEF &#8211; 50ml\"}]},{\"@type\":\"WebSite\",\"@id\":\"https:\/\/orthopara.store\/#website\",\"url\":\"https:\/\/orthopara.store\/\",\"name\":\"OrthoPara\",\"description\":\"Parapharmacie\",\"publisher\":{\"@id\":\"https:\/\/orthopara.store\/#organization\"},\"potentialAction\":[{\"@type\":\"SearchAction\",\"target\":{\"@type\":\"EntryPoint\",\"urlTemplate\":\"https:\/\/orthopara.store\/?s={search_term_string}\"},\"query-input\":\"required name=search_term_string\"}],\"inLanguage\":\"fr-FR\"},{\"@type\":\"Organization\",\"@id\":\"https:\/\/orthopara.store\/#organization\",\"name\":\"OrthoPara\",\"url\":\"https:\/\/orthopara.store\/\",\"logo\":{\"@type\":\"ImageObject\",\"inLanguage\":\"fr-FR\",\"@id\":\"https:\/\/orthopara.store\/#\/schema\/logo\/image\/\",\"url\":\"https:\/\/orthopara.store\/wp-content\/uploads\/2024\/06\/cropped-9ABA8BAD-6256-4719-9315-15C66E64E882.png\",\"contentUrl\":\"https:\/\/orthopara.store\/wp-content\/uploads\/2024\/06\/cropped-9ABA8BAD-6256-4719-9315-15C66E64E882.png\",\"width\":240,\"height\":72,\"caption\":\"OrthoPara\"},\"image\":{\"@id\":\"https:\/\/orthopara.store\/#\/schema\/logo\/image\/\"},\"sameAs\":[\"https:\/\/www.facebook.com\/profile.php?id=61561194315651\",\"https:\/\/www.instagram.com\/orthopara_tunisie\/\"]}]}<\/script>\n<!-- \/ Yoast SEO plugin. -->","yoast_head_json":{"title":"Masque nuit multi-correcteur supr\u00eame - Filorga NCEF - 50ml - OrthoPara","robots":{"index":"index","follow":"follow","max-snippet":"max-snippet:-1","max-image-preview":"max-image-preview:large","max-video-preview":"max-video-preview:-1"},"canonical":"https:\/\/orthopara.store\/index.php\/produit\/masque-nuit-multi-correcteur-supreme-filorga-ncef-50ml\/","og_locale":"fr_FR","og_type":"article","og_title":"Masque nuit multi-correcteur supr\u00eame - Filorga NCEF - 50ml - OrthoPara","og_description":"Filorga NCEF Masque nuit multi-correcteur supr\u00eame\u00a0 Rides - fermet\u00e9 - \u00e9clat\u00a0 un masque de nuit multi-correcteur concentr\u00e9 en NCEF pour une peau visiblement plus jeune au r\u00e9veil Indications : Sp\u00e9cial nuit\u00a0courtes - peaux fatigu\u00e9es - stress\u00e9es\u00a0 Contenance : 50ml DLC : 6 mois apr\u00e8s l'ouverture\u00a0","og_url":"https:\/\/orthopara.store\/index.php\/produit\/masque-nuit-multi-correcteur-supreme-filorga-ncef-50ml\/","og_site_name":"OrthoPara","article_publisher":"https:\/\/www.facebook.com\/profile.php?id=61561194315651","article_modified_time":"2024-06-28T13:51:26+00:00","og_image":[{"width":800,"height":800,"url":"https:\/\/orthopara.store\/wp-content\/uploads\/2024\/06\/masque-nuit-multi-correcteur-supreme-filorga-ncef-50ml.jpg","type":"image\/jpeg"}],"twitter_card":"summary_large_image","twitter_misc":{"Dur\u00e9e de lecture estim\u00e9e":"1 minute"},"schema":{"@context":"https:\/\/schema.org","@graph":[{"@type":"WebPage","@id":"https:\/\/orthopara.store\/index.php\/produit\/masque-nuit-multi-correcteur-supreme-filorga-ncef-50ml\/","url":"https:\/\/orthopara.store\/index.php\/produit\/masque-nuit-multi-correcteur-supreme-filorga-ncef-50ml\/","name":"Masque nuit multi-correcteur supr\u00eame - Filorga NCEF - 50ml - OrthoPara","isPartOf":{"@id":"https:\/\/orthopara.store\/#website"},"primaryImageOfPage":{"@id":"https:\/\/orthopara.store\/index.php\/produit\/masque-nuit-multi-correcteur-supreme-filorga-ncef-50ml\/#primaryimage"},"image":{"@id":"https:\/\/orthopara.store\/index.php\/produit\/masque-nuit-multi-correcteur-supreme-filorga-ncef-50ml\/#primaryimage"},"thumbnailUrl":"https:\/\/orthopara.store\/wp-content\/uploads\/2024\/06\/masque-nuit-multi-correcteur-supreme-filorga-ncef-50ml.jpg","datePublished":"2024-06-28T13:51:15+00:00","dateModified":"2024-06-28T13:51:26+00:00","breadcrumb":{"@id":"https:\/\/orthopara.store\/index.php\/produit\/masque-nuit-multi-correcteur-supreme-filorga-ncef-50ml\/#breadcrumb"},"inLanguage":"fr-FR","potentialAction":[{"@type":"ReadAction","target":["https:\/\/orthopara.store\/index.php\/produit\/masque-nuit-multi-correcteur-supreme-filorga-ncef-50ml\/"]}]},{"@type":"ImageObject","inLanguage":"fr-FR","@id":"https:\/\/orthopara.store\/index.php\/produit\/masque-nuit-multi-correcteur-supreme-filorga-ncef-50ml\/#primaryimage","url":"https:\/\/orthopara.store\/wp-content\/uploads\/2024\/06\/masque-nuit-multi-correcteur-supreme-filorga-ncef-50ml.jpg","contentUrl":"https:\/\/orthopara.store\/wp-content\/uploads\/2024\/06\/masque-nuit-multi-correcteur-supreme-filorga-ncef-50ml.jpg","width":800,"height":800},{"@type":"BreadcrumbList","@id":"https:\/\/orthopara.store\/index.php\/produit\/masque-nuit-multi-correcteur-supreme-filorga-ncef-50ml\/#breadcrumb","itemListElement":[{"@type":"ListItem","position":1,"name":"Accueil","item":"https:\/\/orthopara.store\/"},{"@type":"ListItem","position":2,"name":"Shop","item":"https:\/\/orthopara.store\/?page_id=622"},{"@type":"ListItem","position":3,"name":"Masque nuit multi-correcteur supr\u00eame &#8211; Filorga NCEF &#8211; 50ml"}]},{"@type":"WebSite","@id":"https:\/\/orthopara.store\/#website","url":"https:\/\/orthopara.store\/","name":"OrthoPara","description":"Parapharmacie","publisher":{"@id":"https:\/\/orthopara.store\/#organization"},"potentialAction":[{"@type":"SearchAction","target":{"@type":"EntryPoint","urlTemplate":"https:\/\/orthopara.store\/?s={search_term_string}"},"query-input":"required name=search_term_string"}],"inLanguage":"fr-FR"},{"@type":"Organization","@id":"https:\/\/orthopara.store\/#organization","name":"OrthoPara","url":"https:\/\/orthopara.store\/","logo":{"@type":"ImageObject","inLanguage":"fr-FR","@id":"https:\/\/orthopara.store\/#\/schema\/logo\/image\/","url":"https:\/\/orthopara.store\/wp-content\/uploads\/2024\/06\/cropped-9ABA8BAD-6256-4719-9315-15C66E64E882.png","contentUrl":"https:\/\/orthopara.store\/wp-content\/uploads\/2024\/06\/cropped-9ABA8BAD-6256-4719-9315-15C66E64E882.png","width":240,"height":72,"caption":"OrthoPara"},"image":{"@id":"https:\/\/orthopara.store\/#\/schema\/logo\/image\/"},"sameAs":["https:\/\/www.facebook.com\/profile.php?id=61561194315651","https:\/\/www.instagram.com\/orthopara_tunisie\/"]}]}},"jetpack_sharing_enabled":true,"brands":[{"id":73,"name":"Filorga","slug":"filorga"}],"_links":{"self":[{"href":"https:\/\/orthopara.store\/index.php?rest_route=\/wp\/v2\/product\/1038","targetHints":{"allow":["GET"]}}],"collection":[{"href":"https:\/\/orthopara.store\/index.php?rest_route=\/wp\/v2\/product"}],"about":[{"href":"https:\/\/orthopara.store\/index.php?rest_route=\/wp\/v2\/types\/product"}],"replies":[{"embeddable":true,"href":"https:\/\/orthopara.store\/index.php?rest_route=%2Fwp%2Fv2%2Fcomments&post=1038"}],"wp:featuredmedia":[{"embeddable":true,"href":"https:\/\/orthopara.store\/index.php?rest_route=\/wp\/v2\/media\/1065"}],"wp:attachment":[{"href":"https:\/\/orthopara.store\/index.php?rest_route=%2Fwp%2Fv2%2Fmedia&parent=1038"}],"wp:term":[{"taxonomy":"pwb-brand","embeddable":true,"href":"https:\/\/orthopara.store\/index.php?rest_route=%2Fwp%2Fv2%2Fpwb-brand&post=1038"},{"taxonomy":"product_cat","embeddable":true,"href":"https:\/\/orthopara.store\/index.php?rest_route=%2Fwp%2Fv2%2Fproduct_cat&post=1038"},{"taxonomy":"product_tag","embeddable":true,"href":"https:\/\/orthopara.store\/index.php?rest_route=%2Fwp%2Fv2%2Fproduct_tag&post=1038"}],"curies":[{"name":"wp","href":"https:\/\/api.w.org\/{rel}","templated":true}]}}