{"id":1042,"date":"2024-06-28T15:51:16","date_gmt":"2024-06-28T13:51:16","guid":{"rendered":"https:\/\/orthopara.store\/?post_type=product&#038;p=1042"},"modified":"2024-11-10T16:09:25","modified_gmt":"2024-11-10T15:09:25","slug":"creme-apaisante-dermagor-erycalm-peaux-reactives-et-intolerantes-40ml","status":"publish","type":"product","link":"https:\/\/orthopara.store\/?product=creme-apaisante-dermagor-erycalm-peaux-reactives-et-intolerantes-40ml","title":{"rendered":"Cr\u00e8me apaisante &#8211; Dermagor &#8211; erycalm  peaux r\u00e9actives et intol\u00e9rantes &#8211; 40ml"},"content":{"rendered":"<p>Cr\u00e8me apaisante &#8211; Dermagor &#8211; erycalm\u00a0 peaux r\u00e9actives et intol\u00e9rantes &#8211; 40ml<br \/>\nSp\u00e9cialement con\u00e7ue pour les peaux r\u00e9actives et intol\u00e9rantes, la cr\u00e8me apaisante Erycalm des Laboratoires Dermagor am\u00e9liore le confort cutan\u00e9 diminuant les tiraillements, ainsi que les irritations.<br \/>\nLa cr\u00e8me apaisante Erycalm poss\u00e8de dans sa formule du Silicium organique, qui agit comme un anti-inflammatoire naturel afin de calmer et apaiser consid\u00e9rablement les irritations cutan\u00e9es.<br \/>\nPropri\u00e9t\u00e9s\u00a0<br \/>\nLe silicium est un oligo-\u00e9l\u00e9ment qui est \u00e9galement capable de stimuler la production de collag\u00e8ne et d&rsquo;\u00e9lastine afin de tonifier et raffermir la peau tout en la prot\u00e9geant des radicaux libres gr\u00e2ce \u00e0 son action antioxydante.<br \/>\nEnrichie en huile de noyaux d&rsquo;abricot, la cr\u00e8me apaisante Erycalm des Laboratoires Dermagor poss\u00e8de des propri\u00e9t\u00e9s nourrissantes et anti-dess\u00e8chement gr\u00e2ce \u00e0 sa capacit\u00e9 \u00e0 maintenir l&rsquo;eau dans les tissus et donc une bonne hydratation cutan\u00e9e.<br \/>\nL&rsquo;huile de noyau d&rsquo;abricot est une huile peu grasse qui p\u00e9n\u00e8tre rapidement dans la peau et donc sans laisser de r\u00e9sidu gras.<br \/>\nApr\u00e8s 21 jours d&rsquo;application quotidienne de la cr\u00e8me apaisante Erycalm Dermagor, vous retrouverez une peau 100% apais\u00e9e de ses tiraillements et autres sensations d&rsquo;inconfort afin de laisser place \u00e0 une douceur et une souplesse exceptionnelle.<br \/>\nConseils d&rsquo;utilisation :<br \/>\nNettoyez soigneusement la peau de votre visage \u00e0 l&rsquo;aide d&rsquo;une lotion micellaire, puis appliquez Erycalm cr\u00e8me apaisante, matin et soir sur le visage et le cou.<br \/>\nComposition :\u00a0<br \/>\naqua (water), paraffinum liquidum (mineral oil), glycerin, prunus armeniaca (apricot) kernel oil, polyacrylamide, C31-14 isoparaffin, butyl\u00e8ne glycol, laureth-7, methylparaben, disodium edta, ethylparaben, phenoxy\u00e9thanol, silanediol salicylate, dimethylsilanol hyaluronate, lactic acid, propylparaben.<\/p>\n","protected":false},"excerpt":{"rendered":"<p>ERYCALM<br \/>\nerycalm\u00a0 peaux r\u00e9actives et intol\u00e9rantes\u00a0<br \/>\nLa Cr\u00e8me Apaisante Erycalm est un soin visage apaisant pour les peaux r\u00e9actives \u00e0 intol\u00e9rantes. Elle am\u00e9liore le confort cutan\u00e9 et minimise les risques d\u2019intol\u00e9rance.<\/p>\n<p>Contenance :\u00a040 ml<br \/>\nDLC :\u00a06 mois apr\u00e8s l&rsquo;ouverture\u00a0<\/p>\n","protected":false},"featured_media":1069,"comment_status":"open","ping_status":"closed","template":"","meta":[],"pwb-brand":[62],"product_cat":[117],"product_tag":[],"class_list":{"0":"post-1042","1":"product","2":"type-product","3":"status-publish","4":"has-post-thumbnail","6":"pwb-brand-dermagor","7":"product_cat-soins-anti-rougeurs-et-peau-sensible","8":"post","9":"ws-product--style-1","11":"first","12":"instock","13":"shipping-taxable","14":"purchasable","15":"product-type-simple"},"yoast_head":"<!-- This site is optimized with the Yoast SEO plugin v23.0 - https:\/\/yoast.com\/wordpress\/plugins\/seo\/ -->\n<title>Cr\u00e8me apaisante - Dermagor - erycalm peaux r\u00e9actives et intol\u00e9rantes - 40ml - OrthoPara<\/title>\n<meta name=\"robots\" content=\"index, follow, max-snippet:-1, max-image-preview:large, max-video-preview:-1\" \/>\n<link rel=\"canonical\" href=\"https:\/\/orthopara.store\/index.php\/produit\/creme-apaisante-dermagor-erycalm-peaux-reactives-et-intolerantes-40ml\/\" \/>\n<meta property=\"og:locale\" content=\"fr_FR\" \/>\n<meta property=\"og:type\" content=\"article\" \/>\n<meta property=\"og:title\" content=\"Cr\u00e8me apaisante - Dermagor - erycalm peaux r\u00e9actives et intol\u00e9rantes - 40ml - OrthoPara\" \/>\n<meta property=\"og:description\" content=\"ERYCALM erycalm\u00a0 peaux r\u00e9actives et intol\u00e9rantes\u00a0 La Cr\u00e8me Apaisante Erycalm est un soin visage apaisant pour les peaux r\u00e9actives \u00e0 intol\u00e9rantes. Elle am\u00e9liore le confort cutan\u00e9 et minimise les risques d\u2019intol\u00e9rance. Contenance :\u00a040 ml DLC :\u00a06 mois apr\u00e8s l&#039;ouverture\u00a0\" \/>\n<meta property=\"og:url\" content=\"https:\/\/orthopara.store\/index.php\/produit\/creme-apaisante-dermagor-erycalm-peaux-reactives-et-intolerantes-40ml\/\" \/>\n<meta property=\"og:site_name\" content=\"OrthoPara\" \/>\n<meta property=\"article:publisher\" content=\"https:\/\/www.facebook.com\/profile.php?id=61561194315651\" \/>\n<meta property=\"article:modified_time\" content=\"2024-11-10T15:09:25+00:00\" \/>\n<meta property=\"og:image\" content=\"https:\/\/orthopara.store\/wp-content\/uploads\/2024\/06\/creme-apaisante-dermagor-erycalm-peaux-reactives-et-intolerantes-40ml.jpg\" \/>\n\t<meta property=\"og:image:width\" content=\"800\" \/>\n\t<meta property=\"og:image:height\" content=\"800\" \/>\n\t<meta property=\"og:image:type\" content=\"image\/jpeg\" \/>\n<meta name=\"twitter:card\" content=\"summary_large_image\" \/>\n<meta name=\"twitter:label1\" content=\"Dur\u00e9e de lecture estim\u00e9e\" \/>\n\t<meta name=\"twitter:data1\" content=\"1 minute\" \/>\n<script type=\"application\/ld+json\" class=\"yoast-schema-graph\">{\"@context\":\"https:\/\/schema.org\",\"@graph\":[{\"@type\":\"WebPage\",\"@id\":\"https:\/\/orthopara.store\/index.php\/produit\/creme-apaisante-dermagor-erycalm-peaux-reactives-et-intolerantes-40ml\/\",\"url\":\"https:\/\/orthopara.store\/index.php\/produit\/creme-apaisante-dermagor-erycalm-peaux-reactives-et-intolerantes-40ml\/\",\"name\":\"Cr\u00e8me apaisante - Dermagor - erycalm peaux r\u00e9actives et intol\u00e9rantes - 40ml - OrthoPara\",\"isPartOf\":{\"@id\":\"https:\/\/orthopara.store\/#website\"},\"primaryImageOfPage\":{\"@id\":\"https:\/\/orthopara.store\/index.php\/produit\/creme-apaisante-dermagor-erycalm-peaux-reactives-et-intolerantes-40ml\/#primaryimage\"},\"image\":{\"@id\":\"https:\/\/orthopara.store\/index.php\/produit\/creme-apaisante-dermagor-erycalm-peaux-reactives-et-intolerantes-40ml\/#primaryimage\"},\"thumbnailUrl\":\"https:\/\/orthopara.store\/wp-content\/uploads\/2024\/06\/creme-apaisante-dermagor-erycalm-peaux-reactives-et-intolerantes-40ml.jpg\",\"datePublished\":\"2024-06-28T13:51:16+00:00\",\"dateModified\":\"2024-11-10T15:09:25+00:00\",\"breadcrumb\":{\"@id\":\"https:\/\/orthopara.store\/index.php\/produit\/creme-apaisante-dermagor-erycalm-peaux-reactives-et-intolerantes-40ml\/#breadcrumb\"},\"inLanguage\":\"fr-FR\",\"potentialAction\":[{\"@type\":\"ReadAction\",\"target\":[\"https:\/\/orthopara.store\/index.php\/produit\/creme-apaisante-dermagor-erycalm-peaux-reactives-et-intolerantes-40ml\/\"]}]},{\"@type\":\"ImageObject\",\"inLanguage\":\"fr-FR\",\"@id\":\"https:\/\/orthopara.store\/index.php\/produit\/creme-apaisante-dermagor-erycalm-peaux-reactives-et-intolerantes-40ml\/#primaryimage\",\"url\":\"https:\/\/orthopara.store\/wp-content\/uploads\/2024\/06\/creme-apaisante-dermagor-erycalm-peaux-reactives-et-intolerantes-40ml.jpg\",\"contentUrl\":\"https:\/\/orthopara.store\/wp-content\/uploads\/2024\/06\/creme-apaisante-dermagor-erycalm-peaux-reactives-et-intolerantes-40ml.jpg\",\"width\":800,\"height\":800},{\"@type\":\"BreadcrumbList\",\"@id\":\"https:\/\/orthopara.store\/index.php\/produit\/creme-apaisante-dermagor-erycalm-peaux-reactives-et-intolerantes-40ml\/#breadcrumb\",\"itemListElement\":[{\"@type\":\"ListItem\",\"position\":1,\"name\":\"Accueil\",\"item\":\"https:\/\/orthopara.store\/\"},{\"@type\":\"ListItem\",\"position\":2,\"name\":\"Shop\",\"item\":\"https:\/\/orthopara.store\/?page_id=622\"},{\"@type\":\"ListItem\",\"position\":3,\"name\":\"Cr\u00e8me apaisante &#8211; Dermagor &#8211; erycalm peaux r\u00e9actives et intol\u00e9rantes &#8211; 40ml\"}]},{\"@type\":\"WebSite\",\"@id\":\"https:\/\/orthopara.store\/#website\",\"url\":\"https:\/\/orthopara.store\/\",\"name\":\"OrthoPara\",\"description\":\"Parapharmacie\",\"publisher\":{\"@id\":\"https:\/\/orthopara.store\/#organization\"},\"potentialAction\":[{\"@type\":\"SearchAction\",\"target\":{\"@type\":\"EntryPoint\",\"urlTemplate\":\"https:\/\/orthopara.store\/?s={search_term_string}\"},\"query-input\":\"required name=search_term_string\"}],\"inLanguage\":\"fr-FR\"},{\"@type\":\"Organization\",\"@id\":\"https:\/\/orthopara.store\/#organization\",\"name\":\"OrthoPara\",\"url\":\"https:\/\/orthopara.store\/\",\"logo\":{\"@type\":\"ImageObject\",\"inLanguage\":\"fr-FR\",\"@id\":\"https:\/\/orthopara.store\/#\/schema\/logo\/image\/\",\"url\":\"https:\/\/orthopara.store\/wp-content\/uploads\/2024\/06\/cropped-9ABA8BAD-6256-4719-9315-15C66E64E882.png\",\"contentUrl\":\"https:\/\/orthopara.store\/wp-content\/uploads\/2024\/06\/cropped-9ABA8BAD-6256-4719-9315-15C66E64E882.png\",\"width\":240,\"height\":72,\"caption\":\"OrthoPara\"},\"image\":{\"@id\":\"https:\/\/orthopara.store\/#\/schema\/logo\/image\/\"},\"sameAs\":[\"https:\/\/www.facebook.com\/profile.php?id=61561194315651\",\"https:\/\/www.instagram.com\/orthopara_tunisie\/\"]}]}<\/script>\n<!-- \/ Yoast SEO plugin. -->","yoast_head_json":{"title":"Cr\u00e8me apaisante - Dermagor - erycalm peaux r\u00e9actives et intol\u00e9rantes - 40ml - OrthoPara","robots":{"index":"index","follow":"follow","max-snippet":"max-snippet:-1","max-image-preview":"max-image-preview:large","max-video-preview":"max-video-preview:-1"},"canonical":"https:\/\/orthopara.store\/index.php\/produit\/creme-apaisante-dermagor-erycalm-peaux-reactives-et-intolerantes-40ml\/","og_locale":"fr_FR","og_type":"article","og_title":"Cr\u00e8me apaisante - Dermagor - erycalm peaux r\u00e9actives et intol\u00e9rantes - 40ml - OrthoPara","og_description":"ERYCALM erycalm\u00a0 peaux r\u00e9actives et intol\u00e9rantes\u00a0 La Cr\u00e8me Apaisante Erycalm est un soin visage apaisant pour les peaux r\u00e9actives \u00e0 intol\u00e9rantes. Elle am\u00e9liore le confort cutan\u00e9 et minimise les risques d\u2019intol\u00e9rance. Contenance :\u00a040 ml DLC :\u00a06 mois apr\u00e8s l'ouverture\u00a0","og_url":"https:\/\/orthopara.store\/index.php\/produit\/creme-apaisante-dermagor-erycalm-peaux-reactives-et-intolerantes-40ml\/","og_site_name":"OrthoPara","article_publisher":"https:\/\/www.facebook.com\/profile.php?id=61561194315651","article_modified_time":"2024-11-10T15:09:25+00:00","og_image":[{"width":800,"height":800,"url":"https:\/\/orthopara.store\/wp-content\/uploads\/2024\/06\/creme-apaisante-dermagor-erycalm-peaux-reactives-et-intolerantes-40ml.jpg","type":"image\/jpeg"}],"twitter_card":"summary_large_image","twitter_misc":{"Dur\u00e9e de lecture estim\u00e9e":"1 minute"},"schema":{"@context":"https:\/\/schema.org","@graph":[{"@type":"WebPage","@id":"https:\/\/orthopara.store\/index.php\/produit\/creme-apaisante-dermagor-erycalm-peaux-reactives-et-intolerantes-40ml\/","url":"https:\/\/orthopara.store\/index.php\/produit\/creme-apaisante-dermagor-erycalm-peaux-reactives-et-intolerantes-40ml\/","name":"Cr\u00e8me apaisante - Dermagor - erycalm peaux r\u00e9actives et intol\u00e9rantes - 40ml - OrthoPara","isPartOf":{"@id":"https:\/\/orthopara.store\/#website"},"primaryImageOfPage":{"@id":"https:\/\/orthopara.store\/index.php\/produit\/creme-apaisante-dermagor-erycalm-peaux-reactives-et-intolerantes-40ml\/#primaryimage"},"image":{"@id":"https:\/\/orthopara.store\/index.php\/produit\/creme-apaisante-dermagor-erycalm-peaux-reactives-et-intolerantes-40ml\/#primaryimage"},"thumbnailUrl":"https:\/\/orthopara.store\/wp-content\/uploads\/2024\/06\/creme-apaisante-dermagor-erycalm-peaux-reactives-et-intolerantes-40ml.jpg","datePublished":"2024-06-28T13:51:16+00:00","dateModified":"2024-11-10T15:09:25+00:00","breadcrumb":{"@id":"https:\/\/orthopara.store\/index.php\/produit\/creme-apaisante-dermagor-erycalm-peaux-reactives-et-intolerantes-40ml\/#breadcrumb"},"inLanguage":"fr-FR","potentialAction":[{"@type":"ReadAction","target":["https:\/\/orthopara.store\/index.php\/produit\/creme-apaisante-dermagor-erycalm-peaux-reactives-et-intolerantes-40ml\/"]}]},{"@type":"ImageObject","inLanguage":"fr-FR","@id":"https:\/\/orthopara.store\/index.php\/produit\/creme-apaisante-dermagor-erycalm-peaux-reactives-et-intolerantes-40ml\/#primaryimage","url":"https:\/\/orthopara.store\/wp-content\/uploads\/2024\/06\/creme-apaisante-dermagor-erycalm-peaux-reactives-et-intolerantes-40ml.jpg","contentUrl":"https:\/\/orthopara.store\/wp-content\/uploads\/2024\/06\/creme-apaisante-dermagor-erycalm-peaux-reactives-et-intolerantes-40ml.jpg","width":800,"height":800},{"@type":"BreadcrumbList","@id":"https:\/\/orthopara.store\/index.php\/produit\/creme-apaisante-dermagor-erycalm-peaux-reactives-et-intolerantes-40ml\/#breadcrumb","itemListElement":[{"@type":"ListItem","position":1,"name":"Accueil","item":"https:\/\/orthopara.store\/"},{"@type":"ListItem","position":2,"name":"Shop","item":"https:\/\/orthopara.store\/?page_id=622"},{"@type":"ListItem","position":3,"name":"Cr\u00e8me apaisante &#8211; Dermagor &#8211; erycalm peaux r\u00e9actives et intol\u00e9rantes &#8211; 40ml"}]},{"@type":"WebSite","@id":"https:\/\/orthopara.store\/#website","url":"https:\/\/orthopara.store\/","name":"OrthoPara","description":"Parapharmacie","publisher":{"@id":"https:\/\/orthopara.store\/#organization"},"potentialAction":[{"@type":"SearchAction","target":{"@type":"EntryPoint","urlTemplate":"https:\/\/orthopara.store\/?s={search_term_string}"},"query-input":"required name=search_term_string"}],"inLanguage":"fr-FR"},{"@type":"Organization","@id":"https:\/\/orthopara.store\/#organization","name":"OrthoPara","url":"https:\/\/orthopara.store\/","logo":{"@type":"ImageObject","inLanguage":"fr-FR","@id":"https:\/\/orthopara.store\/#\/schema\/logo\/image\/","url":"https:\/\/orthopara.store\/wp-content\/uploads\/2024\/06\/cropped-9ABA8BAD-6256-4719-9315-15C66E64E882.png","contentUrl":"https:\/\/orthopara.store\/wp-content\/uploads\/2024\/06\/cropped-9ABA8BAD-6256-4719-9315-15C66E64E882.png","width":240,"height":72,"caption":"OrthoPara"},"image":{"@id":"https:\/\/orthopara.store\/#\/schema\/logo\/image\/"},"sameAs":["https:\/\/www.facebook.com\/profile.php?id=61561194315651","https:\/\/www.instagram.com\/orthopara_tunisie\/"]}]}},"jetpack_sharing_enabled":true,"brands":[{"id":62,"name":"Dermagor","slug":"dermagor"}],"_links":{"self":[{"href":"https:\/\/orthopara.store\/index.php?rest_route=\/wp\/v2\/product\/1042","targetHints":{"allow":["GET"]}}],"collection":[{"href":"https:\/\/orthopara.store\/index.php?rest_route=\/wp\/v2\/product"}],"about":[{"href":"https:\/\/orthopara.store\/index.php?rest_route=\/wp\/v2\/types\/product"}],"replies":[{"embeddable":true,"href":"https:\/\/orthopara.store\/index.php?rest_route=%2Fwp%2Fv2%2Fcomments&post=1042"}],"wp:featuredmedia":[{"embeddable":true,"href":"https:\/\/orthopara.store\/index.php?rest_route=\/wp\/v2\/media\/1069"}],"wp:attachment":[{"href":"https:\/\/orthopara.store\/index.php?rest_route=%2Fwp%2Fv2%2Fmedia&parent=1042"}],"wp:term":[{"taxonomy":"pwb-brand","embeddable":true,"href":"https:\/\/orthopara.store\/index.php?rest_route=%2Fwp%2Fv2%2Fpwb-brand&post=1042"},{"taxonomy":"product_cat","embeddable":true,"href":"https:\/\/orthopara.store\/index.php?rest_route=%2Fwp%2Fv2%2Fproduct_cat&post=1042"},{"taxonomy":"product_tag","embeddable":true,"href":"https:\/\/orthopara.store\/index.php?rest_route=%2Fwp%2Fv2%2Fproduct_tag&post=1042"}],"curies":[{"name":"wp","href":"https:\/\/api.w.org\/{rel}","templated":true}]}}