{"id":1070,"date":"2024-06-28T15:51:30","date_gmt":"2024-06-28T13:51:30","guid":{"rendered":"https:\/\/orthopara.store\/?post_type=product&#038;p=1070"},"modified":"2024-06-28T15:51:33","modified_gmt":"2024-06-28T13:51:33","slug":"spray-eau-thermale-jonzac-300ml","status":"publish","type":"product","link":"https:\/\/orthopara.store\/?product=spray-eau-thermale-jonzac-300ml","title":{"rendered":"Spray eau thermale &#8211; Jonzac &#8211; 300ml"},"content":{"rendered":"<p>Spray eau thermale &#8211; Jonzac &#8211; 300ml<br \/>\nLe spray d\u2019eau thermale n\u2019a pas seulement vocation \u00e0 rafraichir dans les p\u00e9riodes de fortes chaleurs. Il peut \u00e9galement vous apporter de multiples bienfaits suppl\u00e9mentaires et devenir un alli\u00e9 beaut\u00e9 indispensable \u00e0 votre quotidien.<br \/>\nAlors on remplace l\u2019eau calcaire du robinet qui agresse votre peau par l\u2019eau thermale en spray pour prendre soin de sa peau\u202fen douceur\u202f!<br \/>\nSans plus attendre, zoom sur les bienfaits et les multiples utilisations possibles de spray d\u2019eau thermale Jonzac !<br \/>\nLE SPRAY EAU THERMALE JONZAC\u202f: UN PRODUIT AUX MULTIPLES BIENFAITS<br \/>\nEau Thermale Jonzac propose le brumisateur, compos\u00e9 \u00e0 100% d\u2019eau de Jonzac. Le brumisateur Eau Thermale Jonzac est un produit qui a tout bon\u202f! C\u2019est le produit parfait pour accompagner votre routine de soins quotidienne.<br \/>\nGr\u00e2ce aux diverses propri\u00e9t\u00e9s (r\u00e9g\u00e9n\u00e9rantes et apaisantes) de l\u2019eau thermale de Jonzac, il apporte une grande vague de bien-\u00eatre \u00e0 la peau \u00e0 n\u2019importe quel moment de la journ\u00e9e. Haute tol\u00e9rance, il est adapt\u00e9 \u00e0 toutes les peaux, m\u00eame les plus sensibles.<br \/>\nconseils d&rsquo;utilisation:\u00a0<br \/>\nPour finir de nettoyer sa peau ou r\u00e9veiller votre peau<br \/>\nPour enlever les derni\u00e8res traces de maquillage, le spray d\u2019eau thermal peut \u00eatre d\u2019une grande aide. Par son absence de calcaire, un simple spray d\u2019eau thermale aide \u00e0 parfaire le d\u00e9maquillage en enlevant les derniers r\u00e9sidus, et permet de ne pas d\u00e9shydrater votre peau, mais au contraire, d\u2019apporter une hydratation suppl\u00e9mentaire \u00e0 celle-ci.<br \/>\nD\u00e8s le r\u00e9veil, appliquer un pshit du spray d\u2019eau thermale Jonzac peut \u00e9galement permettre de r\u00e9veiller votre visage, agir comme un booster et dynamiser votre peau pour bien commencer votre journ\u00e9e\u202f!<br \/>\nPour calmer les irritations dues au soleil et prot\u00e9ger votre peau<br \/>\nApr\u00e8s une exposition au soleil, le spray d\u2019eau thermale est aussi le produit id\u00e9al\u202fpour apaiser les tiraillements, irritations et \u00e9chauffements dus \u00e0 une exposition solaire ! Gr\u00e2ce aux diverses propri\u00e9t\u00e9s de l\u2019eau thermale Jonzac\u202f: r\u00e9g\u00e9n\u00e9rante, apaisante et hydratante, le spray permet de prot\u00e9ger et d\u2019apaiser votre peau en toutes circonstances\u202f!<br \/>\nPour cela, vaporisez simplement sur la zone en question, exercez quelques pressions avec votre main\u202fet le tour est jou\u00e9\u202f!<br \/>\nPour rafra\u00eechir votre peau<br \/>\nQuel que soit le moment de la journ\u00e9e, la pulv\u00e9risation du spray d\u2019eau thermale permet de se d\u00e9salt\u00e9rer apr\u00e8s la pratique d\u2019une activit\u00e9 physique, \u00e0 la plage ou lors de fortes chaleurs. Elle apporte une sensation de fra\u00eecheur \u00e0 votre peau et \u00e0 votre corps. Et pour un effet encore plus frais, conservez votre brumisateur au r\u00e9frig\u00e9rateur pour des sensations encore plus rafraichissantes\u202f!<br \/>\nPour optimiser l\u2019hydratation de votre peau<br \/>\nRayons UV, pollution, fortes chaleurs, \u2026tous ces facteurs externes ont tendance \u00e0 ass\u00e9cher votre peau. En pulv\u00e9risation avant l\u2019application d\u2019un soin, le spray d\u2019eau thermale Jonzac optimise l\u2019hydratation de la peau, mais pr\u00e9vient aussi le dess\u00e8chement de la peau.<br \/>\nUn geste beaut\u00e9 \u00e0 int\u00e9grer dans sa routine de soin pour permettre \u00e0 la peau de rester bien hydrat\u00e9e\u202f!<br \/>\nDES UTILISATIONS ENCORE PLUS VARI\u00c9ES DE CET ALLI\u00c9 BEAUT\u00c9 !<br \/>\nD\u2019une mani\u00e8re g\u00e9n\u00e9rale, les sprays d\u2019eau thermale peuvent \u00e9galement avoir d\u2019autres utilisations\/ \u00eatre utilis\u00e9s autrement, selon les propri\u00e9t\u00e9s de l\u2019eau thermale contenue.<br \/>\nCertains sprays d\u2019eau thermale peuvent notamment \u00eatre d\u2019une grande aide pour fixer votre maquillage, et l\u2019emp\u00eacher de bouger tout au long de la journ\u00e9e.<br \/>\n&#8211; En appliquant un jet d\u2019eau thermale apr\u00e8s votre routine maquillage et en laissant s\u00e9cher naturellement, l\u2019eau thermale peut aider \u00e0 fixer le maquillage et augmenter ainsi sa tenue.<br \/>\nQuoi de mieux pour profiter de l\u2019\u00e9t\u00e9 sans avoir \u00e0 se remaquiller \u00e0 la moindre chaleur\u202f?<br \/>\n&#8211; Les sprays d\u2019eau thermale peuvent aussi permettre de calmer les rougeurs, irritations, ou inflammations d\u2019apaiser sa peau apr\u00e8s une \u00e9pilation ou encore, d\u2019apaiser sa peau.<br \/>\nVous l\u2019aurez compris, le spray d\u2019eau thermale est un vrai produit \u00e0 tout faire\u202f! C\u2019est un indispensable \u00e0 avoir toujours dans son sac \u00e0 main\u202fet \u00e0 int\u00e9grer dans votre routine de soins\u202f! Alors n\u2019attendez plus et passez au spray d\u2019eau thermal pour un quotidien plus serein\u202f!<\/p>\n","protected":false},"excerpt":{"rendered":"<p>Jonzac\u00a0Eau Thermale\u00a0<br \/>\n&#8211; Apaisante, R\u00e9g\u00e9n\u00e9rante, Isotonique\u00a0<br \/>\n&#8211; pour tous types de peaux m\u00eame les plus sensibles\u00a0<br \/>\nContenance : 300ml\u00a0<\/p>\n","protected":false},"featured_media":1097,"comment_status":"open","ping_status":"closed","template":"","meta":[],"pwb-brand":[57],"product_cat":[117],"product_tag":[],"class_list":{"0":"post-1070","1":"product","2":"type-product","3":"status-publish","4":"has-post-thumbnail","6":"pwb-brand-jonzac","7":"product_cat-soins-anti-rougeurs-et-peau-sensible","8":"post","9":"ws-product--style-1","11":"first","12":"instock","13":"shipping-taxable","14":"purchasable","15":"product-type-simple"},"yoast_head":"<!-- This site is optimized with the Yoast SEO plugin v23.0 - https:\/\/yoast.com\/wordpress\/plugins\/seo\/ -->\n<title>Spray eau thermale - Jonzac - 300ml - OrthoPara<\/title>\n<meta name=\"robots\" content=\"index, follow, max-snippet:-1, max-image-preview:large, max-video-preview:-1\" \/>\n<link rel=\"canonical\" href=\"https:\/\/orthopara.store\/index.php\/produit\/spray-eau-thermale-jonzac-300ml\/\" \/>\n<meta property=\"og:locale\" content=\"fr_FR\" \/>\n<meta property=\"og:type\" content=\"article\" \/>\n<meta property=\"og:title\" content=\"Spray eau thermale - Jonzac - 300ml - OrthoPara\" \/>\n<meta property=\"og:description\" content=\"Jonzac\u00a0Eau Thermale\u00a0 - Apaisante, R\u00e9g\u00e9n\u00e9rante, Isotonique\u00a0 - pour tous types de peaux m\u00eame les plus sensibles\u00a0 Contenance : 300ml\u00a0\" \/>\n<meta property=\"og:url\" content=\"https:\/\/orthopara.store\/index.php\/produit\/spray-eau-thermale-jonzac-300ml\/\" \/>\n<meta property=\"og:site_name\" content=\"OrthoPara\" \/>\n<meta property=\"article:publisher\" content=\"https:\/\/www.facebook.com\/profile.php?id=61561194315651\" \/>\n<meta property=\"article:modified_time\" content=\"2024-06-28T13:51:33+00:00\" \/>\n<meta property=\"og:image\" content=\"https:\/\/orthopara.store\/wp-content\/uploads\/2024\/06\/spray-eau-thermale-jonzac-300ml.jpg\" \/>\n\t<meta property=\"og:image:width\" content=\"800\" \/>\n\t<meta property=\"og:image:height\" content=\"800\" \/>\n\t<meta property=\"og:image:type\" content=\"image\/jpeg\" \/>\n<meta name=\"twitter:card\" content=\"summary_large_image\" \/>\n<meta name=\"twitter:label1\" content=\"Dur\u00e9e de lecture estim\u00e9e\" \/>\n\t<meta name=\"twitter:data1\" content=\"4 minutes\" \/>\n<script type=\"application\/ld+json\" class=\"yoast-schema-graph\">{\"@context\":\"https:\/\/schema.org\",\"@graph\":[{\"@type\":\"WebPage\",\"@id\":\"https:\/\/orthopara.store\/index.php\/produit\/spray-eau-thermale-jonzac-300ml\/\",\"url\":\"https:\/\/orthopara.store\/index.php\/produit\/spray-eau-thermale-jonzac-300ml\/\",\"name\":\"Spray eau thermale - Jonzac - 300ml - OrthoPara\",\"isPartOf\":{\"@id\":\"https:\/\/orthopara.store\/#website\"},\"primaryImageOfPage\":{\"@id\":\"https:\/\/orthopara.store\/index.php\/produit\/spray-eau-thermale-jonzac-300ml\/#primaryimage\"},\"image\":{\"@id\":\"https:\/\/orthopara.store\/index.php\/produit\/spray-eau-thermale-jonzac-300ml\/#primaryimage\"},\"thumbnailUrl\":\"https:\/\/orthopara.store\/wp-content\/uploads\/2024\/06\/spray-eau-thermale-jonzac-300ml.jpg\",\"datePublished\":\"2024-06-28T13:51:30+00:00\",\"dateModified\":\"2024-06-28T13:51:33+00:00\",\"breadcrumb\":{\"@id\":\"https:\/\/orthopara.store\/index.php\/produit\/spray-eau-thermale-jonzac-300ml\/#breadcrumb\"},\"inLanguage\":\"fr-FR\",\"potentialAction\":[{\"@type\":\"ReadAction\",\"target\":[\"https:\/\/orthopara.store\/index.php\/produit\/spray-eau-thermale-jonzac-300ml\/\"]}]},{\"@type\":\"ImageObject\",\"inLanguage\":\"fr-FR\",\"@id\":\"https:\/\/orthopara.store\/index.php\/produit\/spray-eau-thermale-jonzac-300ml\/#primaryimage\",\"url\":\"https:\/\/orthopara.store\/wp-content\/uploads\/2024\/06\/spray-eau-thermale-jonzac-300ml.jpg\",\"contentUrl\":\"https:\/\/orthopara.store\/wp-content\/uploads\/2024\/06\/spray-eau-thermale-jonzac-300ml.jpg\",\"width\":800,\"height\":800},{\"@type\":\"BreadcrumbList\",\"@id\":\"https:\/\/orthopara.store\/index.php\/produit\/spray-eau-thermale-jonzac-300ml\/#breadcrumb\",\"itemListElement\":[{\"@type\":\"ListItem\",\"position\":1,\"name\":\"Accueil\",\"item\":\"https:\/\/orthopara.store\/\"},{\"@type\":\"ListItem\",\"position\":2,\"name\":\"Shop\",\"item\":\"https:\/\/orthopara.store\/?page_id=622\"},{\"@type\":\"ListItem\",\"position\":3,\"name\":\"Spray eau thermale &#8211; Jonzac &#8211; 300ml\"}]},{\"@type\":\"WebSite\",\"@id\":\"https:\/\/orthopara.store\/#website\",\"url\":\"https:\/\/orthopara.store\/\",\"name\":\"OrthoPara\",\"description\":\"Parapharmacie\",\"publisher\":{\"@id\":\"https:\/\/orthopara.store\/#organization\"},\"potentialAction\":[{\"@type\":\"SearchAction\",\"target\":{\"@type\":\"EntryPoint\",\"urlTemplate\":\"https:\/\/orthopara.store\/?s={search_term_string}\"},\"query-input\":\"required name=search_term_string\"}],\"inLanguage\":\"fr-FR\"},{\"@type\":\"Organization\",\"@id\":\"https:\/\/orthopara.store\/#organization\",\"name\":\"OrthoPara\",\"url\":\"https:\/\/orthopara.store\/\",\"logo\":{\"@type\":\"ImageObject\",\"inLanguage\":\"fr-FR\",\"@id\":\"https:\/\/orthopara.store\/#\/schema\/logo\/image\/\",\"url\":\"https:\/\/orthopara.store\/wp-content\/uploads\/2024\/06\/cropped-9ABA8BAD-6256-4719-9315-15C66E64E882.png\",\"contentUrl\":\"https:\/\/orthopara.store\/wp-content\/uploads\/2024\/06\/cropped-9ABA8BAD-6256-4719-9315-15C66E64E882.png\",\"width\":240,\"height\":72,\"caption\":\"OrthoPara\"},\"image\":{\"@id\":\"https:\/\/orthopara.store\/#\/schema\/logo\/image\/\"},\"sameAs\":[\"https:\/\/www.facebook.com\/profile.php?id=61561194315651\",\"https:\/\/www.instagram.com\/orthopara_tunisie\/\"]}]}<\/script>\n<!-- \/ Yoast SEO plugin. -->","yoast_head_json":{"title":"Spray eau thermale - Jonzac - 300ml - OrthoPara","robots":{"index":"index","follow":"follow","max-snippet":"max-snippet:-1","max-image-preview":"max-image-preview:large","max-video-preview":"max-video-preview:-1"},"canonical":"https:\/\/orthopara.store\/index.php\/produit\/spray-eau-thermale-jonzac-300ml\/","og_locale":"fr_FR","og_type":"article","og_title":"Spray eau thermale - Jonzac - 300ml - OrthoPara","og_description":"Jonzac\u00a0Eau Thermale\u00a0 - Apaisante, R\u00e9g\u00e9n\u00e9rante, Isotonique\u00a0 - pour tous types de peaux m\u00eame les plus sensibles\u00a0 Contenance : 300ml\u00a0","og_url":"https:\/\/orthopara.store\/index.php\/produit\/spray-eau-thermale-jonzac-300ml\/","og_site_name":"OrthoPara","article_publisher":"https:\/\/www.facebook.com\/profile.php?id=61561194315651","article_modified_time":"2024-06-28T13:51:33+00:00","og_image":[{"width":800,"height":800,"url":"https:\/\/orthopara.store\/wp-content\/uploads\/2024\/06\/spray-eau-thermale-jonzac-300ml.jpg","type":"image\/jpeg"}],"twitter_card":"summary_large_image","twitter_misc":{"Dur\u00e9e de lecture estim\u00e9e":"4 minutes"},"schema":{"@context":"https:\/\/schema.org","@graph":[{"@type":"WebPage","@id":"https:\/\/orthopara.store\/index.php\/produit\/spray-eau-thermale-jonzac-300ml\/","url":"https:\/\/orthopara.store\/index.php\/produit\/spray-eau-thermale-jonzac-300ml\/","name":"Spray eau thermale - Jonzac - 300ml - OrthoPara","isPartOf":{"@id":"https:\/\/orthopara.store\/#website"},"primaryImageOfPage":{"@id":"https:\/\/orthopara.store\/index.php\/produit\/spray-eau-thermale-jonzac-300ml\/#primaryimage"},"image":{"@id":"https:\/\/orthopara.store\/index.php\/produit\/spray-eau-thermale-jonzac-300ml\/#primaryimage"},"thumbnailUrl":"https:\/\/orthopara.store\/wp-content\/uploads\/2024\/06\/spray-eau-thermale-jonzac-300ml.jpg","datePublished":"2024-06-28T13:51:30+00:00","dateModified":"2024-06-28T13:51:33+00:00","breadcrumb":{"@id":"https:\/\/orthopara.store\/index.php\/produit\/spray-eau-thermale-jonzac-300ml\/#breadcrumb"},"inLanguage":"fr-FR","potentialAction":[{"@type":"ReadAction","target":["https:\/\/orthopara.store\/index.php\/produit\/spray-eau-thermale-jonzac-300ml\/"]}]},{"@type":"ImageObject","inLanguage":"fr-FR","@id":"https:\/\/orthopara.store\/index.php\/produit\/spray-eau-thermale-jonzac-300ml\/#primaryimage","url":"https:\/\/orthopara.store\/wp-content\/uploads\/2024\/06\/spray-eau-thermale-jonzac-300ml.jpg","contentUrl":"https:\/\/orthopara.store\/wp-content\/uploads\/2024\/06\/spray-eau-thermale-jonzac-300ml.jpg","width":800,"height":800},{"@type":"BreadcrumbList","@id":"https:\/\/orthopara.store\/index.php\/produit\/spray-eau-thermale-jonzac-300ml\/#breadcrumb","itemListElement":[{"@type":"ListItem","position":1,"name":"Accueil","item":"https:\/\/orthopara.store\/"},{"@type":"ListItem","position":2,"name":"Shop","item":"https:\/\/orthopara.store\/?page_id=622"},{"@type":"ListItem","position":3,"name":"Spray eau thermale &#8211; Jonzac &#8211; 300ml"}]},{"@type":"WebSite","@id":"https:\/\/orthopara.store\/#website","url":"https:\/\/orthopara.store\/","name":"OrthoPara","description":"Parapharmacie","publisher":{"@id":"https:\/\/orthopara.store\/#organization"},"potentialAction":[{"@type":"SearchAction","target":{"@type":"EntryPoint","urlTemplate":"https:\/\/orthopara.store\/?s={search_term_string}"},"query-input":"required name=search_term_string"}],"inLanguage":"fr-FR"},{"@type":"Organization","@id":"https:\/\/orthopara.store\/#organization","name":"OrthoPara","url":"https:\/\/orthopara.store\/","logo":{"@type":"ImageObject","inLanguage":"fr-FR","@id":"https:\/\/orthopara.store\/#\/schema\/logo\/image\/","url":"https:\/\/orthopara.store\/wp-content\/uploads\/2024\/06\/cropped-9ABA8BAD-6256-4719-9315-15C66E64E882.png","contentUrl":"https:\/\/orthopara.store\/wp-content\/uploads\/2024\/06\/cropped-9ABA8BAD-6256-4719-9315-15C66E64E882.png","width":240,"height":72,"caption":"OrthoPara"},"image":{"@id":"https:\/\/orthopara.store\/#\/schema\/logo\/image\/"},"sameAs":["https:\/\/www.facebook.com\/profile.php?id=61561194315651","https:\/\/www.instagram.com\/orthopara_tunisie\/"]}]}},"jetpack_sharing_enabled":true,"brands":[{"id":57,"name":"JONZAC","slug":"jonzac"}],"_links":{"self":[{"href":"https:\/\/orthopara.store\/index.php?rest_route=\/wp\/v2\/product\/1070","targetHints":{"allow":["GET"]}}],"collection":[{"href":"https:\/\/orthopara.store\/index.php?rest_route=\/wp\/v2\/product"}],"about":[{"href":"https:\/\/orthopara.store\/index.php?rest_route=\/wp\/v2\/types\/product"}],"replies":[{"embeddable":true,"href":"https:\/\/orthopara.store\/index.php?rest_route=%2Fwp%2Fv2%2Fcomments&post=1070"}],"wp:featuredmedia":[{"embeddable":true,"href":"https:\/\/orthopara.store\/index.php?rest_route=\/wp\/v2\/media\/1097"}],"wp:attachment":[{"href":"https:\/\/orthopara.store\/index.php?rest_route=%2Fwp%2Fv2%2Fmedia&parent=1070"}],"wp:term":[{"taxonomy":"pwb-brand","embeddable":true,"href":"https:\/\/orthopara.store\/index.php?rest_route=%2Fwp%2Fv2%2Fpwb-brand&post=1070"},{"taxonomy":"product_cat","embeddable":true,"href":"https:\/\/orthopara.store\/index.php?rest_route=%2Fwp%2Fv2%2Fproduct_cat&post=1070"},{"taxonomy":"product_tag","embeddable":true,"href":"https:\/\/orthopara.store\/index.php?rest_route=%2Fwp%2Fv2%2Fproduct_tag&post=1070"}],"curies":[{"name":"wp","href":"https:\/\/api.w.org\/{rel}","templated":true}]}}