{"id":1071,"date":"2024-06-28T15:51:30","date_gmt":"2024-06-28T13:51:30","guid":{"rendered":"https:\/\/orthopara.store\/?post_type=product&#038;p=1071"},"modified":"2024-06-28T15:51:34","modified_gmt":"2024-06-28T13:51:34","slug":"eco-recharge-huile-lavante-svr-topialyse-1-litre","status":"publish","type":"product","link":"https:\/\/orthopara.store\/?product=eco-recharge-huile-lavante-svr-topialyse-1-litre","title":{"rendered":"Eco recharge huile lavante &#8211; SVR Topialyse &#8211; 1 litre"},"content":{"rendered":"<p>Eco recharge huile lavante &#8211; SVR Topialyse &#8211; 1 litre\u00a0<br \/>\nTopialyse huile lavante\u00a0 est un v\u00e9ritable soin lavant ; le premier geste de votre routine apaisante, anti-irritation, anti-grattage. Cette huile sensorielle riche en actifs relipidants et hydratants nourrit intens\u00e9ment la peau, pr\u00e9serve le film hydrolipidique et prot\u00e8ge des agressions ext\u00e9rieures (froid, frottements) et des effets dess\u00e9chants de l&rsquo;eau calcaire. Sa texture huile soyeuse et enveloppante pr\u00e9serve l&rsquo;hydratation pendant 24h pour un confort imm\u00e9diat et longue dur\u00e9e.\u00a0<br \/>\nRespectueux pour votre peau et pour la plan\u00e8te, l&rsquo;huile lavante \u00e0 une formule biod\u00e9gradable compos\u00e9e \u00e0 89% d&rsquo;ingr\u00e9dients d&rsquo;origine naturelle, la formule est biod\u00e9gradable1 et test\u00e9 sans effets n\u00e9fastes sur les m\u00e9canismes endocriniens \u00e9valu\u00e9s2.\u00a0 \u00a0 Il ne reste plus qu&rsquo;\u00e0 se laisser envelopper par sa mousse onctueuse et son parfum d\u00e9licat sans allerg\u00e8nes3. Une vraie solution pour r\u00e9duire notre impact environnementale: la recharge est compos\u00e9e de 72% de plastique en moins que le flacon d&rsquo;un litre !<\/p>\n<p>35% d&rsquo;actifs hydratants et relipidants :<\/p>\n<p>Om\u00e9gas 3, 6 et 9 dont huile de coton : relipident, restaurent et pr\u00e9servent la barri\u00e8re cutan\u00e9e.<br \/>\nHydratation 24h.<br \/>\nNiacinamide : actif de r\u00e9f\u00e9rence dans l&rsquo;apaisement des peaux sensibles.<br \/>\nSucre pr\u00e9biotique : respecte l&rsquo;\u00e9quilibre du microbiome, limite le grattage en aidant \u00e0 r\u00e9\u00e9quilibrer la flore cutan\u00e9e.<br \/>\nBase lavante tol\u00e9rance optimale avec tensio-actifs ultra-doux : nettoie d\u00e9licatement la peau sans l&rsquo;agresser ni la dess\u00e9cher. Elle est prot\u00e9g\u00e9e des agressions ext\u00e9rieures (frottements, froid, calcaire&#8230;).<br \/>\n1 Norme OCDE 301F<br \/>\n2Test sur produit fini par un laboratoire ind\u00e9pendant, expert de la perturbation endocrinienne (\u00e9valuation sur certains m\u00e9canismes majeurs des syst\u00e8mes oestrog\u00e9niques, androg\u00e9niques et thyro\u00efdiens).<br \/>\n3IFRA49<\/p>\n<p>Composition :\u00a0<br \/>\nLa liste des ingr\u00e9dients peut \u00eatre soumise \u00e0 des variations, nous vous conseillons de toujours v\u00e9rifier la liste figurant sur le produit achet\u00e9.<br \/>\nFormule INCI : Aqua\/Water\/Eau, Glycerin, Sodium C14-16 Olefin Sulfonate, Sodium Lauroamphoacetate, Coco-Betaine, Niacinamide, Citric Acid, Sodium Olivamphoacetate, Alpha-Glucan Oligosaccharide, Parfum (Fragrance), Saccharide Isomerate, Caprylyl\/Capryl Glucoside, Sodium Benzoate, Potassium Sorbate, Polyglyceryl-3 Cocoate, Polyglyceryl-10 Laurate, Gossypium Herbaceum (Cotton) Seed Oil, Sodium Citrate<\/p>\n<p>Conseils d&rsquo;utilisation :\u00a0<br \/>\nUsage quotidien.<br \/>\nNourrisson d\u00e8s la naissance (hors pr\u00e9matur\u00e9), enfant, adulte, femme enceinte, ne pique pas les yeux.<br \/>\nLe soin lavant qui remplace tous les autres : gel douche, bain moussant, shampoing, hygi\u00e8ne intime, nettoyant visage et mains, d\u00e9maquillant.<br \/>\nPour la douche : appliquer sur peau mouill\u00e9e, faire mousser, rincer puis s\u00e9cher d\u00e9licatement sans frotter.<br \/>\nPour le bain : verser l&rsquo;\u00e9quivalent de 3 pressions longues pendant le remplissage de la baignoire.<br \/>\nSe rince facilement. Ne laisse pas de r\u00e9sidus glissants dans le bain ou la douche.<\/p>\n","protected":false},"excerpt":{"rendered":"<p>SVR Topialyse<br \/>\nEco recharge Huile lavante\u00a0<br \/>\nApaisant Hydratant 24h<br \/>\nProtection Anti- Dess\u00e8chement\u00a0<\/p>\n<p>Contenance : 1 litre\u00a0<\/p>\n","protected":false},"featured_media":1098,"comment_status":"open","ping_status":"closed","template":"","meta":[],"pwb-brand":[43],"product_cat":[117],"product_tag":[],"class_list":{"0":"post-1071","1":"product","2":"type-product","3":"status-publish","4":"has-post-thumbnail","6":"pwb-brand-svr","7":"product_cat-soins-anti-rougeurs-et-peau-sensible","8":"post","9":"ws-product--style-1","11":"first","12":"instock","13":"shipping-taxable","14":"purchasable","15":"product-type-simple"},"yoast_head":"<!-- This site is optimized with the Yoast SEO plugin v23.0 - https:\/\/yoast.com\/wordpress\/plugins\/seo\/ -->\n<title>Eco recharge huile lavante - SVR Topialyse - 1 litre - OrthoPara<\/title>\n<meta name=\"robots\" content=\"index, follow, max-snippet:-1, max-image-preview:large, max-video-preview:-1\" \/>\n<link rel=\"canonical\" href=\"https:\/\/orthopara.store\/index.php\/produit\/eco-recharge-huile-lavante-svr-topialyse-1-litre\/\" \/>\n<meta property=\"og:locale\" content=\"fr_FR\" \/>\n<meta property=\"og:type\" content=\"article\" \/>\n<meta property=\"og:title\" content=\"Eco recharge huile lavante - SVR Topialyse - 1 litre - OrthoPara\" \/>\n<meta property=\"og:description\" content=\"SVR Topialyse Eco recharge Huile lavante\u00a0 Apaisant Hydratant 24h Protection Anti- Dess\u00e8chement\u00a0 Contenance : 1 litre\u00a0\" \/>\n<meta property=\"og:url\" content=\"https:\/\/orthopara.store\/index.php\/produit\/eco-recharge-huile-lavante-svr-topialyse-1-litre\/\" \/>\n<meta property=\"og:site_name\" content=\"OrthoPara\" \/>\n<meta property=\"article:publisher\" content=\"https:\/\/www.facebook.com\/profile.php?id=61561194315651\" \/>\n<meta property=\"article:modified_time\" content=\"2024-06-28T13:51:34+00:00\" \/>\n<meta property=\"og:image\" content=\"https:\/\/orthopara.store\/wp-content\/uploads\/2024\/06\/eco-recharge-huile-lavante-svr-topialyse-1-litre.jpg\" \/>\n\t<meta property=\"og:image:width\" content=\"800\" \/>\n\t<meta property=\"og:image:height\" content=\"800\" \/>\n\t<meta property=\"og:image:type\" content=\"image\/jpeg\" \/>\n<meta name=\"twitter:card\" content=\"summary_large_image\" \/>\n<meta name=\"twitter:label1\" content=\"Dur\u00e9e de lecture estim\u00e9e\" \/>\n\t<meta name=\"twitter:data1\" content=\"2 minutes\" \/>\n<script type=\"application\/ld+json\" class=\"yoast-schema-graph\">{\"@context\":\"https:\/\/schema.org\",\"@graph\":[{\"@type\":\"WebPage\",\"@id\":\"https:\/\/orthopara.store\/index.php\/produit\/eco-recharge-huile-lavante-svr-topialyse-1-litre\/\",\"url\":\"https:\/\/orthopara.store\/index.php\/produit\/eco-recharge-huile-lavante-svr-topialyse-1-litre\/\",\"name\":\"Eco recharge huile lavante - SVR Topialyse - 1 litre - OrthoPara\",\"isPartOf\":{\"@id\":\"https:\/\/orthopara.store\/#website\"},\"primaryImageOfPage\":{\"@id\":\"https:\/\/orthopara.store\/index.php\/produit\/eco-recharge-huile-lavante-svr-topialyse-1-litre\/#primaryimage\"},\"image\":{\"@id\":\"https:\/\/orthopara.store\/index.php\/produit\/eco-recharge-huile-lavante-svr-topialyse-1-litre\/#primaryimage\"},\"thumbnailUrl\":\"https:\/\/orthopara.store\/wp-content\/uploads\/2024\/06\/eco-recharge-huile-lavante-svr-topialyse-1-litre.jpg\",\"datePublished\":\"2024-06-28T13:51:30+00:00\",\"dateModified\":\"2024-06-28T13:51:34+00:00\",\"breadcrumb\":{\"@id\":\"https:\/\/orthopara.store\/index.php\/produit\/eco-recharge-huile-lavante-svr-topialyse-1-litre\/#breadcrumb\"},\"inLanguage\":\"fr-FR\",\"potentialAction\":[{\"@type\":\"ReadAction\",\"target\":[\"https:\/\/orthopara.store\/index.php\/produit\/eco-recharge-huile-lavante-svr-topialyse-1-litre\/\"]}]},{\"@type\":\"ImageObject\",\"inLanguage\":\"fr-FR\",\"@id\":\"https:\/\/orthopara.store\/index.php\/produit\/eco-recharge-huile-lavante-svr-topialyse-1-litre\/#primaryimage\",\"url\":\"https:\/\/orthopara.store\/wp-content\/uploads\/2024\/06\/eco-recharge-huile-lavante-svr-topialyse-1-litre.jpg\",\"contentUrl\":\"https:\/\/orthopara.store\/wp-content\/uploads\/2024\/06\/eco-recharge-huile-lavante-svr-topialyse-1-litre.jpg\",\"width\":800,\"height\":800},{\"@type\":\"BreadcrumbList\",\"@id\":\"https:\/\/orthopara.store\/index.php\/produit\/eco-recharge-huile-lavante-svr-topialyse-1-litre\/#breadcrumb\",\"itemListElement\":[{\"@type\":\"ListItem\",\"position\":1,\"name\":\"Accueil\",\"item\":\"https:\/\/orthopara.store\/\"},{\"@type\":\"ListItem\",\"position\":2,\"name\":\"Shop\",\"item\":\"https:\/\/orthopara.store\/?page_id=622\"},{\"@type\":\"ListItem\",\"position\":3,\"name\":\"Eco recharge huile lavante &#8211; SVR Topialyse &#8211; 1 litre\"}]},{\"@type\":\"WebSite\",\"@id\":\"https:\/\/orthopara.store\/#website\",\"url\":\"https:\/\/orthopara.store\/\",\"name\":\"OrthoPara\",\"description\":\"Parapharmacie\",\"publisher\":{\"@id\":\"https:\/\/orthopara.store\/#organization\"},\"potentialAction\":[{\"@type\":\"SearchAction\",\"target\":{\"@type\":\"EntryPoint\",\"urlTemplate\":\"https:\/\/orthopara.store\/?s={search_term_string}\"},\"query-input\":\"required name=search_term_string\"}],\"inLanguage\":\"fr-FR\"},{\"@type\":\"Organization\",\"@id\":\"https:\/\/orthopara.store\/#organization\",\"name\":\"OrthoPara\",\"url\":\"https:\/\/orthopara.store\/\",\"logo\":{\"@type\":\"ImageObject\",\"inLanguage\":\"fr-FR\",\"@id\":\"https:\/\/orthopara.store\/#\/schema\/logo\/image\/\",\"url\":\"https:\/\/orthopara.store\/wp-content\/uploads\/2024\/06\/cropped-9ABA8BAD-6256-4719-9315-15C66E64E882.png\",\"contentUrl\":\"https:\/\/orthopara.store\/wp-content\/uploads\/2024\/06\/cropped-9ABA8BAD-6256-4719-9315-15C66E64E882.png\",\"width\":240,\"height\":72,\"caption\":\"OrthoPara\"},\"image\":{\"@id\":\"https:\/\/orthopara.store\/#\/schema\/logo\/image\/\"},\"sameAs\":[\"https:\/\/www.facebook.com\/profile.php?id=61561194315651\",\"https:\/\/www.instagram.com\/orthopara_tunisie\/\"]}]}<\/script>\n<!-- \/ Yoast SEO plugin. -->","yoast_head_json":{"title":"Eco recharge huile lavante - SVR Topialyse - 1 litre - OrthoPara","robots":{"index":"index","follow":"follow","max-snippet":"max-snippet:-1","max-image-preview":"max-image-preview:large","max-video-preview":"max-video-preview:-1"},"canonical":"https:\/\/orthopara.store\/index.php\/produit\/eco-recharge-huile-lavante-svr-topialyse-1-litre\/","og_locale":"fr_FR","og_type":"article","og_title":"Eco recharge huile lavante - SVR Topialyse - 1 litre - OrthoPara","og_description":"SVR Topialyse Eco recharge Huile lavante\u00a0 Apaisant Hydratant 24h Protection Anti- Dess\u00e8chement\u00a0 Contenance : 1 litre\u00a0","og_url":"https:\/\/orthopara.store\/index.php\/produit\/eco-recharge-huile-lavante-svr-topialyse-1-litre\/","og_site_name":"OrthoPara","article_publisher":"https:\/\/www.facebook.com\/profile.php?id=61561194315651","article_modified_time":"2024-06-28T13:51:34+00:00","og_image":[{"width":800,"height":800,"url":"https:\/\/orthopara.store\/wp-content\/uploads\/2024\/06\/eco-recharge-huile-lavante-svr-topialyse-1-litre.jpg","type":"image\/jpeg"}],"twitter_card":"summary_large_image","twitter_misc":{"Dur\u00e9e de lecture estim\u00e9e":"2 minutes"},"schema":{"@context":"https:\/\/schema.org","@graph":[{"@type":"WebPage","@id":"https:\/\/orthopara.store\/index.php\/produit\/eco-recharge-huile-lavante-svr-topialyse-1-litre\/","url":"https:\/\/orthopara.store\/index.php\/produit\/eco-recharge-huile-lavante-svr-topialyse-1-litre\/","name":"Eco recharge huile lavante - SVR Topialyse - 1 litre - OrthoPara","isPartOf":{"@id":"https:\/\/orthopara.store\/#website"},"primaryImageOfPage":{"@id":"https:\/\/orthopara.store\/index.php\/produit\/eco-recharge-huile-lavante-svr-topialyse-1-litre\/#primaryimage"},"image":{"@id":"https:\/\/orthopara.store\/index.php\/produit\/eco-recharge-huile-lavante-svr-topialyse-1-litre\/#primaryimage"},"thumbnailUrl":"https:\/\/orthopara.store\/wp-content\/uploads\/2024\/06\/eco-recharge-huile-lavante-svr-topialyse-1-litre.jpg","datePublished":"2024-06-28T13:51:30+00:00","dateModified":"2024-06-28T13:51:34+00:00","breadcrumb":{"@id":"https:\/\/orthopara.store\/index.php\/produit\/eco-recharge-huile-lavante-svr-topialyse-1-litre\/#breadcrumb"},"inLanguage":"fr-FR","potentialAction":[{"@type":"ReadAction","target":["https:\/\/orthopara.store\/index.php\/produit\/eco-recharge-huile-lavante-svr-topialyse-1-litre\/"]}]},{"@type":"ImageObject","inLanguage":"fr-FR","@id":"https:\/\/orthopara.store\/index.php\/produit\/eco-recharge-huile-lavante-svr-topialyse-1-litre\/#primaryimage","url":"https:\/\/orthopara.store\/wp-content\/uploads\/2024\/06\/eco-recharge-huile-lavante-svr-topialyse-1-litre.jpg","contentUrl":"https:\/\/orthopara.store\/wp-content\/uploads\/2024\/06\/eco-recharge-huile-lavante-svr-topialyse-1-litre.jpg","width":800,"height":800},{"@type":"BreadcrumbList","@id":"https:\/\/orthopara.store\/index.php\/produit\/eco-recharge-huile-lavante-svr-topialyse-1-litre\/#breadcrumb","itemListElement":[{"@type":"ListItem","position":1,"name":"Accueil","item":"https:\/\/orthopara.store\/"},{"@type":"ListItem","position":2,"name":"Shop","item":"https:\/\/orthopara.store\/?page_id=622"},{"@type":"ListItem","position":3,"name":"Eco recharge huile lavante &#8211; SVR Topialyse &#8211; 1 litre"}]},{"@type":"WebSite","@id":"https:\/\/orthopara.store\/#website","url":"https:\/\/orthopara.store\/","name":"OrthoPara","description":"Parapharmacie","publisher":{"@id":"https:\/\/orthopara.store\/#organization"},"potentialAction":[{"@type":"SearchAction","target":{"@type":"EntryPoint","urlTemplate":"https:\/\/orthopara.store\/?s={search_term_string}"},"query-input":"required name=search_term_string"}],"inLanguage":"fr-FR"},{"@type":"Organization","@id":"https:\/\/orthopara.store\/#organization","name":"OrthoPara","url":"https:\/\/orthopara.store\/","logo":{"@type":"ImageObject","inLanguage":"fr-FR","@id":"https:\/\/orthopara.store\/#\/schema\/logo\/image\/","url":"https:\/\/orthopara.store\/wp-content\/uploads\/2024\/06\/cropped-9ABA8BAD-6256-4719-9315-15C66E64E882.png","contentUrl":"https:\/\/orthopara.store\/wp-content\/uploads\/2024\/06\/cropped-9ABA8BAD-6256-4719-9315-15C66E64E882.png","width":240,"height":72,"caption":"OrthoPara"},"image":{"@id":"https:\/\/orthopara.store\/#\/schema\/logo\/image\/"},"sameAs":["https:\/\/www.facebook.com\/profile.php?id=61561194315651","https:\/\/www.instagram.com\/orthopara_tunisie\/"]}]}},"jetpack_sharing_enabled":true,"brands":[{"id":43,"name":"SVR","slug":"svr"}],"_links":{"self":[{"href":"https:\/\/orthopara.store\/index.php?rest_route=\/wp\/v2\/product\/1071","targetHints":{"allow":["GET"]}}],"collection":[{"href":"https:\/\/orthopara.store\/index.php?rest_route=\/wp\/v2\/product"}],"about":[{"href":"https:\/\/orthopara.store\/index.php?rest_route=\/wp\/v2\/types\/product"}],"replies":[{"embeddable":true,"href":"https:\/\/orthopara.store\/index.php?rest_route=%2Fwp%2Fv2%2Fcomments&post=1071"}],"wp:featuredmedia":[{"embeddable":true,"href":"https:\/\/orthopara.store\/index.php?rest_route=\/wp\/v2\/media\/1098"}],"wp:attachment":[{"href":"https:\/\/orthopara.store\/index.php?rest_route=%2Fwp%2Fv2%2Fmedia&parent=1071"}],"wp:term":[{"taxonomy":"pwb-brand","embeddable":true,"href":"https:\/\/orthopara.store\/index.php?rest_route=%2Fwp%2Fv2%2Fpwb-brand&post=1071"},{"taxonomy":"product_cat","embeddable":true,"href":"https:\/\/orthopara.store\/index.php?rest_route=%2Fwp%2Fv2%2Fproduct_cat&post=1071"},{"taxonomy":"product_tag","embeddable":true,"href":"https:\/\/orthopara.store\/index.php?rest_route=%2Fwp%2Fv2%2Fproduct_tag&post=1071"}],"curies":[{"name":"wp","href":"https:\/\/api.w.org\/{rel}","templated":true}]}}