{"id":1072,"date":"2024-06-28T15:51:30","date_gmt":"2024-06-28T13:51:30","guid":{"rendered":"https:\/\/orthopara.store\/?post_type=product&#038;p=1072"},"modified":"2024-11-10T16:09:37","modified_gmt":"2024-11-10T15:09:37","slug":"creme-apaisante-reparatrice-svr-cicavit-40ml","status":"publish","type":"product","link":"https:\/\/orthopara.store\/?product=creme-apaisante-reparatrice-svr-cicavit-40ml","title":{"rendered":"Cr\u00e8me apaisante r\u00e9paratrice &#8211; SVR Cicavit+ &#8211; 40ml"},"content":{"rendered":"<p>Cr\u00e8me apaisante r\u00e9paratrice &#8211; SVR Cicavit+ &#8211; 40ml<br \/>\nSVR Cicavit est une cr\u00e8me destin\u00e9e pour les peaux irrit\u00e9es, abim\u00e9es ou fragilis\u00e9es<br \/>\nCette cr\u00e8me permet d&rsquo;apaiser la peau de toute la famille des agressions entrainant irritations et inconforts, affectant aussi bien le corps que les zones fragiles du visage ou des muqueuses externes :<br \/>\n&#8211; S\u00e9cheresse, rougeurs<br \/>\n&#8211; Ger\u00e7ures, \u00e9corchures<br \/>\n&#8211; Rougeurs du si\u00e8ge<br \/>\n&#8211; Tatouage, post-actes dermatologiques (peeling)<br \/>\n&#8211; Echauffements, coups de soleil<br \/>\n&#8211; Epilation, rasage<br \/>\nConseils d&rsquo;utilisation :<br \/>\nIl est indiqu\u00e9 d&rsquo;appliquer sur les zones concern\u00e9es propres et s\u00e8ches 2 fois par jour, jusqu\u2019\u00e0 r\u00e9paration compl\u00e8te.<\/p>\n","protected":false},"excerpt":{"rendered":"<p>SVR Cicavit+<br \/>\nCr\u00e8me apaisante r\u00e9paration acc\u00e9l\u00e9r\u00e9e, anti-marques<br \/>\nCicavit+ Cr\u00e8me est un soin qui acc\u00e9l\u00e8re la r\u00e9paration cutan\u00e9e et apaise intens\u00e9ment les peaux abim\u00e9es et irrit\u00e9es de toute la famille<br \/>\nContenance : 40ml<\/p>\n","protected":false},"featured_media":1099,"comment_status":"open","ping_status":"closed","template":"","meta":[],"pwb-brand":[43],"product_cat":[117],"product_tag":[],"class_list":{"0":"post-1072","1":"product","2":"type-product","3":"status-publish","4":"has-post-thumbnail","6":"pwb-brand-svr","7":"product_cat-soins-anti-rougeurs-et-peau-sensible","8":"post","9":"ws-product--style-1","11":"first","12":"instock","13":"shipping-taxable","14":"purchasable","15":"product-type-simple"},"yoast_head":"<!-- This site is optimized with the Yoast SEO plugin v23.0 - https:\/\/yoast.com\/wordpress\/plugins\/seo\/ -->\n<title>Cr\u00e8me apaisante r\u00e9paratrice - SVR Cicavit+ - 40ml - OrthoPara<\/title>\n<meta name=\"robots\" content=\"index, follow, max-snippet:-1, max-image-preview:large, max-video-preview:-1\" \/>\n<link rel=\"canonical\" href=\"https:\/\/orthopara.store\/index.php\/produit\/creme-apaisante-reparatrice-svr-cicavit-40ml\/\" \/>\n<meta property=\"og:locale\" content=\"fr_FR\" \/>\n<meta property=\"og:type\" content=\"article\" \/>\n<meta property=\"og:title\" content=\"Cr\u00e8me apaisante r\u00e9paratrice - SVR Cicavit+ - 40ml - OrthoPara\" \/>\n<meta property=\"og:description\" content=\"SVR Cicavit+ Cr\u00e8me apaisante r\u00e9paration acc\u00e9l\u00e9r\u00e9e, anti-marques Cicavit+ Cr\u00e8me est un soin qui acc\u00e9l\u00e8re la r\u00e9paration cutan\u00e9e et apaise intens\u00e9ment les peaux abim\u00e9es et irrit\u00e9es de toute la famille Contenance : 40ml\" \/>\n<meta property=\"og:url\" content=\"https:\/\/orthopara.store\/index.php\/produit\/creme-apaisante-reparatrice-svr-cicavit-40ml\/\" \/>\n<meta property=\"og:site_name\" content=\"OrthoPara\" \/>\n<meta property=\"article:publisher\" content=\"https:\/\/www.facebook.com\/profile.php?id=61561194315651\" \/>\n<meta property=\"article:modified_time\" content=\"2024-11-10T15:09:37+00:00\" \/>\n<meta property=\"og:image\" content=\"https:\/\/orthopara.store\/wp-content\/uploads\/2024\/06\/creme-apaisante-reparatrice-svr-cicavit-40ml.jpg\" \/>\n\t<meta property=\"og:image:width\" content=\"800\" \/>\n\t<meta property=\"og:image:height\" content=\"800\" \/>\n\t<meta property=\"og:image:type\" content=\"image\/jpeg\" \/>\n<meta name=\"twitter:card\" content=\"summary_large_image\" \/>\n<meta name=\"twitter:label1\" content=\"Dur\u00e9e de lecture estim\u00e9e\" \/>\n\t<meta name=\"twitter:data1\" content=\"1 minute\" \/>\n<script type=\"application\/ld+json\" class=\"yoast-schema-graph\">{\"@context\":\"https:\/\/schema.org\",\"@graph\":[{\"@type\":\"WebPage\",\"@id\":\"https:\/\/orthopara.store\/index.php\/produit\/creme-apaisante-reparatrice-svr-cicavit-40ml\/\",\"url\":\"https:\/\/orthopara.store\/index.php\/produit\/creme-apaisante-reparatrice-svr-cicavit-40ml\/\",\"name\":\"Cr\u00e8me apaisante r\u00e9paratrice - SVR Cicavit+ - 40ml - OrthoPara\",\"isPartOf\":{\"@id\":\"https:\/\/orthopara.store\/#website\"},\"primaryImageOfPage\":{\"@id\":\"https:\/\/orthopara.store\/index.php\/produit\/creme-apaisante-reparatrice-svr-cicavit-40ml\/#primaryimage\"},\"image\":{\"@id\":\"https:\/\/orthopara.store\/index.php\/produit\/creme-apaisante-reparatrice-svr-cicavit-40ml\/#primaryimage\"},\"thumbnailUrl\":\"https:\/\/orthopara.store\/wp-content\/uploads\/2024\/06\/creme-apaisante-reparatrice-svr-cicavit-40ml.jpg\",\"datePublished\":\"2024-06-28T13:51:30+00:00\",\"dateModified\":\"2024-11-10T15:09:37+00:00\",\"breadcrumb\":{\"@id\":\"https:\/\/orthopara.store\/index.php\/produit\/creme-apaisante-reparatrice-svr-cicavit-40ml\/#breadcrumb\"},\"inLanguage\":\"fr-FR\",\"potentialAction\":[{\"@type\":\"ReadAction\",\"target\":[\"https:\/\/orthopara.store\/index.php\/produit\/creme-apaisante-reparatrice-svr-cicavit-40ml\/\"]}]},{\"@type\":\"ImageObject\",\"inLanguage\":\"fr-FR\",\"@id\":\"https:\/\/orthopara.store\/index.php\/produit\/creme-apaisante-reparatrice-svr-cicavit-40ml\/#primaryimage\",\"url\":\"https:\/\/orthopara.store\/wp-content\/uploads\/2024\/06\/creme-apaisante-reparatrice-svr-cicavit-40ml.jpg\",\"contentUrl\":\"https:\/\/orthopara.store\/wp-content\/uploads\/2024\/06\/creme-apaisante-reparatrice-svr-cicavit-40ml.jpg\",\"width\":800,\"height\":800},{\"@type\":\"BreadcrumbList\",\"@id\":\"https:\/\/orthopara.store\/index.php\/produit\/creme-apaisante-reparatrice-svr-cicavit-40ml\/#breadcrumb\",\"itemListElement\":[{\"@type\":\"ListItem\",\"position\":1,\"name\":\"Accueil\",\"item\":\"https:\/\/orthopara.store\/\"},{\"@type\":\"ListItem\",\"position\":2,\"name\":\"Shop\",\"item\":\"https:\/\/orthopara.store\/?page_id=622\"},{\"@type\":\"ListItem\",\"position\":3,\"name\":\"Cr\u00e8me apaisante r\u00e9paratrice &#8211; SVR Cicavit+ &#8211; 40ml\"}]},{\"@type\":\"WebSite\",\"@id\":\"https:\/\/orthopara.store\/#website\",\"url\":\"https:\/\/orthopara.store\/\",\"name\":\"OrthoPara\",\"description\":\"Parapharmacie\",\"publisher\":{\"@id\":\"https:\/\/orthopara.store\/#organization\"},\"potentialAction\":[{\"@type\":\"SearchAction\",\"target\":{\"@type\":\"EntryPoint\",\"urlTemplate\":\"https:\/\/orthopara.store\/?s={search_term_string}\"},\"query-input\":\"required name=search_term_string\"}],\"inLanguage\":\"fr-FR\"},{\"@type\":\"Organization\",\"@id\":\"https:\/\/orthopara.store\/#organization\",\"name\":\"OrthoPara\",\"url\":\"https:\/\/orthopara.store\/\",\"logo\":{\"@type\":\"ImageObject\",\"inLanguage\":\"fr-FR\",\"@id\":\"https:\/\/orthopara.store\/#\/schema\/logo\/image\/\",\"url\":\"https:\/\/orthopara.store\/wp-content\/uploads\/2024\/06\/cropped-9ABA8BAD-6256-4719-9315-15C66E64E882.png\",\"contentUrl\":\"https:\/\/orthopara.store\/wp-content\/uploads\/2024\/06\/cropped-9ABA8BAD-6256-4719-9315-15C66E64E882.png\",\"width\":240,\"height\":72,\"caption\":\"OrthoPara\"},\"image\":{\"@id\":\"https:\/\/orthopara.store\/#\/schema\/logo\/image\/\"},\"sameAs\":[\"https:\/\/www.facebook.com\/profile.php?id=61561194315651\",\"https:\/\/www.instagram.com\/orthopara_tunisie\/\"]}]}<\/script>\n<!-- \/ Yoast SEO plugin. -->","yoast_head_json":{"title":"Cr\u00e8me apaisante r\u00e9paratrice - SVR Cicavit+ - 40ml - OrthoPara","robots":{"index":"index","follow":"follow","max-snippet":"max-snippet:-1","max-image-preview":"max-image-preview:large","max-video-preview":"max-video-preview:-1"},"canonical":"https:\/\/orthopara.store\/index.php\/produit\/creme-apaisante-reparatrice-svr-cicavit-40ml\/","og_locale":"fr_FR","og_type":"article","og_title":"Cr\u00e8me apaisante r\u00e9paratrice - SVR Cicavit+ - 40ml - OrthoPara","og_description":"SVR Cicavit+ Cr\u00e8me apaisante r\u00e9paration acc\u00e9l\u00e9r\u00e9e, anti-marques Cicavit+ Cr\u00e8me est un soin qui acc\u00e9l\u00e8re la r\u00e9paration cutan\u00e9e et apaise intens\u00e9ment les peaux abim\u00e9es et irrit\u00e9es de toute la famille Contenance : 40ml","og_url":"https:\/\/orthopara.store\/index.php\/produit\/creme-apaisante-reparatrice-svr-cicavit-40ml\/","og_site_name":"OrthoPara","article_publisher":"https:\/\/www.facebook.com\/profile.php?id=61561194315651","article_modified_time":"2024-11-10T15:09:37+00:00","og_image":[{"width":800,"height":800,"url":"https:\/\/orthopara.store\/wp-content\/uploads\/2024\/06\/creme-apaisante-reparatrice-svr-cicavit-40ml.jpg","type":"image\/jpeg"}],"twitter_card":"summary_large_image","twitter_misc":{"Dur\u00e9e de lecture estim\u00e9e":"1 minute"},"schema":{"@context":"https:\/\/schema.org","@graph":[{"@type":"WebPage","@id":"https:\/\/orthopara.store\/index.php\/produit\/creme-apaisante-reparatrice-svr-cicavit-40ml\/","url":"https:\/\/orthopara.store\/index.php\/produit\/creme-apaisante-reparatrice-svr-cicavit-40ml\/","name":"Cr\u00e8me apaisante r\u00e9paratrice - SVR Cicavit+ - 40ml - OrthoPara","isPartOf":{"@id":"https:\/\/orthopara.store\/#website"},"primaryImageOfPage":{"@id":"https:\/\/orthopara.store\/index.php\/produit\/creme-apaisante-reparatrice-svr-cicavit-40ml\/#primaryimage"},"image":{"@id":"https:\/\/orthopara.store\/index.php\/produit\/creme-apaisante-reparatrice-svr-cicavit-40ml\/#primaryimage"},"thumbnailUrl":"https:\/\/orthopara.store\/wp-content\/uploads\/2024\/06\/creme-apaisante-reparatrice-svr-cicavit-40ml.jpg","datePublished":"2024-06-28T13:51:30+00:00","dateModified":"2024-11-10T15:09:37+00:00","breadcrumb":{"@id":"https:\/\/orthopara.store\/index.php\/produit\/creme-apaisante-reparatrice-svr-cicavit-40ml\/#breadcrumb"},"inLanguage":"fr-FR","potentialAction":[{"@type":"ReadAction","target":["https:\/\/orthopara.store\/index.php\/produit\/creme-apaisante-reparatrice-svr-cicavit-40ml\/"]}]},{"@type":"ImageObject","inLanguage":"fr-FR","@id":"https:\/\/orthopara.store\/index.php\/produit\/creme-apaisante-reparatrice-svr-cicavit-40ml\/#primaryimage","url":"https:\/\/orthopara.store\/wp-content\/uploads\/2024\/06\/creme-apaisante-reparatrice-svr-cicavit-40ml.jpg","contentUrl":"https:\/\/orthopara.store\/wp-content\/uploads\/2024\/06\/creme-apaisante-reparatrice-svr-cicavit-40ml.jpg","width":800,"height":800},{"@type":"BreadcrumbList","@id":"https:\/\/orthopara.store\/index.php\/produit\/creme-apaisante-reparatrice-svr-cicavit-40ml\/#breadcrumb","itemListElement":[{"@type":"ListItem","position":1,"name":"Accueil","item":"https:\/\/orthopara.store\/"},{"@type":"ListItem","position":2,"name":"Shop","item":"https:\/\/orthopara.store\/?page_id=622"},{"@type":"ListItem","position":3,"name":"Cr\u00e8me apaisante r\u00e9paratrice &#8211; SVR Cicavit+ &#8211; 40ml"}]},{"@type":"WebSite","@id":"https:\/\/orthopara.store\/#website","url":"https:\/\/orthopara.store\/","name":"OrthoPara","description":"Parapharmacie","publisher":{"@id":"https:\/\/orthopara.store\/#organization"},"potentialAction":[{"@type":"SearchAction","target":{"@type":"EntryPoint","urlTemplate":"https:\/\/orthopara.store\/?s={search_term_string}"},"query-input":"required name=search_term_string"}],"inLanguage":"fr-FR"},{"@type":"Organization","@id":"https:\/\/orthopara.store\/#organization","name":"OrthoPara","url":"https:\/\/orthopara.store\/","logo":{"@type":"ImageObject","inLanguage":"fr-FR","@id":"https:\/\/orthopara.store\/#\/schema\/logo\/image\/","url":"https:\/\/orthopara.store\/wp-content\/uploads\/2024\/06\/cropped-9ABA8BAD-6256-4719-9315-15C66E64E882.png","contentUrl":"https:\/\/orthopara.store\/wp-content\/uploads\/2024\/06\/cropped-9ABA8BAD-6256-4719-9315-15C66E64E882.png","width":240,"height":72,"caption":"OrthoPara"},"image":{"@id":"https:\/\/orthopara.store\/#\/schema\/logo\/image\/"},"sameAs":["https:\/\/www.facebook.com\/profile.php?id=61561194315651","https:\/\/www.instagram.com\/orthopara_tunisie\/"]}]}},"jetpack_sharing_enabled":true,"brands":[{"id":43,"name":"SVR","slug":"svr"}],"_links":{"self":[{"href":"https:\/\/orthopara.store\/index.php?rest_route=\/wp\/v2\/product\/1072","targetHints":{"allow":["GET"]}}],"collection":[{"href":"https:\/\/orthopara.store\/index.php?rest_route=\/wp\/v2\/product"}],"about":[{"href":"https:\/\/orthopara.store\/index.php?rest_route=\/wp\/v2\/types\/product"}],"replies":[{"embeddable":true,"href":"https:\/\/orthopara.store\/index.php?rest_route=%2Fwp%2Fv2%2Fcomments&post=1072"}],"wp:featuredmedia":[{"embeddable":true,"href":"https:\/\/orthopara.store\/index.php?rest_route=\/wp\/v2\/media\/1099"}],"wp:attachment":[{"href":"https:\/\/orthopara.store\/index.php?rest_route=%2Fwp%2Fv2%2Fmedia&parent=1072"}],"wp:term":[{"taxonomy":"pwb-brand","embeddable":true,"href":"https:\/\/orthopara.store\/index.php?rest_route=%2Fwp%2Fv2%2Fpwb-brand&post=1072"},{"taxonomy":"product_cat","embeddable":true,"href":"https:\/\/orthopara.store\/index.php?rest_route=%2Fwp%2Fv2%2Fproduct_cat&post=1072"},{"taxonomy":"product_tag","embeddable":true,"href":"https:\/\/orthopara.store\/index.php?rest_route=%2Fwp%2Fv2%2Fproduct_tag&post=1072"}],"curies":[{"name":"wp","href":"https:\/\/api.w.org\/{rel}","templated":true}]}}