{"id":1074,"date":"2024-06-28T15:51:30","date_gmt":"2024-06-28T13:51:30","guid":{"rendered":"https:\/\/orthopara.store\/?post_type=product&#038;p=1074"},"modified":"2024-06-28T15:51:35","modified_gmt":"2024-06-28T13:51:35","slug":"gamarde-eau-thermale-de-gamarde-soin-apaisant-anti-irritant-100ml","status":"publish","type":"product","link":"https:\/\/orthopara.store\/?product=gamarde-eau-thermale-de-gamarde-soin-apaisant-anti-irritant-100ml","title":{"rendered":"Gamarde &#8211; Eau thermale de gamarde &#8211; Soin apaisant &#038; anti-irritant &#8211; 100ml"},"content":{"rendered":"<p>Reconnue pour ses propri\u00e9t\u00e9s apaisantes et anti-irritantes, l\u2019Eau Thermale de Gamarde-Les-Bains procure confort, bien-\u00eatre et douceur aux peaux d\u00e9licates. Elle parfait le d\u00e9maquillage, rafra\u00eechit naturellement et r\u00e9conforte. Formulation Vegan<br \/>\nLa peau est imm\u00e9diatement apais\u00e9e, hydrat\u00e9e et tonifi\u00e9e.<br \/>\nEfficacit\u00e9 prouv\u00e9e :<br \/>\n100% : la peau est hydrat\u00e9e, souple et tonique (1)<br \/>\n100% :la peau est imm\u00e9diatement rafra\u00eechie (1)<br \/>\n94% : la peau est imm\u00e9diatement apais\u00e9e (1)<br \/>\n94% : la peau para\u00eet moins irrit\u00e9e (1)<br \/>\n(1) Test de satisfaction r\u00e9alis\u00e9 sur 19 volontaires \u00e0 peau sensible. Application deux fois par jour pendant 2 jours<br \/>\nIngr\u00e9dients cl\u00e9s :<br \/>\nGamarde aqua (Gamarde Water), nitrogen, butylene glycol, sodium salicylate, citric acid.<br \/>\nLes parfums utilis\u00e9s pour l&rsquo;\u00e9laboration de nos soins peuvent contenir des traces d&rsquo;huiles essentielles.<br \/>\nConseils d&rsquo;utilisation :<br \/>\nVaporiser une fine brume sur visage, cou et zones sensibles aussi souvent que n\u00e9cessaire. Ne pas essuyer. Favorable en cas de rougeurs, pour parfaire le d\u00e9maquillage, apaiser les peaux d\u00e9licates. Ne pas employer chez les enfants de moins de 3 ans.<br \/>\nContenance :<br \/>\n100ml<\/p>\n","protected":false},"excerpt":{"rendered":"<p>Reconnue pour ses propri\u00e9t\u00e9s apaisantes et anti-irritantes, l&rsquo;Eau Thermale de Gamarde-Les-Bains apporte confort, bien-\u00eatre et douceur aux peaux d\u00e9licates. Il perfectionne le d\u00e9maquillage, rafra\u00eechit et r\u00e9conforte naturellement.<br \/>\nConvient pour : peaux sensibles, tous types de peaux<\/p>\n","protected":false},"featured_media":1101,"comment_status":"open","ping_status":"closed","template":"","meta":[],"pwb-brand":[41],"product_cat":[117],"product_tag":[],"class_list":{"0":"post-1074","1":"product","2":"type-product","3":"status-publish","4":"has-post-thumbnail","6":"pwb-brand-gamarde","7":"product_cat-soins-anti-rougeurs-et-peau-sensible","8":"post","9":"ws-product--style-1","11":"first","12":"instock","13":"shipping-taxable","14":"purchasable","15":"product-type-simple"},"yoast_head":"<!-- This site is optimized with the Yoast SEO plugin v23.0 - https:\/\/yoast.com\/wordpress\/plugins\/seo\/ -->\n<title>Gamarde - Eau thermale de gamarde - Soin apaisant &amp; anti-irritant - 100ml - OrthoPara<\/title>\n<meta name=\"robots\" content=\"index, follow, max-snippet:-1, max-image-preview:large, max-video-preview:-1\" \/>\n<link rel=\"canonical\" href=\"https:\/\/orthopara.store\/index.php\/produit\/gamarde-eau-thermale-de-gamarde-soin-apaisant-anti-irritant-100ml\/\" \/>\n<meta property=\"og:locale\" content=\"fr_FR\" \/>\n<meta property=\"og:type\" content=\"article\" \/>\n<meta property=\"og:title\" content=\"Gamarde - Eau thermale de gamarde - Soin apaisant &amp; anti-irritant - 100ml - OrthoPara\" \/>\n<meta property=\"og:description\" content=\"Reconnue pour ses propri\u00e9t\u00e9s apaisantes et anti-irritantes, l&#039;Eau Thermale de Gamarde-Les-Bains apporte confort, bien-\u00eatre et douceur aux peaux d\u00e9licates. Il perfectionne le d\u00e9maquillage, rafra\u00eechit et r\u00e9conforte naturellement. Convient pour : peaux sensibles, tous types de peaux\" \/>\n<meta property=\"og:url\" content=\"https:\/\/orthopara.store\/index.php\/produit\/gamarde-eau-thermale-de-gamarde-soin-apaisant-anti-irritant-100ml\/\" \/>\n<meta property=\"og:site_name\" content=\"OrthoPara\" \/>\n<meta property=\"article:publisher\" content=\"https:\/\/www.facebook.com\/profile.php?id=61561194315651\" \/>\n<meta property=\"article:modified_time\" content=\"2024-06-28T13:51:35+00:00\" \/>\n<meta property=\"og:image\" content=\"https:\/\/orthopara.store\/wp-content\/uploads\/2024\/06\/gamarde-eau-thermale-de-gamarde-soin-apaisant-anti-irritant-100ml.jpg\" \/>\n\t<meta property=\"og:image:width\" content=\"800\" \/>\n\t<meta property=\"og:image:height\" content=\"800\" \/>\n\t<meta property=\"og:image:type\" content=\"image\/jpeg\" \/>\n<meta name=\"twitter:card\" content=\"summary_large_image\" \/>\n<meta name=\"twitter:label1\" content=\"Dur\u00e9e de lecture estim\u00e9e\" \/>\n\t<meta name=\"twitter:data1\" content=\"1 minute\" \/>\n<script type=\"application\/ld+json\" class=\"yoast-schema-graph\">{\"@context\":\"https:\/\/schema.org\",\"@graph\":[{\"@type\":\"WebPage\",\"@id\":\"https:\/\/orthopara.store\/index.php\/produit\/gamarde-eau-thermale-de-gamarde-soin-apaisant-anti-irritant-100ml\/\",\"url\":\"https:\/\/orthopara.store\/index.php\/produit\/gamarde-eau-thermale-de-gamarde-soin-apaisant-anti-irritant-100ml\/\",\"name\":\"Gamarde - Eau thermale de gamarde - Soin apaisant & anti-irritant - 100ml - OrthoPara\",\"isPartOf\":{\"@id\":\"https:\/\/orthopara.store\/#website\"},\"primaryImageOfPage\":{\"@id\":\"https:\/\/orthopara.store\/index.php\/produit\/gamarde-eau-thermale-de-gamarde-soin-apaisant-anti-irritant-100ml\/#primaryimage\"},\"image\":{\"@id\":\"https:\/\/orthopara.store\/index.php\/produit\/gamarde-eau-thermale-de-gamarde-soin-apaisant-anti-irritant-100ml\/#primaryimage\"},\"thumbnailUrl\":\"https:\/\/orthopara.store\/wp-content\/uploads\/2024\/06\/gamarde-eau-thermale-de-gamarde-soin-apaisant-anti-irritant-100ml.jpg\",\"datePublished\":\"2024-06-28T13:51:30+00:00\",\"dateModified\":\"2024-06-28T13:51:35+00:00\",\"breadcrumb\":{\"@id\":\"https:\/\/orthopara.store\/index.php\/produit\/gamarde-eau-thermale-de-gamarde-soin-apaisant-anti-irritant-100ml\/#breadcrumb\"},\"inLanguage\":\"fr-FR\",\"potentialAction\":[{\"@type\":\"ReadAction\",\"target\":[\"https:\/\/orthopara.store\/index.php\/produit\/gamarde-eau-thermale-de-gamarde-soin-apaisant-anti-irritant-100ml\/\"]}]},{\"@type\":\"ImageObject\",\"inLanguage\":\"fr-FR\",\"@id\":\"https:\/\/orthopara.store\/index.php\/produit\/gamarde-eau-thermale-de-gamarde-soin-apaisant-anti-irritant-100ml\/#primaryimage\",\"url\":\"https:\/\/orthopara.store\/wp-content\/uploads\/2024\/06\/gamarde-eau-thermale-de-gamarde-soin-apaisant-anti-irritant-100ml.jpg\",\"contentUrl\":\"https:\/\/orthopara.store\/wp-content\/uploads\/2024\/06\/gamarde-eau-thermale-de-gamarde-soin-apaisant-anti-irritant-100ml.jpg\",\"width\":800,\"height\":800},{\"@type\":\"BreadcrumbList\",\"@id\":\"https:\/\/orthopara.store\/index.php\/produit\/gamarde-eau-thermale-de-gamarde-soin-apaisant-anti-irritant-100ml\/#breadcrumb\",\"itemListElement\":[{\"@type\":\"ListItem\",\"position\":1,\"name\":\"Accueil\",\"item\":\"https:\/\/orthopara.store\/\"},{\"@type\":\"ListItem\",\"position\":2,\"name\":\"Shop\",\"item\":\"https:\/\/orthopara.store\/?page_id=622\"},{\"@type\":\"ListItem\",\"position\":3,\"name\":\"Gamarde &#8211; Eau thermale de gamarde &#8211; Soin apaisant &#038; anti-irritant &#8211; 100ml\"}]},{\"@type\":\"WebSite\",\"@id\":\"https:\/\/orthopara.store\/#website\",\"url\":\"https:\/\/orthopara.store\/\",\"name\":\"OrthoPara\",\"description\":\"Parapharmacie\",\"publisher\":{\"@id\":\"https:\/\/orthopara.store\/#organization\"},\"potentialAction\":[{\"@type\":\"SearchAction\",\"target\":{\"@type\":\"EntryPoint\",\"urlTemplate\":\"https:\/\/orthopara.store\/?s={search_term_string}\"},\"query-input\":\"required name=search_term_string\"}],\"inLanguage\":\"fr-FR\"},{\"@type\":\"Organization\",\"@id\":\"https:\/\/orthopara.store\/#organization\",\"name\":\"OrthoPara\",\"url\":\"https:\/\/orthopara.store\/\",\"logo\":{\"@type\":\"ImageObject\",\"inLanguage\":\"fr-FR\",\"@id\":\"https:\/\/orthopara.store\/#\/schema\/logo\/image\/\",\"url\":\"https:\/\/orthopara.store\/wp-content\/uploads\/2024\/06\/cropped-9ABA8BAD-6256-4719-9315-15C66E64E882.png\",\"contentUrl\":\"https:\/\/orthopara.store\/wp-content\/uploads\/2024\/06\/cropped-9ABA8BAD-6256-4719-9315-15C66E64E882.png\",\"width\":240,\"height\":72,\"caption\":\"OrthoPara\"},\"image\":{\"@id\":\"https:\/\/orthopara.store\/#\/schema\/logo\/image\/\"},\"sameAs\":[\"https:\/\/www.facebook.com\/profile.php?id=61561194315651\",\"https:\/\/www.instagram.com\/orthopara_tunisie\/\"]}]}<\/script>\n<!-- \/ Yoast SEO plugin. -->","yoast_head_json":{"title":"Gamarde - Eau thermale de gamarde - Soin apaisant & anti-irritant - 100ml - OrthoPara","robots":{"index":"index","follow":"follow","max-snippet":"max-snippet:-1","max-image-preview":"max-image-preview:large","max-video-preview":"max-video-preview:-1"},"canonical":"https:\/\/orthopara.store\/index.php\/produit\/gamarde-eau-thermale-de-gamarde-soin-apaisant-anti-irritant-100ml\/","og_locale":"fr_FR","og_type":"article","og_title":"Gamarde - Eau thermale de gamarde - Soin apaisant & anti-irritant - 100ml - OrthoPara","og_description":"Reconnue pour ses propri\u00e9t\u00e9s apaisantes et anti-irritantes, l'Eau Thermale de Gamarde-Les-Bains apporte confort, bien-\u00eatre et douceur aux peaux d\u00e9licates. Il perfectionne le d\u00e9maquillage, rafra\u00eechit et r\u00e9conforte naturellement. Convient pour : peaux sensibles, tous types de peaux","og_url":"https:\/\/orthopara.store\/index.php\/produit\/gamarde-eau-thermale-de-gamarde-soin-apaisant-anti-irritant-100ml\/","og_site_name":"OrthoPara","article_publisher":"https:\/\/www.facebook.com\/profile.php?id=61561194315651","article_modified_time":"2024-06-28T13:51:35+00:00","og_image":[{"width":800,"height":800,"url":"https:\/\/orthopara.store\/wp-content\/uploads\/2024\/06\/gamarde-eau-thermale-de-gamarde-soin-apaisant-anti-irritant-100ml.jpg","type":"image\/jpeg"}],"twitter_card":"summary_large_image","twitter_misc":{"Dur\u00e9e de lecture estim\u00e9e":"1 minute"},"schema":{"@context":"https:\/\/schema.org","@graph":[{"@type":"WebPage","@id":"https:\/\/orthopara.store\/index.php\/produit\/gamarde-eau-thermale-de-gamarde-soin-apaisant-anti-irritant-100ml\/","url":"https:\/\/orthopara.store\/index.php\/produit\/gamarde-eau-thermale-de-gamarde-soin-apaisant-anti-irritant-100ml\/","name":"Gamarde - Eau thermale de gamarde - Soin apaisant & anti-irritant - 100ml - OrthoPara","isPartOf":{"@id":"https:\/\/orthopara.store\/#website"},"primaryImageOfPage":{"@id":"https:\/\/orthopara.store\/index.php\/produit\/gamarde-eau-thermale-de-gamarde-soin-apaisant-anti-irritant-100ml\/#primaryimage"},"image":{"@id":"https:\/\/orthopara.store\/index.php\/produit\/gamarde-eau-thermale-de-gamarde-soin-apaisant-anti-irritant-100ml\/#primaryimage"},"thumbnailUrl":"https:\/\/orthopara.store\/wp-content\/uploads\/2024\/06\/gamarde-eau-thermale-de-gamarde-soin-apaisant-anti-irritant-100ml.jpg","datePublished":"2024-06-28T13:51:30+00:00","dateModified":"2024-06-28T13:51:35+00:00","breadcrumb":{"@id":"https:\/\/orthopara.store\/index.php\/produit\/gamarde-eau-thermale-de-gamarde-soin-apaisant-anti-irritant-100ml\/#breadcrumb"},"inLanguage":"fr-FR","potentialAction":[{"@type":"ReadAction","target":["https:\/\/orthopara.store\/index.php\/produit\/gamarde-eau-thermale-de-gamarde-soin-apaisant-anti-irritant-100ml\/"]}]},{"@type":"ImageObject","inLanguage":"fr-FR","@id":"https:\/\/orthopara.store\/index.php\/produit\/gamarde-eau-thermale-de-gamarde-soin-apaisant-anti-irritant-100ml\/#primaryimage","url":"https:\/\/orthopara.store\/wp-content\/uploads\/2024\/06\/gamarde-eau-thermale-de-gamarde-soin-apaisant-anti-irritant-100ml.jpg","contentUrl":"https:\/\/orthopara.store\/wp-content\/uploads\/2024\/06\/gamarde-eau-thermale-de-gamarde-soin-apaisant-anti-irritant-100ml.jpg","width":800,"height":800},{"@type":"BreadcrumbList","@id":"https:\/\/orthopara.store\/index.php\/produit\/gamarde-eau-thermale-de-gamarde-soin-apaisant-anti-irritant-100ml\/#breadcrumb","itemListElement":[{"@type":"ListItem","position":1,"name":"Accueil","item":"https:\/\/orthopara.store\/"},{"@type":"ListItem","position":2,"name":"Shop","item":"https:\/\/orthopara.store\/?page_id=622"},{"@type":"ListItem","position":3,"name":"Gamarde &#8211; Eau thermale de gamarde &#8211; Soin apaisant &#038; anti-irritant &#8211; 100ml"}]},{"@type":"WebSite","@id":"https:\/\/orthopara.store\/#website","url":"https:\/\/orthopara.store\/","name":"OrthoPara","description":"Parapharmacie","publisher":{"@id":"https:\/\/orthopara.store\/#organization"},"potentialAction":[{"@type":"SearchAction","target":{"@type":"EntryPoint","urlTemplate":"https:\/\/orthopara.store\/?s={search_term_string}"},"query-input":"required name=search_term_string"}],"inLanguage":"fr-FR"},{"@type":"Organization","@id":"https:\/\/orthopara.store\/#organization","name":"OrthoPara","url":"https:\/\/orthopara.store\/","logo":{"@type":"ImageObject","inLanguage":"fr-FR","@id":"https:\/\/orthopara.store\/#\/schema\/logo\/image\/","url":"https:\/\/orthopara.store\/wp-content\/uploads\/2024\/06\/cropped-9ABA8BAD-6256-4719-9315-15C66E64E882.png","contentUrl":"https:\/\/orthopara.store\/wp-content\/uploads\/2024\/06\/cropped-9ABA8BAD-6256-4719-9315-15C66E64E882.png","width":240,"height":72,"caption":"OrthoPara"},"image":{"@id":"https:\/\/orthopara.store\/#\/schema\/logo\/image\/"},"sameAs":["https:\/\/www.facebook.com\/profile.php?id=61561194315651","https:\/\/www.instagram.com\/orthopara_tunisie\/"]}]}},"jetpack_sharing_enabled":true,"brands":[{"id":41,"name":"Gamarde","slug":"gamarde"}],"_links":{"self":[{"href":"https:\/\/orthopara.store\/index.php?rest_route=\/wp\/v2\/product\/1074","targetHints":{"allow":["GET"]}}],"collection":[{"href":"https:\/\/orthopara.store\/index.php?rest_route=\/wp\/v2\/product"}],"about":[{"href":"https:\/\/orthopara.store\/index.php?rest_route=\/wp\/v2\/types\/product"}],"replies":[{"embeddable":true,"href":"https:\/\/orthopara.store\/index.php?rest_route=%2Fwp%2Fv2%2Fcomments&post=1074"}],"wp:featuredmedia":[{"embeddable":true,"href":"https:\/\/orthopara.store\/index.php?rest_route=\/wp\/v2\/media\/1101"}],"wp:attachment":[{"href":"https:\/\/orthopara.store\/index.php?rest_route=%2Fwp%2Fv2%2Fmedia&parent=1074"}],"wp:term":[{"taxonomy":"pwb-brand","embeddable":true,"href":"https:\/\/orthopara.store\/index.php?rest_route=%2Fwp%2Fv2%2Fpwb-brand&post=1074"},{"taxonomy":"product_cat","embeddable":true,"href":"https:\/\/orthopara.store\/index.php?rest_route=%2Fwp%2Fv2%2Fproduct_cat&post=1074"},{"taxonomy":"product_tag","embeddable":true,"href":"https:\/\/orthopara.store\/index.php?rest_route=%2Fwp%2Fv2%2Fproduct_tag&post=1074"}],"curies":[{"name":"wp","href":"https:\/\/api.w.org\/{rel}","templated":true}]}}