{"id":1079,"date":"2024-06-28T15:51:31","date_gmt":"2024-06-28T13:51:31","guid":{"rendered":"https:\/\/orthopara.store\/?post_type=product&#038;p=1079"},"modified":"2024-11-07T09:35:19","modified_gmt":"2024-11-07T08:35:19","slug":"bioderma-photoderm-ar-creme-solaire-teintee-spf50-30ml","status":"publish","type":"product","link":"https:\/\/orthopara.store\/?product=bioderma-photoderm-ar-creme-solaire-teintee-spf50-30ml","title":{"rendered":"Bioderma Photoderm AR &#8211; Cr\u00e8me solaire teint\u00e9e &#8211; SPF50+ &#8211; 30ml"},"content":{"rendered":"<p>L&rsquo;efficacit\u00e9 anti-UVB maximale et la performance in\u00e9gal\u00e9e \u00ab anti-UVA extr\u00eame \u00bb de Photoderm AR prot\u00e8gent en toute s\u00e9curit\u00e9 des coups de soleil, pr\u00e9viennent les intol\u00e9rances solaires et luttent contre le vieillissement cutan\u00e9 pr\u00e9matur\u00e9.Avanc\u00e9e majeure contre les risques de dommages cellulaires, son brevet exclusif Bioprotection\u00ae Cellulaire permet une protection optimale des cellules de la peau. Innovation issue de la recherche BIODERMA, le brevet exclusif Rosactiv\u00ae* de Photoderm AR associe de puissants actifs anti-rougeurs qui permettent de lutter contre l&rsquo;installation et l&rsquo;aggravation des rougeurs diffuses.La teinte naturelle de Photoderm AR convient aux peaux claires. Elle unifie parfaitement le teint et att\u00e9nue les rougeurs. Sa texture hydratante redonne souplesse et tonicit\u00e9 \u00e0 la peau.Non com\u00e9dog\u00e8ne, Photoderm AR est water resistant et photostable. Sans parfum, Photoderm AR offre une excellente tol\u00e9rance.<br \/>\nConseils d&rsquo;utilisation :<br \/>\nAppliquez uniform\u00e9ment et g\u00e9n\u00e9reusement Photoderm AR avant l&rsquo;exposition sur une peau soigneusement s\u00e9ch\u00e9e.Renouvelez fr\u00e9quemment l&rsquo;application de Photoderm AR et apr\u00e8s chaque bain, frottement ou activit\u00e9 sportive.<br \/>\nContenance :<br \/>\n30ml<\/p>\n","protected":false},"excerpt":{"rendered":"<p>La photoprotection maximale sp\u00e9cifique des peaux sensibles et r\u00e9actives sujettes aux rougeurs, corrig\u00e9es par une teinte naturelle.<br \/>\nTeinte universelle naturelle\u00a0<br \/>\nDLC 01\/2026<\/p>\n","protected":false},"featured_media":1106,"comment_status":"open","ping_status":"closed","template":"","meta":[],"pwb-brand":[64],"product_cat":[117],"product_tag":[],"class_list":{"0":"post-1079","1":"product","2":"type-product","3":"status-publish","4":"has-post-thumbnail","6":"pwb-brand-bioderma","7":"product_cat-soins-anti-rougeurs-et-peau-sensible","8":"post","9":"ws-product--style-1","11":"first","12":"instock","13":"shipping-taxable","14":"purchasable","15":"product-type-simple"},"yoast_head":"<!-- This site is optimized with the Yoast SEO plugin v23.0 - https:\/\/yoast.com\/wordpress\/plugins\/seo\/ -->\n<title>Bioderma Photoderm AR - Cr\u00e8me solaire teint\u00e9e - SPF50+ - 30ml - OrthoPara<\/title>\n<meta name=\"robots\" content=\"index, follow, max-snippet:-1, max-image-preview:large, max-video-preview:-1\" \/>\n<link rel=\"canonical\" href=\"https:\/\/orthopara.store\/index.php\/produit\/bioderma-photoderm-ar-creme-solaire-teintee-spf50-30ml\/\" \/>\n<meta property=\"og:locale\" content=\"fr_FR\" \/>\n<meta property=\"og:type\" content=\"article\" \/>\n<meta property=\"og:title\" content=\"Bioderma Photoderm AR - Cr\u00e8me solaire teint\u00e9e - SPF50+ - 30ml - OrthoPara\" \/>\n<meta property=\"og:description\" content=\"La photoprotection maximale sp\u00e9cifique des peaux sensibles et r\u00e9actives sujettes aux rougeurs, corrig\u00e9es par une teinte naturelle. Teinte universelle naturelle\u00a0 DLC 01\/2026\" \/>\n<meta property=\"og:url\" content=\"https:\/\/orthopara.store\/index.php\/produit\/bioderma-photoderm-ar-creme-solaire-teintee-spf50-30ml\/\" \/>\n<meta property=\"og:site_name\" content=\"OrthoPara\" \/>\n<meta property=\"article:publisher\" content=\"https:\/\/www.facebook.com\/profile.php?id=61561194315651\" \/>\n<meta property=\"article:modified_time\" content=\"2024-11-07T08:35:19+00:00\" \/>\n<meta property=\"og:image\" content=\"https:\/\/orthopara.store\/wp-content\/uploads\/2024\/06\/creme-solaire-teintee-bioderma-photoderm-ar-spf50-30ml.jpg\" \/>\n\t<meta property=\"og:image:width\" content=\"800\" \/>\n\t<meta property=\"og:image:height\" content=\"800\" \/>\n\t<meta property=\"og:image:type\" content=\"image\/jpeg\" \/>\n<meta name=\"twitter:card\" content=\"summary_large_image\" \/>\n<meta name=\"twitter:label1\" content=\"Dur\u00e9e de lecture estim\u00e9e\" \/>\n\t<meta name=\"twitter:data1\" content=\"1 minute\" \/>\n<script type=\"application\/ld+json\" class=\"yoast-schema-graph\">{\"@context\":\"https:\/\/schema.org\",\"@graph\":[{\"@type\":\"WebPage\",\"@id\":\"https:\/\/orthopara.store\/index.php\/produit\/bioderma-photoderm-ar-creme-solaire-teintee-spf50-30ml\/\",\"url\":\"https:\/\/orthopara.store\/index.php\/produit\/bioderma-photoderm-ar-creme-solaire-teintee-spf50-30ml\/\",\"name\":\"Bioderma Photoderm AR - Cr\u00e8me solaire teint\u00e9e - SPF50+ - 30ml - OrthoPara\",\"isPartOf\":{\"@id\":\"https:\/\/orthopara.store\/#website\"},\"primaryImageOfPage\":{\"@id\":\"https:\/\/orthopara.store\/index.php\/produit\/bioderma-photoderm-ar-creme-solaire-teintee-spf50-30ml\/#primaryimage\"},\"image\":{\"@id\":\"https:\/\/orthopara.store\/index.php\/produit\/bioderma-photoderm-ar-creme-solaire-teintee-spf50-30ml\/#primaryimage\"},\"thumbnailUrl\":\"https:\/\/orthopara.store\/wp-content\/uploads\/2024\/06\/creme-solaire-teintee-bioderma-photoderm-ar-spf50-30ml.jpg\",\"datePublished\":\"2024-06-28T13:51:31+00:00\",\"dateModified\":\"2024-11-07T08:35:19+00:00\",\"breadcrumb\":{\"@id\":\"https:\/\/orthopara.store\/index.php\/produit\/bioderma-photoderm-ar-creme-solaire-teintee-spf50-30ml\/#breadcrumb\"},\"inLanguage\":\"fr-FR\",\"potentialAction\":[{\"@type\":\"ReadAction\",\"target\":[\"https:\/\/orthopara.store\/index.php\/produit\/bioderma-photoderm-ar-creme-solaire-teintee-spf50-30ml\/\"]}]},{\"@type\":\"ImageObject\",\"inLanguage\":\"fr-FR\",\"@id\":\"https:\/\/orthopara.store\/index.php\/produit\/bioderma-photoderm-ar-creme-solaire-teintee-spf50-30ml\/#primaryimage\",\"url\":\"https:\/\/orthopara.store\/wp-content\/uploads\/2024\/06\/creme-solaire-teintee-bioderma-photoderm-ar-spf50-30ml.jpg\",\"contentUrl\":\"https:\/\/orthopara.store\/wp-content\/uploads\/2024\/06\/creme-solaire-teintee-bioderma-photoderm-ar-spf50-30ml.jpg\",\"width\":800,\"height\":800},{\"@type\":\"BreadcrumbList\",\"@id\":\"https:\/\/orthopara.store\/index.php\/produit\/bioderma-photoderm-ar-creme-solaire-teintee-spf50-30ml\/#breadcrumb\",\"itemListElement\":[{\"@type\":\"ListItem\",\"position\":1,\"name\":\"Accueil\",\"item\":\"https:\/\/orthopara.store\/\"},{\"@type\":\"ListItem\",\"position\":2,\"name\":\"Shop\",\"item\":\"https:\/\/orthopara.store\/?page_id=622\"},{\"@type\":\"ListItem\",\"position\":3,\"name\":\"Bioderma Photoderm AR &#8211; Cr\u00e8me solaire teint\u00e9e &#8211; SPF50+ &#8211; 30ml\"}]},{\"@type\":\"WebSite\",\"@id\":\"https:\/\/orthopara.store\/#website\",\"url\":\"https:\/\/orthopara.store\/\",\"name\":\"OrthoPara\",\"description\":\"Parapharmacie\",\"publisher\":{\"@id\":\"https:\/\/orthopara.store\/#organization\"},\"potentialAction\":[{\"@type\":\"SearchAction\",\"target\":{\"@type\":\"EntryPoint\",\"urlTemplate\":\"https:\/\/orthopara.store\/?s={search_term_string}\"},\"query-input\":\"required name=search_term_string\"}],\"inLanguage\":\"fr-FR\"},{\"@type\":\"Organization\",\"@id\":\"https:\/\/orthopara.store\/#organization\",\"name\":\"OrthoPara\",\"url\":\"https:\/\/orthopara.store\/\",\"logo\":{\"@type\":\"ImageObject\",\"inLanguage\":\"fr-FR\",\"@id\":\"https:\/\/orthopara.store\/#\/schema\/logo\/image\/\",\"url\":\"https:\/\/orthopara.store\/wp-content\/uploads\/2024\/06\/cropped-9ABA8BAD-6256-4719-9315-15C66E64E882.png\",\"contentUrl\":\"https:\/\/orthopara.store\/wp-content\/uploads\/2024\/06\/cropped-9ABA8BAD-6256-4719-9315-15C66E64E882.png\",\"width\":240,\"height\":72,\"caption\":\"OrthoPara\"},\"image\":{\"@id\":\"https:\/\/orthopara.store\/#\/schema\/logo\/image\/\"},\"sameAs\":[\"https:\/\/www.facebook.com\/profile.php?id=61561194315651\",\"https:\/\/www.instagram.com\/orthopara_tunisie\/\"]}]}<\/script>\n<!-- \/ Yoast SEO plugin. -->","yoast_head_json":{"title":"Bioderma Photoderm AR - Cr\u00e8me solaire teint\u00e9e - SPF50+ - 30ml - OrthoPara","robots":{"index":"index","follow":"follow","max-snippet":"max-snippet:-1","max-image-preview":"max-image-preview:large","max-video-preview":"max-video-preview:-1"},"canonical":"https:\/\/orthopara.store\/index.php\/produit\/bioderma-photoderm-ar-creme-solaire-teintee-spf50-30ml\/","og_locale":"fr_FR","og_type":"article","og_title":"Bioderma Photoderm AR - Cr\u00e8me solaire teint\u00e9e - SPF50+ - 30ml - OrthoPara","og_description":"La photoprotection maximale sp\u00e9cifique des peaux sensibles et r\u00e9actives sujettes aux rougeurs, corrig\u00e9es par une teinte naturelle. Teinte universelle naturelle\u00a0 DLC 01\/2026","og_url":"https:\/\/orthopara.store\/index.php\/produit\/bioderma-photoderm-ar-creme-solaire-teintee-spf50-30ml\/","og_site_name":"OrthoPara","article_publisher":"https:\/\/www.facebook.com\/profile.php?id=61561194315651","article_modified_time":"2024-11-07T08:35:19+00:00","og_image":[{"width":800,"height":800,"url":"https:\/\/orthopara.store\/wp-content\/uploads\/2024\/06\/creme-solaire-teintee-bioderma-photoderm-ar-spf50-30ml.jpg","type":"image\/jpeg"}],"twitter_card":"summary_large_image","twitter_misc":{"Dur\u00e9e de lecture estim\u00e9e":"1 minute"},"schema":{"@context":"https:\/\/schema.org","@graph":[{"@type":"WebPage","@id":"https:\/\/orthopara.store\/index.php\/produit\/bioderma-photoderm-ar-creme-solaire-teintee-spf50-30ml\/","url":"https:\/\/orthopara.store\/index.php\/produit\/bioderma-photoderm-ar-creme-solaire-teintee-spf50-30ml\/","name":"Bioderma Photoderm AR - Cr\u00e8me solaire teint\u00e9e - SPF50+ - 30ml - OrthoPara","isPartOf":{"@id":"https:\/\/orthopara.store\/#website"},"primaryImageOfPage":{"@id":"https:\/\/orthopara.store\/index.php\/produit\/bioderma-photoderm-ar-creme-solaire-teintee-spf50-30ml\/#primaryimage"},"image":{"@id":"https:\/\/orthopara.store\/index.php\/produit\/bioderma-photoderm-ar-creme-solaire-teintee-spf50-30ml\/#primaryimage"},"thumbnailUrl":"https:\/\/orthopara.store\/wp-content\/uploads\/2024\/06\/creme-solaire-teintee-bioderma-photoderm-ar-spf50-30ml.jpg","datePublished":"2024-06-28T13:51:31+00:00","dateModified":"2024-11-07T08:35:19+00:00","breadcrumb":{"@id":"https:\/\/orthopara.store\/index.php\/produit\/bioderma-photoderm-ar-creme-solaire-teintee-spf50-30ml\/#breadcrumb"},"inLanguage":"fr-FR","potentialAction":[{"@type":"ReadAction","target":["https:\/\/orthopara.store\/index.php\/produit\/bioderma-photoderm-ar-creme-solaire-teintee-spf50-30ml\/"]}]},{"@type":"ImageObject","inLanguage":"fr-FR","@id":"https:\/\/orthopara.store\/index.php\/produit\/bioderma-photoderm-ar-creme-solaire-teintee-spf50-30ml\/#primaryimage","url":"https:\/\/orthopara.store\/wp-content\/uploads\/2024\/06\/creme-solaire-teintee-bioderma-photoderm-ar-spf50-30ml.jpg","contentUrl":"https:\/\/orthopara.store\/wp-content\/uploads\/2024\/06\/creme-solaire-teintee-bioderma-photoderm-ar-spf50-30ml.jpg","width":800,"height":800},{"@type":"BreadcrumbList","@id":"https:\/\/orthopara.store\/index.php\/produit\/bioderma-photoderm-ar-creme-solaire-teintee-spf50-30ml\/#breadcrumb","itemListElement":[{"@type":"ListItem","position":1,"name":"Accueil","item":"https:\/\/orthopara.store\/"},{"@type":"ListItem","position":2,"name":"Shop","item":"https:\/\/orthopara.store\/?page_id=622"},{"@type":"ListItem","position":3,"name":"Bioderma Photoderm AR &#8211; Cr\u00e8me solaire teint\u00e9e &#8211; SPF50+ &#8211; 30ml"}]},{"@type":"WebSite","@id":"https:\/\/orthopara.store\/#website","url":"https:\/\/orthopara.store\/","name":"OrthoPara","description":"Parapharmacie","publisher":{"@id":"https:\/\/orthopara.store\/#organization"},"potentialAction":[{"@type":"SearchAction","target":{"@type":"EntryPoint","urlTemplate":"https:\/\/orthopara.store\/?s={search_term_string}"},"query-input":"required name=search_term_string"}],"inLanguage":"fr-FR"},{"@type":"Organization","@id":"https:\/\/orthopara.store\/#organization","name":"OrthoPara","url":"https:\/\/orthopara.store\/","logo":{"@type":"ImageObject","inLanguage":"fr-FR","@id":"https:\/\/orthopara.store\/#\/schema\/logo\/image\/","url":"https:\/\/orthopara.store\/wp-content\/uploads\/2024\/06\/cropped-9ABA8BAD-6256-4719-9315-15C66E64E882.png","contentUrl":"https:\/\/orthopara.store\/wp-content\/uploads\/2024\/06\/cropped-9ABA8BAD-6256-4719-9315-15C66E64E882.png","width":240,"height":72,"caption":"OrthoPara"},"image":{"@id":"https:\/\/orthopara.store\/#\/schema\/logo\/image\/"},"sameAs":["https:\/\/www.facebook.com\/profile.php?id=61561194315651","https:\/\/www.instagram.com\/orthopara_tunisie\/"]}]}},"jetpack_sharing_enabled":true,"brands":[{"id":64,"name":"BIODERMA","slug":"bioderma"}],"_links":{"self":[{"href":"https:\/\/orthopara.store\/index.php?rest_route=\/wp\/v2\/product\/1079","targetHints":{"allow":["GET"]}}],"collection":[{"href":"https:\/\/orthopara.store\/index.php?rest_route=\/wp\/v2\/product"}],"about":[{"href":"https:\/\/orthopara.store\/index.php?rest_route=\/wp\/v2\/types\/product"}],"replies":[{"embeddable":true,"href":"https:\/\/orthopara.store\/index.php?rest_route=%2Fwp%2Fv2%2Fcomments&post=1079"}],"wp:featuredmedia":[{"embeddable":true,"href":"https:\/\/orthopara.store\/index.php?rest_route=\/wp\/v2\/media\/1106"}],"wp:attachment":[{"href":"https:\/\/orthopara.store\/index.php?rest_route=%2Fwp%2Fv2%2Fmedia&parent=1079"}],"wp:term":[{"taxonomy":"pwb-brand","embeddable":true,"href":"https:\/\/orthopara.store\/index.php?rest_route=%2Fwp%2Fv2%2Fpwb-brand&post=1079"},{"taxonomy":"product_cat","embeddable":true,"href":"https:\/\/orthopara.store\/index.php?rest_route=%2Fwp%2Fv2%2Fproduct_cat&post=1079"},{"taxonomy":"product_tag","embeddable":true,"href":"https:\/\/orthopara.store\/index.php?rest_route=%2Fwp%2Fv2%2Fproduct_tag&post=1079"}],"curies":[{"name":"wp","href":"https:\/\/api.w.org\/{rel}","templated":true}]}}