{"id":1080,"date":"2024-06-28T15:51:31","date_gmt":"2024-06-28T13:51:31","guid":{"rendered":"https:\/\/orthopara.store\/?post_type=product&#038;p=1080"},"modified":"2024-06-28T15:51:38","modified_gmt":"2024-06-28T13:51:38","slug":"gel-en-silicone-cicatrisant-esthelle-dermixa-15gr","status":"publish","type":"product","link":"https:\/\/orthopara.store\/?product=gel-en-silicone-cicatrisant-esthelle-dermixa-15gr","title":{"rendered":"Gel en silicone cicatrisant &#8211; Esth&rsquo;Elle Dermixa &#8211; 15gr"},"content":{"rendered":"<p>Gel en silicone cicatrisant &#8211; Esth&rsquo;Elle Dermixa &#8211; 15gr<br \/>\nDermixa A2 est un gel de silicone riche en ingr\u00e9dients actifs sp\u00e9cialement con\u00e7u pour am\u00e9liorer l\u2019apparence des cicatrices, qu\u2019elles soient r\u00e9centes ou anciennes. Ce puissant gel cible la restauration de l\u2019\u00e9quilibre de la synth\u00e8se du collag\u00e8ne, un \u00e9l\u00e9ment cl\u00e9 pour une cicatrisation optimale. Indispensable pour la pr\u00e9vention et le traitement des cicatrices, particuli\u00e8rement les cicatrices hypertrophiques et ch\u00e9lo\u00efdes r\u00e9sultant de br\u00fblures, Dermixa A2 soulage efficacement la douleur, les d\u00e9mangeaisons, les tiraillements et l\u2019inconfort li\u00e9s aux cicatrices. Utilis\u00e9 sur une peau cicatris\u00e9e, Avec une utilisation r\u00e9guli\u00e8re, les cicatrices deviennent visiblement plus planes, leur coloration s\u2019estompe, et elles deviennent plus douces et lisses.<br \/>\nIndications :<br \/>\nS\u2019applique en fin de cicatrisation sur plaie ferm\u00e9e pour pr\u00e9venir et gu\u00e9rir les cicatrices anormales telles que les cicatrices, ch\u00e9lo\u00efdes, hypertrophiques ou hypotrophiques \u00e0 la suite :<br \/>\nD\u2019une br\u00fblure.<br \/>\nD\u2019une blessure,<br \/>\nD\u2019une intervention chirurgicale,<br \/>\nD\u2019une c\u00e9sarienne,<br \/>\nDe boutons d\u2019acn\u00e9.<br \/>\nS\u2019utilise sur les articulations, les plis de flexion, les zones pileuses et les citatrices \u00e9tendues telles que celles r\u00e9sultant de br\u00fblure ou de traumatismes majeur.<br \/>\nAvantages d&rsquo;utilisation de ce produit :<br \/>\n&#8211; Une Barri\u00e8re Protectrice Essentielle : Dermixa A2, un gel de silicone \u00e0 la fois l\u00e9ger et souple, se r\u00e9v\u00e8le \u00eatre un alli\u00e9 de choix pour favoriser une cicatrisation optimale de la peau. Lorsqu&rsquo;il adh\u00e8re \u00e0 la couche corn\u00e9e de l&rsquo;\u00e9piderme, il cr\u00e9e une barri\u00e8re protectrice hautement efficace. Cette barri\u00e8re agit comme un bouclier, pr\u00e9servant la cicatrice des agressions chimiques, physiques et microbiennes potentielles, garantissant ainsi son int\u00e9grit\u00e9.<br \/>\n&#8211; Un \u00c9quilibre hydrique : En plus de sa protection, Dermixa contribue activement \u00e0 maintenir un niveau ad\u00e9quat d&rsquo;hydratation cutan\u00e9e. Cet \u00e9quilibre cr\u00e9e un environnement propice \u00e0 la r\u00e9gulation de la synth\u00e8se du collag\u00e8ne. Cette r\u00e9gulation est cruciale car des niveaux excessifs ou d\u00e9s\u00e9quilibr\u00e9s de collag\u00e8ne peuvent entra\u00eener la formation de cicatrices inesth\u00e9tiques pendant le processus de cicatrisation.<br \/>\n&#8211; Am\u00e9lioration Esth\u00e9tique : En r\u00e9gulant cette synth\u00e8se du collag\u00e8ne, le gel de silicone Dermixa agit en v\u00e9ritable architecte de la gu\u00e9rison. Il am\u00e9liore visiblement l&rsquo;apparence de la cicatrice en favorisant son aplanissement et sa r\u00e9duction. Votre peau retrouve ainsi une esth\u00e9tique plus harmonieuse, laissant derri\u00e8re elle toute marque de l\u00e9sion.<br \/>\n&#8211; Soins Enrichis : Notre formule est enrichie en Bisabolol, qui apaise et assainit la peau. La pr\u00e9sence de vitamine E et d&rsquo;huile d&rsquo;abricot renforce les effets cicatrisants du gel. Votre peau est nourrie en profondeur, adoucie et tonifi\u00e9e, ce qui est essentiel pour les \u00e9pidermes fragilis\u00e9s par le processus de cicatrisation.<br \/>\nL&rsquo;action synergique de Dermixa cr\u00e9e un environnement favorable \u00e0 la r\u00e9paration cutan\u00e9e, garantissant un processus de cicatrisation optimis\u00e9 et une apparence esth\u00e9tique am\u00e9lior\u00e9e de la cicatrice.<br \/>\nEn l&rsquo;utilisant r\u00e9guli\u00e8rement, Dermixa A2 fait vraiment des merveilles. Les cicatrices deviennent \u00e0 peine visibles, bien plates, douces et souples.<br \/>\nPropri\u00e9t\u00e9s :<br \/>\nPr\u00e9vient la formation de cicatrices anormales.<br \/>\nSoulage les d\u00e9mangeaisons, les tiraillements et la douleur associ\u00e9e \u00e0 une Cicatrice anormale.<br \/>\nAssouplit et aplanit la cicatrice.<br \/>\nR\u00e9duit la rougeur.<br \/>\nD\u00e9pigmente les cicatrices m\u00eame anciennes<br \/>\nConseil d&rsquo;utilisation :<br \/>\nS&rsquo;assurer que la cicatrice est propre et s\u00e8che.<br \/>\n\u00a0 &#8211; Appliquez le long de la cicatrice en une couche homog\u00e8ne tr\u00e8s mince et de mani\u00e8re uniforme en un l\u00e9ger mouvement de va-et-vient. Laissez s\u00e9chez 4\u00e0 5 mn \u00e0 l&rsquo;air libre avant de recouvrir d&rsquo;un \u00e9cran solaire ou de v\u00eatements. Le traitement minimum recommand\u00e9 est de 2 \u00e0 3 mois. Dans le cas de cicatrices plus \u00e9tendues et plus anciennes la dur\u00e9e du traitement pourra \u00eatre prolong\u00e9e et il est recommand\u00e9 de continuer le traitement si des am\u00e9liorations sont toujours observ\u00e9es apr\u00e8s les 3 premiers mois. Pour r\u00e9duire le temps de s\u00e9chage dans les climats chauds, conserver le gel au r\u00e9frig\u00e9rateur. Par temps froid, utilisez la basse vitesse d&rsquo;un s\u00e8che-cheveux pour r\u00e9duire le temps de s\u00e9chage. S\u2019applique deux fois par jour pendant 3 mois.<br \/>\nIngr\u00e9dients :<br \/>\nCyclopentasiloxane, Dimethiconol, Bisabolol, Huile De Noyau D&rsquo;abricot, Tocopheryl Acetate<\/p>\n","protected":false},"excerpt":{"rendered":"<p>Esth&rsquo;Elle Dermixa<br \/>\nDermixa gel agit sur les cicatrices r\u00e9centes et anciennes tels que les br\u00fblures et cicatrisation inflammatoires ou des actes chirgicaux. Il r\u00e9gularise et lisse la cicatrice tout en soulageant la douleur.<br \/>\nEn l&rsquo;utilisant r\u00e9guli\u00e8rement, Dermixa A2 fait vraiment des merveilles. Les cicatrices deviennent \u00e0 peine visibles, bien plates, douces et souples.<br \/>\nPoids net : 15gr<br \/>\nDLC : 01\/2027 (12 mois apr\u00e8s l&rsquo;ouverture)<\/p>\n","protected":false},"featured_media":1107,"comment_status":"open","ping_status":"closed","template":"","meta":[],"pwb-brand":[126],"product_cat":[117],"product_tag":[],"class_list":{"0":"post-1080","1":"product","2":"type-product","3":"status-publish","4":"has-post-thumbnail","6":"pwb-brand-esthelle","7":"product_cat-soins-anti-rougeurs-et-peau-sensible","8":"post","9":"ws-product--style-1","11":"first","12":"instock","13":"shipping-taxable","14":"purchasable","15":"product-type-simple"},"yoast_head":"<!-- This site is optimized with the Yoast SEO plugin v23.0 - https:\/\/yoast.com\/wordpress\/plugins\/seo\/ -->\n<title>Gel en silicone cicatrisant - Esth&#039;Elle Dermixa - 15gr - OrthoPara<\/title>\n<meta name=\"robots\" content=\"index, follow, max-snippet:-1, max-image-preview:large, max-video-preview:-1\" \/>\n<link rel=\"canonical\" href=\"https:\/\/orthopara.store\/index.php\/produit\/gel-en-silicone-cicatrisant-esthelle-dermixa-15gr\/\" \/>\n<meta property=\"og:locale\" content=\"fr_FR\" \/>\n<meta property=\"og:type\" content=\"article\" \/>\n<meta property=\"og:title\" content=\"Gel en silicone cicatrisant - Esth&#039;Elle Dermixa - 15gr - OrthoPara\" \/>\n<meta property=\"og:description\" content=\"Esth&#039;Elle Dermixa Dermixa gel agit sur les cicatrices r\u00e9centes et anciennes tels que les br\u00fblures et cicatrisation inflammatoires ou des actes chirgicaux. Il r\u00e9gularise et lisse la cicatrice tout en soulageant la douleur. En l&#039;utilisant r\u00e9guli\u00e8rement, Dermixa A2 fait vraiment des merveilles. Les cicatrices deviennent \u00e0 peine visibles, bien plates, douces et souples. Poids net : 15gr DLC : 01\/2027 (12 mois apr\u00e8s l&#039;ouverture)\" \/>\n<meta property=\"og:url\" content=\"https:\/\/orthopara.store\/index.php\/produit\/gel-en-silicone-cicatrisant-esthelle-dermixa-15gr\/\" \/>\n<meta property=\"og:site_name\" content=\"OrthoPara\" \/>\n<meta property=\"article:publisher\" content=\"https:\/\/www.facebook.com\/profile.php?id=61561194315651\" \/>\n<meta property=\"article:modified_time\" content=\"2024-06-28T13:51:38+00:00\" \/>\n<meta property=\"og:image\" content=\"https:\/\/orthopara.store\/wp-content\/uploads\/2024\/06\/gel-en-silicone-cicatrisant-esth-elle-dermixa-15gr.jpg\" \/>\n\t<meta property=\"og:image:width\" content=\"800\" \/>\n\t<meta property=\"og:image:height\" content=\"800\" \/>\n\t<meta property=\"og:image:type\" content=\"image\/jpeg\" \/>\n<meta name=\"twitter:card\" content=\"summary_large_image\" \/>\n<meta name=\"twitter:label1\" content=\"Dur\u00e9e de lecture estim\u00e9e\" \/>\n\t<meta name=\"twitter:data1\" content=\"4 minutes\" \/>\n<script type=\"application\/ld+json\" class=\"yoast-schema-graph\">{\"@context\":\"https:\/\/schema.org\",\"@graph\":[{\"@type\":\"WebPage\",\"@id\":\"https:\/\/orthopara.store\/index.php\/produit\/gel-en-silicone-cicatrisant-esthelle-dermixa-15gr\/\",\"url\":\"https:\/\/orthopara.store\/index.php\/produit\/gel-en-silicone-cicatrisant-esthelle-dermixa-15gr\/\",\"name\":\"Gel en silicone cicatrisant - Esth'Elle Dermixa - 15gr - OrthoPara\",\"isPartOf\":{\"@id\":\"https:\/\/orthopara.store\/#website\"},\"primaryImageOfPage\":{\"@id\":\"https:\/\/orthopara.store\/index.php\/produit\/gel-en-silicone-cicatrisant-esthelle-dermixa-15gr\/#primaryimage\"},\"image\":{\"@id\":\"https:\/\/orthopara.store\/index.php\/produit\/gel-en-silicone-cicatrisant-esthelle-dermixa-15gr\/#primaryimage\"},\"thumbnailUrl\":\"https:\/\/orthopara.store\/wp-content\/uploads\/2024\/06\/gel-en-silicone-cicatrisant-esth-elle-dermixa-15gr.jpg\",\"datePublished\":\"2024-06-28T13:51:31+00:00\",\"dateModified\":\"2024-06-28T13:51:38+00:00\",\"breadcrumb\":{\"@id\":\"https:\/\/orthopara.store\/index.php\/produit\/gel-en-silicone-cicatrisant-esthelle-dermixa-15gr\/#breadcrumb\"},\"inLanguage\":\"fr-FR\",\"potentialAction\":[{\"@type\":\"ReadAction\",\"target\":[\"https:\/\/orthopara.store\/index.php\/produit\/gel-en-silicone-cicatrisant-esthelle-dermixa-15gr\/\"]}]},{\"@type\":\"ImageObject\",\"inLanguage\":\"fr-FR\",\"@id\":\"https:\/\/orthopara.store\/index.php\/produit\/gel-en-silicone-cicatrisant-esthelle-dermixa-15gr\/#primaryimage\",\"url\":\"https:\/\/orthopara.store\/wp-content\/uploads\/2024\/06\/gel-en-silicone-cicatrisant-esth-elle-dermixa-15gr.jpg\",\"contentUrl\":\"https:\/\/orthopara.store\/wp-content\/uploads\/2024\/06\/gel-en-silicone-cicatrisant-esth-elle-dermixa-15gr.jpg\",\"width\":800,\"height\":800},{\"@type\":\"BreadcrumbList\",\"@id\":\"https:\/\/orthopara.store\/index.php\/produit\/gel-en-silicone-cicatrisant-esthelle-dermixa-15gr\/#breadcrumb\",\"itemListElement\":[{\"@type\":\"ListItem\",\"position\":1,\"name\":\"Accueil\",\"item\":\"https:\/\/orthopara.store\/\"},{\"@type\":\"ListItem\",\"position\":2,\"name\":\"Shop\",\"item\":\"https:\/\/orthopara.store\/?page_id=622\"},{\"@type\":\"ListItem\",\"position\":3,\"name\":\"Gel en silicone cicatrisant &#8211; Esth&rsquo;Elle Dermixa &#8211; 15gr\"}]},{\"@type\":\"WebSite\",\"@id\":\"https:\/\/orthopara.store\/#website\",\"url\":\"https:\/\/orthopara.store\/\",\"name\":\"OrthoPara\",\"description\":\"Parapharmacie\",\"publisher\":{\"@id\":\"https:\/\/orthopara.store\/#organization\"},\"potentialAction\":[{\"@type\":\"SearchAction\",\"target\":{\"@type\":\"EntryPoint\",\"urlTemplate\":\"https:\/\/orthopara.store\/?s={search_term_string}\"},\"query-input\":\"required name=search_term_string\"}],\"inLanguage\":\"fr-FR\"},{\"@type\":\"Organization\",\"@id\":\"https:\/\/orthopara.store\/#organization\",\"name\":\"OrthoPara\",\"url\":\"https:\/\/orthopara.store\/\",\"logo\":{\"@type\":\"ImageObject\",\"inLanguage\":\"fr-FR\",\"@id\":\"https:\/\/orthopara.store\/#\/schema\/logo\/image\/\",\"url\":\"https:\/\/orthopara.store\/wp-content\/uploads\/2024\/06\/cropped-9ABA8BAD-6256-4719-9315-15C66E64E882.png\",\"contentUrl\":\"https:\/\/orthopara.store\/wp-content\/uploads\/2024\/06\/cropped-9ABA8BAD-6256-4719-9315-15C66E64E882.png\",\"width\":240,\"height\":72,\"caption\":\"OrthoPara\"},\"image\":{\"@id\":\"https:\/\/orthopara.store\/#\/schema\/logo\/image\/\"},\"sameAs\":[\"https:\/\/www.facebook.com\/profile.php?id=61561194315651\",\"https:\/\/www.instagram.com\/orthopara_tunisie\/\"]}]}<\/script>\n<!-- \/ Yoast SEO plugin. -->","yoast_head_json":{"title":"Gel en silicone cicatrisant - Esth'Elle Dermixa - 15gr - OrthoPara","robots":{"index":"index","follow":"follow","max-snippet":"max-snippet:-1","max-image-preview":"max-image-preview:large","max-video-preview":"max-video-preview:-1"},"canonical":"https:\/\/orthopara.store\/index.php\/produit\/gel-en-silicone-cicatrisant-esthelle-dermixa-15gr\/","og_locale":"fr_FR","og_type":"article","og_title":"Gel en silicone cicatrisant - Esth'Elle Dermixa - 15gr - OrthoPara","og_description":"Esth'Elle Dermixa Dermixa gel agit sur les cicatrices r\u00e9centes et anciennes tels que les br\u00fblures et cicatrisation inflammatoires ou des actes chirgicaux. Il r\u00e9gularise et lisse la cicatrice tout en soulageant la douleur. En l'utilisant r\u00e9guli\u00e8rement, Dermixa A2 fait vraiment des merveilles. Les cicatrices deviennent \u00e0 peine visibles, bien plates, douces et souples. Poids net : 15gr DLC : 01\/2027 (12 mois apr\u00e8s l'ouverture)","og_url":"https:\/\/orthopara.store\/index.php\/produit\/gel-en-silicone-cicatrisant-esthelle-dermixa-15gr\/","og_site_name":"OrthoPara","article_publisher":"https:\/\/www.facebook.com\/profile.php?id=61561194315651","article_modified_time":"2024-06-28T13:51:38+00:00","og_image":[{"width":800,"height":800,"url":"https:\/\/orthopara.store\/wp-content\/uploads\/2024\/06\/gel-en-silicone-cicatrisant-esth-elle-dermixa-15gr.jpg","type":"image\/jpeg"}],"twitter_card":"summary_large_image","twitter_misc":{"Dur\u00e9e de lecture estim\u00e9e":"4 minutes"},"schema":{"@context":"https:\/\/schema.org","@graph":[{"@type":"WebPage","@id":"https:\/\/orthopara.store\/index.php\/produit\/gel-en-silicone-cicatrisant-esthelle-dermixa-15gr\/","url":"https:\/\/orthopara.store\/index.php\/produit\/gel-en-silicone-cicatrisant-esthelle-dermixa-15gr\/","name":"Gel en silicone cicatrisant - Esth'Elle Dermixa - 15gr - OrthoPara","isPartOf":{"@id":"https:\/\/orthopara.store\/#website"},"primaryImageOfPage":{"@id":"https:\/\/orthopara.store\/index.php\/produit\/gel-en-silicone-cicatrisant-esthelle-dermixa-15gr\/#primaryimage"},"image":{"@id":"https:\/\/orthopara.store\/index.php\/produit\/gel-en-silicone-cicatrisant-esthelle-dermixa-15gr\/#primaryimage"},"thumbnailUrl":"https:\/\/orthopara.store\/wp-content\/uploads\/2024\/06\/gel-en-silicone-cicatrisant-esth-elle-dermixa-15gr.jpg","datePublished":"2024-06-28T13:51:31+00:00","dateModified":"2024-06-28T13:51:38+00:00","breadcrumb":{"@id":"https:\/\/orthopara.store\/index.php\/produit\/gel-en-silicone-cicatrisant-esthelle-dermixa-15gr\/#breadcrumb"},"inLanguage":"fr-FR","potentialAction":[{"@type":"ReadAction","target":["https:\/\/orthopara.store\/index.php\/produit\/gel-en-silicone-cicatrisant-esthelle-dermixa-15gr\/"]}]},{"@type":"ImageObject","inLanguage":"fr-FR","@id":"https:\/\/orthopara.store\/index.php\/produit\/gel-en-silicone-cicatrisant-esthelle-dermixa-15gr\/#primaryimage","url":"https:\/\/orthopara.store\/wp-content\/uploads\/2024\/06\/gel-en-silicone-cicatrisant-esth-elle-dermixa-15gr.jpg","contentUrl":"https:\/\/orthopara.store\/wp-content\/uploads\/2024\/06\/gel-en-silicone-cicatrisant-esth-elle-dermixa-15gr.jpg","width":800,"height":800},{"@type":"BreadcrumbList","@id":"https:\/\/orthopara.store\/index.php\/produit\/gel-en-silicone-cicatrisant-esthelle-dermixa-15gr\/#breadcrumb","itemListElement":[{"@type":"ListItem","position":1,"name":"Accueil","item":"https:\/\/orthopara.store\/"},{"@type":"ListItem","position":2,"name":"Shop","item":"https:\/\/orthopara.store\/?page_id=622"},{"@type":"ListItem","position":3,"name":"Gel en silicone cicatrisant &#8211; Esth&rsquo;Elle Dermixa &#8211; 15gr"}]},{"@type":"WebSite","@id":"https:\/\/orthopara.store\/#website","url":"https:\/\/orthopara.store\/","name":"OrthoPara","description":"Parapharmacie","publisher":{"@id":"https:\/\/orthopara.store\/#organization"},"potentialAction":[{"@type":"SearchAction","target":{"@type":"EntryPoint","urlTemplate":"https:\/\/orthopara.store\/?s={search_term_string}"},"query-input":"required name=search_term_string"}],"inLanguage":"fr-FR"},{"@type":"Organization","@id":"https:\/\/orthopara.store\/#organization","name":"OrthoPara","url":"https:\/\/orthopara.store\/","logo":{"@type":"ImageObject","inLanguage":"fr-FR","@id":"https:\/\/orthopara.store\/#\/schema\/logo\/image\/","url":"https:\/\/orthopara.store\/wp-content\/uploads\/2024\/06\/cropped-9ABA8BAD-6256-4719-9315-15C66E64E882.png","contentUrl":"https:\/\/orthopara.store\/wp-content\/uploads\/2024\/06\/cropped-9ABA8BAD-6256-4719-9315-15C66E64E882.png","width":240,"height":72,"caption":"OrthoPara"},"image":{"@id":"https:\/\/orthopara.store\/#\/schema\/logo\/image\/"},"sameAs":["https:\/\/www.facebook.com\/profile.php?id=61561194315651","https:\/\/www.instagram.com\/orthopara_tunisie\/"]}]}},"jetpack_sharing_enabled":true,"brands":[{"id":126,"name":"ESTH'ELLE","slug":"esthelle"}],"_links":{"self":[{"href":"https:\/\/orthopara.store\/index.php?rest_route=\/wp\/v2\/product\/1080","targetHints":{"allow":["GET"]}}],"collection":[{"href":"https:\/\/orthopara.store\/index.php?rest_route=\/wp\/v2\/product"}],"about":[{"href":"https:\/\/orthopara.store\/index.php?rest_route=\/wp\/v2\/types\/product"}],"replies":[{"embeddable":true,"href":"https:\/\/orthopara.store\/index.php?rest_route=%2Fwp%2Fv2%2Fcomments&post=1080"}],"wp:featuredmedia":[{"embeddable":true,"href":"https:\/\/orthopara.store\/index.php?rest_route=\/wp\/v2\/media\/1107"}],"wp:attachment":[{"href":"https:\/\/orthopara.store\/index.php?rest_route=%2Fwp%2Fv2%2Fmedia&parent=1080"}],"wp:term":[{"taxonomy":"pwb-brand","embeddable":true,"href":"https:\/\/orthopara.store\/index.php?rest_route=%2Fwp%2Fv2%2Fpwb-brand&post=1080"},{"taxonomy":"product_cat","embeddable":true,"href":"https:\/\/orthopara.store\/index.php?rest_route=%2Fwp%2Fv2%2Fproduct_cat&post=1080"},{"taxonomy":"product_tag","embeddable":true,"href":"https:\/\/orthopara.store\/index.php?rest_route=%2Fwp%2Fv2%2Fproduct_tag&post=1080"}],"curies":[{"name":"wp","href":"https:\/\/api.w.org\/{rel}","templated":true}]}}