{"id":1081,"date":"2024-06-28T15:51:31","date_gmt":"2024-06-28T13:51:31","guid":{"rendered":"https:\/\/orthopara.store\/?post_type=product&#038;p=1081"},"modified":"2024-11-10T16:09:57","modified_gmt":"2024-11-10T15:09:57","slug":"creme-cicatrisante-esthelle-cicaplaie-a2-15gr","status":"publish","type":"product","link":"https:\/\/orthopara.store\/?product=creme-cicatrisante-esthelle-cicaplaie-a2-15gr","title":{"rendered":"Cr\u00e8me cicatrisante &#8211; Esth&rsquo;Elle Cicaplaie A2 &#8211; 15gr"},"content":{"rendered":"<p>Cr\u00e8me cicatrisante &#8211; Esth&rsquo;Elle Cicaplaie A2 &#8211; 15gr<br \/>\nCicaplaie A2 est une cr\u00e8me grasse cicatrisante indiqu\u00e9e pour la prise en charge des plaies et des l\u00e9sions cutan\u00e9es. Elle favorise une bonne cicatrisation et \u00e9vite ainsi la formation de cicatrices inesth\u00e9tiques. En assainissant, hydratant et nourrissant la plaie, elle maintient un milieu favorable \u00e0 la cicatrisation, permettant ainsi la reconstruction de l\u2019int\u00e9grit\u00e9 de la peau l\u00e9s\u00e9e. De plus, elle soulage la douleur, les sensations d\u2019inconfort et r\u00e9duit l\u2019envie de se gratter..<br \/>\nIndications :<br \/>\nCicaplaie A2 est recommand\u00e9e pour :<br \/>\nPlaies postop\u00e9ratoires.<br \/>\nTraitement post laser et peeling.<br \/>\nBr\u00fblures, rougeurs, \u00e9ryth\u00e8me solaire, \u00e9corchures, \u00e9raflures, dermabrasions.<br \/>\nIrritation de la peau.<br \/>\nAvantages d&rsquo;utilisation de ce produit :<br \/>\n&#8211; Une Cicatrisation Optimale : Notre cr\u00e8me grasse cr\u00e9e un environnement humide optimal, favorisant une r\u00e9g\u00e9n\u00e9ration \u00e9pidermique de qualit\u00e9. Les actifs r\u00e9parateurs tels que l&rsquo;allanto\u00efne et l&rsquo;extrait de consoude pr\u00e9viennent l&rsquo;apparition de cicatrices disgracieuses, vous permettant de retrouver une peau lisse et saine.<br \/>\n&#8211; Assainit et Nourrit : Gr\u00e2ce \u00e0 notre formule enrichie en bisabolol, fleur de calendula, panth\u00e9nol et vitamine E, Cicaplaie A2 assainit la peau l\u00e9s\u00e9e et limite la prolif\u00e9ration bact\u00e9rienne, tout en apaisant les d\u00e9mangeaisons, rougeurs et \u0153d\u00e8mes.<br \/>\n&#8211; Protection Contre les Agressions Ext\u00e9rieures : Notre cr\u00e8me isole et prot\u00e8ge la peau des agressions ext\u00e9rieures, offrant ainsi une barri\u00e8re protectrice pour une cicatrisation optimale.<br \/>\nN&rsquo;h\u00e9sitez pas \u00e0 faire confiance \u00e0 CicaplaieA2 pour des r\u00e9sultats remarquables et une r\u00e9cup\u00e9ration en toute s\u00e9r\u00e9nit\u00e9.<br \/>\nPropri\u00e9t\u00e9s :<br \/>\nR\u00e9pare l&rsquo;\u00e9piderme en le r\u00e9g\u00e9n\u00e9rant.<br \/>\nSoulage imm\u00e9diatement les sensations d&rsquo;inconfort et r\u00e9duit les d\u00e9mangeaisons.<br \/>\nNourrit et assainit la peau l\u00e9s\u00e9e.<br \/>\nProt\u00e8ge contre les cicatrices inesth\u00e9tiques (ch\u00e9lo\u00efdes et hyperpigmentation de la cicatrice).<br \/>\nTr\u00e8s bonne tol\u00e9rance et non com\u00e9dog\u00e8ne.<br \/>\nConseil d&rsquo;utilisation :<br \/>\nAppliquez en massant l\u00e9g\u00e8rement par des mouvements circulaires aussi souvent que n\u00e9cessaire sur une plaie ferm\u00e9e, nettoy\u00e9e et aseptis\u00e9e. La cr\u00e8me peut \u00e9galement \u00eatre utilis\u00e9e sur des fils apr\u00e8s suture. Continuez l&rsquo;utilisation jusqu&rsquo;\u00e0 ce que la peau soit totalement r\u00e9par\u00e9e.<br \/>\nIngr\u00e9dients :<br \/>\nAqua, Paraffinium Liquidium, Glycerol, Glyceryl Stearate Peg 100 Stearate, Alcool C\u00e9t\u00e9arylique, Panth\u00e9nol, Myristate Isopropyle, Ph\u00e9noxy\u00e9thanol, Allanto\u00efne, Propyl\u00e8ne Glycol, Extrait De Fleur De Calendula Officinalis, Extrait De Feuilles De Symphytum Officinale, Tetrasodium Edta, Dimethicone, Bisa Bolol, Carbomer, Tri\u00e9thanolamine, Titane Dioxyde, Ac\u00e9tate De Tocoph\u00e9rol, Parfum.<\/p>\n","protected":false},"excerpt":{"rendered":"<p>Esth&rsquo;Elle Cicaplaie A2 Mini Format<br \/>\n\u00a0est une cr\u00e8me grasse cicatrisante, anti-inflammatoire et r\u00e9g\u00e9n\u00e9rante destin\u00e9e aux peaux agress\u00e9es et irrit\u00e9es. C\u2019est une cr\u00e8me hypoallerg\u00e9nique qui va acc\u00e9l\u00e9rer la vitesse de r\u00e9paration et am\u00e9liorer sa qualit\u00e9.<br \/>\nProt\u00e8ge la peau des m\u00e9faits du froid et de l\u2019humidit\u00e9 et renforce sa r\u00e9sistance au froid, Pr\u00e9vient et traite les engelures et les ger\u00e7ures au niveau des phalanges, orteils, bout de nez et oreille.<br \/>\nPoids net : 15gr<br \/>\nDLC : 10\/2027 (12 mois apr\u00e8s l&rsquo;ouverture)<\/p>\n","protected":false},"featured_media":1108,"comment_status":"open","ping_status":"closed","template":"","meta":[],"pwb-brand":[126],"product_cat":[117],"product_tag":[],"class_list":{"0":"post-1081","1":"product","2":"type-product","3":"status-publish","4":"has-post-thumbnail","6":"pwb-brand-esthelle","7":"product_cat-soins-anti-rougeurs-et-peau-sensible","8":"post","9":"ws-product--style-1","11":"first","12":"instock","13":"shipping-taxable","14":"purchasable","15":"product-type-simple"},"yoast_head":"<!-- This site is optimized with the Yoast SEO plugin v23.0 - https:\/\/yoast.com\/wordpress\/plugins\/seo\/ -->\n<title>Cr\u00e8me cicatrisante - Esth&#039;Elle Cicaplaie A2 - 15gr - OrthoPara<\/title>\n<meta name=\"robots\" content=\"index, follow, max-snippet:-1, max-image-preview:large, max-video-preview:-1\" \/>\n<link rel=\"canonical\" href=\"https:\/\/orthopara.store\/index.php\/produit\/creme-cicatrisante-esthelle-cicaplaie-a2-15gr\/\" \/>\n<meta property=\"og:locale\" content=\"fr_FR\" \/>\n<meta property=\"og:type\" content=\"article\" \/>\n<meta property=\"og:title\" content=\"Cr\u00e8me cicatrisante - Esth&#039;Elle Cicaplaie A2 - 15gr - OrthoPara\" \/>\n<meta property=\"og:description\" content=\"Esth&#039;Elle Cicaplaie A2 Mini Format \u00a0est une cr\u00e8me grasse cicatrisante, anti-inflammatoire et r\u00e9g\u00e9n\u00e9rante destin\u00e9e aux peaux agress\u00e9es et irrit\u00e9es. C\u2019est une cr\u00e8me hypoallerg\u00e9nique qui va acc\u00e9l\u00e9rer la vitesse de r\u00e9paration et am\u00e9liorer sa qualit\u00e9. Prot\u00e8ge la peau des m\u00e9faits du froid et de l\u2019humidit\u00e9 et renforce sa r\u00e9sistance au froid, Pr\u00e9vient et traite les engelures et les ger\u00e7ures au niveau des phalanges, orteils, bout de nez et oreille. Poids net : 15gr DLC : 10\/2027 (12 mois apr\u00e8s l&#039;ouverture)\" \/>\n<meta property=\"og:url\" content=\"https:\/\/orthopara.store\/index.php\/produit\/creme-cicatrisante-esthelle-cicaplaie-a2-15gr\/\" \/>\n<meta property=\"og:site_name\" content=\"OrthoPara\" \/>\n<meta property=\"article:publisher\" content=\"https:\/\/www.facebook.com\/profile.php?id=61561194315651\" \/>\n<meta property=\"article:modified_time\" content=\"2024-11-10T15:09:57+00:00\" \/>\n<meta property=\"og:image\" content=\"https:\/\/orthopara.store\/wp-content\/uploads\/2024\/06\/creme-cicatrisante-esth-elle-cicaplaie-a2-15gr.jpg\" \/>\n\t<meta property=\"og:image:width\" content=\"800\" \/>\n\t<meta property=\"og:image:height\" content=\"800\" \/>\n\t<meta property=\"og:image:type\" content=\"image\/jpeg\" \/>\n<meta name=\"twitter:card\" content=\"summary_large_image\" \/>\n<meta name=\"twitter:label1\" content=\"Dur\u00e9e de lecture estim\u00e9e\" \/>\n\t<meta name=\"twitter:data1\" content=\"2 minutes\" \/>\n<script type=\"application\/ld+json\" class=\"yoast-schema-graph\">{\"@context\":\"https:\/\/schema.org\",\"@graph\":[{\"@type\":\"WebPage\",\"@id\":\"https:\/\/orthopara.store\/index.php\/produit\/creme-cicatrisante-esthelle-cicaplaie-a2-15gr\/\",\"url\":\"https:\/\/orthopara.store\/index.php\/produit\/creme-cicatrisante-esthelle-cicaplaie-a2-15gr\/\",\"name\":\"Cr\u00e8me cicatrisante - Esth'Elle Cicaplaie A2 - 15gr - OrthoPara\",\"isPartOf\":{\"@id\":\"https:\/\/orthopara.store\/#website\"},\"primaryImageOfPage\":{\"@id\":\"https:\/\/orthopara.store\/index.php\/produit\/creme-cicatrisante-esthelle-cicaplaie-a2-15gr\/#primaryimage\"},\"image\":{\"@id\":\"https:\/\/orthopara.store\/index.php\/produit\/creme-cicatrisante-esthelle-cicaplaie-a2-15gr\/#primaryimage\"},\"thumbnailUrl\":\"https:\/\/orthopara.store\/wp-content\/uploads\/2024\/06\/creme-cicatrisante-esth-elle-cicaplaie-a2-15gr.jpg\",\"datePublished\":\"2024-06-28T13:51:31+00:00\",\"dateModified\":\"2024-11-10T15:09:57+00:00\",\"breadcrumb\":{\"@id\":\"https:\/\/orthopara.store\/index.php\/produit\/creme-cicatrisante-esthelle-cicaplaie-a2-15gr\/#breadcrumb\"},\"inLanguage\":\"fr-FR\",\"potentialAction\":[{\"@type\":\"ReadAction\",\"target\":[\"https:\/\/orthopara.store\/index.php\/produit\/creme-cicatrisante-esthelle-cicaplaie-a2-15gr\/\"]}]},{\"@type\":\"ImageObject\",\"inLanguage\":\"fr-FR\",\"@id\":\"https:\/\/orthopara.store\/index.php\/produit\/creme-cicatrisante-esthelle-cicaplaie-a2-15gr\/#primaryimage\",\"url\":\"https:\/\/orthopara.store\/wp-content\/uploads\/2024\/06\/creme-cicatrisante-esth-elle-cicaplaie-a2-15gr.jpg\",\"contentUrl\":\"https:\/\/orthopara.store\/wp-content\/uploads\/2024\/06\/creme-cicatrisante-esth-elle-cicaplaie-a2-15gr.jpg\",\"width\":800,\"height\":800},{\"@type\":\"BreadcrumbList\",\"@id\":\"https:\/\/orthopara.store\/index.php\/produit\/creme-cicatrisante-esthelle-cicaplaie-a2-15gr\/#breadcrumb\",\"itemListElement\":[{\"@type\":\"ListItem\",\"position\":1,\"name\":\"Accueil\",\"item\":\"https:\/\/orthopara.store\/\"},{\"@type\":\"ListItem\",\"position\":2,\"name\":\"Shop\",\"item\":\"https:\/\/orthopara.store\/?page_id=622\"},{\"@type\":\"ListItem\",\"position\":3,\"name\":\"Cr\u00e8me cicatrisante &#8211; Esth&rsquo;Elle Cicaplaie A2 &#8211; 15gr\"}]},{\"@type\":\"WebSite\",\"@id\":\"https:\/\/orthopara.store\/#website\",\"url\":\"https:\/\/orthopara.store\/\",\"name\":\"OrthoPara\",\"description\":\"Parapharmacie\",\"publisher\":{\"@id\":\"https:\/\/orthopara.store\/#organization\"},\"potentialAction\":[{\"@type\":\"SearchAction\",\"target\":{\"@type\":\"EntryPoint\",\"urlTemplate\":\"https:\/\/orthopara.store\/?s={search_term_string}\"},\"query-input\":\"required name=search_term_string\"}],\"inLanguage\":\"fr-FR\"},{\"@type\":\"Organization\",\"@id\":\"https:\/\/orthopara.store\/#organization\",\"name\":\"OrthoPara\",\"url\":\"https:\/\/orthopara.store\/\",\"logo\":{\"@type\":\"ImageObject\",\"inLanguage\":\"fr-FR\",\"@id\":\"https:\/\/orthopara.store\/#\/schema\/logo\/image\/\",\"url\":\"https:\/\/orthopara.store\/wp-content\/uploads\/2024\/06\/cropped-9ABA8BAD-6256-4719-9315-15C66E64E882.png\",\"contentUrl\":\"https:\/\/orthopara.store\/wp-content\/uploads\/2024\/06\/cropped-9ABA8BAD-6256-4719-9315-15C66E64E882.png\",\"width\":240,\"height\":72,\"caption\":\"OrthoPara\"},\"image\":{\"@id\":\"https:\/\/orthopara.store\/#\/schema\/logo\/image\/\"},\"sameAs\":[\"https:\/\/www.facebook.com\/profile.php?id=61561194315651\",\"https:\/\/www.instagram.com\/orthopara_tunisie\/\"]}]}<\/script>\n<!-- \/ Yoast SEO plugin. -->","yoast_head_json":{"title":"Cr\u00e8me cicatrisante - Esth'Elle Cicaplaie A2 - 15gr - OrthoPara","robots":{"index":"index","follow":"follow","max-snippet":"max-snippet:-1","max-image-preview":"max-image-preview:large","max-video-preview":"max-video-preview:-1"},"canonical":"https:\/\/orthopara.store\/index.php\/produit\/creme-cicatrisante-esthelle-cicaplaie-a2-15gr\/","og_locale":"fr_FR","og_type":"article","og_title":"Cr\u00e8me cicatrisante - Esth'Elle Cicaplaie A2 - 15gr - OrthoPara","og_description":"Esth'Elle Cicaplaie A2 Mini Format \u00a0est une cr\u00e8me grasse cicatrisante, anti-inflammatoire et r\u00e9g\u00e9n\u00e9rante destin\u00e9e aux peaux agress\u00e9es et irrit\u00e9es. C\u2019est une cr\u00e8me hypoallerg\u00e9nique qui va acc\u00e9l\u00e9rer la vitesse de r\u00e9paration et am\u00e9liorer sa qualit\u00e9. Prot\u00e8ge la peau des m\u00e9faits du froid et de l\u2019humidit\u00e9 et renforce sa r\u00e9sistance au froid, Pr\u00e9vient et traite les engelures et les ger\u00e7ures au niveau des phalanges, orteils, bout de nez et oreille. Poids net : 15gr DLC : 10\/2027 (12 mois apr\u00e8s l'ouverture)","og_url":"https:\/\/orthopara.store\/index.php\/produit\/creme-cicatrisante-esthelle-cicaplaie-a2-15gr\/","og_site_name":"OrthoPara","article_publisher":"https:\/\/www.facebook.com\/profile.php?id=61561194315651","article_modified_time":"2024-11-10T15:09:57+00:00","og_image":[{"width":800,"height":800,"url":"https:\/\/orthopara.store\/wp-content\/uploads\/2024\/06\/creme-cicatrisante-esth-elle-cicaplaie-a2-15gr.jpg","type":"image\/jpeg"}],"twitter_card":"summary_large_image","twitter_misc":{"Dur\u00e9e de lecture estim\u00e9e":"2 minutes"},"schema":{"@context":"https:\/\/schema.org","@graph":[{"@type":"WebPage","@id":"https:\/\/orthopara.store\/index.php\/produit\/creme-cicatrisante-esthelle-cicaplaie-a2-15gr\/","url":"https:\/\/orthopara.store\/index.php\/produit\/creme-cicatrisante-esthelle-cicaplaie-a2-15gr\/","name":"Cr\u00e8me cicatrisante - Esth'Elle Cicaplaie A2 - 15gr - OrthoPara","isPartOf":{"@id":"https:\/\/orthopara.store\/#website"},"primaryImageOfPage":{"@id":"https:\/\/orthopara.store\/index.php\/produit\/creme-cicatrisante-esthelle-cicaplaie-a2-15gr\/#primaryimage"},"image":{"@id":"https:\/\/orthopara.store\/index.php\/produit\/creme-cicatrisante-esthelle-cicaplaie-a2-15gr\/#primaryimage"},"thumbnailUrl":"https:\/\/orthopara.store\/wp-content\/uploads\/2024\/06\/creme-cicatrisante-esth-elle-cicaplaie-a2-15gr.jpg","datePublished":"2024-06-28T13:51:31+00:00","dateModified":"2024-11-10T15:09:57+00:00","breadcrumb":{"@id":"https:\/\/orthopara.store\/index.php\/produit\/creme-cicatrisante-esthelle-cicaplaie-a2-15gr\/#breadcrumb"},"inLanguage":"fr-FR","potentialAction":[{"@type":"ReadAction","target":["https:\/\/orthopara.store\/index.php\/produit\/creme-cicatrisante-esthelle-cicaplaie-a2-15gr\/"]}]},{"@type":"ImageObject","inLanguage":"fr-FR","@id":"https:\/\/orthopara.store\/index.php\/produit\/creme-cicatrisante-esthelle-cicaplaie-a2-15gr\/#primaryimage","url":"https:\/\/orthopara.store\/wp-content\/uploads\/2024\/06\/creme-cicatrisante-esth-elle-cicaplaie-a2-15gr.jpg","contentUrl":"https:\/\/orthopara.store\/wp-content\/uploads\/2024\/06\/creme-cicatrisante-esth-elle-cicaplaie-a2-15gr.jpg","width":800,"height":800},{"@type":"BreadcrumbList","@id":"https:\/\/orthopara.store\/index.php\/produit\/creme-cicatrisante-esthelle-cicaplaie-a2-15gr\/#breadcrumb","itemListElement":[{"@type":"ListItem","position":1,"name":"Accueil","item":"https:\/\/orthopara.store\/"},{"@type":"ListItem","position":2,"name":"Shop","item":"https:\/\/orthopara.store\/?page_id=622"},{"@type":"ListItem","position":3,"name":"Cr\u00e8me cicatrisante &#8211; Esth&rsquo;Elle Cicaplaie A2 &#8211; 15gr"}]},{"@type":"WebSite","@id":"https:\/\/orthopara.store\/#website","url":"https:\/\/orthopara.store\/","name":"OrthoPara","description":"Parapharmacie","publisher":{"@id":"https:\/\/orthopara.store\/#organization"},"potentialAction":[{"@type":"SearchAction","target":{"@type":"EntryPoint","urlTemplate":"https:\/\/orthopara.store\/?s={search_term_string}"},"query-input":"required name=search_term_string"}],"inLanguage":"fr-FR"},{"@type":"Organization","@id":"https:\/\/orthopara.store\/#organization","name":"OrthoPara","url":"https:\/\/orthopara.store\/","logo":{"@type":"ImageObject","inLanguage":"fr-FR","@id":"https:\/\/orthopara.store\/#\/schema\/logo\/image\/","url":"https:\/\/orthopara.store\/wp-content\/uploads\/2024\/06\/cropped-9ABA8BAD-6256-4719-9315-15C66E64E882.png","contentUrl":"https:\/\/orthopara.store\/wp-content\/uploads\/2024\/06\/cropped-9ABA8BAD-6256-4719-9315-15C66E64E882.png","width":240,"height":72,"caption":"OrthoPara"},"image":{"@id":"https:\/\/orthopara.store\/#\/schema\/logo\/image\/"},"sameAs":["https:\/\/www.facebook.com\/profile.php?id=61561194315651","https:\/\/www.instagram.com\/orthopara_tunisie\/"]}]}},"jetpack_sharing_enabled":true,"brands":[{"id":126,"name":"ESTH'ELLE","slug":"esthelle"}],"_links":{"self":[{"href":"https:\/\/orthopara.store\/index.php?rest_route=\/wp\/v2\/product\/1081","targetHints":{"allow":["GET"]}}],"collection":[{"href":"https:\/\/orthopara.store\/index.php?rest_route=\/wp\/v2\/product"}],"about":[{"href":"https:\/\/orthopara.store\/index.php?rest_route=\/wp\/v2\/types\/product"}],"replies":[{"embeddable":true,"href":"https:\/\/orthopara.store\/index.php?rest_route=%2Fwp%2Fv2%2Fcomments&post=1081"}],"wp:featuredmedia":[{"embeddable":true,"href":"https:\/\/orthopara.store\/index.php?rest_route=\/wp\/v2\/media\/1108"}],"wp:attachment":[{"href":"https:\/\/orthopara.store\/index.php?rest_route=%2Fwp%2Fv2%2Fmedia&parent=1081"}],"wp:term":[{"taxonomy":"pwb-brand","embeddable":true,"href":"https:\/\/orthopara.store\/index.php?rest_route=%2Fwp%2Fv2%2Fpwb-brand&post=1081"},{"taxonomy":"product_cat","embeddable":true,"href":"https:\/\/orthopara.store\/index.php?rest_route=%2Fwp%2Fv2%2Fproduct_cat&post=1081"},{"taxonomy":"product_tag","embeddable":true,"href":"https:\/\/orthopara.store\/index.php?rest_route=%2Fwp%2Fv2%2Fproduct_tag&post=1081"}],"curies":[{"name":"wp","href":"https:\/\/api.w.org\/{rel}","templated":true}]}}