{"id":1083,"date":"2024-06-28T15:51:31","date_gmt":"2024-06-28T13:51:31","guid":{"rendered":"https:\/\/orthopara.store\/?post_type=product&#038;p=1083"},"modified":"2024-11-10T16:11:58","modified_gmt":"2024-11-10T15:11:58","slug":"creme-cicatrisante-avec-filtre-solaire-spf-50-esthelle-cicaplaie-20gr","status":"publish","type":"product","link":"https:\/\/orthopara.store\/?product=creme-cicatrisante-avec-filtre-solaire-spf-50-esthelle-cicaplaie-20gr","title":{"rendered":"Cr\u00e8me cicatrisante avec filtre solaire &#8211; spf 50+ &#8211; Esth&rsquo;Elle Cicaplaie &#8211; 20gr"},"content":{"rendered":"<p>Cr\u00e8me cicatrisante avec filtre solaire &#8211; spf 50+ &#8211; Esth&rsquo;Elle Cicaplaie &#8211; 20gr<br \/>\nL\u00e9sions Dermiques<br \/>\nCicatrisation &#038; Filtre Solaire<br \/>\nCicaplaie Spf 50+ est une cr\u00e8me grasse cicatrisante.<br \/>\nCicaplaie Spf 50+ aide \u00e0 la reconstruction de l&rsquo;int\u00e9grit\u00e9 de la peau en acc\u00e9l\u00e9rant la multiplication cellulaire, en assouplissant la peau et en soulageant les tiraillements.<br \/>\nCicaplaie Spf 50+ assure en parall\u00e8le une protection solaire.<br \/>\nIndications :<br \/>\nPlaie post-chirurgie ou esth\u00e9tique. Traitement post-laser et peeling. Peaux irrit\u00e9es et br\u00fblures.<br \/>\nConseil d&rsquo;utilisation :<br \/>\nCicaplaie Spf 50+ s&rsquo;utilise sur une plaie ferm\u00e9e, nettoy\u00e9e et aseptis\u00e9e, en vue de favoriser une cicatrisation parfaite sous protection solaire.<br \/>\nAppliquer Cicaplaie Spf 50+ sur la zone \u00e0 traiter, masser l\u00e9g\u00e8rement par des mouvements circulaires.<br \/>\nIngr\u00e9dients :<br \/>\nAqua, Paraffinum Liquidum, Glycerin, Ethylhexyl Methoxycinnamate, Diethylamino Hydroxybenzoyl Hexyl Benzoate, Methylene Bis-Benzotriazolyl Tetramethylbutylphenol, Glyceryl Stearate, Peg-100 Stearate, Cetyl Alcohol, Panth\u00e9nol, Isopropyl Myristate, Ethylhexyl Tri Azone, Ph\u00e9noxy\u00e9thanol, Allanto\u00efne, Bis-\u00c9thylhexyloxyph\u00e9nol M\u00e9thoxyph\u00e9nyle Triazine, Tocopherol, Extrait De Fleur De Calendula Officinalis, Extrait De Feuilles De Symphytum Officinale, Propyl\u00e8ne Glycol, Carbomer, Bisabolol, Dimethicone, Edta Disodique, Tri\u00e9thanolamine, Decyl Glucoside, Gomme De Xanthane, Ci 77891 (Dioxyde De Titane), Parfum (Parfum).<\/p>\n","protected":false},"excerpt":{"rendered":"<p>Esth&rsquo;Elle Cicaplaie spf 50+<br \/>\nApr\u00e8s chaque acte dermatologique, n h\u00e9siter pas \u00e0 utiliser cicaplaie SPF 50+: une cr\u00e8me cicatrisante, anti inflammatoire, apaisante et en plus dot\u00e9e d&rsquo;une protection solaire.\u00a0<br \/>\nPoids net : 20gr<br \/>\nDLC : 01\/2027 (12 mois apr\u00e8s l&rsquo;ouverture)\u00a0<\/p>\n","protected":false},"featured_media":1110,"comment_status":"open","ping_status":"closed","template":"","meta":[],"pwb-brand":[126],"product_cat":[117],"product_tag":[],"class_list":{"0":"post-1083","1":"product","2":"type-product","3":"status-publish","4":"has-post-thumbnail","6":"pwb-brand-esthelle","7":"product_cat-soins-anti-rougeurs-et-peau-sensible","8":"post","9":"ws-product--style-1","11":"first","12":"instock","13":"shipping-taxable","14":"purchasable","15":"product-type-simple"},"yoast_head":"<!-- This site is optimized with the Yoast SEO plugin v23.0 - https:\/\/yoast.com\/wordpress\/plugins\/seo\/ -->\n<title>Cr\u00e8me cicatrisante avec filtre solaire - spf 50+ - Esth&#039;Elle Cicaplaie - 20gr - OrthoPara<\/title>\n<meta name=\"robots\" content=\"index, follow, max-snippet:-1, max-image-preview:large, max-video-preview:-1\" \/>\n<link rel=\"canonical\" href=\"https:\/\/orthopara.store\/index.php\/produit\/creme-cicatrisante-avec-filtre-solaire-spf-50-esthelle-cicaplaie-20gr\/\" \/>\n<meta property=\"og:locale\" content=\"fr_FR\" \/>\n<meta property=\"og:type\" content=\"article\" \/>\n<meta property=\"og:title\" content=\"Cr\u00e8me cicatrisante avec filtre solaire - spf 50+ - Esth&#039;Elle Cicaplaie - 20gr - OrthoPara\" \/>\n<meta property=\"og:description\" content=\"Esth&#039;Elle Cicaplaie spf 50+ Apr\u00e8s chaque acte dermatologique, n h\u00e9siter pas \u00e0 utiliser cicaplaie SPF 50+: une cr\u00e8me cicatrisante, anti inflammatoire, apaisante et en plus dot\u00e9e d&#039;une protection solaire.\u00a0 Poids net : 20gr DLC : 01\/2027 (12 mois apr\u00e8s l&#039;ouverture)\u00a0\" \/>\n<meta property=\"og:url\" content=\"https:\/\/orthopara.store\/index.php\/produit\/creme-cicatrisante-avec-filtre-solaire-spf-50-esthelle-cicaplaie-20gr\/\" \/>\n<meta property=\"og:site_name\" content=\"OrthoPara\" \/>\n<meta property=\"article:publisher\" content=\"https:\/\/www.facebook.com\/profile.php?id=61561194315651\" \/>\n<meta property=\"article:modified_time\" content=\"2024-11-10T15:11:58+00:00\" \/>\n<meta property=\"og:image\" content=\"https:\/\/orthopara.store\/wp-content\/uploads\/2024\/06\/creme-cicatrisante-avec-filtre-solaire-spf-50-esth-elle-cicaplaie-20gr.jpg\" \/>\n\t<meta property=\"og:image:width\" content=\"800\" \/>\n\t<meta property=\"og:image:height\" content=\"800\" \/>\n\t<meta property=\"og:image:type\" content=\"image\/jpeg\" \/>\n<meta name=\"twitter:card\" content=\"summary_large_image\" \/>\n<meta name=\"twitter:label1\" content=\"Dur\u00e9e de lecture estim\u00e9e\" \/>\n\t<meta name=\"twitter:data1\" content=\"1 minute\" \/>\n<script type=\"application\/ld+json\" class=\"yoast-schema-graph\">{\"@context\":\"https:\/\/schema.org\",\"@graph\":[{\"@type\":\"WebPage\",\"@id\":\"https:\/\/orthopara.store\/index.php\/produit\/creme-cicatrisante-avec-filtre-solaire-spf-50-esthelle-cicaplaie-20gr\/\",\"url\":\"https:\/\/orthopara.store\/index.php\/produit\/creme-cicatrisante-avec-filtre-solaire-spf-50-esthelle-cicaplaie-20gr\/\",\"name\":\"Cr\u00e8me cicatrisante avec filtre solaire - spf 50+ - Esth'Elle Cicaplaie - 20gr - OrthoPara\",\"isPartOf\":{\"@id\":\"https:\/\/orthopara.store\/#website\"},\"primaryImageOfPage\":{\"@id\":\"https:\/\/orthopara.store\/index.php\/produit\/creme-cicatrisante-avec-filtre-solaire-spf-50-esthelle-cicaplaie-20gr\/#primaryimage\"},\"image\":{\"@id\":\"https:\/\/orthopara.store\/index.php\/produit\/creme-cicatrisante-avec-filtre-solaire-spf-50-esthelle-cicaplaie-20gr\/#primaryimage\"},\"thumbnailUrl\":\"https:\/\/orthopara.store\/wp-content\/uploads\/2024\/06\/creme-cicatrisante-avec-filtre-solaire-spf-50-esth-elle-cicaplaie-20gr.jpg\",\"datePublished\":\"2024-06-28T13:51:31+00:00\",\"dateModified\":\"2024-11-10T15:11:58+00:00\",\"breadcrumb\":{\"@id\":\"https:\/\/orthopara.store\/index.php\/produit\/creme-cicatrisante-avec-filtre-solaire-spf-50-esthelle-cicaplaie-20gr\/#breadcrumb\"},\"inLanguage\":\"fr-FR\",\"potentialAction\":[{\"@type\":\"ReadAction\",\"target\":[\"https:\/\/orthopara.store\/index.php\/produit\/creme-cicatrisante-avec-filtre-solaire-spf-50-esthelle-cicaplaie-20gr\/\"]}]},{\"@type\":\"ImageObject\",\"inLanguage\":\"fr-FR\",\"@id\":\"https:\/\/orthopara.store\/index.php\/produit\/creme-cicatrisante-avec-filtre-solaire-spf-50-esthelle-cicaplaie-20gr\/#primaryimage\",\"url\":\"https:\/\/orthopara.store\/wp-content\/uploads\/2024\/06\/creme-cicatrisante-avec-filtre-solaire-spf-50-esth-elle-cicaplaie-20gr.jpg\",\"contentUrl\":\"https:\/\/orthopara.store\/wp-content\/uploads\/2024\/06\/creme-cicatrisante-avec-filtre-solaire-spf-50-esth-elle-cicaplaie-20gr.jpg\",\"width\":800,\"height\":800},{\"@type\":\"BreadcrumbList\",\"@id\":\"https:\/\/orthopara.store\/index.php\/produit\/creme-cicatrisante-avec-filtre-solaire-spf-50-esthelle-cicaplaie-20gr\/#breadcrumb\",\"itemListElement\":[{\"@type\":\"ListItem\",\"position\":1,\"name\":\"Accueil\",\"item\":\"https:\/\/orthopara.store\/\"},{\"@type\":\"ListItem\",\"position\":2,\"name\":\"Shop\",\"item\":\"https:\/\/orthopara.store\/?page_id=622\"},{\"@type\":\"ListItem\",\"position\":3,\"name\":\"Cr\u00e8me cicatrisante avec filtre solaire &#8211; spf 50+ &#8211; Esth&rsquo;Elle Cicaplaie &#8211; 20gr\"}]},{\"@type\":\"WebSite\",\"@id\":\"https:\/\/orthopara.store\/#website\",\"url\":\"https:\/\/orthopara.store\/\",\"name\":\"OrthoPara\",\"description\":\"Parapharmacie\",\"publisher\":{\"@id\":\"https:\/\/orthopara.store\/#organization\"},\"potentialAction\":[{\"@type\":\"SearchAction\",\"target\":{\"@type\":\"EntryPoint\",\"urlTemplate\":\"https:\/\/orthopara.store\/?s={search_term_string}\"},\"query-input\":\"required name=search_term_string\"}],\"inLanguage\":\"fr-FR\"},{\"@type\":\"Organization\",\"@id\":\"https:\/\/orthopara.store\/#organization\",\"name\":\"OrthoPara\",\"url\":\"https:\/\/orthopara.store\/\",\"logo\":{\"@type\":\"ImageObject\",\"inLanguage\":\"fr-FR\",\"@id\":\"https:\/\/orthopara.store\/#\/schema\/logo\/image\/\",\"url\":\"https:\/\/orthopara.store\/wp-content\/uploads\/2024\/06\/cropped-9ABA8BAD-6256-4719-9315-15C66E64E882.png\",\"contentUrl\":\"https:\/\/orthopara.store\/wp-content\/uploads\/2024\/06\/cropped-9ABA8BAD-6256-4719-9315-15C66E64E882.png\",\"width\":240,\"height\":72,\"caption\":\"OrthoPara\"},\"image\":{\"@id\":\"https:\/\/orthopara.store\/#\/schema\/logo\/image\/\"},\"sameAs\":[\"https:\/\/www.facebook.com\/profile.php?id=61561194315651\",\"https:\/\/www.instagram.com\/orthopara_tunisie\/\"]}]}<\/script>\n<!-- \/ Yoast SEO plugin. -->","yoast_head_json":{"title":"Cr\u00e8me cicatrisante avec filtre solaire - spf 50+ - Esth'Elle Cicaplaie - 20gr - OrthoPara","robots":{"index":"index","follow":"follow","max-snippet":"max-snippet:-1","max-image-preview":"max-image-preview:large","max-video-preview":"max-video-preview:-1"},"canonical":"https:\/\/orthopara.store\/index.php\/produit\/creme-cicatrisante-avec-filtre-solaire-spf-50-esthelle-cicaplaie-20gr\/","og_locale":"fr_FR","og_type":"article","og_title":"Cr\u00e8me cicatrisante avec filtre solaire - spf 50+ - Esth'Elle Cicaplaie - 20gr - OrthoPara","og_description":"Esth'Elle Cicaplaie spf 50+ Apr\u00e8s chaque acte dermatologique, n h\u00e9siter pas \u00e0 utiliser cicaplaie SPF 50+: une cr\u00e8me cicatrisante, anti inflammatoire, apaisante et en plus dot\u00e9e d'une protection solaire.\u00a0 Poids net : 20gr DLC : 01\/2027 (12 mois apr\u00e8s l'ouverture)\u00a0","og_url":"https:\/\/orthopara.store\/index.php\/produit\/creme-cicatrisante-avec-filtre-solaire-spf-50-esthelle-cicaplaie-20gr\/","og_site_name":"OrthoPara","article_publisher":"https:\/\/www.facebook.com\/profile.php?id=61561194315651","article_modified_time":"2024-11-10T15:11:58+00:00","og_image":[{"width":800,"height":800,"url":"https:\/\/orthopara.store\/wp-content\/uploads\/2024\/06\/creme-cicatrisante-avec-filtre-solaire-spf-50-esth-elle-cicaplaie-20gr.jpg","type":"image\/jpeg"}],"twitter_card":"summary_large_image","twitter_misc":{"Dur\u00e9e de lecture estim\u00e9e":"1 minute"},"schema":{"@context":"https:\/\/schema.org","@graph":[{"@type":"WebPage","@id":"https:\/\/orthopara.store\/index.php\/produit\/creme-cicatrisante-avec-filtre-solaire-spf-50-esthelle-cicaplaie-20gr\/","url":"https:\/\/orthopara.store\/index.php\/produit\/creme-cicatrisante-avec-filtre-solaire-spf-50-esthelle-cicaplaie-20gr\/","name":"Cr\u00e8me cicatrisante avec filtre solaire - spf 50+ - Esth'Elle Cicaplaie - 20gr - OrthoPara","isPartOf":{"@id":"https:\/\/orthopara.store\/#website"},"primaryImageOfPage":{"@id":"https:\/\/orthopara.store\/index.php\/produit\/creme-cicatrisante-avec-filtre-solaire-spf-50-esthelle-cicaplaie-20gr\/#primaryimage"},"image":{"@id":"https:\/\/orthopara.store\/index.php\/produit\/creme-cicatrisante-avec-filtre-solaire-spf-50-esthelle-cicaplaie-20gr\/#primaryimage"},"thumbnailUrl":"https:\/\/orthopara.store\/wp-content\/uploads\/2024\/06\/creme-cicatrisante-avec-filtre-solaire-spf-50-esth-elle-cicaplaie-20gr.jpg","datePublished":"2024-06-28T13:51:31+00:00","dateModified":"2024-11-10T15:11:58+00:00","breadcrumb":{"@id":"https:\/\/orthopara.store\/index.php\/produit\/creme-cicatrisante-avec-filtre-solaire-spf-50-esthelle-cicaplaie-20gr\/#breadcrumb"},"inLanguage":"fr-FR","potentialAction":[{"@type":"ReadAction","target":["https:\/\/orthopara.store\/index.php\/produit\/creme-cicatrisante-avec-filtre-solaire-spf-50-esthelle-cicaplaie-20gr\/"]}]},{"@type":"ImageObject","inLanguage":"fr-FR","@id":"https:\/\/orthopara.store\/index.php\/produit\/creme-cicatrisante-avec-filtre-solaire-spf-50-esthelle-cicaplaie-20gr\/#primaryimage","url":"https:\/\/orthopara.store\/wp-content\/uploads\/2024\/06\/creme-cicatrisante-avec-filtre-solaire-spf-50-esth-elle-cicaplaie-20gr.jpg","contentUrl":"https:\/\/orthopara.store\/wp-content\/uploads\/2024\/06\/creme-cicatrisante-avec-filtre-solaire-spf-50-esth-elle-cicaplaie-20gr.jpg","width":800,"height":800},{"@type":"BreadcrumbList","@id":"https:\/\/orthopara.store\/index.php\/produit\/creme-cicatrisante-avec-filtre-solaire-spf-50-esthelle-cicaplaie-20gr\/#breadcrumb","itemListElement":[{"@type":"ListItem","position":1,"name":"Accueil","item":"https:\/\/orthopara.store\/"},{"@type":"ListItem","position":2,"name":"Shop","item":"https:\/\/orthopara.store\/?page_id=622"},{"@type":"ListItem","position":3,"name":"Cr\u00e8me cicatrisante avec filtre solaire &#8211; spf 50+ &#8211; Esth&rsquo;Elle Cicaplaie &#8211; 20gr"}]},{"@type":"WebSite","@id":"https:\/\/orthopara.store\/#website","url":"https:\/\/orthopara.store\/","name":"OrthoPara","description":"Parapharmacie","publisher":{"@id":"https:\/\/orthopara.store\/#organization"},"potentialAction":[{"@type":"SearchAction","target":{"@type":"EntryPoint","urlTemplate":"https:\/\/orthopara.store\/?s={search_term_string}"},"query-input":"required name=search_term_string"}],"inLanguage":"fr-FR"},{"@type":"Organization","@id":"https:\/\/orthopara.store\/#organization","name":"OrthoPara","url":"https:\/\/orthopara.store\/","logo":{"@type":"ImageObject","inLanguage":"fr-FR","@id":"https:\/\/orthopara.store\/#\/schema\/logo\/image\/","url":"https:\/\/orthopara.store\/wp-content\/uploads\/2024\/06\/cropped-9ABA8BAD-6256-4719-9315-15C66E64E882.png","contentUrl":"https:\/\/orthopara.store\/wp-content\/uploads\/2024\/06\/cropped-9ABA8BAD-6256-4719-9315-15C66E64E882.png","width":240,"height":72,"caption":"OrthoPara"},"image":{"@id":"https:\/\/orthopara.store\/#\/schema\/logo\/image\/"},"sameAs":["https:\/\/www.facebook.com\/profile.php?id=61561194315651","https:\/\/www.instagram.com\/orthopara_tunisie\/"]}]}},"jetpack_sharing_enabled":true,"brands":[{"id":126,"name":"ESTH'ELLE","slug":"esthelle"}],"_links":{"self":[{"href":"https:\/\/orthopara.store\/index.php?rest_route=\/wp\/v2\/product\/1083","targetHints":{"allow":["GET"]}}],"collection":[{"href":"https:\/\/orthopara.store\/index.php?rest_route=\/wp\/v2\/product"}],"about":[{"href":"https:\/\/orthopara.store\/index.php?rest_route=\/wp\/v2\/types\/product"}],"replies":[{"embeddable":true,"href":"https:\/\/orthopara.store\/index.php?rest_route=%2Fwp%2Fv2%2Fcomments&post=1083"}],"wp:featuredmedia":[{"embeddable":true,"href":"https:\/\/orthopara.store\/index.php?rest_route=\/wp\/v2\/media\/1110"}],"wp:attachment":[{"href":"https:\/\/orthopara.store\/index.php?rest_route=%2Fwp%2Fv2%2Fmedia&parent=1083"}],"wp:term":[{"taxonomy":"pwb-brand","embeddable":true,"href":"https:\/\/orthopara.store\/index.php?rest_route=%2Fwp%2Fv2%2Fpwb-brand&post=1083"},{"taxonomy":"product_cat","embeddable":true,"href":"https:\/\/orthopara.store\/index.php?rest_route=%2Fwp%2Fv2%2Fproduct_cat&post=1083"},{"taxonomy":"product_tag","embeddable":true,"href":"https:\/\/orthopara.store\/index.php?rest_route=%2Fwp%2Fv2%2Fproduct_tag&post=1083"}],"curies":[{"name":"wp","href":"https:\/\/api.w.org\/{rel}","templated":true}]}}