{"id":1084,"date":"2024-06-28T15:51:31","date_gmt":"2024-06-28T13:51:31","guid":{"rendered":"https:\/\/orthopara.store\/?post_type=product&#038;p=1084"},"modified":"2024-11-10T16:11:47","modified_gmt":"2024-11-10T15:11:47","slug":"creme-cicatrisante-antiseptique-esthelle-cicaplaie-plus-20gr","status":"publish","type":"product","link":"https:\/\/orthopara.store\/?product=creme-cicatrisante-antiseptique-esthelle-cicaplaie-plus-20gr","title":{"rendered":"Cr\u00e8me cicatrisante antiseptique &#8211; Esth&rsquo;Elle Cicaplaie Plus &#8211; 20gr"},"content":{"rendered":"<p>Cr\u00e8me cicatrisante antiseptique &#8211; Esth&rsquo;Elle Cicaplaie Plus &#8211; 20gr<br \/>\nL\u00e9sions dermiques cicatrisation antiseptique<br \/>\nCicaplaie plus est une cr\u00e8me grasse cicatrisante.<br \/>\nCicaplaie Plus aide \u00e0 la reconstruction de l&rsquo;int\u00e9grit\u00e9 de la peau. Le symphytum riche en vit A et en allanto\u00efne acc\u00e9l\u00e8re la multiplication cellulaire. Le panthenol apporte l&rsquo;hydratation indispensable \u00e0 la cicatrisation. Calendula, bisabolol et vitamine E apaisent, assouplissent la peau et soulagent les tiraillements.<br \/>\nCicaplaie Plus renferme de la chlorhexidine, antiseptique \u00e0 large spectre.<br \/>\nIndications :<br \/>\nC\u00e9sarienne. Plaie chirurgicale ou esth\u00e9tique avec risque d&rsquo;infection. Br\u00fblure.<br \/>\nConseil d&rsquo;utilisation :<br \/>\nCicaplaie Plus s&rsquo;utilise sur une plaie ferm\u00e9e, nettoy\u00e9e et aseptis\u00e9e, en vue de favoriser une cicatrisation parfaite.<br \/>\nAppliquer Cicaplaie Plus sur la zone \u00e0 traiter, masser l\u00e9g\u00e8rement sur la zone \u00e0 traiter, masser l\u00e9g\u00e8rement par des mouvement circulaires.<br \/>\nIngr\u00e9dients :<br \/>\nAqua, Paraffinum Liquidum, Glyc\u00e9rine, St\u00e9arate De Glyceryl, Peg-100 Stearate, Alcool C\u00e9tylique, Panth\u00e9nol, Myristate D&rsquo;isopropyl, Allanto\u00efne, Tocoph\u00e9rol, Digluconate De Chlorhexidine, Extrait De Fleur De Calendula Officinalis, Extrait De Feuilles De Symphytum Officinale, Cera Alba, Propyl\u00e8ne Glycol, Bisa Bolol, Dim\u00e9thicone, Edta Disodique, Acide Citrique, Ci 77891 (Dioxyde De Titane), Parfum (Parfum)<\/p>\n","protected":false},"excerpt":{"rendered":"<p>Esth&rsquo;Elle Cicaplaie Plus<br \/>\nVous avez une plaie ferm\u00e9e ou une cicatrisation?? Alors noter bien ; Cicaplaie Plus s&rsquo;utilise sur une plaie ferm\u00e9e et nettoy\u00e9e, en vue de favoriser une cicatrisation parfaite.<br \/>\nPoids net : 20gr<br \/>\nDLC : 11\/2026 (12 mois apr\u00e8s l&rsquo;ouverture)\u00a0<\/p>\n","protected":false},"featured_media":1111,"comment_status":"open","ping_status":"closed","template":"","meta":[],"pwb-brand":[126],"product_cat":[117],"product_tag":[],"class_list":{"0":"post-1084","1":"product","2":"type-product","3":"status-publish","4":"has-post-thumbnail","6":"pwb-brand-esthelle","7":"product_cat-soins-anti-rougeurs-et-peau-sensible","8":"post","9":"ws-product--style-1","11":"first","12":"instock","13":"shipping-taxable","14":"purchasable","15":"product-type-simple"},"yoast_head":"<!-- This site is optimized with the Yoast SEO plugin v23.0 - https:\/\/yoast.com\/wordpress\/plugins\/seo\/ -->\n<title>Cr\u00e8me cicatrisante antiseptique - Esth&#039;Elle Cicaplaie Plus - 20gr - OrthoPara<\/title>\n<meta name=\"robots\" content=\"index, follow, max-snippet:-1, max-image-preview:large, max-video-preview:-1\" \/>\n<link rel=\"canonical\" href=\"https:\/\/orthopara.store\/index.php\/produit\/creme-cicatrisante-antiseptique-esthelle-cicaplaie-plus-20gr\/\" \/>\n<meta property=\"og:locale\" content=\"fr_FR\" \/>\n<meta property=\"og:type\" content=\"article\" \/>\n<meta property=\"og:title\" content=\"Cr\u00e8me cicatrisante antiseptique - Esth&#039;Elle Cicaplaie Plus - 20gr - OrthoPara\" \/>\n<meta property=\"og:description\" content=\"Esth&#039;Elle Cicaplaie Plus Vous avez une plaie ferm\u00e9e ou une cicatrisation?? Alors noter bien ; Cicaplaie Plus s&#039;utilise sur une plaie ferm\u00e9e et nettoy\u00e9e, en vue de favoriser une cicatrisation parfaite. Poids net : 20gr DLC : 11\/2026 (12 mois apr\u00e8s l&#039;ouverture)\u00a0\" \/>\n<meta property=\"og:url\" content=\"https:\/\/orthopara.store\/index.php\/produit\/creme-cicatrisante-antiseptique-esthelle-cicaplaie-plus-20gr\/\" \/>\n<meta property=\"og:site_name\" content=\"OrthoPara\" \/>\n<meta property=\"article:publisher\" content=\"https:\/\/www.facebook.com\/profile.php?id=61561194315651\" \/>\n<meta property=\"article:modified_time\" content=\"2024-11-10T15:11:47+00:00\" \/>\n<meta property=\"og:image\" content=\"https:\/\/orthopara.store\/wp-content\/uploads\/2024\/06\/creme-cicatrisante-antiseptique-esth-elle-cicaplaie-plus-20gr.jpg\" \/>\n\t<meta property=\"og:image:width\" content=\"800\" \/>\n\t<meta property=\"og:image:height\" content=\"800\" \/>\n\t<meta property=\"og:image:type\" content=\"image\/jpeg\" \/>\n<meta name=\"twitter:card\" content=\"summary_large_image\" \/>\n<meta name=\"twitter:label1\" content=\"Dur\u00e9e de lecture estim\u00e9e\" \/>\n\t<meta name=\"twitter:data1\" content=\"1 minute\" \/>\n<script type=\"application\/ld+json\" class=\"yoast-schema-graph\">{\"@context\":\"https:\/\/schema.org\",\"@graph\":[{\"@type\":\"WebPage\",\"@id\":\"https:\/\/orthopara.store\/index.php\/produit\/creme-cicatrisante-antiseptique-esthelle-cicaplaie-plus-20gr\/\",\"url\":\"https:\/\/orthopara.store\/index.php\/produit\/creme-cicatrisante-antiseptique-esthelle-cicaplaie-plus-20gr\/\",\"name\":\"Cr\u00e8me cicatrisante antiseptique - Esth'Elle Cicaplaie Plus - 20gr - OrthoPara\",\"isPartOf\":{\"@id\":\"https:\/\/orthopara.store\/#website\"},\"primaryImageOfPage\":{\"@id\":\"https:\/\/orthopara.store\/index.php\/produit\/creme-cicatrisante-antiseptique-esthelle-cicaplaie-plus-20gr\/#primaryimage\"},\"image\":{\"@id\":\"https:\/\/orthopara.store\/index.php\/produit\/creme-cicatrisante-antiseptique-esthelle-cicaplaie-plus-20gr\/#primaryimage\"},\"thumbnailUrl\":\"https:\/\/orthopara.store\/wp-content\/uploads\/2024\/06\/creme-cicatrisante-antiseptique-esth-elle-cicaplaie-plus-20gr.jpg\",\"datePublished\":\"2024-06-28T13:51:31+00:00\",\"dateModified\":\"2024-11-10T15:11:47+00:00\",\"breadcrumb\":{\"@id\":\"https:\/\/orthopara.store\/index.php\/produit\/creme-cicatrisante-antiseptique-esthelle-cicaplaie-plus-20gr\/#breadcrumb\"},\"inLanguage\":\"fr-FR\",\"potentialAction\":[{\"@type\":\"ReadAction\",\"target\":[\"https:\/\/orthopara.store\/index.php\/produit\/creme-cicatrisante-antiseptique-esthelle-cicaplaie-plus-20gr\/\"]}]},{\"@type\":\"ImageObject\",\"inLanguage\":\"fr-FR\",\"@id\":\"https:\/\/orthopara.store\/index.php\/produit\/creme-cicatrisante-antiseptique-esthelle-cicaplaie-plus-20gr\/#primaryimage\",\"url\":\"https:\/\/orthopara.store\/wp-content\/uploads\/2024\/06\/creme-cicatrisante-antiseptique-esth-elle-cicaplaie-plus-20gr.jpg\",\"contentUrl\":\"https:\/\/orthopara.store\/wp-content\/uploads\/2024\/06\/creme-cicatrisante-antiseptique-esth-elle-cicaplaie-plus-20gr.jpg\",\"width\":800,\"height\":800},{\"@type\":\"BreadcrumbList\",\"@id\":\"https:\/\/orthopara.store\/index.php\/produit\/creme-cicatrisante-antiseptique-esthelle-cicaplaie-plus-20gr\/#breadcrumb\",\"itemListElement\":[{\"@type\":\"ListItem\",\"position\":1,\"name\":\"Accueil\",\"item\":\"https:\/\/orthopara.store\/\"},{\"@type\":\"ListItem\",\"position\":2,\"name\":\"Shop\",\"item\":\"https:\/\/orthopara.store\/?page_id=622\"},{\"@type\":\"ListItem\",\"position\":3,\"name\":\"Cr\u00e8me cicatrisante antiseptique &#8211; Esth&rsquo;Elle Cicaplaie Plus &#8211; 20gr\"}]},{\"@type\":\"WebSite\",\"@id\":\"https:\/\/orthopara.store\/#website\",\"url\":\"https:\/\/orthopara.store\/\",\"name\":\"OrthoPara\",\"description\":\"Parapharmacie\",\"publisher\":{\"@id\":\"https:\/\/orthopara.store\/#organization\"},\"potentialAction\":[{\"@type\":\"SearchAction\",\"target\":{\"@type\":\"EntryPoint\",\"urlTemplate\":\"https:\/\/orthopara.store\/?s={search_term_string}\"},\"query-input\":\"required name=search_term_string\"}],\"inLanguage\":\"fr-FR\"},{\"@type\":\"Organization\",\"@id\":\"https:\/\/orthopara.store\/#organization\",\"name\":\"OrthoPara\",\"url\":\"https:\/\/orthopara.store\/\",\"logo\":{\"@type\":\"ImageObject\",\"inLanguage\":\"fr-FR\",\"@id\":\"https:\/\/orthopara.store\/#\/schema\/logo\/image\/\",\"url\":\"https:\/\/orthopara.store\/wp-content\/uploads\/2024\/06\/cropped-9ABA8BAD-6256-4719-9315-15C66E64E882.png\",\"contentUrl\":\"https:\/\/orthopara.store\/wp-content\/uploads\/2024\/06\/cropped-9ABA8BAD-6256-4719-9315-15C66E64E882.png\",\"width\":240,\"height\":72,\"caption\":\"OrthoPara\"},\"image\":{\"@id\":\"https:\/\/orthopara.store\/#\/schema\/logo\/image\/\"},\"sameAs\":[\"https:\/\/www.facebook.com\/profile.php?id=61561194315651\",\"https:\/\/www.instagram.com\/orthopara_tunisie\/\"]}]}<\/script>\n<!-- \/ Yoast SEO plugin. -->","yoast_head_json":{"title":"Cr\u00e8me cicatrisante antiseptique - Esth'Elle Cicaplaie Plus - 20gr - OrthoPara","robots":{"index":"index","follow":"follow","max-snippet":"max-snippet:-1","max-image-preview":"max-image-preview:large","max-video-preview":"max-video-preview:-1"},"canonical":"https:\/\/orthopara.store\/index.php\/produit\/creme-cicatrisante-antiseptique-esthelle-cicaplaie-plus-20gr\/","og_locale":"fr_FR","og_type":"article","og_title":"Cr\u00e8me cicatrisante antiseptique - Esth'Elle Cicaplaie Plus - 20gr - OrthoPara","og_description":"Esth'Elle Cicaplaie Plus Vous avez une plaie ferm\u00e9e ou une cicatrisation?? Alors noter bien ; Cicaplaie Plus s'utilise sur une plaie ferm\u00e9e et nettoy\u00e9e, en vue de favoriser une cicatrisation parfaite. Poids net : 20gr DLC : 11\/2026 (12 mois apr\u00e8s l'ouverture)\u00a0","og_url":"https:\/\/orthopara.store\/index.php\/produit\/creme-cicatrisante-antiseptique-esthelle-cicaplaie-plus-20gr\/","og_site_name":"OrthoPara","article_publisher":"https:\/\/www.facebook.com\/profile.php?id=61561194315651","article_modified_time":"2024-11-10T15:11:47+00:00","og_image":[{"width":800,"height":800,"url":"https:\/\/orthopara.store\/wp-content\/uploads\/2024\/06\/creme-cicatrisante-antiseptique-esth-elle-cicaplaie-plus-20gr.jpg","type":"image\/jpeg"}],"twitter_card":"summary_large_image","twitter_misc":{"Dur\u00e9e de lecture estim\u00e9e":"1 minute"},"schema":{"@context":"https:\/\/schema.org","@graph":[{"@type":"WebPage","@id":"https:\/\/orthopara.store\/index.php\/produit\/creme-cicatrisante-antiseptique-esthelle-cicaplaie-plus-20gr\/","url":"https:\/\/orthopara.store\/index.php\/produit\/creme-cicatrisante-antiseptique-esthelle-cicaplaie-plus-20gr\/","name":"Cr\u00e8me cicatrisante antiseptique - Esth'Elle Cicaplaie Plus - 20gr - OrthoPara","isPartOf":{"@id":"https:\/\/orthopara.store\/#website"},"primaryImageOfPage":{"@id":"https:\/\/orthopara.store\/index.php\/produit\/creme-cicatrisante-antiseptique-esthelle-cicaplaie-plus-20gr\/#primaryimage"},"image":{"@id":"https:\/\/orthopara.store\/index.php\/produit\/creme-cicatrisante-antiseptique-esthelle-cicaplaie-plus-20gr\/#primaryimage"},"thumbnailUrl":"https:\/\/orthopara.store\/wp-content\/uploads\/2024\/06\/creme-cicatrisante-antiseptique-esth-elle-cicaplaie-plus-20gr.jpg","datePublished":"2024-06-28T13:51:31+00:00","dateModified":"2024-11-10T15:11:47+00:00","breadcrumb":{"@id":"https:\/\/orthopara.store\/index.php\/produit\/creme-cicatrisante-antiseptique-esthelle-cicaplaie-plus-20gr\/#breadcrumb"},"inLanguage":"fr-FR","potentialAction":[{"@type":"ReadAction","target":["https:\/\/orthopara.store\/index.php\/produit\/creme-cicatrisante-antiseptique-esthelle-cicaplaie-plus-20gr\/"]}]},{"@type":"ImageObject","inLanguage":"fr-FR","@id":"https:\/\/orthopara.store\/index.php\/produit\/creme-cicatrisante-antiseptique-esthelle-cicaplaie-plus-20gr\/#primaryimage","url":"https:\/\/orthopara.store\/wp-content\/uploads\/2024\/06\/creme-cicatrisante-antiseptique-esth-elle-cicaplaie-plus-20gr.jpg","contentUrl":"https:\/\/orthopara.store\/wp-content\/uploads\/2024\/06\/creme-cicatrisante-antiseptique-esth-elle-cicaplaie-plus-20gr.jpg","width":800,"height":800},{"@type":"BreadcrumbList","@id":"https:\/\/orthopara.store\/index.php\/produit\/creme-cicatrisante-antiseptique-esthelle-cicaplaie-plus-20gr\/#breadcrumb","itemListElement":[{"@type":"ListItem","position":1,"name":"Accueil","item":"https:\/\/orthopara.store\/"},{"@type":"ListItem","position":2,"name":"Shop","item":"https:\/\/orthopara.store\/?page_id=622"},{"@type":"ListItem","position":3,"name":"Cr\u00e8me cicatrisante antiseptique &#8211; Esth&rsquo;Elle Cicaplaie Plus &#8211; 20gr"}]},{"@type":"WebSite","@id":"https:\/\/orthopara.store\/#website","url":"https:\/\/orthopara.store\/","name":"OrthoPara","description":"Parapharmacie","publisher":{"@id":"https:\/\/orthopara.store\/#organization"},"potentialAction":[{"@type":"SearchAction","target":{"@type":"EntryPoint","urlTemplate":"https:\/\/orthopara.store\/?s={search_term_string}"},"query-input":"required name=search_term_string"}],"inLanguage":"fr-FR"},{"@type":"Organization","@id":"https:\/\/orthopara.store\/#organization","name":"OrthoPara","url":"https:\/\/orthopara.store\/","logo":{"@type":"ImageObject","inLanguage":"fr-FR","@id":"https:\/\/orthopara.store\/#\/schema\/logo\/image\/","url":"https:\/\/orthopara.store\/wp-content\/uploads\/2024\/06\/cropped-9ABA8BAD-6256-4719-9315-15C66E64E882.png","contentUrl":"https:\/\/orthopara.store\/wp-content\/uploads\/2024\/06\/cropped-9ABA8BAD-6256-4719-9315-15C66E64E882.png","width":240,"height":72,"caption":"OrthoPara"},"image":{"@id":"https:\/\/orthopara.store\/#\/schema\/logo\/image\/"},"sameAs":["https:\/\/www.facebook.com\/profile.php?id=61561194315651","https:\/\/www.instagram.com\/orthopara_tunisie\/"]}]}},"jetpack_sharing_enabled":true,"brands":[{"id":126,"name":"ESTH'ELLE","slug":"esthelle"}],"_links":{"self":[{"href":"https:\/\/orthopara.store\/index.php?rest_route=\/wp\/v2\/product\/1084","targetHints":{"allow":["GET"]}}],"collection":[{"href":"https:\/\/orthopara.store\/index.php?rest_route=\/wp\/v2\/product"}],"about":[{"href":"https:\/\/orthopara.store\/index.php?rest_route=\/wp\/v2\/types\/product"}],"replies":[{"embeddable":true,"href":"https:\/\/orthopara.store\/index.php?rest_route=%2Fwp%2Fv2%2Fcomments&post=1084"}],"wp:featuredmedia":[{"embeddable":true,"href":"https:\/\/orthopara.store\/index.php?rest_route=\/wp\/v2\/media\/1111"}],"wp:attachment":[{"href":"https:\/\/orthopara.store\/index.php?rest_route=%2Fwp%2Fv2%2Fmedia&parent=1084"}],"wp:term":[{"taxonomy":"pwb-brand","embeddable":true,"href":"https:\/\/orthopara.store\/index.php?rest_route=%2Fwp%2Fv2%2Fpwb-brand&post=1084"},{"taxonomy":"product_cat","embeddable":true,"href":"https:\/\/orthopara.store\/index.php?rest_route=%2Fwp%2Fv2%2Fproduct_cat&post=1084"},{"taxonomy":"product_tag","embeddable":true,"href":"https:\/\/orthopara.store\/index.php?rest_route=%2Fwp%2Fv2%2Fproduct_tag&post=1084"}],"curies":[{"name":"wp","href":"https:\/\/api.w.org\/{rel}","templated":true}]}}