{"id":1088,"date":"2024-06-28T15:51:32","date_gmt":"2024-06-28T13:51:32","guid":{"rendered":"https:\/\/orthopara.store\/?post_type=product&#038;p=1088"},"modified":"2024-06-28T15:51:41","modified_gmt":"2024-06-28T13:51:41","slug":"serum-de-nuit-intense-depigmentant-bio-taches-30ml","status":"publish","type":"product","link":"https:\/\/orthopara.store\/?product=serum-de-nuit-intense-depigmentant-bio-taches-30ml","title":{"rendered":"S\u00e9rum de nuit intense d\u00e9pigmentant &#8211; Bio Taches &#8211; 30ml"},"content":{"rendered":"<p>S\u00e9rum de nuit intense d\u00e9pigmentant &#8211; Bio Taches &#8211; 30ml<br \/>\nCorriger l&rsquo;hyperpigmentation pour \u00e9claircir les taches brunes et r\u00e9duire leur taille.<br \/>\nBio-Taches\u00ae S\u00e9rum est un soin apportant une solution pour la prise en charge des t\u00e2ches brunes et de l&rsquo;hyperpigmentation cutan\u00e9e, notamment dans les cas suivants : M\u00e9lasma (masque de grossesse), dyschromie (taches de vieillesse), lentigo solaire, marques cicatricielles post-inflammatoires (acn\u00e9,\u2026).<br \/>\nBio-Taches\u00ae S\u00e9rum est un soin de peau complet : outre ses ingr\u00e9dients au pouvoir d\u00e9pigmentant, il contient des ingr\u00e9dients anti-\u00e2ge. Il diminue les rides et am\u00e9liore l\u2019\u00e9lasticit\u00e9 et la fermet\u00e9 de la peau pour la rendre plus claire et plus rayonnante. Il contient des ingr\u00e9dients agissant \u00e0 tous les stades du cycle de production de m\u00e9lanine.<br \/>\nIngr\u00e9dients actifs :<br \/>\nBioWhite\u2122 : une combinaison d&rsquo;extraits de plantes aux effets d\u00e9pigmentants et antiradicalaires, qui stimule la production de collag\u00e8ne.<br \/>\nCylasphere\u00ae Retinol (r\u00e9tinol encapsul\u00e9) : ingr\u00e9dient d\u00e9pigmentant connu pour son action contre les rides et sa capacit\u00e9 \u00e0 am\u00e9liorer l\u2019\u00e9lasticit\u00e9 et la fermet\u00e9 de la peau.<br \/>\nNiacinamide : ingr\u00e9dient d\u00e9pigmentant connu pour sa capacit\u00e9 \u00e0 resserrer les pores de la peau.<br \/>\nStay C\u00ae-50 (vitamine C stable) : ingr\u00e9dient d\u00e9pigmentant aux effets antiradicalaires, connu pour son pouvoir d\u2019am\u00e9lioration de l\u2019\u00e9lasticit\u00e9 et de la fermet\u00e9 de la peau.<br \/>\nVitamine E : ingr\u00e9dient d\u00e9pigmentant aux effets hydratants et antiradicalaires pour prot\u00e9ger la peau du photo-vieillissement.<br \/>\nAgents hydratants.<br \/>\nBio-Taches\u00ae S\u00e9rum est un soin novateur et r\u00e9ellement efficace pour lutter contre les t\u00e2ches brunes sur la surface de la peau.<br \/>\nIndications :<br \/>\nPour le traitement des taches brunes et de l&rsquo;hyperpigmentation cutan\u00e9.<br \/>\nMade in France<br \/>\nConseils d&rsquo;utilisation :<br \/>\nAppliquer Bio-Taches\u00ae Serum une fois par jour, de pr\u00e9f\u00e9rence le soir, avant votre soin hydratant.<br \/>\nL&rsquo;action d\u00e9pigmentante peut \u00eatre compl\u00e9t\u00e9e en appliquant quotidiennement Bio-Taches\u00ae Emulsion (en soin de jour), Bio-Taches\u00ae Solaire en cas d&rsquo;exposition au soleil et deux fois par semaine Bio-Taches\u00ae Masque (masque pelliculable) pour unifier le teint.<br \/>\nTenir hors de port\u00e9e des enfants.\u00a0<br \/>\nUsage externe<br \/>\nComposition :<br \/>\nFormule INCI : Aqua, Niacinamide, Squalane, Glycerin, Sodium Ascorbyl Phosphate, Ceteareth-20, Glyceryl Stearate, Undecylenoyl Phenylalanine, Hydrogenated Starch Hydrolysate, Tromethamine, Carbomer, Vitis Vinifera Fruit Extract, Phenoxyethanol, Tocopheryl Acetate, Butylene Glycol, Saxifraga Sarmentosa Extract, Xanthan Gum, Glycine Soja Oil, Sorbic Acid, Disodium EDTA, Pentylene Glycol, Sodium Metabisulfite, Sodium Sulfite, Biosaccharide Gum-1, Diazolidinyl Urea, Scutellaria Baicalensis Extract, Retinol, Morus Bombycis Root Extract, Acacia Senegal Gum, Tocopherol, Propylene Glycol Alginate<br \/>\nLa composition peut \u00eatre soumise \u00e0 des variations, nous vous conseillons de toujours v\u00e9rifier la liste figurant sur le produit achet\u00e9.<\/p>\n","protected":false},"excerpt":{"rendered":"<p>Bio Taches<br \/>\nS\u00e9rum de nuit intense d\u00e9pigmentant<br \/>\nCorriger l&rsquo;hyperpigmentation pour \u00e9claircir les taches brunes et r\u00e9duire leur taille!<br \/>\nBio-Taches\u00ae S\u00e9rum est un soin novateur et r\u00e9ellement efficace pour lutter contre les t\u00e2ches brunes sur la surface de la peau.<br \/>\nConditionnement : flacon de 30ml<\/p>\n","protected":false},"featured_media":1115,"comment_status":"open","ping_status":"closed","template":"","meta":[],"pwb-brand":[121],"product_cat":[125],"product_tag":[],"class_list":{"0":"post-1088","1":"product","2":"type-product","3":"status-publish","4":"has-post-thumbnail","6":"pwb-brand-bio-tache","7":"product_cat-soins-anti-taches","8":"post","9":"ws-product--style-1","11":"first","12":"instock","13":"shipping-taxable","14":"purchasable","15":"product-type-simple"},"yoast_head":"<!-- This site is optimized with the Yoast SEO plugin v23.0 - https:\/\/yoast.com\/wordpress\/plugins\/seo\/ -->\n<title>S\u00e9rum de nuit intense d\u00e9pigmentant - Bio Taches - 30ml - OrthoPara<\/title>\n<meta name=\"robots\" content=\"index, follow, max-snippet:-1, max-image-preview:large, max-video-preview:-1\" \/>\n<link rel=\"canonical\" href=\"https:\/\/orthopara.store\/index.php\/produit\/serum-de-nuit-intense-depigmentant-bio-taches-30ml\/\" \/>\n<meta property=\"og:locale\" content=\"fr_FR\" \/>\n<meta property=\"og:type\" content=\"article\" \/>\n<meta property=\"og:title\" content=\"S\u00e9rum de nuit intense d\u00e9pigmentant - Bio Taches - 30ml - OrthoPara\" \/>\n<meta property=\"og:description\" content=\"Bio Taches S\u00e9rum de nuit intense d\u00e9pigmentant Corriger l&#039;hyperpigmentation pour \u00e9claircir les taches brunes et r\u00e9duire leur taille! Bio-Taches\u00ae S\u00e9rum est un soin novateur et r\u00e9ellement efficace pour lutter contre les t\u00e2ches brunes sur la surface de la peau. Conditionnement : flacon de 30ml\" \/>\n<meta property=\"og:url\" content=\"https:\/\/orthopara.store\/index.php\/produit\/serum-de-nuit-intense-depigmentant-bio-taches-30ml\/\" \/>\n<meta property=\"og:site_name\" content=\"OrthoPara\" \/>\n<meta property=\"article:publisher\" content=\"https:\/\/www.facebook.com\/profile.php?id=61561194315651\" \/>\n<meta property=\"article:modified_time\" content=\"2024-06-28T13:51:41+00:00\" \/>\n<meta property=\"og:image\" content=\"https:\/\/orthopara.store\/wp-content\/uploads\/2024\/06\/serum-de-nuit-intense-depigmentant-bio-taches-30ml.jpg\" \/>\n\t<meta property=\"og:image:width\" content=\"800\" \/>\n\t<meta property=\"og:image:height\" content=\"800\" \/>\n\t<meta property=\"og:image:type\" content=\"image\/jpeg\" \/>\n<meta name=\"twitter:card\" content=\"summary_large_image\" \/>\n<meta name=\"twitter:label1\" content=\"Dur\u00e9e de lecture estim\u00e9e\" \/>\n\t<meta name=\"twitter:data1\" content=\"2 minutes\" \/>\n<script type=\"application\/ld+json\" class=\"yoast-schema-graph\">{\"@context\":\"https:\/\/schema.org\",\"@graph\":[{\"@type\":\"WebPage\",\"@id\":\"https:\/\/orthopara.store\/index.php\/produit\/serum-de-nuit-intense-depigmentant-bio-taches-30ml\/\",\"url\":\"https:\/\/orthopara.store\/index.php\/produit\/serum-de-nuit-intense-depigmentant-bio-taches-30ml\/\",\"name\":\"S\u00e9rum de nuit intense d\u00e9pigmentant - Bio Taches - 30ml - OrthoPara\",\"isPartOf\":{\"@id\":\"https:\/\/orthopara.store\/#website\"},\"primaryImageOfPage\":{\"@id\":\"https:\/\/orthopara.store\/index.php\/produit\/serum-de-nuit-intense-depigmentant-bio-taches-30ml\/#primaryimage\"},\"image\":{\"@id\":\"https:\/\/orthopara.store\/index.php\/produit\/serum-de-nuit-intense-depigmentant-bio-taches-30ml\/#primaryimage\"},\"thumbnailUrl\":\"https:\/\/orthopara.store\/wp-content\/uploads\/2024\/06\/serum-de-nuit-intense-depigmentant-bio-taches-30ml.jpg\",\"datePublished\":\"2024-06-28T13:51:32+00:00\",\"dateModified\":\"2024-06-28T13:51:41+00:00\",\"breadcrumb\":{\"@id\":\"https:\/\/orthopara.store\/index.php\/produit\/serum-de-nuit-intense-depigmentant-bio-taches-30ml\/#breadcrumb\"},\"inLanguage\":\"fr-FR\",\"potentialAction\":[{\"@type\":\"ReadAction\",\"target\":[\"https:\/\/orthopara.store\/index.php\/produit\/serum-de-nuit-intense-depigmentant-bio-taches-30ml\/\"]}]},{\"@type\":\"ImageObject\",\"inLanguage\":\"fr-FR\",\"@id\":\"https:\/\/orthopara.store\/index.php\/produit\/serum-de-nuit-intense-depigmentant-bio-taches-30ml\/#primaryimage\",\"url\":\"https:\/\/orthopara.store\/wp-content\/uploads\/2024\/06\/serum-de-nuit-intense-depigmentant-bio-taches-30ml.jpg\",\"contentUrl\":\"https:\/\/orthopara.store\/wp-content\/uploads\/2024\/06\/serum-de-nuit-intense-depigmentant-bio-taches-30ml.jpg\",\"width\":800,\"height\":800},{\"@type\":\"BreadcrumbList\",\"@id\":\"https:\/\/orthopara.store\/index.php\/produit\/serum-de-nuit-intense-depigmentant-bio-taches-30ml\/#breadcrumb\",\"itemListElement\":[{\"@type\":\"ListItem\",\"position\":1,\"name\":\"Accueil\",\"item\":\"https:\/\/orthopara.store\/\"},{\"@type\":\"ListItem\",\"position\":2,\"name\":\"Shop\",\"item\":\"https:\/\/orthopara.store\/?page_id=622\"},{\"@type\":\"ListItem\",\"position\":3,\"name\":\"S\u00e9rum de nuit intense d\u00e9pigmentant &#8211; Bio Taches &#8211; 30ml\"}]},{\"@type\":\"WebSite\",\"@id\":\"https:\/\/orthopara.store\/#website\",\"url\":\"https:\/\/orthopara.store\/\",\"name\":\"OrthoPara\",\"description\":\"Parapharmacie\",\"publisher\":{\"@id\":\"https:\/\/orthopara.store\/#organization\"},\"potentialAction\":[{\"@type\":\"SearchAction\",\"target\":{\"@type\":\"EntryPoint\",\"urlTemplate\":\"https:\/\/orthopara.store\/?s={search_term_string}\"},\"query-input\":\"required name=search_term_string\"}],\"inLanguage\":\"fr-FR\"},{\"@type\":\"Organization\",\"@id\":\"https:\/\/orthopara.store\/#organization\",\"name\":\"OrthoPara\",\"url\":\"https:\/\/orthopara.store\/\",\"logo\":{\"@type\":\"ImageObject\",\"inLanguage\":\"fr-FR\",\"@id\":\"https:\/\/orthopara.store\/#\/schema\/logo\/image\/\",\"url\":\"https:\/\/orthopara.store\/wp-content\/uploads\/2024\/06\/cropped-9ABA8BAD-6256-4719-9315-15C66E64E882.png\",\"contentUrl\":\"https:\/\/orthopara.store\/wp-content\/uploads\/2024\/06\/cropped-9ABA8BAD-6256-4719-9315-15C66E64E882.png\",\"width\":240,\"height\":72,\"caption\":\"OrthoPara\"},\"image\":{\"@id\":\"https:\/\/orthopara.store\/#\/schema\/logo\/image\/\"},\"sameAs\":[\"https:\/\/www.facebook.com\/profile.php?id=61561194315651\",\"https:\/\/www.instagram.com\/orthopara_tunisie\/\"]}]}<\/script>\n<!-- \/ Yoast SEO plugin. -->","yoast_head_json":{"title":"S\u00e9rum de nuit intense d\u00e9pigmentant - Bio Taches - 30ml - OrthoPara","robots":{"index":"index","follow":"follow","max-snippet":"max-snippet:-1","max-image-preview":"max-image-preview:large","max-video-preview":"max-video-preview:-1"},"canonical":"https:\/\/orthopara.store\/index.php\/produit\/serum-de-nuit-intense-depigmentant-bio-taches-30ml\/","og_locale":"fr_FR","og_type":"article","og_title":"S\u00e9rum de nuit intense d\u00e9pigmentant - Bio Taches - 30ml - OrthoPara","og_description":"Bio Taches S\u00e9rum de nuit intense d\u00e9pigmentant Corriger l'hyperpigmentation pour \u00e9claircir les taches brunes et r\u00e9duire leur taille! Bio-Taches\u00ae S\u00e9rum est un soin novateur et r\u00e9ellement efficace pour lutter contre les t\u00e2ches brunes sur la surface de la peau. Conditionnement : flacon de 30ml","og_url":"https:\/\/orthopara.store\/index.php\/produit\/serum-de-nuit-intense-depigmentant-bio-taches-30ml\/","og_site_name":"OrthoPara","article_publisher":"https:\/\/www.facebook.com\/profile.php?id=61561194315651","article_modified_time":"2024-06-28T13:51:41+00:00","og_image":[{"width":800,"height":800,"url":"https:\/\/orthopara.store\/wp-content\/uploads\/2024\/06\/serum-de-nuit-intense-depigmentant-bio-taches-30ml.jpg","type":"image\/jpeg"}],"twitter_card":"summary_large_image","twitter_misc":{"Dur\u00e9e de lecture estim\u00e9e":"2 minutes"},"schema":{"@context":"https:\/\/schema.org","@graph":[{"@type":"WebPage","@id":"https:\/\/orthopara.store\/index.php\/produit\/serum-de-nuit-intense-depigmentant-bio-taches-30ml\/","url":"https:\/\/orthopara.store\/index.php\/produit\/serum-de-nuit-intense-depigmentant-bio-taches-30ml\/","name":"S\u00e9rum de nuit intense d\u00e9pigmentant - Bio Taches - 30ml - OrthoPara","isPartOf":{"@id":"https:\/\/orthopara.store\/#website"},"primaryImageOfPage":{"@id":"https:\/\/orthopara.store\/index.php\/produit\/serum-de-nuit-intense-depigmentant-bio-taches-30ml\/#primaryimage"},"image":{"@id":"https:\/\/orthopara.store\/index.php\/produit\/serum-de-nuit-intense-depigmentant-bio-taches-30ml\/#primaryimage"},"thumbnailUrl":"https:\/\/orthopara.store\/wp-content\/uploads\/2024\/06\/serum-de-nuit-intense-depigmentant-bio-taches-30ml.jpg","datePublished":"2024-06-28T13:51:32+00:00","dateModified":"2024-06-28T13:51:41+00:00","breadcrumb":{"@id":"https:\/\/orthopara.store\/index.php\/produit\/serum-de-nuit-intense-depigmentant-bio-taches-30ml\/#breadcrumb"},"inLanguage":"fr-FR","potentialAction":[{"@type":"ReadAction","target":["https:\/\/orthopara.store\/index.php\/produit\/serum-de-nuit-intense-depigmentant-bio-taches-30ml\/"]}]},{"@type":"ImageObject","inLanguage":"fr-FR","@id":"https:\/\/orthopara.store\/index.php\/produit\/serum-de-nuit-intense-depigmentant-bio-taches-30ml\/#primaryimage","url":"https:\/\/orthopara.store\/wp-content\/uploads\/2024\/06\/serum-de-nuit-intense-depigmentant-bio-taches-30ml.jpg","contentUrl":"https:\/\/orthopara.store\/wp-content\/uploads\/2024\/06\/serum-de-nuit-intense-depigmentant-bio-taches-30ml.jpg","width":800,"height":800},{"@type":"BreadcrumbList","@id":"https:\/\/orthopara.store\/index.php\/produit\/serum-de-nuit-intense-depigmentant-bio-taches-30ml\/#breadcrumb","itemListElement":[{"@type":"ListItem","position":1,"name":"Accueil","item":"https:\/\/orthopara.store\/"},{"@type":"ListItem","position":2,"name":"Shop","item":"https:\/\/orthopara.store\/?page_id=622"},{"@type":"ListItem","position":3,"name":"S\u00e9rum de nuit intense d\u00e9pigmentant &#8211; Bio Taches &#8211; 30ml"}]},{"@type":"WebSite","@id":"https:\/\/orthopara.store\/#website","url":"https:\/\/orthopara.store\/","name":"OrthoPara","description":"Parapharmacie","publisher":{"@id":"https:\/\/orthopara.store\/#organization"},"potentialAction":[{"@type":"SearchAction","target":{"@type":"EntryPoint","urlTemplate":"https:\/\/orthopara.store\/?s={search_term_string}"},"query-input":"required name=search_term_string"}],"inLanguage":"fr-FR"},{"@type":"Organization","@id":"https:\/\/orthopara.store\/#organization","name":"OrthoPara","url":"https:\/\/orthopara.store\/","logo":{"@type":"ImageObject","inLanguage":"fr-FR","@id":"https:\/\/orthopara.store\/#\/schema\/logo\/image\/","url":"https:\/\/orthopara.store\/wp-content\/uploads\/2024\/06\/cropped-9ABA8BAD-6256-4719-9315-15C66E64E882.png","contentUrl":"https:\/\/orthopara.store\/wp-content\/uploads\/2024\/06\/cropped-9ABA8BAD-6256-4719-9315-15C66E64E882.png","width":240,"height":72,"caption":"OrthoPara"},"image":{"@id":"https:\/\/orthopara.store\/#\/schema\/logo\/image\/"},"sameAs":["https:\/\/www.facebook.com\/profile.php?id=61561194315651","https:\/\/www.instagram.com\/orthopara_tunisie\/"]}]}},"jetpack_sharing_enabled":true,"brands":[{"id":121,"name":"BIO-TACHE","slug":"bio-tache"}],"_links":{"self":[{"href":"https:\/\/orthopara.store\/index.php?rest_route=\/wp\/v2\/product\/1088","targetHints":{"allow":["GET"]}}],"collection":[{"href":"https:\/\/orthopara.store\/index.php?rest_route=\/wp\/v2\/product"}],"about":[{"href":"https:\/\/orthopara.store\/index.php?rest_route=\/wp\/v2\/types\/product"}],"replies":[{"embeddable":true,"href":"https:\/\/orthopara.store\/index.php?rest_route=%2Fwp%2Fv2%2Fcomments&post=1088"}],"wp:featuredmedia":[{"embeddable":true,"href":"https:\/\/orthopara.store\/index.php?rest_route=\/wp\/v2\/media\/1115"}],"wp:attachment":[{"href":"https:\/\/orthopara.store\/index.php?rest_route=%2Fwp%2Fv2%2Fmedia&parent=1088"}],"wp:term":[{"taxonomy":"pwb-brand","embeddable":true,"href":"https:\/\/orthopara.store\/index.php?rest_route=%2Fwp%2Fv2%2Fpwb-brand&post=1088"},{"taxonomy":"product_cat","embeddable":true,"href":"https:\/\/orthopara.store\/index.php?rest_route=%2Fwp%2Fv2%2Fproduct_cat&post=1088"},{"taxonomy":"product_tag","embeddable":true,"href":"https:\/\/orthopara.store\/index.php?rest_route=%2Fwp%2Fv2%2Fproduct_tag&post=1088"}],"curies":[{"name":"wp","href":"https:\/\/api.w.org\/{rel}","templated":true}]}}