{"id":1089,"date":"2024-06-28T15:51:32","date_gmt":"2024-06-28T13:51:32","guid":{"rendered":"https:\/\/orthopara.store\/?post_type=product&#038;p=1089"},"modified":"2024-06-28T15:51:42","modified_gmt":"2024-06-28T13:51:42","slug":"emulsion-anti-taches-depigmentante-bio-taches-30ml","status":"publish","type":"product","link":"https:\/\/orthopara.store\/?product=emulsion-anti-taches-depigmentante-bio-taches-30ml","title":{"rendered":"Emulsion anti-t\u00e2ches d\u00e9pigmentante &#8211; Bio Taches &#8211; 30ml"},"content":{"rendered":"<p>Emulsion anti-t\u00e2ches d\u00e9pigmentante\u00a0 &#8211; Bio Taches &#8211; 30ml<br \/>\nContr\u00f4ler la production de m\u00e9lanine et le degr\u00e9 d&rsquo;hydratation de votre peau.<br \/>\nBio-Taches\u00ae Emulsion est un soin apportant une solution pour la prise en charge des t\u00e2ches brunes et de l&rsquo;hyperpigmentation cutan\u00e9e, notamment dans les cas suivants : M\u00e9lasma (masque de grossesse), dyschromie (taches de vieillesse), lentigo solaire, marques cicatricielles post-inflammatoires (acn\u00e9,\u2026).<br \/>\nBio-Taches\u00ae Emulsion hydrate activement la peau tout en r\u00e9duisant les taches brunes et en pr\u00e9venant leur r\u00e9apparition. Ce soin unifie et \u00e9claircit \u00e9galement le teint.\u00a0<br \/>\nIngr\u00e9dients actif :<br \/>\nBioWhite\u2122 : une combinaison d&rsquo;extraits de plantes aux effets d\u00e9pigmentants et antiradicalaires, qui stimule la production de collag\u00e8ne.<br \/>\nAzeloglycina\u00ae : contient de l\u2019acide az\u00e9la\u00efque, un agent d\u00e9pigmentant.<br \/>\nAgents hydratants (notamment huile de noix de coco et huile de noyaux d\u2019abricot).<br \/>\nBio-Taches\u00ae Emulsion est un soin novateur et r\u00e9ellement efficace pour lutter contre les t\u00e2ches brunes sur la surface de la peau.<br \/>\nIndications :<br \/>\nPour le traitement des taches brunes et de l&rsquo;hyperpigmentation cutan\u00e9.<br \/>\nMade in France<br \/>\nConseils d&rsquo;utilisation :<br \/>\nAppliquer Bio-Taches\u00ae Emulsion sur toutes les taches brunes (visage, cou, poitrine et mains), le matin avant le maquillage et le soir apr\u00e8s avoir nettoy\u00e9 votre peau.<br \/>\nL&rsquo;action d\u00e9pigmentante peut \u00eatre compl\u00e9t\u00e9e en appliquant quotidiennement Bio-Taches\u00ae Serum (en soin de nuit), Bio-Taches\u00ae Solaire en cas d&rsquo;exposition au soleil et deux fois par semaine Bio-Taches\u00ae Masque (masque pelliculable) pour unifier le teint.<br \/>\nTenir hors de port\u00e9e des enfants.\u00a0<br \/>\nUsage externe<br \/>\nComposition :<br \/>\nFormule INCI : Aqua, Butylene Glycol, Hydrogenated Coconut Oil, Ceteareth-20, Cetyl Alcohol, Prunus Armeniaca Kernel Oil, Squalane, Glyceryl Stearate, Peg-100 Stearate, Ci 77891, Acrylamide\/Sodium Acryloyldimethyltaurate Copolymer, Citrus Aurantium Dulcis Fruit Extract, Phenoxyethanol, Triethanolamine, Octyldodecanol, Potassium Azeloyl Diglycinate, C13-14 Isoparaffin, Lactic Acid, Laureth-7, Vitis Vinifera Fruit Extract, Disodium Edta, Sodium Hydroxide, Sodium Metabisulfite, Sodium Sulfite, Camellia Sinensis Leaf Extract, Morus Bombycis Root Extract, Scutellaria Baicalensis Extract, Glycerin, Saxifraga Sarmentosa Extract, Citric Acid, Malic Acid, Limonene, Ci 19140, Sodium Dehydroacetate, Potassium Sorbate, Ci 14700<br \/>\nLa composition peut \u00eatre soumise \u00e0 des variations, nous vous conseillons de toujours v\u00e9rifier la liste figurant sur le produit achet\u00e9.<\/p>\n","protected":false},"excerpt":{"rendered":"<p>Bio Taches<br \/>\nEmulsion Anti -t\u00e2ches<br \/>\nContr\u00f4ler la production de m\u00e9lanine et le degr\u00e9 d&rsquo;hydratation de votre peau!<br \/>\nBio-Taches\u00ae Emulsion est un soin novateur et r\u00e9ellement efficace pour lutter contre les t\u00e2ches brunes sur la surface de la peau.<br \/>\nConditionnement : tube de 30ml<\/p>\n","protected":false},"featured_media":1116,"comment_status":"open","ping_status":"closed","template":"","meta":[],"pwb-brand":[121],"product_cat":[125],"product_tag":[],"class_list":{"0":"post-1089","1":"product","2":"type-product","3":"status-publish","4":"has-post-thumbnail","6":"pwb-brand-bio-tache","7":"product_cat-soins-anti-taches","8":"post","9":"ws-product--style-1","11":"first","12":"instock","13":"shipping-taxable","14":"purchasable","15":"product-type-simple"},"yoast_head":"<!-- This site is optimized with the Yoast SEO plugin v23.0 - https:\/\/yoast.com\/wordpress\/plugins\/seo\/ -->\n<title>Emulsion anti-t\u00e2ches d\u00e9pigmentante - Bio Taches - 30ml - OrthoPara<\/title>\n<meta name=\"robots\" content=\"index, follow, max-snippet:-1, max-image-preview:large, max-video-preview:-1\" \/>\n<link rel=\"canonical\" href=\"https:\/\/orthopara.store\/index.php\/produit\/emulsion-anti-taches-depigmentante-bio-taches-30ml\/\" \/>\n<meta property=\"og:locale\" content=\"fr_FR\" \/>\n<meta property=\"og:type\" content=\"article\" \/>\n<meta property=\"og:title\" content=\"Emulsion anti-t\u00e2ches d\u00e9pigmentante - Bio Taches - 30ml - OrthoPara\" \/>\n<meta property=\"og:description\" content=\"Bio Taches Emulsion Anti -t\u00e2ches Contr\u00f4ler la production de m\u00e9lanine et le degr\u00e9 d&#039;hydratation de votre peau! Bio-Taches\u00ae Emulsion est un soin novateur et r\u00e9ellement efficace pour lutter contre les t\u00e2ches brunes sur la surface de la peau. Conditionnement : tube de 30ml\" \/>\n<meta property=\"og:url\" content=\"https:\/\/orthopara.store\/index.php\/produit\/emulsion-anti-taches-depigmentante-bio-taches-30ml\/\" \/>\n<meta property=\"og:site_name\" content=\"OrthoPara\" \/>\n<meta property=\"article:publisher\" content=\"https:\/\/www.facebook.com\/profile.php?id=61561194315651\" \/>\n<meta property=\"article:modified_time\" content=\"2024-06-28T13:51:42+00:00\" \/>\n<meta property=\"og:image\" content=\"https:\/\/orthopara.store\/wp-content\/uploads\/2024\/06\/emulsion-anti-taches-depigmentante-bio-taches-30ml.jpg\" \/>\n\t<meta property=\"og:image:width\" content=\"800\" \/>\n\t<meta property=\"og:image:height\" content=\"800\" \/>\n\t<meta property=\"og:image:type\" content=\"image\/jpeg\" \/>\n<meta name=\"twitter:card\" content=\"summary_large_image\" \/>\n<meta name=\"twitter:label1\" content=\"Dur\u00e9e de lecture estim\u00e9e\" \/>\n\t<meta name=\"twitter:data1\" content=\"2 minutes\" \/>\n<script type=\"application\/ld+json\" class=\"yoast-schema-graph\">{\"@context\":\"https:\/\/schema.org\",\"@graph\":[{\"@type\":\"WebPage\",\"@id\":\"https:\/\/orthopara.store\/index.php\/produit\/emulsion-anti-taches-depigmentante-bio-taches-30ml\/\",\"url\":\"https:\/\/orthopara.store\/index.php\/produit\/emulsion-anti-taches-depigmentante-bio-taches-30ml\/\",\"name\":\"Emulsion anti-t\u00e2ches d\u00e9pigmentante - Bio Taches - 30ml - OrthoPara\",\"isPartOf\":{\"@id\":\"https:\/\/orthopara.store\/#website\"},\"primaryImageOfPage\":{\"@id\":\"https:\/\/orthopara.store\/index.php\/produit\/emulsion-anti-taches-depigmentante-bio-taches-30ml\/#primaryimage\"},\"image\":{\"@id\":\"https:\/\/orthopara.store\/index.php\/produit\/emulsion-anti-taches-depigmentante-bio-taches-30ml\/#primaryimage\"},\"thumbnailUrl\":\"https:\/\/orthopara.store\/wp-content\/uploads\/2024\/06\/emulsion-anti-taches-depigmentante-bio-taches-30ml.jpg\",\"datePublished\":\"2024-06-28T13:51:32+00:00\",\"dateModified\":\"2024-06-28T13:51:42+00:00\",\"breadcrumb\":{\"@id\":\"https:\/\/orthopara.store\/index.php\/produit\/emulsion-anti-taches-depigmentante-bio-taches-30ml\/#breadcrumb\"},\"inLanguage\":\"fr-FR\",\"potentialAction\":[{\"@type\":\"ReadAction\",\"target\":[\"https:\/\/orthopara.store\/index.php\/produit\/emulsion-anti-taches-depigmentante-bio-taches-30ml\/\"]}]},{\"@type\":\"ImageObject\",\"inLanguage\":\"fr-FR\",\"@id\":\"https:\/\/orthopara.store\/index.php\/produit\/emulsion-anti-taches-depigmentante-bio-taches-30ml\/#primaryimage\",\"url\":\"https:\/\/orthopara.store\/wp-content\/uploads\/2024\/06\/emulsion-anti-taches-depigmentante-bio-taches-30ml.jpg\",\"contentUrl\":\"https:\/\/orthopara.store\/wp-content\/uploads\/2024\/06\/emulsion-anti-taches-depigmentante-bio-taches-30ml.jpg\",\"width\":800,\"height\":800},{\"@type\":\"BreadcrumbList\",\"@id\":\"https:\/\/orthopara.store\/index.php\/produit\/emulsion-anti-taches-depigmentante-bio-taches-30ml\/#breadcrumb\",\"itemListElement\":[{\"@type\":\"ListItem\",\"position\":1,\"name\":\"Accueil\",\"item\":\"https:\/\/orthopara.store\/\"},{\"@type\":\"ListItem\",\"position\":2,\"name\":\"Shop\",\"item\":\"https:\/\/orthopara.store\/?page_id=622\"},{\"@type\":\"ListItem\",\"position\":3,\"name\":\"Emulsion anti-t\u00e2ches d\u00e9pigmentante &#8211; Bio Taches &#8211; 30ml\"}]},{\"@type\":\"WebSite\",\"@id\":\"https:\/\/orthopara.store\/#website\",\"url\":\"https:\/\/orthopara.store\/\",\"name\":\"OrthoPara\",\"description\":\"Parapharmacie\",\"publisher\":{\"@id\":\"https:\/\/orthopara.store\/#organization\"},\"potentialAction\":[{\"@type\":\"SearchAction\",\"target\":{\"@type\":\"EntryPoint\",\"urlTemplate\":\"https:\/\/orthopara.store\/?s={search_term_string}\"},\"query-input\":\"required name=search_term_string\"}],\"inLanguage\":\"fr-FR\"},{\"@type\":\"Organization\",\"@id\":\"https:\/\/orthopara.store\/#organization\",\"name\":\"OrthoPara\",\"url\":\"https:\/\/orthopara.store\/\",\"logo\":{\"@type\":\"ImageObject\",\"inLanguage\":\"fr-FR\",\"@id\":\"https:\/\/orthopara.store\/#\/schema\/logo\/image\/\",\"url\":\"https:\/\/orthopara.store\/wp-content\/uploads\/2024\/06\/cropped-9ABA8BAD-6256-4719-9315-15C66E64E882.png\",\"contentUrl\":\"https:\/\/orthopara.store\/wp-content\/uploads\/2024\/06\/cropped-9ABA8BAD-6256-4719-9315-15C66E64E882.png\",\"width\":240,\"height\":72,\"caption\":\"OrthoPara\"},\"image\":{\"@id\":\"https:\/\/orthopara.store\/#\/schema\/logo\/image\/\"},\"sameAs\":[\"https:\/\/www.facebook.com\/profile.php?id=61561194315651\",\"https:\/\/www.instagram.com\/orthopara_tunisie\/\"]}]}<\/script>\n<!-- \/ Yoast SEO plugin. -->","yoast_head_json":{"title":"Emulsion anti-t\u00e2ches d\u00e9pigmentante - Bio Taches - 30ml - OrthoPara","robots":{"index":"index","follow":"follow","max-snippet":"max-snippet:-1","max-image-preview":"max-image-preview:large","max-video-preview":"max-video-preview:-1"},"canonical":"https:\/\/orthopara.store\/index.php\/produit\/emulsion-anti-taches-depigmentante-bio-taches-30ml\/","og_locale":"fr_FR","og_type":"article","og_title":"Emulsion anti-t\u00e2ches d\u00e9pigmentante - Bio Taches - 30ml - OrthoPara","og_description":"Bio Taches Emulsion Anti -t\u00e2ches Contr\u00f4ler la production de m\u00e9lanine et le degr\u00e9 d'hydratation de votre peau! Bio-Taches\u00ae Emulsion est un soin novateur et r\u00e9ellement efficace pour lutter contre les t\u00e2ches brunes sur la surface de la peau. Conditionnement : tube de 30ml","og_url":"https:\/\/orthopara.store\/index.php\/produit\/emulsion-anti-taches-depigmentante-bio-taches-30ml\/","og_site_name":"OrthoPara","article_publisher":"https:\/\/www.facebook.com\/profile.php?id=61561194315651","article_modified_time":"2024-06-28T13:51:42+00:00","og_image":[{"width":800,"height":800,"url":"https:\/\/orthopara.store\/wp-content\/uploads\/2024\/06\/emulsion-anti-taches-depigmentante-bio-taches-30ml.jpg","type":"image\/jpeg"}],"twitter_card":"summary_large_image","twitter_misc":{"Dur\u00e9e de lecture estim\u00e9e":"2 minutes"},"schema":{"@context":"https:\/\/schema.org","@graph":[{"@type":"WebPage","@id":"https:\/\/orthopara.store\/index.php\/produit\/emulsion-anti-taches-depigmentante-bio-taches-30ml\/","url":"https:\/\/orthopara.store\/index.php\/produit\/emulsion-anti-taches-depigmentante-bio-taches-30ml\/","name":"Emulsion anti-t\u00e2ches d\u00e9pigmentante - Bio Taches - 30ml - OrthoPara","isPartOf":{"@id":"https:\/\/orthopara.store\/#website"},"primaryImageOfPage":{"@id":"https:\/\/orthopara.store\/index.php\/produit\/emulsion-anti-taches-depigmentante-bio-taches-30ml\/#primaryimage"},"image":{"@id":"https:\/\/orthopara.store\/index.php\/produit\/emulsion-anti-taches-depigmentante-bio-taches-30ml\/#primaryimage"},"thumbnailUrl":"https:\/\/orthopara.store\/wp-content\/uploads\/2024\/06\/emulsion-anti-taches-depigmentante-bio-taches-30ml.jpg","datePublished":"2024-06-28T13:51:32+00:00","dateModified":"2024-06-28T13:51:42+00:00","breadcrumb":{"@id":"https:\/\/orthopara.store\/index.php\/produit\/emulsion-anti-taches-depigmentante-bio-taches-30ml\/#breadcrumb"},"inLanguage":"fr-FR","potentialAction":[{"@type":"ReadAction","target":["https:\/\/orthopara.store\/index.php\/produit\/emulsion-anti-taches-depigmentante-bio-taches-30ml\/"]}]},{"@type":"ImageObject","inLanguage":"fr-FR","@id":"https:\/\/orthopara.store\/index.php\/produit\/emulsion-anti-taches-depigmentante-bio-taches-30ml\/#primaryimage","url":"https:\/\/orthopara.store\/wp-content\/uploads\/2024\/06\/emulsion-anti-taches-depigmentante-bio-taches-30ml.jpg","contentUrl":"https:\/\/orthopara.store\/wp-content\/uploads\/2024\/06\/emulsion-anti-taches-depigmentante-bio-taches-30ml.jpg","width":800,"height":800},{"@type":"BreadcrumbList","@id":"https:\/\/orthopara.store\/index.php\/produit\/emulsion-anti-taches-depigmentante-bio-taches-30ml\/#breadcrumb","itemListElement":[{"@type":"ListItem","position":1,"name":"Accueil","item":"https:\/\/orthopara.store\/"},{"@type":"ListItem","position":2,"name":"Shop","item":"https:\/\/orthopara.store\/?page_id=622"},{"@type":"ListItem","position":3,"name":"Emulsion anti-t\u00e2ches d\u00e9pigmentante &#8211; Bio Taches &#8211; 30ml"}]},{"@type":"WebSite","@id":"https:\/\/orthopara.store\/#website","url":"https:\/\/orthopara.store\/","name":"OrthoPara","description":"Parapharmacie","publisher":{"@id":"https:\/\/orthopara.store\/#organization"},"potentialAction":[{"@type":"SearchAction","target":{"@type":"EntryPoint","urlTemplate":"https:\/\/orthopara.store\/?s={search_term_string}"},"query-input":"required name=search_term_string"}],"inLanguage":"fr-FR"},{"@type":"Organization","@id":"https:\/\/orthopara.store\/#organization","name":"OrthoPara","url":"https:\/\/orthopara.store\/","logo":{"@type":"ImageObject","inLanguage":"fr-FR","@id":"https:\/\/orthopara.store\/#\/schema\/logo\/image\/","url":"https:\/\/orthopara.store\/wp-content\/uploads\/2024\/06\/cropped-9ABA8BAD-6256-4719-9315-15C66E64E882.png","contentUrl":"https:\/\/orthopara.store\/wp-content\/uploads\/2024\/06\/cropped-9ABA8BAD-6256-4719-9315-15C66E64E882.png","width":240,"height":72,"caption":"OrthoPara"},"image":{"@id":"https:\/\/orthopara.store\/#\/schema\/logo\/image\/"},"sameAs":["https:\/\/www.facebook.com\/profile.php?id=61561194315651","https:\/\/www.instagram.com\/orthopara_tunisie\/"]}]}},"jetpack_sharing_enabled":true,"brands":[{"id":121,"name":"BIO-TACHE","slug":"bio-tache"}],"_links":{"self":[{"href":"https:\/\/orthopara.store\/index.php?rest_route=\/wp\/v2\/product\/1089","targetHints":{"allow":["GET"]}}],"collection":[{"href":"https:\/\/orthopara.store\/index.php?rest_route=\/wp\/v2\/product"}],"about":[{"href":"https:\/\/orthopara.store\/index.php?rest_route=\/wp\/v2\/types\/product"}],"replies":[{"embeddable":true,"href":"https:\/\/orthopara.store\/index.php?rest_route=%2Fwp%2Fv2%2Fcomments&post=1089"}],"wp:featuredmedia":[{"embeddable":true,"href":"https:\/\/orthopara.store\/index.php?rest_route=\/wp\/v2\/media\/1116"}],"wp:attachment":[{"href":"https:\/\/orthopara.store\/index.php?rest_route=%2Fwp%2Fv2%2Fmedia&parent=1089"}],"wp:term":[{"taxonomy":"pwb-brand","embeddable":true,"href":"https:\/\/orthopara.store\/index.php?rest_route=%2Fwp%2Fv2%2Fpwb-brand&post=1089"},{"taxonomy":"product_cat","embeddable":true,"href":"https:\/\/orthopara.store\/index.php?rest_route=%2Fwp%2Fv2%2Fproduct_cat&post=1089"},{"taxonomy":"product_tag","embeddable":true,"href":"https:\/\/orthopara.store\/index.php?rest_route=%2Fwp%2Fv2%2Fproduct_tag&post=1089"}],"curies":[{"name":"wp","href":"https:\/\/api.w.org\/{rel}","templated":true}]}}