{"id":1091,"date":"2024-06-28T15:51:32","date_gmt":"2024-06-28T13:51:32","guid":{"rendered":"https:\/\/orthopara.store\/?post_type=product&#038;p=1091"},"modified":"2024-06-28T15:51:43","modified_gmt":"2024-06-28T13:51:43","slug":"creme-solaire-anti-taches-eucerin-pigment-control-50ml","status":"publish","type":"product","link":"https:\/\/orthopara.store\/?product=creme-solaire-anti-taches-eucerin-pigment-control-50ml","title":{"rendered":"Cr\u00e8me solaire anti-t\u00e2ches &#8211; Eucerin Pigment control &#8211; 50ml"},"content":{"rendered":"<p>Cr\u00e8me solaire anti-t\u00e2ches &#8211; Eucerin Pigment control &#8211; 50ml<br \/>\nEucerin Pigment Control Fluid SPF 50+ est une tr\u00e8s\u00a0haute protection solaire\u00a0pour le\u00a0visage\u00a0\u00e0 utiliser quotidiennement. Au fil du temps, cette\u00a0protection solaire\u00a0aide \u00e0 pr\u00e9venir et r\u00e9duire l&rsquo;hyperpigmentation\u00a0induite par le\u00a0soleil\u00a0et emp\u00eache sa r\u00e9apparition. Gr\u00e2ce \u00e0 sa formule enrichie de Thiamidol et de\u00a0filtres UVA \/ UVB, la\u00a0peau\u00a0est efficacement\u00a0prot\u00e9g\u00e9e.<br \/>\nPropri\u00e9t\u00e9s :<br \/>\ntexture l\u00e9g\u00e8re<br \/>\nnon collant<br \/>\nnon gras<br \/>\np\u00e9n\u00e9tration rapide<br \/>\nnon com\u00e9dog\u00e8ne<br \/>\nappropri\u00e9 sous le maquillage<br \/>\nConseils d&rsquo;utilisation :<br \/>\nAppliquez cette\u00a0protection solaire\u00a0avant et pendant votre\u00a0exposition au soleil, particuli\u00e8rement lorsque vous vous \u00eates baign\u00e9, essuy\u00e9 ou lorsque vous avez transpir\u00e9.\u00a0 Il faut appliquer g\u00e9n\u00e9reusement et uniform\u00e9ment ce gel cr\u00e8me sur toutes les parties du\u00a0corps\u00a0qui sont expos\u00e9es au\u00a0soleil. Appliquez au maximum 4 fois par jour les produits avec du Thiamidol.\u00a0<br \/>\nComposition :<br \/>\nIngr\u00e9dients INCI :\u00a0Aqua, Alcohol Denat., Butyl Methoxydibenzoylmethane, Ethylhexyl Salicylate, Butylene Glycol Dicaprylate\/Dicaprate, Ethylhexyl Triazone, Bis-Ethylhexyloxyphenol Methoxyphenyl Triazine, Homosalate, Octocrylene, C12-15 Alkyl Benzoate, Cetearyl Alcohol, Phenylbenzimidazole Sulfonic Acid, Tapioca Starch, Isobutylamido Thiazolyl Resorcinol, Glycyrrhetinic Acid, Glycyrrhiza Inflata Root Extract, Glycerin, Tocopherol, Glucosylrutin, Isoquercitrin, Chondrus Crispus Extract, Xanthan Gum, Sodium Stearoyl Glutamate, Glyceryl Stearate, Carbomer, Acrylates\/C10-30 Alkyl Acrylate Crosspolymer, Sodium Chloride, Dimethicone, Trisodium EDTA, Sodium Hydroxide, Phenoxyethanol, Parfum<\/p>\n","protected":false},"excerpt":{"rendered":"<p>Eucerin Pigment control<br \/>\nCr\u00e8me solaire anti-t\u00e2ches<br \/>\nTr\u00e8s haute protection solaire anti-taches pour tous les types de peau. Pr\u00e9vient l&rsquo;hyperpigmentation induite par le soleil, r\u00e9duit efficacement les taches brunes et emp\u00eache leur r\u00e9apparition.<br \/>\nContenance : 50ml<\/p>\n","protected":false},"featured_media":1118,"comment_status":"open","ping_status":"closed","template":"","meta":[],"pwb-brand":[86],"product_cat":[125],"product_tag":[],"class_list":{"0":"post-1091","1":"product","2":"type-product","3":"status-publish","4":"has-post-thumbnail","6":"pwb-brand-eucerin","7":"product_cat-soins-anti-taches","8":"post","9":"ws-product--style-1","11":"first","12":"instock","13":"shipping-taxable","14":"purchasable","15":"product-type-simple"},"yoast_head":"<!-- This site is optimized with the Yoast SEO plugin v23.0 - https:\/\/yoast.com\/wordpress\/plugins\/seo\/ -->\n<title>Cr\u00e8me solaire anti-t\u00e2ches - Eucerin Pigment control - 50ml - OrthoPara<\/title>\n<meta name=\"robots\" content=\"index, follow, max-snippet:-1, max-image-preview:large, max-video-preview:-1\" \/>\n<link rel=\"canonical\" href=\"https:\/\/orthopara.store\/index.php\/produit\/creme-solaire-anti-taches-eucerin-pigment-control-50ml\/\" \/>\n<meta property=\"og:locale\" content=\"fr_FR\" \/>\n<meta property=\"og:type\" content=\"article\" \/>\n<meta property=\"og:title\" content=\"Cr\u00e8me solaire anti-t\u00e2ches - Eucerin Pigment control - 50ml - OrthoPara\" \/>\n<meta property=\"og:description\" content=\"Eucerin Pigment control Cr\u00e8me solaire anti-t\u00e2ches Tr\u00e8s haute protection solaire anti-taches pour tous les types de peau. Pr\u00e9vient l&#039;hyperpigmentation induite par le soleil, r\u00e9duit efficacement les taches brunes et emp\u00eache leur r\u00e9apparition. Contenance : 50ml\" \/>\n<meta property=\"og:url\" content=\"https:\/\/orthopara.store\/index.php\/produit\/creme-solaire-anti-taches-eucerin-pigment-control-50ml\/\" \/>\n<meta property=\"og:site_name\" content=\"OrthoPara\" \/>\n<meta property=\"article:publisher\" content=\"https:\/\/www.facebook.com\/profile.php?id=61561194315651\" \/>\n<meta property=\"article:modified_time\" content=\"2024-06-28T13:51:43+00:00\" \/>\n<meta property=\"og:image\" content=\"https:\/\/orthopara.store\/wp-content\/uploads\/2024\/06\/creme-solaire-anti-taches-eucerin-pigment-control-50ml.jpg\" \/>\n\t<meta property=\"og:image:width\" content=\"800\" \/>\n\t<meta property=\"og:image:height\" content=\"800\" \/>\n\t<meta property=\"og:image:type\" content=\"image\/jpeg\" \/>\n<meta name=\"twitter:card\" content=\"summary_large_image\" \/>\n<meta name=\"twitter:label1\" content=\"Dur\u00e9e de lecture estim\u00e9e\" \/>\n\t<meta name=\"twitter:data1\" content=\"1 minute\" \/>\n<script type=\"application\/ld+json\" class=\"yoast-schema-graph\">{\"@context\":\"https:\/\/schema.org\",\"@graph\":[{\"@type\":\"WebPage\",\"@id\":\"https:\/\/orthopara.store\/index.php\/produit\/creme-solaire-anti-taches-eucerin-pigment-control-50ml\/\",\"url\":\"https:\/\/orthopara.store\/index.php\/produit\/creme-solaire-anti-taches-eucerin-pigment-control-50ml\/\",\"name\":\"Cr\u00e8me solaire anti-t\u00e2ches - Eucerin Pigment control - 50ml - OrthoPara\",\"isPartOf\":{\"@id\":\"https:\/\/orthopara.store\/#website\"},\"primaryImageOfPage\":{\"@id\":\"https:\/\/orthopara.store\/index.php\/produit\/creme-solaire-anti-taches-eucerin-pigment-control-50ml\/#primaryimage\"},\"image\":{\"@id\":\"https:\/\/orthopara.store\/index.php\/produit\/creme-solaire-anti-taches-eucerin-pigment-control-50ml\/#primaryimage\"},\"thumbnailUrl\":\"https:\/\/orthopara.store\/wp-content\/uploads\/2024\/06\/creme-solaire-anti-taches-eucerin-pigment-control-50ml.jpg\",\"datePublished\":\"2024-06-28T13:51:32+00:00\",\"dateModified\":\"2024-06-28T13:51:43+00:00\",\"breadcrumb\":{\"@id\":\"https:\/\/orthopara.store\/index.php\/produit\/creme-solaire-anti-taches-eucerin-pigment-control-50ml\/#breadcrumb\"},\"inLanguage\":\"fr-FR\",\"potentialAction\":[{\"@type\":\"ReadAction\",\"target\":[\"https:\/\/orthopara.store\/index.php\/produit\/creme-solaire-anti-taches-eucerin-pigment-control-50ml\/\"]}]},{\"@type\":\"ImageObject\",\"inLanguage\":\"fr-FR\",\"@id\":\"https:\/\/orthopara.store\/index.php\/produit\/creme-solaire-anti-taches-eucerin-pigment-control-50ml\/#primaryimage\",\"url\":\"https:\/\/orthopara.store\/wp-content\/uploads\/2024\/06\/creme-solaire-anti-taches-eucerin-pigment-control-50ml.jpg\",\"contentUrl\":\"https:\/\/orthopara.store\/wp-content\/uploads\/2024\/06\/creme-solaire-anti-taches-eucerin-pigment-control-50ml.jpg\",\"width\":800,\"height\":800},{\"@type\":\"BreadcrumbList\",\"@id\":\"https:\/\/orthopara.store\/index.php\/produit\/creme-solaire-anti-taches-eucerin-pigment-control-50ml\/#breadcrumb\",\"itemListElement\":[{\"@type\":\"ListItem\",\"position\":1,\"name\":\"Accueil\",\"item\":\"https:\/\/orthopara.store\/\"},{\"@type\":\"ListItem\",\"position\":2,\"name\":\"Shop\",\"item\":\"https:\/\/orthopara.store\/?page_id=622\"},{\"@type\":\"ListItem\",\"position\":3,\"name\":\"Cr\u00e8me solaire anti-t\u00e2ches &#8211; Eucerin Pigment control &#8211; 50ml\"}]},{\"@type\":\"WebSite\",\"@id\":\"https:\/\/orthopara.store\/#website\",\"url\":\"https:\/\/orthopara.store\/\",\"name\":\"OrthoPara\",\"description\":\"Parapharmacie\",\"publisher\":{\"@id\":\"https:\/\/orthopara.store\/#organization\"},\"potentialAction\":[{\"@type\":\"SearchAction\",\"target\":{\"@type\":\"EntryPoint\",\"urlTemplate\":\"https:\/\/orthopara.store\/?s={search_term_string}\"},\"query-input\":\"required name=search_term_string\"}],\"inLanguage\":\"fr-FR\"},{\"@type\":\"Organization\",\"@id\":\"https:\/\/orthopara.store\/#organization\",\"name\":\"OrthoPara\",\"url\":\"https:\/\/orthopara.store\/\",\"logo\":{\"@type\":\"ImageObject\",\"inLanguage\":\"fr-FR\",\"@id\":\"https:\/\/orthopara.store\/#\/schema\/logo\/image\/\",\"url\":\"https:\/\/orthopara.store\/wp-content\/uploads\/2024\/06\/cropped-9ABA8BAD-6256-4719-9315-15C66E64E882.png\",\"contentUrl\":\"https:\/\/orthopara.store\/wp-content\/uploads\/2024\/06\/cropped-9ABA8BAD-6256-4719-9315-15C66E64E882.png\",\"width\":240,\"height\":72,\"caption\":\"OrthoPara\"},\"image\":{\"@id\":\"https:\/\/orthopara.store\/#\/schema\/logo\/image\/\"},\"sameAs\":[\"https:\/\/www.facebook.com\/profile.php?id=61561194315651\",\"https:\/\/www.instagram.com\/orthopara_tunisie\/\"]}]}<\/script>\n<!-- \/ Yoast SEO plugin. -->","yoast_head_json":{"title":"Cr\u00e8me solaire anti-t\u00e2ches - Eucerin Pigment control - 50ml - OrthoPara","robots":{"index":"index","follow":"follow","max-snippet":"max-snippet:-1","max-image-preview":"max-image-preview:large","max-video-preview":"max-video-preview:-1"},"canonical":"https:\/\/orthopara.store\/index.php\/produit\/creme-solaire-anti-taches-eucerin-pigment-control-50ml\/","og_locale":"fr_FR","og_type":"article","og_title":"Cr\u00e8me solaire anti-t\u00e2ches - Eucerin Pigment control - 50ml - OrthoPara","og_description":"Eucerin Pigment control Cr\u00e8me solaire anti-t\u00e2ches Tr\u00e8s haute protection solaire anti-taches pour tous les types de peau. Pr\u00e9vient l'hyperpigmentation induite par le soleil, r\u00e9duit efficacement les taches brunes et emp\u00eache leur r\u00e9apparition. Contenance : 50ml","og_url":"https:\/\/orthopara.store\/index.php\/produit\/creme-solaire-anti-taches-eucerin-pigment-control-50ml\/","og_site_name":"OrthoPara","article_publisher":"https:\/\/www.facebook.com\/profile.php?id=61561194315651","article_modified_time":"2024-06-28T13:51:43+00:00","og_image":[{"width":800,"height":800,"url":"https:\/\/orthopara.store\/wp-content\/uploads\/2024\/06\/creme-solaire-anti-taches-eucerin-pigment-control-50ml.jpg","type":"image\/jpeg"}],"twitter_card":"summary_large_image","twitter_misc":{"Dur\u00e9e de lecture estim\u00e9e":"1 minute"},"schema":{"@context":"https:\/\/schema.org","@graph":[{"@type":"WebPage","@id":"https:\/\/orthopara.store\/index.php\/produit\/creme-solaire-anti-taches-eucerin-pigment-control-50ml\/","url":"https:\/\/orthopara.store\/index.php\/produit\/creme-solaire-anti-taches-eucerin-pigment-control-50ml\/","name":"Cr\u00e8me solaire anti-t\u00e2ches - Eucerin Pigment control - 50ml - OrthoPara","isPartOf":{"@id":"https:\/\/orthopara.store\/#website"},"primaryImageOfPage":{"@id":"https:\/\/orthopara.store\/index.php\/produit\/creme-solaire-anti-taches-eucerin-pigment-control-50ml\/#primaryimage"},"image":{"@id":"https:\/\/orthopara.store\/index.php\/produit\/creme-solaire-anti-taches-eucerin-pigment-control-50ml\/#primaryimage"},"thumbnailUrl":"https:\/\/orthopara.store\/wp-content\/uploads\/2024\/06\/creme-solaire-anti-taches-eucerin-pigment-control-50ml.jpg","datePublished":"2024-06-28T13:51:32+00:00","dateModified":"2024-06-28T13:51:43+00:00","breadcrumb":{"@id":"https:\/\/orthopara.store\/index.php\/produit\/creme-solaire-anti-taches-eucerin-pigment-control-50ml\/#breadcrumb"},"inLanguage":"fr-FR","potentialAction":[{"@type":"ReadAction","target":["https:\/\/orthopara.store\/index.php\/produit\/creme-solaire-anti-taches-eucerin-pigment-control-50ml\/"]}]},{"@type":"ImageObject","inLanguage":"fr-FR","@id":"https:\/\/orthopara.store\/index.php\/produit\/creme-solaire-anti-taches-eucerin-pigment-control-50ml\/#primaryimage","url":"https:\/\/orthopara.store\/wp-content\/uploads\/2024\/06\/creme-solaire-anti-taches-eucerin-pigment-control-50ml.jpg","contentUrl":"https:\/\/orthopara.store\/wp-content\/uploads\/2024\/06\/creme-solaire-anti-taches-eucerin-pigment-control-50ml.jpg","width":800,"height":800},{"@type":"BreadcrumbList","@id":"https:\/\/orthopara.store\/index.php\/produit\/creme-solaire-anti-taches-eucerin-pigment-control-50ml\/#breadcrumb","itemListElement":[{"@type":"ListItem","position":1,"name":"Accueil","item":"https:\/\/orthopara.store\/"},{"@type":"ListItem","position":2,"name":"Shop","item":"https:\/\/orthopara.store\/?page_id=622"},{"@type":"ListItem","position":3,"name":"Cr\u00e8me solaire anti-t\u00e2ches &#8211; Eucerin Pigment control &#8211; 50ml"}]},{"@type":"WebSite","@id":"https:\/\/orthopara.store\/#website","url":"https:\/\/orthopara.store\/","name":"OrthoPara","description":"Parapharmacie","publisher":{"@id":"https:\/\/orthopara.store\/#organization"},"potentialAction":[{"@type":"SearchAction","target":{"@type":"EntryPoint","urlTemplate":"https:\/\/orthopara.store\/?s={search_term_string}"},"query-input":"required name=search_term_string"}],"inLanguage":"fr-FR"},{"@type":"Organization","@id":"https:\/\/orthopara.store\/#organization","name":"OrthoPara","url":"https:\/\/orthopara.store\/","logo":{"@type":"ImageObject","inLanguage":"fr-FR","@id":"https:\/\/orthopara.store\/#\/schema\/logo\/image\/","url":"https:\/\/orthopara.store\/wp-content\/uploads\/2024\/06\/cropped-9ABA8BAD-6256-4719-9315-15C66E64E882.png","contentUrl":"https:\/\/orthopara.store\/wp-content\/uploads\/2024\/06\/cropped-9ABA8BAD-6256-4719-9315-15C66E64E882.png","width":240,"height":72,"caption":"OrthoPara"},"image":{"@id":"https:\/\/orthopara.store\/#\/schema\/logo\/image\/"},"sameAs":["https:\/\/www.facebook.com\/profile.php?id=61561194315651","https:\/\/www.instagram.com\/orthopara_tunisie\/"]}]}},"jetpack_sharing_enabled":true,"brands":[{"id":86,"name":"Eucerin","slug":"eucerin"}],"_links":{"self":[{"href":"https:\/\/orthopara.store\/index.php?rest_route=\/wp\/v2\/product\/1091","targetHints":{"allow":["GET"]}}],"collection":[{"href":"https:\/\/orthopara.store\/index.php?rest_route=\/wp\/v2\/product"}],"about":[{"href":"https:\/\/orthopara.store\/index.php?rest_route=\/wp\/v2\/types\/product"}],"replies":[{"embeddable":true,"href":"https:\/\/orthopara.store\/index.php?rest_route=%2Fwp%2Fv2%2Fcomments&post=1091"}],"wp:featuredmedia":[{"embeddable":true,"href":"https:\/\/orthopara.store\/index.php?rest_route=\/wp\/v2\/media\/1118"}],"wp:attachment":[{"href":"https:\/\/orthopara.store\/index.php?rest_route=%2Fwp%2Fv2%2Fmedia&parent=1091"}],"wp:term":[{"taxonomy":"pwb-brand","embeddable":true,"href":"https:\/\/orthopara.store\/index.php?rest_route=%2Fwp%2Fv2%2Fpwb-brand&post=1091"},{"taxonomy":"product_cat","embeddable":true,"href":"https:\/\/orthopara.store\/index.php?rest_route=%2Fwp%2Fv2%2Fproduct_cat&post=1091"},{"taxonomy":"product_tag","embeddable":true,"href":"https:\/\/orthopara.store\/index.php?rest_route=%2Fwp%2Fv2%2Fproduct_tag&post=1091"}],"curies":[{"name":"wp","href":"https:\/\/api.w.org\/{rel}","templated":true}]}}