{"id":1092,"date":"2024-06-28T15:51:32","date_gmt":"2024-06-28T13:51:32","guid":{"rendered":"https:\/\/orthopara.store\/?post_type=product&#038;p=1092"},"modified":"2024-06-28T15:51:43","modified_gmt":"2024-06-28T13:51:43","slug":"mousse-nettoyante-eclaircissante-visage-et-yeux-pharmaceris-puri-albucin-150ml","status":"publish","type":"product","link":"https:\/\/orthopara.store\/?product=mousse-nettoyante-eclaircissante-visage-et-yeux-pharmaceris-puri-albucin-150ml","title":{"rendered":"Mousse nettoyante \u00e9claircissante visage et yeux &#8211; Pharmaceris Puri Albucin &#8211; 150ml"},"content":{"rendered":"<p>Mousse nettoyante &#8211; Pharmaceris\u00a0 \u00e9claircissante &#8211; visage et yeux &#8211; Puri Albucin &#8211; 150ml<\/p>\n<p>Mousse douce pour le nettoyage quotidien du visage et des yeux (Remplace le savon traditionnel).<br \/>\nPharmaceris puri albucin mousse nettoie d\u2019une mani\u00e8re efficace la peau tout en \u00e9liminant les impuret\u00e9s et les r\u00e9sidus de maquillage.<br \/>\nElle se caract\u00e9rise \u00e9galement par son action \u00e9claircissant.<br \/>\nConseils d&rsquo;utilisation<br \/>\nSur une peau humide appliquez une noisette de mousse \u00e9claircissante PHARMACERIS sur le visage en massant d\u00e9licatement et rincer abondamment appliquez par la suite votre soin \u00e9claircissant.<br \/>\nComposition\u00a0<br \/>\nExtrait d&rsquo;ac\u00e9rola &#8211; Un antioxydant qui prot\u00e8ge la peau des effets n\u00e9fastes des agresseurs environnementaux. Il renforce les vaisseaux sanguins, favorise le renouvellement cellulaire de la peau tout en r\u00e9duisant les rougeurs.<br \/>\nVitamine PP (vitamine B3, niacinamide) \u2013 Un puissant hydratant qui p\u00e9n\u00e8tre dans les couches profondes de la peau et a un effet relipidant. Il prot\u00e8ge l&rsquo;\u00e9piderme et favorise sa r\u00e9g\u00e9n\u00e9ration. Il emp\u00eache d\u2019avoir la sensation d&rsquo;une peau tiraill\u00e9e.<br \/>\nGlucam \u2013 Retient fortement l&rsquo;humidit\u00e9 et maintient un niveau optimal d\u2019humidit\u00e9 pendant une longue p\u00e9riode. Il lisse la peau et restaure la perte de fermet\u00e9 et d&rsquo;\u00e9lasticit\u00e9.<br \/>\nD-panth\u00e9nol &#8211; A un effet calmant et apaisant et rend la peau moins sensible aux r\u00e9actions allergiques.<br \/>\nExtrait de chardon-marie &#8211; Une source riche en silymarine, qui a un fort effet anti-radicalaire et anti-inflammatoire. Prot\u00e8ge la peau.<\/p>\n","protected":false},"excerpt":{"rendered":"<p>Pharmaceris<br \/>\nmousse eclaircissante<br \/>\nLa mousse nettoyante intense Pharmaceris W Puri Albucin I nettoie efficacement et \u00e9claircit la peau du visage<br \/>\nContenance : 150ml\u00a0<\/p>\n","protected":false},"featured_media":1119,"comment_status":"open","ping_status":"closed","template":"","meta":[],"pwb-brand":[55],"product_cat":[125],"product_tag":[],"class_list":{"0":"post-1092","1":"product","2":"type-product","3":"status-publish","4":"has-post-thumbnail","6":"pwb-brand-pharmaceris","7":"product_cat-soins-anti-taches","8":"post","9":"ws-product--style-1","11":"first","12":"instock","13":"shipping-taxable","14":"purchasable","15":"product-type-simple"},"yoast_head":"<!-- This site is optimized with the Yoast SEO plugin v23.0 - https:\/\/yoast.com\/wordpress\/plugins\/seo\/ -->\n<title>Mousse nettoyante \u00e9claircissante visage et yeux - Pharmaceris Puri Albucin - 150ml - OrthoPara<\/title>\n<meta name=\"robots\" content=\"index, follow, max-snippet:-1, max-image-preview:large, max-video-preview:-1\" \/>\n<link rel=\"canonical\" href=\"https:\/\/orthopara.store\/index.php\/produit\/mousse-nettoyante-eclaircissante-visage-et-yeux-pharmaceris-puri-albucin-150ml\/\" \/>\n<meta property=\"og:locale\" content=\"fr_FR\" \/>\n<meta property=\"og:type\" content=\"article\" \/>\n<meta property=\"og:title\" content=\"Mousse nettoyante \u00e9claircissante visage et yeux - Pharmaceris Puri Albucin - 150ml - OrthoPara\" \/>\n<meta property=\"og:description\" content=\"Pharmaceris mousse eclaircissante La mousse nettoyante intense Pharmaceris W Puri Albucin I nettoie efficacement et \u00e9claircit la peau du visage Contenance : 150ml\u00a0\" \/>\n<meta property=\"og:url\" content=\"https:\/\/orthopara.store\/index.php\/produit\/mousse-nettoyante-eclaircissante-visage-et-yeux-pharmaceris-puri-albucin-150ml\/\" \/>\n<meta property=\"og:site_name\" content=\"OrthoPara\" \/>\n<meta property=\"article:publisher\" content=\"https:\/\/www.facebook.com\/profile.php?id=61561194315651\" \/>\n<meta property=\"article:modified_time\" content=\"2024-06-28T13:51:43+00:00\" \/>\n<meta property=\"og:image\" content=\"https:\/\/orthopara.store\/wp-content\/uploads\/2024\/06\/mousse-nettoyante-eclaircissante-visage-et-yeux-pharmaceris-puri-albucin-150ml.jpg\" \/>\n\t<meta property=\"og:image:width\" content=\"800\" \/>\n\t<meta property=\"og:image:height\" content=\"800\" \/>\n\t<meta property=\"og:image:type\" content=\"image\/jpeg\" \/>\n<meta name=\"twitter:card\" content=\"summary_large_image\" \/>\n<meta name=\"twitter:label1\" content=\"Dur\u00e9e de lecture estim\u00e9e\" \/>\n\t<meta name=\"twitter:data1\" content=\"1 minute\" \/>\n<script type=\"application\/ld+json\" class=\"yoast-schema-graph\">{\"@context\":\"https:\/\/schema.org\",\"@graph\":[{\"@type\":\"WebPage\",\"@id\":\"https:\/\/orthopara.store\/index.php\/produit\/mousse-nettoyante-eclaircissante-visage-et-yeux-pharmaceris-puri-albucin-150ml\/\",\"url\":\"https:\/\/orthopara.store\/index.php\/produit\/mousse-nettoyante-eclaircissante-visage-et-yeux-pharmaceris-puri-albucin-150ml\/\",\"name\":\"Mousse nettoyante \u00e9claircissante visage et yeux - Pharmaceris Puri Albucin - 150ml - OrthoPara\",\"isPartOf\":{\"@id\":\"https:\/\/orthopara.store\/#website\"},\"primaryImageOfPage\":{\"@id\":\"https:\/\/orthopara.store\/index.php\/produit\/mousse-nettoyante-eclaircissante-visage-et-yeux-pharmaceris-puri-albucin-150ml\/#primaryimage\"},\"image\":{\"@id\":\"https:\/\/orthopara.store\/index.php\/produit\/mousse-nettoyante-eclaircissante-visage-et-yeux-pharmaceris-puri-albucin-150ml\/#primaryimage\"},\"thumbnailUrl\":\"https:\/\/orthopara.store\/wp-content\/uploads\/2024\/06\/mousse-nettoyante-eclaircissante-visage-et-yeux-pharmaceris-puri-albucin-150ml.jpg\",\"datePublished\":\"2024-06-28T13:51:32+00:00\",\"dateModified\":\"2024-06-28T13:51:43+00:00\",\"breadcrumb\":{\"@id\":\"https:\/\/orthopara.store\/index.php\/produit\/mousse-nettoyante-eclaircissante-visage-et-yeux-pharmaceris-puri-albucin-150ml\/#breadcrumb\"},\"inLanguage\":\"fr-FR\",\"potentialAction\":[{\"@type\":\"ReadAction\",\"target\":[\"https:\/\/orthopara.store\/index.php\/produit\/mousse-nettoyante-eclaircissante-visage-et-yeux-pharmaceris-puri-albucin-150ml\/\"]}]},{\"@type\":\"ImageObject\",\"inLanguage\":\"fr-FR\",\"@id\":\"https:\/\/orthopara.store\/index.php\/produit\/mousse-nettoyante-eclaircissante-visage-et-yeux-pharmaceris-puri-albucin-150ml\/#primaryimage\",\"url\":\"https:\/\/orthopara.store\/wp-content\/uploads\/2024\/06\/mousse-nettoyante-eclaircissante-visage-et-yeux-pharmaceris-puri-albucin-150ml.jpg\",\"contentUrl\":\"https:\/\/orthopara.store\/wp-content\/uploads\/2024\/06\/mousse-nettoyante-eclaircissante-visage-et-yeux-pharmaceris-puri-albucin-150ml.jpg\",\"width\":800,\"height\":800},{\"@type\":\"BreadcrumbList\",\"@id\":\"https:\/\/orthopara.store\/index.php\/produit\/mousse-nettoyante-eclaircissante-visage-et-yeux-pharmaceris-puri-albucin-150ml\/#breadcrumb\",\"itemListElement\":[{\"@type\":\"ListItem\",\"position\":1,\"name\":\"Accueil\",\"item\":\"https:\/\/orthopara.store\/\"},{\"@type\":\"ListItem\",\"position\":2,\"name\":\"Shop\",\"item\":\"https:\/\/orthopara.store\/?page_id=622\"},{\"@type\":\"ListItem\",\"position\":3,\"name\":\"Mousse nettoyante \u00e9claircissante visage et yeux &#8211; Pharmaceris Puri Albucin &#8211; 150ml\"}]},{\"@type\":\"WebSite\",\"@id\":\"https:\/\/orthopara.store\/#website\",\"url\":\"https:\/\/orthopara.store\/\",\"name\":\"OrthoPara\",\"description\":\"Parapharmacie\",\"publisher\":{\"@id\":\"https:\/\/orthopara.store\/#organization\"},\"potentialAction\":[{\"@type\":\"SearchAction\",\"target\":{\"@type\":\"EntryPoint\",\"urlTemplate\":\"https:\/\/orthopara.store\/?s={search_term_string}\"},\"query-input\":\"required name=search_term_string\"}],\"inLanguage\":\"fr-FR\"},{\"@type\":\"Organization\",\"@id\":\"https:\/\/orthopara.store\/#organization\",\"name\":\"OrthoPara\",\"url\":\"https:\/\/orthopara.store\/\",\"logo\":{\"@type\":\"ImageObject\",\"inLanguage\":\"fr-FR\",\"@id\":\"https:\/\/orthopara.store\/#\/schema\/logo\/image\/\",\"url\":\"https:\/\/orthopara.store\/wp-content\/uploads\/2024\/06\/cropped-9ABA8BAD-6256-4719-9315-15C66E64E882.png\",\"contentUrl\":\"https:\/\/orthopara.store\/wp-content\/uploads\/2024\/06\/cropped-9ABA8BAD-6256-4719-9315-15C66E64E882.png\",\"width\":240,\"height\":72,\"caption\":\"OrthoPara\"},\"image\":{\"@id\":\"https:\/\/orthopara.store\/#\/schema\/logo\/image\/\"},\"sameAs\":[\"https:\/\/www.facebook.com\/profile.php?id=61561194315651\",\"https:\/\/www.instagram.com\/orthopara_tunisie\/\"]}]}<\/script>\n<!-- \/ Yoast SEO plugin. -->","yoast_head_json":{"title":"Mousse nettoyante \u00e9claircissante visage et yeux - Pharmaceris Puri Albucin - 150ml - OrthoPara","robots":{"index":"index","follow":"follow","max-snippet":"max-snippet:-1","max-image-preview":"max-image-preview:large","max-video-preview":"max-video-preview:-1"},"canonical":"https:\/\/orthopara.store\/index.php\/produit\/mousse-nettoyante-eclaircissante-visage-et-yeux-pharmaceris-puri-albucin-150ml\/","og_locale":"fr_FR","og_type":"article","og_title":"Mousse nettoyante \u00e9claircissante visage et yeux - Pharmaceris Puri Albucin - 150ml - OrthoPara","og_description":"Pharmaceris mousse eclaircissante La mousse nettoyante intense Pharmaceris W Puri Albucin I nettoie efficacement et \u00e9claircit la peau du visage Contenance : 150ml\u00a0","og_url":"https:\/\/orthopara.store\/index.php\/produit\/mousse-nettoyante-eclaircissante-visage-et-yeux-pharmaceris-puri-albucin-150ml\/","og_site_name":"OrthoPara","article_publisher":"https:\/\/www.facebook.com\/profile.php?id=61561194315651","article_modified_time":"2024-06-28T13:51:43+00:00","og_image":[{"width":800,"height":800,"url":"https:\/\/orthopara.store\/wp-content\/uploads\/2024\/06\/mousse-nettoyante-eclaircissante-visage-et-yeux-pharmaceris-puri-albucin-150ml.jpg","type":"image\/jpeg"}],"twitter_card":"summary_large_image","twitter_misc":{"Dur\u00e9e de lecture estim\u00e9e":"1 minute"},"schema":{"@context":"https:\/\/schema.org","@graph":[{"@type":"WebPage","@id":"https:\/\/orthopara.store\/index.php\/produit\/mousse-nettoyante-eclaircissante-visage-et-yeux-pharmaceris-puri-albucin-150ml\/","url":"https:\/\/orthopara.store\/index.php\/produit\/mousse-nettoyante-eclaircissante-visage-et-yeux-pharmaceris-puri-albucin-150ml\/","name":"Mousse nettoyante \u00e9claircissante visage et yeux - Pharmaceris Puri Albucin - 150ml - OrthoPara","isPartOf":{"@id":"https:\/\/orthopara.store\/#website"},"primaryImageOfPage":{"@id":"https:\/\/orthopara.store\/index.php\/produit\/mousse-nettoyante-eclaircissante-visage-et-yeux-pharmaceris-puri-albucin-150ml\/#primaryimage"},"image":{"@id":"https:\/\/orthopara.store\/index.php\/produit\/mousse-nettoyante-eclaircissante-visage-et-yeux-pharmaceris-puri-albucin-150ml\/#primaryimage"},"thumbnailUrl":"https:\/\/orthopara.store\/wp-content\/uploads\/2024\/06\/mousse-nettoyante-eclaircissante-visage-et-yeux-pharmaceris-puri-albucin-150ml.jpg","datePublished":"2024-06-28T13:51:32+00:00","dateModified":"2024-06-28T13:51:43+00:00","breadcrumb":{"@id":"https:\/\/orthopara.store\/index.php\/produit\/mousse-nettoyante-eclaircissante-visage-et-yeux-pharmaceris-puri-albucin-150ml\/#breadcrumb"},"inLanguage":"fr-FR","potentialAction":[{"@type":"ReadAction","target":["https:\/\/orthopara.store\/index.php\/produit\/mousse-nettoyante-eclaircissante-visage-et-yeux-pharmaceris-puri-albucin-150ml\/"]}]},{"@type":"ImageObject","inLanguage":"fr-FR","@id":"https:\/\/orthopara.store\/index.php\/produit\/mousse-nettoyante-eclaircissante-visage-et-yeux-pharmaceris-puri-albucin-150ml\/#primaryimage","url":"https:\/\/orthopara.store\/wp-content\/uploads\/2024\/06\/mousse-nettoyante-eclaircissante-visage-et-yeux-pharmaceris-puri-albucin-150ml.jpg","contentUrl":"https:\/\/orthopara.store\/wp-content\/uploads\/2024\/06\/mousse-nettoyante-eclaircissante-visage-et-yeux-pharmaceris-puri-albucin-150ml.jpg","width":800,"height":800},{"@type":"BreadcrumbList","@id":"https:\/\/orthopara.store\/index.php\/produit\/mousse-nettoyante-eclaircissante-visage-et-yeux-pharmaceris-puri-albucin-150ml\/#breadcrumb","itemListElement":[{"@type":"ListItem","position":1,"name":"Accueil","item":"https:\/\/orthopara.store\/"},{"@type":"ListItem","position":2,"name":"Shop","item":"https:\/\/orthopara.store\/?page_id=622"},{"@type":"ListItem","position":3,"name":"Mousse nettoyante \u00e9claircissante visage et yeux &#8211; Pharmaceris Puri Albucin &#8211; 150ml"}]},{"@type":"WebSite","@id":"https:\/\/orthopara.store\/#website","url":"https:\/\/orthopara.store\/","name":"OrthoPara","description":"Parapharmacie","publisher":{"@id":"https:\/\/orthopara.store\/#organization"},"potentialAction":[{"@type":"SearchAction","target":{"@type":"EntryPoint","urlTemplate":"https:\/\/orthopara.store\/?s={search_term_string}"},"query-input":"required name=search_term_string"}],"inLanguage":"fr-FR"},{"@type":"Organization","@id":"https:\/\/orthopara.store\/#organization","name":"OrthoPara","url":"https:\/\/orthopara.store\/","logo":{"@type":"ImageObject","inLanguage":"fr-FR","@id":"https:\/\/orthopara.store\/#\/schema\/logo\/image\/","url":"https:\/\/orthopara.store\/wp-content\/uploads\/2024\/06\/cropped-9ABA8BAD-6256-4719-9315-15C66E64E882.png","contentUrl":"https:\/\/orthopara.store\/wp-content\/uploads\/2024\/06\/cropped-9ABA8BAD-6256-4719-9315-15C66E64E882.png","width":240,"height":72,"caption":"OrthoPara"},"image":{"@id":"https:\/\/orthopara.store\/#\/schema\/logo\/image\/"},"sameAs":["https:\/\/www.facebook.com\/profile.php?id=61561194315651","https:\/\/www.instagram.com\/orthopara_tunisie\/"]}]}},"jetpack_sharing_enabled":true,"brands":[{"id":55,"name":"Pharmaceris","slug":"pharmaceris"}],"_links":{"self":[{"href":"https:\/\/orthopara.store\/index.php?rest_route=\/wp\/v2\/product\/1092","targetHints":{"allow":["GET"]}}],"collection":[{"href":"https:\/\/orthopara.store\/index.php?rest_route=\/wp\/v2\/product"}],"about":[{"href":"https:\/\/orthopara.store\/index.php?rest_route=\/wp\/v2\/types\/product"}],"replies":[{"embeddable":true,"href":"https:\/\/orthopara.store\/index.php?rest_route=%2Fwp%2Fv2%2Fcomments&post=1092"}],"wp:featuredmedia":[{"embeddable":true,"href":"https:\/\/orthopara.store\/index.php?rest_route=\/wp\/v2\/media\/1119"}],"wp:attachment":[{"href":"https:\/\/orthopara.store\/index.php?rest_route=%2Fwp%2Fv2%2Fmedia&parent=1092"}],"wp:term":[{"taxonomy":"pwb-brand","embeddable":true,"href":"https:\/\/orthopara.store\/index.php?rest_route=%2Fwp%2Fv2%2Fpwb-brand&post=1092"},{"taxonomy":"product_cat","embeddable":true,"href":"https:\/\/orthopara.store\/index.php?rest_route=%2Fwp%2Fv2%2Fproduct_cat&post=1092"},{"taxonomy":"product_tag","embeddable":true,"href":"https:\/\/orthopara.store\/index.php?rest_route=%2Fwp%2Fv2%2Fproduct_tag&post=1092"}],"curies":[{"name":"wp","href":"https:\/\/api.w.org\/{rel}","templated":true}]}}