{"id":1096,"date":"2024-06-28T15:51:33","date_gmt":"2024-06-28T13:51:33","guid":{"rendered":"https:\/\/orthopara.store\/?post_type=product&#038;p=1096"},"modified":"2024-06-28T15:51:45","modified_gmt":"2024-06-28T13:51:45","slug":"mousse-nettoyante-avec-brosse-rivaderm-riva-clear-200ml","status":"publish","type":"product","link":"https:\/\/orthopara.store\/?product=mousse-nettoyante-avec-brosse-rivaderm-riva-clear-200ml","title":{"rendered":"Mousse Nettoyante avec brosse &#8211; Rivaderm Riva Clear &#8211;  200ml"},"content":{"rendered":"<p>Mousse Nettoyante avec brosse &#8211; Rivaderm Riva Clear &#8211;\u00a0 200ml<br \/>\nRiva Clear Mousse nettoyante avec brosse purifie la peau en douceur lui donnant un coup d&rsquo;\u00e9clat.\u00a0<br \/>\nActions\u00a0<br \/>\nProduit \u00e0 triple action :<br \/>\n&#8211; Eclaircissant (gr\u00e2ce \u00e0 sa richesse en AHA, acides de fruits)<br \/>\n&#8211; R\u00e9g\u00e9n\u00e9rant et anti-\u00e2ge (vitamine B3)<br \/>\n&#8211; Hydratant ( extraits\u00a0 d&rsquo;alo\u00e9 Vera et extraits d&rsquo;avoine).<br \/>\nCaract\u00e9ristiques :<br \/>\n\u00c9claircissante : clarifie, purifie et illumine<br \/>\nHypoallerg\u00e9nique<br \/>\nsans paraben<br \/>\nsans alcool<br \/>\nsans savon<br \/>\nActifs cl\u00e9s :\u00a0<br \/>\nVitamine B3, AHA (acides de fruits)<br \/>\nExtrait d&rsquo;Avoine et Aloe Vera<br \/>\nConseils d&rsquo;utilisation\u00a0<br \/>\nAppuyer sur la pompe pour faire sortir la mousse et r\u00e9aliser des mouvements circulaires pour nettoyer votre visage.<\/p>\n","protected":false},"excerpt":{"rendered":"<p>Rivaderm Riva Clear<br \/>\nId\u00e9ale pour un usage quotidien, cette mousse nettoyante\u00a0\u00e9claircissante unifie le teint , \u00e9limine les impuret\u00e9s pour minimiser les zones ternes et redonner \u00e0 la peau un aspect \u00e9clatant avec une sensation de fra\u00eecheur ultra agr\u00e9able en fin de journ\u00e9e pour se d\u00e9lester de la pollution accumul\u00e9e.<\/p>\n<p>Contenance : 200ml<br \/>\nDLC : 07\/2027<\/p>\n","protected":false},"featured_media":1123,"comment_status":"open","ping_status":"closed","template":"","meta":[],"pwb-brand":[124],"product_cat":[125],"product_tag":[],"class_list":{"0":"post-1096","1":"product","2":"type-product","3":"status-publish","4":"has-post-thumbnail","6":"pwb-brand-rivaderm","7":"product_cat-soins-anti-taches","8":"post","9":"ws-product--style-1","11":"first","12":"instock","13":"shipping-taxable","14":"purchasable","15":"product-type-simple"},"yoast_head":"<!-- This site is optimized with the Yoast SEO plugin v23.0 - https:\/\/yoast.com\/wordpress\/plugins\/seo\/ -->\n<title>Mousse Nettoyante avec brosse - Rivaderm Riva Clear - 200ml - OrthoPara<\/title>\n<meta name=\"robots\" content=\"index, follow, max-snippet:-1, max-image-preview:large, max-video-preview:-1\" \/>\n<link rel=\"canonical\" href=\"https:\/\/orthopara.store\/index.php\/produit\/mousse-nettoyante-avec-brosse-rivaderm-riva-clear-200ml\/\" \/>\n<meta property=\"og:locale\" content=\"fr_FR\" \/>\n<meta property=\"og:type\" content=\"article\" \/>\n<meta property=\"og:title\" content=\"Mousse Nettoyante avec brosse - Rivaderm Riva Clear - 200ml - OrthoPara\" \/>\n<meta property=\"og:description\" content=\"Rivaderm Riva Clear Id\u00e9ale pour un usage quotidien, cette mousse nettoyante\u00a0\u00e9claircissante unifie le teint , \u00e9limine les impuret\u00e9s pour minimiser les zones ternes et redonner \u00e0 la peau un aspect \u00e9clatant avec une sensation de fra\u00eecheur ultra agr\u00e9able en fin de journ\u00e9e pour se d\u00e9lester de la pollution accumul\u00e9e. Contenance : 200ml DLC : 07\/2027\" \/>\n<meta property=\"og:url\" content=\"https:\/\/orthopara.store\/index.php\/produit\/mousse-nettoyante-avec-brosse-rivaderm-riva-clear-200ml\/\" \/>\n<meta property=\"og:site_name\" content=\"OrthoPara\" \/>\n<meta property=\"article:publisher\" content=\"https:\/\/www.facebook.com\/profile.php?id=61561194315651\" \/>\n<meta property=\"article:modified_time\" content=\"2024-06-28T13:51:45+00:00\" \/>\n<meta property=\"og:image\" content=\"https:\/\/orthopara.store\/wp-content\/uploads\/2024\/06\/mousse-nettoyante-avec-brosse-rivaderm-riva-clear-200ml.jpg\" \/>\n\t<meta property=\"og:image:width\" content=\"800\" \/>\n\t<meta property=\"og:image:height\" content=\"800\" \/>\n\t<meta property=\"og:image:type\" content=\"image\/jpeg\" \/>\n<meta name=\"twitter:card\" content=\"summary_large_image\" \/>\n<meta name=\"twitter:label1\" content=\"Dur\u00e9e de lecture estim\u00e9e\" \/>\n\t<meta name=\"twitter:data1\" content=\"1 minute\" \/>\n<script type=\"application\/ld+json\" class=\"yoast-schema-graph\">{\"@context\":\"https:\/\/schema.org\",\"@graph\":[{\"@type\":\"WebPage\",\"@id\":\"https:\/\/orthopara.store\/index.php\/produit\/mousse-nettoyante-avec-brosse-rivaderm-riva-clear-200ml\/\",\"url\":\"https:\/\/orthopara.store\/index.php\/produit\/mousse-nettoyante-avec-brosse-rivaderm-riva-clear-200ml\/\",\"name\":\"Mousse Nettoyante avec brosse - Rivaderm Riva Clear - 200ml - OrthoPara\",\"isPartOf\":{\"@id\":\"https:\/\/orthopara.store\/#website\"},\"primaryImageOfPage\":{\"@id\":\"https:\/\/orthopara.store\/index.php\/produit\/mousse-nettoyante-avec-brosse-rivaderm-riva-clear-200ml\/#primaryimage\"},\"image\":{\"@id\":\"https:\/\/orthopara.store\/index.php\/produit\/mousse-nettoyante-avec-brosse-rivaderm-riva-clear-200ml\/#primaryimage\"},\"thumbnailUrl\":\"https:\/\/orthopara.store\/wp-content\/uploads\/2024\/06\/mousse-nettoyante-avec-brosse-rivaderm-riva-clear-200ml.jpg\",\"datePublished\":\"2024-06-28T13:51:33+00:00\",\"dateModified\":\"2024-06-28T13:51:45+00:00\",\"breadcrumb\":{\"@id\":\"https:\/\/orthopara.store\/index.php\/produit\/mousse-nettoyante-avec-brosse-rivaderm-riva-clear-200ml\/#breadcrumb\"},\"inLanguage\":\"fr-FR\",\"potentialAction\":[{\"@type\":\"ReadAction\",\"target\":[\"https:\/\/orthopara.store\/index.php\/produit\/mousse-nettoyante-avec-brosse-rivaderm-riva-clear-200ml\/\"]}]},{\"@type\":\"ImageObject\",\"inLanguage\":\"fr-FR\",\"@id\":\"https:\/\/orthopara.store\/index.php\/produit\/mousse-nettoyante-avec-brosse-rivaderm-riva-clear-200ml\/#primaryimage\",\"url\":\"https:\/\/orthopara.store\/wp-content\/uploads\/2024\/06\/mousse-nettoyante-avec-brosse-rivaderm-riva-clear-200ml.jpg\",\"contentUrl\":\"https:\/\/orthopara.store\/wp-content\/uploads\/2024\/06\/mousse-nettoyante-avec-brosse-rivaderm-riva-clear-200ml.jpg\",\"width\":800,\"height\":800},{\"@type\":\"BreadcrumbList\",\"@id\":\"https:\/\/orthopara.store\/index.php\/produit\/mousse-nettoyante-avec-brosse-rivaderm-riva-clear-200ml\/#breadcrumb\",\"itemListElement\":[{\"@type\":\"ListItem\",\"position\":1,\"name\":\"Accueil\",\"item\":\"https:\/\/orthopara.store\/\"},{\"@type\":\"ListItem\",\"position\":2,\"name\":\"Shop\",\"item\":\"https:\/\/orthopara.store\/?page_id=622\"},{\"@type\":\"ListItem\",\"position\":3,\"name\":\"Mousse Nettoyante avec brosse &#8211; Rivaderm Riva Clear &#8211; 200ml\"}]},{\"@type\":\"WebSite\",\"@id\":\"https:\/\/orthopara.store\/#website\",\"url\":\"https:\/\/orthopara.store\/\",\"name\":\"OrthoPara\",\"description\":\"Parapharmacie\",\"publisher\":{\"@id\":\"https:\/\/orthopara.store\/#organization\"},\"potentialAction\":[{\"@type\":\"SearchAction\",\"target\":{\"@type\":\"EntryPoint\",\"urlTemplate\":\"https:\/\/orthopara.store\/?s={search_term_string}\"},\"query-input\":\"required name=search_term_string\"}],\"inLanguage\":\"fr-FR\"},{\"@type\":\"Organization\",\"@id\":\"https:\/\/orthopara.store\/#organization\",\"name\":\"OrthoPara\",\"url\":\"https:\/\/orthopara.store\/\",\"logo\":{\"@type\":\"ImageObject\",\"inLanguage\":\"fr-FR\",\"@id\":\"https:\/\/orthopara.store\/#\/schema\/logo\/image\/\",\"url\":\"https:\/\/orthopara.store\/wp-content\/uploads\/2024\/06\/cropped-9ABA8BAD-6256-4719-9315-15C66E64E882.png\",\"contentUrl\":\"https:\/\/orthopara.store\/wp-content\/uploads\/2024\/06\/cropped-9ABA8BAD-6256-4719-9315-15C66E64E882.png\",\"width\":240,\"height\":72,\"caption\":\"OrthoPara\"},\"image\":{\"@id\":\"https:\/\/orthopara.store\/#\/schema\/logo\/image\/\"},\"sameAs\":[\"https:\/\/www.facebook.com\/profile.php?id=61561194315651\",\"https:\/\/www.instagram.com\/orthopara_tunisie\/\"]}]}<\/script>\n<!-- \/ Yoast SEO plugin. -->","yoast_head_json":{"title":"Mousse Nettoyante avec brosse - Rivaderm Riva Clear - 200ml - OrthoPara","robots":{"index":"index","follow":"follow","max-snippet":"max-snippet:-1","max-image-preview":"max-image-preview:large","max-video-preview":"max-video-preview:-1"},"canonical":"https:\/\/orthopara.store\/index.php\/produit\/mousse-nettoyante-avec-brosse-rivaderm-riva-clear-200ml\/","og_locale":"fr_FR","og_type":"article","og_title":"Mousse Nettoyante avec brosse - Rivaderm Riva Clear - 200ml - OrthoPara","og_description":"Rivaderm Riva Clear Id\u00e9ale pour un usage quotidien, cette mousse nettoyante\u00a0\u00e9claircissante unifie le teint , \u00e9limine les impuret\u00e9s pour minimiser les zones ternes et redonner \u00e0 la peau un aspect \u00e9clatant avec une sensation de fra\u00eecheur ultra agr\u00e9able en fin de journ\u00e9e pour se d\u00e9lester de la pollution accumul\u00e9e. Contenance : 200ml DLC : 07\/2027","og_url":"https:\/\/orthopara.store\/index.php\/produit\/mousse-nettoyante-avec-brosse-rivaderm-riva-clear-200ml\/","og_site_name":"OrthoPara","article_publisher":"https:\/\/www.facebook.com\/profile.php?id=61561194315651","article_modified_time":"2024-06-28T13:51:45+00:00","og_image":[{"width":800,"height":800,"url":"https:\/\/orthopara.store\/wp-content\/uploads\/2024\/06\/mousse-nettoyante-avec-brosse-rivaderm-riva-clear-200ml.jpg","type":"image\/jpeg"}],"twitter_card":"summary_large_image","twitter_misc":{"Dur\u00e9e de lecture estim\u00e9e":"1 minute"},"schema":{"@context":"https:\/\/schema.org","@graph":[{"@type":"WebPage","@id":"https:\/\/orthopara.store\/index.php\/produit\/mousse-nettoyante-avec-brosse-rivaderm-riva-clear-200ml\/","url":"https:\/\/orthopara.store\/index.php\/produit\/mousse-nettoyante-avec-brosse-rivaderm-riva-clear-200ml\/","name":"Mousse Nettoyante avec brosse - Rivaderm Riva Clear - 200ml - OrthoPara","isPartOf":{"@id":"https:\/\/orthopara.store\/#website"},"primaryImageOfPage":{"@id":"https:\/\/orthopara.store\/index.php\/produit\/mousse-nettoyante-avec-brosse-rivaderm-riva-clear-200ml\/#primaryimage"},"image":{"@id":"https:\/\/orthopara.store\/index.php\/produit\/mousse-nettoyante-avec-brosse-rivaderm-riva-clear-200ml\/#primaryimage"},"thumbnailUrl":"https:\/\/orthopara.store\/wp-content\/uploads\/2024\/06\/mousse-nettoyante-avec-brosse-rivaderm-riva-clear-200ml.jpg","datePublished":"2024-06-28T13:51:33+00:00","dateModified":"2024-06-28T13:51:45+00:00","breadcrumb":{"@id":"https:\/\/orthopara.store\/index.php\/produit\/mousse-nettoyante-avec-brosse-rivaderm-riva-clear-200ml\/#breadcrumb"},"inLanguage":"fr-FR","potentialAction":[{"@type":"ReadAction","target":["https:\/\/orthopara.store\/index.php\/produit\/mousse-nettoyante-avec-brosse-rivaderm-riva-clear-200ml\/"]}]},{"@type":"ImageObject","inLanguage":"fr-FR","@id":"https:\/\/orthopara.store\/index.php\/produit\/mousse-nettoyante-avec-brosse-rivaderm-riva-clear-200ml\/#primaryimage","url":"https:\/\/orthopara.store\/wp-content\/uploads\/2024\/06\/mousse-nettoyante-avec-brosse-rivaderm-riva-clear-200ml.jpg","contentUrl":"https:\/\/orthopara.store\/wp-content\/uploads\/2024\/06\/mousse-nettoyante-avec-brosse-rivaderm-riva-clear-200ml.jpg","width":800,"height":800},{"@type":"BreadcrumbList","@id":"https:\/\/orthopara.store\/index.php\/produit\/mousse-nettoyante-avec-brosse-rivaderm-riva-clear-200ml\/#breadcrumb","itemListElement":[{"@type":"ListItem","position":1,"name":"Accueil","item":"https:\/\/orthopara.store\/"},{"@type":"ListItem","position":2,"name":"Shop","item":"https:\/\/orthopara.store\/?page_id=622"},{"@type":"ListItem","position":3,"name":"Mousse Nettoyante avec brosse &#8211; Rivaderm Riva Clear &#8211; 200ml"}]},{"@type":"WebSite","@id":"https:\/\/orthopara.store\/#website","url":"https:\/\/orthopara.store\/","name":"OrthoPara","description":"Parapharmacie","publisher":{"@id":"https:\/\/orthopara.store\/#organization"},"potentialAction":[{"@type":"SearchAction","target":{"@type":"EntryPoint","urlTemplate":"https:\/\/orthopara.store\/?s={search_term_string}"},"query-input":"required name=search_term_string"}],"inLanguage":"fr-FR"},{"@type":"Organization","@id":"https:\/\/orthopara.store\/#organization","name":"OrthoPara","url":"https:\/\/orthopara.store\/","logo":{"@type":"ImageObject","inLanguage":"fr-FR","@id":"https:\/\/orthopara.store\/#\/schema\/logo\/image\/","url":"https:\/\/orthopara.store\/wp-content\/uploads\/2024\/06\/cropped-9ABA8BAD-6256-4719-9315-15C66E64E882.png","contentUrl":"https:\/\/orthopara.store\/wp-content\/uploads\/2024\/06\/cropped-9ABA8BAD-6256-4719-9315-15C66E64E882.png","width":240,"height":72,"caption":"OrthoPara"},"image":{"@id":"https:\/\/orthopara.store\/#\/schema\/logo\/image\/"},"sameAs":["https:\/\/www.facebook.com\/profile.php?id=61561194315651","https:\/\/www.instagram.com\/orthopara_tunisie\/"]}]}},"jetpack_sharing_enabled":true,"brands":[{"id":124,"name":"RIVADERM","slug":"rivaderm"}],"_links":{"self":[{"href":"https:\/\/orthopara.store\/index.php?rest_route=\/wp\/v2\/product\/1096","targetHints":{"allow":["GET"]}}],"collection":[{"href":"https:\/\/orthopara.store\/index.php?rest_route=\/wp\/v2\/product"}],"about":[{"href":"https:\/\/orthopara.store\/index.php?rest_route=\/wp\/v2\/types\/product"}],"replies":[{"embeddable":true,"href":"https:\/\/orthopara.store\/index.php?rest_route=%2Fwp%2Fv2%2Fcomments&post=1096"}],"wp:featuredmedia":[{"embeddable":true,"href":"https:\/\/orthopara.store\/index.php?rest_route=\/wp\/v2\/media\/1123"}],"wp:attachment":[{"href":"https:\/\/orthopara.store\/index.php?rest_route=%2Fwp%2Fv2%2Fmedia&parent=1096"}],"wp:term":[{"taxonomy":"pwb-brand","embeddable":true,"href":"https:\/\/orthopara.store\/index.php?rest_route=%2Fwp%2Fv2%2Fpwb-brand&post=1096"},{"taxonomy":"product_cat","embeddable":true,"href":"https:\/\/orthopara.store\/index.php?rest_route=%2Fwp%2Fv2%2Fproduct_cat&post=1096"},{"taxonomy":"product_tag","embeddable":true,"href":"https:\/\/orthopara.store\/index.php?rest_route=%2Fwp%2Fv2%2Fproduct_tag&post=1096"}],"curies":[{"name":"wp","href":"https:\/\/api.w.org\/{rel}","templated":true}]}}