{"id":1125,"date":"2024-06-28T15:51:46","date_gmt":"2024-06-28T13:51:46","guid":{"rendered":"https:\/\/orthopara.store\/?post_type=product&#038;p=1125"},"modified":"2024-06-28T15:51:50","modified_gmt":"2024-06-28T13:51:50","slug":"serum-clarifiant-action-rapide-clarenia-30ml","status":"publish","type":"product","link":"https:\/\/orthopara.store\/?product=serum-clarifiant-action-rapide-clarenia-30ml","title":{"rendered":"S\u00e9rum clarifiant action rapide &#8211; Clarenia &#8211; 30ml"},"content":{"rendered":"<p>S\u00e9rum clarifiant action rapide &#8211; Clarenia &#8211; 30ml<br \/>\nCLARENIA S\u00e9rum clarifiant action rapide agit directement \u00e0 l&rsquo;origine des taches, pour une action en profondeur. Il unifie ainsi le teint et sublime la peau.<br \/>\nCes quatre actifs innovants agissent en synergie pour corriger les d\u00e9fauts pigmentaires :<br \/>\n&#8211; L\u2019arbutine, d\u00e9riv\u00e9 de l\u2019hydroquinone, est une substance active naturelle qui est utilis\u00e9e pour blanchir la peau, att\u00e9nuer les masques de grossesse, les m\u00e9lasmas, les marques li\u00e9es aux coups de soleil ou pour r\u00e9guler la m\u00e9lanog\u00e9n\u00e8se. Elle r\u00e9gule la pigmentation en diminuant la production de m\u00e9lanine pour r\u00e9duire visiblement la taille et l&rsquo;intensit\u00e9 des taches.<br \/>\n&#8211; La Vitamine C stabilis\u00e9e \u00e9claircit le teint, repasse les traits fatigu\u00e9s, redensifie le derme, lutte contre les radicaux libres.<br \/>\n&#8211; L&rsquo;acide glycolique (AHA) est un v\u00e9ritable alli\u00e9 pour am\u00e9liorer la texture et l&rsquo;apparence de la peau. Il permet de booster l\u2019\u00e9clat du teint, d\u2019adoucir et de lisser la peau. Il traite les taches de vieillesse et l\u2019hyperpigmentation. Il participe \u00e0 la synth\u00e8se de l\u2019acide hyaluronique, notre \u00e9piderme retrouve sa fermet\u00e9 et notre teint son \u00e9clat.<br \/>\n&#8211; Hydrolat de citron : Eclaircissant, le citron est symbole de blancheur. Cet hydrolat vous permet d\u2019avoir un teint frais et lumineux. Tonique et astringent, il permet de resserrer les pores. Purifiant et \u00e9quilibrant, cet hydrolat permet d\u2019\u00e9liminer les points noirs tout en \u00e9quilibrant les zones grasses et en purifiant les imperfections.<br \/>\nBienfaits<br \/>\nD\u00e9pigmentant en \u00e9liminant les taches<br \/>\n\u00c9claircissement et uniformisation du teint<br \/>\nRevitalisation et \u00e9clat du teint<br \/>\nRaffermissant et tonifiant<br \/>\nConseil d\u2019utilisation :<br \/>\nAppliquer le soir, avant la cr\u00e8me de nuit sur le visage puis massez d\u00e9licatement.<br \/>\nR\u00e9sultats\u00a0:<br \/>\nJour apr\u00e8s jour, le teint s&rsquo;unifie et les taches s\u2019estompent.<\/p>\n<p>Composition\u00a0:<br \/>\nEau purifi\u00e9e, gel d\u2019aloe vera, , extrait de busserole (arbutine), capric caprylic triglyceride, hydrolat de citron, huile d\u2019avocat, huile de p\u00e9pins de raisin, , glyceryl stearate, acides de fruit (riche en acide glycolique), beurre de karit\u00e9, vitamin C stabilis\u00e9e, allantoine, huile essentielle de c\u00e9leri, huile essentielle de carotte, vitamin E, alpha-bisabolol, gomme xanthane, fragrance, alcool benzylique, acide dehydroacetique.<\/p>\n","protected":false},"excerpt":{"rendered":"<p>Clarenia<br \/>\nS\u00e9rum clarifiant action rapide<br \/>\nS\u00e9rum 100% naturel ultra concentr\u00e9 qui agit gr\u00e2ce \u00e0 ses actifs 100% naturels pour\u00a0\u00e9liminer les taches brunes\u00a0et unifier et sublimer la peau.<br \/>\ncontenance : 30ml<br \/>\nDLC : 02\/2025<\/p>\n","protected":false},"featured_media":1148,"comment_status":"open","ping_status":"closed","template":"","meta":[],"pwb-brand":[52],"product_cat":[125],"product_tag":[],"class_list":{"0":"post-1125","1":"product","2":"type-product","3":"status-publish","4":"has-post-thumbnail","6":"pwb-brand-clarenia","7":"product_cat-soins-anti-taches","8":"post","9":"ws-product--style-1","11":"first","12":"instock","13":"shipping-taxable","14":"purchasable","15":"product-type-simple"},"yoast_head":"<!-- This site is optimized with the Yoast SEO plugin v23.0 - https:\/\/yoast.com\/wordpress\/plugins\/seo\/ -->\n<title>S\u00e9rum clarifiant action rapide - Clarenia - 30ml - OrthoPara<\/title>\n<meta name=\"robots\" content=\"index, follow, max-snippet:-1, max-image-preview:large, max-video-preview:-1\" \/>\n<link rel=\"canonical\" href=\"https:\/\/orthopara.store\/index.php\/produit\/serum-clarifiant-action-rapide-clarenia-30ml\/\" \/>\n<meta property=\"og:locale\" content=\"fr_FR\" \/>\n<meta property=\"og:type\" content=\"article\" \/>\n<meta property=\"og:title\" content=\"S\u00e9rum clarifiant action rapide - Clarenia - 30ml - OrthoPara\" \/>\n<meta property=\"og:description\" content=\"Clarenia S\u00e9rum clarifiant action rapide S\u00e9rum 100% naturel ultra concentr\u00e9 qui agit gr\u00e2ce \u00e0 ses actifs 100% naturels pour\u00a0\u00e9liminer les taches brunes\u00a0et unifier et sublimer la peau. contenance : 30ml DLC : 02\/2025\" \/>\n<meta property=\"og:url\" content=\"https:\/\/orthopara.store\/index.php\/produit\/serum-clarifiant-action-rapide-clarenia-30ml\/\" \/>\n<meta property=\"og:site_name\" content=\"OrthoPara\" \/>\n<meta property=\"article:publisher\" content=\"https:\/\/www.facebook.com\/profile.php?id=61561194315651\" \/>\n<meta property=\"article:modified_time\" content=\"2024-06-28T13:51:50+00:00\" \/>\n<meta property=\"og:image\" content=\"https:\/\/orthopara.store\/wp-content\/uploads\/2024\/06\/serum-clarifiant-action-rapide-clarenia-30ml.jpg\" \/>\n\t<meta property=\"og:image:width\" content=\"800\" \/>\n\t<meta property=\"og:image:height\" content=\"800\" \/>\n\t<meta property=\"og:image:type\" content=\"image\/jpeg\" \/>\n<meta name=\"twitter:card\" content=\"summary_large_image\" \/>\n<meta name=\"twitter:label1\" content=\"Dur\u00e9e de lecture estim\u00e9e\" \/>\n\t<meta name=\"twitter:data1\" content=\"2 minutes\" \/>\n<script type=\"application\/ld+json\" class=\"yoast-schema-graph\">{\"@context\":\"https:\/\/schema.org\",\"@graph\":[{\"@type\":\"WebPage\",\"@id\":\"https:\/\/orthopara.store\/index.php\/produit\/serum-clarifiant-action-rapide-clarenia-30ml\/\",\"url\":\"https:\/\/orthopara.store\/index.php\/produit\/serum-clarifiant-action-rapide-clarenia-30ml\/\",\"name\":\"S\u00e9rum clarifiant action rapide - Clarenia - 30ml - OrthoPara\",\"isPartOf\":{\"@id\":\"https:\/\/orthopara.store\/#website\"},\"primaryImageOfPage\":{\"@id\":\"https:\/\/orthopara.store\/index.php\/produit\/serum-clarifiant-action-rapide-clarenia-30ml\/#primaryimage\"},\"image\":{\"@id\":\"https:\/\/orthopara.store\/index.php\/produit\/serum-clarifiant-action-rapide-clarenia-30ml\/#primaryimage\"},\"thumbnailUrl\":\"https:\/\/orthopara.store\/wp-content\/uploads\/2024\/06\/serum-clarifiant-action-rapide-clarenia-30ml.jpg\",\"datePublished\":\"2024-06-28T13:51:46+00:00\",\"dateModified\":\"2024-06-28T13:51:50+00:00\",\"breadcrumb\":{\"@id\":\"https:\/\/orthopara.store\/index.php\/produit\/serum-clarifiant-action-rapide-clarenia-30ml\/#breadcrumb\"},\"inLanguage\":\"fr-FR\",\"potentialAction\":[{\"@type\":\"ReadAction\",\"target\":[\"https:\/\/orthopara.store\/index.php\/produit\/serum-clarifiant-action-rapide-clarenia-30ml\/\"]}]},{\"@type\":\"ImageObject\",\"inLanguage\":\"fr-FR\",\"@id\":\"https:\/\/orthopara.store\/index.php\/produit\/serum-clarifiant-action-rapide-clarenia-30ml\/#primaryimage\",\"url\":\"https:\/\/orthopara.store\/wp-content\/uploads\/2024\/06\/serum-clarifiant-action-rapide-clarenia-30ml.jpg\",\"contentUrl\":\"https:\/\/orthopara.store\/wp-content\/uploads\/2024\/06\/serum-clarifiant-action-rapide-clarenia-30ml.jpg\",\"width\":800,\"height\":800},{\"@type\":\"BreadcrumbList\",\"@id\":\"https:\/\/orthopara.store\/index.php\/produit\/serum-clarifiant-action-rapide-clarenia-30ml\/#breadcrumb\",\"itemListElement\":[{\"@type\":\"ListItem\",\"position\":1,\"name\":\"Accueil\",\"item\":\"https:\/\/orthopara.store\/\"},{\"@type\":\"ListItem\",\"position\":2,\"name\":\"Shop\",\"item\":\"https:\/\/orthopara.store\/?page_id=622\"},{\"@type\":\"ListItem\",\"position\":3,\"name\":\"S\u00e9rum clarifiant action rapide &#8211; Clarenia &#8211; 30ml\"}]},{\"@type\":\"WebSite\",\"@id\":\"https:\/\/orthopara.store\/#website\",\"url\":\"https:\/\/orthopara.store\/\",\"name\":\"OrthoPara\",\"description\":\"Parapharmacie\",\"publisher\":{\"@id\":\"https:\/\/orthopara.store\/#organization\"},\"potentialAction\":[{\"@type\":\"SearchAction\",\"target\":{\"@type\":\"EntryPoint\",\"urlTemplate\":\"https:\/\/orthopara.store\/?s={search_term_string}\"},\"query-input\":\"required name=search_term_string\"}],\"inLanguage\":\"fr-FR\"},{\"@type\":\"Organization\",\"@id\":\"https:\/\/orthopara.store\/#organization\",\"name\":\"OrthoPara\",\"url\":\"https:\/\/orthopara.store\/\",\"logo\":{\"@type\":\"ImageObject\",\"inLanguage\":\"fr-FR\",\"@id\":\"https:\/\/orthopara.store\/#\/schema\/logo\/image\/\",\"url\":\"https:\/\/orthopara.store\/wp-content\/uploads\/2024\/06\/cropped-9ABA8BAD-6256-4719-9315-15C66E64E882.png\",\"contentUrl\":\"https:\/\/orthopara.store\/wp-content\/uploads\/2024\/06\/cropped-9ABA8BAD-6256-4719-9315-15C66E64E882.png\",\"width\":240,\"height\":72,\"caption\":\"OrthoPara\"},\"image\":{\"@id\":\"https:\/\/orthopara.store\/#\/schema\/logo\/image\/\"},\"sameAs\":[\"https:\/\/www.facebook.com\/profile.php?id=61561194315651\",\"https:\/\/www.instagram.com\/orthopara_tunisie\/\"]}]}<\/script>\n<!-- \/ Yoast SEO plugin. -->","yoast_head_json":{"title":"S\u00e9rum clarifiant action rapide - Clarenia - 30ml - OrthoPara","robots":{"index":"index","follow":"follow","max-snippet":"max-snippet:-1","max-image-preview":"max-image-preview:large","max-video-preview":"max-video-preview:-1"},"canonical":"https:\/\/orthopara.store\/index.php\/produit\/serum-clarifiant-action-rapide-clarenia-30ml\/","og_locale":"fr_FR","og_type":"article","og_title":"S\u00e9rum clarifiant action rapide - Clarenia - 30ml - OrthoPara","og_description":"Clarenia S\u00e9rum clarifiant action rapide S\u00e9rum 100% naturel ultra concentr\u00e9 qui agit gr\u00e2ce \u00e0 ses actifs 100% naturels pour\u00a0\u00e9liminer les taches brunes\u00a0et unifier et sublimer la peau. contenance : 30ml DLC : 02\/2025","og_url":"https:\/\/orthopara.store\/index.php\/produit\/serum-clarifiant-action-rapide-clarenia-30ml\/","og_site_name":"OrthoPara","article_publisher":"https:\/\/www.facebook.com\/profile.php?id=61561194315651","article_modified_time":"2024-06-28T13:51:50+00:00","og_image":[{"width":800,"height":800,"url":"https:\/\/orthopara.store\/wp-content\/uploads\/2024\/06\/serum-clarifiant-action-rapide-clarenia-30ml.jpg","type":"image\/jpeg"}],"twitter_card":"summary_large_image","twitter_misc":{"Dur\u00e9e de lecture estim\u00e9e":"2 minutes"},"schema":{"@context":"https:\/\/schema.org","@graph":[{"@type":"WebPage","@id":"https:\/\/orthopara.store\/index.php\/produit\/serum-clarifiant-action-rapide-clarenia-30ml\/","url":"https:\/\/orthopara.store\/index.php\/produit\/serum-clarifiant-action-rapide-clarenia-30ml\/","name":"S\u00e9rum clarifiant action rapide - Clarenia - 30ml - OrthoPara","isPartOf":{"@id":"https:\/\/orthopara.store\/#website"},"primaryImageOfPage":{"@id":"https:\/\/orthopara.store\/index.php\/produit\/serum-clarifiant-action-rapide-clarenia-30ml\/#primaryimage"},"image":{"@id":"https:\/\/orthopara.store\/index.php\/produit\/serum-clarifiant-action-rapide-clarenia-30ml\/#primaryimage"},"thumbnailUrl":"https:\/\/orthopara.store\/wp-content\/uploads\/2024\/06\/serum-clarifiant-action-rapide-clarenia-30ml.jpg","datePublished":"2024-06-28T13:51:46+00:00","dateModified":"2024-06-28T13:51:50+00:00","breadcrumb":{"@id":"https:\/\/orthopara.store\/index.php\/produit\/serum-clarifiant-action-rapide-clarenia-30ml\/#breadcrumb"},"inLanguage":"fr-FR","potentialAction":[{"@type":"ReadAction","target":["https:\/\/orthopara.store\/index.php\/produit\/serum-clarifiant-action-rapide-clarenia-30ml\/"]}]},{"@type":"ImageObject","inLanguage":"fr-FR","@id":"https:\/\/orthopara.store\/index.php\/produit\/serum-clarifiant-action-rapide-clarenia-30ml\/#primaryimage","url":"https:\/\/orthopara.store\/wp-content\/uploads\/2024\/06\/serum-clarifiant-action-rapide-clarenia-30ml.jpg","contentUrl":"https:\/\/orthopara.store\/wp-content\/uploads\/2024\/06\/serum-clarifiant-action-rapide-clarenia-30ml.jpg","width":800,"height":800},{"@type":"BreadcrumbList","@id":"https:\/\/orthopara.store\/index.php\/produit\/serum-clarifiant-action-rapide-clarenia-30ml\/#breadcrumb","itemListElement":[{"@type":"ListItem","position":1,"name":"Accueil","item":"https:\/\/orthopara.store\/"},{"@type":"ListItem","position":2,"name":"Shop","item":"https:\/\/orthopara.store\/?page_id=622"},{"@type":"ListItem","position":3,"name":"S\u00e9rum clarifiant action rapide &#8211; Clarenia &#8211; 30ml"}]},{"@type":"WebSite","@id":"https:\/\/orthopara.store\/#website","url":"https:\/\/orthopara.store\/","name":"OrthoPara","description":"Parapharmacie","publisher":{"@id":"https:\/\/orthopara.store\/#organization"},"potentialAction":[{"@type":"SearchAction","target":{"@type":"EntryPoint","urlTemplate":"https:\/\/orthopara.store\/?s={search_term_string}"},"query-input":"required name=search_term_string"}],"inLanguage":"fr-FR"},{"@type":"Organization","@id":"https:\/\/orthopara.store\/#organization","name":"OrthoPara","url":"https:\/\/orthopara.store\/","logo":{"@type":"ImageObject","inLanguage":"fr-FR","@id":"https:\/\/orthopara.store\/#\/schema\/logo\/image\/","url":"https:\/\/orthopara.store\/wp-content\/uploads\/2024\/06\/cropped-9ABA8BAD-6256-4719-9315-15C66E64E882.png","contentUrl":"https:\/\/orthopara.store\/wp-content\/uploads\/2024\/06\/cropped-9ABA8BAD-6256-4719-9315-15C66E64E882.png","width":240,"height":72,"caption":"OrthoPara"},"image":{"@id":"https:\/\/orthopara.store\/#\/schema\/logo\/image\/"},"sameAs":["https:\/\/www.facebook.com\/profile.php?id=61561194315651","https:\/\/www.instagram.com\/orthopara_tunisie\/"]}]}},"jetpack_sharing_enabled":true,"brands":[{"id":52,"name":"CLARENIA","slug":"clarenia"}],"_links":{"self":[{"href":"https:\/\/orthopara.store\/index.php?rest_route=\/wp\/v2\/product\/1125","targetHints":{"allow":["GET"]}}],"collection":[{"href":"https:\/\/orthopara.store\/index.php?rest_route=\/wp\/v2\/product"}],"about":[{"href":"https:\/\/orthopara.store\/index.php?rest_route=\/wp\/v2\/types\/product"}],"replies":[{"embeddable":true,"href":"https:\/\/orthopara.store\/index.php?rest_route=%2Fwp%2Fv2%2Fcomments&post=1125"}],"wp:featuredmedia":[{"embeddable":true,"href":"https:\/\/orthopara.store\/index.php?rest_route=\/wp\/v2\/media\/1148"}],"wp:attachment":[{"href":"https:\/\/orthopara.store\/index.php?rest_route=%2Fwp%2Fv2%2Fmedia&parent=1125"}],"wp:term":[{"taxonomy":"pwb-brand","embeddable":true,"href":"https:\/\/orthopara.store\/index.php?rest_route=%2Fwp%2Fv2%2Fpwb-brand&post=1125"},{"taxonomy":"product_cat","embeddable":true,"href":"https:\/\/orthopara.store\/index.php?rest_route=%2Fwp%2Fv2%2Fproduct_cat&post=1125"},{"taxonomy":"product_tag","embeddable":true,"href":"https:\/\/orthopara.store\/index.php?rest_route=%2Fwp%2Fv2%2Fproduct_tag&post=1125"}],"curies":[{"name":"wp","href":"https:\/\/api.w.org\/{rel}","templated":true}]}}