{"id":1127,"date":"2024-06-28T15:51:46","date_gmt":"2024-06-28T13:51:46","guid":{"rendered":"https:\/\/orthopara.store\/?post_type=product&#038;p=1127"},"modified":"2024-06-28T15:51:51","modified_gmt":"2024-06-28T13:51:51","slug":"gel-keratolytique-anti-taches-brunes-cytolnat-cytolight-30ml","status":"publish","type":"product","link":"https:\/\/orthopara.store\/?product=gel-keratolytique-anti-taches-brunes-cytolnat-cytolight-30ml","title":{"rendered":"Gel k\u00e9ratolytique anti-t\u00e2ches brunes &#8211; Cytolnat Cytolight &#8211; 30ml"},"content":{"rendered":"<p>Gel k\u00e9ratolytique anti-t\u00e2ches brunes &#8211; Cytolnat Cytolight &#8211; 30ml<br \/>\nCytolight\u00a0gel\u00a0est un soin de nuit k\u00e9ratolytique\u00a0concentr\u00e9 pour la pr\u00e9paration des peaux hyperpigment\u00e9es aux soins \u00e9claircissants des t\u00e2ches pigmentaires du visage, du d\u00e9collet\u00e9 et des mains.<br \/>\nCytolight gel\u00a0associe\u00a0:<br \/>\nUn\u00a0Alpha hydroxyacide\u00a0(AHA) naturel, assurant un peeling doux att\u00e9nuant ainsi la couleur des taches brunes d\u00e8s les premiers jours d\u2019utilisation \u00e0 un complexe \u00e9claircissant brevet\u00e9 (Achill\u00e9e millefeuille,\u00a0Prunellier pourpre,\u00a0Robinier faux acacia) permettant d\u2019estomper les taches brunes et unifier le teint de la peau.<br \/>\nMasque de grossesse (chloasma r\u00e9siduel).\u2022 Taches solaires.\u2022 Taches dues au vieillissement (lentigos s\u00e9niles).\u2022 Tache de photosensibilisation (m\u00e9dicament, parfum).\u2022 Marques d\u2019imperfection.\u2022 Assurer un peeling doux qui favorise une meilleure p\u00e9n\u00e9tration des actifs augmentant ainsi leur efficacit\u00e9.\u2022 Gommer en douceur les cellules mortes et \u00e9liminer les pigments accumul\u00e9s en surface.\u2022 R\u00e9duire visiblement la taille des taches pigmentaires.\u2022 Purifier et affiner le grain de la peau.\u2022 Unifier et sublimer le teint.<\/p>\n","protected":false},"excerpt":{"rendered":"<p>Cytolnat Cytolight<br \/>\nAnti-taches brunes<br \/>\nEstompe et \u00e9claircit<br \/>\nContenance : 30ml<br \/>\nDLC 05\/2024<\/p>\n","protected":false},"featured_media":1150,"comment_status":"open","ping_status":"closed","template":"","meta":[],"pwb-brand":[132],"product_cat":[125],"product_tag":[],"class_list":{"0":"post-1127","1":"product","2":"type-product","3":"status-publish","4":"has-post-thumbnail","6":"pwb-brand-cytol-nat","7":"product_cat-soins-anti-taches","8":"post","9":"ws-product--style-1","11":"first","12":"instock","13":"shipping-taxable","14":"purchasable","15":"product-type-simple"},"yoast_head":"<!-- This site is optimized with the Yoast SEO plugin v23.0 - https:\/\/yoast.com\/wordpress\/plugins\/seo\/ -->\n<title>Gel k\u00e9ratolytique anti-t\u00e2ches brunes - Cytolnat Cytolight - 30ml - OrthoPara<\/title>\n<meta name=\"robots\" content=\"index, follow, max-snippet:-1, max-image-preview:large, max-video-preview:-1\" \/>\n<link rel=\"canonical\" href=\"https:\/\/orthopara.store\/index.php\/produit\/gel-keratolytique-anti-taches-brunes-cytolnat-cytolight-30ml\/\" \/>\n<meta property=\"og:locale\" content=\"fr_FR\" \/>\n<meta property=\"og:type\" content=\"article\" \/>\n<meta property=\"og:title\" content=\"Gel k\u00e9ratolytique anti-t\u00e2ches brunes - Cytolnat Cytolight - 30ml - OrthoPara\" \/>\n<meta property=\"og:description\" content=\"Cytolnat Cytolight Anti-taches brunes Estompe et \u00e9claircit Contenance : 30ml DLC 05\/2024\" \/>\n<meta property=\"og:url\" content=\"https:\/\/orthopara.store\/index.php\/produit\/gel-keratolytique-anti-taches-brunes-cytolnat-cytolight-30ml\/\" \/>\n<meta property=\"og:site_name\" content=\"OrthoPara\" \/>\n<meta property=\"article:publisher\" content=\"https:\/\/www.facebook.com\/profile.php?id=61561194315651\" \/>\n<meta property=\"article:modified_time\" content=\"2024-06-28T13:51:51+00:00\" \/>\n<meta property=\"og:image\" content=\"https:\/\/orthopara.store\/wp-content\/uploads\/2024\/06\/gel-keratolytique-anti-taches-brunes-cytolnat-cytolight-30ml.jpg\" \/>\n\t<meta property=\"og:image:width\" content=\"800\" \/>\n\t<meta property=\"og:image:height\" content=\"800\" \/>\n\t<meta property=\"og:image:type\" content=\"image\/jpeg\" \/>\n<meta name=\"twitter:card\" content=\"summary_large_image\" \/>\n<meta name=\"twitter:label1\" content=\"Dur\u00e9e de lecture estim\u00e9e\" \/>\n\t<meta name=\"twitter:data1\" content=\"1 minute\" \/>\n<script type=\"application\/ld+json\" class=\"yoast-schema-graph\">{\"@context\":\"https:\/\/schema.org\",\"@graph\":[{\"@type\":\"WebPage\",\"@id\":\"https:\/\/orthopara.store\/index.php\/produit\/gel-keratolytique-anti-taches-brunes-cytolnat-cytolight-30ml\/\",\"url\":\"https:\/\/orthopara.store\/index.php\/produit\/gel-keratolytique-anti-taches-brunes-cytolnat-cytolight-30ml\/\",\"name\":\"Gel k\u00e9ratolytique anti-t\u00e2ches brunes - Cytolnat Cytolight - 30ml - OrthoPara\",\"isPartOf\":{\"@id\":\"https:\/\/orthopara.store\/#website\"},\"primaryImageOfPage\":{\"@id\":\"https:\/\/orthopara.store\/index.php\/produit\/gel-keratolytique-anti-taches-brunes-cytolnat-cytolight-30ml\/#primaryimage\"},\"image\":{\"@id\":\"https:\/\/orthopara.store\/index.php\/produit\/gel-keratolytique-anti-taches-brunes-cytolnat-cytolight-30ml\/#primaryimage\"},\"thumbnailUrl\":\"https:\/\/orthopara.store\/wp-content\/uploads\/2024\/06\/gel-keratolytique-anti-taches-brunes-cytolnat-cytolight-30ml.jpg\",\"datePublished\":\"2024-06-28T13:51:46+00:00\",\"dateModified\":\"2024-06-28T13:51:51+00:00\",\"breadcrumb\":{\"@id\":\"https:\/\/orthopara.store\/index.php\/produit\/gel-keratolytique-anti-taches-brunes-cytolnat-cytolight-30ml\/#breadcrumb\"},\"inLanguage\":\"fr-FR\",\"potentialAction\":[{\"@type\":\"ReadAction\",\"target\":[\"https:\/\/orthopara.store\/index.php\/produit\/gel-keratolytique-anti-taches-brunes-cytolnat-cytolight-30ml\/\"]}]},{\"@type\":\"ImageObject\",\"inLanguage\":\"fr-FR\",\"@id\":\"https:\/\/orthopara.store\/index.php\/produit\/gel-keratolytique-anti-taches-brunes-cytolnat-cytolight-30ml\/#primaryimage\",\"url\":\"https:\/\/orthopara.store\/wp-content\/uploads\/2024\/06\/gel-keratolytique-anti-taches-brunes-cytolnat-cytolight-30ml.jpg\",\"contentUrl\":\"https:\/\/orthopara.store\/wp-content\/uploads\/2024\/06\/gel-keratolytique-anti-taches-brunes-cytolnat-cytolight-30ml.jpg\",\"width\":800,\"height\":800},{\"@type\":\"BreadcrumbList\",\"@id\":\"https:\/\/orthopara.store\/index.php\/produit\/gel-keratolytique-anti-taches-brunes-cytolnat-cytolight-30ml\/#breadcrumb\",\"itemListElement\":[{\"@type\":\"ListItem\",\"position\":1,\"name\":\"Accueil\",\"item\":\"https:\/\/orthopara.store\/\"},{\"@type\":\"ListItem\",\"position\":2,\"name\":\"Shop\",\"item\":\"https:\/\/orthopara.store\/?page_id=622\"},{\"@type\":\"ListItem\",\"position\":3,\"name\":\"Gel k\u00e9ratolytique anti-t\u00e2ches brunes &#8211; Cytolnat Cytolight &#8211; 30ml\"}]},{\"@type\":\"WebSite\",\"@id\":\"https:\/\/orthopara.store\/#website\",\"url\":\"https:\/\/orthopara.store\/\",\"name\":\"OrthoPara\",\"description\":\"Parapharmacie\",\"publisher\":{\"@id\":\"https:\/\/orthopara.store\/#organization\"},\"potentialAction\":[{\"@type\":\"SearchAction\",\"target\":{\"@type\":\"EntryPoint\",\"urlTemplate\":\"https:\/\/orthopara.store\/?s={search_term_string}\"},\"query-input\":\"required name=search_term_string\"}],\"inLanguage\":\"fr-FR\"},{\"@type\":\"Organization\",\"@id\":\"https:\/\/orthopara.store\/#organization\",\"name\":\"OrthoPara\",\"url\":\"https:\/\/orthopara.store\/\",\"logo\":{\"@type\":\"ImageObject\",\"inLanguage\":\"fr-FR\",\"@id\":\"https:\/\/orthopara.store\/#\/schema\/logo\/image\/\",\"url\":\"https:\/\/orthopara.store\/wp-content\/uploads\/2024\/06\/cropped-9ABA8BAD-6256-4719-9315-15C66E64E882.png\",\"contentUrl\":\"https:\/\/orthopara.store\/wp-content\/uploads\/2024\/06\/cropped-9ABA8BAD-6256-4719-9315-15C66E64E882.png\",\"width\":240,\"height\":72,\"caption\":\"OrthoPara\"},\"image\":{\"@id\":\"https:\/\/orthopara.store\/#\/schema\/logo\/image\/\"},\"sameAs\":[\"https:\/\/www.facebook.com\/profile.php?id=61561194315651\",\"https:\/\/www.instagram.com\/orthopara_tunisie\/\"]}]}<\/script>\n<!-- \/ Yoast SEO plugin. -->","yoast_head_json":{"title":"Gel k\u00e9ratolytique anti-t\u00e2ches brunes - Cytolnat Cytolight - 30ml - OrthoPara","robots":{"index":"index","follow":"follow","max-snippet":"max-snippet:-1","max-image-preview":"max-image-preview:large","max-video-preview":"max-video-preview:-1"},"canonical":"https:\/\/orthopara.store\/index.php\/produit\/gel-keratolytique-anti-taches-brunes-cytolnat-cytolight-30ml\/","og_locale":"fr_FR","og_type":"article","og_title":"Gel k\u00e9ratolytique anti-t\u00e2ches brunes - Cytolnat Cytolight - 30ml - OrthoPara","og_description":"Cytolnat Cytolight Anti-taches brunes Estompe et \u00e9claircit Contenance : 30ml DLC 05\/2024","og_url":"https:\/\/orthopara.store\/index.php\/produit\/gel-keratolytique-anti-taches-brunes-cytolnat-cytolight-30ml\/","og_site_name":"OrthoPara","article_publisher":"https:\/\/www.facebook.com\/profile.php?id=61561194315651","article_modified_time":"2024-06-28T13:51:51+00:00","og_image":[{"width":800,"height":800,"url":"https:\/\/orthopara.store\/wp-content\/uploads\/2024\/06\/gel-keratolytique-anti-taches-brunes-cytolnat-cytolight-30ml.jpg","type":"image\/jpeg"}],"twitter_card":"summary_large_image","twitter_misc":{"Dur\u00e9e de lecture estim\u00e9e":"1 minute"},"schema":{"@context":"https:\/\/schema.org","@graph":[{"@type":"WebPage","@id":"https:\/\/orthopara.store\/index.php\/produit\/gel-keratolytique-anti-taches-brunes-cytolnat-cytolight-30ml\/","url":"https:\/\/orthopara.store\/index.php\/produit\/gel-keratolytique-anti-taches-brunes-cytolnat-cytolight-30ml\/","name":"Gel k\u00e9ratolytique anti-t\u00e2ches brunes - Cytolnat Cytolight - 30ml - OrthoPara","isPartOf":{"@id":"https:\/\/orthopara.store\/#website"},"primaryImageOfPage":{"@id":"https:\/\/orthopara.store\/index.php\/produit\/gel-keratolytique-anti-taches-brunes-cytolnat-cytolight-30ml\/#primaryimage"},"image":{"@id":"https:\/\/orthopara.store\/index.php\/produit\/gel-keratolytique-anti-taches-brunes-cytolnat-cytolight-30ml\/#primaryimage"},"thumbnailUrl":"https:\/\/orthopara.store\/wp-content\/uploads\/2024\/06\/gel-keratolytique-anti-taches-brunes-cytolnat-cytolight-30ml.jpg","datePublished":"2024-06-28T13:51:46+00:00","dateModified":"2024-06-28T13:51:51+00:00","breadcrumb":{"@id":"https:\/\/orthopara.store\/index.php\/produit\/gel-keratolytique-anti-taches-brunes-cytolnat-cytolight-30ml\/#breadcrumb"},"inLanguage":"fr-FR","potentialAction":[{"@type":"ReadAction","target":["https:\/\/orthopara.store\/index.php\/produit\/gel-keratolytique-anti-taches-brunes-cytolnat-cytolight-30ml\/"]}]},{"@type":"ImageObject","inLanguage":"fr-FR","@id":"https:\/\/orthopara.store\/index.php\/produit\/gel-keratolytique-anti-taches-brunes-cytolnat-cytolight-30ml\/#primaryimage","url":"https:\/\/orthopara.store\/wp-content\/uploads\/2024\/06\/gel-keratolytique-anti-taches-brunes-cytolnat-cytolight-30ml.jpg","contentUrl":"https:\/\/orthopara.store\/wp-content\/uploads\/2024\/06\/gel-keratolytique-anti-taches-brunes-cytolnat-cytolight-30ml.jpg","width":800,"height":800},{"@type":"BreadcrumbList","@id":"https:\/\/orthopara.store\/index.php\/produit\/gel-keratolytique-anti-taches-brunes-cytolnat-cytolight-30ml\/#breadcrumb","itemListElement":[{"@type":"ListItem","position":1,"name":"Accueil","item":"https:\/\/orthopara.store\/"},{"@type":"ListItem","position":2,"name":"Shop","item":"https:\/\/orthopara.store\/?page_id=622"},{"@type":"ListItem","position":3,"name":"Gel k\u00e9ratolytique anti-t\u00e2ches brunes &#8211; Cytolnat Cytolight &#8211; 30ml"}]},{"@type":"WebSite","@id":"https:\/\/orthopara.store\/#website","url":"https:\/\/orthopara.store\/","name":"OrthoPara","description":"Parapharmacie","publisher":{"@id":"https:\/\/orthopara.store\/#organization"},"potentialAction":[{"@type":"SearchAction","target":{"@type":"EntryPoint","urlTemplate":"https:\/\/orthopara.store\/?s={search_term_string}"},"query-input":"required name=search_term_string"}],"inLanguage":"fr-FR"},{"@type":"Organization","@id":"https:\/\/orthopara.store\/#organization","name":"OrthoPara","url":"https:\/\/orthopara.store\/","logo":{"@type":"ImageObject","inLanguage":"fr-FR","@id":"https:\/\/orthopara.store\/#\/schema\/logo\/image\/","url":"https:\/\/orthopara.store\/wp-content\/uploads\/2024\/06\/cropped-9ABA8BAD-6256-4719-9315-15C66E64E882.png","contentUrl":"https:\/\/orthopara.store\/wp-content\/uploads\/2024\/06\/cropped-9ABA8BAD-6256-4719-9315-15C66E64E882.png","width":240,"height":72,"caption":"OrthoPara"},"image":{"@id":"https:\/\/orthopara.store\/#\/schema\/logo\/image\/"},"sameAs":["https:\/\/www.facebook.com\/profile.php?id=61561194315651","https:\/\/www.instagram.com\/orthopara_tunisie\/"]}]}},"jetpack_sharing_enabled":true,"brands":[{"id":132,"name":"CYTOL NAT","slug":"cytol-nat"}],"_links":{"self":[{"href":"https:\/\/orthopara.store\/index.php?rest_route=\/wp\/v2\/product\/1127","targetHints":{"allow":["GET"]}}],"collection":[{"href":"https:\/\/orthopara.store\/index.php?rest_route=\/wp\/v2\/product"}],"about":[{"href":"https:\/\/orthopara.store\/index.php?rest_route=\/wp\/v2\/types\/product"}],"replies":[{"embeddable":true,"href":"https:\/\/orthopara.store\/index.php?rest_route=%2Fwp%2Fv2%2Fcomments&post=1127"}],"wp:featuredmedia":[{"embeddable":true,"href":"https:\/\/orthopara.store\/index.php?rest_route=\/wp\/v2\/media\/1150"}],"wp:attachment":[{"href":"https:\/\/orthopara.store\/index.php?rest_route=%2Fwp%2Fv2%2Fmedia&parent=1127"}],"wp:term":[{"taxonomy":"pwb-brand","embeddable":true,"href":"https:\/\/orthopara.store\/index.php?rest_route=%2Fwp%2Fv2%2Fpwb-brand&post=1127"},{"taxonomy":"product_cat","embeddable":true,"href":"https:\/\/orthopara.store\/index.php?rest_route=%2Fwp%2Fv2%2Fproduct_cat&post=1127"},{"taxonomy":"product_tag","embeddable":true,"href":"https:\/\/orthopara.store\/index.php?rest_route=%2Fwp%2Fv2%2Fproduct_tag&post=1127"}],"curies":[{"name":"wp","href":"https:\/\/api.w.org\/{rel}","templated":true}]}}