{"id":1128,"date":"2024-06-28T15:51:46","date_gmt":"2024-06-28T13:51:46","guid":{"rendered":"https:\/\/orthopara.store\/?post_type=product&#038;p=1128"},"modified":"2024-06-28T15:51:51","modified_gmt":"2024-06-28T13:51:51","slug":"ultrasun-face-ecran-solaire-anti-age-anti-pigmentation-spf50-50ml","status":"publish","type":"product","link":"https:\/\/orthopara.store\/?product=ultrasun-face-ecran-solaire-anti-age-anti-pigmentation-spf50-50ml","title":{"rendered":"Ultrasun face &#8211; Ecran solaire anti-\u00e2ge &#038; anti-pigmentation SPF50+ &#8211; 50ml"},"content":{"rendered":"<p>Prot\u00e9gez, am\u00e9liorez et pr\u00e9venez avec Ultrasun Anti-Pigmentation Face SPF 50<br \/>\nCet \u00e9cran solaire d&rsquo;ultrasun, hydratant et appr\u00eat tout-en-un pr\u00e9sente des avantages remarquables. Sa formule unique enrichie d&rsquo;ingr\u00e9dients anti-pigmentation, y compris Illumiscin et Asyntra SL, aide \u00e0 \u00e9claircir les t\u00e2ches brunes et \u00e0 emp\u00eacher la formation de d\u00e9coloration suppl\u00e9mentaire. Il peut r\u00e9duire de mani\u00e8re mesurable l&rsquo;apparence des ridules et des rides, ainsi qu&rsquo;hydrater et lisser la peau pour une finition magnifiquement douce et souple. Avec des antioxydants ajout\u00e9s, cet \u00e9cran solaire prot\u00e9gera votre peau contre les rayons UVA \/ UVB et les dommages des radicaux libres.<\/p>\n<p>Caract\u00e9ristiques :<br \/>\nConvient \u00e0 tous les types de peau<br \/>\n\u00c9claircit les taches brunes<br \/>\nProt\u00e8ge la peau contre les rayons UVA \/ UVB<br \/>\nId\u00e9al pour une base de maquillage<br \/>\nL\u00e9ger et sans huile<\/p>\n<p>Conseil d\u2019utilisation :<br \/>\nPeut \u00eatre appliqu\u00e9 dans le cadre de votre r\u00e9gime de soins quotidien. Nettoyer, tonifier, Ultrasun. Appliquer sur peau propre et s\u00e8che 15 minutes avant l&rsquo;exposition au soleil. Masser sur le visage, le cou et le d\u00e9collet\u00e9 et laisser absorber avant d&rsquo;appliquer d&rsquo;autres soins par-dessus. R\u00e9appliquez fr\u00e9quemment.<\/p>\n<p>Ingr\u00e9dients :<br \/>\nAqua, triglyc\u00e9ride caprylique\/caprique, pentyl\u00e8ne glycol, glyc\u00e9rine, m\u00e9thyl\u00e8ne bis-benzotriazolyl t\u00e9tram\u00e9thylbutylph\u00e9nol (nano), dioxyde de titane (nano), salicylate d&rsquo;\u00e9thylhexyle, bis-\u00e9thylhexyloxyph\u00e9nol m\u00e9thoxyph\u00e9nyl triazine, benzoate d&rsquo;alkyle en C12-15, benzoate de di\u00e9thylamino hydroxybenzoyl hexyle, \u00e9thylhexyl triazone, Ascorbyl glucoside, bentonite, squalane, cocoglyc\u00e9rides, phosphatidylcholine hydrog\u00e9n\u00e9e, acrylates d&rsquo;alkyle en C8-22\/polym\u00e8re crois\u00e9 d&rsquo;acide m\u00e9thacrylique, hexylr\u00e9sorcinol, ecto\u00efne, glucoside de d\u00e9cyle, linol\u00e9ate d&rsquo;\u00e9thyle, silice, gomme de xanthane, extrait de graines de Vitis Vinifera, citrate de sodium, hydroxyde de sodium, alcool propylique. , phosphate de c\u00e9tyle, alcool, propyl\u00e8ne glycol, acide citrique, l\u00e9cithine, ac\u00e9tate de tocoph\u00e9rol, t\u00e9traisopalmitate d&rsquo;ascorbyle, tocoph\u00e9rol, adipate de diisopropyle, ubiquinone.<br \/>\n*Veuillez noter que les listes d&rsquo;ingr\u00e9dients des produits sont mises \u00e0 jour r\u00e9guli\u00e8rement. Veuillez vous r\u00e9f\u00e9rer \u00e0 la liste des ingr\u00e9dients sur l&#8217;emballage du produit pour obtenir la liste des ingr\u00e9dients la plus \u00e0 jour afin de vous assurer qu&rsquo;il convient \u00e0 votre usage personnel.<\/p>\n<p>Contenance :<br \/>\n50ml<\/p>\n","protected":false},"excerpt":{"rendered":"<p>Cet \u00e9cran solaire tout-en-un \u00e0 large spectre aidera \u00e0 r\u00e9duire l&rsquo;apparence des rides et de la pigmentation tout en nourrissant et en prot\u00e9geant votre peau gr\u00e2ce \u00e0 sa formule l\u00e9g\u00e8re et sans huile.<br \/>\nDLC 24 mois apr\u00e8s l&rsquo;ouverture\u00a0<\/p>\n","protected":false},"featured_media":1151,"comment_status":"open","ping_status":"closed","template":"","meta":[],"pwb-brand":[111],"product_cat":[125],"product_tag":[],"class_list":{"0":"post-1128","1":"product","2":"type-product","3":"status-publish","4":"has-post-thumbnail","6":"pwb-brand-ultrasun","7":"product_cat-soins-anti-taches","8":"post","9":"ws-product--style-1","11":"first","12":"instock","13":"shipping-taxable","14":"purchasable","15":"product-type-simple"},"yoast_head":"<!-- This site is optimized with the Yoast SEO plugin v23.0 - https:\/\/yoast.com\/wordpress\/plugins\/seo\/ -->\n<title>Ultrasun face - Ecran solaire anti-\u00e2ge &amp; anti-pigmentation SPF50+ - 50ml - OrthoPara<\/title>\n<meta name=\"robots\" content=\"index, follow, max-snippet:-1, max-image-preview:large, max-video-preview:-1\" \/>\n<link rel=\"canonical\" href=\"https:\/\/orthopara.store\/index.php\/produit\/ultrasun-face-ecran-solaire-anti-age-anti-pigmentation-spf50-50ml\/\" \/>\n<meta property=\"og:locale\" content=\"fr_FR\" \/>\n<meta property=\"og:type\" content=\"article\" \/>\n<meta property=\"og:title\" content=\"Ultrasun face - Ecran solaire anti-\u00e2ge &amp; anti-pigmentation SPF50+ - 50ml - OrthoPara\" \/>\n<meta property=\"og:description\" content=\"Cet \u00e9cran solaire tout-en-un \u00e0 large spectre aidera \u00e0 r\u00e9duire l&#039;apparence des rides et de la pigmentation tout en nourrissant et en prot\u00e9geant votre peau gr\u00e2ce \u00e0 sa formule l\u00e9g\u00e8re et sans huile. DLC 24 mois apr\u00e8s l&#039;ouverture\u00a0\" \/>\n<meta property=\"og:url\" content=\"https:\/\/orthopara.store\/index.php\/produit\/ultrasun-face-ecran-solaire-anti-age-anti-pigmentation-spf50-50ml\/\" \/>\n<meta property=\"og:site_name\" content=\"OrthoPara\" \/>\n<meta property=\"article:publisher\" content=\"https:\/\/www.facebook.com\/profile.php?id=61561194315651\" \/>\n<meta property=\"article:modified_time\" content=\"2024-06-28T13:51:51+00:00\" \/>\n<meta property=\"og:image\" content=\"https:\/\/orthopara.store\/wp-content\/uploads\/2024\/06\/ecran-solaire-anti-age-anti-pigmentation-ultrasun-face-spf50-50ml.jpg\" \/>\n\t<meta property=\"og:image:width\" content=\"800\" \/>\n\t<meta property=\"og:image:height\" content=\"800\" \/>\n\t<meta property=\"og:image:type\" content=\"image\/jpeg\" \/>\n<meta name=\"twitter:card\" content=\"summary_large_image\" \/>\n<meta name=\"twitter:label1\" content=\"Dur\u00e9e de lecture estim\u00e9e\" \/>\n\t<meta name=\"twitter:data1\" content=\"2 minutes\" \/>\n<script type=\"application\/ld+json\" class=\"yoast-schema-graph\">{\"@context\":\"https:\/\/schema.org\",\"@graph\":[{\"@type\":\"WebPage\",\"@id\":\"https:\/\/orthopara.store\/index.php\/produit\/ultrasun-face-ecran-solaire-anti-age-anti-pigmentation-spf50-50ml\/\",\"url\":\"https:\/\/orthopara.store\/index.php\/produit\/ultrasun-face-ecran-solaire-anti-age-anti-pigmentation-spf50-50ml\/\",\"name\":\"Ultrasun face - Ecran solaire anti-\u00e2ge & anti-pigmentation SPF50+ - 50ml - OrthoPara\",\"isPartOf\":{\"@id\":\"https:\/\/orthopara.store\/#website\"},\"primaryImageOfPage\":{\"@id\":\"https:\/\/orthopara.store\/index.php\/produit\/ultrasun-face-ecran-solaire-anti-age-anti-pigmentation-spf50-50ml\/#primaryimage\"},\"image\":{\"@id\":\"https:\/\/orthopara.store\/index.php\/produit\/ultrasun-face-ecran-solaire-anti-age-anti-pigmentation-spf50-50ml\/#primaryimage\"},\"thumbnailUrl\":\"https:\/\/orthopara.store\/wp-content\/uploads\/2024\/06\/ecran-solaire-anti-age-anti-pigmentation-ultrasun-face-spf50-50ml.jpg\",\"datePublished\":\"2024-06-28T13:51:46+00:00\",\"dateModified\":\"2024-06-28T13:51:51+00:00\",\"breadcrumb\":{\"@id\":\"https:\/\/orthopara.store\/index.php\/produit\/ultrasun-face-ecran-solaire-anti-age-anti-pigmentation-spf50-50ml\/#breadcrumb\"},\"inLanguage\":\"fr-FR\",\"potentialAction\":[{\"@type\":\"ReadAction\",\"target\":[\"https:\/\/orthopara.store\/index.php\/produit\/ultrasun-face-ecran-solaire-anti-age-anti-pigmentation-spf50-50ml\/\"]}]},{\"@type\":\"ImageObject\",\"inLanguage\":\"fr-FR\",\"@id\":\"https:\/\/orthopara.store\/index.php\/produit\/ultrasun-face-ecran-solaire-anti-age-anti-pigmentation-spf50-50ml\/#primaryimage\",\"url\":\"https:\/\/orthopara.store\/wp-content\/uploads\/2024\/06\/ecran-solaire-anti-age-anti-pigmentation-ultrasun-face-spf50-50ml.jpg\",\"contentUrl\":\"https:\/\/orthopara.store\/wp-content\/uploads\/2024\/06\/ecran-solaire-anti-age-anti-pigmentation-ultrasun-face-spf50-50ml.jpg\",\"width\":800,\"height\":800},{\"@type\":\"BreadcrumbList\",\"@id\":\"https:\/\/orthopara.store\/index.php\/produit\/ultrasun-face-ecran-solaire-anti-age-anti-pigmentation-spf50-50ml\/#breadcrumb\",\"itemListElement\":[{\"@type\":\"ListItem\",\"position\":1,\"name\":\"Accueil\",\"item\":\"https:\/\/orthopara.store\/\"},{\"@type\":\"ListItem\",\"position\":2,\"name\":\"Shop\",\"item\":\"https:\/\/orthopara.store\/?page_id=622\"},{\"@type\":\"ListItem\",\"position\":3,\"name\":\"Ultrasun face &#8211; Ecran solaire anti-\u00e2ge &#038; anti-pigmentation SPF50+ &#8211; 50ml\"}]},{\"@type\":\"WebSite\",\"@id\":\"https:\/\/orthopara.store\/#website\",\"url\":\"https:\/\/orthopara.store\/\",\"name\":\"OrthoPara\",\"description\":\"Parapharmacie\",\"publisher\":{\"@id\":\"https:\/\/orthopara.store\/#organization\"},\"potentialAction\":[{\"@type\":\"SearchAction\",\"target\":{\"@type\":\"EntryPoint\",\"urlTemplate\":\"https:\/\/orthopara.store\/?s={search_term_string}\"},\"query-input\":\"required name=search_term_string\"}],\"inLanguage\":\"fr-FR\"},{\"@type\":\"Organization\",\"@id\":\"https:\/\/orthopara.store\/#organization\",\"name\":\"OrthoPara\",\"url\":\"https:\/\/orthopara.store\/\",\"logo\":{\"@type\":\"ImageObject\",\"inLanguage\":\"fr-FR\",\"@id\":\"https:\/\/orthopara.store\/#\/schema\/logo\/image\/\",\"url\":\"https:\/\/orthopara.store\/wp-content\/uploads\/2024\/06\/cropped-9ABA8BAD-6256-4719-9315-15C66E64E882.png\",\"contentUrl\":\"https:\/\/orthopara.store\/wp-content\/uploads\/2024\/06\/cropped-9ABA8BAD-6256-4719-9315-15C66E64E882.png\",\"width\":240,\"height\":72,\"caption\":\"OrthoPara\"},\"image\":{\"@id\":\"https:\/\/orthopara.store\/#\/schema\/logo\/image\/\"},\"sameAs\":[\"https:\/\/www.facebook.com\/profile.php?id=61561194315651\",\"https:\/\/www.instagram.com\/orthopara_tunisie\/\"]}]}<\/script>\n<!-- \/ Yoast SEO plugin. -->","yoast_head_json":{"title":"Ultrasun face - Ecran solaire anti-\u00e2ge & anti-pigmentation SPF50+ - 50ml - OrthoPara","robots":{"index":"index","follow":"follow","max-snippet":"max-snippet:-1","max-image-preview":"max-image-preview:large","max-video-preview":"max-video-preview:-1"},"canonical":"https:\/\/orthopara.store\/index.php\/produit\/ultrasun-face-ecran-solaire-anti-age-anti-pigmentation-spf50-50ml\/","og_locale":"fr_FR","og_type":"article","og_title":"Ultrasun face - Ecran solaire anti-\u00e2ge & anti-pigmentation SPF50+ - 50ml - OrthoPara","og_description":"Cet \u00e9cran solaire tout-en-un \u00e0 large spectre aidera \u00e0 r\u00e9duire l'apparence des rides et de la pigmentation tout en nourrissant et en prot\u00e9geant votre peau gr\u00e2ce \u00e0 sa formule l\u00e9g\u00e8re et sans huile. DLC 24 mois apr\u00e8s l'ouverture\u00a0","og_url":"https:\/\/orthopara.store\/index.php\/produit\/ultrasun-face-ecran-solaire-anti-age-anti-pigmentation-spf50-50ml\/","og_site_name":"OrthoPara","article_publisher":"https:\/\/www.facebook.com\/profile.php?id=61561194315651","article_modified_time":"2024-06-28T13:51:51+00:00","og_image":[{"width":800,"height":800,"url":"https:\/\/orthopara.store\/wp-content\/uploads\/2024\/06\/ecran-solaire-anti-age-anti-pigmentation-ultrasun-face-spf50-50ml.jpg","type":"image\/jpeg"}],"twitter_card":"summary_large_image","twitter_misc":{"Dur\u00e9e de lecture estim\u00e9e":"2 minutes"},"schema":{"@context":"https:\/\/schema.org","@graph":[{"@type":"WebPage","@id":"https:\/\/orthopara.store\/index.php\/produit\/ultrasun-face-ecran-solaire-anti-age-anti-pigmentation-spf50-50ml\/","url":"https:\/\/orthopara.store\/index.php\/produit\/ultrasun-face-ecran-solaire-anti-age-anti-pigmentation-spf50-50ml\/","name":"Ultrasun face - Ecran solaire anti-\u00e2ge & anti-pigmentation SPF50+ - 50ml - OrthoPara","isPartOf":{"@id":"https:\/\/orthopara.store\/#website"},"primaryImageOfPage":{"@id":"https:\/\/orthopara.store\/index.php\/produit\/ultrasun-face-ecran-solaire-anti-age-anti-pigmentation-spf50-50ml\/#primaryimage"},"image":{"@id":"https:\/\/orthopara.store\/index.php\/produit\/ultrasun-face-ecran-solaire-anti-age-anti-pigmentation-spf50-50ml\/#primaryimage"},"thumbnailUrl":"https:\/\/orthopara.store\/wp-content\/uploads\/2024\/06\/ecran-solaire-anti-age-anti-pigmentation-ultrasun-face-spf50-50ml.jpg","datePublished":"2024-06-28T13:51:46+00:00","dateModified":"2024-06-28T13:51:51+00:00","breadcrumb":{"@id":"https:\/\/orthopara.store\/index.php\/produit\/ultrasun-face-ecran-solaire-anti-age-anti-pigmentation-spf50-50ml\/#breadcrumb"},"inLanguage":"fr-FR","potentialAction":[{"@type":"ReadAction","target":["https:\/\/orthopara.store\/index.php\/produit\/ultrasun-face-ecran-solaire-anti-age-anti-pigmentation-spf50-50ml\/"]}]},{"@type":"ImageObject","inLanguage":"fr-FR","@id":"https:\/\/orthopara.store\/index.php\/produit\/ultrasun-face-ecran-solaire-anti-age-anti-pigmentation-spf50-50ml\/#primaryimage","url":"https:\/\/orthopara.store\/wp-content\/uploads\/2024\/06\/ecran-solaire-anti-age-anti-pigmentation-ultrasun-face-spf50-50ml.jpg","contentUrl":"https:\/\/orthopara.store\/wp-content\/uploads\/2024\/06\/ecran-solaire-anti-age-anti-pigmentation-ultrasun-face-spf50-50ml.jpg","width":800,"height":800},{"@type":"BreadcrumbList","@id":"https:\/\/orthopara.store\/index.php\/produit\/ultrasun-face-ecran-solaire-anti-age-anti-pigmentation-spf50-50ml\/#breadcrumb","itemListElement":[{"@type":"ListItem","position":1,"name":"Accueil","item":"https:\/\/orthopara.store\/"},{"@type":"ListItem","position":2,"name":"Shop","item":"https:\/\/orthopara.store\/?page_id=622"},{"@type":"ListItem","position":3,"name":"Ultrasun face &#8211; Ecran solaire anti-\u00e2ge &#038; anti-pigmentation SPF50+ &#8211; 50ml"}]},{"@type":"WebSite","@id":"https:\/\/orthopara.store\/#website","url":"https:\/\/orthopara.store\/","name":"OrthoPara","description":"Parapharmacie","publisher":{"@id":"https:\/\/orthopara.store\/#organization"},"potentialAction":[{"@type":"SearchAction","target":{"@type":"EntryPoint","urlTemplate":"https:\/\/orthopara.store\/?s={search_term_string}"},"query-input":"required name=search_term_string"}],"inLanguage":"fr-FR"},{"@type":"Organization","@id":"https:\/\/orthopara.store\/#organization","name":"OrthoPara","url":"https:\/\/orthopara.store\/","logo":{"@type":"ImageObject","inLanguage":"fr-FR","@id":"https:\/\/orthopara.store\/#\/schema\/logo\/image\/","url":"https:\/\/orthopara.store\/wp-content\/uploads\/2024\/06\/cropped-9ABA8BAD-6256-4719-9315-15C66E64E882.png","contentUrl":"https:\/\/orthopara.store\/wp-content\/uploads\/2024\/06\/cropped-9ABA8BAD-6256-4719-9315-15C66E64E882.png","width":240,"height":72,"caption":"OrthoPara"},"image":{"@id":"https:\/\/orthopara.store\/#\/schema\/logo\/image\/"},"sameAs":["https:\/\/www.facebook.com\/profile.php?id=61561194315651","https:\/\/www.instagram.com\/orthopara_tunisie\/"]}]}},"jetpack_sharing_enabled":true,"brands":[{"id":111,"name":"ULTRASUN","slug":"ultrasun"}],"_links":{"self":[{"href":"https:\/\/orthopara.store\/index.php?rest_route=\/wp\/v2\/product\/1128","targetHints":{"allow":["GET"]}}],"collection":[{"href":"https:\/\/orthopara.store\/index.php?rest_route=\/wp\/v2\/product"}],"about":[{"href":"https:\/\/orthopara.store\/index.php?rest_route=\/wp\/v2\/types\/product"}],"replies":[{"embeddable":true,"href":"https:\/\/orthopara.store\/index.php?rest_route=%2Fwp%2Fv2%2Fcomments&post=1128"}],"wp:featuredmedia":[{"embeddable":true,"href":"https:\/\/orthopara.store\/index.php?rest_route=\/wp\/v2\/media\/1151"}],"wp:attachment":[{"href":"https:\/\/orthopara.store\/index.php?rest_route=%2Fwp%2Fv2%2Fmedia&parent=1128"}],"wp:term":[{"taxonomy":"pwb-brand","embeddable":true,"href":"https:\/\/orthopara.store\/index.php?rest_route=%2Fwp%2Fv2%2Fpwb-brand&post=1128"},{"taxonomy":"product_cat","embeddable":true,"href":"https:\/\/orthopara.store\/index.php?rest_route=%2Fwp%2Fv2%2Fproduct_cat&post=1128"},{"taxonomy":"product_tag","embeddable":true,"href":"https:\/\/orthopara.store\/index.php?rest_route=%2Fwp%2Fv2%2Fproduct_tag&post=1128"}],"curies":[{"name":"wp","href":"https:\/\/api.w.org\/{rel}","templated":true}]}}