{"id":1129,"date":"2024-06-28T15:51:46","date_gmt":"2024-06-28T13:51:46","guid":{"rendered":"https:\/\/orthopara.store\/?post_type=product&#038;p=1129"},"modified":"2024-11-10T16:07:18","modified_gmt":"2024-11-10T15:07:18","slug":"creme-anti-pigment-soin-de-jour-spf-30-eucerin-50ml","status":"publish","type":"product","link":"https:\/\/orthopara.store\/?product=creme-anti-pigment-soin-de-jour-spf-30-eucerin-50ml","title":{"rendered":"Creme Anti pigment Soin de Jour spf 30 &#8211; Eucerin &#8211;  50ml"},"content":{"rendered":"<p>Creme Anti pigment Soin de Jour spf 30 &#8211; Eucerin &#8211;\u00a0 50ml<br \/>\nLe Soin de Jour\u00a0SPF30\u00a0Anti-Pigment\u00a0Eucerin\u00a0est un soin qui permet de r\u00e9duire les\u00a0taches\u00a0brunes, les\u00a0taches de vieillesse\u00a0ou encore les\u00a0taches li\u00e9es \u00e0 l&rsquo;exposition solaire.\u00a0De plus, le soin va pr\u00e9venir leur\u00a0r\u00e9apparition.\u00a0Il apporte\u00a0uniformit\u00e9\u00a0et\u00a0\u00e9clat\u00a0\u00e0 la peau.\u00a0Le Soin de Jour poss\u00e8de un\u00a0SPF30\u00a0qui prot\u00e8ge la peau du\u00a0soleil, notamment des rayons\u00a0UVA\u00a0et\u00a0UVB, et r\u00e9duit le risque de formation de taches\u00a0pigmentaires.\u00a0Il contient du\u00a0Thiamidol, qui permet de r\u00e9duire consid\u00e9rablement la production de m\u00e9lanine, un pigment naturel qui colore la peau.\u00a0Le soin de jour dispose d&rsquo;une texture tr\u00e8s l\u00e9g\u00e8re qui p\u00e9n\u00e8tre rapidement.\u00a0Elle convient parfaitement aux\u00a0peaux normales \u00e0 s\u00e8ches.\u00a0<\/p>\n<p>CONSEILS D&rsquo;UTILISATION:<\/p>\n<p>Avant application, nettoyez votre peau, votre cou et votre d\u00e9collet\u00e9.\u00a0D\u00e9posez quelques noisettes sur les zones \u00e0 traiter et\/ou les taches.\u00a0Massez afin de faire p\u00e9n\u00e9trer.\u00a0<\/p>\n<p>Eviter le contact des yeux.\u00a0<\/p>\n<p>COMPOSITION:<\/p>\n<p>Formule INCI : Aqua, Homosalate, Octocrylene, Glycerin, Butyl Methoxydibenzoylmethane, Ethylhexyl Salicylate, Glyceryl Glucoside, Glyceryl Stearate Citrate, Cetearyl Alcohol, Phenylbenzimidazole Sulfonic Acid, Butyrospermum Parkii Butter, Lauroyl Lysine Butylresorcinol, Glycyrrhetinic Acid, Dimethicone, Alkyl Acrylate Crosspolymer, Sodium Carbomer, Trisodium EDTA, 1-2-Hexanediol, Phenoxyethanol, piroctone-olamine, Parfum.<\/p>\n<p>\u00a0<\/p>\n","protected":false},"excerpt":{"rendered":"<p>Eucerin<br \/>\nCreme Anti pigment Soin de Jour spf 30\u00a0<br \/>\nANTI-TACHE<br \/>\ncontenance 50ml<br \/>\nDLC10\/2023<\/p>\n","protected":false},"featured_media":1152,"comment_status":"open","ping_status":"closed","template":"","meta":[],"pwb-brand":[86],"product_cat":[125],"product_tag":[],"class_list":{"0":"post-1129","1":"product","2":"type-product","3":"status-publish","4":"has-post-thumbnail","6":"pwb-brand-eucerin","7":"product_cat-soins-anti-taches","8":"post","9":"ws-product--style-1","11":"first","12":"instock","13":"shipping-taxable","14":"purchasable","15":"product-type-simple"},"yoast_head":"<!-- This site is optimized with the Yoast SEO plugin v23.0 - https:\/\/yoast.com\/wordpress\/plugins\/seo\/ -->\n<title>Creme Anti pigment Soin de Jour spf 30 - Eucerin - 50ml - OrthoPara<\/title>\n<meta name=\"robots\" content=\"index, follow, max-snippet:-1, max-image-preview:large, max-video-preview:-1\" \/>\n<link rel=\"canonical\" href=\"https:\/\/orthopara.store\/index.php\/produit\/creme-anti-pigment-soin-de-jour-spf-30-eucerin-50ml\/\" \/>\n<meta property=\"og:locale\" content=\"fr_FR\" \/>\n<meta property=\"og:type\" content=\"article\" \/>\n<meta property=\"og:title\" content=\"Creme Anti pigment Soin de Jour spf 30 - Eucerin - 50ml - OrthoPara\" \/>\n<meta property=\"og:description\" content=\"Eucerin Creme Anti pigment Soin de Jour spf 30\u00a0 ANTI-TACHE contenance 50ml DLC10\/2023\" \/>\n<meta property=\"og:url\" content=\"https:\/\/orthopara.store\/index.php\/produit\/creme-anti-pigment-soin-de-jour-spf-30-eucerin-50ml\/\" \/>\n<meta property=\"og:site_name\" content=\"OrthoPara\" \/>\n<meta property=\"article:publisher\" content=\"https:\/\/www.facebook.com\/profile.php?id=61561194315651\" \/>\n<meta property=\"article:modified_time\" content=\"2024-11-10T15:07:18+00:00\" \/>\n<meta property=\"og:image\" content=\"https:\/\/orthopara.store\/wp-content\/uploads\/2024\/06\/eucerin-anti-pigment-soin-de-jour-spf-30-50-ml.png\" \/>\n\t<meta property=\"og:image:width\" content=\"800\" \/>\n\t<meta property=\"og:image:height\" content=\"800\" \/>\n\t<meta property=\"og:image:type\" content=\"image\/png\" \/>\n<meta name=\"twitter:card\" content=\"summary_large_image\" \/>\n<meta name=\"twitter:label1\" content=\"Dur\u00e9e de lecture estim\u00e9e\" \/>\n\t<meta name=\"twitter:data1\" content=\"1 minute\" \/>\n<script type=\"application\/ld+json\" class=\"yoast-schema-graph\">{\"@context\":\"https:\/\/schema.org\",\"@graph\":[{\"@type\":\"WebPage\",\"@id\":\"https:\/\/orthopara.store\/index.php\/produit\/creme-anti-pigment-soin-de-jour-spf-30-eucerin-50ml\/\",\"url\":\"https:\/\/orthopara.store\/index.php\/produit\/creme-anti-pigment-soin-de-jour-spf-30-eucerin-50ml\/\",\"name\":\"Creme Anti pigment Soin de Jour spf 30 - Eucerin - 50ml - OrthoPara\",\"isPartOf\":{\"@id\":\"https:\/\/orthopara.store\/#website\"},\"primaryImageOfPage\":{\"@id\":\"https:\/\/orthopara.store\/index.php\/produit\/creme-anti-pigment-soin-de-jour-spf-30-eucerin-50ml\/#primaryimage\"},\"image\":{\"@id\":\"https:\/\/orthopara.store\/index.php\/produit\/creme-anti-pigment-soin-de-jour-spf-30-eucerin-50ml\/#primaryimage\"},\"thumbnailUrl\":\"https:\/\/orthopara.store\/wp-content\/uploads\/2024\/06\/eucerin-anti-pigment-soin-de-jour-spf-30-50-ml.png\",\"datePublished\":\"2024-06-28T13:51:46+00:00\",\"dateModified\":\"2024-11-10T15:07:18+00:00\",\"breadcrumb\":{\"@id\":\"https:\/\/orthopara.store\/index.php\/produit\/creme-anti-pigment-soin-de-jour-spf-30-eucerin-50ml\/#breadcrumb\"},\"inLanguage\":\"fr-FR\",\"potentialAction\":[{\"@type\":\"ReadAction\",\"target\":[\"https:\/\/orthopara.store\/index.php\/produit\/creme-anti-pigment-soin-de-jour-spf-30-eucerin-50ml\/\"]}]},{\"@type\":\"ImageObject\",\"inLanguage\":\"fr-FR\",\"@id\":\"https:\/\/orthopara.store\/index.php\/produit\/creme-anti-pigment-soin-de-jour-spf-30-eucerin-50ml\/#primaryimage\",\"url\":\"https:\/\/orthopara.store\/wp-content\/uploads\/2024\/06\/eucerin-anti-pigment-soin-de-jour-spf-30-50-ml.png\",\"contentUrl\":\"https:\/\/orthopara.store\/wp-content\/uploads\/2024\/06\/eucerin-anti-pigment-soin-de-jour-spf-30-50-ml.png\",\"width\":800,\"height\":800},{\"@type\":\"BreadcrumbList\",\"@id\":\"https:\/\/orthopara.store\/index.php\/produit\/creme-anti-pigment-soin-de-jour-spf-30-eucerin-50ml\/#breadcrumb\",\"itemListElement\":[{\"@type\":\"ListItem\",\"position\":1,\"name\":\"Accueil\",\"item\":\"https:\/\/orthopara.store\/\"},{\"@type\":\"ListItem\",\"position\":2,\"name\":\"Shop\",\"item\":\"https:\/\/orthopara.store\/?page_id=622\"},{\"@type\":\"ListItem\",\"position\":3,\"name\":\"Creme Anti pigment Soin de Jour spf 30 &#8211; Eucerin &#8211; 50ml\"}]},{\"@type\":\"WebSite\",\"@id\":\"https:\/\/orthopara.store\/#website\",\"url\":\"https:\/\/orthopara.store\/\",\"name\":\"OrthoPara\",\"description\":\"Parapharmacie\",\"publisher\":{\"@id\":\"https:\/\/orthopara.store\/#organization\"},\"potentialAction\":[{\"@type\":\"SearchAction\",\"target\":{\"@type\":\"EntryPoint\",\"urlTemplate\":\"https:\/\/orthopara.store\/?s={search_term_string}\"},\"query-input\":\"required name=search_term_string\"}],\"inLanguage\":\"fr-FR\"},{\"@type\":\"Organization\",\"@id\":\"https:\/\/orthopara.store\/#organization\",\"name\":\"OrthoPara\",\"url\":\"https:\/\/orthopara.store\/\",\"logo\":{\"@type\":\"ImageObject\",\"inLanguage\":\"fr-FR\",\"@id\":\"https:\/\/orthopara.store\/#\/schema\/logo\/image\/\",\"url\":\"https:\/\/orthopara.store\/wp-content\/uploads\/2024\/06\/cropped-9ABA8BAD-6256-4719-9315-15C66E64E882.png\",\"contentUrl\":\"https:\/\/orthopara.store\/wp-content\/uploads\/2024\/06\/cropped-9ABA8BAD-6256-4719-9315-15C66E64E882.png\",\"width\":240,\"height\":72,\"caption\":\"OrthoPara\"},\"image\":{\"@id\":\"https:\/\/orthopara.store\/#\/schema\/logo\/image\/\"},\"sameAs\":[\"https:\/\/www.facebook.com\/profile.php?id=61561194315651\",\"https:\/\/www.instagram.com\/orthopara_tunisie\/\"]}]}<\/script>\n<!-- \/ Yoast SEO plugin. -->","yoast_head_json":{"title":"Creme Anti pigment Soin de Jour spf 30 - Eucerin - 50ml - OrthoPara","robots":{"index":"index","follow":"follow","max-snippet":"max-snippet:-1","max-image-preview":"max-image-preview:large","max-video-preview":"max-video-preview:-1"},"canonical":"https:\/\/orthopara.store\/index.php\/produit\/creme-anti-pigment-soin-de-jour-spf-30-eucerin-50ml\/","og_locale":"fr_FR","og_type":"article","og_title":"Creme Anti pigment Soin de Jour spf 30 - Eucerin - 50ml - OrthoPara","og_description":"Eucerin Creme Anti pigment Soin de Jour spf 30\u00a0 ANTI-TACHE contenance 50ml DLC10\/2023","og_url":"https:\/\/orthopara.store\/index.php\/produit\/creme-anti-pigment-soin-de-jour-spf-30-eucerin-50ml\/","og_site_name":"OrthoPara","article_publisher":"https:\/\/www.facebook.com\/profile.php?id=61561194315651","article_modified_time":"2024-11-10T15:07:18+00:00","og_image":[{"width":800,"height":800,"url":"https:\/\/orthopara.store\/wp-content\/uploads\/2024\/06\/eucerin-anti-pigment-soin-de-jour-spf-30-50-ml.png","type":"image\/png"}],"twitter_card":"summary_large_image","twitter_misc":{"Dur\u00e9e de lecture estim\u00e9e":"1 minute"},"schema":{"@context":"https:\/\/schema.org","@graph":[{"@type":"WebPage","@id":"https:\/\/orthopara.store\/index.php\/produit\/creme-anti-pigment-soin-de-jour-spf-30-eucerin-50ml\/","url":"https:\/\/orthopara.store\/index.php\/produit\/creme-anti-pigment-soin-de-jour-spf-30-eucerin-50ml\/","name":"Creme Anti pigment Soin de Jour spf 30 - Eucerin - 50ml - OrthoPara","isPartOf":{"@id":"https:\/\/orthopara.store\/#website"},"primaryImageOfPage":{"@id":"https:\/\/orthopara.store\/index.php\/produit\/creme-anti-pigment-soin-de-jour-spf-30-eucerin-50ml\/#primaryimage"},"image":{"@id":"https:\/\/orthopara.store\/index.php\/produit\/creme-anti-pigment-soin-de-jour-spf-30-eucerin-50ml\/#primaryimage"},"thumbnailUrl":"https:\/\/orthopara.store\/wp-content\/uploads\/2024\/06\/eucerin-anti-pigment-soin-de-jour-spf-30-50-ml.png","datePublished":"2024-06-28T13:51:46+00:00","dateModified":"2024-11-10T15:07:18+00:00","breadcrumb":{"@id":"https:\/\/orthopara.store\/index.php\/produit\/creme-anti-pigment-soin-de-jour-spf-30-eucerin-50ml\/#breadcrumb"},"inLanguage":"fr-FR","potentialAction":[{"@type":"ReadAction","target":["https:\/\/orthopara.store\/index.php\/produit\/creme-anti-pigment-soin-de-jour-spf-30-eucerin-50ml\/"]}]},{"@type":"ImageObject","inLanguage":"fr-FR","@id":"https:\/\/orthopara.store\/index.php\/produit\/creme-anti-pigment-soin-de-jour-spf-30-eucerin-50ml\/#primaryimage","url":"https:\/\/orthopara.store\/wp-content\/uploads\/2024\/06\/eucerin-anti-pigment-soin-de-jour-spf-30-50-ml.png","contentUrl":"https:\/\/orthopara.store\/wp-content\/uploads\/2024\/06\/eucerin-anti-pigment-soin-de-jour-spf-30-50-ml.png","width":800,"height":800},{"@type":"BreadcrumbList","@id":"https:\/\/orthopara.store\/index.php\/produit\/creme-anti-pigment-soin-de-jour-spf-30-eucerin-50ml\/#breadcrumb","itemListElement":[{"@type":"ListItem","position":1,"name":"Accueil","item":"https:\/\/orthopara.store\/"},{"@type":"ListItem","position":2,"name":"Shop","item":"https:\/\/orthopara.store\/?page_id=622"},{"@type":"ListItem","position":3,"name":"Creme Anti pigment Soin de Jour spf 30 &#8211; Eucerin &#8211; 50ml"}]},{"@type":"WebSite","@id":"https:\/\/orthopara.store\/#website","url":"https:\/\/orthopara.store\/","name":"OrthoPara","description":"Parapharmacie","publisher":{"@id":"https:\/\/orthopara.store\/#organization"},"potentialAction":[{"@type":"SearchAction","target":{"@type":"EntryPoint","urlTemplate":"https:\/\/orthopara.store\/?s={search_term_string}"},"query-input":"required name=search_term_string"}],"inLanguage":"fr-FR"},{"@type":"Organization","@id":"https:\/\/orthopara.store\/#organization","name":"OrthoPara","url":"https:\/\/orthopara.store\/","logo":{"@type":"ImageObject","inLanguage":"fr-FR","@id":"https:\/\/orthopara.store\/#\/schema\/logo\/image\/","url":"https:\/\/orthopara.store\/wp-content\/uploads\/2024\/06\/cropped-9ABA8BAD-6256-4719-9315-15C66E64E882.png","contentUrl":"https:\/\/orthopara.store\/wp-content\/uploads\/2024\/06\/cropped-9ABA8BAD-6256-4719-9315-15C66E64E882.png","width":240,"height":72,"caption":"OrthoPara"},"image":{"@id":"https:\/\/orthopara.store\/#\/schema\/logo\/image\/"},"sameAs":["https:\/\/www.facebook.com\/profile.php?id=61561194315651","https:\/\/www.instagram.com\/orthopara_tunisie\/"]}]}},"jetpack_sharing_enabled":true,"brands":[{"id":86,"name":"Eucerin","slug":"eucerin"}],"_links":{"self":[{"href":"https:\/\/orthopara.store\/index.php?rest_route=\/wp\/v2\/product\/1129","targetHints":{"allow":["GET"]}}],"collection":[{"href":"https:\/\/orthopara.store\/index.php?rest_route=\/wp\/v2\/product"}],"about":[{"href":"https:\/\/orthopara.store\/index.php?rest_route=\/wp\/v2\/types\/product"}],"replies":[{"embeddable":true,"href":"https:\/\/orthopara.store\/index.php?rest_route=%2Fwp%2Fv2%2Fcomments&post=1129"}],"wp:featuredmedia":[{"embeddable":true,"href":"https:\/\/orthopara.store\/index.php?rest_route=\/wp\/v2\/media\/1152"}],"wp:attachment":[{"href":"https:\/\/orthopara.store\/index.php?rest_route=%2Fwp%2Fv2%2Fmedia&parent=1129"}],"wp:term":[{"taxonomy":"pwb-brand","embeddable":true,"href":"https:\/\/orthopara.store\/index.php?rest_route=%2Fwp%2Fv2%2Fpwb-brand&post=1129"},{"taxonomy":"product_cat","embeddable":true,"href":"https:\/\/orthopara.store\/index.php?rest_route=%2Fwp%2Fv2%2Fproduct_cat&post=1129"},{"taxonomy":"product_tag","embeddable":true,"href":"https:\/\/orthopara.store\/index.php?rest_route=%2Fwp%2Fv2%2Fproduct_tag&post=1129"}],"curies":[{"name":"wp","href":"https:\/\/api.w.org\/{rel}","templated":true}]}}