{"id":1131,"date":"2024-06-28T15:51:47","date_gmt":"2024-06-28T13:51:47","guid":{"rendered":"https:\/\/orthopara.store\/?post_type=product&#038;p=1131"},"modified":"2024-11-10T16:21:03","modified_gmt":"2024-11-10T15:21:03","slug":"creme-intensive-acm-depiwhite-advanced-anti-taches-40ml","status":"publish","type":"product","link":"https:\/\/orthopara.store\/?product=creme-intensive-acm-depiwhite-advanced-anti-taches-40ml","title":{"rendered":"Cr\u00e8me intensive &#8211; ACM depiwhite advanced &#8211; anti-t\u00e2ches &#8211; 40ml"},"content":{"rendered":"<p>Cr\u00e8me intensive &#8211; ACM depiwhite advanced &#8211; anti-t\u00e2ches &#8211; 40ml<br \/>\nLa cr\u00e8me d\u00e9pigmentante D\u00e9piwhite Advanced associe 4 actifs d\u00e9pigmentants performants pour une meilleure efficacit\u00e9. Elle a \u00e9t\u00e9 sp\u00e9cialement formul\u00e9e pour att\u00e9nuer ou \u00e9liminer les taches brunes et limiter leur r\u00e9apparition et permettre ainsi d&rsquo;unifier le teint.<br \/>\nB\u00e9n\u00e9fices :\u00a0<br \/>\n&#8211; Ralentissement de la production de m\u00e9lanine<br \/>\n&#8211; \u00c9limination de la m\u00e9lanine \u00e9pidermique existante<br \/>\n&#8211; Stimulation de la biod\u00e9gradation de la m\u00e9lanine<br \/>\nConseil d&rsquo;utilisation<br \/>\nAppliquer 1 \u00e0 2 fois par jour et uniquement sur les zones concern\u00e9es.<br \/>\nComposition<br \/>\naqua, C12-13 alkyl lactate, vitis vinifera seed oil, glycerin, glyceryl stearate, butylene glycol, kojic acid, PEG-100 stearate, petrolatum, propylene glycol, stearyl alcohol, cyclopentasiloxane, cetearyl alcohol, dimethicone, aluminium silicate, ascorbyl methylsilanol pectinate, niacinamide, arctostaphylos uva ursi leaf extract, carum petroselinum (parsley) extract, reseda luteola extract, lactic acid, isohexadecane, coc glucoside, cyclohexasiloxane, phenoxyethanol, potassium cetyl phosphate, sodium acrylate\/acryloyldimethyl taurate copolymer, ammonium acryloyldimethyl taurate\/VP copolymer, polysorbate 80, disodium EDTA, O-cymn-5-ol, sodium sulfite, sodium metabisulfite, sodium benzoate.<\/p>\n","protected":false},"excerpt":{"rendered":"<p>ACM Depiwhite Advanced<br \/>\n\u00a0cr\u00e8me d\u00e9pigmentant\u00a0<br \/>\nLa Cr\u00e8me D\u00e9pigmentant\u00a0D\u00e9piwhite favorise la disparition des taches et unifie le teint. Elle convient aux mains, au visage et au d\u00e9collet\u00e9.<br \/>\nZones d&rsquo;application : Visage &#8211; Coup &#8211; D\u00e9collet\u00e9<br \/>\nQuand : Matin ou soir uniquement sur les zones \u00e0 traiter pendant 2 \u00e0 6 mois<br \/>\nContenance : 40 ml<br \/>\nDLC : 11\/2024<\/p>\n","protected":false},"featured_media":1154,"comment_status":"open","ping_status":"closed","template":"","meta":[],"pwb-brand":[59],"product_cat":[125],"product_tag":[],"class_list":{"0":"post-1131","1":"product","2":"type-product","3":"status-publish","4":"has-post-thumbnail","6":"pwb-brand-acm","7":"product_cat-soins-anti-taches","8":"post","9":"ws-product--style-1","11":"first","12":"instock","13":"shipping-taxable","14":"purchasable","15":"product-type-simple"},"yoast_head":"<!-- This site is optimized with the Yoast SEO plugin v23.0 - https:\/\/yoast.com\/wordpress\/plugins\/seo\/ -->\n<title>Cr\u00e8me intensive - ACM depiwhite advanced - anti-t\u00e2ches - 40ml - OrthoPara<\/title>\n<meta name=\"robots\" content=\"index, follow, max-snippet:-1, max-image-preview:large, max-video-preview:-1\" \/>\n<link rel=\"canonical\" href=\"https:\/\/orthopara.store\/index.php\/produit\/creme-intensive-acm-depiwhite-advanced-anti-taches-40ml\/\" \/>\n<meta property=\"og:locale\" content=\"fr_FR\" \/>\n<meta property=\"og:type\" content=\"article\" \/>\n<meta property=\"og:title\" content=\"Cr\u00e8me intensive - ACM depiwhite advanced - anti-t\u00e2ches - 40ml - OrthoPara\" \/>\n<meta property=\"og:description\" content=\"ACM Depiwhite Advanced \u00a0cr\u00e8me d\u00e9pigmentant\u00a0 La Cr\u00e8me D\u00e9pigmentant\u00a0D\u00e9piwhite favorise la disparition des taches et unifie le teint. Elle convient aux mains, au visage et au d\u00e9collet\u00e9. Zones d&#039;application : Visage - Coup - D\u00e9collet\u00e9 Quand : Matin ou soir uniquement sur les zones \u00e0 traiter pendant 2 \u00e0 6 mois Contenance : 40 ml DLC : 11\/2024\" \/>\n<meta property=\"og:url\" content=\"https:\/\/orthopara.store\/index.php\/produit\/creme-intensive-acm-depiwhite-advanced-anti-taches-40ml\/\" \/>\n<meta property=\"og:site_name\" content=\"OrthoPara\" \/>\n<meta property=\"article:publisher\" content=\"https:\/\/www.facebook.com\/profile.php?id=61561194315651\" \/>\n<meta property=\"article:modified_time\" content=\"2024-11-10T15:21:03+00:00\" \/>\n<meta property=\"og:image\" content=\"https:\/\/orthopara.store\/wp-content\/uploads\/2024\/06\/creme-intensive-acm-depiwhite-advanced-anti-taches-40ml.jpg\" \/>\n\t<meta property=\"og:image:width\" content=\"800\" \/>\n\t<meta property=\"og:image:height\" content=\"800\" \/>\n\t<meta property=\"og:image:type\" content=\"image\/jpeg\" \/>\n<meta name=\"twitter:card\" content=\"summary_large_image\" \/>\n<meta name=\"twitter:label1\" content=\"Dur\u00e9e de lecture estim\u00e9e\" \/>\n\t<meta name=\"twitter:data1\" content=\"1 minute\" \/>\n<script type=\"application\/ld+json\" class=\"yoast-schema-graph\">{\"@context\":\"https:\/\/schema.org\",\"@graph\":[{\"@type\":\"WebPage\",\"@id\":\"https:\/\/orthopara.store\/index.php\/produit\/creme-intensive-acm-depiwhite-advanced-anti-taches-40ml\/\",\"url\":\"https:\/\/orthopara.store\/index.php\/produit\/creme-intensive-acm-depiwhite-advanced-anti-taches-40ml\/\",\"name\":\"Cr\u00e8me intensive - ACM depiwhite advanced - anti-t\u00e2ches - 40ml - OrthoPara\",\"isPartOf\":{\"@id\":\"https:\/\/orthopara.store\/#website\"},\"primaryImageOfPage\":{\"@id\":\"https:\/\/orthopara.store\/index.php\/produit\/creme-intensive-acm-depiwhite-advanced-anti-taches-40ml\/#primaryimage\"},\"image\":{\"@id\":\"https:\/\/orthopara.store\/index.php\/produit\/creme-intensive-acm-depiwhite-advanced-anti-taches-40ml\/#primaryimage\"},\"thumbnailUrl\":\"https:\/\/orthopara.store\/wp-content\/uploads\/2024\/06\/creme-intensive-acm-depiwhite-advanced-anti-taches-40ml.jpg\",\"datePublished\":\"2024-06-28T13:51:47+00:00\",\"dateModified\":\"2024-11-10T15:21:03+00:00\",\"breadcrumb\":{\"@id\":\"https:\/\/orthopara.store\/index.php\/produit\/creme-intensive-acm-depiwhite-advanced-anti-taches-40ml\/#breadcrumb\"},\"inLanguage\":\"fr-FR\",\"potentialAction\":[{\"@type\":\"ReadAction\",\"target\":[\"https:\/\/orthopara.store\/index.php\/produit\/creme-intensive-acm-depiwhite-advanced-anti-taches-40ml\/\"]}]},{\"@type\":\"ImageObject\",\"inLanguage\":\"fr-FR\",\"@id\":\"https:\/\/orthopara.store\/index.php\/produit\/creme-intensive-acm-depiwhite-advanced-anti-taches-40ml\/#primaryimage\",\"url\":\"https:\/\/orthopara.store\/wp-content\/uploads\/2024\/06\/creme-intensive-acm-depiwhite-advanced-anti-taches-40ml.jpg\",\"contentUrl\":\"https:\/\/orthopara.store\/wp-content\/uploads\/2024\/06\/creme-intensive-acm-depiwhite-advanced-anti-taches-40ml.jpg\",\"width\":800,\"height\":800},{\"@type\":\"BreadcrumbList\",\"@id\":\"https:\/\/orthopara.store\/index.php\/produit\/creme-intensive-acm-depiwhite-advanced-anti-taches-40ml\/#breadcrumb\",\"itemListElement\":[{\"@type\":\"ListItem\",\"position\":1,\"name\":\"Accueil\",\"item\":\"https:\/\/orthopara.store\/\"},{\"@type\":\"ListItem\",\"position\":2,\"name\":\"Shop\",\"item\":\"https:\/\/orthopara.store\/?page_id=622\"},{\"@type\":\"ListItem\",\"position\":3,\"name\":\"Cr\u00e8me intensive &#8211; ACM depiwhite advanced &#8211; anti-t\u00e2ches &#8211; 40ml\"}]},{\"@type\":\"WebSite\",\"@id\":\"https:\/\/orthopara.store\/#website\",\"url\":\"https:\/\/orthopara.store\/\",\"name\":\"OrthoPara\",\"description\":\"Parapharmacie\",\"publisher\":{\"@id\":\"https:\/\/orthopara.store\/#organization\"},\"potentialAction\":[{\"@type\":\"SearchAction\",\"target\":{\"@type\":\"EntryPoint\",\"urlTemplate\":\"https:\/\/orthopara.store\/?s={search_term_string}\"},\"query-input\":\"required name=search_term_string\"}],\"inLanguage\":\"fr-FR\"},{\"@type\":\"Organization\",\"@id\":\"https:\/\/orthopara.store\/#organization\",\"name\":\"OrthoPara\",\"url\":\"https:\/\/orthopara.store\/\",\"logo\":{\"@type\":\"ImageObject\",\"inLanguage\":\"fr-FR\",\"@id\":\"https:\/\/orthopara.store\/#\/schema\/logo\/image\/\",\"url\":\"https:\/\/orthopara.store\/wp-content\/uploads\/2024\/06\/cropped-9ABA8BAD-6256-4719-9315-15C66E64E882.png\",\"contentUrl\":\"https:\/\/orthopara.store\/wp-content\/uploads\/2024\/06\/cropped-9ABA8BAD-6256-4719-9315-15C66E64E882.png\",\"width\":240,\"height\":72,\"caption\":\"OrthoPara\"},\"image\":{\"@id\":\"https:\/\/orthopara.store\/#\/schema\/logo\/image\/\"},\"sameAs\":[\"https:\/\/www.facebook.com\/profile.php?id=61561194315651\",\"https:\/\/www.instagram.com\/orthopara_tunisie\/\"]}]}<\/script>\n<!-- \/ Yoast SEO plugin. -->","yoast_head_json":{"title":"Cr\u00e8me intensive - ACM depiwhite advanced - anti-t\u00e2ches - 40ml - OrthoPara","robots":{"index":"index","follow":"follow","max-snippet":"max-snippet:-1","max-image-preview":"max-image-preview:large","max-video-preview":"max-video-preview:-1"},"canonical":"https:\/\/orthopara.store\/index.php\/produit\/creme-intensive-acm-depiwhite-advanced-anti-taches-40ml\/","og_locale":"fr_FR","og_type":"article","og_title":"Cr\u00e8me intensive - ACM depiwhite advanced - anti-t\u00e2ches - 40ml - OrthoPara","og_description":"ACM Depiwhite Advanced \u00a0cr\u00e8me d\u00e9pigmentant\u00a0 La Cr\u00e8me D\u00e9pigmentant\u00a0D\u00e9piwhite favorise la disparition des taches et unifie le teint. Elle convient aux mains, au visage et au d\u00e9collet\u00e9. Zones d'application : Visage - Coup - D\u00e9collet\u00e9 Quand : Matin ou soir uniquement sur les zones \u00e0 traiter pendant 2 \u00e0 6 mois Contenance : 40 ml DLC : 11\/2024","og_url":"https:\/\/orthopara.store\/index.php\/produit\/creme-intensive-acm-depiwhite-advanced-anti-taches-40ml\/","og_site_name":"OrthoPara","article_publisher":"https:\/\/www.facebook.com\/profile.php?id=61561194315651","article_modified_time":"2024-11-10T15:21:03+00:00","og_image":[{"width":800,"height":800,"url":"https:\/\/orthopara.store\/wp-content\/uploads\/2024\/06\/creme-intensive-acm-depiwhite-advanced-anti-taches-40ml.jpg","type":"image\/jpeg"}],"twitter_card":"summary_large_image","twitter_misc":{"Dur\u00e9e de lecture estim\u00e9e":"1 minute"},"schema":{"@context":"https:\/\/schema.org","@graph":[{"@type":"WebPage","@id":"https:\/\/orthopara.store\/index.php\/produit\/creme-intensive-acm-depiwhite-advanced-anti-taches-40ml\/","url":"https:\/\/orthopara.store\/index.php\/produit\/creme-intensive-acm-depiwhite-advanced-anti-taches-40ml\/","name":"Cr\u00e8me intensive - ACM depiwhite advanced - anti-t\u00e2ches - 40ml - OrthoPara","isPartOf":{"@id":"https:\/\/orthopara.store\/#website"},"primaryImageOfPage":{"@id":"https:\/\/orthopara.store\/index.php\/produit\/creme-intensive-acm-depiwhite-advanced-anti-taches-40ml\/#primaryimage"},"image":{"@id":"https:\/\/orthopara.store\/index.php\/produit\/creme-intensive-acm-depiwhite-advanced-anti-taches-40ml\/#primaryimage"},"thumbnailUrl":"https:\/\/orthopara.store\/wp-content\/uploads\/2024\/06\/creme-intensive-acm-depiwhite-advanced-anti-taches-40ml.jpg","datePublished":"2024-06-28T13:51:47+00:00","dateModified":"2024-11-10T15:21:03+00:00","breadcrumb":{"@id":"https:\/\/orthopara.store\/index.php\/produit\/creme-intensive-acm-depiwhite-advanced-anti-taches-40ml\/#breadcrumb"},"inLanguage":"fr-FR","potentialAction":[{"@type":"ReadAction","target":["https:\/\/orthopara.store\/index.php\/produit\/creme-intensive-acm-depiwhite-advanced-anti-taches-40ml\/"]}]},{"@type":"ImageObject","inLanguage":"fr-FR","@id":"https:\/\/orthopara.store\/index.php\/produit\/creme-intensive-acm-depiwhite-advanced-anti-taches-40ml\/#primaryimage","url":"https:\/\/orthopara.store\/wp-content\/uploads\/2024\/06\/creme-intensive-acm-depiwhite-advanced-anti-taches-40ml.jpg","contentUrl":"https:\/\/orthopara.store\/wp-content\/uploads\/2024\/06\/creme-intensive-acm-depiwhite-advanced-anti-taches-40ml.jpg","width":800,"height":800},{"@type":"BreadcrumbList","@id":"https:\/\/orthopara.store\/index.php\/produit\/creme-intensive-acm-depiwhite-advanced-anti-taches-40ml\/#breadcrumb","itemListElement":[{"@type":"ListItem","position":1,"name":"Accueil","item":"https:\/\/orthopara.store\/"},{"@type":"ListItem","position":2,"name":"Shop","item":"https:\/\/orthopara.store\/?page_id=622"},{"@type":"ListItem","position":3,"name":"Cr\u00e8me intensive &#8211; ACM depiwhite advanced &#8211; anti-t\u00e2ches &#8211; 40ml"}]},{"@type":"WebSite","@id":"https:\/\/orthopara.store\/#website","url":"https:\/\/orthopara.store\/","name":"OrthoPara","description":"Parapharmacie","publisher":{"@id":"https:\/\/orthopara.store\/#organization"},"potentialAction":[{"@type":"SearchAction","target":{"@type":"EntryPoint","urlTemplate":"https:\/\/orthopara.store\/?s={search_term_string}"},"query-input":"required name=search_term_string"}],"inLanguage":"fr-FR"},{"@type":"Organization","@id":"https:\/\/orthopara.store\/#organization","name":"OrthoPara","url":"https:\/\/orthopara.store\/","logo":{"@type":"ImageObject","inLanguage":"fr-FR","@id":"https:\/\/orthopara.store\/#\/schema\/logo\/image\/","url":"https:\/\/orthopara.store\/wp-content\/uploads\/2024\/06\/cropped-9ABA8BAD-6256-4719-9315-15C66E64E882.png","contentUrl":"https:\/\/orthopara.store\/wp-content\/uploads\/2024\/06\/cropped-9ABA8BAD-6256-4719-9315-15C66E64E882.png","width":240,"height":72,"caption":"OrthoPara"},"image":{"@id":"https:\/\/orthopara.store\/#\/schema\/logo\/image\/"},"sameAs":["https:\/\/www.facebook.com\/profile.php?id=61561194315651","https:\/\/www.instagram.com\/orthopara_tunisie\/"]}]}},"jetpack_sharing_enabled":true,"brands":[{"id":59,"name":"ACM","slug":"acm"}],"_links":{"self":[{"href":"https:\/\/orthopara.store\/index.php?rest_route=\/wp\/v2\/product\/1131","targetHints":{"allow":["GET"]}}],"collection":[{"href":"https:\/\/orthopara.store\/index.php?rest_route=\/wp\/v2\/product"}],"about":[{"href":"https:\/\/orthopara.store\/index.php?rest_route=\/wp\/v2\/types\/product"}],"replies":[{"embeddable":true,"href":"https:\/\/orthopara.store\/index.php?rest_route=%2Fwp%2Fv2%2Fcomments&post=1131"}],"wp:featuredmedia":[{"embeddable":true,"href":"https:\/\/orthopara.store\/index.php?rest_route=\/wp\/v2\/media\/1154"}],"wp:attachment":[{"href":"https:\/\/orthopara.store\/index.php?rest_route=%2Fwp%2Fv2%2Fmedia&parent=1131"}],"wp:term":[{"taxonomy":"pwb-brand","embeddable":true,"href":"https:\/\/orthopara.store\/index.php?rest_route=%2Fwp%2Fv2%2Fpwb-brand&post=1131"},{"taxonomy":"product_cat","embeddable":true,"href":"https:\/\/orthopara.store\/index.php?rest_route=%2Fwp%2Fv2%2Fproduct_cat&post=1131"},{"taxonomy":"product_tag","embeddable":true,"href":"https:\/\/orthopara.store\/index.php?rest_route=%2Fwp%2Fv2%2Fproduct_tag&post=1131"}],"curies":[{"name":"wp","href":"https:\/\/api.w.org\/{rel}","templated":true}]}}