{"id":1132,"date":"2024-06-28T15:51:47","date_gmt":"2024-06-28T13:51:47","guid":{"rendered":"https:\/\/orthopara.store\/?post_type=product&#038;p=1132"},"modified":"2024-06-28T15:51:54","modified_gmt":"2024-06-28T13:51:54","slug":"isdin-isdinceutics-melaclear-serum-correcteur-unifiant-15ml","status":"publish","type":"product","link":"https:\/\/orthopara.store\/?product=isdin-isdinceutics-melaclear-serum-correcteur-unifiant-15ml","title":{"rendered":"Isdin Isdinceutics Melaclear &#8211; S\u00e9rum correcteur unifiant &#8211; 15ml"},"content":{"rendered":"<p>ISDIN Melaclear est un S\u00e9rum correcteur unifiant tonifiant<br \/>\nIndications :\u00a0<br \/>\nS\u00e9rum correcteur recommand\u00e9 pour r\u00e9duire les taches associ\u00e9es aux probl\u00e8mes d&rsquo;hyperpigmentation d&rsquo;origines diverses : exposition au soleil, m\u00e9lasme, r\u00e9actions li\u00e9es \u00e0 la prise de certains m\u00e9dicaments.<br \/>\nAvantages :<br \/>\nLe pouvoir antioxydant de la vitamine C favorise le renouvellement des cellules de la peau, tout en emp\u00eachant l&rsquo;oxydation de la m\u00e9lanine, diminuant ainsi progressivement le tonus des taches.<br \/>\nL&rsquo;acide phytique renforce l&rsquo;action de la vitamine C et, gr\u00e2ce \u00e0 son action exfoliante, redonne \u00e0 la peau son \u00e9clat originel.<br \/>\nLe syst\u00e8me modulateur ROS agit sur la r\u00e9apparition des taches et assure une protection contre les radicaux libres.<br \/>\nConseils d&rsquo;utilisation :\u00a0<br \/>\nAppliquer quelques gouttes de s\u00e9rum sur les zones indiqu\u00e9es (visage, d\u00e9collet\u00e9, \u00e9paules, dos des mains) en \u00e9vitant le contour des yeux pendant 3 mois minimum.<br \/>\nPendant cette p\u00e9riode, il est recommand\u00e9 d&rsquo;\u00e9viter l&rsquo;exposition au soleil et d&rsquo;appliquer un photoprotecteur SPF tr\u00e8s \u00e9lev\u00e9.<br \/>\nContenance :<br \/>\n15ml<\/p>\n","protected":false},"excerpt":{"rendered":"<p>S\u00e9rum correcteur unifiant tonifiant\u00a0<br \/>\nContenance : 15ml<\/p>\n","protected":false},"featured_media":1155,"comment_status":"open","ping_status":"closed","template":"","meta":[],"pwb-brand":[42],"product_cat":[125],"product_tag":[],"class_list":{"0":"post-1132","1":"product","2":"type-product","3":"status-publish","4":"has-post-thumbnail","6":"pwb-brand-isdin","7":"product_cat-soins-anti-taches","8":"post","9":"ws-product--style-1","11":"first","12":"instock","13":"shipping-taxable","14":"purchasable","15":"product-type-simple"},"yoast_head":"<!-- This site is optimized with the Yoast SEO plugin v23.0 - https:\/\/yoast.com\/wordpress\/plugins\/seo\/ -->\n<title>Isdin Isdinceutics Melaclear - S\u00e9rum correcteur unifiant - 15ml - OrthoPara<\/title>\n<meta name=\"robots\" content=\"index, follow, max-snippet:-1, max-image-preview:large, max-video-preview:-1\" \/>\n<link rel=\"canonical\" href=\"https:\/\/orthopara.store\/index.php\/produit\/isdin-isdinceutics-melaclear-serum-correcteur-unifiant-15ml\/\" \/>\n<meta property=\"og:locale\" content=\"fr_FR\" \/>\n<meta property=\"og:type\" content=\"article\" \/>\n<meta property=\"og:title\" content=\"Isdin Isdinceutics Melaclear - S\u00e9rum correcteur unifiant - 15ml - OrthoPara\" \/>\n<meta property=\"og:description\" content=\"S\u00e9rum correcteur unifiant tonifiant\u00a0 Contenance : 15ml\" \/>\n<meta property=\"og:url\" content=\"https:\/\/orthopara.store\/index.php\/produit\/isdin-isdinceutics-melaclear-serum-correcteur-unifiant-15ml\/\" \/>\n<meta property=\"og:site_name\" content=\"OrthoPara\" \/>\n<meta property=\"article:publisher\" content=\"https:\/\/www.facebook.com\/profile.php?id=61561194315651\" \/>\n<meta property=\"article:modified_time\" content=\"2024-06-28T13:51:54+00:00\" \/>\n<meta property=\"og:image\" content=\"https:\/\/orthopara.store\/wp-content\/uploads\/2024\/06\/serum-correcteur-unifiant-isdin-isdinceutics-melaclear-15ml.jpg\" \/>\n\t<meta property=\"og:image:width\" content=\"800\" \/>\n\t<meta property=\"og:image:height\" content=\"800\" \/>\n\t<meta property=\"og:image:type\" content=\"image\/jpeg\" \/>\n<meta name=\"twitter:card\" content=\"summary_large_image\" \/>\n<meta name=\"twitter:label1\" content=\"Dur\u00e9e de lecture estim\u00e9e\" \/>\n\t<meta name=\"twitter:data1\" content=\"1 minute\" \/>\n<script type=\"application\/ld+json\" class=\"yoast-schema-graph\">{\"@context\":\"https:\/\/schema.org\",\"@graph\":[{\"@type\":\"WebPage\",\"@id\":\"https:\/\/orthopara.store\/index.php\/produit\/isdin-isdinceutics-melaclear-serum-correcteur-unifiant-15ml\/\",\"url\":\"https:\/\/orthopara.store\/index.php\/produit\/isdin-isdinceutics-melaclear-serum-correcteur-unifiant-15ml\/\",\"name\":\"Isdin Isdinceutics Melaclear - S\u00e9rum correcteur unifiant - 15ml - OrthoPara\",\"isPartOf\":{\"@id\":\"https:\/\/orthopara.store\/#website\"},\"primaryImageOfPage\":{\"@id\":\"https:\/\/orthopara.store\/index.php\/produit\/isdin-isdinceutics-melaclear-serum-correcteur-unifiant-15ml\/#primaryimage\"},\"image\":{\"@id\":\"https:\/\/orthopara.store\/index.php\/produit\/isdin-isdinceutics-melaclear-serum-correcteur-unifiant-15ml\/#primaryimage\"},\"thumbnailUrl\":\"https:\/\/orthopara.store\/wp-content\/uploads\/2024\/06\/serum-correcteur-unifiant-isdin-isdinceutics-melaclear-15ml.jpg\",\"datePublished\":\"2024-06-28T13:51:47+00:00\",\"dateModified\":\"2024-06-28T13:51:54+00:00\",\"breadcrumb\":{\"@id\":\"https:\/\/orthopara.store\/index.php\/produit\/isdin-isdinceutics-melaclear-serum-correcteur-unifiant-15ml\/#breadcrumb\"},\"inLanguage\":\"fr-FR\",\"potentialAction\":[{\"@type\":\"ReadAction\",\"target\":[\"https:\/\/orthopara.store\/index.php\/produit\/isdin-isdinceutics-melaclear-serum-correcteur-unifiant-15ml\/\"]}]},{\"@type\":\"ImageObject\",\"inLanguage\":\"fr-FR\",\"@id\":\"https:\/\/orthopara.store\/index.php\/produit\/isdin-isdinceutics-melaclear-serum-correcteur-unifiant-15ml\/#primaryimage\",\"url\":\"https:\/\/orthopara.store\/wp-content\/uploads\/2024\/06\/serum-correcteur-unifiant-isdin-isdinceutics-melaclear-15ml.jpg\",\"contentUrl\":\"https:\/\/orthopara.store\/wp-content\/uploads\/2024\/06\/serum-correcteur-unifiant-isdin-isdinceutics-melaclear-15ml.jpg\",\"width\":800,\"height\":800},{\"@type\":\"BreadcrumbList\",\"@id\":\"https:\/\/orthopara.store\/index.php\/produit\/isdin-isdinceutics-melaclear-serum-correcteur-unifiant-15ml\/#breadcrumb\",\"itemListElement\":[{\"@type\":\"ListItem\",\"position\":1,\"name\":\"Accueil\",\"item\":\"https:\/\/orthopara.store\/\"},{\"@type\":\"ListItem\",\"position\":2,\"name\":\"Shop\",\"item\":\"https:\/\/orthopara.store\/?page_id=622\"},{\"@type\":\"ListItem\",\"position\":3,\"name\":\"Isdin Isdinceutics Melaclear &#8211; S\u00e9rum correcteur unifiant &#8211; 15ml\"}]},{\"@type\":\"WebSite\",\"@id\":\"https:\/\/orthopara.store\/#website\",\"url\":\"https:\/\/orthopara.store\/\",\"name\":\"OrthoPara\",\"description\":\"Parapharmacie\",\"publisher\":{\"@id\":\"https:\/\/orthopara.store\/#organization\"},\"potentialAction\":[{\"@type\":\"SearchAction\",\"target\":{\"@type\":\"EntryPoint\",\"urlTemplate\":\"https:\/\/orthopara.store\/?s={search_term_string}\"},\"query-input\":\"required name=search_term_string\"}],\"inLanguage\":\"fr-FR\"},{\"@type\":\"Organization\",\"@id\":\"https:\/\/orthopara.store\/#organization\",\"name\":\"OrthoPara\",\"url\":\"https:\/\/orthopara.store\/\",\"logo\":{\"@type\":\"ImageObject\",\"inLanguage\":\"fr-FR\",\"@id\":\"https:\/\/orthopara.store\/#\/schema\/logo\/image\/\",\"url\":\"https:\/\/orthopara.store\/wp-content\/uploads\/2024\/06\/cropped-9ABA8BAD-6256-4719-9315-15C66E64E882.png\",\"contentUrl\":\"https:\/\/orthopara.store\/wp-content\/uploads\/2024\/06\/cropped-9ABA8BAD-6256-4719-9315-15C66E64E882.png\",\"width\":240,\"height\":72,\"caption\":\"OrthoPara\"},\"image\":{\"@id\":\"https:\/\/orthopara.store\/#\/schema\/logo\/image\/\"},\"sameAs\":[\"https:\/\/www.facebook.com\/profile.php?id=61561194315651\",\"https:\/\/www.instagram.com\/orthopara_tunisie\/\"]}]}<\/script>\n<!-- \/ Yoast SEO plugin. -->","yoast_head_json":{"title":"Isdin Isdinceutics Melaclear - S\u00e9rum correcteur unifiant - 15ml - OrthoPara","robots":{"index":"index","follow":"follow","max-snippet":"max-snippet:-1","max-image-preview":"max-image-preview:large","max-video-preview":"max-video-preview:-1"},"canonical":"https:\/\/orthopara.store\/index.php\/produit\/isdin-isdinceutics-melaclear-serum-correcteur-unifiant-15ml\/","og_locale":"fr_FR","og_type":"article","og_title":"Isdin Isdinceutics Melaclear - S\u00e9rum correcteur unifiant - 15ml - OrthoPara","og_description":"S\u00e9rum correcteur unifiant tonifiant\u00a0 Contenance : 15ml","og_url":"https:\/\/orthopara.store\/index.php\/produit\/isdin-isdinceutics-melaclear-serum-correcteur-unifiant-15ml\/","og_site_name":"OrthoPara","article_publisher":"https:\/\/www.facebook.com\/profile.php?id=61561194315651","article_modified_time":"2024-06-28T13:51:54+00:00","og_image":[{"width":800,"height":800,"url":"https:\/\/orthopara.store\/wp-content\/uploads\/2024\/06\/serum-correcteur-unifiant-isdin-isdinceutics-melaclear-15ml.jpg","type":"image\/jpeg"}],"twitter_card":"summary_large_image","twitter_misc":{"Dur\u00e9e de lecture estim\u00e9e":"1 minute"},"schema":{"@context":"https:\/\/schema.org","@graph":[{"@type":"WebPage","@id":"https:\/\/orthopara.store\/index.php\/produit\/isdin-isdinceutics-melaclear-serum-correcteur-unifiant-15ml\/","url":"https:\/\/orthopara.store\/index.php\/produit\/isdin-isdinceutics-melaclear-serum-correcteur-unifiant-15ml\/","name":"Isdin Isdinceutics Melaclear - S\u00e9rum correcteur unifiant - 15ml - OrthoPara","isPartOf":{"@id":"https:\/\/orthopara.store\/#website"},"primaryImageOfPage":{"@id":"https:\/\/orthopara.store\/index.php\/produit\/isdin-isdinceutics-melaclear-serum-correcteur-unifiant-15ml\/#primaryimage"},"image":{"@id":"https:\/\/orthopara.store\/index.php\/produit\/isdin-isdinceutics-melaclear-serum-correcteur-unifiant-15ml\/#primaryimage"},"thumbnailUrl":"https:\/\/orthopara.store\/wp-content\/uploads\/2024\/06\/serum-correcteur-unifiant-isdin-isdinceutics-melaclear-15ml.jpg","datePublished":"2024-06-28T13:51:47+00:00","dateModified":"2024-06-28T13:51:54+00:00","breadcrumb":{"@id":"https:\/\/orthopara.store\/index.php\/produit\/isdin-isdinceutics-melaclear-serum-correcteur-unifiant-15ml\/#breadcrumb"},"inLanguage":"fr-FR","potentialAction":[{"@type":"ReadAction","target":["https:\/\/orthopara.store\/index.php\/produit\/isdin-isdinceutics-melaclear-serum-correcteur-unifiant-15ml\/"]}]},{"@type":"ImageObject","inLanguage":"fr-FR","@id":"https:\/\/orthopara.store\/index.php\/produit\/isdin-isdinceutics-melaclear-serum-correcteur-unifiant-15ml\/#primaryimage","url":"https:\/\/orthopara.store\/wp-content\/uploads\/2024\/06\/serum-correcteur-unifiant-isdin-isdinceutics-melaclear-15ml.jpg","contentUrl":"https:\/\/orthopara.store\/wp-content\/uploads\/2024\/06\/serum-correcteur-unifiant-isdin-isdinceutics-melaclear-15ml.jpg","width":800,"height":800},{"@type":"BreadcrumbList","@id":"https:\/\/orthopara.store\/index.php\/produit\/isdin-isdinceutics-melaclear-serum-correcteur-unifiant-15ml\/#breadcrumb","itemListElement":[{"@type":"ListItem","position":1,"name":"Accueil","item":"https:\/\/orthopara.store\/"},{"@type":"ListItem","position":2,"name":"Shop","item":"https:\/\/orthopara.store\/?page_id=622"},{"@type":"ListItem","position":3,"name":"Isdin Isdinceutics Melaclear &#8211; S\u00e9rum correcteur unifiant &#8211; 15ml"}]},{"@type":"WebSite","@id":"https:\/\/orthopara.store\/#website","url":"https:\/\/orthopara.store\/","name":"OrthoPara","description":"Parapharmacie","publisher":{"@id":"https:\/\/orthopara.store\/#organization"},"potentialAction":[{"@type":"SearchAction","target":{"@type":"EntryPoint","urlTemplate":"https:\/\/orthopara.store\/?s={search_term_string}"},"query-input":"required name=search_term_string"}],"inLanguage":"fr-FR"},{"@type":"Organization","@id":"https:\/\/orthopara.store\/#organization","name":"OrthoPara","url":"https:\/\/orthopara.store\/","logo":{"@type":"ImageObject","inLanguage":"fr-FR","@id":"https:\/\/orthopara.store\/#\/schema\/logo\/image\/","url":"https:\/\/orthopara.store\/wp-content\/uploads\/2024\/06\/cropped-9ABA8BAD-6256-4719-9315-15C66E64E882.png","contentUrl":"https:\/\/orthopara.store\/wp-content\/uploads\/2024\/06\/cropped-9ABA8BAD-6256-4719-9315-15C66E64E882.png","width":240,"height":72,"caption":"OrthoPara"},"image":{"@id":"https:\/\/orthopara.store\/#\/schema\/logo\/image\/"},"sameAs":["https:\/\/www.facebook.com\/profile.php?id=61561194315651","https:\/\/www.instagram.com\/orthopara_tunisie\/"]}]}},"jetpack_sharing_enabled":true,"brands":[{"id":42,"name":"ISDIN","slug":"isdin"}],"_links":{"self":[{"href":"https:\/\/orthopara.store\/index.php?rest_route=\/wp\/v2\/product\/1132","targetHints":{"allow":["GET"]}}],"collection":[{"href":"https:\/\/orthopara.store\/index.php?rest_route=\/wp\/v2\/product"}],"about":[{"href":"https:\/\/orthopara.store\/index.php?rest_route=\/wp\/v2\/types\/product"}],"replies":[{"embeddable":true,"href":"https:\/\/orthopara.store\/index.php?rest_route=%2Fwp%2Fv2%2Fcomments&post=1132"}],"wp:featuredmedia":[{"embeddable":true,"href":"https:\/\/orthopara.store\/index.php?rest_route=\/wp\/v2\/media\/1155"}],"wp:attachment":[{"href":"https:\/\/orthopara.store\/index.php?rest_route=%2Fwp%2Fv2%2Fmedia&parent=1132"}],"wp:term":[{"taxonomy":"pwb-brand","embeddable":true,"href":"https:\/\/orthopara.store\/index.php?rest_route=%2Fwp%2Fv2%2Fpwb-brand&post=1132"},{"taxonomy":"product_cat","embeddable":true,"href":"https:\/\/orthopara.store\/index.php?rest_route=%2Fwp%2Fv2%2Fproduct_cat&post=1132"},{"taxonomy":"product_tag","embeddable":true,"href":"https:\/\/orthopara.store\/index.php?rest_route=%2Fwp%2Fv2%2Fproduct_tag&post=1132"}],"curies":[{"name":"wp","href":"https:\/\/api.w.org\/{rel}","templated":true}]}}