{"id":1133,"date":"2024-06-28T15:51:47","date_gmt":"2024-06-28T13:51:47","guid":{"rendered":"https:\/\/orthopara.store\/?post_type=product&#038;p=1133"},"modified":"2024-06-28T15:51:55","modified_gmt":"2024-06-28T13:51:55","slug":"muriac-lightact-savon-exfoliant-200gr","status":"publish","type":"product","link":"https:\/\/orthopara.store\/?product=muriac-lightact-savon-exfoliant-200gr","title":{"rendered":"Muriac Lightact &#8211; Savon exfoliant &#8211; 200gr"},"content":{"rendered":"<p>Le savon exfoliant coup d\u2019\u00e9clat Muriac Lightact combat le teint terne et les imperfections cutan\u00e9es aussi bien au niveau du visage que du corps.<br \/>\nMuriac Lightact savon exfolie, purifie et clarifie la peau sans l\u2019irriter,\u00a0il affine le grain de peau et stimule \u00e9galement le renouvellement cellulaire.<br \/>\nSavon exfoliant de Muriac\u00a0renforce la perm\u00e9abilit\u00e9 du film hydrolipidique tout en pr\u00e9servant son effet hydratant. Elle unifie le teint et le rend plus r\u00e9gulier.<br \/>\nMode d\u2019emploi:<br \/>\nUtiliser 2 fois par semaine,<br \/>\nFrotter le savon Lightact humidifi\u00e9 sur le visage et le corps, pr\u00e9alablement mouill\u00e9s puis masser d\u00e9licatement avec la main afin de nettoyer la peau en profondeur, puis rincer.<br \/>\nContenance :\u00a0<br \/>\n200gr<\/p>\n","protected":false},"excerpt":{"rendered":"<p>Le savon exfoliant coup d\u2019\u00e9clat Muriac Lightact combat le teint terne et les imperfections cutan\u00e9es aussi bien au niveau du visage que du corps. Il exfolie, purifie et clarifie la peau sans l\u2019irriter. Gr\u00e2ce \u00e0 son action, il affine le grain de peau et stimule \u00e9galement le renouvellement cellulaire. Il renforce la perm\u00e9abilit\u00e9 du film hydrolipidique tout en pr\u00e9servant son effet hydratant. Elle unifie le teint et le rend plus r\u00e9gulier.<\/p>\n","protected":false},"featured_media":1156,"comment_status":"open","ping_status":"closed","template":"","meta":[],"pwb-brand":[133],"product_cat":[125],"product_tag":[],"class_list":{"0":"post-1133","1":"product","2":"type-product","3":"status-publish","4":"has-post-thumbnail","6":"pwb-brand-muriac","7":"product_cat-soins-anti-taches","8":"post","9":"ws-product--style-1","11":"first","12":"instock","13":"shipping-taxable","14":"purchasable","15":"product-type-simple"},"yoast_head":"<!-- This site is optimized with the Yoast SEO plugin v23.0 - https:\/\/yoast.com\/wordpress\/plugins\/seo\/ -->\n<title>Muriac Lightact - Savon exfoliant - 200gr - OrthoPara<\/title>\n<meta name=\"robots\" content=\"index, follow, max-snippet:-1, max-image-preview:large, max-video-preview:-1\" \/>\n<link rel=\"canonical\" href=\"https:\/\/orthopara.store\/index.php\/produit\/muriac-lightact-savon-exfoliant-200gr\/\" \/>\n<meta property=\"og:locale\" content=\"fr_FR\" \/>\n<meta property=\"og:type\" content=\"article\" \/>\n<meta property=\"og:title\" content=\"Muriac Lightact - Savon exfoliant - 200gr - OrthoPara\" \/>\n<meta property=\"og:description\" content=\"Le savon exfoliant coup d\u2019\u00e9clat Muriac Lightact combat le teint terne et les imperfections cutan\u00e9es aussi bien au niveau du visage que du corps. Il exfolie, purifie et clarifie la peau sans l\u2019irriter. Gr\u00e2ce \u00e0 son action, il affine le grain de peau et stimule \u00e9galement le renouvellement cellulaire. Il renforce la perm\u00e9abilit\u00e9 du film hydrolipidique tout en pr\u00e9servant son effet hydratant. Elle unifie le teint et le rend plus r\u00e9gulier.\" \/>\n<meta property=\"og:url\" content=\"https:\/\/orthopara.store\/index.php\/produit\/muriac-lightact-savon-exfoliant-200gr\/\" \/>\n<meta property=\"og:site_name\" content=\"OrthoPara\" \/>\n<meta property=\"article:publisher\" content=\"https:\/\/www.facebook.com\/profile.php?id=61561194315651\" \/>\n<meta property=\"article:modified_time\" content=\"2024-06-28T13:51:55+00:00\" \/>\n<meta property=\"og:image\" content=\"https:\/\/orthopara.store\/wp-content\/uploads\/2024\/06\/savon-exfoliant-muriac-lightact-200gr.jpg\" \/>\n\t<meta property=\"og:image:width\" content=\"800\" \/>\n\t<meta property=\"og:image:height\" content=\"800\" \/>\n\t<meta property=\"og:image:type\" content=\"image\/jpeg\" \/>\n<meta name=\"twitter:card\" content=\"summary_large_image\" \/>\n<meta name=\"twitter:label1\" content=\"Dur\u00e9e de lecture estim\u00e9e\" \/>\n\t<meta name=\"twitter:data1\" content=\"1 minute\" \/>\n<script type=\"application\/ld+json\" class=\"yoast-schema-graph\">{\"@context\":\"https:\/\/schema.org\",\"@graph\":[{\"@type\":\"WebPage\",\"@id\":\"https:\/\/orthopara.store\/index.php\/produit\/muriac-lightact-savon-exfoliant-200gr\/\",\"url\":\"https:\/\/orthopara.store\/index.php\/produit\/muriac-lightact-savon-exfoliant-200gr\/\",\"name\":\"Muriac Lightact - Savon exfoliant - 200gr - OrthoPara\",\"isPartOf\":{\"@id\":\"https:\/\/orthopara.store\/#website\"},\"primaryImageOfPage\":{\"@id\":\"https:\/\/orthopara.store\/index.php\/produit\/muriac-lightact-savon-exfoliant-200gr\/#primaryimage\"},\"image\":{\"@id\":\"https:\/\/orthopara.store\/index.php\/produit\/muriac-lightact-savon-exfoliant-200gr\/#primaryimage\"},\"thumbnailUrl\":\"https:\/\/orthopara.store\/wp-content\/uploads\/2024\/06\/savon-exfoliant-muriac-lightact-200gr.jpg\",\"datePublished\":\"2024-06-28T13:51:47+00:00\",\"dateModified\":\"2024-06-28T13:51:55+00:00\",\"breadcrumb\":{\"@id\":\"https:\/\/orthopara.store\/index.php\/produit\/muriac-lightact-savon-exfoliant-200gr\/#breadcrumb\"},\"inLanguage\":\"fr-FR\",\"potentialAction\":[{\"@type\":\"ReadAction\",\"target\":[\"https:\/\/orthopara.store\/index.php\/produit\/muriac-lightact-savon-exfoliant-200gr\/\"]}]},{\"@type\":\"ImageObject\",\"inLanguage\":\"fr-FR\",\"@id\":\"https:\/\/orthopara.store\/index.php\/produit\/muriac-lightact-savon-exfoliant-200gr\/#primaryimage\",\"url\":\"https:\/\/orthopara.store\/wp-content\/uploads\/2024\/06\/savon-exfoliant-muriac-lightact-200gr.jpg\",\"contentUrl\":\"https:\/\/orthopara.store\/wp-content\/uploads\/2024\/06\/savon-exfoliant-muriac-lightact-200gr.jpg\",\"width\":800,\"height\":800},{\"@type\":\"BreadcrumbList\",\"@id\":\"https:\/\/orthopara.store\/index.php\/produit\/muriac-lightact-savon-exfoliant-200gr\/#breadcrumb\",\"itemListElement\":[{\"@type\":\"ListItem\",\"position\":1,\"name\":\"Accueil\",\"item\":\"https:\/\/orthopara.store\/\"},{\"@type\":\"ListItem\",\"position\":2,\"name\":\"Shop\",\"item\":\"https:\/\/orthopara.store\/?page_id=622\"},{\"@type\":\"ListItem\",\"position\":3,\"name\":\"Muriac Lightact &#8211; Savon exfoliant &#8211; 200gr\"}]},{\"@type\":\"WebSite\",\"@id\":\"https:\/\/orthopara.store\/#website\",\"url\":\"https:\/\/orthopara.store\/\",\"name\":\"OrthoPara\",\"description\":\"Parapharmacie\",\"publisher\":{\"@id\":\"https:\/\/orthopara.store\/#organization\"},\"potentialAction\":[{\"@type\":\"SearchAction\",\"target\":{\"@type\":\"EntryPoint\",\"urlTemplate\":\"https:\/\/orthopara.store\/?s={search_term_string}\"},\"query-input\":\"required name=search_term_string\"}],\"inLanguage\":\"fr-FR\"},{\"@type\":\"Organization\",\"@id\":\"https:\/\/orthopara.store\/#organization\",\"name\":\"OrthoPara\",\"url\":\"https:\/\/orthopara.store\/\",\"logo\":{\"@type\":\"ImageObject\",\"inLanguage\":\"fr-FR\",\"@id\":\"https:\/\/orthopara.store\/#\/schema\/logo\/image\/\",\"url\":\"https:\/\/orthopara.store\/wp-content\/uploads\/2024\/06\/cropped-9ABA8BAD-6256-4719-9315-15C66E64E882.png\",\"contentUrl\":\"https:\/\/orthopara.store\/wp-content\/uploads\/2024\/06\/cropped-9ABA8BAD-6256-4719-9315-15C66E64E882.png\",\"width\":240,\"height\":72,\"caption\":\"OrthoPara\"},\"image\":{\"@id\":\"https:\/\/orthopara.store\/#\/schema\/logo\/image\/\"},\"sameAs\":[\"https:\/\/www.facebook.com\/profile.php?id=61561194315651\",\"https:\/\/www.instagram.com\/orthopara_tunisie\/\"]}]}<\/script>\n<!-- \/ Yoast SEO plugin. -->","yoast_head_json":{"title":"Muriac Lightact - Savon exfoliant - 200gr - OrthoPara","robots":{"index":"index","follow":"follow","max-snippet":"max-snippet:-1","max-image-preview":"max-image-preview:large","max-video-preview":"max-video-preview:-1"},"canonical":"https:\/\/orthopara.store\/index.php\/produit\/muriac-lightact-savon-exfoliant-200gr\/","og_locale":"fr_FR","og_type":"article","og_title":"Muriac Lightact - Savon exfoliant - 200gr - OrthoPara","og_description":"Le savon exfoliant coup d\u2019\u00e9clat Muriac Lightact combat le teint terne et les imperfections cutan\u00e9es aussi bien au niveau du visage que du corps. Il exfolie, purifie et clarifie la peau sans l\u2019irriter. Gr\u00e2ce \u00e0 son action, il affine le grain de peau et stimule \u00e9galement le renouvellement cellulaire. Il renforce la perm\u00e9abilit\u00e9 du film hydrolipidique tout en pr\u00e9servant son effet hydratant. Elle unifie le teint et le rend plus r\u00e9gulier.","og_url":"https:\/\/orthopara.store\/index.php\/produit\/muriac-lightact-savon-exfoliant-200gr\/","og_site_name":"OrthoPara","article_publisher":"https:\/\/www.facebook.com\/profile.php?id=61561194315651","article_modified_time":"2024-06-28T13:51:55+00:00","og_image":[{"width":800,"height":800,"url":"https:\/\/orthopara.store\/wp-content\/uploads\/2024\/06\/savon-exfoliant-muriac-lightact-200gr.jpg","type":"image\/jpeg"}],"twitter_card":"summary_large_image","twitter_misc":{"Dur\u00e9e de lecture estim\u00e9e":"1 minute"},"schema":{"@context":"https:\/\/schema.org","@graph":[{"@type":"WebPage","@id":"https:\/\/orthopara.store\/index.php\/produit\/muriac-lightact-savon-exfoliant-200gr\/","url":"https:\/\/orthopara.store\/index.php\/produit\/muriac-lightact-savon-exfoliant-200gr\/","name":"Muriac Lightact - Savon exfoliant - 200gr - OrthoPara","isPartOf":{"@id":"https:\/\/orthopara.store\/#website"},"primaryImageOfPage":{"@id":"https:\/\/orthopara.store\/index.php\/produit\/muriac-lightact-savon-exfoliant-200gr\/#primaryimage"},"image":{"@id":"https:\/\/orthopara.store\/index.php\/produit\/muriac-lightact-savon-exfoliant-200gr\/#primaryimage"},"thumbnailUrl":"https:\/\/orthopara.store\/wp-content\/uploads\/2024\/06\/savon-exfoliant-muriac-lightact-200gr.jpg","datePublished":"2024-06-28T13:51:47+00:00","dateModified":"2024-06-28T13:51:55+00:00","breadcrumb":{"@id":"https:\/\/orthopara.store\/index.php\/produit\/muriac-lightact-savon-exfoliant-200gr\/#breadcrumb"},"inLanguage":"fr-FR","potentialAction":[{"@type":"ReadAction","target":["https:\/\/orthopara.store\/index.php\/produit\/muriac-lightact-savon-exfoliant-200gr\/"]}]},{"@type":"ImageObject","inLanguage":"fr-FR","@id":"https:\/\/orthopara.store\/index.php\/produit\/muriac-lightact-savon-exfoliant-200gr\/#primaryimage","url":"https:\/\/orthopara.store\/wp-content\/uploads\/2024\/06\/savon-exfoliant-muriac-lightact-200gr.jpg","contentUrl":"https:\/\/orthopara.store\/wp-content\/uploads\/2024\/06\/savon-exfoliant-muriac-lightact-200gr.jpg","width":800,"height":800},{"@type":"BreadcrumbList","@id":"https:\/\/orthopara.store\/index.php\/produit\/muriac-lightact-savon-exfoliant-200gr\/#breadcrumb","itemListElement":[{"@type":"ListItem","position":1,"name":"Accueil","item":"https:\/\/orthopara.store\/"},{"@type":"ListItem","position":2,"name":"Shop","item":"https:\/\/orthopara.store\/?page_id=622"},{"@type":"ListItem","position":3,"name":"Muriac Lightact &#8211; Savon exfoliant &#8211; 200gr"}]},{"@type":"WebSite","@id":"https:\/\/orthopara.store\/#website","url":"https:\/\/orthopara.store\/","name":"OrthoPara","description":"Parapharmacie","publisher":{"@id":"https:\/\/orthopara.store\/#organization"},"potentialAction":[{"@type":"SearchAction","target":{"@type":"EntryPoint","urlTemplate":"https:\/\/orthopara.store\/?s={search_term_string}"},"query-input":"required name=search_term_string"}],"inLanguage":"fr-FR"},{"@type":"Organization","@id":"https:\/\/orthopara.store\/#organization","name":"OrthoPara","url":"https:\/\/orthopara.store\/","logo":{"@type":"ImageObject","inLanguage":"fr-FR","@id":"https:\/\/orthopara.store\/#\/schema\/logo\/image\/","url":"https:\/\/orthopara.store\/wp-content\/uploads\/2024\/06\/cropped-9ABA8BAD-6256-4719-9315-15C66E64E882.png","contentUrl":"https:\/\/orthopara.store\/wp-content\/uploads\/2024\/06\/cropped-9ABA8BAD-6256-4719-9315-15C66E64E882.png","width":240,"height":72,"caption":"OrthoPara"},"image":{"@id":"https:\/\/orthopara.store\/#\/schema\/logo\/image\/"},"sameAs":["https:\/\/www.facebook.com\/profile.php?id=61561194315651","https:\/\/www.instagram.com\/orthopara_tunisie\/"]}]}},"jetpack_sharing_enabled":true,"brands":[{"id":133,"name":"Muriac","slug":"muriac"}],"_links":{"self":[{"href":"https:\/\/orthopara.store\/index.php?rest_route=\/wp\/v2\/product\/1133","targetHints":{"allow":["GET"]}}],"collection":[{"href":"https:\/\/orthopara.store\/index.php?rest_route=\/wp\/v2\/product"}],"about":[{"href":"https:\/\/orthopara.store\/index.php?rest_route=\/wp\/v2\/types\/product"}],"replies":[{"embeddable":true,"href":"https:\/\/orthopara.store\/index.php?rest_route=%2Fwp%2Fv2%2Fcomments&post=1133"}],"wp:featuredmedia":[{"embeddable":true,"href":"https:\/\/orthopara.store\/index.php?rest_route=\/wp\/v2\/media\/1156"}],"wp:attachment":[{"href":"https:\/\/orthopara.store\/index.php?rest_route=%2Fwp%2Fv2%2Fmedia&parent=1133"}],"wp:term":[{"taxonomy":"pwb-brand","embeddable":true,"href":"https:\/\/orthopara.store\/index.php?rest_route=%2Fwp%2Fv2%2Fpwb-brand&post=1133"},{"taxonomy":"product_cat","embeddable":true,"href":"https:\/\/orthopara.store\/index.php?rest_route=%2Fwp%2Fv2%2Fproduct_cat&post=1133"},{"taxonomy":"product_tag","embeddable":true,"href":"https:\/\/orthopara.store\/index.php?rest_route=%2Fwp%2Fv2%2Fproduct_tag&post=1133"}],"curies":[{"name":"wp","href":"https:\/\/api.w.org\/{rel}","templated":true}]}}