{"id":1135,"date":"2024-06-28T15:51:47","date_gmt":"2024-06-28T13:51:47","guid":{"rendered":"https:\/\/orthopara.store\/?post_type=product&#038;p=1135"},"modified":"2024-06-28T15:51:55","modified_gmt":"2024-06-28T13:51:55","slug":"roncey-clairskin-creme-solaire-eclaircissante-effet-bonne-mine-spf50-50ml","status":"publish","type":"product","link":"https:\/\/orthopara.store\/?product=roncey-clairskin-creme-solaire-eclaircissante-effet-bonne-mine-spf50-50ml","title":{"rendered":"Roncey Clairskin &#8211; Cr\u00e8me Solaire \u00e9claircissante effet bonne mine spf50+ &#8211; 50ml"},"content":{"rendered":"<p>&#8211; Taches de vieillesse<br \/>\n&#8211; Taches de photosensibilisation<br \/>\n&#8211; Masque de grossesse<br \/>\n&#8211; Stress et d\u00e9fauts cutan\u00e9s<br \/>\n&#8211; Taches brunes cicatricielles ou inflammatoires<br \/>\n&#8211; Tous types de peaux<br \/>\nComposition :\u00a0<br \/>\nButyl m\u00e9thoxydibenzoylm\u00e9thane &#038; octocryl\u00e8ne :<br \/>\nFiltre UV : Permet de filtrer certains rayons UV afin de prot\u00e9ger la peau des effets nocifs de ces rayons.<br \/>\nAcide ascorbique &#038; ac\u00e9tate de tocoph\u00e9ryle:<br \/>\nAntioxydant : Inhibe les r\u00e9actions favoris\u00e9es par l&rsquo;oxyg\u00e8ne, \u00e9vitant ainsi l&rsquo;oxydation et la rancidit\u00e9.<br \/>\nAgent d&rsquo;entretien de la peau : Maintient la peau en bon \u00e9tat<br \/>\nGlucoside d&rsquo;ascorbyle:<br \/>\nAntioxydant : Inhibe les r\u00e9actions favoris\u00e9es par l&rsquo;oxyg\u00e8ne, \u00e9vitant ainsi l&rsquo;oxydation et la rancidit\u00e9.<br \/>\nSilice:<br \/>\nAgent Abrasif : Enl\u00e8ve les mati\u00e8res pr\u00e9sentes en surface du corps, aide \u00e0 nettoyer la peau et \u00e0 am\u00e9liore sa brillance.<br \/>\nDim\u00e9thicone &#038; palmitate d&rsquo;isopropyle &#038; myristate d&rsquo;isopropyle:<br \/>\nEmollient : Adoucit et assouplit la peau.<br \/>\nAgent d&rsquo;entretien de la peau : Maintient la peau en bon \u00e9tat.<br \/>\nAgent de protection de la peau : Aide \u00e0 \u00e9viter les effets n\u00e9fastes des facteurs externes sur la peau.<br \/>\nLe dioxyde de titane:<br \/>\nFiltre UV : Permet de filtrer certains rayons UV afin de prot\u00e9ger la peau des effets nocifs de ces rayons.<br \/>\nGlyc\u00e9rine:<br \/>\nHumectant : Maintient l\u2019hydratation de la peau.<br \/>\nConseils d&rsquo;utilisation :<br \/>\nAppliquer Clairskin prot\u00e8ge + sur la zone \u00e0 \u00e9claircir.<br \/>\nLa peau doit \u00eatre parfaitement nettoy\u00e9e.<br \/>\nRenouveler toutes les deux heures.\u00a0<br \/>\nContenance :<br \/>\n50ml\u00a0<\/p>\n","protected":false},"excerpt":{"rendered":"<p>Un soin correcteur du teint, \u00e9claircit, illumine et favorise la disparition des taches brunes. les principes actifs d\u00e9pigmentants assurent la continuit\u00e9 du m\u00e9canisme m\u00e9lano-r\u00e9ducteur. Clairskin vous prot\u00e8ge \u00e9videmment contre les rayons UV.<br \/>\nAvec Clairskin, votre teint est plus unifi\u00e9 et les taches brunes att\u00e9nu\u00e9e pour une peau \u00e9clatant et parfaite et bien prot\u00e9g\u00e9e.<br \/>\nClairskin :\u00a0<br \/>\nAnti t\u00e2ches brunes\u00a0<br \/>\nTeint terne\u00a0<br \/>\nMarques d&rsquo;imperfection\u00a0<br \/>\nHaute protection spf50+<br \/>\nDLC : 12\/2026\u00a0<\/p>\n","protected":false},"featured_media":1158,"comment_status":"open","ping_status":"closed","template":"","meta":[],"pwb-brand":[49],"product_cat":[125],"product_tag":[],"class_list":{"0":"post-1135","1":"product","2":"type-product","3":"status-publish","4":"has-post-thumbnail","6":"pwb-brand-bms-sante","7":"product_cat-soins-anti-taches","8":"post","9":"ws-product--style-1","11":"first","12":"instock","13":"shipping-taxable","14":"purchasable","15":"product-type-simple"},"yoast_head":"<!-- This site is optimized with the Yoast SEO plugin v23.0 - https:\/\/yoast.com\/wordpress\/plugins\/seo\/ -->\n<title>Roncey Clairskin - Cr\u00e8me Solaire \u00e9claircissante effet bonne mine spf50+ - 50ml - OrthoPara<\/title>\n<meta name=\"robots\" content=\"index, follow, max-snippet:-1, max-image-preview:large, max-video-preview:-1\" \/>\n<link rel=\"canonical\" href=\"https:\/\/orthopara.store\/index.php\/produit\/roncey-clairskin-creme-solaire-eclaircissante-effet-bonne-mine-spf50-50ml\/\" \/>\n<meta property=\"og:locale\" content=\"fr_FR\" \/>\n<meta property=\"og:type\" content=\"article\" \/>\n<meta property=\"og:title\" content=\"Roncey Clairskin - Cr\u00e8me Solaire \u00e9claircissante effet bonne mine spf50+ - 50ml - OrthoPara\" \/>\n<meta property=\"og:description\" content=\"Un soin correcteur du teint, \u00e9claircit, illumine et favorise la disparition des taches brunes. les principes actifs d\u00e9pigmentants assurent la continuit\u00e9 du m\u00e9canisme m\u00e9lano-r\u00e9ducteur. Clairskin vous prot\u00e8ge \u00e9videmment contre les rayons UV. Avec Clairskin, votre teint est plus unifi\u00e9 et les taches brunes att\u00e9nu\u00e9e pour une peau \u00e9clatant et parfaite et bien prot\u00e9g\u00e9e. Clairskin :\u00a0 Anti t\u00e2ches brunes\u00a0 Teint terne\u00a0 Marques d&#039;imperfection\u00a0 Haute protection spf50+ DLC : 12\/2026\u00a0\" \/>\n<meta property=\"og:url\" content=\"https:\/\/orthopara.store\/index.php\/produit\/roncey-clairskin-creme-solaire-eclaircissante-effet-bonne-mine-spf50-50ml\/\" \/>\n<meta property=\"og:site_name\" content=\"OrthoPara\" \/>\n<meta property=\"article:publisher\" content=\"https:\/\/www.facebook.com\/profile.php?id=61561194315651\" \/>\n<meta property=\"article:modified_time\" content=\"2024-06-28T13:51:55+00:00\" \/>\n<meta property=\"og:image\" content=\"https:\/\/orthopara.store\/wp-content\/uploads\/2024\/06\/creme-eclaircissante-effet-bonne-mine-clairskin-protege-50ml-.jpg\" \/>\n\t<meta property=\"og:image:width\" content=\"800\" \/>\n\t<meta property=\"og:image:height\" content=\"800\" \/>\n\t<meta property=\"og:image:type\" content=\"image\/jpeg\" \/>\n<meta name=\"twitter:card\" content=\"summary_large_image\" \/>\n<meta name=\"twitter:label1\" content=\"Dur\u00e9e de lecture estim\u00e9e\" \/>\n\t<meta name=\"twitter:data1\" content=\"1 minute\" \/>\n<script type=\"application\/ld+json\" class=\"yoast-schema-graph\">{\"@context\":\"https:\/\/schema.org\",\"@graph\":[{\"@type\":\"WebPage\",\"@id\":\"https:\/\/orthopara.store\/index.php\/produit\/roncey-clairskin-creme-solaire-eclaircissante-effet-bonne-mine-spf50-50ml\/\",\"url\":\"https:\/\/orthopara.store\/index.php\/produit\/roncey-clairskin-creme-solaire-eclaircissante-effet-bonne-mine-spf50-50ml\/\",\"name\":\"Roncey Clairskin - Cr\u00e8me Solaire \u00e9claircissante effet bonne mine spf50+ - 50ml - OrthoPara\",\"isPartOf\":{\"@id\":\"https:\/\/orthopara.store\/#website\"},\"primaryImageOfPage\":{\"@id\":\"https:\/\/orthopara.store\/index.php\/produit\/roncey-clairskin-creme-solaire-eclaircissante-effet-bonne-mine-spf50-50ml\/#primaryimage\"},\"image\":{\"@id\":\"https:\/\/orthopara.store\/index.php\/produit\/roncey-clairskin-creme-solaire-eclaircissante-effet-bonne-mine-spf50-50ml\/#primaryimage\"},\"thumbnailUrl\":\"https:\/\/orthopara.store\/wp-content\/uploads\/2024\/06\/creme-eclaircissante-effet-bonne-mine-clairskin-protege-50ml-.jpg\",\"datePublished\":\"2024-06-28T13:51:47+00:00\",\"dateModified\":\"2024-06-28T13:51:55+00:00\",\"breadcrumb\":{\"@id\":\"https:\/\/orthopara.store\/index.php\/produit\/roncey-clairskin-creme-solaire-eclaircissante-effet-bonne-mine-spf50-50ml\/#breadcrumb\"},\"inLanguage\":\"fr-FR\",\"potentialAction\":[{\"@type\":\"ReadAction\",\"target\":[\"https:\/\/orthopara.store\/index.php\/produit\/roncey-clairskin-creme-solaire-eclaircissante-effet-bonne-mine-spf50-50ml\/\"]}]},{\"@type\":\"ImageObject\",\"inLanguage\":\"fr-FR\",\"@id\":\"https:\/\/orthopara.store\/index.php\/produit\/roncey-clairskin-creme-solaire-eclaircissante-effet-bonne-mine-spf50-50ml\/#primaryimage\",\"url\":\"https:\/\/orthopara.store\/wp-content\/uploads\/2024\/06\/creme-eclaircissante-effet-bonne-mine-clairskin-protege-50ml-.jpg\",\"contentUrl\":\"https:\/\/orthopara.store\/wp-content\/uploads\/2024\/06\/creme-eclaircissante-effet-bonne-mine-clairskin-protege-50ml-.jpg\",\"width\":800,\"height\":800},{\"@type\":\"BreadcrumbList\",\"@id\":\"https:\/\/orthopara.store\/index.php\/produit\/roncey-clairskin-creme-solaire-eclaircissante-effet-bonne-mine-spf50-50ml\/#breadcrumb\",\"itemListElement\":[{\"@type\":\"ListItem\",\"position\":1,\"name\":\"Accueil\",\"item\":\"https:\/\/orthopara.store\/\"},{\"@type\":\"ListItem\",\"position\":2,\"name\":\"Shop\",\"item\":\"https:\/\/orthopara.store\/?page_id=622\"},{\"@type\":\"ListItem\",\"position\":3,\"name\":\"Roncey Clairskin &#8211; Cr\u00e8me Solaire \u00e9claircissante effet bonne mine spf50+ &#8211; 50ml\"}]},{\"@type\":\"WebSite\",\"@id\":\"https:\/\/orthopara.store\/#website\",\"url\":\"https:\/\/orthopara.store\/\",\"name\":\"OrthoPara\",\"description\":\"Parapharmacie\",\"publisher\":{\"@id\":\"https:\/\/orthopara.store\/#organization\"},\"potentialAction\":[{\"@type\":\"SearchAction\",\"target\":{\"@type\":\"EntryPoint\",\"urlTemplate\":\"https:\/\/orthopara.store\/?s={search_term_string}\"},\"query-input\":\"required name=search_term_string\"}],\"inLanguage\":\"fr-FR\"},{\"@type\":\"Organization\",\"@id\":\"https:\/\/orthopara.store\/#organization\",\"name\":\"OrthoPara\",\"url\":\"https:\/\/orthopara.store\/\",\"logo\":{\"@type\":\"ImageObject\",\"inLanguage\":\"fr-FR\",\"@id\":\"https:\/\/orthopara.store\/#\/schema\/logo\/image\/\",\"url\":\"https:\/\/orthopara.store\/wp-content\/uploads\/2024\/06\/cropped-9ABA8BAD-6256-4719-9315-15C66E64E882.png\",\"contentUrl\":\"https:\/\/orthopara.store\/wp-content\/uploads\/2024\/06\/cropped-9ABA8BAD-6256-4719-9315-15C66E64E882.png\",\"width\":240,\"height\":72,\"caption\":\"OrthoPara\"},\"image\":{\"@id\":\"https:\/\/orthopara.store\/#\/schema\/logo\/image\/\"},\"sameAs\":[\"https:\/\/www.facebook.com\/profile.php?id=61561194315651\",\"https:\/\/www.instagram.com\/orthopara_tunisie\/\"]}]}<\/script>\n<!-- \/ Yoast SEO plugin. -->","yoast_head_json":{"title":"Roncey Clairskin - Cr\u00e8me Solaire \u00e9claircissante effet bonne mine spf50+ - 50ml - OrthoPara","robots":{"index":"index","follow":"follow","max-snippet":"max-snippet:-1","max-image-preview":"max-image-preview:large","max-video-preview":"max-video-preview:-1"},"canonical":"https:\/\/orthopara.store\/index.php\/produit\/roncey-clairskin-creme-solaire-eclaircissante-effet-bonne-mine-spf50-50ml\/","og_locale":"fr_FR","og_type":"article","og_title":"Roncey Clairskin - Cr\u00e8me Solaire \u00e9claircissante effet bonne mine spf50+ - 50ml - OrthoPara","og_description":"Un soin correcteur du teint, \u00e9claircit, illumine et favorise la disparition des taches brunes. les principes actifs d\u00e9pigmentants assurent la continuit\u00e9 du m\u00e9canisme m\u00e9lano-r\u00e9ducteur. Clairskin vous prot\u00e8ge \u00e9videmment contre les rayons UV. Avec Clairskin, votre teint est plus unifi\u00e9 et les taches brunes att\u00e9nu\u00e9e pour une peau \u00e9clatant et parfaite et bien prot\u00e9g\u00e9e. Clairskin :\u00a0 Anti t\u00e2ches brunes\u00a0 Teint terne\u00a0 Marques d'imperfection\u00a0 Haute protection spf50+ DLC : 12\/2026\u00a0","og_url":"https:\/\/orthopara.store\/index.php\/produit\/roncey-clairskin-creme-solaire-eclaircissante-effet-bonne-mine-spf50-50ml\/","og_site_name":"OrthoPara","article_publisher":"https:\/\/www.facebook.com\/profile.php?id=61561194315651","article_modified_time":"2024-06-28T13:51:55+00:00","og_image":[{"width":800,"height":800,"url":"https:\/\/orthopara.store\/wp-content\/uploads\/2024\/06\/creme-eclaircissante-effet-bonne-mine-clairskin-protege-50ml-.jpg","type":"image\/jpeg"}],"twitter_card":"summary_large_image","twitter_misc":{"Dur\u00e9e de lecture estim\u00e9e":"1 minute"},"schema":{"@context":"https:\/\/schema.org","@graph":[{"@type":"WebPage","@id":"https:\/\/orthopara.store\/index.php\/produit\/roncey-clairskin-creme-solaire-eclaircissante-effet-bonne-mine-spf50-50ml\/","url":"https:\/\/orthopara.store\/index.php\/produit\/roncey-clairskin-creme-solaire-eclaircissante-effet-bonne-mine-spf50-50ml\/","name":"Roncey Clairskin - Cr\u00e8me Solaire \u00e9claircissante effet bonne mine spf50+ - 50ml - OrthoPara","isPartOf":{"@id":"https:\/\/orthopara.store\/#website"},"primaryImageOfPage":{"@id":"https:\/\/orthopara.store\/index.php\/produit\/roncey-clairskin-creme-solaire-eclaircissante-effet-bonne-mine-spf50-50ml\/#primaryimage"},"image":{"@id":"https:\/\/orthopara.store\/index.php\/produit\/roncey-clairskin-creme-solaire-eclaircissante-effet-bonne-mine-spf50-50ml\/#primaryimage"},"thumbnailUrl":"https:\/\/orthopara.store\/wp-content\/uploads\/2024\/06\/creme-eclaircissante-effet-bonne-mine-clairskin-protege-50ml-.jpg","datePublished":"2024-06-28T13:51:47+00:00","dateModified":"2024-06-28T13:51:55+00:00","breadcrumb":{"@id":"https:\/\/orthopara.store\/index.php\/produit\/roncey-clairskin-creme-solaire-eclaircissante-effet-bonne-mine-spf50-50ml\/#breadcrumb"},"inLanguage":"fr-FR","potentialAction":[{"@type":"ReadAction","target":["https:\/\/orthopara.store\/index.php\/produit\/roncey-clairskin-creme-solaire-eclaircissante-effet-bonne-mine-spf50-50ml\/"]}]},{"@type":"ImageObject","inLanguage":"fr-FR","@id":"https:\/\/orthopara.store\/index.php\/produit\/roncey-clairskin-creme-solaire-eclaircissante-effet-bonne-mine-spf50-50ml\/#primaryimage","url":"https:\/\/orthopara.store\/wp-content\/uploads\/2024\/06\/creme-eclaircissante-effet-bonne-mine-clairskin-protege-50ml-.jpg","contentUrl":"https:\/\/orthopara.store\/wp-content\/uploads\/2024\/06\/creme-eclaircissante-effet-bonne-mine-clairskin-protege-50ml-.jpg","width":800,"height":800},{"@type":"BreadcrumbList","@id":"https:\/\/orthopara.store\/index.php\/produit\/roncey-clairskin-creme-solaire-eclaircissante-effet-bonne-mine-spf50-50ml\/#breadcrumb","itemListElement":[{"@type":"ListItem","position":1,"name":"Accueil","item":"https:\/\/orthopara.store\/"},{"@type":"ListItem","position":2,"name":"Shop","item":"https:\/\/orthopara.store\/?page_id=622"},{"@type":"ListItem","position":3,"name":"Roncey Clairskin &#8211; Cr\u00e8me Solaire \u00e9claircissante effet bonne mine spf50+ &#8211; 50ml"}]},{"@type":"WebSite","@id":"https:\/\/orthopara.store\/#website","url":"https:\/\/orthopara.store\/","name":"OrthoPara","description":"Parapharmacie","publisher":{"@id":"https:\/\/orthopara.store\/#organization"},"potentialAction":[{"@type":"SearchAction","target":{"@type":"EntryPoint","urlTemplate":"https:\/\/orthopara.store\/?s={search_term_string}"},"query-input":"required name=search_term_string"}],"inLanguage":"fr-FR"},{"@type":"Organization","@id":"https:\/\/orthopara.store\/#organization","name":"OrthoPara","url":"https:\/\/orthopara.store\/","logo":{"@type":"ImageObject","inLanguage":"fr-FR","@id":"https:\/\/orthopara.store\/#\/schema\/logo\/image\/","url":"https:\/\/orthopara.store\/wp-content\/uploads\/2024\/06\/cropped-9ABA8BAD-6256-4719-9315-15C66E64E882.png","contentUrl":"https:\/\/orthopara.store\/wp-content\/uploads\/2024\/06\/cropped-9ABA8BAD-6256-4719-9315-15C66E64E882.png","width":240,"height":72,"caption":"OrthoPara"},"image":{"@id":"https:\/\/orthopara.store\/#\/schema\/logo\/image\/"},"sameAs":["https:\/\/www.facebook.com\/profile.php?id=61561194315651","https:\/\/www.instagram.com\/orthopara_tunisie\/"]}]}},"jetpack_sharing_enabled":true,"brands":[{"id":49,"name":"BMS Sant\u00e9","slug":"bms-sante"}],"_links":{"self":[{"href":"https:\/\/orthopara.store\/index.php?rest_route=\/wp\/v2\/product\/1135","targetHints":{"allow":["GET"]}}],"collection":[{"href":"https:\/\/orthopara.store\/index.php?rest_route=\/wp\/v2\/product"}],"about":[{"href":"https:\/\/orthopara.store\/index.php?rest_route=\/wp\/v2\/types\/product"}],"replies":[{"embeddable":true,"href":"https:\/\/orthopara.store\/index.php?rest_route=%2Fwp%2Fv2%2Fcomments&post=1135"}],"wp:featuredmedia":[{"embeddable":true,"href":"https:\/\/orthopara.store\/index.php?rest_route=\/wp\/v2\/media\/1158"}],"wp:attachment":[{"href":"https:\/\/orthopara.store\/index.php?rest_route=%2Fwp%2Fv2%2Fmedia&parent=1135"}],"wp:term":[{"taxonomy":"pwb-brand","embeddable":true,"href":"https:\/\/orthopara.store\/index.php?rest_route=%2Fwp%2Fv2%2Fpwb-brand&post=1135"},{"taxonomy":"product_cat","embeddable":true,"href":"https:\/\/orthopara.store\/index.php?rest_route=%2Fwp%2Fv2%2Fproduct_cat&post=1135"},{"taxonomy":"product_tag","embeddable":true,"href":"https:\/\/orthopara.store\/index.php?rest_route=%2Fwp%2Fv2%2Fproduct_tag&post=1135"}],"curies":[{"name":"wp","href":"https:\/\/api.w.org\/{rel}","templated":true}]}}