{"id":1137,"date":"2024-06-28T15:51:47","date_gmt":"2024-06-28T13:51:47","guid":{"rendered":"https:\/\/orthopara.store\/?post_type=product&#038;p=1137"},"modified":"2024-06-28T15:51:56","modified_gmt":"2024-06-28T13:51:56","slug":"shampoing-anti-pelliculaire-apaisant-demangeaisons-rougeurs-acm-novophane-k-125ml","status":"publish","type":"product","link":"https:\/\/orthopara.store\/?product=shampoing-anti-pelliculaire-apaisant-demangeaisons-rougeurs-acm-novophane-k-125ml","title":{"rendered":"Shampoing anti-pelliculaire &#8211; apaisant d\u00e9mangeaisons &#038; rougeurs &#8211; ACM Novophane.K &#8211; 125ml"},"content":{"rendered":"<p>Shampoing anti-pelliculaire &#8211; apaisant d\u00e9mangeaisons &#038; rougeurs &#8211; ACM Novophane.K &#8211; 125ml<br \/>\nNovophane K est un shampooing antipelliculaire dermatologique formul\u00e9 par le Laboratoire ACM, et qui s&rsquo;adresse aux personnes souffrant d&rsquo;\u00e9tats pelliculaires s\u00e9v\u00e8res qui engendrent des plaques, des d\u00e9mangeaisons et\/ou des irritations.<br \/>\nAcm shampooing antipelliculaire novophane.k : assainir le cuir chevelu<br \/>\nPropri\u00e9t\u00e9s :\u00a0<br \/>\nCe shampooing antipelliculaire comporte 3 actifs principaux aux actions compl\u00e9mentaires qui se montrent efficaces pour lutter contre les \u00e9tats pelliculaires s\u00e9v\u00e8res avec d\u00e9mangeaisons :<br \/>\nUn complexe antifongique \u00e0 base de Pyrithione zinc et de Piroctone Alomine, celui-ci limitant la prolif\u00e9ration des levures de type Malassezia, qui sont les principales responsables de l&rsquo;apparition des pellicules,<br \/>\nDe l&rsquo;huile essentielle de cade, id\u00e9ale pour \u00e9liminer les pellicules ainsi que pour pr\u00e9venir leur r\u00e9apparition,<br \/>\nDe l&rsquo;acide salicylique, qui se montre efficace pour \u00e9liminer les squames.<br \/>\nLes \u00e9tudes cliniques qui ont \u00e9t\u00e9 r\u00e9alis\u00e9es pour attester de l&rsquo;efficacit\u00e9 de Novophane.K Shampooing antipelliculaire ont d\u00e9montr\u00e9 que chez 90% des patients, le nombre et l&rsquo;\u00e9paisseur des squames diminuait visiblement, et qu&rsquo;une diminution des rougeurs \u00e9tait observable chez 80% des sujets. De fa\u00e7on globale, une utilisation r\u00e9guli\u00e8re de ce shampooing dermatologique antipelliculaire permet un nettoyage en douceur sans agression, et offre une chevelure visiblement plus belle qui est \u00e9galement \u00e9clatante de sant\u00e9.<br \/>\nConseils d&rsquo;utilisation :\u00a0<br \/>\nLa fr\u00e9quence d&rsquo;utilisation du Shampooing Antipelliculaire Novophane K est diff\u00e9renci\u00e9e en fonction des besoins qui sont \u00e0 traiter :<br \/>\nEn p\u00e9riode de crise, il est indiqu\u00e9 de faire usage de ce produit 2 \u00e0 3 fois par semaine,<br \/>\nPour une p\u00e9riode d&rsquo;entretien, il est conseill\u00e9 de l&rsquo;utiliser de 1 \u00e0 2 reprises par semaine pour \u00e9viter les r\u00e9cidives.<br \/>\nApr\u00e8s avoir mouill\u00e9 les cheveux, faire mousser Novophane K par le biais d&rsquo;un l\u00e9ger massage du cuir chevelu. Respecter le temps de pose de quelques minutes ou la prescription qui aura \u00e9t\u00e9 faite par un professionnel de sant\u00e9, puis rincer \u00e0 l&rsquo;eau claire. Si le produit entre en contact avec les yeux, rincer imm\u00e9diatement et abondamment \u00e0 l&rsquo;eau.<\/p>\n","protected":false},"excerpt":{"rendered":"<p>ACM Novophane.K<br \/>\nNovophane K est un shampooing antipelliculaire dermatologique formul\u00e9 par le Laboratoire ACM, et qui s&rsquo;adresse aux personnes souffrant d&rsquo;\u00e9tats pelliculaires s\u00e9v\u00e8res qui engendrent des plaques, des d\u00e9mangeaisons et\/ou des irritations.<br \/>\nContenance : flacon de 125 millilitres de shampooing antipelliculaire pour les \u00e9tats pelliculaires s\u00e9v\u00e8res avec d\u00e9mangeaisons.<br \/>\nDLC : 11\/2024<\/p>\n","protected":false},"featured_media":1160,"comment_status":"open","ping_status":"closed","template":"","meta":[],"pwb-brand":[59],"product_cat":[130],"product_tag":[],"class_list":{"0":"post-1137","1":"product","2":"type-product","3":"status-publish","4":"has-post-thumbnail","6":"pwb-brand-acm","7":"product_cat-shampoing-antipelliculaire","8":"post","9":"ws-product--style-1","11":"first","12":"instock","13":"shipping-taxable","14":"purchasable","15":"product-type-simple"},"yoast_head":"<!-- This site is optimized with the Yoast SEO plugin v23.0 - https:\/\/yoast.com\/wordpress\/plugins\/seo\/ -->\n<title>Shampoing anti-pelliculaire - apaisant d\u00e9mangeaisons &amp; rougeurs - ACM Novophane.K - 125ml - OrthoPara<\/title>\n<meta name=\"robots\" content=\"index, follow, max-snippet:-1, max-image-preview:large, max-video-preview:-1\" \/>\n<link rel=\"canonical\" href=\"https:\/\/orthopara.store\/index.php\/produit\/shampoing-anti-pelliculaire-apaisant-demangeaisons-rougeurs-acm-novophane-k-125ml\/\" \/>\n<meta property=\"og:locale\" content=\"fr_FR\" \/>\n<meta property=\"og:type\" content=\"article\" \/>\n<meta property=\"og:title\" content=\"Shampoing anti-pelliculaire - apaisant d\u00e9mangeaisons &amp; rougeurs - ACM Novophane.K - 125ml - OrthoPara\" \/>\n<meta property=\"og:description\" content=\"ACM Novophane.K Novophane K est un shampooing antipelliculaire dermatologique formul\u00e9 par le Laboratoire ACM, et qui s&#039;adresse aux personnes souffrant d&#039;\u00e9tats pelliculaires s\u00e9v\u00e8res qui engendrent des plaques, des d\u00e9mangeaisons et\/ou des irritations. Contenance : flacon de 125 millilitres de shampooing antipelliculaire pour les \u00e9tats pelliculaires s\u00e9v\u00e8res avec d\u00e9mangeaisons. DLC : 11\/2024\" \/>\n<meta property=\"og:url\" content=\"https:\/\/orthopara.store\/index.php\/produit\/shampoing-anti-pelliculaire-apaisant-demangeaisons-rougeurs-acm-novophane-k-125ml\/\" \/>\n<meta property=\"og:site_name\" content=\"OrthoPara\" \/>\n<meta property=\"article:publisher\" content=\"https:\/\/www.facebook.com\/profile.php?id=61561194315651\" \/>\n<meta property=\"article:modified_time\" content=\"2024-06-28T13:51:56+00:00\" \/>\n<meta property=\"og:image\" content=\"https:\/\/orthopara.store\/wp-content\/uploads\/2024\/06\/shampoing-anti-pelliculaire-apaisant-demangeaisons-rougeurs-acm-novophanek-125ml-.jpg\" \/>\n\t<meta property=\"og:image:width\" content=\"800\" \/>\n\t<meta property=\"og:image:height\" content=\"800\" \/>\n\t<meta property=\"og:image:type\" content=\"image\/jpeg\" \/>\n<meta name=\"twitter:card\" content=\"summary_large_image\" \/>\n<meta name=\"twitter:label1\" content=\"Dur\u00e9e de lecture estim\u00e9e\" \/>\n\t<meta name=\"twitter:data1\" content=\"2 minutes\" \/>\n<script type=\"application\/ld+json\" class=\"yoast-schema-graph\">{\"@context\":\"https:\/\/schema.org\",\"@graph\":[{\"@type\":\"WebPage\",\"@id\":\"https:\/\/orthopara.store\/index.php\/produit\/shampoing-anti-pelliculaire-apaisant-demangeaisons-rougeurs-acm-novophane-k-125ml\/\",\"url\":\"https:\/\/orthopara.store\/index.php\/produit\/shampoing-anti-pelliculaire-apaisant-demangeaisons-rougeurs-acm-novophane-k-125ml\/\",\"name\":\"Shampoing anti-pelliculaire - apaisant d\u00e9mangeaisons & rougeurs - ACM Novophane.K - 125ml - OrthoPara\",\"isPartOf\":{\"@id\":\"https:\/\/orthopara.store\/#website\"},\"primaryImageOfPage\":{\"@id\":\"https:\/\/orthopara.store\/index.php\/produit\/shampoing-anti-pelliculaire-apaisant-demangeaisons-rougeurs-acm-novophane-k-125ml\/#primaryimage\"},\"image\":{\"@id\":\"https:\/\/orthopara.store\/index.php\/produit\/shampoing-anti-pelliculaire-apaisant-demangeaisons-rougeurs-acm-novophane-k-125ml\/#primaryimage\"},\"thumbnailUrl\":\"https:\/\/orthopara.store\/wp-content\/uploads\/2024\/06\/shampoing-anti-pelliculaire-apaisant-demangeaisons-rougeurs-acm-novophanek-125ml-.jpg\",\"datePublished\":\"2024-06-28T13:51:47+00:00\",\"dateModified\":\"2024-06-28T13:51:56+00:00\",\"breadcrumb\":{\"@id\":\"https:\/\/orthopara.store\/index.php\/produit\/shampoing-anti-pelliculaire-apaisant-demangeaisons-rougeurs-acm-novophane-k-125ml\/#breadcrumb\"},\"inLanguage\":\"fr-FR\",\"potentialAction\":[{\"@type\":\"ReadAction\",\"target\":[\"https:\/\/orthopara.store\/index.php\/produit\/shampoing-anti-pelliculaire-apaisant-demangeaisons-rougeurs-acm-novophane-k-125ml\/\"]}]},{\"@type\":\"ImageObject\",\"inLanguage\":\"fr-FR\",\"@id\":\"https:\/\/orthopara.store\/index.php\/produit\/shampoing-anti-pelliculaire-apaisant-demangeaisons-rougeurs-acm-novophane-k-125ml\/#primaryimage\",\"url\":\"https:\/\/orthopara.store\/wp-content\/uploads\/2024\/06\/shampoing-anti-pelliculaire-apaisant-demangeaisons-rougeurs-acm-novophanek-125ml-.jpg\",\"contentUrl\":\"https:\/\/orthopara.store\/wp-content\/uploads\/2024\/06\/shampoing-anti-pelliculaire-apaisant-demangeaisons-rougeurs-acm-novophanek-125ml-.jpg\",\"width\":800,\"height\":800},{\"@type\":\"BreadcrumbList\",\"@id\":\"https:\/\/orthopara.store\/index.php\/produit\/shampoing-anti-pelliculaire-apaisant-demangeaisons-rougeurs-acm-novophane-k-125ml\/#breadcrumb\",\"itemListElement\":[{\"@type\":\"ListItem\",\"position\":1,\"name\":\"Accueil\",\"item\":\"https:\/\/orthopara.store\/\"},{\"@type\":\"ListItem\",\"position\":2,\"name\":\"Shop\",\"item\":\"https:\/\/orthopara.store\/?page_id=622\"},{\"@type\":\"ListItem\",\"position\":3,\"name\":\"Shampoing anti-pelliculaire &#8211; apaisant d\u00e9mangeaisons &#038; rougeurs &#8211; ACM Novophane.K &#8211; 125ml\"}]},{\"@type\":\"WebSite\",\"@id\":\"https:\/\/orthopara.store\/#website\",\"url\":\"https:\/\/orthopara.store\/\",\"name\":\"OrthoPara\",\"description\":\"Parapharmacie\",\"publisher\":{\"@id\":\"https:\/\/orthopara.store\/#organization\"},\"potentialAction\":[{\"@type\":\"SearchAction\",\"target\":{\"@type\":\"EntryPoint\",\"urlTemplate\":\"https:\/\/orthopara.store\/?s={search_term_string}\"},\"query-input\":\"required name=search_term_string\"}],\"inLanguage\":\"fr-FR\"},{\"@type\":\"Organization\",\"@id\":\"https:\/\/orthopara.store\/#organization\",\"name\":\"OrthoPara\",\"url\":\"https:\/\/orthopara.store\/\",\"logo\":{\"@type\":\"ImageObject\",\"inLanguage\":\"fr-FR\",\"@id\":\"https:\/\/orthopara.store\/#\/schema\/logo\/image\/\",\"url\":\"https:\/\/orthopara.store\/wp-content\/uploads\/2024\/06\/cropped-9ABA8BAD-6256-4719-9315-15C66E64E882.png\",\"contentUrl\":\"https:\/\/orthopara.store\/wp-content\/uploads\/2024\/06\/cropped-9ABA8BAD-6256-4719-9315-15C66E64E882.png\",\"width\":240,\"height\":72,\"caption\":\"OrthoPara\"},\"image\":{\"@id\":\"https:\/\/orthopara.store\/#\/schema\/logo\/image\/\"},\"sameAs\":[\"https:\/\/www.facebook.com\/profile.php?id=61561194315651\",\"https:\/\/www.instagram.com\/orthopara_tunisie\/\"]}]}<\/script>\n<!-- \/ Yoast SEO plugin. -->","yoast_head_json":{"title":"Shampoing anti-pelliculaire - apaisant d\u00e9mangeaisons & rougeurs - ACM Novophane.K - 125ml - OrthoPara","robots":{"index":"index","follow":"follow","max-snippet":"max-snippet:-1","max-image-preview":"max-image-preview:large","max-video-preview":"max-video-preview:-1"},"canonical":"https:\/\/orthopara.store\/index.php\/produit\/shampoing-anti-pelliculaire-apaisant-demangeaisons-rougeurs-acm-novophane-k-125ml\/","og_locale":"fr_FR","og_type":"article","og_title":"Shampoing anti-pelliculaire - apaisant d\u00e9mangeaisons & rougeurs - ACM Novophane.K - 125ml - OrthoPara","og_description":"ACM Novophane.K Novophane K est un shampooing antipelliculaire dermatologique formul\u00e9 par le Laboratoire ACM, et qui s'adresse aux personnes souffrant d'\u00e9tats pelliculaires s\u00e9v\u00e8res qui engendrent des plaques, des d\u00e9mangeaisons et\/ou des irritations. Contenance : flacon de 125 millilitres de shampooing antipelliculaire pour les \u00e9tats pelliculaires s\u00e9v\u00e8res avec d\u00e9mangeaisons. DLC : 11\/2024","og_url":"https:\/\/orthopara.store\/index.php\/produit\/shampoing-anti-pelliculaire-apaisant-demangeaisons-rougeurs-acm-novophane-k-125ml\/","og_site_name":"OrthoPara","article_publisher":"https:\/\/www.facebook.com\/profile.php?id=61561194315651","article_modified_time":"2024-06-28T13:51:56+00:00","og_image":[{"width":800,"height":800,"url":"https:\/\/orthopara.store\/wp-content\/uploads\/2024\/06\/shampoing-anti-pelliculaire-apaisant-demangeaisons-rougeurs-acm-novophanek-125ml-.jpg","type":"image\/jpeg"}],"twitter_card":"summary_large_image","twitter_misc":{"Dur\u00e9e de lecture estim\u00e9e":"2 minutes"},"schema":{"@context":"https:\/\/schema.org","@graph":[{"@type":"WebPage","@id":"https:\/\/orthopara.store\/index.php\/produit\/shampoing-anti-pelliculaire-apaisant-demangeaisons-rougeurs-acm-novophane-k-125ml\/","url":"https:\/\/orthopara.store\/index.php\/produit\/shampoing-anti-pelliculaire-apaisant-demangeaisons-rougeurs-acm-novophane-k-125ml\/","name":"Shampoing anti-pelliculaire - apaisant d\u00e9mangeaisons & rougeurs - ACM Novophane.K - 125ml - OrthoPara","isPartOf":{"@id":"https:\/\/orthopara.store\/#website"},"primaryImageOfPage":{"@id":"https:\/\/orthopara.store\/index.php\/produit\/shampoing-anti-pelliculaire-apaisant-demangeaisons-rougeurs-acm-novophane-k-125ml\/#primaryimage"},"image":{"@id":"https:\/\/orthopara.store\/index.php\/produit\/shampoing-anti-pelliculaire-apaisant-demangeaisons-rougeurs-acm-novophane-k-125ml\/#primaryimage"},"thumbnailUrl":"https:\/\/orthopara.store\/wp-content\/uploads\/2024\/06\/shampoing-anti-pelliculaire-apaisant-demangeaisons-rougeurs-acm-novophanek-125ml-.jpg","datePublished":"2024-06-28T13:51:47+00:00","dateModified":"2024-06-28T13:51:56+00:00","breadcrumb":{"@id":"https:\/\/orthopara.store\/index.php\/produit\/shampoing-anti-pelliculaire-apaisant-demangeaisons-rougeurs-acm-novophane-k-125ml\/#breadcrumb"},"inLanguage":"fr-FR","potentialAction":[{"@type":"ReadAction","target":["https:\/\/orthopara.store\/index.php\/produit\/shampoing-anti-pelliculaire-apaisant-demangeaisons-rougeurs-acm-novophane-k-125ml\/"]}]},{"@type":"ImageObject","inLanguage":"fr-FR","@id":"https:\/\/orthopara.store\/index.php\/produit\/shampoing-anti-pelliculaire-apaisant-demangeaisons-rougeurs-acm-novophane-k-125ml\/#primaryimage","url":"https:\/\/orthopara.store\/wp-content\/uploads\/2024\/06\/shampoing-anti-pelliculaire-apaisant-demangeaisons-rougeurs-acm-novophanek-125ml-.jpg","contentUrl":"https:\/\/orthopara.store\/wp-content\/uploads\/2024\/06\/shampoing-anti-pelliculaire-apaisant-demangeaisons-rougeurs-acm-novophanek-125ml-.jpg","width":800,"height":800},{"@type":"BreadcrumbList","@id":"https:\/\/orthopara.store\/index.php\/produit\/shampoing-anti-pelliculaire-apaisant-demangeaisons-rougeurs-acm-novophane-k-125ml\/#breadcrumb","itemListElement":[{"@type":"ListItem","position":1,"name":"Accueil","item":"https:\/\/orthopara.store\/"},{"@type":"ListItem","position":2,"name":"Shop","item":"https:\/\/orthopara.store\/?page_id=622"},{"@type":"ListItem","position":3,"name":"Shampoing anti-pelliculaire &#8211; apaisant d\u00e9mangeaisons &#038; rougeurs &#8211; ACM Novophane.K &#8211; 125ml"}]},{"@type":"WebSite","@id":"https:\/\/orthopara.store\/#website","url":"https:\/\/orthopara.store\/","name":"OrthoPara","description":"Parapharmacie","publisher":{"@id":"https:\/\/orthopara.store\/#organization"},"potentialAction":[{"@type":"SearchAction","target":{"@type":"EntryPoint","urlTemplate":"https:\/\/orthopara.store\/?s={search_term_string}"},"query-input":"required name=search_term_string"}],"inLanguage":"fr-FR"},{"@type":"Organization","@id":"https:\/\/orthopara.store\/#organization","name":"OrthoPara","url":"https:\/\/orthopara.store\/","logo":{"@type":"ImageObject","inLanguage":"fr-FR","@id":"https:\/\/orthopara.store\/#\/schema\/logo\/image\/","url":"https:\/\/orthopara.store\/wp-content\/uploads\/2024\/06\/cropped-9ABA8BAD-6256-4719-9315-15C66E64E882.png","contentUrl":"https:\/\/orthopara.store\/wp-content\/uploads\/2024\/06\/cropped-9ABA8BAD-6256-4719-9315-15C66E64E882.png","width":240,"height":72,"caption":"OrthoPara"},"image":{"@id":"https:\/\/orthopara.store\/#\/schema\/logo\/image\/"},"sameAs":["https:\/\/www.facebook.com\/profile.php?id=61561194315651","https:\/\/www.instagram.com\/orthopara_tunisie\/"]}]}},"jetpack_sharing_enabled":true,"brands":[{"id":59,"name":"ACM","slug":"acm"}],"_links":{"self":[{"href":"https:\/\/orthopara.store\/index.php?rest_route=\/wp\/v2\/product\/1137","targetHints":{"allow":["GET"]}}],"collection":[{"href":"https:\/\/orthopara.store\/index.php?rest_route=\/wp\/v2\/product"}],"about":[{"href":"https:\/\/orthopara.store\/index.php?rest_route=\/wp\/v2\/types\/product"}],"replies":[{"embeddable":true,"href":"https:\/\/orthopara.store\/index.php?rest_route=%2Fwp%2Fv2%2Fcomments&post=1137"}],"wp:featuredmedia":[{"embeddable":true,"href":"https:\/\/orthopara.store\/index.php?rest_route=\/wp\/v2\/media\/1160"}],"wp:attachment":[{"href":"https:\/\/orthopara.store\/index.php?rest_route=%2Fwp%2Fv2%2Fmedia&parent=1137"}],"wp:term":[{"taxonomy":"pwb-brand","embeddable":true,"href":"https:\/\/orthopara.store\/index.php?rest_route=%2Fwp%2Fv2%2Fpwb-brand&post=1137"},{"taxonomy":"product_cat","embeddable":true,"href":"https:\/\/orthopara.store\/index.php?rest_route=%2Fwp%2Fv2%2Fproduct_cat&post=1137"},{"taxonomy":"product_tag","embeddable":true,"href":"https:\/\/orthopara.store\/index.php?rest_route=%2Fwp%2Fv2%2Fproduct_tag&post=1137"}],"curies":[{"name":"wp","href":"https:\/\/api.w.org\/{rel}","templated":true}]}}