{"id":1138,"date":"2024-06-28T15:51:48","date_gmt":"2024-06-28T13:51:48","guid":{"rendered":"https:\/\/orthopara.store\/?post_type=product&#038;p=1138"},"modified":"2024-06-28T15:51:57","modified_gmt":"2024-06-28T13:51:57","slug":"shampooing-traitant-pellicules-grasses-xen-pelli-q10-200ml","status":"publish","type":"product","link":"https:\/\/orthopara.store\/?product=shampooing-traitant-pellicules-grasses-xen-pelli-q10-200ml","title":{"rendered":"Shampooing traitant pellicules grasses &#8211; Xen Pelli Q10 &#8211; 200ml"},"content":{"rendered":"<p>Shampooing traitant pellicules grasses &#8211; Xen Pelli Q10 &#8211; 200ml<br \/>\n&#8211; Shampoing Pelli Q10 diminuant 81,7% des pellicules apr\u00e8s seulement 6 semaines de traitement .<br \/>\n&#8211; Action anti fongique et anti bact\u00e9rienne<br \/>\n&#8211; Efficace d\u00e8s la premi\u00e8re application<br \/>\n&#8211; Effets b\u00e9n\u00e9fiques qui persistent jusqu\u2019\u00e0 3 jours<br \/>\nConseils d&rsquo;utilisation :<br \/>\n1\u00e8re application : laisser poser 5mn, puis rincer. Applications suivantes : masser puis rincer. Eviter le contact avec les yeux et la peau endommag\u00e9e.<br \/>\nComposition :<br \/>\nAqua , Sdium laureth sulphate, Sadium lauroyl sarcosinate Peg7 glyc\u00e9rylcocoate, Peg 150 pentaerythriyl t\u00e9trast\u00e9arate and aqua and peg6- caprylic capric tr glyc\u00e9rid, cocamide DEA, Cocoamidopropylb\u00e9taine, Camomille extract, Arnica extract, D-Panth\u00e9nol, MPG , Green tea extract , Bergamante extract, Sv\u00e9comane, PVP Iodine, Piroctone olamine, K\u00e9ratoline, Bacocalmine, EDTA T\u00e9trasodique, Citric Acid, fragrance, Colorant.<\/p>\n","protected":false},"excerpt":{"rendered":"<p>Xen Pelli Q10\u00a0<br \/>\nShampooing traitant &#8211; pellicules grasses Anti-pelliculaire Micro-exfoliantAnti- d\u00e9mangeaison,\u00a0\u00a0\u00ab D\u00e9sincruste les pellicules \u00bb.<br \/>\nNormalise le s\u00e9bum.Assainit et soulage le cuir chevelu.<br \/>\nContenance : flacon 200ml<br \/>\nDLC : 12\/2024<\/p>\n","protected":false},"featured_media":1161,"comment_status":"open","ping_status":"closed","template":"","meta":[],"pwb-brand":[136],"product_cat":[130],"product_tag":[],"class_list":{"0":"post-1138","1":"product","2":"type-product","3":"status-publish","4":"has-post-thumbnail","6":"pwb-brand-xen","7":"product_cat-shampoing-antipelliculaire","8":"post","9":"ws-product--style-1","11":"first","12":"instock","13":"shipping-taxable","14":"purchasable","15":"product-type-simple"},"yoast_head":"<!-- This site is optimized with the Yoast SEO plugin v23.0 - https:\/\/yoast.com\/wordpress\/plugins\/seo\/ -->\n<title>Shampooing traitant pellicules grasses - Xen Pelli Q10 - 200ml - OrthoPara<\/title>\n<meta name=\"robots\" content=\"index, follow, max-snippet:-1, max-image-preview:large, max-video-preview:-1\" \/>\n<link rel=\"canonical\" href=\"https:\/\/orthopara.store\/index.php\/produit\/shampooing-traitant-pellicules-grasses-xen-pelli-q10-200ml\/\" \/>\n<meta property=\"og:locale\" content=\"fr_FR\" \/>\n<meta property=\"og:type\" content=\"article\" \/>\n<meta property=\"og:title\" content=\"Shampooing traitant pellicules grasses - Xen Pelli Q10 - 200ml - OrthoPara\" \/>\n<meta property=\"og:description\" content=\"Xen Pelli Q10\u00a0 Shampooing traitant - pellicules grasses Anti-pelliculaire Micro-exfoliantAnti- d\u00e9mangeaison,\u00a0\u00a0\u00ab D\u00e9sincruste les pellicules \u00bb. Normalise le s\u00e9bum.Assainit et soulage le cuir chevelu. Contenance : flacon 200ml DLC : 12\/2024\" \/>\n<meta property=\"og:url\" content=\"https:\/\/orthopara.store\/index.php\/produit\/shampooing-traitant-pellicules-grasses-xen-pelli-q10-200ml\/\" \/>\n<meta property=\"og:site_name\" content=\"OrthoPara\" \/>\n<meta property=\"article:publisher\" content=\"https:\/\/www.facebook.com\/profile.php?id=61561194315651\" \/>\n<meta property=\"article:modified_time\" content=\"2024-06-28T13:51:57+00:00\" \/>\n<meta property=\"og:image\" content=\"https:\/\/orthopara.store\/wp-content\/uploads\/2024\/06\/shampooing-traitant-pellicules-grasses-xen-pelli-q10-200ml.jpg\" \/>\n\t<meta property=\"og:image:width\" content=\"800\" \/>\n\t<meta property=\"og:image:height\" content=\"800\" \/>\n\t<meta property=\"og:image:type\" content=\"image\/jpeg\" \/>\n<meta name=\"twitter:card\" content=\"summary_large_image\" \/>\n<meta name=\"twitter:label1\" content=\"Dur\u00e9e de lecture estim\u00e9e\" \/>\n\t<meta name=\"twitter:data1\" content=\"1 minute\" \/>\n<script type=\"application\/ld+json\" class=\"yoast-schema-graph\">{\"@context\":\"https:\/\/schema.org\",\"@graph\":[{\"@type\":\"WebPage\",\"@id\":\"https:\/\/orthopara.store\/index.php\/produit\/shampooing-traitant-pellicules-grasses-xen-pelli-q10-200ml\/\",\"url\":\"https:\/\/orthopara.store\/index.php\/produit\/shampooing-traitant-pellicules-grasses-xen-pelli-q10-200ml\/\",\"name\":\"Shampooing traitant pellicules grasses - Xen Pelli Q10 - 200ml - OrthoPara\",\"isPartOf\":{\"@id\":\"https:\/\/orthopara.store\/#website\"},\"primaryImageOfPage\":{\"@id\":\"https:\/\/orthopara.store\/index.php\/produit\/shampooing-traitant-pellicules-grasses-xen-pelli-q10-200ml\/#primaryimage\"},\"image\":{\"@id\":\"https:\/\/orthopara.store\/index.php\/produit\/shampooing-traitant-pellicules-grasses-xen-pelli-q10-200ml\/#primaryimage\"},\"thumbnailUrl\":\"https:\/\/orthopara.store\/wp-content\/uploads\/2024\/06\/shampooing-traitant-pellicules-grasses-xen-pelli-q10-200ml.jpg\",\"datePublished\":\"2024-06-28T13:51:48+00:00\",\"dateModified\":\"2024-06-28T13:51:57+00:00\",\"breadcrumb\":{\"@id\":\"https:\/\/orthopara.store\/index.php\/produit\/shampooing-traitant-pellicules-grasses-xen-pelli-q10-200ml\/#breadcrumb\"},\"inLanguage\":\"fr-FR\",\"potentialAction\":[{\"@type\":\"ReadAction\",\"target\":[\"https:\/\/orthopara.store\/index.php\/produit\/shampooing-traitant-pellicules-grasses-xen-pelli-q10-200ml\/\"]}]},{\"@type\":\"ImageObject\",\"inLanguage\":\"fr-FR\",\"@id\":\"https:\/\/orthopara.store\/index.php\/produit\/shampooing-traitant-pellicules-grasses-xen-pelli-q10-200ml\/#primaryimage\",\"url\":\"https:\/\/orthopara.store\/wp-content\/uploads\/2024\/06\/shampooing-traitant-pellicules-grasses-xen-pelli-q10-200ml.jpg\",\"contentUrl\":\"https:\/\/orthopara.store\/wp-content\/uploads\/2024\/06\/shampooing-traitant-pellicules-grasses-xen-pelli-q10-200ml.jpg\",\"width\":800,\"height\":800},{\"@type\":\"BreadcrumbList\",\"@id\":\"https:\/\/orthopara.store\/index.php\/produit\/shampooing-traitant-pellicules-grasses-xen-pelli-q10-200ml\/#breadcrumb\",\"itemListElement\":[{\"@type\":\"ListItem\",\"position\":1,\"name\":\"Accueil\",\"item\":\"https:\/\/orthopara.store\/\"},{\"@type\":\"ListItem\",\"position\":2,\"name\":\"Shop\",\"item\":\"https:\/\/orthopara.store\/?page_id=622\"},{\"@type\":\"ListItem\",\"position\":3,\"name\":\"Shampooing traitant pellicules grasses &#8211; Xen Pelli Q10 &#8211; 200ml\"}]},{\"@type\":\"WebSite\",\"@id\":\"https:\/\/orthopara.store\/#website\",\"url\":\"https:\/\/orthopara.store\/\",\"name\":\"OrthoPara\",\"description\":\"Parapharmacie\",\"publisher\":{\"@id\":\"https:\/\/orthopara.store\/#organization\"},\"potentialAction\":[{\"@type\":\"SearchAction\",\"target\":{\"@type\":\"EntryPoint\",\"urlTemplate\":\"https:\/\/orthopara.store\/?s={search_term_string}\"},\"query-input\":\"required name=search_term_string\"}],\"inLanguage\":\"fr-FR\"},{\"@type\":\"Organization\",\"@id\":\"https:\/\/orthopara.store\/#organization\",\"name\":\"OrthoPara\",\"url\":\"https:\/\/orthopara.store\/\",\"logo\":{\"@type\":\"ImageObject\",\"inLanguage\":\"fr-FR\",\"@id\":\"https:\/\/orthopara.store\/#\/schema\/logo\/image\/\",\"url\":\"https:\/\/orthopara.store\/wp-content\/uploads\/2024\/06\/cropped-9ABA8BAD-6256-4719-9315-15C66E64E882.png\",\"contentUrl\":\"https:\/\/orthopara.store\/wp-content\/uploads\/2024\/06\/cropped-9ABA8BAD-6256-4719-9315-15C66E64E882.png\",\"width\":240,\"height\":72,\"caption\":\"OrthoPara\"},\"image\":{\"@id\":\"https:\/\/orthopara.store\/#\/schema\/logo\/image\/\"},\"sameAs\":[\"https:\/\/www.facebook.com\/profile.php?id=61561194315651\",\"https:\/\/www.instagram.com\/orthopara_tunisie\/\"]}]}<\/script>\n<!-- \/ Yoast SEO plugin. -->","yoast_head_json":{"title":"Shampooing traitant pellicules grasses - Xen Pelli Q10 - 200ml - OrthoPara","robots":{"index":"index","follow":"follow","max-snippet":"max-snippet:-1","max-image-preview":"max-image-preview:large","max-video-preview":"max-video-preview:-1"},"canonical":"https:\/\/orthopara.store\/index.php\/produit\/shampooing-traitant-pellicules-grasses-xen-pelli-q10-200ml\/","og_locale":"fr_FR","og_type":"article","og_title":"Shampooing traitant pellicules grasses - Xen Pelli Q10 - 200ml - OrthoPara","og_description":"Xen Pelli Q10\u00a0 Shampooing traitant - pellicules grasses Anti-pelliculaire Micro-exfoliantAnti- d\u00e9mangeaison,\u00a0\u00a0\u00ab D\u00e9sincruste les pellicules \u00bb. Normalise le s\u00e9bum.Assainit et soulage le cuir chevelu. Contenance : flacon 200ml DLC : 12\/2024","og_url":"https:\/\/orthopara.store\/index.php\/produit\/shampooing-traitant-pellicules-grasses-xen-pelli-q10-200ml\/","og_site_name":"OrthoPara","article_publisher":"https:\/\/www.facebook.com\/profile.php?id=61561194315651","article_modified_time":"2024-06-28T13:51:57+00:00","og_image":[{"width":800,"height":800,"url":"https:\/\/orthopara.store\/wp-content\/uploads\/2024\/06\/shampooing-traitant-pellicules-grasses-xen-pelli-q10-200ml.jpg","type":"image\/jpeg"}],"twitter_card":"summary_large_image","twitter_misc":{"Dur\u00e9e de lecture estim\u00e9e":"1 minute"},"schema":{"@context":"https:\/\/schema.org","@graph":[{"@type":"WebPage","@id":"https:\/\/orthopara.store\/index.php\/produit\/shampooing-traitant-pellicules-grasses-xen-pelli-q10-200ml\/","url":"https:\/\/orthopara.store\/index.php\/produit\/shampooing-traitant-pellicules-grasses-xen-pelli-q10-200ml\/","name":"Shampooing traitant pellicules grasses - Xen Pelli Q10 - 200ml - OrthoPara","isPartOf":{"@id":"https:\/\/orthopara.store\/#website"},"primaryImageOfPage":{"@id":"https:\/\/orthopara.store\/index.php\/produit\/shampooing-traitant-pellicules-grasses-xen-pelli-q10-200ml\/#primaryimage"},"image":{"@id":"https:\/\/orthopara.store\/index.php\/produit\/shampooing-traitant-pellicules-grasses-xen-pelli-q10-200ml\/#primaryimage"},"thumbnailUrl":"https:\/\/orthopara.store\/wp-content\/uploads\/2024\/06\/shampooing-traitant-pellicules-grasses-xen-pelli-q10-200ml.jpg","datePublished":"2024-06-28T13:51:48+00:00","dateModified":"2024-06-28T13:51:57+00:00","breadcrumb":{"@id":"https:\/\/orthopara.store\/index.php\/produit\/shampooing-traitant-pellicules-grasses-xen-pelli-q10-200ml\/#breadcrumb"},"inLanguage":"fr-FR","potentialAction":[{"@type":"ReadAction","target":["https:\/\/orthopara.store\/index.php\/produit\/shampooing-traitant-pellicules-grasses-xen-pelli-q10-200ml\/"]}]},{"@type":"ImageObject","inLanguage":"fr-FR","@id":"https:\/\/orthopara.store\/index.php\/produit\/shampooing-traitant-pellicules-grasses-xen-pelli-q10-200ml\/#primaryimage","url":"https:\/\/orthopara.store\/wp-content\/uploads\/2024\/06\/shampooing-traitant-pellicules-grasses-xen-pelli-q10-200ml.jpg","contentUrl":"https:\/\/orthopara.store\/wp-content\/uploads\/2024\/06\/shampooing-traitant-pellicules-grasses-xen-pelli-q10-200ml.jpg","width":800,"height":800},{"@type":"BreadcrumbList","@id":"https:\/\/orthopara.store\/index.php\/produit\/shampooing-traitant-pellicules-grasses-xen-pelli-q10-200ml\/#breadcrumb","itemListElement":[{"@type":"ListItem","position":1,"name":"Accueil","item":"https:\/\/orthopara.store\/"},{"@type":"ListItem","position":2,"name":"Shop","item":"https:\/\/orthopara.store\/?page_id=622"},{"@type":"ListItem","position":3,"name":"Shampooing traitant pellicules grasses &#8211; Xen Pelli Q10 &#8211; 200ml"}]},{"@type":"WebSite","@id":"https:\/\/orthopara.store\/#website","url":"https:\/\/orthopara.store\/","name":"OrthoPara","description":"Parapharmacie","publisher":{"@id":"https:\/\/orthopara.store\/#organization"},"potentialAction":[{"@type":"SearchAction","target":{"@type":"EntryPoint","urlTemplate":"https:\/\/orthopara.store\/?s={search_term_string}"},"query-input":"required name=search_term_string"}],"inLanguage":"fr-FR"},{"@type":"Organization","@id":"https:\/\/orthopara.store\/#organization","name":"OrthoPara","url":"https:\/\/orthopara.store\/","logo":{"@type":"ImageObject","inLanguage":"fr-FR","@id":"https:\/\/orthopara.store\/#\/schema\/logo\/image\/","url":"https:\/\/orthopara.store\/wp-content\/uploads\/2024\/06\/cropped-9ABA8BAD-6256-4719-9315-15C66E64E882.png","contentUrl":"https:\/\/orthopara.store\/wp-content\/uploads\/2024\/06\/cropped-9ABA8BAD-6256-4719-9315-15C66E64E882.png","width":240,"height":72,"caption":"OrthoPara"},"image":{"@id":"https:\/\/orthopara.store\/#\/schema\/logo\/image\/"},"sameAs":["https:\/\/www.facebook.com\/profile.php?id=61561194315651","https:\/\/www.instagram.com\/orthopara_tunisie\/"]}]}},"jetpack_sharing_enabled":true,"brands":[{"id":136,"name":"XEN","slug":"xen"}],"_links":{"self":[{"href":"https:\/\/orthopara.store\/index.php?rest_route=\/wp\/v2\/product\/1138","targetHints":{"allow":["GET"]}}],"collection":[{"href":"https:\/\/orthopara.store\/index.php?rest_route=\/wp\/v2\/product"}],"about":[{"href":"https:\/\/orthopara.store\/index.php?rest_route=\/wp\/v2\/types\/product"}],"replies":[{"embeddable":true,"href":"https:\/\/orthopara.store\/index.php?rest_route=%2Fwp%2Fv2%2Fcomments&post=1138"}],"wp:featuredmedia":[{"embeddable":true,"href":"https:\/\/orthopara.store\/index.php?rest_route=\/wp\/v2\/media\/1161"}],"wp:attachment":[{"href":"https:\/\/orthopara.store\/index.php?rest_route=%2Fwp%2Fv2%2Fmedia&parent=1138"}],"wp:term":[{"taxonomy":"pwb-brand","embeddable":true,"href":"https:\/\/orthopara.store\/index.php?rest_route=%2Fwp%2Fv2%2Fpwb-brand&post=1138"},{"taxonomy":"product_cat","embeddable":true,"href":"https:\/\/orthopara.store\/index.php?rest_route=%2Fwp%2Fv2%2Fproduct_cat&post=1138"},{"taxonomy":"product_tag","embeddable":true,"href":"https:\/\/orthopara.store\/index.php?rest_route=%2Fwp%2Fv2%2Fproduct_tag&post=1138"}],"curies":[{"name":"wp","href":"https:\/\/api.w.org\/{rel}","templated":true}]}}