{"id":1139,"date":"2024-06-28T15:51:48","date_gmt":"2024-06-28T13:51:48","guid":{"rendered":"https:\/\/orthopara.store\/?post_type=product&#038;p=1139"},"modified":"2024-06-28T15:51:57","modified_gmt":"2024-06-28T13:51:57","slug":"shampoing-anti-pelliculaire-anivagene-200ml","status":"publish","type":"product","link":"https:\/\/orthopara.store\/?product=shampoing-anti-pelliculaire-anivagene-200ml","title":{"rendered":"Shampoing anti-pelliculaire &#8211; Anivagene &#8211; 200ml"},"content":{"rendered":"<p>Shampoing anti-pelliculaire &#8211; Anivagene &#8211; 200ml<br \/>\nSp\u00e9cialement formul\u00e9 pour nettoyer d\u00e9licatement les cheveux et le cuir chevelu avec pellicules grasses ou s\u00e8ches .<br \/>\nR\u00e9duit la pr\u00e9sence des pellicules, de d\u00e9manga\u00efsons et d&rsquo;inflammations sur le cuir chevelu\u00a0<br \/>\nR\u00e9gule l&rsquo;exc\u00e8s de s\u00e9bum en cas de pellicules grasses\u00a0<br \/>\nComposition :\u00a0<br \/>\nAvec Adanrine, Piroctone, Olamine, extrait de Lichen d&rsquo;islande et extrait de Sauge\u00a0<\/p>\n","protected":false},"excerpt":{"rendered":"<p>Anivagene<br \/>\nShampoing pour les cheveux secs avec pellicules s\u00e8ches ou grasses\u00a0<br \/>\nSans sulfate &#8211; sels &#8211; sans parab\u00e8ne\u00a0<br \/>\nId\u00e9al pour tous types de cheveux\u00a0<br \/>\nId\u00e9al pour les cheveux trait\u00e9s \u00e0 la k\u00e9ratine\u00a0<br \/>\nTest\u00e9 cliniquement\u00a0<br \/>\nContenance : 200ml\u00a0<br \/>\nDLC 10\/2026<\/p>\n","protected":false},"featured_media":1162,"comment_status":"open","ping_status":"closed","template":"","meta":[],"pwb-brand":[137],"product_cat":[130],"product_tag":[],"class_list":{"0":"post-1139","1":"product","2":"type-product","3":"status-publish","4":"has-post-thumbnail","6":"pwb-brand-anivagene","7":"product_cat-shampoing-antipelliculaire","8":"post","9":"ws-product--style-1","11":"first","12":"instock","13":"shipping-taxable","14":"purchasable","15":"product-type-simple"},"yoast_head":"<!-- This site is optimized with the Yoast SEO plugin v23.0 - https:\/\/yoast.com\/wordpress\/plugins\/seo\/ -->\n<title>Shampoing anti-pelliculaire - Anivagene - 200ml - OrthoPara<\/title>\n<meta name=\"robots\" content=\"index, follow, max-snippet:-1, max-image-preview:large, max-video-preview:-1\" \/>\n<link rel=\"canonical\" href=\"https:\/\/orthopara.store\/index.php\/produit\/shampoing-anti-pelliculaire-anivagene-200ml\/\" \/>\n<meta property=\"og:locale\" content=\"fr_FR\" \/>\n<meta property=\"og:type\" content=\"article\" \/>\n<meta property=\"og:title\" content=\"Shampoing anti-pelliculaire - Anivagene - 200ml - OrthoPara\" \/>\n<meta property=\"og:description\" content=\"Anivagene Shampoing pour les cheveux secs avec pellicules s\u00e8ches ou grasses\u00a0 Sans sulfate - sels - sans parab\u00e8ne\u00a0 Id\u00e9al pour tous types de cheveux\u00a0 Id\u00e9al pour les cheveux trait\u00e9s \u00e0 la k\u00e9ratine\u00a0 Test\u00e9 cliniquement\u00a0 Contenance : 200ml\u00a0 DLC 10\/2026\" \/>\n<meta property=\"og:url\" content=\"https:\/\/orthopara.store\/index.php\/produit\/shampoing-anti-pelliculaire-anivagene-200ml\/\" \/>\n<meta property=\"og:site_name\" content=\"OrthoPara\" \/>\n<meta property=\"article:publisher\" content=\"https:\/\/www.facebook.com\/profile.php?id=61561194315651\" \/>\n<meta property=\"article:modified_time\" content=\"2024-06-28T13:51:57+00:00\" \/>\n<meta property=\"og:image\" content=\"https:\/\/orthopara.store\/wp-content\/uploads\/2024\/06\/anivagene-shampooing-pour-les-pellicules.jpg\" \/>\n\t<meta property=\"og:image:width\" content=\"800\" \/>\n\t<meta property=\"og:image:height\" content=\"800\" \/>\n\t<meta property=\"og:image:type\" content=\"image\/jpeg\" \/>\n<meta name=\"twitter:card\" content=\"summary_large_image\" \/>\n<script type=\"application\/ld+json\" class=\"yoast-schema-graph\">{\"@context\":\"https:\/\/schema.org\",\"@graph\":[{\"@type\":\"WebPage\",\"@id\":\"https:\/\/orthopara.store\/index.php\/produit\/shampoing-anti-pelliculaire-anivagene-200ml\/\",\"url\":\"https:\/\/orthopara.store\/index.php\/produit\/shampoing-anti-pelliculaire-anivagene-200ml\/\",\"name\":\"Shampoing anti-pelliculaire - Anivagene - 200ml - OrthoPara\",\"isPartOf\":{\"@id\":\"https:\/\/orthopara.store\/#website\"},\"primaryImageOfPage\":{\"@id\":\"https:\/\/orthopara.store\/index.php\/produit\/shampoing-anti-pelliculaire-anivagene-200ml\/#primaryimage\"},\"image\":{\"@id\":\"https:\/\/orthopara.store\/index.php\/produit\/shampoing-anti-pelliculaire-anivagene-200ml\/#primaryimage\"},\"thumbnailUrl\":\"https:\/\/orthopara.store\/wp-content\/uploads\/2024\/06\/anivagene-shampooing-pour-les-pellicules.jpg\",\"datePublished\":\"2024-06-28T13:51:48+00:00\",\"dateModified\":\"2024-06-28T13:51:57+00:00\",\"breadcrumb\":{\"@id\":\"https:\/\/orthopara.store\/index.php\/produit\/shampoing-anti-pelliculaire-anivagene-200ml\/#breadcrumb\"},\"inLanguage\":\"fr-FR\",\"potentialAction\":[{\"@type\":\"ReadAction\",\"target\":[\"https:\/\/orthopara.store\/index.php\/produit\/shampoing-anti-pelliculaire-anivagene-200ml\/\"]}]},{\"@type\":\"ImageObject\",\"inLanguage\":\"fr-FR\",\"@id\":\"https:\/\/orthopara.store\/index.php\/produit\/shampoing-anti-pelliculaire-anivagene-200ml\/#primaryimage\",\"url\":\"https:\/\/orthopara.store\/wp-content\/uploads\/2024\/06\/anivagene-shampooing-pour-les-pellicules.jpg\",\"contentUrl\":\"https:\/\/orthopara.store\/wp-content\/uploads\/2024\/06\/anivagene-shampooing-pour-les-pellicules.jpg\",\"width\":800,\"height\":800},{\"@type\":\"BreadcrumbList\",\"@id\":\"https:\/\/orthopara.store\/index.php\/produit\/shampoing-anti-pelliculaire-anivagene-200ml\/#breadcrumb\",\"itemListElement\":[{\"@type\":\"ListItem\",\"position\":1,\"name\":\"Accueil\",\"item\":\"https:\/\/orthopara.store\/\"},{\"@type\":\"ListItem\",\"position\":2,\"name\":\"Shop\",\"item\":\"https:\/\/orthopara.store\/?page_id=622\"},{\"@type\":\"ListItem\",\"position\":3,\"name\":\"Shampoing anti-pelliculaire &#8211; Anivagene &#8211; 200ml\"}]},{\"@type\":\"WebSite\",\"@id\":\"https:\/\/orthopara.store\/#website\",\"url\":\"https:\/\/orthopara.store\/\",\"name\":\"OrthoPara\",\"description\":\"Parapharmacie\",\"publisher\":{\"@id\":\"https:\/\/orthopara.store\/#organization\"},\"potentialAction\":[{\"@type\":\"SearchAction\",\"target\":{\"@type\":\"EntryPoint\",\"urlTemplate\":\"https:\/\/orthopara.store\/?s={search_term_string}\"},\"query-input\":\"required name=search_term_string\"}],\"inLanguage\":\"fr-FR\"},{\"@type\":\"Organization\",\"@id\":\"https:\/\/orthopara.store\/#organization\",\"name\":\"OrthoPara\",\"url\":\"https:\/\/orthopara.store\/\",\"logo\":{\"@type\":\"ImageObject\",\"inLanguage\":\"fr-FR\",\"@id\":\"https:\/\/orthopara.store\/#\/schema\/logo\/image\/\",\"url\":\"https:\/\/orthopara.store\/wp-content\/uploads\/2024\/06\/cropped-9ABA8BAD-6256-4719-9315-15C66E64E882.png\",\"contentUrl\":\"https:\/\/orthopara.store\/wp-content\/uploads\/2024\/06\/cropped-9ABA8BAD-6256-4719-9315-15C66E64E882.png\",\"width\":240,\"height\":72,\"caption\":\"OrthoPara\"},\"image\":{\"@id\":\"https:\/\/orthopara.store\/#\/schema\/logo\/image\/\"},\"sameAs\":[\"https:\/\/www.facebook.com\/profile.php?id=61561194315651\",\"https:\/\/www.instagram.com\/orthopara_tunisie\/\"]}]}<\/script>\n<!-- \/ Yoast SEO plugin. -->","yoast_head_json":{"title":"Shampoing anti-pelliculaire - Anivagene - 200ml - OrthoPara","robots":{"index":"index","follow":"follow","max-snippet":"max-snippet:-1","max-image-preview":"max-image-preview:large","max-video-preview":"max-video-preview:-1"},"canonical":"https:\/\/orthopara.store\/index.php\/produit\/shampoing-anti-pelliculaire-anivagene-200ml\/","og_locale":"fr_FR","og_type":"article","og_title":"Shampoing anti-pelliculaire - Anivagene - 200ml - OrthoPara","og_description":"Anivagene Shampoing pour les cheveux secs avec pellicules s\u00e8ches ou grasses\u00a0 Sans sulfate - sels - sans parab\u00e8ne\u00a0 Id\u00e9al pour tous types de cheveux\u00a0 Id\u00e9al pour les cheveux trait\u00e9s \u00e0 la k\u00e9ratine\u00a0 Test\u00e9 cliniquement\u00a0 Contenance : 200ml\u00a0 DLC 10\/2026","og_url":"https:\/\/orthopara.store\/index.php\/produit\/shampoing-anti-pelliculaire-anivagene-200ml\/","og_site_name":"OrthoPara","article_publisher":"https:\/\/www.facebook.com\/profile.php?id=61561194315651","article_modified_time":"2024-06-28T13:51:57+00:00","og_image":[{"width":800,"height":800,"url":"https:\/\/orthopara.store\/wp-content\/uploads\/2024\/06\/anivagene-shampooing-pour-les-pellicules.jpg","type":"image\/jpeg"}],"twitter_card":"summary_large_image","schema":{"@context":"https:\/\/schema.org","@graph":[{"@type":"WebPage","@id":"https:\/\/orthopara.store\/index.php\/produit\/shampoing-anti-pelliculaire-anivagene-200ml\/","url":"https:\/\/orthopara.store\/index.php\/produit\/shampoing-anti-pelliculaire-anivagene-200ml\/","name":"Shampoing anti-pelliculaire - Anivagene - 200ml - OrthoPara","isPartOf":{"@id":"https:\/\/orthopara.store\/#website"},"primaryImageOfPage":{"@id":"https:\/\/orthopara.store\/index.php\/produit\/shampoing-anti-pelliculaire-anivagene-200ml\/#primaryimage"},"image":{"@id":"https:\/\/orthopara.store\/index.php\/produit\/shampoing-anti-pelliculaire-anivagene-200ml\/#primaryimage"},"thumbnailUrl":"https:\/\/orthopara.store\/wp-content\/uploads\/2024\/06\/anivagene-shampooing-pour-les-pellicules.jpg","datePublished":"2024-06-28T13:51:48+00:00","dateModified":"2024-06-28T13:51:57+00:00","breadcrumb":{"@id":"https:\/\/orthopara.store\/index.php\/produit\/shampoing-anti-pelliculaire-anivagene-200ml\/#breadcrumb"},"inLanguage":"fr-FR","potentialAction":[{"@type":"ReadAction","target":["https:\/\/orthopara.store\/index.php\/produit\/shampoing-anti-pelliculaire-anivagene-200ml\/"]}]},{"@type":"ImageObject","inLanguage":"fr-FR","@id":"https:\/\/orthopara.store\/index.php\/produit\/shampoing-anti-pelliculaire-anivagene-200ml\/#primaryimage","url":"https:\/\/orthopara.store\/wp-content\/uploads\/2024\/06\/anivagene-shampooing-pour-les-pellicules.jpg","contentUrl":"https:\/\/orthopara.store\/wp-content\/uploads\/2024\/06\/anivagene-shampooing-pour-les-pellicules.jpg","width":800,"height":800},{"@type":"BreadcrumbList","@id":"https:\/\/orthopara.store\/index.php\/produit\/shampoing-anti-pelliculaire-anivagene-200ml\/#breadcrumb","itemListElement":[{"@type":"ListItem","position":1,"name":"Accueil","item":"https:\/\/orthopara.store\/"},{"@type":"ListItem","position":2,"name":"Shop","item":"https:\/\/orthopara.store\/?page_id=622"},{"@type":"ListItem","position":3,"name":"Shampoing anti-pelliculaire &#8211; Anivagene &#8211; 200ml"}]},{"@type":"WebSite","@id":"https:\/\/orthopara.store\/#website","url":"https:\/\/orthopara.store\/","name":"OrthoPara","description":"Parapharmacie","publisher":{"@id":"https:\/\/orthopara.store\/#organization"},"potentialAction":[{"@type":"SearchAction","target":{"@type":"EntryPoint","urlTemplate":"https:\/\/orthopara.store\/?s={search_term_string}"},"query-input":"required name=search_term_string"}],"inLanguage":"fr-FR"},{"@type":"Organization","@id":"https:\/\/orthopara.store\/#organization","name":"OrthoPara","url":"https:\/\/orthopara.store\/","logo":{"@type":"ImageObject","inLanguage":"fr-FR","@id":"https:\/\/orthopara.store\/#\/schema\/logo\/image\/","url":"https:\/\/orthopara.store\/wp-content\/uploads\/2024\/06\/cropped-9ABA8BAD-6256-4719-9315-15C66E64E882.png","contentUrl":"https:\/\/orthopara.store\/wp-content\/uploads\/2024\/06\/cropped-9ABA8BAD-6256-4719-9315-15C66E64E882.png","width":240,"height":72,"caption":"OrthoPara"},"image":{"@id":"https:\/\/orthopara.store\/#\/schema\/logo\/image\/"},"sameAs":["https:\/\/www.facebook.com\/profile.php?id=61561194315651","https:\/\/www.instagram.com\/orthopara_tunisie\/"]}]}},"jetpack_sharing_enabled":true,"brands":[{"id":137,"name":"Anivagene","slug":"anivagene"}],"_links":{"self":[{"href":"https:\/\/orthopara.store\/index.php?rest_route=\/wp\/v2\/product\/1139","targetHints":{"allow":["GET"]}}],"collection":[{"href":"https:\/\/orthopara.store\/index.php?rest_route=\/wp\/v2\/product"}],"about":[{"href":"https:\/\/orthopara.store\/index.php?rest_route=\/wp\/v2\/types\/product"}],"replies":[{"embeddable":true,"href":"https:\/\/orthopara.store\/index.php?rest_route=%2Fwp%2Fv2%2Fcomments&post=1139"}],"wp:featuredmedia":[{"embeddable":true,"href":"https:\/\/orthopara.store\/index.php?rest_route=\/wp\/v2\/media\/1162"}],"wp:attachment":[{"href":"https:\/\/orthopara.store\/index.php?rest_route=%2Fwp%2Fv2%2Fmedia&parent=1139"}],"wp:term":[{"taxonomy":"pwb-brand","embeddable":true,"href":"https:\/\/orthopara.store\/index.php?rest_route=%2Fwp%2Fv2%2Fpwb-brand&post=1139"},{"taxonomy":"product_cat","embeddable":true,"href":"https:\/\/orthopara.store\/index.php?rest_route=%2Fwp%2Fv2%2Fproduct_cat&post=1139"},{"taxonomy":"product_tag","embeddable":true,"href":"https:\/\/orthopara.store\/index.php?rest_route=%2Fwp%2Fv2%2Fproduct_tag&post=1139"}],"curies":[{"name":"wp","href":"https:\/\/api.w.org\/{rel}","templated":true}]}}