{"id":1140,"date":"2024-06-28T15:51:48","date_gmt":"2024-06-28T13:51:48","guid":{"rendered":"https:\/\/orthopara.store\/?post_type=product&#038;p=1140"},"modified":"2024-06-28T15:51:58","modified_gmt":"2024-06-28T13:51:58","slug":"shampooing-antipelliculaires-pharmaceris-h-purin-oily-250ml","status":"publish","type":"product","link":"https:\/\/orthopara.store\/?product=shampooing-antipelliculaires-pharmaceris-h-purin-oily-250ml","title":{"rendered":"Shampooing antipelliculaires &#8211; Pharmaceris H-Purin Oily &#8211; 250ml"},"content":{"rendered":"<p>Shampooing antipelliculaires &#8211; Pharmaceris H-Purin Oily &#8211; 250ml<br \/>\nShampoing Pharmaceris antipelliculaire\u00a0sp\u00e9cialement formul\u00e9 pour le cuir chevelu gras et les cheveux gras.<br \/>\nSp\u00e9cialement con\u00e7u pour les pellicules grasses\u00a0(Adh\u00e9rent au cuir chevelu).<br \/>\nLe shampooing se caract\u00e9rise par sa capacit\u00e9 \u00e0 nettoyer efficacement les cheveux.Il r\u00e9gule la s\u00e9cr\u00e9tion excessive des glandes s\u00e9bac\u00e9es du cuir chevelu, laissant les cheveux propres et brillants pendant longtemps. Il r\u00e9tablit l&rsquo;\u00e9quilibre naturel de la couche microbienne b\u00e9n\u00e9fique, rendant le cuir chevelu moins sujet aux irritations et soulageant les d\u00e9mangeaisons.Laisse les cheveux plus lisses<br \/>\nConseils d&rsquo;utilisation :\u00a0<br \/>\nUtilisez-le quotidiennement ou au moins deux fois par semaineAppliquer le shampooing sur les cheveux et le cuir chevelu humidesFrottez doucement pendant 1 \u00e0 2 minutes, puis rincez \u00e0 l&rsquo;eau.<\/p>\n","protected":false},"excerpt":{"rendered":"<p>Pharmaceris H-Purin Oily\u00a0<br \/>\nShampooing Antipelliculaires H-Purin Oily\u00a0<br \/>\nShampoing antipelliculaire\u00a0nettoie efficacement le cuir chevelu<br \/>\nCheveux gras<br \/>\ncontenance : 250ml<\/p>\n","protected":false},"featured_media":1163,"comment_status":"open","ping_status":"closed","template":"","meta":[],"pwb-brand":[55],"product_cat":[130],"product_tag":[],"class_list":{"0":"post-1140","1":"product","2":"type-product","3":"status-publish","4":"has-post-thumbnail","6":"pwb-brand-pharmaceris","7":"product_cat-shampoing-antipelliculaire","8":"post","9":"ws-product--style-1","11":"first","12":"instock","13":"shipping-taxable","14":"purchasable","15":"product-type-simple"},"yoast_head":"<!-- This site is optimized with the Yoast SEO plugin v23.0 - https:\/\/yoast.com\/wordpress\/plugins\/seo\/ -->\n<title>Shampooing antipelliculaires - Pharmaceris H-Purin Oily - 250ml - OrthoPara<\/title>\n<meta name=\"robots\" content=\"index, follow, max-snippet:-1, max-image-preview:large, max-video-preview:-1\" \/>\n<link rel=\"canonical\" href=\"https:\/\/orthopara.store\/index.php\/produit\/shampooing-antipelliculaires-pharmaceris-h-purin-oily-250ml\/\" \/>\n<meta property=\"og:locale\" content=\"fr_FR\" \/>\n<meta property=\"og:type\" content=\"article\" \/>\n<meta property=\"og:title\" content=\"Shampooing antipelliculaires - Pharmaceris H-Purin Oily - 250ml - OrthoPara\" \/>\n<meta property=\"og:description\" content=\"Pharmaceris H-Purin Oily\u00a0 Shampooing Antipelliculaires H-Purin Oily\u00a0 Shampoing antipelliculaire\u00a0nettoie efficacement le cuir chevelu Cheveux gras contenance : 250ml\" \/>\n<meta property=\"og:url\" content=\"https:\/\/orthopara.store\/index.php\/produit\/shampooing-antipelliculaires-pharmaceris-h-purin-oily-250ml\/\" \/>\n<meta property=\"og:site_name\" content=\"OrthoPara\" \/>\n<meta property=\"article:publisher\" content=\"https:\/\/www.facebook.com\/profile.php?id=61561194315651\" \/>\n<meta property=\"article:modified_time\" content=\"2024-06-28T13:51:58+00:00\" \/>\n<meta property=\"og:image\" content=\"https:\/\/orthopara.store\/wp-content\/uploads\/2024\/06\/pharmaceris-shampooing-antipelliculaires-h-purin-oily-250.jpg\" \/>\n\t<meta property=\"og:image:width\" content=\"800\" \/>\n\t<meta property=\"og:image:height\" content=\"800\" \/>\n\t<meta property=\"og:image:type\" content=\"image\/jpeg\" \/>\n<meta name=\"twitter:card\" content=\"summary_large_image\" \/>\n<meta name=\"twitter:label1\" content=\"Dur\u00e9e de lecture estim\u00e9e\" \/>\n\t<meta name=\"twitter:data1\" content=\"1 minute\" \/>\n<script type=\"application\/ld+json\" class=\"yoast-schema-graph\">{\"@context\":\"https:\/\/schema.org\",\"@graph\":[{\"@type\":\"WebPage\",\"@id\":\"https:\/\/orthopara.store\/index.php\/produit\/shampooing-antipelliculaires-pharmaceris-h-purin-oily-250ml\/\",\"url\":\"https:\/\/orthopara.store\/index.php\/produit\/shampooing-antipelliculaires-pharmaceris-h-purin-oily-250ml\/\",\"name\":\"Shampooing antipelliculaires - Pharmaceris H-Purin Oily - 250ml - OrthoPara\",\"isPartOf\":{\"@id\":\"https:\/\/orthopara.store\/#website\"},\"primaryImageOfPage\":{\"@id\":\"https:\/\/orthopara.store\/index.php\/produit\/shampooing-antipelliculaires-pharmaceris-h-purin-oily-250ml\/#primaryimage\"},\"image\":{\"@id\":\"https:\/\/orthopara.store\/index.php\/produit\/shampooing-antipelliculaires-pharmaceris-h-purin-oily-250ml\/#primaryimage\"},\"thumbnailUrl\":\"https:\/\/orthopara.store\/wp-content\/uploads\/2024\/06\/pharmaceris-shampooing-antipelliculaires-h-purin-oily-250.jpg\",\"datePublished\":\"2024-06-28T13:51:48+00:00\",\"dateModified\":\"2024-06-28T13:51:58+00:00\",\"breadcrumb\":{\"@id\":\"https:\/\/orthopara.store\/index.php\/produit\/shampooing-antipelliculaires-pharmaceris-h-purin-oily-250ml\/#breadcrumb\"},\"inLanguage\":\"fr-FR\",\"potentialAction\":[{\"@type\":\"ReadAction\",\"target\":[\"https:\/\/orthopara.store\/index.php\/produit\/shampooing-antipelliculaires-pharmaceris-h-purin-oily-250ml\/\"]}]},{\"@type\":\"ImageObject\",\"inLanguage\":\"fr-FR\",\"@id\":\"https:\/\/orthopara.store\/index.php\/produit\/shampooing-antipelliculaires-pharmaceris-h-purin-oily-250ml\/#primaryimage\",\"url\":\"https:\/\/orthopara.store\/wp-content\/uploads\/2024\/06\/pharmaceris-shampooing-antipelliculaires-h-purin-oily-250.jpg\",\"contentUrl\":\"https:\/\/orthopara.store\/wp-content\/uploads\/2024\/06\/pharmaceris-shampooing-antipelliculaires-h-purin-oily-250.jpg\",\"width\":800,\"height\":800},{\"@type\":\"BreadcrumbList\",\"@id\":\"https:\/\/orthopara.store\/index.php\/produit\/shampooing-antipelliculaires-pharmaceris-h-purin-oily-250ml\/#breadcrumb\",\"itemListElement\":[{\"@type\":\"ListItem\",\"position\":1,\"name\":\"Accueil\",\"item\":\"https:\/\/orthopara.store\/\"},{\"@type\":\"ListItem\",\"position\":2,\"name\":\"Shop\",\"item\":\"https:\/\/orthopara.store\/?page_id=622\"},{\"@type\":\"ListItem\",\"position\":3,\"name\":\"Shampooing antipelliculaires &#8211; Pharmaceris H-Purin Oily &#8211; 250ml\"}]},{\"@type\":\"WebSite\",\"@id\":\"https:\/\/orthopara.store\/#website\",\"url\":\"https:\/\/orthopara.store\/\",\"name\":\"OrthoPara\",\"description\":\"Parapharmacie\",\"publisher\":{\"@id\":\"https:\/\/orthopara.store\/#organization\"},\"potentialAction\":[{\"@type\":\"SearchAction\",\"target\":{\"@type\":\"EntryPoint\",\"urlTemplate\":\"https:\/\/orthopara.store\/?s={search_term_string}\"},\"query-input\":\"required name=search_term_string\"}],\"inLanguage\":\"fr-FR\"},{\"@type\":\"Organization\",\"@id\":\"https:\/\/orthopara.store\/#organization\",\"name\":\"OrthoPara\",\"url\":\"https:\/\/orthopara.store\/\",\"logo\":{\"@type\":\"ImageObject\",\"inLanguage\":\"fr-FR\",\"@id\":\"https:\/\/orthopara.store\/#\/schema\/logo\/image\/\",\"url\":\"https:\/\/orthopara.store\/wp-content\/uploads\/2024\/06\/cropped-9ABA8BAD-6256-4719-9315-15C66E64E882.png\",\"contentUrl\":\"https:\/\/orthopara.store\/wp-content\/uploads\/2024\/06\/cropped-9ABA8BAD-6256-4719-9315-15C66E64E882.png\",\"width\":240,\"height\":72,\"caption\":\"OrthoPara\"},\"image\":{\"@id\":\"https:\/\/orthopara.store\/#\/schema\/logo\/image\/\"},\"sameAs\":[\"https:\/\/www.facebook.com\/profile.php?id=61561194315651\",\"https:\/\/www.instagram.com\/orthopara_tunisie\/\"]}]}<\/script>\n<!-- \/ Yoast SEO plugin. -->","yoast_head_json":{"title":"Shampooing antipelliculaires - Pharmaceris H-Purin Oily - 250ml - OrthoPara","robots":{"index":"index","follow":"follow","max-snippet":"max-snippet:-1","max-image-preview":"max-image-preview:large","max-video-preview":"max-video-preview:-1"},"canonical":"https:\/\/orthopara.store\/index.php\/produit\/shampooing-antipelliculaires-pharmaceris-h-purin-oily-250ml\/","og_locale":"fr_FR","og_type":"article","og_title":"Shampooing antipelliculaires - Pharmaceris H-Purin Oily - 250ml - OrthoPara","og_description":"Pharmaceris H-Purin Oily\u00a0 Shampooing Antipelliculaires H-Purin Oily\u00a0 Shampoing antipelliculaire\u00a0nettoie efficacement le cuir chevelu Cheveux gras contenance : 250ml","og_url":"https:\/\/orthopara.store\/index.php\/produit\/shampooing-antipelliculaires-pharmaceris-h-purin-oily-250ml\/","og_site_name":"OrthoPara","article_publisher":"https:\/\/www.facebook.com\/profile.php?id=61561194315651","article_modified_time":"2024-06-28T13:51:58+00:00","og_image":[{"width":800,"height":800,"url":"https:\/\/orthopara.store\/wp-content\/uploads\/2024\/06\/pharmaceris-shampooing-antipelliculaires-h-purin-oily-250.jpg","type":"image\/jpeg"}],"twitter_card":"summary_large_image","twitter_misc":{"Dur\u00e9e de lecture estim\u00e9e":"1 minute"},"schema":{"@context":"https:\/\/schema.org","@graph":[{"@type":"WebPage","@id":"https:\/\/orthopara.store\/index.php\/produit\/shampooing-antipelliculaires-pharmaceris-h-purin-oily-250ml\/","url":"https:\/\/orthopara.store\/index.php\/produit\/shampooing-antipelliculaires-pharmaceris-h-purin-oily-250ml\/","name":"Shampooing antipelliculaires - Pharmaceris H-Purin Oily - 250ml - OrthoPara","isPartOf":{"@id":"https:\/\/orthopara.store\/#website"},"primaryImageOfPage":{"@id":"https:\/\/orthopara.store\/index.php\/produit\/shampooing-antipelliculaires-pharmaceris-h-purin-oily-250ml\/#primaryimage"},"image":{"@id":"https:\/\/orthopara.store\/index.php\/produit\/shampooing-antipelliculaires-pharmaceris-h-purin-oily-250ml\/#primaryimage"},"thumbnailUrl":"https:\/\/orthopara.store\/wp-content\/uploads\/2024\/06\/pharmaceris-shampooing-antipelliculaires-h-purin-oily-250.jpg","datePublished":"2024-06-28T13:51:48+00:00","dateModified":"2024-06-28T13:51:58+00:00","breadcrumb":{"@id":"https:\/\/orthopara.store\/index.php\/produit\/shampooing-antipelliculaires-pharmaceris-h-purin-oily-250ml\/#breadcrumb"},"inLanguage":"fr-FR","potentialAction":[{"@type":"ReadAction","target":["https:\/\/orthopara.store\/index.php\/produit\/shampooing-antipelliculaires-pharmaceris-h-purin-oily-250ml\/"]}]},{"@type":"ImageObject","inLanguage":"fr-FR","@id":"https:\/\/orthopara.store\/index.php\/produit\/shampooing-antipelliculaires-pharmaceris-h-purin-oily-250ml\/#primaryimage","url":"https:\/\/orthopara.store\/wp-content\/uploads\/2024\/06\/pharmaceris-shampooing-antipelliculaires-h-purin-oily-250.jpg","contentUrl":"https:\/\/orthopara.store\/wp-content\/uploads\/2024\/06\/pharmaceris-shampooing-antipelliculaires-h-purin-oily-250.jpg","width":800,"height":800},{"@type":"BreadcrumbList","@id":"https:\/\/orthopara.store\/index.php\/produit\/shampooing-antipelliculaires-pharmaceris-h-purin-oily-250ml\/#breadcrumb","itemListElement":[{"@type":"ListItem","position":1,"name":"Accueil","item":"https:\/\/orthopara.store\/"},{"@type":"ListItem","position":2,"name":"Shop","item":"https:\/\/orthopara.store\/?page_id=622"},{"@type":"ListItem","position":3,"name":"Shampooing antipelliculaires &#8211; Pharmaceris H-Purin Oily &#8211; 250ml"}]},{"@type":"WebSite","@id":"https:\/\/orthopara.store\/#website","url":"https:\/\/orthopara.store\/","name":"OrthoPara","description":"Parapharmacie","publisher":{"@id":"https:\/\/orthopara.store\/#organization"},"potentialAction":[{"@type":"SearchAction","target":{"@type":"EntryPoint","urlTemplate":"https:\/\/orthopara.store\/?s={search_term_string}"},"query-input":"required name=search_term_string"}],"inLanguage":"fr-FR"},{"@type":"Organization","@id":"https:\/\/orthopara.store\/#organization","name":"OrthoPara","url":"https:\/\/orthopara.store\/","logo":{"@type":"ImageObject","inLanguage":"fr-FR","@id":"https:\/\/orthopara.store\/#\/schema\/logo\/image\/","url":"https:\/\/orthopara.store\/wp-content\/uploads\/2024\/06\/cropped-9ABA8BAD-6256-4719-9315-15C66E64E882.png","contentUrl":"https:\/\/orthopara.store\/wp-content\/uploads\/2024\/06\/cropped-9ABA8BAD-6256-4719-9315-15C66E64E882.png","width":240,"height":72,"caption":"OrthoPara"},"image":{"@id":"https:\/\/orthopara.store\/#\/schema\/logo\/image\/"},"sameAs":["https:\/\/www.facebook.com\/profile.php?id=61561194315651","https:\/\/www.instagram.com\/orthopara_tunisie\/"]}]}},"jetpack_sharing_enabled":true,"brands":[{"id":55,"name":"Pharmaceris","slug":"pharmaceris"}],"_links":{"self":[{"href":"https:\/\/orthopara.store\/index.php?rest_route=\/wp\/v2\/product\/1140","targetHints":{"allow":["GET"]}}],"collection":[{"href":"https:\/\/orthopara.store\/index.php?rest_route=\/wp\/v2\/product"}],"about":[{"href":"https:\/\/orthopara.store\/index.php?rest_route=\/wp\/v2\/types\/product"}],"replies":[{"embeddable":true,"href":"https:\/\/orthopara.store\/index.php?rest_route=%2Fwp%2Fv2%2Fcomments&post=1140"}],"wp:featuredmedia":[{"embeddable":true,"href":"https:\/\/orthopara.store\/index.php?rest_route=\/wp\/v2\/media\/1163"}],"wp:attachment":[{"href":"https:\/\/orthopara.store\/index.php?rest_route=%2Fwp%2Fv2%2Fmedia&parent=1140"}],"wp:term":[{"taxonomy":"pwb-brand","embeddable":true,"href":"https:\/\/orthopara.store\/index.php?rest_route=%2Fwp%2Fv2%2Fpwb-brand&post=1140"},{"taxonomy":"product_cat","embeddable":true,"href":"https:\/\/orthopara.store\/index.php?rest_route=%2Fwp%2Fv2%2Fproduct_cat&post=1140"},{"taxonomy":"product_tag","embeddable":true,"href":"https:\/\/orthopara.store\/index.php?rest_route=%2Fwp%2Fv2%2Fproduct_tag&post=1140"}],"curies":[{"name":"wp","href":"https:\/\/api.w.org\/{rel}","templated":true}]}}