{"id":1141,"date":"2024-06-28T15:51:48","date_gmt":"2024-06-28T13:51:48","guid":{"rendered":"https:\/\/orthopara.store\/?post_type=product&#038;p=1141"},"modified":"2024-06-28T15:51:58","modified_gmt":"2024-06-28T13:51:58","slug":"shampoing-anti-pelliculaire-item-alphakeptol-200ml","status":"publish","type":"product","link":"https:\/\/orthopara.store\/?product=shampoing-anti-pelliculaire-item-alphakeptol-200ml","title":{"rendered":"Shampoing anti-pelliculaire &#8211; Item Alphakeptol &#8211; 200ml"},"content":{"rendered":"<p>Shampoing anti-pelliculaire &#8211; Item Alphakeptol &#8211; 200ml<br \/>\nSoin capillaire et corporel \u00e0 effets antifongique, r\u00e9ducteur et apaisant, il assure une am\u00e9lioration durable des \u00e9tats pelliculaires s\u00e9v\u00e8res et soulage les d\u00e9mangeaisons d\u00e8s les premi\u00e8res utilisations.L&rsquo;association synergique de 4 actifs antipelliculaires, (2 antifongiques puissants, 1 r\u00e9ducteur et 1 exfoliant) assure une r\u00e9gression remarquable des \u00e9tats pelliculaires r\u00e9cidivants (pityriasis st\u00e9atoide et dermite s\u00e9borrh\u00e9ique) au bout de 4 semaines de traitement.<\/p>\n<p>Conseil d&rsquo;utilisation<\/p>\n<p>Appliquer ce shampooing antipelliculaire 2 \u00e0 3 fois par semaine sont conseill\u00e9s selon la s\u00e9v\u00e9rit\u00e9 de l&rsquo;\u00e9tat constat\u00e9.<\/p>\n<p>Dur\u00e9e minimale du traitement : 5 semaines sans interruption puis relais avec un shampooing doux.<\/p>\n<p>Dosage : l&rsquo;\u00e9quivalent d&rsquo;une cuill\u00e9r\u00e9e \u00e0 soupe de shampooing par lavage.<\/p>\n<p>Temps de pose n\u00e9cessaire pour un effet traitant: 3 mn minimum.<\/p>\n<p>Composition<\/p>\n<p>Acide salicylique, Pyrithione zinc, Piroctone Olamine, Acide glycolique, Base lavante neutre<\/p>\n<p>\u00a0<\/p>\n","protected":false},"excerpt":{"rendered":"<p>Item Alphakeptol<br \/>\nShampoing anti-pelliculaire\u00a0<br \/>\nSoin capillaire\u00a0et corporel \u00e0 effets antifongique, r\u00e9ducteur et apaisant, il assure une\u00a0am\u00e9lioration durable des \u00e9tats pelliculaires\u00a0s\u00e9v\u00e8res et\u00a0soulage les d\u00e9mangeaisons\u00a0d\u00e8s les premi\u00e8res utilisations.<br \/>\ncontenance : 200ml<br \/>\nDLC 10\/2024<\/p>\n","protected":false},"featured_media":1164,"comment_status":"open","ping_status":"closed","template":"","meta":[],"pwb-brand":[138],"product_cat":[130],"product_tag":[],"class_list":{"0":"post-1141","1":"product","2":"type-product","3":"status-publish","4":"has-post-thumbnail","6":"pwb-brand-item-dermatologie","7":"product_cat-shampoing-antipelliculaire","8":"post","9":"ws-product--style-1","11":"first","12":"instock","13":"shipping-taxable","14":"purchasable","15":"product-type-simple"},"yoast_head":"<!-- This site is optimized with the Yoast SEO plugin v23.0 - https:\/\/yoast.com\/wordpress\/plugins\/seo\/ -->\n<title>Shampoing anti-pelliculaire - Item Alphakeptol - 200ml - OrthoPara<\/title>\n<meta name=\"robots\" content=\"index, follow, max-snippet:-1, max-image-preview:large, max-video-preview:-1\" \/>\n<link rel=\"canonical\" href=\"https:\/\/orthopara.store\/index.php\/produit\/shampoing-anti-pelliculaire-item-alphakeptol-200ml\/\" \/>\n<meta property=\"og:locale\" content=\"fr_FR\" \/>\n<meta property=\"og:type\" content=\"article\" \/>\n<meta property=\"og:title\" content=\"Shampoing anti-pelliculaire - Item Alphakeptol - 200ml - OrthoPara\" \/>\n<meta property=\"og:description\" content=\"Item Alphakeptol Shampoing anti-pelliculaire\u00a0 Soin capillaire\u00a0et corporel \u00e0 effets antifongique, r\u00e9ducteur et apaisant, il assure une\u00a0am\u00e9lioration durable des \u00e9tats pelliculaires\u00a0s\u00e9v\u00e8res et\u00a0soulage les d\u00e9mangeaisons\u00a0d\u00e8s les premi\u00e8res utilisations. contenance : 200ml DLC 10\/2024\" \/>\n<meta property=\"og:url\" content=\"https:\/\/orthopara.store\/index.php\/produit\/shampoing-anti-pelliculaire-item-alphakeptol-200ml\/\" \/>\n<meta property=\"og:site_name\" content=\"OrthoPara\" \/>\n<meta property=\"article:publisher\" content=\"https:\/\/www.facebook.com\/profile.php?id=61561194315651\" \/>\n<meta property=\"article:modified_time\" content=\"2024-06-28T13:51:58+00:00\" \/>\n<meta property=\"og:image\" content=\"https:\/\/orthopara.store\/wp-content\/uploads\/2024\/06\/item-alphakeptol-ds-shampooing-antipelliculaire-200ml.jpg\" \/>\n\t<meta property=\"og:image:width\" content=\"800\" \/>\n\t<meta property=\"og:image:height\" content=\"800\" \/>\n\t<meta property=\"og:image:type\" content=\"image\/jpeg\" \/>\n<meta name=\"twitter:card\" content=\"summary_large_image\" \/>\n<meta name=\"twitter:label1\" content=\"Dur\u00e9e de lecture estim\u00e9e\" \/>\n\t<meta name=\"twitter:data1\" content=\"1 minute\" \/>\n<script type=\"application\/ld+json\" class=\"yoast-schema-graph\">{\"@context\":\"https:\/\/schema.org\",\"@graph\":[{\"@type\":\"WebPage\",\"@id\":\"https:\/\/orthopara.store\/index.php\/produit\/shampoing-anti-pelliculaire-item-alphakeptol-200ml\/\",\"url\":\"https:\/\/orthopara.store\/index.php\/produit\/shampoing-anti-pelliculaire-item-alphakeptol-200ml\/\",\"name\":\"Shampoing anti-pelliculaire - Item Alphakeptol - 200ml - OrthoPara\",\"isPartOf\":{\"@id\":\"https:\/\/orthopara.store\/#website\"},\"primaryImageOfPage\":{\"@id\":\"https:\/\/orthopara.store\/index.php\/produit\/shampoing-anti-pelliculaire-item-alphakeptol-200ml\/#primaryimage\"},\"image\":{\"@id\":\"https:\/\/orthopara.store\/index.php\/produit\/shampoing-anti-pelliculaire-item-alphakeptol-200ml\/#primaryimage\"},\"thumbnailUrl\":\"https:\/\/orthopara.store\/wp-content\/uploads\/2024\/06\/item-alphakeptol-ds-shampooing-antipelliculaire-200ml.jpg\",\"datePublished\":\"2024-06-28T13:51:48+00:00\",\"dateModified\":\"2024-06-28T13:51:58+00:00\",\"breadcrumb\":{\"@id\":\"https:\/\/orthopara.store\/index.php\/produit\/shampoing-anti-pelliculaire-item-alphakeptol-200ml\/#breadcrumb\"},\"inLanguage\":\"fr-FR\",\"potentialAction\":[{\"@type\":\"ReadAction\",\"target\":[\"https:\/\/orthopara.store\/index.php\/produit\/shampoing-anti-pelliculaire-item-alphakeptol-200ml\/\"]}]},{\"@type\":\"ImageObject\",\"inLanguage\":\"fr-FR\",\"@id\":\"https:\/\/orthopara.store\/index.php\/produit\/shampoing-anti-pelliculaire-item-alphakeptol-200ml\/#primaryimage\",\"url\":\"https:\/\/orthopara.store\/wp-content\/uploads\/2024\/06\/item-alphakeptol-ds-shampooing-antipelliculaire-200ml.jpg\",\"contentUrl\":\"https:\/\/orthopara.store\/wp-content\/uploads\/2024\/06\/item-alphakeptol-ds-shampooing-antipelliculaire-200ml.jpg\",\"width\":800,\"height\":800},{\"@type\":\"BreadcrumbList\",\"@id\":\"https:\/\/orthopara.store\/index.php\/produit\/shampoing-anti-pelliculaire-item-alphakeptol-200ml\/#breadcrumb\",\"itemListElement\":[{\"@type\":\"ListItem\",\"position\":1,\"name\":\"Accueil\",\"item\":\"https:\/\/orthopara.store\/\"},{\"@type\":\"ListItem\",\"position\":2,\"name\":\"Shop\",\"item\":\"https:\/\/orthopara.store\/?page_id=622\"},{\"@type\":\"ListItem\",\"position\":3,\"name\":\"Shampoing anti-pelliculaire &#8211; Item Alphakeptol &#8211; 200ml\"}]},{\"@type\":\"WebSite\",\"@id\":\"https:\/\/orthopara.store\/#website\",\"url\":\"https:\/\/orthopara.store\/\",\"name\":\"OrthoPara\",\"description\":\"Parapharmacie\",\"publisher\":{\"@id\":\"https:\/\/orthopara.store\/#organization\"},\"potentialAction\":[{\"@type\":\"SearchAction\",\"target\":{\"@type\":\"EntryPoint\",\"urlTemplate\":\"https:\/\/orthopara.store\/?s={search_term_string}\"},\"query-input\":\"required name=search_term_string\"}],\"inLanguage\":\"fr-FR\"},{\"@type\":\"Organization\",\"@id\":\"https:\/\/orthopara.store\/#organization\",\"name\":\"OrthoPara\",\"url\":\"https:\/\/orthopara.store\/\",\"logo\":{\"@type\":\"ImageObject\",\"inLanguage\":\"fr-FR\",\"@id\":\"https:\/\/orthopara.store\/#\/schema\/logo\/image\/\",\"url\":\"https:\/\/orthopara.store\/wp-content\/uploads\/2024\/06\/cropped-9ABA8BAD-6256-4719-9315-15C66E64E882.png\",\"contentUrl\":\"https:\/\/orthopara.store\/wp-content\/uploads\/2024\/06\/cropped-9ABA8BAD-6256-4719-9315-15C66E64E882.png\",\"width\":240,\"height\":72,\"caption\":\"OrthoPara\"},\"image\":{\"@id\":\"https:\/\/orthopara.store\/#\/schema\/logo\/image\/\"},\"sameAs\":[\"https:\/\/www.facebook.com\/profile.php?id=61561194315651\",\"https:\/\/www.instagram.com\/orthopara_tunisie\/\"]}]}<\/script>\n<!-- \/ Yoast SEO plugin. -->","yoast_head_json":{"title":"Shampoing anti-pelliculaire - Item Alphakeptol - 200ml - OrthoPara","robots":{"index":"index","follow":"follow","max-snippet":"max-snippet:-1","max-image-preview":"max-image-preview:large","max-video-preview":"max-video-preview:-1"},"canonical":"https:\/\/orthopara.store\/index.php\/produit\/shampoing-anti-pelliculaire-item-alphakeptol-200ml\/","og_locale":"fr_FR","og_type":"article","og_title":"Shampoing anti-pelliculaire - Item Alphakeptol - 200ml - OrthoPara","og_description":"Item Alphakeptol Shampoing anti-pelliculaire\u00a0 Soin capillaire\u00a0et corporel \u00e0 effets antifongique, r\u00e9ducteur et apaisant, il assure une\u00a0am\u00e9lioration durable des \u00e9tats pelliculaires\u00a0s\u00e9v\u00e8res et\u00a0soulage les d\u00e9mangeaisons\u00a0d\u00e8s les premi\u00e8res utilisations. contenance : 200ml DLC 10\/2024","og_url":"https:\/\/orthopara.store\/index.php\/produit\/shampoing-anti-pelliculaire-item-alphakeptol-200ml\/","og_site_name":"OrthoPara","article_publisher":"https:\/\/www.facebook.com\/profile.php?id=61561194315651","article_modified_time":"2024-06-28T13:51:58+00:00","og_image":[{"width":800,"height":800,"url":"https:\/\/orthopara.store\/wp-content\/uploads\/2024\/06\/item-alphakeptol-ds-shampooing-antipelliculaire-200ml.jpg","type":"image\/jpeg"}],"twitter_card":"summary_large_image","twitter_misc":{"Dur\u00e9e de lecture estim\u00e9e":"1 minute"},"schema":{"@context":"https:\/\/schema.org","@graph":[{"@type":"WebPage","@id":"https:\/\/orthopara.store\/index.php\/produit\/shampoing-anti-pelliculaire-item-alphakeptol-200ml\/","url":"https:\/\/orthopara.store\/index.php\/produit\/shampoing-anti-pelliculaire-item-alphakeptol-200ml\/","name":"Shampoing anti-pelliculaire - Item Alphakeptol - 200ml - OrthoPara","isPartOf":{"@id":"https:\/\/orthopara.store\/#website"},"primaryImageOfPage":{"@id":"https:\/\/orthopara.store\/index.php\/produit\/shampoing-anti-pelliculaire-item-alphakeptol-200ml\/#primaryimage"},"image":{"@id":"https:\/\/orthopara.store\/index.php\/produit\/shampoing-anti-pelliculaire-item-alphakeptol-200ml\/#primaryimage"},"thumbnailUrl":"https:\/\/orthopara.store\/wp-content\/uploads\/2024\/06\/item-alphakeptol-ds-shampooing-antipelliculaire-200ml.jpg","datePublished":"2024-06-28T13:51:48+00:00","dateModified":"2024-06-28T13:51:58+00:00","breadcrumb":{"@id":"https:\/\/orthopara.store\/index.php\/produit\/shampoing-anti-pelliculaire-item-alphakeptol-200ml\/#breadcrumb"},"inLanguage":"fr-FR","potentialAction":[{"@type":"ReadAction","target":["https:\/\/orthopara.store\/index.php\/produit\/shampoing-anti-pelliculaire-item-alphakeptol-200ml\/"]}]},{"@type":"ImageObject","inLanguage":"fr-FR","@id":"https:\/\/orthopara.store\/index.php\/produit\/shampoing-anti-pelliculaire-item-alphakeptol-200ml\/#primaryimage","url":"https:\/\/orthopara.store\/wp-content\/uploads\/2024\/06\/item-alphakeptol-ds-shampooing-antipelliculaire-200ml.jpg","contentUrl":"https:\/\/orthopara.store\/wp-content\/uploads\/2024\/06\/item-alphakeptol-ds-shampooing-antipelliculaire-200ml.jpg","width":800,"height":800},{"@type":"BreadcrumbList","@id":"https:\/\/orthopara.store\/index.php\/produit\/shampoing-anti-pelliculaire-item-alphakeptol-200ml\/#breadcrumb","itemListElement":[{"@type":"ListItem","position":1,"name":"Accueil","item":"https:\/\/orthopara.store\/"},{"@type":"ListItem","position":2,"name":"Shop","item":"https:\/\/orthopara.store\/?page_id=622"},{"@type":"ListItem","position":3,"name":"Shampoing anti-pelliculaire &#8211; Item Alphakeptol &#8211; 200ml"}]},{"@type":"WebSite","@id":"https:\/\/orthopara.store\/#website","url":"https:\/\/orthopara.store\/","name":"OrthoPara","description":"Parapharmacie","publisher":{"@id":"https:\/\/orthopara.store\/#organization"},"potentialAction":[{"@type":"SearchAction","target":{"@type":"EntryPoint","urlTemplate":"https:\/\/orthopara.store\/?s={search_term_string}"},"query-input":"required name=search_term_string"}],"inLanguage":"fr-FR"},{"@type":"Organization","@id":"https:\/\/orthopara.store\/#organization","name":"OrthoPara","url":"https:\/\/orthopara.store\/","logo":{"@type":"ImageObject","inLanguage":"fr-FR","@id":"https:\/\/orthopara.store\/#\/schema\/logo\/image\/","url":"https:\/\/orthopara.store\/wp-content\/uploads\/2024\/06\/cropped-9ABA8BAD-6256-4719-9315-15C66E64E882.png","contentUrl":"https:\/\/orthopara.store\/wp-content\/uploads\/2024\/06\/cropped-9ABA8BAD-6256-4719-9315-15C66E64E882.png","width":240,"height":72,"caption":"OrthoPara"},"image":{"@id":"https:\/\/orthopara.store\/#\/schema\/logo\/image\/"},"sameAs":["https:\/\/www.facebook.com\/profile.php?id=61561194315651","https:\/\/www.instagram.com\/orthopara_tunisie\/"]}]}},"jetpack_sharing_enabled":true,"brands":[{"id":138,"name":"Item dermatologie","slug":"item-dermatologie"}],"_links":{"self":[{"href":"https:\/\/orthopara.store\/index.php?rest_route=\/wp\/v2\/product\/1141","targetHints":{"allow":["GET"]}}],"collection":[{"href":"https:\/\/orthopara.store\/index.php?rest_route=\/wp\/v2\/product"}],"about":[{"href":"https:\/\/orthopara.store\/index.php?rest_route=\/wp\/v2\/types\/product"}],"replies":[{"embeddable":true,"href":"https:\/\/orthopara.store\/index.php?rest_route=%2Fwp%2Fv2%2Fcomments&post=1141"}],"wp:featuredmedia":[{"embeddable":true,"href":"https:\/\/orthopara.store\/index.php?rest_route=\/wp\/v2\/media\/1164"}],"wp:attachment":[{"href":"https:\/\/orthopara.store\/index.php?rest_route=%2Fwp%2Fv2%2Fmedia&parent=1141"}],"wp:term":[{"taxonomy":"pwb-brand","embeddable":true,"href":"https:\/\/orthopara.store\/index.php?rest_route=%2Fwp%2Fv2%2Fpwb-brand&post=1141"},{"taxonomy":"product_cat","embeddable":true,"href":"https:\/\/orthopara.store\/index.php?rest_route=%2Fwp%2Fv2%2Fproduct_cat&post=1141"},{"taxonomy":"product_tag","embeddable":true,"href":"https:\/\/orthopara.store\/index.php?rest_route=%2Fwp%2Fv2%2Fproduct_tag&post=1141"}],"curies":[{"name":"wp","href":"https:\/\/api.w.org\/{rel}","templated":true}]}}