{"id":1143,"date":"2024-06-28T15:51:48","date_gmt":"2024-06-28T13:51:48","guid":{"rendered":"https:\/\/orthopara.store\/?post_type=product&#038;p=1143"},"modified":"2024-06-28T15:51:59","modified_gmt":"2024-06-28T13:51:59","slug":"shampoing-antipelliculaire-bioderma-node-ds-125ml","status":"publish","type":"product","link":"https:\/\/orthopara.store\/?product=shampoing-antipelliculaire-bioderma-node-ds-125ml","title":{"rendered":"Shampoing antipelliculaire &#8211; Bioderma Nod\u00e9 DS+ &#8211; 125ml"},"content":{"rendered":"<p>Shampoing antipelliculaire &#8211; Bioderma Nod\u00e9 DS+ &#8211; 125ml<br \/>\nIrritations du cuir chevelu, \u00e9tats squameux du cuir chevelu, \u00e9tats pelliculaires rebelles, d\u00e9mangeaisons du cuir chevelu. Nod\u00e9 DS est un shampooing antipelliculaire, non d\u00e9tergent, destin\u00e9 aux \u00e9tats squameux s\u00e9v\u00e8res, rebelles et r\u00e9cidivants associ\u00e9s \u00e0 des d\u00e9mangeaisons intenses du cuir chevelu.Sa formule originale (Climbazole, Pyrithione Zinc, Ichtyol, Acide Salicylique) \u00e9limine les squames, diminue leur prolif\u00e9ration tout en luttant contre les d\u00e9mangeaisons.Sa base lavante douce permet un nettoyage non agressif du cuir chevelu irrit\u00e9.Il apporte brillance et souplesse aux cheveux.<br \/>\nConseils d&rsquo;utilisation :<br \/>\nP\u00e9riode d&rsquo;attaque : 3 X semaineP\u00e9riode d&rsquo;entretien : 2 X semaineFaire mousser, laisser agir 3 mm et rincer.Ne pas utiliser chez l&rsquo;enfant (pr\u00e9sence d&rsquo; acide salcyque).<br \/>\nComposition :<br \/>\nFormule INCI : Aqua, Sodium Laureth Sulfate, Sodium Cocoamphoacetate, Disodium Lauryl Sulfosuccinate, Sodium Cocoyl Isethionate, PEG-60 Almond Glycerides, Cetearyl Alcohol, Zea Mays Starch, PEG-200 Hydrogenated Glyceryl Palmate, Sodium Shale Oil Sulfonate, Climbazole, Salicylic Acid, Piroctone Olamine, Juniperus Oxycedrus, Zinc Pyrithione, Lactic Acid, PEG-12 Dimethicone, PEG-7 Glyceryl Cocoate, Hydrogenated Castor Oil, Glycerin, Disodium EDTA, Polyquaternium-10, Acrylates\/Steareth-20 Methacrylate Copolymer, Sodium Chloride, Fructo-Oligosaccharides, Mannitol, Xylitol, Rhamnose, Titanium Dioxide, Sodium Hydroxide.<\/p>\n","protected":false},"excerpt":{"rendered":"<p>Bioderma Nod\u00e9 DS+\u00a0<br \/>\nAnti-r\u00e9cidive.Shampooing antipelliculaire intensif.D\u00e9sincruste et \u00e9limine les pellicules.Apaise.<br \/>\nContenance : 125ml<\/p>\n","protected":false},"featured_media":1166,"comment_status":"open","ping_status":"closed","template":"","meta":[],"pwb-brand":[64],"product_cat":[130],"product_tag":[],"class_list":{"0":"post-1143","1":"product","2":"type-product","3":"status-publish","4":"has-post-thumbnail","6":"pwb-brand-bioderma","7":"product_cat-shampoing-antipelliculaire","8":"post","9":"ws-product--style-1","11":"first","12":"instock","13":"shipping-taxable","14":"purchasable","15":"product-type-simple"},"yoast_head":"<!-- This site is optimized with the Yoast SEO plugin v23.0 - https:\/\/yoast.com\/wordpress\/plugins\/seo\/ -->\n<title>Shampoing antipelliculaire - Bioderma Nod\u00e9 DS+ - 125ml - OrthoPara<\/title>\n<meta name=\"robots\" content=\"index, follow, max-snippet:-1, max-image-preview:large, max-video-preview:-1\" \/>\n<link rel=\"canonical\" href=\"https:\/\/orthopara.store\/index.php\/produit\/shampoing-antipelliculaire-bioderma-node-ds-125ml\/\" \/>\n<meta property=\"og:locale\" content=\"fr_FR\" \/>\n<meta property=\"og:type\" content=\"article\" \/>\n<meta property=\"og:title\" content=\"Shampoing antipelliculaire - Bioderma Nod\u00e9 DS+ - 125ml - OrthoPara\" \/>\n<meta property=\"og:description\" content=\"Bioderma Nod\u00e9 DS+\u00a0 Anti-r\u00e9cidive.Shampooing antipelliculaire intensif.D\u00e9sincruste et \u00e9limine les pellicules.Apaise. Contenance : 125ml\" \/>\n<meta property=\"og:url\" content=\"https:\/\/orthopara.store\/index.php\/produit\/shampoing-antipelliculaire-bioderma-node-ds-125ml\/\" \/>\n<meta property=\"og:site_name\" content=\"OrthoPara\" \/>\n<meta property=\"article:publisher\" content=\"https:\/\/www.facebook.com\/profile.php?id=61561194315651\" \/>\n<meta property=\"article:modified_time\" content=\"2024-06-28T13:51:59+00:00\" \/>\n<meta property=\"og:image\" content=\"https:\/\/orthopara.store\/wp-content\/uploads\/2024\/06\/shampoing-antipelliculaire-bioderma-node-ds-125ml.jpg\" \/>\n\t<meta property=\"og:image:width\" content=\"800\" \/>\n\t<meta property=\"og:image:height\" content=\"800\" \/>\n\t<meta property=\"og:image:type\" content=\"image\/jpeg\" \/>\n<meta name=\"twitter:card\" content=\"summary_large_image\" \/>\n<meta name=\"twitter:label1\" content=\"Dur\u00e9e de lecture estim\u00e9e\" \/>\n\t<meta name=\"twitter:data1\" content=\"1 minute\" \/>\n<script type=\"application\/ld+json\" class=\"yoast-schema-graph\">{\"@context\":\"https:\/\/schema.org\",\"@graph\":[{\"@type\":\"WebPage\",\"@id\":\"https:\/\/orthopara.store\/index.php\/produit\/shampoing-antipelliculaire-bioderma-node-ds-125ml\/\",\"url\":\"https:\/\/orthopara.store\/index.php\/produit\/shampoing-antipelliculaire-bioderma-node-ds-125ml\/\",\"name\":\"Shampoing antipelliculaire - Bioderma Nod\u00e9 DS+ - 125ml - OrthoPara\",\"isPartOf\":{\"@id\":\"https:\/\/orthopara.store\/#website\"},\"primaryImageOfPage\":{\"@id\":\"https:\/\/orthopara.store\/index.php\/produit\/shampoing-antipelliculaire-bioderma-node-ds-125ml\/#primaryimage\"},\"image\":{\"@id\":\"https:\/\/orthopara.store\/index.php\/produit\/shampoing-antipelliculaire-bioderma-node-ds-125ml\/#primaryimage\"},\"thumbnailUrl\":\"https:\/\/orthopara.store\/wp-content\/uploads\/2024\/06\/shampoing-antipelliculaire-bioderma-node-ds-125ml.jpg\",\"datePublished\":\"2024-06-28T13:51:48+00:00\",\"dateModified\":\"2024-06-28T13:51:59+00:00\",\"breadcrumb\":{\"@id\":\"https:\/\/orthopara.store\/index.php\/produit\/shampoing-antipelliculaire-bioderma-node-ds-125ml\/#breadcrumb\"},\"inLanguage\":\"fr-FR\",\"potentialAction\":[{\"@type\":\"ReadAction\",\"target\":[\"https:\/\/orthopara.store\/index.php\/produit\/shampoing-antipelliculaire-bioderma-node-ds-125ml\/\"]}]},{\"@type\":\"ImageObject\",\"inLanguage\":\"fr-FR\",\"@id\":\"https:\/\/orthopara.store\/index.php\/produit\/shampoing-antipelliculaire-bioderma-node-ds-125ml\/#primaryimage\",\"url\":\"https:\/\/orthopara.store\/wp-content\/uploads\/2024\/06\/shampoing-antipelliculaire-bioderma-node-ds-125ml.jpg\",\"contentUrl\":\"https:\/\/orthopara.store\/wp-content\/uploads\/2024\/06\/shampoing-antipelliculaire-bioderma-node-ds-125ml.jpg\",\"width\":800,\"height\":800},{\"@type\":\"BreadcrumbList\",\"@id\":\"https:\/\/orthopara.store\/index.php\/produit\/shampoing-antipelliculaire-bioderma-node-ds-125ml\/#breadcrumb\",\"itemListElement\":[{\"@type\":\"ListItem\",\"position\":1,\"name\":\"Accueil\",\"item\":\"https:\/\/orthopara.store\/\"},{\"@type\":\"ListItem\",\"position\":2,\"name\":\"Shop\",\"item\":\"https:\/\/orthopara.store\/?page_id=622\"},{\"@type\":\"ListItem\",\"position\":3,\"name\":\"Shampoing antipelliculaire &#8211; Bioderma Nod\u00e9 DS+ &#8211; 125ml\"}]},{\"@type\":\"WebSite\",\"@id\":\"https:\/\/orthopara.store\/#website\",\"url\":\"https:\/\/orthopara.store\/\",\"name\":\"OrthoPara\",\"description\":\"Parapharmacie\",\"publisher\":{\"@id\":\"https:\/\/orthopara.store\/#organization\"},\"potentialAction\":[{\"@type\":\"SearchAction\",\"target\":{\"@type\":\"EntryPoint\",\"urlTemplate\":\"https:\/\/orthopara.store\/?s={search_term_string}\"},\"query-input\":\"required name=search_term_string\"}],\"inLanguage\":\"fr-FR\"},{\"@type\":\"Organization\",\"@id\":\"https:\/\/orthopara.store\/#organization\",\"name\":\"OrthoPara\",\"url\":\"https:\/\/orthopara.store\/\",\"logo\":{\"@type\":\"ImageObject\",\"inLanguage\":\"fr-FR\",\"@id\":\"https:\/\/orthopara.store\/#\/schema\/logo\/image\/\",\"url\":\"https:\/\/orthopara.store\/wp-content\/uploads\/2024\/06\/cropped-9ABA8BAD-6256-4719-9315-15C66E64E882.png\",\"contentUrl\":\"https:\/\/orthopara.store\/wp-content\/uploads\/2024\/06\/cropped-9ABA8BAD-6256-4719-9315-15C66E64E882.png\",\"width\":240,\"height\":72,\"caption\":\"OrthoPara\"},\"image\":{\"@id\":\"https:\/\/orthopara.store\/#\/schema\/logo\/image\/\"},\"sameAs\":[\"https:\/\/www.facebook.com\/profile.php?id=61561194315651\",\"https:\/\/www.instagram.com\/orthopara_tunisie\/\"]}]}<\/script>\n<!-- \/ Yoast SEO plugin. -->","yoast_head_json":{"title":"Shampoing antipelliculaire - Bioderma Nod\u00e9 DS+ - 125ml - OrthoPara","robots":{"index":"index","follow":"follow","max-snippet":"max-snippet:-1","max-image-preview":"max-image-preview:large","max-video-preview":"max-video-preview:-1"},"canonical":"https:\/\/orthopara.store\/index.php\/produit\/shampoing-antipelliculaire-bioderma-node-ds-125ml\/","og_locale":"fr_FR","og_type":"article","og_title":"Shampoing antipelliculaire - Bioderma Nod\u00e9 DS+ - 125ml - OrthoPara","og_description":"Bioderma Nod\u00e9 DS+\u00a0 Anti-r\u00e9cidive.Shampooing antipelliculaire intensif.D\u00e9sincruste et \u00e9limine les pellicules.Apaise. Contenance : 125ml","og_url":"https:\/\/orthopara.store\/index.php\/produit\/shampoing-antipelliculaire-bioderma-node-ds-125ml\/","og_site_name":"OrthoPara","article_publisher":"https:\/\/www.facebook.com\/profile.php?id=61561194315651","article_modified_time":"2024-06-28T13:51:59+00:00","og_image":[{"width":800,"height":800,"url":"https:\/\/orthopara.store\/wp-content\/uploads\/2024\/06\/shampoing-antipelliculaire-bioderma-node-ds-125ml.jpg","type":"image\/jpeg"}],"twitter_card":"summary_large_image","twitter_misc":{"Dur\u00e9e de lecture estim\u00e9e":"1 minute"},"schema":{"@context":"https:\/\/schema.org","@graph":[{"@type":"WebPage","@id":"https:\/\/orthopara.store\/index.php\/produit\/shampoing-antipelliculaire-bioderma-node-ds-125ml\/","url":"https:\/\/orthopara.store\/index.php\/produit\/shampoing-antipelliculaire-bioderma-node-ds-125ml\/","name":"Shampoing antipelliculaire - Bioderma Nod\u00e9 DS+ - 125ml - OrthoPara","isPartOf":{"@id":"https:\/\/orthopara.store\/#website"},"primaryImageOfPage":{"@id":"https:\/\/orthopara.store\/index.php\/produit\/shampoing-antipelliculaire-bioderma-node-ds-125ml\/#primaryimage"},"image":{"@id":"https:\/\/orthopara.store\/index.php\/produit\/shampoing-antipelliculaire-bioderma-node-ds-125ml\/#primaryimage"},"thumbnailUrl":"https:\/\/orthopara.store\/wp-content\/uploads\/2024\/06\/shampoing-antipelliculaire-bioderma-node-ds-125ml.jpg","datePublished":"2024-06-28T13:51:48+00:00","dateModified":"2024-06-28T13:51:59+00:00","breadcrumb":{"@id":"https:\/\/orthopara.store\/index.php\/produit\/shampoing-antipelliculaire-bioderma-node-ds-125ml\/#breadcrumb"},"inLanguage":"fr-FR","potentialAction":[{"@type":"ReadAction","target":["https:\/\/orthopara.store\/index.php\/produit\/shampoing-antipelliculaire-bioderma-node-ds-125ml\/"]}]},{"@type":"ImageObject","inLanguage":"fr-FR","@id":"https:\/\/orthopara.store\/index.php\/produit\/shampoing-antipelliculaire-bioderma-node-ds-125ml\/#primaryimage","url":"https:\/\/orthopara.store\/wp-content\/uploads\/2024\/06\/shampoing-antipelliculaire-bioderma-node-ds-125ml.jpg","contentUrl":"https:\/\/orthopara.store\/wp-content\/uploads\/2024\/06\/shampoing-antipelliculaire-bioderma-node-ds-125ml.jpg","width":800,"height":800},{"@type":"BreadcrumbList","@id":"https:\/\/orthopara.store\/index.php\/produit\/shampoing-antipelliculaire-bioderma-node-ds-125ml\/#breadcrumb","itemListElement":[{"@type":"ListItem","position":1,"name":"Accueil","item":"https:\/\/orthopara.store\/"},{"@type":"ListItem","position":2,"name":"Shop","item":"https:\/\/orthopara.store\/?page_id=622"},{"@type":"ListItem","position":3,"name":"Shampoing antipelliculaire &#8211; Bioderma Nod\u00e9 DS+ &#8211; 125ml"}]},{"@type":"WebSite","@id":"https:\/\/orthopara.store\/#website","url":"https:\/\/orthopara.store\/","name":"OrthoPara","description":"Parapharmacie","publisher":{"@id":"https:\/\/orthopara.store\/#organization"},"potentialAction":[{"@type":"SearchAction","target":{"@type":"EntryPoint","urlTemplate":"https:\/\/orthopara.store\/?s={search_term_string}"},"query-input":"required name=search_term_string"}],"inLanguage":"fr-FR"},{"@type":"Organization","@id":"https:\/\/orthopara.store\/#organization","name":"OrthoPara","url":"https:\/\/orthopara.store\/","logo":{"@type":"ImageObject","inLanguage":"fr-FR","@id":"https:\/\/orthopara.store\/#\/schema\/logo\/image\/","url":"https:\/\/orthopara.store\/wp-content\/uploads\/2024\/06\/cropped-9ABA8BAD-6256-4719-9315-15C66E64E882.png","contentUrl":"https:\/\/orthopara.store\/wp-content\/uploads\/2024\/06\/cropped-9ABA8BAD-6256-4719-9315-15C66E64E882.png","width":240,"height":72,"caption":"OrthoPara"},"image":{"@id":"https:\/\/orthopara.store\/#\/schema\/logo\/image\/"},"sameAs":["https:\/\/www.facebook.com\/profile.php?id=61561194315651","https:\/\/www.instagram.com\/orthopara_tunisie\/"]}]}},"jetpack_sharing_enabled":true,"brands":[{"id":64,"name":"BIODERMA","slug":"bioderma"}],"_links":{"self":[{"href":"https:\/\/orthopara.store\/index.php?rest_route=\/wp\/v2\/product\/1143","targetHints":{"allow":["GET"]}}],"collection":[{"href":"https:\/\/orthopara.store\/index.php?rest_route=\/wp\/v2\/product"}],"about":[{"href":"https:\/\/orthopara.store\/index.php?rest_route=\/wp\/v2\/types\/product"}],"replies":[{"embeddable":true,"href":"https:\/\/orthopara.store\/index.php?rest_route=%2Fwp%2Fv2%2Fcomments&post=1143"}],"wp:featuredmedia":[{"embeddable":true,"href":"https:\/\/orthopara.store\/index.php?rest_route=\/wp\/v2\/media\/1166"}],"wp:attachment":[{"href":"https:\/\/orthopara.store\/index.php?rest_route=%2Fwp%2Fv2%2Fmedia&parent=1143"}],"wp:term":[{"taxonomy":"pwb-brand","embeddable":true,"href":"https:\/\/orthopara.store\/index.php?rest_route=%2Fwp%2Fv2%2Fpwb-brand&post=1143"},{"taxonomy":"product_cat","embeddable":true,"href":"https:\/\/orthopara.store\/index.php?rest_route=%2Fwp%2Fv2%2Fproduct_cat&post=1143"},{"taxonomy":"product_tag","embeddable":true,"href":"https:\/\/orthopara.store\/index.php?rest_route=%2Fwp%2Fv2%2Fproduct_tag&post=1143"}],"curies":[{"name":"wp","href":"https:\/\/api.w.org\/{rel}","templated":true}]}}