{"id":1144,"date":"2024-06-28T15:51:48","date_gmt":"2024-06-28T13:51:48","guid":{"rendered":"https:\/\/orthopara.store\/?post_type=product&#038;p=1144"},"modified":"2024-09-07T23:50:05","modified_gmt":"2024-09-07T22:50:05","slug":"shampoing-anti-chute-anti-pelliculaire-bioxine-300ml","status":"publish","type":"product","link":"https:\/\/orthopara.store\/?product=shampoing-anti-chute-anti-pelliculaire-bioxine-300ml","title":{"rendered":"Shampoing anti chute &#8211; anti pelliculaire &#8211; Bioxine &#8211; 300ml"},"content":{"rendered":"<p>Shampoing anti chute &#8211; anti pelliculaire &#8211; Bioxine &#8211; 300ml<br \/>\nBioxsine shampooing contre les pellicules et la chute des cheveux<br \/>\nPr\u00e9vient la chute des cheveux mais agit aussi efficacement contre les pellicules. En m\u00eame temps, le shampooing Bioxsine anti chute\u00a0<br \/>\nentretient les cheveux et att\u00e9nue d\u00e9mangeaisons et sensations de tiraillement.<br \/>\nConseil d&rsquo;utilisation :\u00a0<br \/>\nAppliquer le shampoing Bioxine sur les cheveux humides et faire p\u00e9n\u00e9trer en massant doucement durant 2 minutes. Rincer soigneusement.<br \/>\nPeut \u00eatre utilis\u00e9 tous les jours. Une utilisation r\u00e9guli\u00e8re et continue est recommand\u00e9e pour obtenir des r\u00e9sultat visibles.<br \/>\nEn cas de contact avec les yeux, rincez imm\u00e9diatement \u00e0 grande eau.<\/p>\n","protected":false},"excerpt":{"rendered":"<p>Bioxine<br \/>\nShampoing anti chute\u00a0<br \/>\ncontenance 300ml<\/p>\n","protected":false},"featured_media":1167,"comment_status":"open","ping_status":"closed","template":"","meta":[],"pwb-brand":[139],"product_cat":[130],"product_tag":[],"class_list":{"0":"post-1144","1":"product","2":"type-product","3":"status-publish","4":"has-post-thumbnail","6":"pwb-brand-bioxsine","7":"product_cat-shampoing-antipelliculaire","8":"post","9":"ws-product--style-1","11":"first","12":"instock","13":"shipping-taxable","14":"purchasable","15":"product-type-simple"},"yoast_head":"<!-- This site is optimized with the Yoast SEO plugin v23.0 - https:\/\/yoast.com\/wordpress\/plugins\/seo\/ -->\n<title>Shampoing anti chute - anti pelliculaire - Bioxine - 300ml - OrthoPara<\/title>\n<meta name=\"robots\" content=\"index, follow, max-snippet:-1, max-image-preview:large, max-video-preview:-1\" \/>\n<link rel=\"canonical\" href=\"https:\/\/orthopara.store\/index.php\/produit\/shampoing-anti-chute-anti-pelliculaire-bioxine-300ml\/\" \/>\n<meta property=\"og:locale\" content=\"fr_FR\" \/>\n<meta property=\"og:type\" content=\"article\" \/>\n<meta property=\"og:title\" content=\"Shampoing anti chute - anti pelliculaire - Bioxine - 300ml - OrthoPara\" \/>\n<meta property=\"og:description\" content=\"Bioxine Shampoing anti chute\u00a0 contenance 300ml\" \/>\n<meta property=\"og:url\" content=\"https:\/\/orthopara.store\/index.php\/produit\/shampoing-anti-chute-anti-pelliculaire-bioxine-300ml\/\" \/>\n<meta property=\"og:site_name\" content=\"OrthoPara\" \/>\n<meta property=\"article:publisher\" content=\"https:\/\/www.facebook.com\/profile.php?id=61561194315651\" \/>\n<meta property=\"article:modified_time\" content=\"2024-09-07T22:50:05+00:00\" \/>\n<meta property=\"og:image\" content=\"https:\/\/orthopara.store\/wp-content\/uploads\/2024\/06\/bioxsine-shampoing-anti-chute-anti-pelliculaire-300ml.jpg\" \/>\n\t<meta property=\"og:image:width\" content=\"800\" \/>\n\t<meta property=\"og:image:height\" content=\"800\" \/>\n\t<meta property=\"og:image:type\" content=\"image\/jpeg\" \/>\n<meta name=\"twitter:card\" content=\"summary_large_image\" \/>\n<meta name=\"twitter:label1\" content=\"Dur\u00e9e de lecture estim\u00e9e\" \/>\n\t<meta name=\"twitter:data1\" content=\"1 minute\" \/>\n<script type=\"application\/ld+json\" class=\"yoast-schema-graph\">{\"@context\":\"https:\/\/schema.org\",\"@graph\":[{\"@type\":\"WebPage\",\"@id\":\"https:\/\/orthopara.store\/index.php\/produit\/shampoing-anti-chute-anti-pelliculaire-bioxine-300ml\/\",\"url\":\"https:\/\/orthopara.store\/index.php\/produit\/shampoing-anti-chute-anti-pelliculaire-bioxine-300ml\/\",\"name\":\"Shampoing anti chute - anti pelliculaire - Bioxine - 300ml - OrthoPara\",\"isPartOf\":{\"@id\":\"https:\/\/orthopara.store\/#website\"},\"primaryImageOfPage\":{\"@id\":\"https:\/\/orthopara.store\/index.php\/produit\/shampoing-anti-chute-anti-pelliculaire-bioxine-300ml\/#primaryimage\"},\"image\":{\"@id\":\"https:\/\/orthopara.store\/index.php\/produit\/shampoing-anti-chute-anti-pelliculaire-bioxine-300ml\/#primaryimage\"},\"thumbnailUrl\":\"https:\/\/orthopara.store\/wp-content\/uploads\/2024\/06\/bioxsine-shampoing-anti-chute-anti-pelliculaire-300ml.jpg\",\"datePublished\":\"2024-06-28T13:51:48+00:00\",\"dateModified\":\"2024-09-07T22:50:05+00:00\",\"breadcrumb\":{\"@id\":\"https:\/\/orthopara.store\/index.php\/produit\/shampoing-anti-chute-anti-pelliculaire-bioxine-300ml\/#breadcrumb\"},\"inLanguage\":\"fr-FR\",\"potentialAction\":[{\"@type\":\"ReadAction\",\"target\":[\"https:\/\/orthopara.store\/index.php\/produit\/shampoing-anti-chute-anti-pelliculaire-bioxine-300ml\/\"]}]},{\"@type\":\"ImageObject\",\"inLanguage\":\"fr-FR\",\"@id\":\"https:\/\/orthopara.store\/index.php\/produit\/shampoing-anti-chute-anti-pelliculaire-bioxine-300ml\/#primaryimage\",\"url\":\"https:\/\/orthopara.store\/wp-content\/uploads\/2024\/06\/bioxsine-shampoing-anti-chute-anti-pelliculaire-300ml.jpg\",\"contentUrl\":\"https:\/\/orthopara.store\/wp-content\/uploads\/2024\/06\/bioxsine-shampoing-anti-chute-anti-pelliculaire-300ml.jpg\",\"width\":800,\"height\":800},{\"@type\":\"BreadcrumbList\",\"@id\":\"https:\/\/orthopara.store\/index.php\/produit\/shampoing-anti-chute-anti-pelliculaire-bioxine-300ml\/#breadcrumb\",\"itemListElement\":[{\"@type\":\"ListItem\",\"position\":1,\"name\":\"Accueil\",\"item\":\"https:\/\/orthopara.store\/\"},{\"@type\":\"ListItem\",\"position\":2,\"name\":\"Shop\",\"item\":\"https:\/\/orthopara.store\/?page_id=622\"},{\"@type\":\"ListItem\",\"position\":3,\"name\":\"Shampoing anti chute &#8211; anti pelliculaire &#8211; Bioxine &#8211; 300ml\"}]},{\"@type\":\"WebSite\",\"@id\":\"https:\/\/orthopara.store\/#website\",\"url\":\"https:\/\/orthopara.store\/\",\"name\":\"OrthoPara\",\"description\":\"Parapharmacie\",\"publisher\":{\"@id\":\"https:\/\/orthopara.store\/#organization\"},\"potentialAction\":[{\"@type\":\"SearchAction\",\"target\":{\"@type\":\"EntryPoint\",\"urlTemplate\":\"https:\/\/orthopara.store\/?s={search_term_string}\"},\"query-input\":\"required name=search_term_string\"}],\"inLanguage\":\"fr-FR\"},{\"@type\":\"Organization\",\"@id\":\"https:\/\/orthopara.store\/#organization\",\"name\":\"OrthoPara\",\"url\":\"https:\/\/orthopara.store\/\",\"logo\":{\"@type\":\"ImageObject\",\"inLanguage\":\"fr-FR\",\"@id\":\"https:\/\/orthopara.store\/#\/schema\/logo\/image\/\",\"url\":\"https:\/\/orthopara.store\/wp-content\/uploads\/2024\/06\/cropped-9ABA8BAD-6256-4719-9315-15C66E64E882.png\",\"contentUrl\":\"https:\/\/orthopara.store\/wp-content\/uploads\/2024\/06\/cropped-9ABA8BAD-6256-4719-9315-15C66E64E882.png\",\"width\":240,\"height\":72,\"caption\":\"OrthoPara\"},\"image\":{\"@id\":\"https:\/\/orthopara.store\/#\/schema\/logo\/image\/\"},\"sameAs\":[\"https:\/\/www.facebook.com\/profile.php?id=61561194315651\",\"https:\/\/www.instagram.com\/orthopara_tunisie\/\"]}]}<\/script>\n<!-- \/ Yoast SEO plugin. -->","yoast_head_json":{"title":"Shampoing anti chute - anti pelliculaire - Bioxine - 300ml - OrthoPara","robots":{"index":"index","follow":"follow","max-snippet":"max-snippet:-1","max-image-preview":"max-image-preview:large","max-video-preview":"max-video-preview:-1"},"canonical":"https:\/\/orthopara.store\/index.php\/produit\/shampoing-anti-chute-anti-pelliculaire-bioxine-300ml\/","og_locale":"fr_FR","og_type":"article","og_title":"Shampoing anti chute - anti pelliculaire - Bioxine - 300ml - OrthoPara","og_description":"Bioxine Shampoing anti chute\u00a0 contenance 300ml","og_url":"https:\/\/orthopara.store\/index.php\/produit\/shampoing-anti-chute-anti-pelliculaire-bioxine-300ml\/","og_site_name":"OrthoPara","article_publisher":"https:\/\/www.facebook.com\/profile.php?id=61561194315651","article_modified_time":"2024-09-07T22:50:05+00:00","og_image":[{"width":800,"height":800,"url":"https:\/\/orthopara.store\/wp-content\/uploads\/2024\/06\/bioxsine-shampoing-anti-chute-anti-pelliculaire-300ml.jpg","type":"image\/jpeg"}],"twitter_card":"summary_large_image","twitter_misc":{"Dur\u00e9e de lecture estim\u00e9e":"1 minute"},"schema":{"@context":"https:\/\/schema.org","@graph":[{"@type":"WebPage","@id":"https:\/\/orthopara.store\/index.php\/produit\/shampoing-anti-chute-anti-pelliculaire-bioxine-300ml\/","url":"https:\/\/orthopara.store\/index.php\/produit\/shampoing-anti-chute-anti-pelliculaire-bioxine-300ml\/","name":"Shampoing anti chute - anti pelliculaire - Bioxine - 300ml - OrthoPara","isPartOf":{"@id":"https:\/\/orthopara.store\/#website"},"primaryImageOfPage":{"@id":"https:\/\/orthopara.store\/index.php\/produit\/shampoing-anti-chute-anti-pelliculaire-bioxine-300ml\/#primaryimage"},"image":{"@id":"https:\/\/orthopara.store\/index.php\/produit\/shampoing-anti-chute-anti-pelliculaire-bioxine-300ml\/#primaryimage"},"thumbnailUrl":"https:\/\/orthopara.store\/wp-content\/uploads\/2024\/06\/bioxsine-shampoing-anti-chute-anti-pelliculaire-300ml.jpg","datePublished":"2024-06-28T13:51:48+00:00","dateModified":"2024-09-07T22:50:05+00:00","breadcrumb":{"@id":"https:\/\/orthopara.store\/index.php\/produit\/shampoing-anti-chute-anti-pelliculaire-bioxine-300ml\/#breadcrumb"},"inLanguage":"fr-FR","potentialAction":[{"@type":"ReadAction","target":["https:\/\/orthopara.store\/index.php\/produit\/shampoing-anti-chute-anti-pelliculaire-bioxine-300ml\/"]}]},{"@type":"ImageObject","inLanguage":"fr-FR","@id":"https:\/\/orthopara.store\/index.php\/produit\/shampoing-anti-chute-anti-pelliculaire-bioxine-300ml\/#primaryimage","url":"https:\/\/orthopara.store\/wp-content\/uploads\/2024\/06\/bioxsine-shampoing-anti-chute-anti-pelliculaire-300ml.jpg","contentUrl":"https:\/\/orthopara.store\/wp-content\/uploads\/2024\/06\/bioxsine-shampoing-anti-chute-anti-pelliculaire-300ml.jpg","width":800,"height":800},{"@type":"BreadcrumbList","@id":"https:\/\/orthopara.store\/index.php\/produit\/shampoing-anti-chute-anti-pelliculaire-bioxine-300ml\/#breadcrumb","itemListElement":[{"@type":"ListItem","position":1,"name":"Accueil","item":"https:\/\/orthopara.store\/"},{"@type":"ListItem","position":2,"name":"Shop","item":"https:\/\/orthopara.store\/?page_id=622"},{"@type":"ListItem","position":3,"name":"Shampoing anti chute &#8211; anti pelliculaire &#8211; Bioxine &#8211; 300ml"}]},{"@type":"WebSite","@id":"https:\/\/orthopara.store\/#website","url":"https:\/\/orthopara.store\/","name":"OrthoPara","description":"Parapharmacie","publisher":{"@id":"https:\/\/orthopara.store\/#organization"},"potentialAction":[{"@type":"SearchAction","target":{"@type":"EntryPoint","urlTemplate":"https:\/\/orthopara.store\/?s={search_term_string}"},"query-input":"required name=search_term_string"}],"inLanguage":"fr-FR"},{"@type":"Organization","@id":"https:\/\/orthopara.store\/#organization","name":"OrthoPara","url":"https:\/\/orthopara.store\/","logo":{"@type":"ImageObject","inLanguage":"fr-FR","@id":"https:\/\/orthopara.store\/#\/schema\/logo\/image\/","url":"https:\/\/orthopara.store\/wp-content\/uploads\/2024\/06\/cropped-9ABA8BAD-6256-4719-9315-15C66E64E882.png","contentUrl":"https:\/\/orthopara.store\/wp-content\/uploads\/2024\/06\/cropped-9ABA8BAD-6256-4719-9315-15C66E64E882.png","width":240,"height":72,"caption":"OrthoPara"},"image":{"@id":"https:\/\/orthopara.store\/#\/schema\/logo\/image\/"},"sameAs":["https:\/\/www.facebook.com\/profile.php?id=61561194315651","https:\/\/www.instagram.com\/orthopara_tunisie\/"]}]}},"jetpack_sharing_enabled":true,"brands":[{"id":139,"name":"BIOXSINE","slug":"bioxsine"}],"_links":{"self":[{"href":"https:\/\/orthopara.store\/index.php?rest_route=\/wp\/v2\/product\/1144","targetHints":{"allow":["GET"]}}],"collection":[{"href":"https:\/\/orthopara.store\/index.php?rest_route=\/wp\/v2\/product"}],"about":[{"href":"https:\/\/orthopara.store\/index.php?rest_route=\/wp\/v2\/types\/product"}],"replies":[{"embeddable":true,"href":"https:\/\/orthopara.store\/index.php?rest_route=%2Fwp%2Fv2%2Fcomments&post=1144"}],"wp:featuredmedia":[{"embeddable":true,"href":"https:\/\/orthopara.store\/index.php?rest_route=\/wp\/v2\/media\/1167"}],"wp:attachment":[{"href":"https:\/\/orthopara.store\/index.php?rest_route=%2Fwp%2Fv2%2Fmedia&parent=1144"}],"wp:term":[{"taxonomy":"pwb-brand","embeddable":true,"href":"https:\/\/orthopara.store\/index.php?rest_route=%2Fwp%2Fv2%2Fpwb-brand&post=1144"},{"taxonomy":"product_cat","embeddable":true,"href":"https:\/\/orthopara.store\/index.php?rest_route=%2Fwp%2Fv2%2Fproduct_cat&post=1144"},{"taxonomy":"product_tag","embeddable":true,"href":"https:\/\/orthopara.store\/index.php?rest_route=%2Fwp%2Fv2%2Fproduct_tag&post=1144"}],"curies":[{"name":"wp","href":"https:\/\/api.w.org\/{rel}","templated":true}]}}