{"id":1145,"date":"2024-06-28T15:51:48","date_gmt":"2024-06-28T13:51:48","guid":{"rendered":"https:\/\/orthopara.store\/?post_type=product&#038;p=1145"},"modified":"2024-06-28T15:52:00","modified_gmt":"2024-06-28T13:52:00","slug":"shampoing-anti-pelliculaire-cheveux-normaux-et-gras-vichy-dercos-200ml","status":"publish","type":"product","link":"https:\/\/orthopara.store\/?product=shampoing-anti-pelliculaire-cheveux-normaux-et-gras-vichy-dercos-200ml","title":{"rendered":"Shampoing Anti Pelliculaire Cheveux Normaux et Gras &#8211; Vichy Dercos &#8211; 200ml"},"content":{"rendered":"<p>Shampoing Anti Pelliculaire Cheveux Normaux et Gras &#8211; Vichy Dercos\u00a0<br \/>\nD\u00e9pourvues de c\u00e9ramides, les cellules du cuir chevelu se d\u00e9solidarisent en surface formant des pellicules \u00e0 la base du cheveu.<\/p>\n<p>Association unique de disulfure de s\u00e9l\u00e9nium, puissant actif antipelliculaire, et de cohesyl, v\u00e9ritable ciment d&rsquo;ancrage cellulaire.<\/p>\n<p>Elimination des pellicules visables d\u00e8s la 1ere application.<\/p>\n<p>Un cuir chevelu reconstitu\u00e9 et sans pellicules jusqu&rsquo;\u00e0 4 semaines apr\u00e8s arr\u00eat du traitement.<br \/>\nEfficacit\u00e9<br \/>\nTechnologie microbiome au S\u00e9l\u00e9nium DS, \u00e0 l\u2019efficacit\u00e9 cliniquement prouv\u00e9e :<\/p>\n<p>&#8211; Anti-r\u00e9cidive 6 semaines<\/p>\n<p>&#8211; Le microbiome du cuir chevelu est r\u00e9\u00e9quilibr\u00e9<\/p>\n<p>&#8211; La fonction barri\u00e8re est am\u00e9lior\u00e9e<\/p>\n<p>&#8211; La composition du s\u00e9bum est r\u00e9\u00e9quilibr\u00e9e<\/p>\n<p>&#8211; Les d\u00e9mangeaisons sont diminu\u00e9es<\/p>\n<p>Conseil d&rsquo;utilisation :\u00a0<br \/>\nLors de la 1\u00e8re application, laisser poser 2 minutes, puis rincer. Aux shampooings suivants, masser puis rincer \u2013 utilisation par p\u00e9riodes de 4 semaines, \u00e0 raison de 3 shampooings par semaine. En relai, d\u00e9couvrez notre shampooing Min\u00e9ral Doux. En cas de contact avec les yeux, les rincer imm\u00e9diatement.<\/p>\n","protected":false},"excerpt":{"rendered":"<p>Vichy Dercos<br \/>\nShampoing Anti pelliculaire\u00a0<\/p>\n<p>Il est sp\u00e9cialement con\u00e7u pour les hommes et les femmes souffrant de pellicules et\/ou d\u00e9mangeaisons et ayant des cheveux normaux \u00e0 gras\u00a0<\/p>\n<p>Contenance: 200Ml\u00a0<\/p>\n","protected":false},"featured_media":1168,"comment_status":"open","ping_status":"closed","template":"","meta":[],"pwb-brand":[100],"product_cat":[130],"product_tag":[],"class_list":{"0":"post-1145","1":"product","2":"type-product","3":"status-publish","4":"has-post-thumbnail","6":"pwb-brand-vichy","7":"product_cat-shampoing-antipelliculaire","8":"post","9":"ws-product--style-1","11":"first","12":"instock","13":"shipping-taxable","14":"purchasable","15":"product-type-simple"},"yoast_head":"<!-- This site is optimized with the Yoast SEO plugin v23.0 - https:\/\/yoast.com\/wordpress\/plugins\/seo\/ -->\n<title>Shampoing Anti Pelliculaire Cheveux Normaux et Gras - Vichy Dercos - 200ml - OrthoPara<\/title>\n<meta name=\"robots\" content=\"index, follow, max-snippet:-1, max-image-preview:large, max-video-preview:-1\" \/>\n<link rel=\"canonical\" href=\"https:\/\/orthopara.store\/index.php\/produit\/shampoing-anti-pelliculaire-cheveux-normaux-et-gras-vichy-dercos-200ml\/\" \/>\n<meta property=\"og:locale\" content=\"fr_FR\" \/>\n<meta property=\"og:type\" content=\"article\" \/>\n<meta property=\"og:title\" content=\"Shampoing Anti Pelliculaire Cheveux Normaux et Gras - Vichy Dercos - 200ml - OrthoPara\" \/>\n<meta property=\"og:description\" content=\"Vichy Dercos Shampoing Anti pelliculaire\u00a0 Il est sp\u00e9cialement con\u00e7u pour les hommes et les femmes souffrant de pellicules et\/ou d\u00e9mangeaisons et ayant des cheveux normaux \u00e0 gras\u00a0 Contenance: 200Ml\u00a0\" \/>\n<meta property=\"og:url\" content=\"https:\/\/orthopara.store\/index.php\/produit\/shampoing-anti-pelliculaire-cheveux-normaux-et-gras-vichy-dercos-200ml\/\" \/>\n<meta property=\"og:site_name\" content=\"OrthoPara\" \/>\n<meta property=\"article:publisher\" content=\"https:\/\/www.facebook.com\/profile.php?id=61561194315651\" \/>\n<meta property=\"article:modified_time\" content=\"2024-06-28T13:52:00+00:00\" \/>\n<meta property=\"og:image\" content=\"https:\/\/orthopara.store\/wp-content\/uploads\/2024\/06\/vichy-dercos-shampoing-anti-pelliculaire-cheveux-normaux-gras.jpg\" \/>\n\t<meta property=\"og:image:width\" content=\"800\" \/>\n\t<meta property=\"og:image:height\" content=\"800\" \/>\n\t<meta property=\"og:image:type\" content=\"image\/jpeg\" \/>\n<meta name=\"twitter:card\" content=\"summary_large_image\" \/>\n<meta name=\"twitter:label1\" content=\"Dur\u00e9e de lecture estim\u00e9e\" \/>\n\t<meta name=\"twitter:data1\" content=\"1 minute\" \/>\n<script type=\"application\/ld+json\" class=\"yoast-schema-graph\">{\"@context\":\"https:\/\/schema.org\",\"@graph\":[{\"@type\":\"WebPage\",\"@id\":\"https:\/\/orthopara.store\/index.php\/produit\/shampoing-anti-pelliculaire-cheveux-normaux-et-gras-vichy-dercos-200ml\/\",\"url\":\"https:\/\/orthopara.store\/index.php\/produit\/shampoing-anti-pelliculaire-cheveux-normaux-et-gras-vichy-dercos-200ml\/\",\"name\":\"Shampoing Anti Pelliculaire Cheveux Normaux et Gras - Vichy Dercos - 200ml - OrthoPara\",\"isPartOf\":{\"@id\":\"https:\/\/orthopara.store\/#website\"},\"primaryImageOfPage\":{\"@id\":\"https:\/\/orthopara.store\/index.php\/produit\/shampoing-anti-pelliculaire-cheveux-normaux-et-gras-vichy-dercos-200ml\/#primaryimage\"},\"image\":{\"@id\":\"https:\/\/orthopara.store\/index.php\/produit\/shampoing-anti-pelliculaire-cheveux-normaux-et-gras-vichy-dercos-200ml\/#primaryimage\"},\"thumbnailUrl\":\"https:\/\/orthopara.store\/wp-content\/uploads\/2024\/06\/vichy-dercos-shampoing-anti-pelliculaire-cheveux-normaux-gras.jpg\",\"datePublished\":\"2024-06-28T13:51:48+00:00\",\"dateModified\":\"2024-06-28T13:52:00+00:00\",\"breadcrumb\":{\"@id\":\"https:\/\/orthopara.store\/index.php\/produit\/shampoing-anti-pelliculaire-cheveux-normaux-et-gras-vichy-dercos-200ml\/#breadcrumb\"},\"inLanguage\":\"fr-FR\",\"potentialAction\":[{\"@type\":\"ReadAction\",\"target\":[\"https:\/\/orthopara.store\/index.php\/produit\/shampoing-anti-pelliculaire-cheveux-normaux-et-gras-vichy-dercos-200ml\/\"]}]},{\"@type\":\"ImageObject\",\"inLanguage\":\"fr-FR\",\"@id\":\"https:\/\/orthopara.store\/index.php\/produit\/shampoing-anti-pelliculaire-cheveux-normaux-et-gras-vichy-dercos-200ml\/#primaryimage\",\"url\":\"https:\/\/orthopara.store\/wp-content\/uploads\/2024\/06\/vichy-dercos-shampoing-anti-pelliculaire-cheveux-normaux-gras.jpg\",\"contentUrl\":\"https:\/\/orthopara.store\/wp-content\/uploads\/2024\/06\/vichy-dercos-shampoing-anti-pelliculaire-cheveux-normaux-gras.jpg\",\"width\":800,\"height\":800},{\"@type\":\"BreadcrumbList\",\"@id\":\"https:\/\/orthopara.store\/index.php\/produit\/shampoing-anti-pelliculaire-cheveux-normaux-et-gras-vichy-dercos-200ml\/#breadcrumb\",\"itemListElement\":[{\"@type\":\"ListItem\",\"position\":1,\"name\":\"Accueil\",\"item\":\"https:\/\/orthopara.store\/\"},{\"@type\":\"ListItem\",\"position\":2,\"name\":\"Shop\",\"item\":\"https:\/\/orthopara.store\/?page_id=622\"},{\"@type\":\"ListItem\",\"position\":3,\"name\":\"Shampoing Anti Pelliculaire Cheveux Normaux et Gras &#8211; Vichy Dercos &#8211; 200ml\"}]},{\"@type\":\"WebSite\",\"@id\":\"https:\/\/orthopara.store\/#website\",\"url\":\"https:\/\/orthopara.store\/\",\"name\":\"OrthoPara\",\"description\":\"Parapharmacie\",\"publisher\":{\"@id\":\"https:\/\/orthopara.store\/#organization\"},\"potentialAction\":[{\"@type\":\"SearchAction\",\"target\":{\"@type\":\"EntryPoint\",\"urlTemplate\":\"https:\/\/orthopara.store\/?s={search_term_string}\"},\"query-input\":\"required name=search_term_string\"}],\"inLanguage\":\"fr-FR\"},{\"@type\":\"Organization\",\"@id\":\"https:\/\/orthopara.store\/#organization\",\"name\":\"OrthoPara\",\"url\":\"https:\/\/orthopara.store\/\",\"logo\":{\"@type\":\"ImageObject\",\"inLanguage\":\"fr-FR\",\"@id\":\"https:\/\/orthopara.store\/#\/schema\/logo\/image\/\",\"url\":\"https:\/\/orthopara.store\/wp-content\/uploads\/2024\/06\/cropped-9ABA8BAD-6256-4719-9315-15C66E64E882.png\",\"contentUrl\":\"https:\/\/orthopara.store\/wp-content\/uploads\/2024\/06\/cropped-9ABA8BAD-6256-4719-9315-15C66E64E882.png\",\"width\":240,\"height\":72,\"caption\":\"OrthoPara\"},\"image\":{\"@id\":\"https:\/\/orthopara.store\/#\/schema\/logo\/image\/\"},\"sameAs\":[\"https:\/\/www.facebook.com\/profile.php?id=61561194315651\",\"https:\/\/www.instagram.com\/orthopara_tunisie\/\"]}]}<\/script>\n<!-- \/ Yoast SEO plugin. -->","yoast_head_json":{"title":"Shampoing Anti Pelliculaire Cheveux Normaux et Gras - Vichy Dercos - 200ml - OrthoPara","robots":{"index":"index","follow":"follow","max-snippet":"max-snippet:-1","max-image-preview":"max-image-preview:large","max-video-preview":"max-video-preview:-1"},"canonical":"https:\/\/orthopara.store\/index.php\/produit\/shampoing-anti-pelliculaire-cheveux-normaux-et-gras-vichy-dercos-200ml\/","og_locale":"fr_FR","og_type":"article","og_title":"Shampoing Anti Pelliculaire Cheveux Normaux et Gras - Vichy Dercos - 200ml - OrthoPara","og_description":"Vichy Dercos Shampoing Anti pelliculaire\u00a0 Il est sp\u00e9cialement con\u00e7u pour les hommes et les femmes souffrant de pellicules et\/ou d\u00e9mangeaisons et ayant des cheveux normaux \u00e0 gras\u00a0 Contenance: 200Ml\u00a0","og_url":"https:\/\/orthopara.store\/index.php\/produit\/shampoing-anti-pelliculaire-cheveux-normaux-et-gras-vichy-dercos-200ml\/","og_site_name":"OrthoPara","article_publisher":"https:\/\/www.facebook.com\/profile.php?id=61561194315651","article_modified_time":"2024-06-28T13:52:00+00:00","og_image":[{"width":800,"height":800,"url":"https:\/\/orthopara.store\/wp-content\/uploads\/2024\/06\/vichy-dercos-shampoing-anti-pelliculaire-cheveux-normaux-gras.jpg","type":"image\/jpeg"}],"twitter_card":"summary_large_image","twitter_misc":{"Dur\u00e9e de lecture estim\u00e9e":"1 minute"},"schema":{"@context":"https:\/\/schema.org","@graph":[{"@type":"WebPage","@id":"https:\/\/orthopara.store\/index.php\/produit\/shampoing-anti-pelliculaire-cheveux-normaux-et-gras-vichy-dercos-200ml\/","url":"https:\/\/orthopara.store\/index.php\/produit\/shampoing-anti-pelliculaire-cheveux-normaux-et-gras-vichy-dercos-200ml\/","name":"Shampoing Anti Pelliculaire Cheveux Normaux et Gras - Vichy Dercos - 200ml - OrthoPara","isPartOf":{"@id":"https:\/\/orthopara.store\/#website"},"primaryImageOfPage":{"@id":"https:\/\/orthopara.store\/index.php\/produit\/shampoing-anti-pelliculaire-cheveux-normaux-et-gras-vichy-dercos-200ml\/#primaryimage"},"image":{"@id":"https:\/\/orthopara.store\/index.php\/produit\/shampoing-anti-pelliculaire-cheveux-normaux-et-gras-vichy-dercos-200ml\/#primaryimage"},"thumbnailUrl":"https:\/\/orthopara.store\/wp-content\/uploads\/2024\/06\/vichy-dercos-shampoing-anti-pelliculaire-cheveux-normaux-gras.jpg","datePublished":"2024-06-28T13:51:48+00:00","dateModified":"2024-06-28T13:52:00+00:00","breadcrumb":{"@id":"https:\/\/orthopara.store\/index.php\/produit\/shampoing-anti-pelliculaire-cheveux-normaux-et-gras-vichy-dercos-200ml\/#breadcrumb"},"inLanguage":"fr-FR","potentialAction":[{"@type":"ReadAction","target":["https:\/\/orthopara.store\/index.php\/produit\/shampoing-anti-pelliculaire-cheveux-normaux-et-gras-vichy-dercos-200ml\/"]}]},{"@type":"ImageObject","inLanguage":"fr-FR","@id":"https:\/\/orthopara.store\/index.php\/produit\/shampoing-anti-pelliculaire-cheveux-normaux-et-gras-vichy-dercos-200ml\/#primaryimage","url":"https:\/\/orthopara.store\/wp-content\/uploads\/2024\/06\/vichy-dercos-shampoing-anti-pelliculaire-cheveux-normaux-gras.jpg","contentUrl":"https:\/\/orthopara.store\/wp-content\/uploads\/2024\/06\/vichy-dercos-shampoing-anti-pelliculaire-cheveux-normaux-gras.jpg","width":800,"height":800},{"@type":"BreadcrumbList","@id":"https:\/\/orthopara.store\/index.php\/produit\/shampoing-anti-pelliculaire-cheveux-normaux-et-gras-vichy-dercos-200ml\/#breadcrumb","itemListElement":[{"@type":"ListItem","position":1,"name":"Accueil","item":"https:\/\/orthopara.store\/"},{"@type":"ListItem","position":2,"name":"Shop","item":"https:\/\/orthopara.store\/?page_id=622"},{"@type":"ListItem","position":3,"name":"Shampoing Anti Pelliculaire Cheveux Normaux et Gras &#8211; Vichy Dercos &#8211; 200ml"}]},{"@type":"WebSite","@id":"https:\/\/orthopara.store\/#website","url":"https:\/\/orthopara.store\/","name":"OrthoPara","description":"Parapharmacie","publisher":{"@id":"https:\/\/orthopara.store\/#organization"},"potentialAction":[{"@type":"SearchAction","target":{"@type":"EntryPoint","urlTemplate":"https:\/\/orthopara.store\/?s={search_term_string}"},"query-input":"required name=search_term_string"}],"inLanguage":"fr-FR"},{"@type":"Organization","@id":"https:\/\/orthopara.store\/#organization","name":"OrthoPara","url":"https:\/\/orthopara.store\/","logo":{"@type":"ImageObject","inLanguage":"fr-FR","@id":"https:\/\/orthopara.store\/#\/schema\/logo\/image\/","url":"https:\/\/orthopara.store\/wp-content\/uploads\/2024\/06\/cropped-9ABA8BAD-6256-4719-9315-15C66E64E882.png","contentUrl":"https:\/\/orthopara.store\/wp-content\/uploads\/2024\/06\/cropped-9ABA8BAD-6256-4719-9315-15C66E64E882.png","width":240,"height":72,"caption":"OrthoPara"},"image":{"@id":"https:\/\/orthopara.store\/#\/schema\/logo\/image\/"},"sameAs":["https:\/\/www.facebook.com\/profile.php?id=61561194315651","https:\/\/www.instagram.com\/orthopara_tunisie\/"]}]}},"jetpack_sharing_enabled":true,"brands":[{"id":100,"name":"Vichy","slug":"vichy"}],"_links":{"self":[{"href":"https:\/\/orthopara.store\/index.php?rest_route=\/wp\/v2\/product\/1145","targetHints":{"allow":["GET"]}}],"collection":[{"href":"https:\/\/orthopara.store\/index.php?rest_route=\/wp\/v2\/product"}],"about":[{"href":"https:\/\/orthopara.store\/index.php?rest_route=\/wp\/v2\/types\/product"}],"replies":[{"embeddable":true,"href":"https:\/\/orthopara.store\/index.php?rest_route=%2Fwp%2Fv2%2Fcomments&post=1145"}],"wp:featuredmedia":[{"embeddable":true,"href":"https:\/\/orthopara.store\/index.php?rest_route=\/wp\/v2\/media\/1168"}],"wp:attachment":[{"href":"https:\/\/orthopara.store\/index.php?rest_route=%2Fwp%2Fv2%2Fmedia&parent=1145"}],"wp:term":[{"taxonomy":"pwb-brand","embeddable":true,"href":"https:\/\/orthopara.store\/index.php?rest_route=%2Fwp%2Fv2%2Fpwb-brand&post=1145"},{"taxonomy":"product_cat","embeddable":true,"href":"https:\/\/orthopara.store\/index.php?rest_route=%2Fwp%2Fv2%2Fproduct_cat&post=1145"},{"taxonomy":"product_tag","embeddable":true,"href":"https:\/\/orthopara.store\/index.php?rest_route=%2Fwp%2Fv2%2Fproduct_tag&post=1145"}],"curies":[{"name":"wp","href":"https:\/\/api.w.org\/{rel}","templated":true}]}}