{"id":1170,"date":"2024-06-28T15:52:01","date_gmt":"2024-06-28T13:52:01","guid":{"rendered":"https:\/\/orthopara.store\/?post_type=product&#038;p=1170"},"modified":"2024-06-28T15:52:04","modified_gmt":"2024-06-28T13:52:04","slug":"lotion-solaire-actinica-80gr","status":"publish","type":"product","link":"https:\/\/orthopara.store\/?product=lotion-solaire-actinica-80gr","title":{"rendered":"Lotion solaire &#8211; Actinica &#8211; 80gr"},"content":{"rendered":"<p>Lotion solaire &#8211; Actinica &#8211; 80gr<br \/>\nActinica Lotion SPF 50+ prot\u00e8ge non seulement contre les rayons UVB, mais \u00e9galement contre les rayons UVA. Actinica lotion contient des filtres \u00e0 large spectre photostables et r\u00e9siste \u00e0 l&rsquo;eau. Elle hydrate et entretien la peau. Etant donn\u00e9 que la lotion est exempte de parfums et d&rsquo;\u00e9mulsifiants PEG traditionnels, elle est bien tol\u00e9r\u00e9e et peut \u00eatre \u00e9galement sur une peau tr\u00e8s sensible.<br \/>\nActinica Lotion SPF50+ est un dispositif m\u00e9dical pour la pr\u00e9vention de diff\u00e9rentes formes du cancer de la peau non m\u00e9lanome chez les patients \u00e0 risque (immunosupprim\u00e9s). Il s&rsquo;agit d&rsquo;une tr\u00e8s haute protection contre les UV.<br \/>\nDans une \u00e9tude de deux ans men\u00e9e sur des patients immunosupprim\u00e9s \u00e0 haut risque (ayant subi une greffe d&rsquo;organe) pour le cancer de la peau non m\u00e9lanome. Actinica Lotion s&rsquo;est av\u00e9r\u00e9 efficace dans la pr\u00e9vention des k\u00e9ratoses actiniques et des carcinomes \u00e9pidermo\u00efdes.<br \/>\nindications<br \/>\nPr\u00e9vention des k\u00e9ratoses acyiniques et des cancers non-m\u00e9lanome chez les personnes \u00e0 risque.<br \/>\nPr\u00e9vention des allergies au soleil<br \/>\nConvient aux peaux tr\u00e8s intol\u00e9rantes au soleil<br \/>\nConseils d&rsquo;utilisation<br \/>\nAppliquer votre protection solaire Actinica\u00ae Lotion tous les matins sur les zones d\u00e9couvertes apr\u00e8s nettoyage de votre peau<br \/>\nAppliquer g\u00e9n\u00e9reusement 20 minutes avant l&rsquo;exposition solaire. Massez soigneusement pour faciliter la p\u00e9n\u00e9tration du produit<br \/>\nRenouveler l&rsquo;application apr\u00e8s un contact prolong\u00e9 avec l&rsquo;eau ou suite \u00e0 une forte transpiration<br \/>\nLa surface cutan\u00e9e varie d&rsquo;un individu \u00e0 l&rsquo;autre; la posologie ci dessous indique le nombre approximatif de doses (= pressions) n\u00e9cessaires par zone d&rsquo;application:<br \/>\nVisage (inclus cou et d\u00e9collet\u00e9) : 2 pression<br \/>\nCuir chevelu: 1 pression<br \/>\npar avant bras : 2 pressions<br \/>\npar dos de main : 1 pression<br \/>\nPour assurer une r\u00e9partition optimale et une sensation agr\u00e9able sur la peau, on peut par exemple d&rsquo;abord \u00e9taler une pression sur le visage et une seconde pression au bout de 5 \u00e0 10 minutes. Veillez \u00e0 ce que pas plus de 10 \u00e0 15 minutes ne s&rsquo;\u00e9coulent entre la premi\u00e8re et la seconde application.<\/p>\n<p>Composition\u00a0<br \/>\nBis-Ethylhexyloxyphenol Methoxyphenyl Triazine, Isoamyl p-Methoxycinnamate, Ethylhexyl Triazone, Methylene bis-Benzotriazolyl Tetramethylbutylphenol, Ethylhexyl Methoxycinnamate, Propylparaben, Butyl Methoxydibenzoylmethane, Methylparaben, Excipiens<\/p>\n","protected":false},"excerpt":{"rendered":"<p>Actinica lotion<br \/>\n&#8211; Tr\u00e8s haute protection contre les UV<br \/>\n&#8211; Contient des filtres hautement photostables anti UVA et anti UVB<br \/>\n&#8211; Le produit est conditionn\u00e9 dans un flacon pompe doseur Airless. Il permet une utilisation facile et un dosage pr\u00e9cis (2mg\/cm\u00b2)<br \/>\n&#8211; Formule haute tol\u00e9rance, sans parfum et sans PEG, convient aux peaux les plus sensibles<br \/>\n&#8211; Permet une hydratation et un soin durable de votre peau<br \/>\n&#8211; Texture cr\u00e8me fluide agr\u00e9able et facile \u00e0 \u00e9taler<br \/>\n&#8211; R\u00e9sistant \u00e0 l&rsquo;eau<br \/>\ncontenance :80ML<\/p>\n","protected":false},"featured_media":1185,"comment_status":"open","ping_status":"closed","template":"","meta":[],"pwb-brand":[145],"product_cat":[143],"product_tag":[],"class_list":{"0":"post-1170","1":"product","2":"type-product","3":"status-publish","4":"has-post-thumbnail","6":"pwb-brand-actinica","7":"product_cat-soins-hydratation","8":"post","9":"ws-product--style-1","11":"first","12":"instock","13":"shipping-taxable","14":"purchasable","15":"product-type-simple"},"yoast_head":"<!-- This site is optimized with the Yoast SEO plugin v23.0 - https:\/\/yoast.com\/wordpress\/plugins\/seo\/ -->\n<title>Lotion solaire - Actinica - 80gr - OrthoPara<\/title>\n<meta name=\"robots\" content=\"index, follow, max-snippet:-1, max-image-preview:large, max-video-preview:-1\" \/>\n<link rel=\"canonical\" href=\"https:\/\/orthopara.store\/index.php\/produit\/lotion-solaire-actinica-80gr\/\" \/>\n<meta property=\"og:locale\" content=\"fr_FR\" \/>\n<meta property=\"og:type\" content=\"article\" \/>\n<meta property=\"og:title\" content=\"Lotion solaire - Actinica - 80gr - OrthoPara\" \/>\n<meta property=\"og:description\" content=\"Actinica lotion - Tr\u00e8s haute protection contre les UV - Contient des filtres hautement photostables anti UVA et anti UVB - Le produit est conditionn\u00e9 dans un flacon pompe doseur Airless. Il permet une utilisation facile et un dosage pr\u00e9cis (2mg\/cm\u00b2) - Formule haute tol\u00e9rance, sans parfum et sans PEG, convient aux peaux les plus sensibles - Permet une hydratation et un soin durable de votre peau - Texture cr\u00e8me fluide agr\u00e9able et facile \u00e0 \u00e9taler - R\u00e9sistant \u00e0 l&#039;eau contenance :80ML\" \/>\n<meta property=\"og:url\" content=\"https:\/\/orthopara.store\/index.php\/produit\/lotion-solaire-actinica-80gr\/\" \/>\n<meta property=\"og:site_name\" content=\"OrthoPara\" \/>\n<meta property=\"article:publisher\" content=\"https:\/\/www.facebook.com\/profile.php?id=61561194315651\" \/>\n<meta property=\"article:modified_time\" content=\"2024-06-28T13:52:04+00:00\" \/>\n<meta property=\"og:image\" content=\"https:\/\/orthopara.store\/wp-content\/uploads\/2024\/06\/lotion-solaire-actinica-80gr.jpg\" \/>\n\t<meta property=\"og:image:width\" content=\"800\" \/>\n\t<meta property=\"og:image:height\" content=\"800\" \/>\n\t<meta property=\"og:image:type\" content=\"image\/jpeg\" \/>\n<meta name=\"twitter:card\" content=\"summary_large_image\" \/>\n<meta name=\"twitter:label1\" content=\"Dur\u00e9e de lecture estim\u00e9e\" \/>\n\t<meta name=\"twitter:data1\" content=\"2 minutes\" \/>\n<script type=\"application\/ld+json\" class=\"yoast-schema-graph\">{\"@context\":\"https:\/\/schema.org\",\"@graph\":[{\"@type\":\"WebPage\",\"@id\":\"https:\/\/orthopara.store\/index.php\/produit\/lotion-solaire-actinica-80gr\/\",\"url\":\"https:\/\/orthopara.store\/index.php\/produit\/lotion-solaire-actinica-80gr\/\",\"name\":\"Lotion solaire - Actinica - 80gr - OrthoPara\",\"isPartOf\":{\"@id\":\"https:\/\/orthopara.store\/#website\"},\"primaryImageOfPage\":{\"@id\":\"https:\/\/orthopara.store\/index.php\/produit\/lotion-solaire-actinica-80gr\/#primaryimage\"},\"image\":{\"@id\":\"https:\/\/orthopara.store\/index.php\/produit\/lotion-solaire-actinica-80gr\/#primaryimage\"},\"thumbnailUrl\":\"https:\/\/orthopara.store\/wp-content\/uploads\/2024\/06\/lotion-solaire-actinica-80gr.jpg\",\"datePublished\":\"2024-06-28T13:52:01+00:00\",\"dateModified\":\"2024-06-28T13:52:04+00:00\",\"breadcrumb\":{\"@id\":\"https:\/\/orthopara.store\/index.php\/produit\/lotion-solaire-actinica-80gr\/#breadcrumb\"},\"inLanguage\":\"fr-FR\",\"potentialAction\":[{\"@type\":\"ReadAction\",\"target\":[\"https:\/\/orthopara.store\/index.php\/produit\/lotion-solaire-actinica-80gr\/\"]}]},{\"@type\":\"ImageObject\",\"inLanguage\":\"fr-FR\",\"@id\":\"https:\/\/orthopara.store\/index.php\/produit\/lotion-solaire-actinica-80gr\/#primaryimage\",\"url\":\"https:\/\/orthopara.store\/wp-content\/uploads\/2024\/06\/lotion-solaire-actinica-80gr.jpg\",\"contentUrl\":\"https:\/\/orthopara.store\/wp-content\/uploads\/2024\/06\/lotion-solaire-actinica-80gr.jpg\",\"width\":800,\"height\":800},{\"@type\":\"BreadcrumbList\",\"@id\":\"https:\/\/orthopara.store\/index.php\/produit\/lotion-solaire-actinica-80gr\/#breadcrumb\",\"itemListElement\":[{\"@type\":\"ListItem\",\"position\":1,\"name\":\"Accueil\",\"item\":\"https:\/\/orthopara.store\/\"},{\"@type\":\"ListItem\",\"position\":2,\"name\":\"Shop\",\"item\":\"https:\/\/orthopara.store\/?page_id=622\"},{\"@type\":\"ListItem\",\"position\":3,\"name\":\"Lotion solaire &#8211; Actinica &#8211; 80gr\"}]},{\"@type\":\"WebSite\",\"@id\":\"https:\/\/orthopara.store\/#website\",\"url\":\"https:\/\/orthopara.store\/\",\"name\":\"OrthoPara\",\"description\":\"Parapharmacie\",\"publisher\":{\"@id\":\"https:\/\/orthopara.store\/#organization\"},\"potentialAction\":[{\"@type\":\"SearchAction\",\"target\":{\"@type\":\"EntryPoint\",\"urlTemplate\":\"https:\/\/orthopara.store\/?s={search_term_string}\"},\"query-input\":\"required name=search_term_string\"}],\"inLanguage\":\"fr-FR\"},{\"@type\":\"Organization\",\"@id\":\"https:\/\/orthopara.store\/#organization\",\"name\":\"OrthoPara\",\"url\":\"https:\/\/orthopara.store\/\",\"logo\":{\"@type\":\"ImageObject\",\"inLanguage\":\"fr-FR\",\"@id\":\"https:\/\/orthopara.store\/#\/schema\/logo\/image\/\",\"url\":\"https:\/\/orthopara.store\/wp-content\/uploads\/2024\/06\/cropped-9ABA8BAD-6256-4719-9315-15C66E64E882.png\",\"contentUrl\":\"https:\/\/orthopara.store\/wp-content\/uploads\/2024\/06\/cropped-9ABA8BAD-6256-4719-9315-15C66E64E882.png\",\"width\":240,\"height\":72,\"caption\":\"OrthoPara\"},\"image\":{\"@id\":\"https:\/\/orthopara.store\/#\/schema\/logo\/image\/\"},\"sameAs\":[\"https:\/\/www.facebook.com\/profile.php?id=61561194315651\",\"https:\/\/www.instagram.com\/orthopara_tunisie\/\"]}]}<\/script>\n<!-- \/ Yoast SEO plugin. -->","yoast_head_json":{"title":"Lotion solaire - Actinica - 80gr - OrthoPara","robots":{"index":"index","follow":"follow","max-snippet":"max-snippet:-1","max-image-preview":"max-image-preview:large","max-video-preview":"max-video-preview:-1"},"canonical":"https:\/\/orthopara.store\/index.php\/produit\/lotion-solaire-actinica-80gr\/","og_locale":"fr_FR","og_type":"article","og_title":"Lotion solaire - Actinica - 80gr - OrthoPara","og_description":"Actinica lotion - Tr\u00e8s haute protection contre les UV - Contient des filtres hautement photostables anti UVA et anti UVB - Le produit est conditionn\u00e9 dans un flacon pompe doseur Airless. Il permet une utilisation facile et un dosage pr\u00e9cis (2mg\/cm\u00b2) - Formule haute tol\u00e9rance, sans parfum et sans PEG, convient aux peaux les plus sensibles - Permet une hydratation et un soin durable de votre peau - Texture cr\u00e8me fluide agr\u00e9able et facile \u00e0 \u00e9taler - R\u00e9sistant \u00e0 l'eau contenance :80ML","og_url":"https:\/\/orthopara.store\/index.php\/produit\/lotion-solaire-actinica-80gr\/","og_site_name":"OrthoPara","article_publisher":"https:\/\/www.facebook.com\/profile.php?id=61561194315651","article_modified_time":"2024-06-28T13:52:04+00:00","og_image":[{"width":800,"height":800,"url":"https:\/\/orthopara.store\/wp-content\/uploads\/2024\/06\/lotion-solaire-actinica-80gr.jpg","type":"image\/jpeg"}],"twitter_card":"summary_large_image","twitter_misc":{"Dur\u00e9e de lecture estim\u00e9e":"2 minutes"},"schema":{"@context":"https:\/\/schema.org","@graph":[{"@type":"WebPage","@id":"https:\/\/orthopara.store\/index.php\/produit\/lotion-solaire-actinica-80gr\/","url":"https:\/\/orthopara.store\/index.php\/produit\/lotion-solaire-actinica-80gr\/","name":"Lotion solaire - Actinica - 80gr - OrthoPara","isPartOf":{"@id":"https:\/\/orthopara.store\/#website"},"primaryImageOfPage":{"@id":"https:\/\/orthopara.store\/index.php\/produit\/lotion-solaire-actinica-80gr\/#primaryimage"},"image":{"@id":"https:\/\/orthopara.store\/index.php\/produit\/lotion-solaire-actinica-80gr\/#primaryimage"},"thumbnailUrl":"https:\/\/orthopara.store\/wp-content\/uploads\/2024\/06\/lotion-solaire-actinica-80gr.jpg","datePublished":"2024-06-28T13:52:01+00:00","dateModified":"2024-06-28T13:52:04+00:00","breadcrumb":{"@id":"https:\/\/orthopara.store\/index.php\/produit\/lotion-solaire-actinica-80gr\/#breadcrumb"},"inLanguage":"fr-FR","potentialAction":[{"@type":"ReadAction","target":["https:\/\/orthopara.store\/index.php\/produit\/lotion-solaire-actinica-80gr\/"]}]},{"@type":"ImageObject","inLanguage":"fr-FR","@id":"https:\/\/orthopara.store\/index.php\/produit\/lotion-solaire-actinica-80gr\/#primaryimage","url":"https:\/\/orthopara.store\/wp-content\/uploads\/2024\/06\/lotion-solaire-actinica-80gr.jpg","contentUrl":"https:\/\/orthopara.store\/wp-content\/uploads\/2024\/06\/lotion-solaire-actinica-80gr.jpg","width":800,"height":800},{"@type":"BreadcrumbList","@id":"https:\/\/orthopara.store\/index.php\/produit\/lotion-solaire-actinica-80gr\/#breadcrumb","itemListElement":[{"@type":"ListItem","position":1,"name":"Accueil","item":"https:\/\/orthopara.store\/"},{"@type":"ListItem","position":2,"name":"Shop","item":"https:\/\/orthopara.store\/?page_id=622"},{"@type":"ListItem","position":3,"name":"Lotion solaire &#8211; Actinica &#8211; 80gr"}]},{"@type":"WebSite","@id":"https:\/\/orthopara.store\/#website","url":"https:\/\/orthopara.store\/","name":"OrthoPara","description":"Parapharmacie","publisher":{"@id":"https:\/\/orthopara.store\/#organization"},"potentialAction":[{"@type":"SearchAction","target":{"@type":"EntryPoint","urlTemplate":"https:\/\/orthopara.store\/?s={search_term_string}"},"query-input":"required name=search_term_string"}],"inLanguage":"fr-FR"},{"@type":"Organization","@id":"https:\/\/orthopara.store\/#organization","name":"OrthoPara","url":"https:\/\/orthopara.store\/","logo":{"@type":"ImageObject","inLanguage":"fr-FR","@id":"https:\/\/orthopara.store\/#\/schema\/logo\/image\/","url":"https:\/\/orthopara.store\/wp-content\/uploads\/2024\/06\/cropped-9ABA8BAD-6256-4719-9315-15C66E64E882.png","contentUrl":"https:\/\/orthopara.store\/wp-content\/uploads\/2024\/06\/cropped-9ABA8BAD-6256-4719-9315-15C66E64E882.png","width":240,"height":72,"caption":"OrthoPara"},"image":{"@id":"https:\/\/orthopara.store\/#\/schema\/logo\/image\/"},"sameAs":["https:\/\/www.facebook.com\/profile.php?id=61561194315651","https:\/\/www.instagram.com\/orthopara_tunisie\/"]}]}},"jetpack_sharing_enabled":true,"brands":[{"id":145,"name":"Actinica","slug":"actinica"}],"_links":{"self":[{"href":"https:\/\/orthopara.store\/index.php?rest_route=\/wp\/v2\/product\/1170","targetHints":{"allow":["GET"]}}],"collection":[{"href":"https:\/\/orthopara.store\/index.php?rest_route=\/wp\/v2\/product"}],"about":[{"href":"https:\/\/orthopara.store\/index.php?rest_route=\/wp\/v2\/types\/product"}],"replies":[{"embeddable":true,"href":"https:\/\/orthopara.store\/index.php?rest_route=%2Fwp%2Fv2%2Fcomments&post=1170"}],"wp:featuredmedia":[{"embeddable":true,"href":"https:\/\/orthopara.store\/index.php?rest_route=\/wp\/v2\/media\/1185"}],"wp:attachment":[{"href":"https:\/\/orthopara.store\/index.php?rest_route=%2Fwp%2Fv2%2Fmedia&parent=1170"}],"wp:term":[{"taxonomy":"pwb-brand","embeddable":true,"href":"https:\/\/orthopara.store\/index.php?rest_route=%2Fwp%2Fv2%2Fpwb-brand&post=1170"},{"taxonomy":"product_cat","embeddable":true,"href":"https:\/\/orthopara.store\/index.php?rest_route=%2Fwp%2Fv2%2Fproduct_cat&post=1170"},{"taxonomy":"product_tag","embeddable":true,"href":"https:\/\/orthopara.store\/index.php?rest_route=%2Fwp%2Fv2%2Fproduct_tag&post=1170"}],"curies":[{"name":"wp","href":"https:\/\/api.w.org\/{rel}","templated":true}]}}