{"id":1171,"date":"2024-06-28T15:52:02","date_gmt":"2024-06-28T13:52:02","guid":{"rendered":"https:\/\/orthopara.store\/?post_type=product&#038;p=1171"},"modified":"2024-06-28T15:52:04","modified_gmt":"2024-06-28T13:52:04","slug":"gel-lavant-doux-anti-dessechement-svr-topialyse-1litre","status":"publish","type":"product","link":"https:\/\/orthopara.store\/?product=gel-lavant-doux-anti-dessechement-svr-topialyse-1litre","title":{"rendered":"Gel Lavant doux anti-dess\u00e8chement &#8211; SVR Topialyse  &#8211; 1Litre"},"content":{"rendered":"<p>Gel Lavant doux anti-dess\u00e8chement &#8211; SVR Topialyse\u00a0 &#8211; 1Litre<br \/>\nCe gel nettoie en douceur tout en prot\u00e9geant les peau sensibles et s\u00e8che de la t\u00eate aux pieds de toute la famille.<br \/>\nIl se caract\u00e9rise par un format familial d&rsquo;1L.<br \/>\nCe gel lavant SVR topialyse un nettoyant doux protecteur anti-dess\u00e8chement sans savon dans sa formule.<br \/>\nIl convient autant aux adultes qu&rsquo;aux nourrissons ayant la peau s\u00e8che et sensible. gr\u00e2ce \u00e0 sa composition riche aux Om\u00e9ga-3, 6 et 9 permettant de respecter le film hydrolipidique et apaiser les peaux tiraill\u00e9es par la s\u00e9cheresse cutan\u00e9e.<br \/>\nIl se caract\u00e9rise par un pH physiologique.<br \/>\nConseils d&rsquo;utilisation :<br \/>\nIl est indiqu\u00e9 de l&rsquo;appliquer d&rsquo;une fa\u00e7on quotidienne\u00a0sur une peau mouill\u00e9e et puis\u00a0faire mousser et rincer.<br \/>\nComposition :\u00a0<br \/>\nAqua (purified water), Sodium laureth sulfate, Glycerin, Disodium laureth sulfosuccinate, Coco-betaine, Peg-60 hydrogenated castor oil, Peg-7 glyceryl cocoate, Calcium gluconate, Camelina sativa seed oil, Gluconolactone, Helianthus annuus sunflower seed oil, Tocopherol, Citric acid, Disodium edta, Glyceryl oleate, Hydrogenated palm glycerides citrate, Lactic acid, Peg-120 methyl glucose dioleate, Polyquaternium-7, Sodium chloride, Sodium hydroxide, Sodium benzoate, Coco-glucoside, Parfum (fragrance).<br \/>\nIndication :\u00a0<br \/>\nHygi\u00e8ne. Corps et visage. Adultes, enfants et nourrissons. Convient au cuir chevelu du nourrisson. Sans parfum, sans paraben.<br \/>\n\u00a0<\/p>\n","protected":false},"excerpt":{"rendered":"<p>SVR Topialyse<br \/>\nApaisant hydratant 24H protecteur anti-dess\u00e8chement<br \/>\nnettoie en douceur et prot\u00e8ge de la t\u00eate aux pieds les peaux sensibles et s\u00e8ches de toute la famille.<br \/>\nContenance : flacon pompe 1 litre<\/p>\n","protected":false},"featured_media":1186,"comment_status":"open","ping_status":"closed","template":"","meta":[],"pwb-brand":[43],"product_cat":[143],"product_tag":[],"class_list":{"0":"post-1171","1":"product","2":"type-product","3":"status-publish","4":"has-post-thumbnail","6":"pwb-brand-svr","7":"product_cat-soins-hydratation","8":"post","9":"ws-product--style-1","11":"first","12":"instock","13":"shipping-taxable","14":"purchasable","15":"product-type-simple"},"yoast_head":"<!-- This site is optimized with the Yoast SEO plugin v23.0 - https:\/\/yoast.com\/wordpress\/plugins\/seo\/ -->\n<title>Gel Lavant doux anti-dess\u00e8chement - SVR Topialyse - 1Litre - OrthoPara<\/title>\n<meta name=\"robots\" content=\"index, follow, max-snippet:-1, max-image-preview:large, max-video-preview:-1\" \/>\n<link rel=\"canonical\" href=\"https:\/\/orthopara.store\/index.php\/produit\/gel-lavant-doux-anti-dessechement-svr-topialyse-1litre\/\" \/>\n<meta property=\"og:locale\" content=\"fr_FR\" \/>\n<meta property=\"og:type\" content=\"article\" \/>\n<meta property=\"og:title\" content=\"Gel Lavant doux anti-dess\u00e8chement - SVR Topialyse - 1Litre - OrthoPara\" \/>\n<meta property=\"og:description\" content=\"SVR Topialyse Apaisant hydratant 24H protecteur anti-dess\u00e8chement nettoie en douceur et prot\u00e8ge de la t\u00eate aux pieds les peaux sensibles et s\u00e8ches de toute la famille. Contenance : flacon pompe 1 litre\" \/>\n<meta property=\"og:url\" content=\"https:\/\/orthopara.store\/index.php\/produit\/gel-lavant-doux-anti-dessechement-svr-topialyse-1litre\/\" \/>\n<meta property=\"og:site_name\" content=\"OrthoPara\" \/>\n<meta property=\"article:publisher\" content=\"https:\/\/www.facebook.com\/profile.php?id=61561194315651\" \/>\n<meta property=\"article:modified_time\" content=\"2024-06-28T13:52:04+00:00\" \/>\n<meta property=\"og:image\" content=\"https:\/\/orthopara.store\/wp-content\/uploads\/2024\/06\/gel-lavant-doux-anti-dessechement-svr-topialyse-1litre.jpg\" \/>\n\t<meta property=\"og:image:width\" content=\"800\" \/>\n\t<meta property=\"og:image:height\" content=\"800\" \/>\n\t<meta property=\"og:image:type\" content=\"image\/jpeg\" \/>\n<meta name=\"twitter:card\" content=\"summary_large_image\" \/>\n<meta name=\"twitter:label1\" content=\"Dur\u00e9e de lecture estim\u00e9e\" \/>\n\t<meta name=\"twitter:data1\" content=\"1 minute\" \/>\n<script type=\"application\/ld+json\" class=\"yoast-schema-graph\">{\"@context\":\"https:\/\/schema.org\",\"@graph\":[{\"@type\":\"WebPage\",\"@id\":\"https:\/\/orthopara.store\/index.php\/produit\/gel-lavant-doux-anti-dessechement-svr-topialyse-1litre\/\",\"url\":\"https:\/\/orthopara.store\/index.php\/produit\/gel-lavant-doux-anti-dessechement-svr-topialyse-1litre\/\",\"name\":\"Gel Lavant doux anti-dess\u00e8chement - SVR Topialyse - 1Litre - OrthoPara\",\"isPartOf\":{\"@id\":\"https:\/\/orthopara.store\/#website\"},\"primaryImageOfPage\":{\"@id\":\"https:\/\/orthopara.store\/index.php\/produit\/gel-lavant-doux-anti-dessechement-svr-topialyse-1litre\/#primaryimage\"},\"image\":{\"@id\":\"https:\/\/orthopara.store\/index.php\/produit\/gel-lavant-doux-anti-dessechement-svr-topialyse-1litre\/#primaryimage\"},\"thumbnailUrl\":\"https:\/\/orthopara.store\/wp-content\/uploads\/2024\/06\/gel-lavant-doux-anti-dessechement-svr-topialyse-1litre.jpg\",\"datePublished\":\"2024-06-28T13:52:02+00:00\",\"dateModified\":\"2024-06-28T13:52:04+00:00\",\"breadcrumb\":{\"@id\":\"https:\/\/orthopara.store\/index.php\/produit\/gel-lavant-doux-anti-dessechement-svr-topialyse-1litre\/#breadcrumb\"},\"inLanguage\":\"fr-FR\",\"potentialAction\":[{\"@type\":\"ReadAction\",\"target\":[\"https:\/\/orthopara.store\/index.php\/produit\/gel-lavant-doux-anti-dessechement-svr-topialyse-1litre\/\"]}]},{\"@type\":\"ImageObject\",\"inLanguage\":\"fr-FR\",\"@id\":\"https:\/\/orthopara.store\/index.php\/produit\/gel-lavant-doux-anti-dessechement-svr-topialyse-1litre\/#primaryimage\",\"url\":\"https:\/\/orthopara.store\/wp-content\/uploads\/2024\/06\/gel-lavant-doux-anti-dessechement-svr-topialyse-1litre.jpg\",\"contentUrl\":\"https:\/\/orthopara.store\/wp-content\/uploads\/2024\/06\/gel-lavant-doux-anti-dessechement-svr-topialyse-1litre.jpg\",\"width\":800,\"height\":800},{\"@type\":\"BreadcrumbList\",\"@id\":\"https:\/\/orthopara.store\/index.php\/produit\/gel-lavant-doux-anti-dessechement-svr-topialyse-1litre\/#breadcrumb\",\"itemListElement\":[{\"@type\":\"ListItem\",\"position\":1,\"name\":\"Accueil\",\"item\":\"https:\/\/orthopara.store\/\"},{\"@type\":\"ListItem\",\"position\":2,\"name\":\"Shop\",\"item\":\"https:\/\/orthopara.store\/?page_id=622\"},{\"@type\":\"ListItem\",\"position\":3,\"name\":\"Gel Lavant doux anti-dess\u00e8chement &#8211; SVR Topialyse &#8211; 1Litre\"}]},{\"@type\":\"WebSite\",\"@id\":\"https:\/\/orthopara.store\/#website\",\"url\":\"https:\/\/orthopara.store\/\",\"name\":\"OrthoPara\",\"description\":\"Parapharmacie\",\"publisher\":{\"@id\":\"https:\/\/orthopara.store\/#organization\"},\"potentialAction\":[{\"@type\":\"SearchAction\",\"target\":{\"@type\":\"EntryPoint\",\"urlTemplate\":\"https:\/\/orthopara.store\/?s={search_term_string}\"},\"query-input\":\"required name=search_term_string\"}],\"inLanguage\":\"fr-FR\"},{\"@type\":\"Organization\",\"@id\":\"https:\/\/orthopara.store\/#organization\",\"name\":\"OrthoPara\",\"url\":\"https:\/\/orthopara.store\/\",\"logo\":{\"@type\":\"ImageObject\",\"inLanguage\":\"fr-FR\",\"@id\":\"https:\/\/orthopara.store\/#\/schema\/logo\/image\/\",\"url\":\"https:\/\/orthopara.store\/wp-content\/uploads\/2024\/06\/cropped-9ABA8BAD-6256-4719-9315-15C66E64E882.png\",\"contentUrl\":\"https:\/\/orthopara.store\/wp-content\/uploads\/2024\/06\/cropped-9ABA8BAD-6256-4719-9315-15C66E64E882.png\",\"width\":240,\"height\":72,\"caption\":\"OrthoPara\"},\"image\":{\"@id\":\"https:\/\/orthopara.store\/#\/schema\/logo\/image\/\"},\"sameAs\":[\"https:\/\/www.facebook.com\/profile.php?id=61561194315651\",\"https:\/\/www.instagram.com\/orthopara_tunisie\/\"]}]}<\/script>\n<!-- \/ Yoast SEO plugin. -->","yoast_head_json":{"title":"Gel Lavant doux anti-dess\u00e8chement - SVR Topialyse - 1Litre - OrthoPara","robots":{"index":"index","follow":"follow","max-snippet":"max-snippet:-1","max-image-preview":"max-image-preview:large","max-video-preview":"max-video-preview:-1"},"canonical":"https:\/\/orthopara.store\/index.php\/produit\/gel-lavant-doux-anti-dessechement-svr-topialyse-1litre\/","og_locale":"fr_FR","og_type":"article","og_title":"Gel Lavant doux anti-dess\u00e8chement - SVR Topialyse - 1Litre - OrthoPara","og_description":"SVR Topialyse Apaisant hydratant 24H protecteur anti-dess\u00e8chement nettoie en douceur et prot\u00e8ge de la t\u00eate aux pieds les peaux sensibles et s\u00e8ches de toute la famille. Contenance : flacon pompe 1 litre","og_url":"https:\/\/orthopara.store\/index.php\/produit\/gel-lavant-doux-anti-dessechement-svr-topialyse-1litre\/","og_site_name":"OrthoPara","article_publisher":"https:\/\/www.facebook.com\/profile.php?id=61561194315651","article_modified_time":"2024-06-28T13:52:04+00:00","og_image":[{"width":800,"height":800,"url":"https:\/\/orthopara.store\/wp-content\/uploads\/2024\/06\/gel-lavant-doux-anti-dessechement-svr-topialyse-1litre.jpg","type":"image\/jpeg"}],"twitter_card":"summary_large_image","twitter_misc":{"Dur\u00e9e de lecture estim\u00e9e":"1 minute"},"schema":{"@context":"https:\/\/schema.org","@graph":[{"@type":"WebPage","@id":"https:\/\/orthopara.store\/index.php\/produit\/gel-lavant-doux-anti-dessechement-svr-topialyse-1litre\/","url":"https:\/\/orthopara.store\/index.php\/produit\/gel-lavant-doux-anti-dessechement-svr-topialyse-1litre\/","name":"Gel Lavant doux anti-dess\u00e8chement - SVR Topialyse - 1Litre - OrthoPara","isPartOf":{"@id":"https:\/\/orthopara.store\/#website"},"primaryImageOfPage":{"@id":"https:\/\/orthopara.store\/index.php\/produit\/gel-lavant-doux-anti-dessechement-svr-topialyse-1litre\/#primaryimage"},"image":{"@id":"https:\/\/orthopara.store\/index.php\/produit\/gel-lavant-doux-anti-dessechement-svr-topialyse-1litre\/#primaryimage"},"thumbnailUrl":"https:\/\/orthopara.store\/wp-content\/uploads\/2024\/06\/gel-lavant-doux-anti-dessechement-svr-topialyse-1litre.jpg","datePublished":"2024-06-28T13:52:02+00:00","dateModified":"2024-06-28T13:52:04+00:00","breadcrumb":{"@id":"https:\/\/orthopara.store\/index.php\/produit\/gel-lavant-doux-anti-dessechement-svr-topialyse-1litre\/#breadcrumb"},"inLanguage":"fr-FR","potentialAction":[{"@type":"ReadAction","target":["https:\/\/orthopara.store\/index.php\/produit\/gel-lavant-doux-anti-dessechement-svr-topialyse-1litre\/"]}]},{"@type":"ImageObject","inLanguage":"fr-FR","@id":"https:\/\/orthopara.store\/index.php\/produit\/gel-lavant-doux-anti-dessechement-svr-topialyse-1litre\/#primaryimage","url":"https:\/\/orthopara.store\/wp-content\/uploads\/2024\/06\/gel-lavant-doux-anti-dessechement-svr-topialyse-1litre.jpg","contentUrl":"https:\/\/orthopara.store\/wp-content\/uploads\/2024\/06\/gel-lavant-doux-anti-dessechement-svr-topialyse-1litre.jpg","width":800,"height":800},{"@type":"BreadcrumbList","@id":"https:\/\/orthopara.store\/index.php\/produit\/gel-lavant-doux-anti-dessechement-svr-topialyse-1litre\/#breadcrumb","itemListElement":[{"@type":"ListItem","position":1,"name":"Accueil","item":"https:\/\/orthopara.store\/"},{"@type":"ListItem","position":2,"name":"Shop","item":"https:\/\/orthopara.store\/?page_id=622"},{"@type":"ListItem","position":3,"name":"Gel Lavant doux anti-dess\u00e8chement &#8211; SVR Topialyse &#8211; 1Litre"}]},{"@type":"WebSite","@id":"https:\/\/orthopara.store\/#website","url":"https:\/\/orthopara.store\/","name":"OrthoPara","description":"Parapharmacie","publisher":{"@id":"https:\/\/orthopara.store\/#organization"},"potentialAction":[{"@type":"SearchAction","target":{"@type":"EntryPoint","urlTemplate":"https:\/\/orthopara.store\/?s={search_term_string}"},"query-input":"required name=search_term_string"}],"inLanguage":"fr-FR"},{"@type":"Organization","@id":"https:\/\/orthopara.store\/#organization","name":"OrthoPara","url":"https:\/\/orthopara.store\/","logo":{"@type":"ImageObject","inLanguage":"fr-FR","@id":"https:\/\/orthopara.store\/#\/schema\/logo\/image\/","url":"https:\/\/orthopara.store\/wp-content\/uploads\/2024\/06\/cropped-9ABA8BAD-6256-4719-9315-15C66E64E882.png","contentUrl":"https:\/\/orthopara.store\/wp-content\/uploads\/2024\/06\/cropped-9ABA8BAD-6256-4719-9315-15C66E64E882.png","width":240,"height":72,"caption":"OrthoPara"},"image":{"@id":"https:\/\/orthopara.store\/#\/schema\/logo\/image\/"},"sameAs":["https:\/\/www.facebook.com\/profile.php?id=61561194315651","https:\/\/www.instagram.com\/orthopara_tunisie\/"]}]}},"jetpack_sharing_enabled":true,"brands":[{"id":43,"name":"SVR","slug":"svr"}],"_links":{"self":[{"href":"https:\/\/orthopara.store\/index.php?rest_route=\/wp\/v2\/product\/1171","targetHints":{"allow":["GET"]}}],"collection":[{"href":"https:\/\/orthopara.store\/index.php?rest_route=\/wp\/v2\/product"}],"about":[{"href":"https:\/\/orthopara.store\/index.php?rest_route=\/wp\/v2\/types\/product"}],"replies":[{"embeddable":true,"href":"https:\/\/orthopara.store\/index.php?rest_route=%2Fwp%2Fv2%2Fcomments&post=1171"}],"wp:featuredmedia":[{"embeddable":true,"href":"https:\/\/orthopara.store\/index.php?rest_route=\/wp\/v2\/media\/1186"}],"wp:attachment":[{"href":"https:\/\/orthopara.store\/index.php?rest_route=%2Fwp%2Fv2%2Fmedia&parent=1171"}],"wp:term":[{"taxonomy":"pwb-brand","embeddable":true,"href":"https:\/\/orthopara.store\/index.php?rest_route=%2Fwp%2Fv2%2Fpwb-brand&post=1171"},{"taxonomy":"product_cat","embeddable":true,"href":"https:\/\/orthopara.store\/index.php?rest_route=%2Fwp%2Fv2%2Fproduct_cat&post=1171"},{"taxonomy":"product_tag","embeddable":true,"href":"https:\/\/orthopara.store\/index.php?rest_route=%2Fwp%2Fv2%2Fproduct_tag&post=1171"}],"curies":[{"name":"wp","href":"https:\/\/api.w.org\/{rel}","templated":true}]}}