{"id":1173,"date":"2024-06-28T15:52:02","date_gmt":"2024-06-28T13:52:02","guid":{"rendered":"https:\/\/orthopara.store\/?post_type=product&#038;p=1173"},"modified":"2024-06-28T15:52:05","modified_gmt":"2024-06-28T13:52:05","slug":"huile-de-douche-ultra-nourrissant-anti-irritations-bioderma-atoderm","status":"publish","type":"product","link":"https:\/\/orthopara.store\/?product=huile-de-douche-ultra-nourrissant-anti-irritations-bioderma-atoderm","title":{"rendered":"Huile de douche ultra-nourrissant &#8211; anti-irritations &#8211; Bioderma Atoderm"},"content":{"rendered":"<p>Huile de douche ultra-nourrissant &#8211; anti-irritations &#8211; Bioderma Atoderm<br \/>\nAtoderm est une\u00a0huile de douche\u00a0mise au point par Bioderma pour la toilette des\u00a0peaux s\u00e8ches, tr\u00e8s s\u00e8ches ou \u00e0\u00a0tendance atopique. Onctueuse et soyeuse, elle est\u00a0douce et non grasse.<br \/>\nEfficace pendant 24h, elle hydrate et lave les peaux fragiles et irrit\u00e9es sans les agresser.<br \/>\nSon grand format d\u20191 litre permet de prendre soin des peaux de toute la famille, y compris celles des b\u00e9b\u00e9s. Hypoallerg\u00e9nique, elle affiche une\u00a0haute tol\u00e9rance cutan\u00e9e\u00a0et ne pique pas les yeux.<br \/>\nL\u2019huile de douche Bioderma\u00a0a \u00e9t\u00e9 sp\u00e9cialement con\u00e7ue pour le\u00a0soin des peaux sensibles\u00a0au quotidien :<br \/>\nElle est ultra-nourrissante.<br \/>\nElle\u00a0apaise les irritations<br \/>\nElle r\u00e9duit les sensations de tiraillements et les d\u00e9mangeaisons.<br \/>\nElle nettoie et parfume la peau d\u00e9licatement.<br \/>\nElle prot\u00e8ge des agressions ext\u00e9rieures.<br \/>\nFormul\u00e9e sans paraben, sans savon ni conservateurs, l\u2019huile de douche Bioderma associe des ingr\u00e9dients efficaces \u00e0 des brevets exclusifs :<br \/>\nLes biolipides v\u00e9g\u00e9taux renforcent la peau en lui apportant les lipides n\u00e9cessaires \u00e0 l\u2019am\u00e9lioration de son film protecteur naturel.<br \/>\nLa vitamine PP stimule le m\u00e9canisme physiologique de synth\u00e8se des lipides pour favoriser la restructuration de la barri\u00e8re cutan\u00e9e indispensable au maintien de l&rsquo;hydratation.<br \/>\nLe brevet Skin Barrier Therapy\u2122 diminue la fixation du staphylocoque dor\u00e9 responsable de l\u2019aggravation des irritations cutan\u00e9es.<br \/>\nLe complexe brevet\u00e9 DAF augmente le seuil de tol\u00e9rance des peaux sensibles.<br \/>\nL\u2019huile de douche Atoderm de Bioderma redonne confort et douceur aux peaux les plus sensibles. Destin\u00e9e au soin des peaux s\u00e8ches et atopiques, elle les nourrit, les hydrate et les calme durablement.<br \/>\nConseils d&rsquo;utilisation :<br \/>\nUne \u00e0 deux fois par jour.<br \/>\n\u00c9tape 1 :\u00a0<br \/>\nPour la douche ou le bain, appliquer sur une peau mouill\u00e9e.<br \/>\n\u00c9tape 2 :\u00a0<br \/>\nRincer.<br \/>\n\u00c9tape 3 :\u00a0<br \/>\nPour encore plus d\u2019efficacit\u00e9, compl\u00e9ter avec un soin Atoderm.<br \/>\nEn cas de s\u00e9cheresse cutan\u00e9e persistante, consulter un professionnel de sant\u00e9.<\/p>\n<p>\u00a0<\/p>\n","protected":false},"excerpt":{"rendered":"<p>Bioderma Atoderm<br \/>\nHuile lavante relipidante paisante et anti-irritations<br \/>\nL\u2019huile de douche Bioderma\u00a0a \u00e9t\u00e9 sp\u00e9cialement con\u00e7ue pour le\u00a0soin des\u00a0peaux sensibles au quotidien ; elle est ultra-nourrissante, apaise les irritations, r\u00e9duit les sensations de tiraillements et les d\u00e9mangeaisons, nettoie et parfume la peau d\u00e9licatement et prot\u00e8ge des agressions ext\u00e9rieures.<br \/>\nPour toute la famille\u00a0<br \/>\nContenance disponibles\u00a0 : 1 litre &#8211; flacon de 200ml &#8211; tubde de 100ml<br \/>\nDLC: 6 mois apr\u00e8s ouverture du produit<\/p>\n","protected":false},"featured_media":1188,"comment_status":"open","ping_status":"closed","template":"","meta":[],"pwb-brand":[64],"product_cat":[143],"product_tag":[],"class_list":{"0":"post-1173","1":"product","2":"type-product","3":"status-publish","4":"has-post-thumbnail","6":"pwb-brand-bioderma","7":"product_cat-soins-hydratation","8":"post","9":"ws-product--style-1","11":"first","12":"instock","13":"shipping-taxable","14":"purchasable","15":"product-type-simple"},"yoast_head":"<!-- This site is optimized with the Yoast SEO plugin v23.0 - https:\/\/yoast.com\/wordpress\/plugins\/seo\/ -->\n<title>Huile de douche ultra-nourrissant - anti-irritations - Bioderma Atoderm - OrthoPara<\/title>\n<meta name=\"robots\" content=\"index, follow, max-snippet:-1, max-image-preview:large, max-video-preview:-1\" \/>\n<link rel=\"canonical\" href=\"https:\/\/orthopara.store\/index.php\/produit\/huile-de-douche-ultra-nourrissant-anti-irritations-bioderma-atoderm\/\" \/>\n<meta property=\"og:locale\" content=\"fr_FR\" \/>\n<meta property=\"og:type\" content=\"article\" \/>\n<meta property=\"og:title\" content=\"Huile de douche ultra-nourrissant - anti-irritations - Bioderma Atoderm - OrthoPara\" \/>\n<meta property=\"og:description\" content=\"Bioderma Atoderm Huile lavante relipidante paisante et anti-irritations L\u2019huile de douche Bioderma\u00a0a \u00e9t\u00e9 sp\u00e9cialement con\u00e7ue pour le\u00a0soin des\u00a0peaux sensibles au quotidien ; elle est ultra-nourrissante, apaise les irritations, r\u00e9duit les sensations de tiraillements et les d\u00e9mangeaisons, nettoie et parfume la peau d\u00e9licatement et prot\u00e8ge des agressions ext\u00e9rieures. Pour toute la famille\u00a0 Contenance disponibles\u00a0 : 1 litre - flacon de 200ml - tubde de 100ml DLC: 6 mois apr\u00e8s ouverture du produit\" \/>\n<meta property=\"og:url\" content=\"https:\/\/orthopara.store\/index.php\/produit\/huile-de-douche-ultra-nourrissant-anti-irritations-bioderma-atoderm\/\" \/>\n<meta property=\"og:site_name\" content=\"OrthoPara\" \/>\n<meta property=\"article:publisher\" content=\"https:\/\/www.facebook.com\/profile.php?id=61561194315651\" \/>\n<meta property=\"article:modified_time\" content=\"2024-06-28T13:52:05+00:00\" \/>\n<meta property=\"og:image\" content=\"https:\/\/orthopara.store\/wp-content\/uploads\/2024\/06\/huile-de-douche-ultra-nourrissant-anti-irritations-bioderma-atoderm.jpg\" \/>\n\t<meta property=\"og:image:width\" content=\"800\" \/>\n\t<meta property=\"og:image:height\" content=\"800\" \/>\n\t<meta property=\"og:image:type\" content=\"image\/jpeg\" \/>\n<meta name=\"twitter:card\" content=\"summary_large_image\" \/>\n<meta name=\"twitter:label1\" content=\"Dur\u00e9e de lecture estim\u00e9e\" \/>\n\t<meta name=\"twitter:data1\" content=\"2 minutes\" \/>\n<script type=\"application\/ld+json\" class=\"yoast-schema-graph\">{\"@context\":\"https:\/\/schema.org\",\"@graph\":[{\"@type\":\"WebPage\",\"@id\":\"https:\/\/orthopara.store\/index.php\/produit\/huile-de-douche-ultra-nourrissant-anti-irritations-bioderma-atoderm\/\",\"url\":\"https:\/\/orthopara.store\/index.php\/produit\/huile-de-douche-ultra-nourrissant-anti-irritations-bioderma-atoderm\/\",\"name\":\"Huile de douche ultra-nourrissant - anti-irritations - Bioderma Atoderm - OrthoPara\",\"isPartOf\":{\"@id\":\"https:\/\/orthopara.store\/#website\"},\"primaryImageOfPage\":{\"@id\":\"https:\/\/orthopara.store\/index.php\/produit\/huile-de-douche-ultra-nourrissant-anti-irritations-bioderma-atoderm\/#primaryimage\"},\"image\":{\"@id\":\"https:\/\/orthopara.store\/index.php\/produit\/huile-de-douche-ultra-nourrissant-anti-irritations-bioderma-atoderm\/#primaryimage\"},\"thumbnailUrl\":\"https:\/\/orthopara.store\/wp-content\/uploads\/2024\/06\/huile-de-douche-ultra-nourrissant-anti-irritations-bioderma-atoderm.jpg\",\"datePublished\":\"2024-06-28T13:52:02+00:00\",\"dateModified\":\"2024-06-28T13:52:05+00:00\",\"breadcrumb\":{\"@id\":\"https:\/\/orthopara.store\/index.php\/produit\/huile-de-douche-ultra-nourrissant-anti-irritations-bioderma-atoderm\/#breadcrumb\"},\"inLanguage\":\"fr-FR\",\"potentialAction\":[{\"@type\":\"ReadAction\",\"target\":[\"https:\/\/orthopara.store\/index.php\/produit\/huile-de-douche-ultra-nourrissant-anti-irritations-bioderma-atoderm\/\"]}]},{\"@type\":\"ImageObject\",\"inLanguage\":\"fr-FR\",\"@id\":\"https:\/\/orthopara.store\/index.php\/produit\/huile-de-douche-ultra-nourrissant-anti-irritations-bioderma-atoderm\/#primaryimage\",\"url\":\"https:\/\/orthopara.store\/wp-content\/uploads\/2024\/06\/huile-de-douche-ultra-nourrissant-anti-irritations-bioderma-atoderm.jpg\",\"contentUrl\":\"https:\/\/orthopara.store\/wp-content\/uploads\/2024\/06\/huile-de-douche-ultra-nourrissant-anti-irritations-bioderma-atoderm.jpg\",\"width\":800,\"height\":800},{\"@type\":\"BreadcrumbList\",\"@id\":\"https:\/\/orthopara.store\/index.php\/produit\/huile-de-douche-ultra-nourrissant-anti-irritations-bioderma-atoderm\/#breadcrumb\",\"itemListElement\":[{\"@type\":\"ListItem\",\"position\":1,\"name\":\"Accueil\",\"item\":\"https:\/\/orthopara.store\/\"},{\"@type\":\"ListItem\",\"position\":2,\"name\":\"Shop\",\"item\":\"https:\/\/orthopara.store\/?page_id=622\"},{\"@type\":\"ListItem\",\"position\":3,\"name\":\"Huile de douche ultra-nourrissant &#8211; anti-irritations &#8211; Bioderma Atoderm\"}]},{\"@type\":\"WebSite\",\"@id\":\"https:\/\/orthopara.store\/#website\",\"url\":\"https:\/\/orthopara.store\/\",\"name\":\"OrthoPara\",\"description\":\"Parapharmacie\",\"publisher\":{\"@id\":\"https:\/\/orthopara.store\/#organization\"},\"potentialAction\":[{\"@type\":\"SearchAction\",\"target\":{\"@type\":\"EntryPoint\",\"urlTemplate\":\"https:\/\/orthopara.store\/?s={search_term_string}\"},\"query-input\":\"required name=search_term_string\"}],\"inLanguage\":\"fr-FR\"},{\"@type\":\"Organization\",\"@id\":\"https:\/\/orthopara.store\/#organization\",\"name\":\"OrthoPara\",\"url\":\"https:\/\/orthopara.store\/\",\"logo\":{\"@type\":\"ImageObject\",\"inLanguage\":\"fr-FR\",\"@id\":\"https:\/\/orthopara.store\/#\/schema\/logo\/image\/\",\"url\":\"https:\/\/orthopara.store\/wp-content\/uploads\/2024\/06\/cropped-9ABA8BAD-6256-4719-9315-15C66E64E882.png\",\"contentUrl\":\"https:\/\/orthopara.store\/wp-content\/uploads\/2024\/06\/cropped-9ABA8BAD-6256-4719-9315-15C66E64E882.png\",\"width\":240,\"height\":72,\"caption\":\"OrthoPara\"},\"image\":{\"@id\":\"https:\/\/orthopara.store\/#\/schema\/logo\/image\/\"},\"sameAs\":[\"https:\/\/www.facebook.com\/profile.php?id=61561194315651\",\"https:\/\/www.instagram.com\/orthopara_tunisie\/\"]}]}<\/script>\n<!-- \/ Yoast SEO plugin. -->","yoast_head_json":{"title":"Huile de douche ultra-nourrissant - anti-irritations - Bioderma Atoderm - OrthoPara","robots":{"index":"index","follow":"follow","max-snippet":"max-snippet:-1","max-image-preview":"max-image-preview:large","max-video-preview":"max-video-preview:-1"},"canonical":"https:\/\/orthopara.store\/index.php\/produit\/huile-de-douche-ultra-nourrissant-anti-irritations-bioderma-atoderm\/","og_locale":"fr_FR","og_type":"article","og_title":"Huile de douche ultra-nourrissant - anti-irritations - Bioderma Atoderm - OrthoPara","og_description":"Bioderma Atoderm Huile lavante relipidante paisante et anti-irritations L\u2019huile de douche Bioderma\u00a0a \u00e9t\u00e9 sp\u00e9cialement con\u00e7ue pour le\u00a0soin des\u00a0peaux sensibles au quotidien ; elle est ultra-nourrissante, apaise les irritations, r\u00e9duit les sensations de tiraillements et les d\u00e9mangeaisons, nettoie et parfume la peau d\u00e9licatement et prot\u00e8ge des agressions ext\u00e9rieures. Pour toute la famille\u00a0 Contenance disponibles\u00a0 : 1 litre - flacon de 200ml - tubde de 100ml DLC: 6 mois apr\u00e8s ouverture du produit","og_url":"https:\/\/orthopara.store\/index.php\/produit\/huile-de-douche-ultra-nourrissant-anti-irritations-bioderma-atoderm\/","og_site_name":"OrthoPara","article_publisher":"https:\/\/www.facebook.com\/profile.php?id=61561194315651","article_modified_time":"2024-06-28T13:52:05+00:00","og_image":[{"width":800,"height":800,"url":"https:\/\/orthopara.store\/wp-content\/uploads\/2024\/06\/huile-de-douche-ultra-nourrissant-anti-irritations-bioderma-atoderm.jpg","type":"image\/jpeg"}],"twitter_card":"summary_large_image","twitter_misc":{"Dur\u00e9e de lecture estim\u00e9e":"2 minutes"},"schema":{"@context":"https:\/\/schema.org","@graph":[{"@type":"WebPage","@id":"https:\/\/orthopara.store\/index.php\/produit\/huile-de-douche-ultra-nourrissant-anti-irritations-bioderma-atoderm\/","url":"https:\/\/orthopara.store\/index.php\/produit\/huile-de-douche-ultra-nourrissant-anti-irritations-bioderma-atoderm\/","name":"Huile de douche ultra-nourrissant - anti-irritations - Bioderma Atoderm - OrthoPara","isPartOf":{"@id":"https:\/\/orthopara.store\/#website"},"primaryImageOfPage":{"@id":"https:\/\/orthopara.store\/index.php\/produit\/huile-de-douche-ultra-nourrissant-anti-irritations-bioderma-atoderm\/#primaryimage"},"image":{"@id":"https:\/\/orthopara.store\/index.php\/produit\/huile-de-douche-ultra-nourrissant-anti-irritations-bioderma-atoderm\/#primaryimage"},"thumbnailUrl":"https:\/\/orthopara.store\/wp-content\/uploads\/2024\/06\/huile-de-douche-ultra-nourrissant-anti-irritations-bioderma-atoderm.jpg","datePublished":"2024-06-28T13:52:02+00:00","dateModified":"2024-06-28T13:52:05+00:00","breadcrumb":{"@id":"https:\/\/orthopara.store\/index.php\/produit\/huile-de-douche-ultra-nourrissant-anti-irritations-bioderma-atoderm\/#breadcrumb"},"inLanguage":"fr-FR","potentialAction":[{"@type":"ReadAction","target":["https:\/\/orthopara.store\/index.php\/produit\/huile-de-douche-ultra-nourrissant-anti-irritations-bioderma-atoderm\/"]}]},{"@type":"ImageObject","inLanguage":"fr-FR","@id":"https:\/\/orthopara.store\/index.php\/produit\/huile-de-douche-ultra-nourrissant-anti-irritations-bioderma-atoderm\/#primaryimage","url":"https:\/\/orthopara.store\/wp-content\/uploads\/2024\/06\/huile-de-douche-ultra-nourrissant-anti-irritations-bioderma-atoderm.jpg","contentUrl":"https:\/\/orthopara.store\/wp-content\/uploads\/2024\/06\/huile-de-douche-ultra-nourrissant-anti-irritations-bioderma-atoderm.jpg","width":800,"height":800},{"@type":"BreadcrumbList","@id":"https:\/\/orthopara.store\/index.php\/produit\/huile-de-douche-ultra-nourrissant-anti-irritations-bioderma-atoderm\/#breadcrumb","itemListElement":[{"@type":"ListItem","position":1,"name":"Accueil","item":"https:\/\/orthopara.store\/"},{"@type":"ListItem","position":2,"name":"Shop","item":"https:\/\/orthopara.store\/?page_id=622"},{"@type":"ListItem","position":3,"name":"Huile de douche ultra-nourrissant &#8211; anti-irritations &#8211; Bioderma Atoderm"}]},{"@type":"WebSite","@id":"https:\/\/orthopara.store\/#website","url":"https:\/\/orthopara.store\/","name":"OrthoPara","description":"Parapharmacie","publisher":{"@id":"https:\/\/orthopara.store\/#organization"},"potentialAction":[{"@type":"SearchAction","target":{"@type":"EntryPoint","urlTemplate":"https:\/\/orthopara.store\/?s={search_term_string}"},"query-input":"required name=search_term_string"}],"inLanguage":"fr-FR"},{"@type":"Organization","@id":"https:\/\/orthopara.store\/#organization","name":"OrthoPara","url":"https:\/\/orthopara.store\/","logo":{"@type":"ImageObject","inLanguage":"fr-FR","@id":"https:\/\/orthopara.store\/#\/schema\/logo\/image\/","url":"https:\/\/orthopara.store\/wp-content\/uploads\/2024\/06\/cropped-9ABA8BAD-6256-4719-9315-15C66E64E882.png","contentUrl":"https:\/\/orthopara.store\/wp-content\/uploads\/2024\/06\/cropped-9ABA8BAD-6256-4719-9315-15C66E64E882.png","width":240,"height":72,"caption":"OrthoPara"},"image":{"@id":"https:\/\/orthopara.store\/#\/schema\/logo\/image\/"},"sameAs":["https:\/\/www.facebook.com\/profile.php?id=61561194315651","https:\/\/www.instagram.com\/orthopara_tunisie\/"]}]}},"jetpack_sharing_enabled":true,"brands":[{"id":64,"name":"BIODERMA","slug":"bioderma"}],"_links":{"self":[{"href":"https:\/\/orthopara.store\/index.php?rest_route=\/wp\/v2\/product\/1173","targetHints":{"allow":["GET"]}}],"collection":[{"href":"https:\/\/orthopara.store\/index.php?rest_route=\/wp\/v2\/product"}],"about":[{"href":"https:\/\/orthopara.store\/index.php?rest_route=\/wp\/v2\/types\/product"}],"replies":[{"embeddable":true,"href":"https:\/\/orthopara.store\/index.php?rest_route=%2Fwp%2Fv2%2Fcomments&post=1173"}],"wp:featuredmedia":[{"embeddable":true,"href":"https:\/\/orthopara.store\/index.php?rest_route=\/wp\/v2\/media\/1188"}],"wp:attachment":[{"href":"https:\/\/orthopara.store\/index.php?rest_route=%2Fwp%2Fv2%2Fmedia&parent=1173"}],"wp:term":[{"taxonomy":"pwb-brand","embeddable":true,"href":"https:\/\/orthopara.store\/index.php?rest_route=%2Fwp%2Fv2%2Fpwb-brand&post=1173"},{"taxonomy":"product_cat","embeddable":true,"href":"https:\/\/orthopara.store\/index.php?rest_route=%2Fwp%2Fv2%2Fproduct_cat&post=1173"},{"taxonomy":"product_tag","embeddable":true,"href":"https:\/\/orthopara.store\/index.php?rest_route=%2Fwp%2Fv2%2Fproduct_tag&post=1173"}],"curies":[{"name":"wp","href":"https:\/\/api.w.org\/{rel}","templated":true}]}}