{"id":1178,"date":"2024-06-28T15:52:02","date_gmt":"2024-06-28T13:52:02","guid":{"rendered":"https:\/\/orthopara.store\/?post_type=product&#038;p=1178"},"modified":"2024-06-28T15:52:07","modified_gmt":"2024-06-28T13:52:07","slug":"lotion-hydratante-pour-le-corps-roncey-bepantol-200ml","status":"publish","type":"product","link":"https:\/\/orthopara.store\/?product=lotion-hydratante-pour-le-corps-roncey-bepantol-200ml","title":{"rendered":"Lotion hydratante pour le corps &#8211; Roncey Bepantol &#8211; 200ml"},"content":{"rendered":"<p>Lotion hydratante pour le corps &#8211; Roncey Bepantol &#8211; 200ml<br \/>\nL\u00e9ger, vite appliqu\u00e9 et vite absorb\u00e9, le lait pour le corps Bepantol vous accompagne au quotidien pour hydrater tout votre corps. La peau devient imm\u00e9diatement lisse, plus soyeuse et revitalis\u00e9e. Un subtil parfum frais et d\u00e9licat enveloppe le corps. Imm\u00e9diatement absorb\u00e9, sans effet gras, sa texture l\u00e9g\u00e8re permet de s&rsquo;habiller rapidement.<br \/>\nConseil d&rsquo;utilisation :<br \/>\nAppliquer quotidiennement sur le corps, sur une peau propre et s\u00e8che. Verser le lait dans la paume de votre main et l&rsquo;appliquer sur tout le corps.<br \/>\nIngr\u00e9dients :<br \/>\nAqua, Cetearyl alcool, Petrolatum, Liquidum, Paraffinum Glycerin, Prunus Amygdalus Dulcis Oil, Panthenol, Indicum Propylene Sesamum Seed Oil, Butyrospermum Butter, Glycol, Parkii Dimethicone, Polysorbate-20, Ceteareth-25, Potassuim Sorbate, Soduim Benzoate, Tocopheryl Ac et t e Acrylates\/Acrylamide Copolymer, Polysorbate 85, Fragrance.<\/p>\n","protected":false},"excerpt":{"rendered":"<p>Roncey Bepantol\u00a0<br \/>\nProfitez de moments de soins raffin\u00e9s et offrez \u00e0 votre peau les soins qu&rsquo;elle m\u00e9rite avec Bepantol Body Lotion.\u00a0<br \/>\nLe lait corporel hydratant Bepantol, hydrate, nourrit et apaise la peau. Sa texture est l\u00e9g\u00e8re et rapidement absorb\u00e9e, avec une formule efficace qui contient; l&rsquo;huile d&rsquo;amande douce, de s\u00e9same, la beurre de karit\u00e9, la Vitamine E, la provitamine B5. Il vous apporte une douceur parfaite pour votre peau<br \/>\nContenance : 200ml<\/p>\n","protected":false},"featured_media":1193,"comment_status":"open","ping_status":"closed","template":"","meta":[],"pwb-brand":[53],"product_cat":[143],"product_tag":[],"class_list":{"0":"post-1178","1":"product","2":"type-product","3":"status-publish","4":"has-post-thumbnail","6":"pwb-brand-roncey-pharma","7":"product_cat-soins-hydratation","8":"post","9":"ws-product--style-1","11":"first","12":"instock","13":"shipping-taxable","14":"purchasable","15":"product-type-simple"},"yoast_head":"<!-- This site is optimized with the Yoast SEO plugin v23.0 - https:\/\/yoast.com\/wordpress\/plugins\/seo\/ -->\n<title>Lotion hydratante pour le corps - Roncey Bepantol - 200ml - OrthoPara<\/title>\n<meta name=\"robots\" content=\"index, follow, max-snippet:-1, max-image-preview:large, max-video-preview:-1\" \/>\n<link rel=\"canonical\" href=\"https:\/\/orthopara.store\/index.php\/produit\/lotion-hydratante-pour-le-corps-roncey-bepantol-200ml\/\" \/>\n<meta property=\"og:locale\" content=\"fr_FR\" \/>\n<meta property=\"og:type\" content=\"article\" \/>\n<meta property=\"og:title\" content=\"Lotion hydratante pour le corps - Roncey Bepantol - 200ml - OrthoPara\" \/>\n<meta property=\"og:description\" content=\"Roncey Bepantol\u00a0 Profitez de moments de soins raffin\u00e9s et offrez \u00e0 votre peau les soins qu&#039;elle m\u00e9rite avec Bepantol Body Lotion.\u00a0 Le lait corporel hydratant Bepantol, hydrate, nourrit et apaise la peau. Sa texture est l\u00e9g\u00e8re et rapidement absorb\u00e9e, avec une formule efficace qui contient; l&#039;huile d&#039;amande douce, de s\u00e9same, la beurre de karit\u00e9, la Vitamine E, la provitamine B5. Il vous apporte une douceur parfaite pour votre peau Contenance : 200ml\" \/>\n<meta property=\"og:url\" content=\"https:\/\/orthopara.store\/index.php\/produit\/lotion-hydratante-pour-le-corps-roncey-bepantol-200ml\/\" \/>\n<meta property=\"og:site_name\" content=\"OrthoPara\" \/>\n<meta property=\"article:publisher\" content=\"https:\/\/www.facebook.com\/profile.php?id=61561194315651\" \/>\n<meta property=\"article:modified_time\" content=\"2024-06-28T13:52:07+00:00\" \/>\n<meta property=\"og:image\" content=\"https:\/\/orthopara.store\/wp-content\/uploads\/2024\/06\/lotion-hydratante-pour-le-corps-roncey-bepantol-200ml.jpg\" \/>\n\t<meta property=\"og:image:width\" content=\"800\" \/>\n\t<meta property=\"og:image:height\" content=\"800\" \/>\n\t<meta property=\"og:image:type\" content=\"image\/jpeg\" \/>\n<meta name=\"twitter:card\" content=\"summary_large_image\" \/>\n<meta name=\"twitter:label1\" content=\"Dur\u00e9e de lecture estim\u00e9e\" \/>\n\t<meta name=\"twitter:data1\" content=\"1 minute\" \/>\n<script type=\"application\/ld+json\" class=\"yoast-schema-graph\">{\"@context\":\"https:\/\/schema.org\",\"@graph\":[{\"@type\":\"WebPage\",\"@id\":\"https:\/\/orthopara.store\/index.php\/produit\/lotion-hydratante-pour-le-corps-roncey-bepantol-200ml\/\",\"url\":\"https:\/\/orthopara.store\/index.php\/produit\/lotion-hydratante-pour-le-corps-roncey-bepantol-200ml\/\",\"name\":\"Lotion hydratante pour le corps - Roncey Bepantol - 200ml - OrthoPara\",\"isPartOf\":{\"@id\":\"https:\/\/orthopara.store\/#website\"},\"primaryImageOfPage\":{\"@id\":\"https:\/\/orthopara.store\/index.php\/produit\/lotion-hydratante-pour-le-corps-roncey-bepantol-200ml\/#primaryimage\"},\"image\":{\"@id\":\"https:\/\/orthopara.store\/index.php\/produit\/lotion-hydratante-pour-le-corps-roncey-bepantol-200ml\/#primaryimage\"},\"thumbnailUrl\":\"https:\/\/orthopara.store\/wp-content\/uploads\/2024\/06\/lotion-hydratante-pour-le-corps-roncey-bepantol-200ml.jpg\",\"datePublished\":\"2024-06-28T13:52:02+00:00\",\"dateModified\":\"2024-06-28T13:52:07+00:00\",\"breadcrumb\":{\"@id\":\"https:\/\/orthopara.store\/index.php\/produit\/lotion-hydratante-pour-le-corps-roncey-bepantol-200ml\/#breadcrumb\"},\"inLanguage\":\"fr-FR\",\"potentialAction\":[{\"@type\":\"ReadAction\",\"target\":[\"https:\/\/orthopara.store\/index.php\/produit\/lotion-hydratante-pour-le-corps-roncey-bepantol-200ml\/\"]}]},{\"@type\":\"ImageObject\",\"inLanguage\":\"fr-FR\",\"@id\":\"https:\/\/orthopara.store\/index.php\/produit\/lotion-hydratante-pour-le-corps-roncey-bepantol-200ml\/#primaryimage\",\"url\":\"https:\/\/orthopara.store\/wp-content\/uploads\/2024\/06\/lotion-hydratante-pour-le-corps-roncey-bepantol-200ml.jpg\",\"contentUrl\":\"https:\/\/orthopara.store\/wp-content\/uploads\/2024\/06\/lotion-hydratante-pour-le-corps-roncey-bepantol-200ml.jpg\",\"width\":800,\"height\":800},{\"@type\":\"BreadcrumbList\",\"@id\":\"https:\/\/orthopara.store\/index.php\/produit\/lotion-hydratante-pour-le-corps-roncey-bepantol-200ml\/#breadcrumb\",\"itemListElement\":[{\"@type\":\"ListItem\",\"position\":1,\"name\":\"Accueil\",\"item\":\"https:\/\/orthopara.store\/\"},{\"@type\":\"ListItem\",\"position\":2,\"name\":\"Shop\",\"item\":\"https:\/\/orthopara.store\/?page_id=622\"},{\"@type\":\"ListItem\",\"position\":3,\"name\":\"Lotion hydratante pour le corps &#8211; Roncey Bepantol &#8211; 200ml\"}]},{\"@type\":\"WebSite\",\"@id\":\"https:\/\/orthopara.store\/#website\",\"url\":\"https:\/\/orthopara.store\/\",\"name\":\"OrthoPara\",\"description\":\"Parapharmacie\",\"publisher\":{\"@id\":\"https:\/\/orthopara.store\/#organization\"},\"potentialAction\":[{\"@type\":\"SearchAction\",\"target\":{\"@type\":\"EntryPoint\",\"urlTemplate\":\"https:\/\/orthopara.store\/?s={search_term_string}\"},\"query-input\":\"required name=search_term_string\"}],\"inLanguage\":\"fr-FR\"},{\"@type\":\"Organization\",\"@id\":\"https:\/\/orthopara.store\/#organization\",\"name\":\"OrthoPara\",\"url\":\"https:\/\/orthopara.store\/\",\"logo\":{\"@type\":\"ImageObject\",\"inLanguage\":\"fr-FR\",\"@id\":\"https:\/\/orthopara.store\/#\/schema\/logo\/image\/\",\"url\":\"https:\/\/orthopara.store\/wp-content\/uploads\/2024\/06\/cropped-9ABA8BAD-6256-4719-9315-15C66E64E882.png\",\"contentUrl\":\"https:\/\/orthopara.store\/wp-content\/uploads\/2024\/06\/cropped-9ABA8BAD-6256-4719-9315-15C66E64E882.png\",\"width\":240,\"height\":72,\"caption\":\"OrthoPara\"},\"image\":{\"@id\":\"https:\/\/orthopara.store\/#\/schema\/logo\/image\/\"},\"sameAs\":[\"https:\/\/www.facebook.com\/profile.php?id=61561194315651\",\"https:\/\/www.instagram.com\/orthopara_tunisie\/\"]}]}<\/script>\n<!-- \/ Yoast SEO plugin. -->","yoast_head_json":{"title":"Lotion hydratante pour le corps - Roncey Bepantol - 200ml - OrthoPara","robots":{"index":"index","follow":"follow","max-snippet":"max-snippet:-1","max-image-preview":"max-image-preview:large","max-video-preview":"max-video-preview:-1"},"canonical":"https:\/\/orthopara.store\/index.php\/produit\/lotion-hydratante-pour-le-corps-roncey-bepantol-200ml\/","og_locale":"fr_FR","og_type":"article","og_title":"Lotion hydratante pour le corps - Roncey Bepantol - 200ml - OrthoPara","og_description":"Roncey Bepantol\u00a0 Profitez de moments de soins raffin\u00e9s et offrez \u00e0 votre peau les soins qu'elle m\u00e9rite avec Bepantol Body Lotion.\u00a0 Le lait corporel hydratant Bepantol, hydrate, nourrit et apaise la peau. Sa texture est l\u00e9g\u00e8re et rapidement absorb\u00e9e, avec une formule efficace qui contient; l'huile d'amande douce, de s\u00e9same, la beurre de karit\u00e9, la Vitamine E, la provitamine B5. Il vous apporte une douceur parfaite pour votre peau Contenance : 200ml","og_url":"https:\/\/orthopara.store\/index.php\/produit\/lotion-hydratante-pour-le-corps-roncey-bepantol-200ml\/","og_site_name":"OrthoPara","article_publisher":"https:\/\/www.facebook.com\/profile.php?id=61561194315651","article_modified_time":"2024-06-28T13:52:07+00:00","og_image":[{"width":800,"height":800,"url":"https:\/\/orthopara.store\/wp-content\/uploads\/2024\/06\/lotion-hydratante-pour-le-corps-roncey-bepantol-200ml.jpg","type":"image\/jpeg"}],"twitter_card":"summary_large_image","twitter_misc":{"Dur\u00e9e de lecture estim\u00e9e":"1 minute"},"schema":{"@context":"https:\/\/schema.org","@graph":[{"@type":"WebPage","@id":"https:\/\/orthopara.store\/index.php\/produit\/lotion-hydratante-pour-le-corps-roncey-bepantol-200ml\/","url":"https:\/\/orthopara.store\/index.php\/produit\/lotion-hydratante-pour-le-corps-roncey-bepantol-200ml\/","name":"Lotion hydratante pour le corps - Roncey Bepantol - 200ml - OrthoPara","isPartOf":{"@id":"https:\/\/orthopara.store\/#website"},"primaryImageOfPage":{"@id":"https:\/\/orthopara.store\/index.php\/produit\/lotion-hydratante-pour-le-corps-roncey-bepantol-200ml\/#primaryimage"},"image":{"@id":"https:\/\/orthopara.store\/index.php\/produit\/lotion-hydratante-pour-le-corps-roncey-bepantol-200ml\/#primaryimage"},"thumbnailUrl":"https:\/\/orthopara.store\/wp-content\/uploads\/2024\/06\/lotion-hydratante-pour-le-corps-roncey-bepantol-200ml.jpg","datePublished":"2024-06-28T13:52:02+00:00","dateModified":"2024-06-28T13:52:07+00:00","breadcrumb":{"@id":"https:\/\/orthopara.store\/index.php\/produit\/lotion-hydratante-pour-le-corps-roncey-bepantol-200ml\/#breadcrumb"},"inLanguage":"fr-FR","potentialAction":[{"@type":"ReadAction","target":["https:\/\/orthopara.store\/index.php\/produit\/lotion-hydratante-pour-le-corps-roncey-bepantol-200ml\/"]}]},{"@type":"ImageObject","inLanguage":"fr-FR","@id":"https:\/\/orthopara.store\/index.php\/produit\/lotion-hydratante-pour-le-corps-roncey-bepantol-200ml\/#primaryimage","url":"https:\/\/orthopara.store\/wp-content\/uploads\/2024\/06\/lotion-hydratante-pour-le-corps-roncey-bepantol-200ml.jpg","contentUrl":"https:\/\/orthopara.store\/wp-content\/uploads\/2024\/06\/lotion-hydratante-pour-le-corps-roncey-bepantol-200ml.jpg","width":800,"height":800},{"@type":"BreadcrumbList","@id":"https:\/\/orthopara.store\/index.php\/produit\/lotion-hydratante-pour-le-corps-roncey-bepantol-200ml\/#breadcrumb","itemListElement":[{"@type":"ListItem","position":1,"name":"Accueil","item":"https:\/\/orthopara.store\/"},{"@type":"ListItem","position":2,"name":"Shop","item":"https:\/\/orthopara.store\/?page_id=622"},{"@type":"ListItem","position":3,"name":"Lotion hydratante pour le corps &#8211; Roncey Bepantol &#8211; 200ml"}]},{"@type":"WebSite","@id":"https:\/\/orthopara.store\/#website","url":"https:\/\/orthopara.store\/","name":"OrthoPara","description":"Parapharmacie","publisher":{"@id":"https:\/\/orthopara.store\/#organization"},"potentialAction":[{"@type":"SearchAction","target":{"@type":"EntryPoint","urlTemplate":"https:\/\/orthopara.store\/?s={search_term_string}"},"query-input":"required name=search_term_string"}],"inLanguage":"fr-FR"},{"@type":"Organization","@id":"https:\/\/orthopara.store\/#organization","name":"OrthoPara","url":"https:\/\/orthopara.store\/","logo":{"@type":"ImageObject","inLanguage":"fr-FR","@id":"https:\/\/orthopara.store\/#\/schema\/logo\/image\/","url":"https:\/\/orthopara.store\/wp-content\/uploads\/2024\/06\/cropped-9ABA8BAD-6256-4719-9315-15C66E64E882.png","contentUrl":"https:\/\/orthopara.store\/wp-content\/uploads\/2024\/06\/cropped-9ABA8BAD-6256-4719-9315-15C66E64E882.png","width":240,"height":72,"caption":"OrthoPara"},"image":{"@id":"https:\/\/orthopara.store\/#\/schema\/logo\/image\/"},"sameAs":["https:\/\/www.facebook.com\/profile.php?id=61561194315651","https:\/\/www.instagram.com\/orthopara_tunisie\/"]}]}},"jetpack_sharing_enabled":true,"brands":[{"id":53,"name":"Roncey Pharma","slug":"roncey-pharma"}],"_links":{"self":[{"href":"https:\/\/orthopara.store\/index.php?rest_route=\/wp\/v2\/product\/1178","targetHints":{"allow":["GET"]}}],"collection":[{"href":"https:\/\/orthopara.store\/index.php?rest_route=\/wp\/v2\/product"}],"about":[{"href":"https:\/\/orthopara.store\/index.php?rest_route=\/wp\/v2\/types\/product"}],"replies":[{"embeddable":true,"href":"https:\/\/orthopara.store\/index.php?rest_route=%2Fwp%2Fv2%2Fcomments&post=1178"}],"wp:featuredmedia":[{"embeddable":true,"href":"https:\/\/orthopara.store\/index.php?rest_route=\/wp\/v2\/media\/1193"}],"wp:attachment":[{"href":"https:\/\/orthopara.store\/index.php?rest_route=%2Fwp%2Fv2%2Fmedia&parent=1178"}],"wp:term":[{"taxonomy":"pwb-brand","embeddable":true,"href":"https:\/\/orthopara.store\/index.php?rest_route=%2Fwp%2Fv2%2Fpwb-brand&post=1178"},{"taxonomy":"product_cat","embeddable":true,"href":"https:\/\/orthopara.store\/index.php?rest_route=%2Fwp%2Fv2%2Fproduct_cat&post=1178"},{"taxonomy":"product_tag","embeddable":true,"href":"https:\/\/orthopara.store\/index.php?rest_route=%2Fwp%2Fv2%2Fproduct_tag&post=1178"}],"curies":[{"name":"wp","href":"https:\/\/api.w.org\/{rel}","templated":true}]}}