{"id":1180,"date":"2024-06-28T15:52:03","date_gmt":"2024-06-28T13:52:03","guid":{"rendered":"https:\/\/orthopara.store\/?post_type=product&#038;p=1180"},"modified":"2024-06-28T15:52:08","modified_gmt":"2024-06-28T13:52:08","slug":"lait-corporel-toucher-soyeux-loramel-ureave-250ml","status":"publish","type":"product","link":"https:\/\/orthopara.store\/?product=lait-corporel-toucher-soyeux-loramel-ureave-250ml","title":{"rendered":"Lait corporel toucher soyeux &#8211; L&rsquo;Oramel Ureave &#8211; 250ml"},"content":{"rendered":"<p>Lait corporel toucher soyeux &#8211; L&rsquo;Oramel Ureave &#8211; 250ml<br \/>\nLe lait corporel ultra-hydratant Ureave de L&rsquo;Oramel est un soin quotidien nourrissant qui renforce le film hydrolipidique de la peau et procure douceur et souplesse \u00e0 l&rsquo;\u00e9piderme.<br \/>\nGr\u00e2ce \u00e0 sa formule concentr\u00e9e en actifs hydratants contenant l&rsquo;ur\u00e9e, le panth\u00e9nol, la vitamine E et l&rsquo; Aloe Vera, il apaise les sensations de tiraillements, r\u00e9pare la peau craquel\u00e9e et apporte un confort cutan\u00e9 optimal.<br \/>\nGr\u00e2ce \u00e0 sa texture fluide, non grasse et non collante, le lait corporel ultra-hydratant Ureave de L&rsquo;Oramel\u00a0p\u00e9n\u00e8tre instantan\u00e9ment pour un habillage imm\u00e9diat apr\u00e8s application. La peau reste douce et parfum\u00e9e tout au long de la journ\u00e9e.<br \/>\nB\u00e9n\u00e9fices :<br \/>\nProt\u00e8ge de la d\u00e9shydratation et favorise l&rsquo;\u00e9quilibre des fonctions de peau.<br \/>\nNourrit la peau en profondeur.<br \/>\nLutte contre la s\u00e9cheresse cutan\u00e9e.<br \/>\nHydrate intens\u00e9ment la peau.<\/p>\n<p>Procure une sensation de douceur, de confort et de bien-\u00eatre.<\/p>\n<p>Principes actifs :<br \/>\nUrea, Huile d&rsquo;abricot, Lait de ch\u00e8vre, Vitamine E, D-panth\u00e9nol, Extrait d&rsquo;al\u00e9o vera, Extrait d&rsquo;arnica, Extrait d&rsquo;hammam\u00e9lis<br \/>\nCaract\u00e9ristiques physico-chimiques :<br \/>\npH :5,5+\/0,5<br \/>\nDensit\u00e9 (g\/ml 20\u00b0C) :0;86<br \/>\nConseils d&rsquo;utilisation :<br \/>\nAppliquer le lait corporel ultra-hydratant Ureave de L&rsquo;Oramel\u00a0sur le corps aussi souvent que n\u00e9cessaire en massant d\u00e9licatement jusqu&rsquo;\u00e0 absorption compl\u00e8te.<br \/>\nPour une routine beaut\u00e9 optimale, utiliser le lait corporel ultra-hydratant Ureave de L&rsquo;Oramel\u00a0en association avec la mousse de douche UREAVE de L&rsquo;ORAMEL.<br \/>\nIngredients (INCI) :<br \/>\nAqua, Urea, Cyclopentasiloxaile, cetearyl alcohol, potassium cetyl phosphate, lsopropyl Myristate, Prunus armeniaca kemel oil, Cyclopentasiloxane {and) Dimethicone Crosspolyrner, Decyl Isostearate ,lsostearyl Isostearate , Imperata Cylindrica Root Extraet {and) Aqua {and) Glycerin {and) PEG-8, Caprae Lac,panth\u00e9nol, Steareth-2, Steareth-21, Phenoxyethanol, Ethylhexylglycerin, Polysorbate 20, sorbitan sesquioleate, Hamam\u00e9lis Virginiana Extract, Arnica Montana Flower Extract, Tocopherol, Fragrance.<\/p>\n","protected":false},"excerpt":{"rendered":"<p>L&rsquo;Oramel Ureave<br \/>\nLait corporel toucher soyeux &#8211; ultra-hydratant<br \/>\nApaise les sensations de tiraillements.\u00a0<br \/>\nR\u00e9pare la peau craquel\u00e9e.<br \/>\nApporte un confort cutan\u00e9 optimal<\/p>\n<p>Ur\u00e9e : 10%<br \/>\nType de peau : Peaux s\u00e8ches<br \/>\nPr\u00e9sentation : Flacon 250 mL en PET muni d&rsquo;une pompe<\/p>\n","protected":false},"featured_media":1195,"comment_status":"open","ping_status":"closed","template":"","meta":[],"pwb-brand":[71],"product_cat":[143],"product_tag":[],"class_list":{"0":"post-1180","1":"product","2":"type-product","3":"status-publish","4":"has-post-thumbnail","6":"pwb-brand-loramel","7":"product_cat-soins-hydratation","8":"post","9":"ws-product--style-1","11":"first","12":"instock","13":"shipping-taxable","14":"purchasable","15":"product-type-simple"},"yoast_head":"<!-- This site is optimized with the Yoast SEO plugin v23.0 - https:\/\/yoast.com\/wordpress\/plugins\/seo\/ -->\n<title>Lait corporel toucher soyeux - L&#039;Oramel Ureave - 250ml - OrthoPara<\/title>\n<meta name=\"robots\" content=\"index, follow, max-snippet:-1, max-image-preview:large, max-video-preview:-1\" \/>\n<link rel=\"canonical\" href=\"https:\/\/orthopara.store\/index.php\/produit\/lait-corporel-toucher-soyeux-loramel-ureave-250ml\/\" \/>\n<meta property=\"og:locale\" content=\"fr_FR\" \/>\n<meta property=\"og:type\" content=\"article\" \/>\n<meta property=\"og:title\" content=\"Lait corporel toucher soyeux - L&#039;Oramel Ureave - 250ml - OrthoPara\" \/>\n<meta property=\"og:description\" content=\"L&#039;Oramel Ureave Lait corporel toucher soyeux - ultra-hydratant Apaise les sensations de tiraillements.\u00a0 R\u00e9pare la peau craquel\u00e9e. Apporte un confort cutan\u00e9 optimal Ur\u00e9e : 10% Type de peau : Peaux s\u00e8ches Pr\u00e9sentation : Flacon 250 mL en PET muni d&#039;une pompe\" \/>\n<meta property=\"og:url\" content=\"https:\/\/orthopara.store\/index.php\/produit\/lait-corporel-toucher-soyeux-loramel-ureave-250ml\/\" \/>\n<meta property=\"og:site_name\" content=\"OrthoPara\" \/>\n<meta property=\"article:publisher\" content=\"https:\/\/www.facebook.com\/profile.php?id=61561194315651\" \/>\n<meta property=\"article:modified_time\" content=\"2024-06-28T13:52:08+00:00\" \/>\n<meta property=\"og:image\" content=\"https:\/\/orthopara.store\/wp-content\/uploads\/2024\/06\/lait-corporel-toucher-soyeux-l-oramel-ureave-250ml.jpg\" \/>\n\t<meta property=\"og:image:width\" content=\"800\" \/>\n\t<meta property=\"og:image:height\" content=\"800\" \/>\n\t<meta property=\"og:image:type\" content=\"image\/jpeg\" \/>\n<meta name=\"twitter:card\" content=\"summary_large_image\" \/>\n<meta name=\"twitter:label1\" content=\"Dur\u00e9e de lecture estim\u00e9e\" \/>\n\t<meta name=\"twitter:data1\" content=\"1 minute\" \/>\n<script type=\"application\/ld+json\" class=\"yoast-schema-graph\">{\"@context\":\"https:\/\/schema.org\",\"@graph\":[{\"@type\":\"WebPage\",\"@id\":\"https:\/\/orthopara.store\/index.php\/produit\/lait-corporel-toucher-soyeux-loramel-ureave-250ml\/\",\"url\":\"https:\/\/orthopara.store\/index.php\/produit\/lait-corporel-toucher-soyeux-loramel-ureave-250ml\/\",\"name\":\"Lait corporel toucher soyeux - L'Oramel Ureave - 250ml - OrthoPara\",\"isPartOf\":{\"@id\":\"https:\/\/orthopara.store\/#website\"},\"primaryImageOfPage\":{\"@id\":\"https:\/\/orthopara.store\/index.php\/produit\/lait-corporel-toucher-soyeux-loramel-ureave-250ml\/#primaryimage\"},\"image\":{\"@id\":\"https:\/\/orthopara.store\/index.php\/produit\/lait-corporel-toucher-soyeux-loramel-ureave-250ml\/#primaryimage\"},\"thumbnailUrl\":\"https:\/\/orthopara.store\/wp-content\/uploads\/2024\/06\/lait-corporel-toucher-soyeux-l-oramel-ureave-250ml.jpg\",\"datePublished\":\"2024-06-28T13:52:03+00:00\",\"dateModified\":\"2024-06-28T13:52:08+00:00\",\"breadcrumb\":{\"@id\":\"https:\/\/orthopara.store\/index.php\/produit\/lait-corporel-toucher-soyeux-loramel-ureave-250ml\/#breadcrumb\"},\"inLanguage\":\"fr-FR\",\"potentialAction\":[{\"@type\":\"ReadAction\",\"target\":[\"https:\/\/orthopara.store\/index.php\/produit\/lait-corporel-toucher-soyeux-loramel-ureave-250ml\/\"]}]},{\"@type\":\"ImageObject\",\"inLanguage\":\"fr-FR\",\"@id\":\"https:\/\/orthopara.store\/index.php\/produit\/lait-corporel-toucher-soyeux-loramel-ureave-250ml\/#primaryimage\",\"url\":\"https:\/\/orthopara.store\/wp-content\/uploads\/2024\/06\/lait-corporel-toucher-soyeux-l-oramel-ureave-250ml.jpg\",\"contentUrl\":\"https:\/\/orthopara.store\/wp-content\/uploads\/2024\/06\/lait-corporel-toucher-soyeux-l-oramel-ureave-250ml.jpg\",\"width\":800,\"height\":800},{\"@type\":\"BreadcrumbList\",\"@id\":\"https:\/\/orthopara.store\/index.php\/produit\/lait-corporel-toucher-soyeux-loramel-ureave-250ml\/#breadcrumb\",\"itemListElement\":[{\"@type\":\"ListItem\",\"position\":1,\"name\":\"Accueil\",\"item\":\"https:\/\/orthopara.store\/\"},{\"@type\":\"ListItem\",\"position\":2,\"name\":\"Shop\",\"item\":\"https:\/\/orthopara.store\/?page_id=622\"},{\"@type\":\"ListItem\",\"position\":3,\"name\":\"Lait corporel toucher soyeux &#8211; L&rsquo;Oramel Ureave &#8211; 250ml\"}]},{\"@type\":\"WebSite\",\"@id\":\"https:\/\/orthopara.store\/#website\",\"url\":\"https:\/\/orthopara.store\/\",\"name\":\"OrthoPara\",\"description\":\"Parapharmacie\",\"publisher\":{\"@id\":\"https:\/\/orthopara.store\/#organization\"},\"potentialAction\":[{\"@type\":\"SearchAction\",\"target\":{\"@type\":\"EntryPoint\",\"urlTemplate\":\"https:\/\/orthopara.store\/?s={search_term_string}\"},\"query-input\":\"required name=search_term_string\"}],\"inLanguage\":\"fr-FR\"},{\"@type\":\"Organization\",\"@id\":\"https:\/\/orthopara.store\/#organization\",\"name\":\"OrthoPara\",\"url\":\"https:\/\/orthopara.store\/\",\"logo\":{\"@type\":\"ImageObject\",\"inLanguage\":\"fr-FR\",\"@id\":\"https:\/\/orthopara.store\/#\/schema\/logo\/image\/\",\"url\":\"https:\/\/orthopara.store\/wp-content\/uploads\/2024\/06\/cropped-9ABA8BAD-6256-4719-9315-15C66E64E882.png\",\"contentUrl\":\"https:\/\/orthopara.store\/wp-content\/uploads\/2024\/06\/cropped-9ABA8BAD-6256-4719-9315-15C66E64E882.png\",\"width\":240,\"height\":72,\"caption\":\"OrthoPara\"},\"image\":{\"@id\":\"https:\/\/orthopara.store\/#\/schema\/logo\/image\/\"},\"sameAs\":[\"https:\/\/www.facebook.com\/profile.php?id=61561194315651\",\"https:\/\/www.instagram.com\/orthopara_tunisie\/\"]}]}<\/script>\n<!-- \/ Yoast SEO plugin. -->","yoast_head_json":{"title":"Lait corporel toucher soyeux - L'Oramel Ureave - 250ml - OrthoPara","robots":{"index":"index","follow":"follow","max-snippet":"max-snippet:-1","max-image-preview":"max-image-preview:large","max-video-preview":"max-video-preview:-1"},"canonical":"https:\/\/orthopara.store\/index.php\/produit\/lait-corporel-toucher-soyeux-loramel-ureave-250ml\/","og_locale":"fr_FR","og_type":"article","og_title":"Lait corporel toucher soyeux - L'Oramel Ureave - 250ml - OrthoPara","og_description":"L'Oramel Ureave Lait corporel toucher soyeux - ultra-hydratant Apaise les sensations de tiraillements.\u00a0 R\u00e9pare la peau craquel\u00e9e. Apporte un confort cutan\u00e9 optimal Ur\u00e9e : 10% Type de peau : Peaux s\u00e8ches Pr\u00e9sentation : Flacon 250 mL en PET muni d'une pompe","og_url":"https:\/\/orthopara.store\/index.php\/produit\/lait-corporel-toucher-soyeux-loramel-ureave-250ml\/","og_site_name":"OrthoPara","article_publisher":"https:\/\/www.facebook.com\/profile.php?id=61561194315651","article_modified_time":"2024-06-28T13:52:08+00:00","og_image":[{"width":800,"height":800,"url":"https:\/\/orthopara.store\/wp-content\/uploads\/2024\/06\/lait-corporel-toucher-soyeux-l-oramel-ureave-250ml.jpg","type":"image\/jpeg"}],"twitter_card":"summary_large_image","twitter_misc":{"Dur\u00e9e de lecture estim\u00e9e":"1 minute"},"schema":{"@context":"https:\/\/schema.org","@graph":[{"@type":"WebPage","@id":"https:\/\/orthopara.store\/index.php\/produit\/lait-corporel-toucher-soyeux-loramel-ureave-250ml\/","url":"https:\/\/orthopara.store\/index.php\/produit\/lait-corporel-toucher-soyeux-loramel-ureave-250ml\/","name":"Lait corporel toucher soyeux - L'Oramel Ureave - 250ml - OrthoPara","isPartOf":{"@id":"https:\/\/orthopara.store\/#website"},"primaryImageOfPage":{"@id":"https:\/\/orthopara.store\/index.php\/produit\/lait-corporel-toucher-soyeux-loramel-ureave-250ml\/#primaryimage"},"image":{"@id":"https:\/\/orthopara.store\/index.php\/produit\/lait-corporel-toucher-soyeux-loramel-ureave-250ml\/#primaryimage"},"thumbnailUrl":"https:\/\/orthopara.store\/wp-content\/uploads\/2024\/06\/lait-corporel-toucher-soyeux-l-oramel-ureave-250ml.jpg","datePublished":"2024-06-28T13:52:03+00:00","dateModified":"2024-06-28T13:52:08+00:00","breadcrumb":{"@id":"https:\/\/orthopara.store\/index.php\/produit\/lait-corporel-toucher-soyeux-loramel-ureave-250ml\/#breadcrumb"},"inLanguage":"fr-FR","potentialAction":[{"@type":"ReadAction","target":["https:\/\/orthopara.store\/index.php\/produit\/lait-corporel-toucher-soyeux-loramel-ureave-250ml\/"]}]},{"@type":"ImageObject","inLanguage":"fr-FR","@id":"https:\/\/orthopara.store\/index.php\/produit\/lait-corporel-toucher-soyeux-loramel-ureave-250ml\/#primaryimage","url":"https:\/\/orthopara.store\/wp-content\/uploads\/2024\/06\/lait-corporel-toucher-soyeux-l-oramel-ureave-250ml.jpg","contentUrl":"https:\/\/orthopara.store\/wp-content\/uploads\/2024\/06\/lait-corporel-toucher-soyeux-l-oramel-ureave-250ml.jpg","width":800,"height":800},{"@type":"BreadcrumbList","@id":"https:\/\/orthopara.store\/index.php\/produit\/lait-corporel-toucher-soyeux-loramel-ureave-250ml\/#breadcrumb","itemListElement":[{"@type":"ListItem","position":1,"name":"Accueil","item":"https:\/\/orthopara.store\/"},{"@type":"ListItem","position":2,"name":"Shop","item":"https:\/\/orthopara.store\/?page_id=622"},{"@type":"ListItem","position":3,"name":"Lait corporel toucher soyeux &#8211; L&rsquo;Oramel Ureave &#8211; 250ml"}]},{"@type":"WebSite","@id":"https:\/\/orthopara.store\/#website","url":"https:\/\/orthopara.store\/","name":"OrthoPara","description":"Parapharmacie","publisher":{"@id":"https:\/\/orthopara.store\/#organization"},"potentialAction":[{"@type":"SearchAction","target":{"@type":"EntryPoint","urlTemplate":"https:\/\/orthopara.store\/?s={search_term_string}"},"query-input":"required name=search_term_string"}],"inLanguage":"fr-FR"},{"@type":"Organization","@id":"https:\/\/orthopara.store\/#organization","name":"OrthoPara","url":"https:\/\/orthopara.store\/","logo":{"@type":"ImageObject","inLanguage":"fr-FR","@id":"https:\/\/orthopara.store\/#\/schema\/logo\/image\/","url":"https:\/\/orthopara.store\/wp-content\/uploads\/2024\/06\/cropped-9ABA8BAD-6256-4719-9315-15C66E64E882.png","contentUrl":"https:\/\/orthopara.store\/wp-content\/uploads\/2024\/06\/cropped-9ABA8BAD-6256-4719-9315-15C66E64E882.png","width":240,"height":72,"caption":"OrthoPara"},"image":{"@id":"https:\/\/orthopara.store\/#\/schema\/logo\/image\/"},"sameAs":["https:\/\/www.facebook.com\/profile.php?id=61561194315651","https:\/\/www.instagram.com\/orthopara_tunisie\/"]}]}},"jetpack_sharing_enabled":true,"brands":[{"id":71,"name":"L'Oramel","slug":"loramel"}],"_links":{"self":[{"href":"https:\/\/orthopara.store\/index.php?rest_route=\/wp\/v2\/product\/1180","targetHints":{"allow":["GET"]}}],"collection":[{"href":"https:\/\/orthopara.store\/index.php?rest_route=\/wp\/v2\/product"}],"about":[{"href":"https:\/\/orthopara.store\/index.php?rest_route=\/wp\/v2\/types\/product"}],"replies":[{"embeddable":true,"href":"https:\/\/orthopara.store\/index.php?rest_route=%2Fwp%2Fv2%2Fcomments&post=1180"}],"wp:featuredmedia":[{"embeddable":true,"href":"https:\/\/orthopara.store\/index.php?rest_route=\/wp\/v2\/media\/1195"}],"wp:attachment":[{"href":"https:\/\/orthopara.store\/index.php?rest_route=%2Fwp%2Fv2%2Fmedia&parent=1180"}],"wp:term":[{"taxonomy":"pwb-brand","embeddable":true,"href":"https:\/\/orthopara.store\/index.php?rest_route=%2Fwp%2Fv2%2Fpwb-brand&post=1180"},{"taxonomy":"product_cat","embeddable":true,"href":"https:\/\/orthopara.store\/index.php?rest_route=%2Fwp%2Fv2%2Fproduct_cat&post=1180"},{"taxonomy":"product_tag","embeddable":true,"href":"https:\/\/orthopara.store\/index.php?rest_route=%2Fwp%2Fv2%2Fproduct_tag&post=1180"}],"curies":[{"name":"wp","href":"https:\/\/api.w.org\/{rel}","templated":true}]}}