{"id":1181,"date":"2024-06-28T15:52:03","date_gmt":"2024-06-28T13:52:03","guid":{"rendered":"https:\/\/orthopara.store\/?post_type=product&#038;p=1181"},"modified":"2024-11-07T09:46:38","modified_gmt":"2024-11-07T08:46:38","slug":"brume-tonifiante-hydratante-natura-siberica-blueberry-100ml","status":"publish","type":"product","link":"https:\/\/orthopara.store\/?product=brume-tonifiante-hydratante-natura-siberica-blueberry-100ml","title":{"rendered":"Brume tonifiante hydratante &#8211; Natura Siberica Blueberry &#8211; 100ml"},"content":{"rendered":"<p>Si vous voulez une peau parfaitement propre, fra\u00eeche et lisse qui se d\u00e9lecte d&rsquo;\u00e9clat jour apr\u00e8s jour, ce tonique anti-ox wild blueberry est fait pour vous.<br \/>\nCaract\u00e9ristiques du produit\u00a0:<br \/>\n\u00b7\u00a0\u00a0\u00a0\u00a0\u00a0\u00a0\u00a0\u00a0 restaure le PH naturel de la peau<br \/>\n\u00b7\u00a0\u00a0\u00a0\u00a0\u00a0\u00a0\u00a0\u00a0 hydrate parfaitement<br \/>\n\u00b7\u00a0\u00a0\u00a0\u00a0\u00a0\u00a0\u00a0\u00a0 restaure la fraicheur et l\u2019\u00e9clat naturel de la peau<br \/>\n\u00b7\u00a0\u00a0\u00a0\u00a0\u00a0\u00a0\u00a0\u00a0 effet anti-oxyadant<br \/>\nMode d\u2019application\u00a0:<br \/>\nVaporisez une quantit\u00e9 suffisante de produit sur votre visage. Sans rin\u00e7age.<br \/>\nComposition du produit\u00a0:<br \/>\nLes myrtilles volcaniques sauvages r\u00e9colt\u00e9es dans la ta\u00efga froide et inaccessible contiennent d&rsquo;\u00e9normes quantit\u00e9s d&rsquo;antioxydants pr\u00e9cieux &#8211; les anthocyanes, qui r\u00e9g\u00e9n\u00e8rent l&rsquo;\u00e9piderme, am\u00e9liorent le teint et l&rsquo;\u00e9lasticit\u00e9 de la peau. L&rsquo;acide hyaluronique hydrate et pr\u00e9vient la formation des rides. La vitamine B5 est un v\u00e9ritable super-h\u00e9ros parmi les vitamines B car elle resserre et lisse magnifiquement la surface de la peau<br \/>\nproduit v\u00e9g\u00e9talien\u00a0<\/p>\n","protected":false},"excerpt":{"rendered":"<p>Natura siberica anti-ox wild blueberry<br \/>\nBrume tonifiante hydratante<br \/>\nHydrate parfaitement la peau et la lisse en m\u00eame temps.<br \/>\n100ml<\/p>\n","protected":false},"featured_media":1196,"comment_status":"open","ping_status":"closed","template":"","meta":[],"pwb-brand":[58],"product_cat":[143],"product_tag":[],"class_list":{"0":"post-1181","1":"product","2":"type-product","3":"status-publish","4":"has-post-thumbnail","6":"pwb-brand-natura-siberica","7":"product_cat-soins-hydratation","8":"post","9":"ws-product--style-1","11":"first","12":"instock","13":"shipping-taxable","14":"purchasable","15":"product-type-simple"},"yoast_head":"<!-- This site is optimized with the Yoast SEO plugin v23.0 - https:\/\/yoast.com\/wordpress\/plugins\/seo\/ -->\n<title>Brume tonifiante hydratante - Natura Siberica Blueberry - 100ml - OrthoPara<\/title>\n<meta name=\"robots\" content=\"index, follow, max-snippet:-1, max-image-preview:large, max-video-preview:-1\" \/>\n<link rel=\"canonical\" href=\"https:\/\/orthopara.store\/index.php\/produit\/brume-tonifiante-hydratante-natura-siberica-blueberry-100ml\/\" \/>\n<meta property=\"og:locale\" content=\"fr_FR\" \/>\n<meta property=\"og:type\" content=\"article\" \/>\n<meta property=\"og:title\" content=\"Brume tonifiante hydratante - Natura Siberica Blueberry - 100ml - OrthoPara\" \/>\n<meta property=\"og:description\" content=\"Natura siberica anti-ox wild blueberry Brume tonifiante hydratante Hydrate parfaitement la peau et la lisse en m\u00eame temps. 100ml\" \/>\n<meta property=\"og:url\" content=\"https:\/\/orthopara.store\/index.php\/produit\/brume-tonifiante-hydratante-natura-siberica-blueberry-100ml\/\" \/>\n<meta property=\"og:site_name\" content=\"OrthoPara\" \/>\n<meta property=\"article:publisher\" content=\"https:\/\/www.facebook.com\/profile.php?id=61561194315651\" \/>\n<meta property=\"article:modified_time\" content=\"2024-11-07T08:46:38+00:00\" \/>\n<meta property=\"og:image\" content=\"https:\/\/orthopara.store\/wp-content\/uploads\/2024\/06\/brume-tonifiante-hydratante-natura-siberica-blueberry-100ml.jpg\" \/>\n\t<meta property=\"og:image:width\" content=\"800\" \/>\n\t<meta property=\"og:image:height\" content=\"800\" \/>\n\t<meta property=\"og:image:type\" content=\"image\/jpeg\" \/>\n<meta name=\"twitter:card\" content=\"summary_large_image\" \/>\n<meta name=\"twitter:label1\" content=\"Dur\u00e9e de lecture estim\u00e9e\" \/>\n\t<meta name=\"twitter:data1\" content=\"1 minute\" \/>\n<script type=\"application\/ld+json\" class=\"yoast-schema-graph\">{\"@context\":\"https:\/\/schema.org\",\"@graph\":[{\"@type\":\"WebPage\",\"@id\":\"https:\/\/orthopara.store\/index.php\/produit\/brume-tonifiante-hydratante-natura-siberica-blueberry-100ml\/\",\"url\":\"https:\/\/orthopara.store\/index.php\/produit\/brume-tonifiante-hydratante-natura-siberica-blueberry-100ml\/\",\"name\":\"Brume tonifiante hydratante - Natura Siberica Blueberry - 100ml - OrthoPara\",\"isPartOf\":{\"@id\":\"https:\/\/orthopara.store\/#website\"},\"primaryImageOfPage\":{\"@id\":\"https:\/\/orthopara.store\/index.php\/produit\/brume-tonifiante-hydratante-natura-siberica-blueberry-100ml\/#primaryimage\"},\"image\":{\"@id\":\"https:\/\/orthopara.store\/index.php\/produit\/brume-tonifiante-hydratante-natura-siberica-blueberry-100ml\/#primaryimage\"},\"thumbnailUrl\":\"https:\/\/orthopara.store\/wp-content\/uploads\/2024\/06\/brume-tonifiante-hydratante-natura-siberica-blueberry-100ml.jpg\",\"datePublished\":\"2024-06-28T13:52:03+00:00\",\"dateModified\":\"2024-11-07T08:46:38+00:00\",\"breadcrumb\":{\"@id\":\"https:\/\/orthopara.store\/index.php\/produit\/brume-tonifiante-hydratante-natura-siberica-blueberry-100ml\/#breadcrumb\"},\"inLanguage\":\"fr-FR\",\"potentialAction\":[{\"@type\":\"ReadAction\",\"target\":[\"https:\/\/orthopara.store\/index.php\/produit\/brume-tonifiante-hydratante-natura-siberica-blueberry-100ml\/\"]}]},{\"@type\":\"ImageObject\",\"inLanguage\":\"fr-FR\",\"@id\":\"https:\/\/orthopara.store\/index.php\/produit\/brume-tonifiante-hydratante-natura-siberica-blueberry-100ml\/#primaryimage\",\"url\":\"https:\/\/orthopara.store\/wp-content\/uploads\/2024\/06\/brume-tonifiante-hydratante-natura-siberica-blueberry-100ml.jpg\",\"contentUrl\":\"https:\/\/orthopara.store\/wp-content\/uploads\/2024\/06\/brume-tonifiante-hydratante-natura-siberica-blueberry-100ml.jpg\",\"width\":800,\"height\":800},{\"@type\":\"BreadcrumbList\",\"@id\":\"https:\/\/orthopara.store\/index.php\/produit\/brume-tonifiante-hydratante-natura-siberica-blueberry-100ml\/#breadcrumb\",\"itemListElement\":[{\"@type\":\"ListItem\",\"position\":1,\"name\":\"Accueil\",\"item\":\"https:\/\/orthopara.store\/\"},{\"@type\":\"ListItem\",\"position\":2,\"name\":\"Shop\",\"item\":\"https:\/\/orthopara.store\/?page_id=622\"},{\"@type\":\"ListItem\",\"position\":3,\"name\":\"Brume tonifiante hydratante &#8211; Natura Siberica Blueberry &#8211; 100ml\"}]},{\"@type\":\"WebSite\",\"@id\":\"https:\/\/orthopara.store\/#website\",\"url\":\"https:\/\/orthopara.store\/\",\"name\":\"OrthoPara\",\"description\":\"Parapharmacie\",\"publisher\":{\"@id\":\"https:\/\/orthopara.store\/#organization\"},\"potentialAction\":[{\"@type\":\"SearchAction\",\"target\":{\"@type\":\"EntryPoint\",\"urlTemplate\":\"https:\/\/orthopara.store\/?s={search_term_string}\"},\"query-input\":\"required name=search_term_string\"}],\"inLanguage\":\"fr-FR\"},{\"@type\":\"Organization\",\"@id\":\"https:\/\/orthopara.store\/#organization\",\"name\":\"OrthoPara\",\"url\":\"https:\/\/orthopara.store\/\",\"logo\":{\"@type\":\"ImageObject\",\"inLanguage\":\"fr-FR\",\"@id\":\"https:\/\/orthopara.store\/#\/schema\/logo\/image\/\",\"url\":\"https:\/\/orthopara.store\/wp-content\/uploads\/2024\/06\/cropped-9ABA8BAD-6256-4719-9315-15C66E64E882.png\",\"contentUrl\":\"https:\/\/orthopara.store\/wp-content\/uploads\/2024\/06\/cropped-9ABA8BAD-6256-4719-9315-15C66E64E882.png\",\"width\":240,\"height\":72,\"caption\":\"OrthoPara\"},\"image\":{\"@id\":\"https:\/\/orthopara.store\/#\/schema\/logo\/image\/\"},\"sameAs\":[\"https:\/\/www.facebook.com\/profile.php?id=61561194315651\",\"https:\/\/www.instagram.com\/orthopara_tunisie\/\"]}]}<\/script>\n<!-- \/ Yoast SEO plugin. -->","yoast_head_json":{"title":"Brume tonifiante hydratante - Natura Siberica Blueberry - 100ml - OrthoPara","robots":{"index":"index","follow":"follow","max-snippet":"max-snippet:-1","max-image-preview":"max-image-preview:large","max-video-preview":"max-video-preview:-1"},"canonical":"https:\/\/orthopara.store\/index.php\/produit\/brume-tonifiante-hydratante-natura-siberica-blueberry-100ml\/","og_locale":"fr_FR","og_type":"article","og_title":"Brume tonifiante hydratante - Natura Siberica Blueberry - 100ml - OrthoPara","og_description":"Natura siberica anti-ox wild blueberry Brume tonifiante hydratante Hydrate parfaitement la peau et la lisse en m\u00eame temps. 100ml","og_url":"https:\/\/orthopara.store\/index.php\/produit\/brume-tonifiante-hydratante-natura-siberica-blueberry-100ml\/","og_site_name":"OrthoPara","article_publisher":"https:\/\/www.facebook.com\/profile.php?id=61561194315651","article_modified_time":"2024-11-07T08:46:38+00:00","og_image":[{"width":800,"height":800,"url":"https:\/\/orthopara.store\/wp-content\/uploads\/2024\/06\/brume-tonifiante-hydratante-natura-siberica-blueberry-100ml.jpg","type":"image\/jpeg"}],"twitter_card":"summary_large_image","twitter_misc":{"Dur\u00e9e de lecture estim\u00e9e":"1 minute"},"schema":{"@context":"https:\/\/schema.org","@graph":[{"@type":"WebPage","@id":"https:\/\/orthopara.store\/index.php\/produit\/brume-tonifiante-hydratante-natura-siberica-blueberry-100ml\/","url":"https:\/\/orthopara.store\/index.php\/produit\/brume-tonifiante-hydratante-natura-siberica-blueberry-100ml\/","name":"Brume tonifiante hydratante - Natura Siberica Blueberry - 100ml - OrthoPara","isPartOf":{"@id":"https:\/\/orthopara.store\/#website"},"primaryImageOfPage":{"@id":"https:\/\/orthopara.store\/index.php\/produit\/brume-tonifiante-hydratante-natura-siberica-blueberry-100ml\/#primaryimage"},"image":{"@id":"https:\/\/orthopara.store\/index.php\/produit\/brume-tonifiante-hydratante-natura-siberica-blueberry-100ml\/#primaryimage"},"thumbnailUrl":"https:\/\/orthopara.store\/wp-content\/uploads\/2024\/06\/brume-tonifiante-hydratante-natura-siberica-blueberry-100ml.jpg","datePublished":"2024-06-28T13:52:03+00:00","dateModified":"2024-11-07T08:46:38+00:00","breadcrumb":{"@id":"https:\/\/orthopara.store\/index.php\/produit\/brume-tonifiante-hydratante-natura-siberica-blueberry-100ml\/#breadcrumb"},"inLanguage":"fr-FR","potentialAction":[{"@type":"ReadAction","target":["https:\/\/orthopara.store\/index.php\/produit\/brume-tonifiante-hydratante-natura-siberica-blueberry-100ml\/"]}]},{"@type":"ImageObject","inLanguage":"fr-FR","@id":"https:\/\/orthopara.store\/index.php\/produit\/brume-tonifiante-hydratante-natura-siberica-blueberry-100ml\/#primaryimage","url":"https:\/\/orthopara.store\/wp-content\/uploads\/2024\/06\/brume-tonifiante-hydratante-natura-siberica-blueberry-100ml.jpg","contentUrl":"https:\/\/orthopara.store\/wp-content\/uploads\/2024\/06\/brume-tonifiante-hydratante-natura-siberica-blueberry-100ml.jpg","width":800,"height":800},{"@type":"BreadcrumbList","@id":"https:\/\/orthopara.store\/index.php\/produit\/brume-tonifiante-hydratante-natura-siberica-blueberry-100ml\/#breadcrumb","itemListElement":[{"@type":"ListItem","position":1,"name":"Accueil","item":"https:\/\/orthopara.store\/"},{"@type":"ListItem","position":2,"name":"Shop","item":"https:\/\/orthopara.store\/?page_id=622"},{"@type":"ListItem","position":3,"name":"Brume tonifiante hydratante &#8211; Natura Siberica Blueberry &#8211; 100ml"}]},{"@type":"WebSite","@id":"https:\/\/orthopara.store\/#website","url":"https:\/\/orthopara.store\/","name":"OrthoPara","description":"Parapharmacie","publisher":{"@id":"https:\/\/orthopara.store\/#organization"},"potentialAction":[{"@type":"SearchAction","target":{"@type":"EntryPoint","urlTemplate":"https:\/\/orthopara.store\/?s={search_term_string}"},"query-input":"required name=search_term_string"}],"inLanguage":"fr-FR"},{"@type":"Organization","@id":"https:\/\/orthopara.store\/#organization","name":"OrthoPara","url":"https:\/\/orthopara.store\/","logo":{"@type":"ImageObject","inLanguage":"fr-FR","@id":"https:\/\/orthopara.store\/#\/schema\/logo\/image\/","url":"https:\/\/orthopara.store\/wp-content\/uploads\/2024\/06\/cropped-9ABA8BAD-6256-4719-9315-15C66E64E882.png","contentUrl":"https:\/\/orthopara.store\/wp-content\/uploads\/2024\/06\/cropped-9ABA8BAD-6256-4719-9315-15C66E64E882.png","width":240,"height":72,"caption":"OrthoPara"},"image":{"@id":"https:\/\/orthopara.store\/#\/schema\/logo\/image\/"},"sameAs":["https:\/\/www.facebook.com\/profile.php?id=61561194315651","https:\/\/www.instagram.com\/orthopara_tunisie\/"]}]}},"jetpack_sharing_enabled":true,"brands":[{"id":58,"name":"NATURA SIBERICA","slug":"natura-siberica"}],"_links":{"self":[{"href":"https:\/\/orthopara.store\/index.php?rest_route=\/wp\/v2\/product\/1181","targetHints":{"allow":["GET"]}}],"collection":[{"href":"https:\/\/orthopara.store\/index.php?rest_route=\/wp\/v2\/product"}],"about":[{"href":"https:\/\/orthopara.store\/index.php?rest_route=\/wp\/v2\/types\/product"}],"replies":[{"embeddable":true,"href":"https:\/\/orthopara.store\/index.php?rest_route=%2Fwp%2Fv2%2Fcomments&post=1181"}],"wp:featuredmedia":[{"embeddable":true,"href":"https:\/\/orthopara.store\/index.php?rest_route=\/wp\/v2\/media\/1196"}],"wp:attachment":[{"href":"https:\/\/orthopara.store\/index.php?rest_route=%2Fwp%2Fv2%2Fmedia&parent=1181"}],"wp:term":[{"taxonomy":"pwb-brand","embeddable":true,"href":"https:\/\/orthopara.store\/index.php?rest_route=%2Fwp%2Fv2%2Fpwb-brand&post=1181"},{"taxonomy":"product_cat","embeddable":true,"href":"https:\/\/orthopara.store\/index.php?rest_route=%2Fwp%2Fv2%2Fproduct_cat&post=1181"},{"taxonomy":"product_tag","embeddable":true,"href":"https:\/\/orthopara.store\/index.php?rest_route=%2Fwp%2Fv2%2Fproduct_tag&post=1181"}],"curies":[{"name":"wp","href":"https:\/\/api.w.org\/{rel}","templated":true}]}}